{"id":10993,"date":"2024-05-28T15:42:52","date_gmt":"2024-05-28T15:42:52","guid":{"rendered":"https:\/\/www.martinsdelima.com\/jose-manuel-diez-quintanilla\/"},"modified":"2026-02-08T20:03:14","modified_gmt":"2026-02-08T20:03:14","slug":"jose-manuel-diez-quintanilla","status":"publish","type":"page","link":"https:\/\/www.martinsdelima.com\/en\/jose-manuel-diez-quintanilla\/","title":{"rendered":"Jos\u00e9 Manuel D\u00edez Quintanilla"},"content":{"rendered":"\t\t<div data-elementor-type=\"wp-page\" data-elementor-id=\"10993\" class=\"elementor elementor-10993 elementor-5176\" data-elementor-post-type=\"page\">\n\t\t\t\t\t\t<section class=\"elementor-section elementor-top-section elementor-element elementor-element-6b64e77 elementor-section-full_width elementor-section-content-middle elementor-section-height-default elementor-section-height-default\" data-id=\"6b64e77\" data-element_type=\"section\">\n\t\t\t\t\t\t<div class=\"elementor-container elementor-column-gap-no\">\n\t\t\t\t\t<div class=\"elementor-column elementor-col-50 elementor-top-column elementor-element elementor-element-2f20990f\" data-id=\"2f20990f\" data-element_type=\"column\">\n\t\t\t<div class=\"elementor-widget-wrap elementor-element-populated\">\n\t\t\t\t\t\t<div class=\"elementor-element elementor-element-c161bd7 elementor-widget elementor-widget-image\" data-id=\"c161bd7\" data-element_type=\"widget\" data-widget_type=\"image.default\">\n\t\t\t\t<div class=\"elementor-widget-container\">\n\t\t\t\t\t\t\t\t\t\t\t\t\t\t\t<img data-opt-id=1912277319  fetchpriority=\"high\" decoding=\"async\" src=\"https:\/\/mligy6wbr5rs.i.optimole.com\/w:400\/h:434\/q:mauto\/f:best\/https:\/\/www.martinsdelima.com\/wp-content\/uploads\/2024\/05\/foto-2-jmdq-1-scaled-e1762287611855.jpg\" title=\"foto 2 jmdq\" alt=\"foto 2 jmdq\" loading=\"lazy\" \/>\t\t\t\t\t\t\t\t\t\t\t\t\t\t\t<\/div>\n\t\t\t\t<\/div>\n\t\t\t\t\t<\/div>\n\t\t<\/div>\n\t\t\t\t<div class=\"elementor-column elementor-col-50 elementor-top-column elementor-element elementor-element-0a5a329\" data-id=\"0a5a329\" data-element_type=\"column\">\n\t\t\t<div class=\"elementor-widget-wrap elementor-element-populated\">\n\t\t\t\t\t\t<div class=\"elementor-element elementor-element-227156f elementor-widget elementor-widget-heading\" data-id=\"227156f\" data-element_type=\"widget\" data-widget_type=\"heading.default\">\n\t\t\t\t<div class=\"elementor-widget-container\">\n\t\t\t\t\t<h2 class=\"elementor-heading-title elementor-size-default\">Jos\u00e9 Manuel D\u00edez Quintanilla<\/h2>\t\t\t\t<\/div>\n\t\t\t\t<\/div>\n\t\t\t\t<div class=\"elementor-element elementor-element-83c9a28 elementor-widget elementor-widget-text-editor\" data-id=\"83c9a28\" data-element_type=\"widget\" data-widget_type=\"text-editor.default\">\n\t\t\t\t<div class=\"elementor-widget-container\">\n\t\t\t\t\t\t\t\t\t<p><strong>Jos\u00e9 Manuel D\u00edez Quintanilla<\/strong> is an expert in Media and Public Administrations. <\/p><p class=\"xxmsonormal\">Since 2020, Jos\u00e9 Manuel D\u00edez Quintanilla has been the director of the DQ Advisors consultancy and a specialist in the Media sector and in relations with Public Administrations. <o:p><\/o:p><\/p><p class=\"xxmsonormal\">His main responsibilities during his more than 35 years of professional experience have been as managing director of the El Mundo newspaper and the written media of Unidad Editorial, CEO of the Intereconom\u00eda Group, and general secretary of the Tragsa Group.<o:p><\/o:p><\/p><p class=\"xxmsonormal\">He completed his law degree with an MBA from IESE.<o:p><\/o:p><\/p><p><\/p><p class=\"xxmsonormal\">In his professional career, he has been involved in projects mainly related to business expansion and development, global transformation and cultural change, and internationalization. <o:p><\/o:p><\/p><p><style>@font-face<br\/>\t{font-family:\"Cambria Math\";<br\/>\tpanose-1:2 4 5 3 5 4 6 3 2 4;<br\/>\tmso-font-charset:0;<br\/>\tmso-generic-font-family:roman;<br\/>\tmso-font-pitch:variable;<br\/>\tmso-font-signature:-536870145 1107305727 0 0 415 0;}@font-face<br\/>\t{font-family:Calibri;<br\/>\tpanose-1:2 15 5 2 2 2 4 3 2 4;<br\/>\tmso-font-charset:0;<br\/>\tmso-generic-font-family:swiss;<br\/>\tmso-font-pitch:variable;<br\/>\tmso-font-signature:-536859905 -1073732485 9 0 511 0;}@font-face<br\/>\t{font-family:\"AvantGarde Bk BT\";<br\/>\tpanose-1:2 11 6 4 2 2 2 2 2 4;<br\/>\tmso-font-alt:\"Avenir Light\";<br\/>\tmso-font-charset:0;<br\/>\tmso-generic-font-family:swiss;<br\/>\tmso-font-pitch:variable;<br\/>\tmso-font-signature:135 0 0 0 27 0;}p.MsoNormal, li.MsoNormal, div.MsoNormal<br\/>\t{mso-style-unhide:no;<br\/>\tmso-style-qformat:yes;<br\/>\tmso-style-parent:\"\";<br\/>\tmargin-top:0cm;<br\/>\tmargin-right:0cm;<br\/>\tmargin-bottom:8.0pt;<br\/>\tmargin-left:0cm;<br\/>\tline-height:107%;<br\/>\tmso-pagination:widow-orphan;<br\/>\tfont-size:11.0pt;<br\/>\tfont-family:\"Calibri\",sans-serif;<br\/>\tmso-ascii-font-family:Calibri;<br\/>\tmso-ascii-theme-font:minor-latin;<br\/>\tmso-fareast-font-family:Calibri;<br\/>\tmso-fareast-theme-font:minor-latin;<br\/>\tmso-hansi-font-family:Calibri;<br\/>\tmso-hansi-theme-font:minor-latin;<br\/>\tmso-bidi-font-family:\"Times New Roman\";<br\/>\tmso-bidi-theme-font:minor-bidi;<br\/>\tmso-fareast-language:EN-US;}.MsoChpDefault<br\/>\t{mso-style-type:export-only;<br\/>\tmso-default-props:yes;<br\/>\tfont-size:11.0pt;<br\/>\tmso-ansi-font-size:11.0pt;<br\/>\tmso-bidi-font-size:11.0pt;<br\/>\tfont-family:\"Calibri\",sans-serif;<br\/>\tmso-ascii-font-family:Calibri;<br\/>\tmso-ascii-theme-font:minor-latin;<br\/>\tmso-fareast-font-family:Calibri;<br\/>\tmso-fareast-theme-font:minor-latin;<br\/>\tmso-hansi-font-family:Calibri;<br\/>\tmso-hansi-theme-font:minor-latin;<br\/>\tmso-bidi-font-family:\"Times New Roman\";<br\/>\tmso-bidi-theme-font:minor-bidi;<br\/>\tmso-fareast-language:EN-US;}.MsoPapDefault<br\/>\t{mso-style-type:export-only;<br\/>\tmargin-bottom:8.0pt;<br\/>\tline-height:107%;}div.WordSection1<br\/>\t{page:WordSection1;}<\/style><\/p><p><\/p><p style=\"margin-bottom: 18.0pt;\"><b><i style=\"mso-bidi-font-style: normal;\"><span style=\"font-size: 12.0pt; line-height: 107%; font-family: 'AvantGarde Bk BT',sans-serif;\"> <\/span><\/i><\/b><\/p><p><style>@font-face<br\/>\t{font-family:\"Cambria Math\";<br\/>\tpanose-1:2 4 5 3 5 4 6 3 2 4;<br\/>\tmso-font-charset:0;<br\/>\tmso-generic-font-family:roman;<br\/>\tmso-font-pitch:variable;<br\/>\tmso-font-signature:-536870145 1107305727 0 0 415 0;}@font-face<br\/>\t{font-family:Calibri;<br\/>\tpanose-1:2 15 5 2 2 2 4 3 2 4;<br\/>\tmso-font-charset:0;<br\/>\tmso-generic-font-family:swiss;<br\/>\tmso-font-pitch:variable;<br\/>\tmso-font-signature:-536859905 -1073732485 9 0 511 0;}@font-face<br\/>\t{font-family:\"AvantGarde Bk BT\";<br\/>\tpanose-1:2 11 6 4 2 2 2 2 2 4;<br\/>\tmso-font-alt:\"Avenir Light\";<br\/>\tmso-font-charset:0;<br\/>\tmso-generic-font-family:swiss;<br\/>\tmso-font-pitch:variable;<br\/>\tmso-font-signature:135 0 0 0 27 0;}p.MsoNormal, li.MsoNormal, div.MsoNormal<br\/>\t{mso-style-unhide:no;<br\/>\tmso-style-qformat:yes;<br\/>\tmso-style-parent:\"\";<br\/>\tmargin-top:0cm;<br\/>\tmargin-right:0cm;<br\/>\tmargin-bottom:8.0pt;<br\/>\tmargin-left:0cm;<br\/>\tline-height:107%;<br\/>\tmso-pagination:widow-orphan;<br\/>\tfont-size:11.0pt;<br\/>\tfont-family:\"Calibri\",sans-serif;<br\/>\tmso-ascii-font-family:Calibri;<br\/>\tmso-ascii-theme-font:minor-latin;<br\/>\tmso-fareast-font-family:Calibri;<br\/>\tmso-fareast-theme-font:minor-latin;<br\/>\tmso-hansi-font-family:Calibri;<br\/>\tmso-hansi-theme-font:minor-latin;<br\/>\tmso-bidi-font-family:\"Times New Roman\";<br\/>\tmso-bidi-theme-font:minor-bidi;<br\/>\tmso-fareast-language:EN-US;}.MsoChpDefault<br\/>\t{mso-style-type:export-only;<br\/>\tmso-default-props:yes;<br\/>\tfont-size:11.0pt;<br\/>\tmso-ansi-font-size:11.0pt;<br\/>\tmso-bidi-font-size:11.0pt;<br\/>\tfont-family:\"Calibri\",sans-serif;<br\/>\tmso-ascii-font-family:Calibri;<br\/>\tmso-ascii-theme-font:minor-latin;<br\/>\tmso-fareast-font-family:Calibri;<br\/>\tmso-fareast-theme-font:minor-latin;<br\/>\tmso-hansi-font-family:Calibri;<br\/>\tmso-hansi-theme-font:minor-latin;<br\/>\tmso-bidi-font-family:\"Times New Roman\";<br\/>\tmso-bidi-theme-font:minor-bidi;<br\/>\tmso-fareast-language:EN-US;}.MsoPapDefault<br\/>\t{mso-style-type:export-only;<br\/>\tmargin-bottom:8.0pt;<br\/>\tline-height:107%;}div.WordSection1<br\/>\t{page:WordSection1;}<\/style><\/p><div style=\"all: initial;\" class=\"notranslate\"><\/div>\t\t\t\t\t\t\t\t<\/div>\n\t\t\t\t<\/div>\n\t\t\t\t<div class=\"elementor-element elementor-element-5148c1b elementor-position-left elementor-view-default elementor-mobile-position-top elementor-widget elementor-widget-icon-box\" data-id=\"5148c1b\" data-element_type=\"widget\" data-widget_type=\"icon-box.default\">\n\t\t\t\t<div class=\"elementor-widget-container\">\n\t\t\t\t\t\t\t<div class=\"elementor-icon-box-wrapper\">\n\n\t\t\t\t\t\t<div class=\"elementor-icon-box-icon\">\n\t\t\t\t<a href=\"mailto:josemanuel.diez@martinsdelima.com\u200b\" class=\"elementor-icon\" tabindex=\"-1\">\n\t\t\t\t<svg xmlns:inkscape=\"http:\/\/www.inkscape.org\/namespaces\/inkscape\" xmlns:rdf=\"http:\/\/www.w3.org\/1999\/02\/22-rdf-syntax-ns#\" xmlns=\"http:\/\/www.w3.org\/2000\/svg\" xmlns:dc=\"http:\/\/purl.org\/dc\/elements\/1.1\/\" xmlns:ns1=\"http:\/\/sozi.baierouge.fr\" xmlns:cc=\"http:\/\/web.resource.org\/cc\/\" xmlns:xlink=\"http:\/\/www.w3.org\/1999\/xlink\" xmlns:sodipodi=\"http:\/\/sodipodi.sourceforge.net\/DTD\/sodipodi-0.dtd\" id=\"svg1\" viewBox=\"0 0 60 60\" y=\"0\" x=\"0\"><path id=\"path1721\" style=\"stroke-linejoin:round;stroke:#ffffff;stroke-linecap:round;stroke-width:10;fill:none\" d=\"m5.6238 15.659h48.752v28.682h-48.752l-0.0002-28.682z\"><\/path><g id=\"g1717\" transform=\"matrix(.94142 0 0 .93932 1.3731 1.2806)\"><path id=\"path589\" style=\"stroke-linejoin:round;fill-rule:evenodd;stroke:#000000;stroke-linecap:round;stroke-width:30.501;fill:#ffffff\" d=\"m69.819 119.6h303.75v171.31h-303.75l-0.001-171.31z\" transform=\"matrix(.17049 0 0 .17824 -7.3882 -6.0097)\"><\/path><path id=\"path590\" style=\"stroke-linejoin:round;stroke:#000000;stroke-linecap:round;stroke-width:19.063;fill:none\" transform=\"matrix(.17049 0 0 .17824 -7.3882 -6.0097)\" d=\"m69.819 119.6l150.12 90.41 153.63-90.41\"><\/path><\/g><metadata><\/metadata><\/svg>\t\t\t\t<\/a>\n\t\t\t<\/div>\n\t\t\t\n\t\t\t\t\t\t<div class=\"elementor-icon-box-content\">\n\n\t\t\t\t\n\t\t\t\t\t\t\t\t\t<p class=\"elementor-icon-box-description\">\n\t\t\t\t\t\tjosemanuel.diez@martinsdelima.com\t\t\t\t\t<\/p>\n\t\t\t\t\n\t\t\t<\/div>\n\t\t\t\n\t\t<\/div>\n\t\t\t\t\t\t<\/div>\n\t\t\t\t<\/div>\n\t\t\t\t<div class=\"elementor-element elementor-element-6315c56 elementor-widget elementor-widget-button\" data-id=\"6315c56\" data-element_type=\"widget\" data-widget_type=\"button.default\">\n\t\t\t\t<div class=\"elementor-widget-container\">\n\t\t\t\t\t\t\t\t\t<div class=\"elementor-button-wrapper\">\n\t\t\t\t\t<a class=\"elementor-button elementor-button-link elementor-size-sm\" href=\"http:\/\/www.martinsdelima.com\/equipo\/\">\n\t\t\t\t\t\t<span class=\"elementor-button-content-wrapper\">\n\t\t\t\t\t\t\t\t\t<span class=\"elementor-button-text\">Back<\/span>\n\t\t\t\t\t<\/span>\n\t\t\t\t\t<\/a>\n\t\t\t\t<\/div>\n\t\t\t\t\t\t\t\t<\/div>\n\t\t\t\t<\/div>\n\t\t\t\t\t<\/div>\n\t\t<\/div>\n\t\t\t\t\t<\/div>\n\t\t<\/section>\n\t\t\t\t<\/div>\n\t\t","protected":false},"excerpt":{"rendered":"<p>Jos\u00e9 Manuel D\u00edez Quintanilla Jos\u00e9 Manuel D\u00edez Quintanilla is an expert in Media and Public Administrations. Since 2020, Jos\u00e9 Manuel D\u00edez Quintanilla has been the director of the DQ Advisors consultancy and a specialist in the Media sector and in relations with Public Administrations. His main responsibilities during his more [&hellip;]<\/p>\n","protected":false},"author":1,"featured_media":0,"parent":0,"menu_order":0,"comment_status":"closed","ping_status":"closed","template":"page-templates\/template-pagebuilder-full-width.php","meta":{"footnotes":""},"class_list":["post-10993","page","type-page","status-publish","hentry"],"yoast_head":"<!-- This site is optimized with the Yoast SEO plugin v26.4 - https:\/\/yoast.com\/wordpress\/plugins\/seo\/ -->\n<title>Jos\u00e9 Manuel D\u00edez Quintanilla - Martinsdelima<\/title>\n<meta name=\"robots\" content=\"index, follow, max-snippet:-1, max-image-preview:large, max-video-preview:-1\" \/>\n<link rel=\"canonical\" href=\"https:\/\/www.martinsdelima.com\/en\/jose-manuel-diez-quintanilla\/\" \/>\n<meta property=\"og:locale\" content=\"en_US\" \/>\n<meta property=\"og:type\" content=\"article\" \/>\n<meta property=\"og:title\" content=\"Jos\u00e9 Manuel D\u00edez Quintanilla - Martinsdelima\" \/>\n<meta property=\"og:description\" content=\"Jos\u00e9 Manuel D\u00edez Quintanilla Jos\u00e9 Manuel D\u00edez Quintanilla is an expert in Media and Public Administrations. Since 2020, Jos\u00e9 Manuel D\u00edez Quintanilla has been the director of the DQ Advisors consultancy and a specialist in the Media sector and in relations with Public Administrations. His main responsibilities during his more [&hellip;]\" \/>\n<meta property=\"og:url\" content=\"https:\/\/www.martinsdelima.com\/en\/jose-manuel-diez-quintanilla\/\" \/>\n<meta property=\"og:site_name\" content=\"Martinsdelima\" \/>\n<meta property=\"article:modified_time\" content=\"2026-02-08T20:03:14+00:00\" \/>\n<meta property=\"og:image\" content=\"https:\/\/mligy6wbr5rs.i.optimole.com\/w:auto\/h:auto\/q:mauto\/f:best\/https:\/\/www.martinsdelima.com\/wp-content\/uploads\/elementor\/thumbs\/foto-2-jmdq-1-scaled-e1762287611855-re85t2jhxbfhscccoeashgyd0fngfhmu0mt9rgr9is.jpg\" \/>\n<meta name=\"twitter:card\" content=\"summary_large_image\" \/>\n<meta name=\"twitter:label1\" content=\"Est. reading time\" \/>\n\t<meta name=\"twitter:data1\" content=\"1 minute\" \/>\n<script type=\"application\/ld+json\" class=\"yoast-schema-graph\">{\"@context\":\"https:\/\/schema.org\",\"@graph\":[{\"@type\":\"WebPage\",\"@id\":\"https:\/\/www.martinsdelima.com\/en\/jose-manuel-diez-quintanilla\/\",\"url\":\"https:\/\/www.martinsdelima.com\/en\/jose-manuel-diez-quintanilla\/\",\"name\":\"Jos\u00e9 Manuel D\u00edez Quintanilla - Martinsdelima\",\"isPartOf\":{\"@id\":\"https:\/\/www.martinsdelima.com\/en\/#website\"},\"primaryImageOfPage\":{\"@id\":\"https:\/\/www.martinsdelima.com\/en\/jose-manuel-diez-quintanilla\/#primaryimage\"},\"image\":{\"@id\":\"https:\/\/www.martinsdelima.com\/en\/jose-manuel-diez-quintanilla\/#primaryimage\"},\"thumbnailUrl\":\"https:\/\/mligy6wbr5rs.i.optimole.com\/w:auto\/h:auto\/q:mauto\/f:best\/https:\/\/www.martinsdelima.com\/wp-content\/uploads\/elementor\/thumbs\/foto-2-jmdq-1-scaled-e1762287611855-re85t2jhxbfhscccoeashgyd0fngfhmu0mt9rgr9is.jpg\",\"datePublished\":\"2024-05-28T15:42:52+00:00\",\"dateModified\":\"2026-02-08T20:03:14+00:00\",\"breadcrumb\":{\"@id\":\"https:\/\/www.martinsdelima.com\/en\/jose-manuel-diez-quintanilla\/#breadcrumb\"},\"inLanguage\":\"en-US\",\"potentialAction\":[{\"@type\":\"ReadAction\",\"target\":[\"https:\/\/www.martinsdelima.com\/en\/jose-manuel-diez-quintanilla\/\"]}]},{\"@type\":\"ImageObject\",\"inLanguage\":\"en-US\",\"@id\":\"https:\/\/www.martinsdelima.com\/en\/jose-manuel-diez-quintanilla\/#primaryimage\",\"url\":\"https:\/\/mligy6wbr5rs.i.optimole.com\/w:auto\/h:auto\/q:mauto\/f:best\/https:\/\/www.martinsdelima.com\/wp-content\/uploads\/elementor\/thumbs\/foto-2-jmdq-1-scaled-e1762287611855-re85t2jhxbfhscccoeashgyd0fngfhmu0mt9rgr9is.jpg\",\"contentUrl\":\"https:\/\/mligy6wbr5rs.i.optimole.com\/w:auto\/h:auto\/q:mauto\/f:best\/https:\/\/www.martinsdelima.com\/wp-content\/uploads\/elementor\/thumbs\/foto-2-jmdq-1-scaled-e1762287611855-re85t2jhxbfhscccoeashgyd0fngfhmu0mt9rgr9is.jpg\"},{\"@type\":\"BreadcrumbList\",\"@id\":\"https:\/\/www.martinsdelima.com\/en\/jose-manuel-diez-quintanilla\/#breadcrumb\",\"itemListElement\":[{\"@type\":\"ListItem\",\"position\":1,\"name\":\"Home\",\"item\":\"https:\/\/www.martinsdelima.com\/en\/inicio\/\"},{\"@type\":\"ListItem\",\"position\":2,\"name\":\"Jos\u00e9 Manuel D\u00edez Quintanilla\"}]},{\"@type\":\"WebSite\",\"@id\":\"https:\/\/www.martinsdelima.com\/en\/#website\",\"url\":\"https:\/\/www.martinsdelima.com\/en\/\",\"name\":\"Martinsdelima\",\"description\":\"Forensic&amp;Finance\",\"publisher\":{\"@id\":\"https:\/\/www.martinsdelima.com\/en\/#organization\"},\"potentialAction\":[{\"@type\":\"SearchAction\",\"target\":{\"@type\":\"EntryPoint\",\"urlTemplate\":\"https:\/\/www.martinsdelima.com\/en\/?s={search_term_string}\"},\"query-input\":{\"@type\":\"PropertyValueSpecification\",\"valueRequired\":true,\"valueName\":\"search_term_string\"}}],\"inLanguage\":\"en-US\"},{\"@type\":\"Organization\",\"@id\":\"https:\/\/www.martinsdelima.com\/en\/#organization\",\"name\":\"Martinsdelima\",\"url\":\"https:\/\/www.martinsdelima.com\/en\/\",\"logo\":{\"@type\":\"ImageObject\",\"inLanguage\":\"en-US\",\"@id\":\"https:\/\/www.martinsdelima.com\/en\/#\/schema\/logo\/image\/\",\"url\":\"https:\/\/mligy6wbr5rs.i.optimole.com\/w:auto\/h:auto\/q:mauto\/f:best\/https:\/\/www.martinsdelima.com\/wp-content\/uploads\/2025\/10\/martinsdelima-letras-claras-horizontal.png\",\"contentUrl\":\"https:\/\/mligy6wbr5rs.i.optimole.com\/w:auto\/h:auto\/q:mauto\/f:best\/https:\/\/www.martinsdelima.com\/wp-content\/uploads\/2025\/10\/martinsdelima-letras-claras-horizontal.png\",\"width\":1315,\"height\":217,\"caption\":\"Martinsdelima\"},\"image\":{\"@id\":\"https:\/\/www.martinsdelima.com\/en\/#\/schema\/logo\/image\/\"}}]}<\/script>\n<!-- \/ Yoast SEO plugin. -->","yoast_head_json":{"title":"Jos\u00e9 Manuel D\u00edez Quintanilla - Martinsdelima","robots":{"index":"index","follow":"follow","max-snippet":"max-snippet:-1","max-image-preview":"max-image-preview:large","max-video-preview":"max-video-preview:-1"},"canonical":"https:\/\/www.martinsdelima.com\/en\/jose-manuel-diez-quintanilla\/","og_locale":"en_US","og_type":"article","og_title":"Jos\u00e9 Manuel D\u00edez Quintanilla - Martinsdelima","og_description":"Jos\u00e9 Manuel D\u00edez Quintanilla Jos\u00e9 Manuel D\u00edez Quintanilla is an expert in Media and Public Administrations. Since 2020, Jos\u00e9 Manuel D\u00edez Quintanilla has been the director of the DQ Advisors consultancy and a specialist in the Media sector and in relations with Public Administrations. His main responsibilities during his more [&hellip;]","og_url":"https:\/\/www.martinsdelima.com\/en\/jose-manuel-diez-quintanilla\/","og_site_name":"Martinsdelima","article_modified_time":"2026-02-08T20:03:14+00:00","og_image":[{"url":"https:\/\/mligy6wbr5rs.i.optimole.com\/w:auto\/h:auto\/q:mauto\/f:best\/https:\/\/www.martinsdelima.com\/wp-content\/uploads\/elementor\/thumbs\/foto-2-jmdq-1-scaled-e1762287611855-re85t2jhxbfhscccoeashgyd0fngfhmu0mt9rgr9is.jpg","type":"","width":"","height":""}],"twitter_card":"summary_large_image","twitter_misc":{"Est. reading time":"1 minute"},"schema":{"@context":"https:\/\/schema.org","@graph":[{"@type":"WebPage","@id":"https:\/\/www.martinsdelima.com\/en\/jose-manuel-diez-quintanilla\/","url":"https:\/\/www.martinsdelima.com\/en\/jose-manuel-diez-quintanilla\/","name":"Jos\u00e9 Manuel D\u00edez Quintanilla - Martinsdelima","isPartOf":{"@id":"https:\/\/www.martinsdelima.com\/en\/#website"},"primaryImageOfPage":{"@id":"https:\/\/www.martinsdelima.com\/en\/jose-manuel-diez-quintanilla\/#primaryimage"},"image":{"@id":"https:\/\/www.martinsdelima.com\/en\/jose-manuel-diez-quintanilla\/#primaryimage"},"thumbnailUrl":"https:\/\/mligy6wbr5rs.i.optimole.com\/w:auto\/h:auto\/q:mauto\/f:best\/https:\/\/www.martinsdelima.com\/wp-content\/uploads\/elementor\/thumbs\/foto-2-jmdq-1-scaled-e1762287611855-re85t2jhxbfhscccoeashgyd0fngfhmu0mt9rgr9is.jpg","datePublished":"2024-05-28T15:42:52+00:00","dateModified":"2026-02-08T20:03:14+00:00","breadcrumb":{"@id":"https:\/\/www.martinsdelima.com\/en\/jose-manuel-diez-quintanilla\/#breadcrumb"},"inLanguage":"en-US","potentialAction":[{"@type":"ReadAction","target":["https:\/\/www.martinsdelima.com\/en\/jose-manuel-diez-quintanilla\/"]}]},{"@type":"ImageObject","inLanguage":"en-US","@id":"https:\/\/www.martinsdelima.com\/en\/jose-manuel-diez-quintanilla\/#primaryimage","url":"https:\/\/mligy6wbr5rs.i.optimole.com\/w:auto\/h:auto\/q:mauto\/f:best\/https:\/\/www.martinsdelima.com\/wp-content\/uploads\/elementor\/thumbs\/foto-2-jmdq-1-scaled-e1762287611855-re85t2jhxbfhscccoeashgyd0fngfhmu0mt9rgr9is.jpg","contentUrl":"https:\/\/mligy6wbr5rs.i.optimole.com\/w:auto\/h:auto\/q:mauto\/f:best\/https:\/\/www.martinsdelima.com\/wp-content\/uploads\/elementor\/thumbs\/foto-2-jmdq-1-scaled-e1762287611855-re85t2jhxbfhscccoeashgyd0fngfhmu0mt9rgr9is.jpg"},{"@type":"BreadcrumbList","@id":"https:\/\/www.martinsdelima.com\/en\/jose-manuel-diez-quintanilla\/#breadcrumb","itemListElement":[{"@type":"ListItem","position":1,"name":"Home","item":"https:\/\/www.martinsdelima.com\/en\/inicio\/"},{"@type":"ListItem","position":2,"name":"Jos\u00e9 Manuel D\u00edez Quintanilla"}]},{"@type":"WebSite","@id":"https:\/\/www.martinsdelima.com\/en\/#website","url":"https:\/\/www.martinsdelima.com\/en\/","name":"Martinsdelima","description":"Forensic&amp;Finance","publisher":{"@id":"https:\/\/www.martinsdelima.com\/en\/#organization"},"potentialAction":[{"@type":"SearchAction","target":{"@type":"EntryPoint","urlTemplate":"https:\/\/www.martinsdelima.com\/en\/?s={search_term_string}"},"query-input":{"@type":"PropertyValueSpecification","valueRequired":true,"valueName":"search_term_string"}}],"inLanguage":"en-US"},{"@type":"Organization","@id":"https:\/\/www.martinsdelima.com\/en\/#organization","name":"Martinsdelima","url":"https:\/\/www.martinsdelima.com\/en\/","logo":{"@type":"ImageObject","inLanguage":"en-US","@id":"https:\/\/www.martinsdelima.com\/en\/#\/schema\/logo\/image\/","url":"https:\/\/mligy6wbr5rs.i.optimole.com\/w:auto\/h:auto\/q:mauto\/f:best\/https:\/\/www.martinsdelima.com\/wp-content\/uploads\/2025\/10\/martinsdelima-letras-claras-horizontal.png","contentUrl":"https:\/\/mligy6wbr5rs.i.optimole.com\/w:auto\/h:auto\/q:mauto\/f:best\/https:\/\/www.martinsdelima.com\/wp-content\/uploads\/2025\/10\/martinsdelima-letras-claras-horizontal.png","width":1315,"height":217,"caption":"Martinsdelima"},"image":{"@id":"https:\/\/www.martinsdelima.com\/en\/#\/schema\/logo\/image\/"}}]}},"_links":{"self":[{"href":"https:\/\/www.martinsdelima.com\/en\/wp-json\/wp\/v2\/pages\/10993","targetHints":{"allow":["GET"]}}],"collection":[{"href":"https:\/\/www.martinsdelima.com\/en\/wp-json\/wp\/v2\/pages"}],"about":[{"href":"https:\/\/www.martinsdelima.com\/en\/wp-json\/wp\/v2\/types\/page"}],"author":[{"embeddable":true,"href":"https:\/\/www.martinsdelima.com\/en\/wp-json\/wp\/v2\/users\/1"}],"replies":[{"embeddable":true,"href":"https:\/\/www.martinsdelima.com\/en\/wp-json\/wp\/v2\/comments?post=10993"}],"version-history":[{"count":2,"href":"https:\/\/www.martinsdelima.com\/en\/wp-json\/wp\/v2\/pages\/10993\/revisions"}],"predecessor-version":[{"id":11004,"href":"https:\/\/www.martinsdelima.com\/en\/wp-json\/wp\/v2\/pages\/10993\/revisions\/11004"}],"wp:attachment":[{"href":"https:\/\/www.martinsdelima.com\/en\/wp-json\/wp\/v2\/media?parent=10993"}],"curies":[{"name":"wp","href":"https:\/\/api.w.org\/{rel}","templated":true}]}}