{"id":11091,"date":"2022-12-28T14:54:45","date_gmt":"2022-12-28T14:54:45","guid":{"rendered":"https:\/\/www.martinsdelima.com\/maria-lorenzo\/"},"modified":"2026-02-08T20:03:32","modified_gmt":"2026-02-08T20:03:32","slug":"maria-lorenzo","status":"publish","type":"page","link":"https:\/\/www.martinsdelima.com\/en\/maria-lorenzo\/","title":{"rendered":"Mar\u00eda Lorenzo"},"content":{"rendered":"\t\t<div data-elementor-type=\"wp-page\" data-elementor-id=\"11091\" class=\"elementor elementor-11091 elementor-1724\" data-elementor-post-type=\"page\">\n\t\t\t\t\t\t<section class=\"elementor-section elementor-top-section elementor-element elementor-element-6b64e77 elementor-section-full_width elementor-section-content-middle elementor-section-height-default elementor-section-height-default\" data-id=\"6b64e77\" data-element_type=\"section\">\n\t\t\t\t\t\t<div class=\"elementor-container elementor-column-gap-no\">\n\t\t\t\t\t<div class=\"elementor-column elementor-col-50 elementor-top-column elementor-element elementor-element-2f20990f\" data-id=\"2f20990f\" data-element_type=\"column\">\n\t\t\t<div class=\"elementor-widget-wrap elementor-element-populated\">\n\t\t\t\t\t\t<div class=\"elementor-element elementor-element-c161bd7 elementor-widget elementor-widget-image\" data-id=\"c161bd7\" data-element_type=\"widget\" data-widget_type=\"image.default\">\n\t\t\t\t<div class=\"elementor-widget-container\">\n\t\t\t\t\t\t\t\t\t\t\t\t\t\t\t<img data-opt-id=1071913684  fetchpriority=\"high\" decoding=\"async\" src=\"https:\/\/mligy6wbr5rs.i.optimole.com\/w:400\/h:434\/q:mauto\/f:best\/https:\/\/www.martinsdelima.com\/wp-content\/uploads\/2022\/12\/Loreno-e1762286602522.jpeg\" title=\"Loreno\" alt=\"Loreno\" loading=\"lazy\" \/>\t\t\t\t\t\t\t\t\t\t\t\t\t\t\t<\/div>\n\t\t\t\t<\/div>\n\t\t\t\t\t<\/div>\n\t\t<\/div>\n\t\t\t\t<div class=\"elementor-column elementor-col-50 elementor-top-column elementor-element elementor-element-0a5a329\" data-id=\"0a5a329\" data-element_type=\"column\">\n\t\t\t<div class=\"elementor-widget-wrap elementor-element-populated\">\n\t\t\t\t\t\t<div class=\"elementor-element elementor-element-227156f elementor-widget elementor-widget-heading\" data-id=\"227156f\" data-element_type=\"widget\" data-widget_type=\"heading.default\">\n\t\t\t\t<div class=\"elementor-widget-container\">\n\t\t\t\t\t<h2 class=\"elementor-heading-title elementor-size-default\">Mar\u00eda Lorenzo<\/h2>\t\t\t\t<\/div>\n\t\t\t\t<\/div>\n\t\t\t\t<div class=\"elementor-element elementor-element-83c9a28 elementor-widget elementor-widget-text-editor\" data-id=\"83c9a28\" data-element_type=\"widget\" data-widget_type=\"text-editor.default\">\n\t\t\t\t<div class=\"elementor-widget-container\">\n\t\t\t\t\t\t\t\t\t<p><span>As a consultant in Boards of Directors, mentor, and Business Angel, <\/span><strong style=\"font-size: inherit; word-spacing: var( --e-global-typography-text-word-spacing );\">Mar\u00eda Lorenzo<\/strong><span style=\"font-size: inherit; word-spacing: var( --e-global-typography-text-word-spacing );\"> brings to <\/span><strong style=\"font-size: inherit; word-spacing: var( --e-global-typography-text-word-spacing );\">martinsdelima<\/strong><span style=\"font-size: inherit; word-spacing: var( --e-global-typography-text-word-spacing );\"> an international and multicultural perspective with a 360\u00ba strategic vision, thanks to her professional career in the finance and payment systems industry.<\/span><\/p>\n<p><span>Mar\u00eda has more than 25 years of experience in senior management in the banking, fintech, travel, and entertainment industries, having worked in companies such as CIBG, AWASI, WiZInk, and AEViS Europe. These positions have provided her with leadership skills and an integrated business vision with full profit and loss management. She has extensive experience in marketing, strategic planning, and customer knowledge.   <\/span><\/p>\n<p><span>She holds a degree in International Relations &amp; Business in the United States and completed her academic training at IESE Business School (PDD Business) and ESADE (Board of Directors Program).<\/span><\/p>\t\t\t\t\t\t\t\t<\/div>\n\t\t\t\t<\/div>\n\t\t\t\t<div class=\"elementor-element elementor-element-5148c1b elementor-position-left elementor-view-default elementor-mobile-position-top elementor-widget elementor-widget-icon-box\" data-id=\"5148c1b\" data-element_type=\"widget\" data-widget_type=\"icon-box.default\">\n\t\t\t\t<div class=\"elementor-widget-container\">\n\t\t\t\t\t\t\t<div class=\"elementor-icon-box-wrapper\">\n\n\t\t\t\t\t\t<div class=\"elementor-icon-box-icon\">\n\t\t\t\t<a href=\"mailto:maria.lorenzo@martinsdelima.com\" class=\"elementor-icon\" tabindex=\"-1\">\n\t\t\t\t<svg xmlns:inkscape=\"http:\/\/www.inkscape.org\/namespaces\/inkscape\" xmlns:rdf=\"http:\/\/www.w3.org\/1999\/02\/22-rdf-syntax-ns#\" xmlns=\"http:\/\/www.w3.org\/2000\/svg\" xmlns:dc=\"http:\/\/purl.org\/dc\/elements\/1.1\/\" xmlns:ns1=\"http:\/\/sozi.baierouge.fr\" xmlns:cc=\"http:\/\/web.resource.org\/cc\/\" xmlns:xlink=\"http:\/\/www.w3.org\/1999\/xlink\" xmlns:sodipodi=\"http:\/\/sodipodi.sourceforge.net\/DTD\/sodipodi-0.dtd\" id=\"svg1\" viewBox=\"0 0 60 60\" y=\"0\" x=\"0\"><path id=\"path1721\" style=\"stroke-linejoin:round;stroke:#ffffff;stroke-linecap:round;stroke-width:10;fill:none\" d=\"m5.6238 15.659h48.752v28.682h-48.752l-0.0002-28.682z\"><\/path><g id=\"g1717\" transform=\"matrix(.94142 0 0 .93932 1.3731 1.2806)\"><path id=\"path589\" style=\"stroke-linejoin:round;fill-rule:evenodd;stroke:#000000;stroke-linecap:round;stroke-width:30.501;fill:#ffffff\" d=\"m69.819 119.6h303.75v171.31h-303.75l-0.001-171.31z\" transform=\"matrix(.17049 0 0 .17824 -7.3882 -6.0097)\"><\/path><path id=\"path590\" style=\"stroke-linejoin:round;stroke:#000000;stroke-linecap:round;stroke-width:19.063;fill:none\" transform=\"matrix(.17049 0 0 .17824 -7.3882 -6.0097)\" d=\"m69.819 119.6l150.12 90.41 153.63-90.41\"><\/path><\/g><metadata><\/metadata><\/svg>\t\t\t\t<\/a>\n\t\t\t<\/div>\n\t\t\t\n\t\t\t\t\t\t<div class=\"elementor-icon-box-content\">\n\n\t\t\t\t\n\t\t\t\t\t\t\t\t\t<p class=\"elementor-icon-box-description\">\n\t\t\t\t\t\tmaria.lorenzo@martinsdelima.com\t\t\t\t\t<\/p>\n\t\t\t\t\n\t\t\t<\/div>\n\t\t\t\n\t\t<\/div>\n\t\t\t\t\t\t<\/div>\n\t\t\t\t<\/div>\n\t\t\t\t<div class=\"elementor-element elementor-element-6315c56 elementor-widget elementor-widget-button\" data-id=\"6315c56\" data-element_type=\"widget\" data-widget_type=\"button.default\">\n\t\t\t\t<div class=\"elementor-widget-container\">\n\t\t\t\t\t\t\t\t\t<div class=\"elementor-button-wrapper\">\n\t\t\t\t\t<a class=\"elementor-button elementor-button-link elementor-size-sm\" href=\"http:\/\/www.martinsdelima.com\/equipo\/\">\n\t\t\t\t\t\t<span class=\"elementor-button-content-wrapper\">\n\t\t\t\t\t\t\t\t\t<span class=\"elementor-button-text\">Back<\/span>\n\t\t\t\t\t<\/span>\n\t\t\t\t\t<\/a>\n\t\t\t\t<\/div>\n\t\t\t\t\t\t\t\t<\/div>\n\t\t\t\t<\/div>\n\t\t\t\t\t<\/div>\n\t\t<\/div>\n\t\t\t\t\t<\/div>\n\t\t<\/section>\n\t\t\t\t<\/div>\n\t\t","protected":false},"excerpt":{"rendered":"<p>Mar\u00eda Lorenzo As a consultant in Boards of Directors, mentor, and Business Angel, Mar\u00eda Lorenzo brings to martinsdelima an international and multicultural perspective with a 360\u00ba strategic vision, thanks to her professional career in the finance and payment systems industry. Mar\u00eda has more than 25 years of experience in senior [&hellip;]<\/p>\n","protected":false},"author":1,"featured_media":0,"parent":0,"menu_order":0,"comment_status":"closed","ping_status":"closed","template":"page-templates\/template-pagebuilder-full-width.php","meta":{"footnotes":""},"class_list":["post-11091","page","type-page","status-publish","hentry"],"yoast_head":"<!-- This site is optimized with the Yoast SEO plugin v26.4 - https:\/\/yoast.com\/wordpress\/plugins\/seo\/ -->\n<title>Mar\u00eda Lorenzo - Martinsdelima<\/title>\n<meta name=\"robots\" content=\"index, follow, max-snippet:-1, max-image-preview:large, max-video-preview:-1\" \/>\n<link rel=\"canonical\" href=\"https:\/\/www.martinsdelima.com\/en\/maria-lorenzo\/\" \/>\n<meta property=\"og:locale\" content=\"en_US\" \/>\n<meta property=\"og:type\" content=\"article\" \/>\n<meta property=\"og:title\" content=\"Mar\u00eda Lorenzo - Martinsdelima\" \/>\n<meta property=\"og:description\" content=\"Mar\u00eda Lorenzo As a consultant in Boards of Directors, mentor, and Business Angel, Mar\u00eda Lorenzo brings to martinsdelima an international and multicultural perspective with a 360\u00ba strategic vision, thanks to her professional career in the finance and payment systems industry. Mar\u00eda has more than 25 years of experience in senior [&hellip;]\" \/>\n<meta property=\"og:url\" content=\"https:\/\/www.martinsdelima.com\/en\/maria-lorenzo\/\" \/>\n<meta property=\"og:site_name\" content=\"Martinsdelima\" \/>\n<meta property=\"article:modified_time\" content=\"2026-02-08T20:03:32+00:00\" \/>\n<meta property=\"og:image\" content=\"https:\/\/mligy6wbr5rs.i.optimole.com\/w:auto\/h:auto\/q:mauto\/f:best\/https:\/\/www.martinsdelima.com\/wp-content\/uploads\/elementor\/thumbs\/Loreno-e1762286602522-re852q4cdhd6dslziic83ma9mni3ow1o28kcj9thx0.jpeg\" \/>\n<meta name=\"twitter:card\" content=\"summary_large_image\" \/>\n<meta name=\"twitter:label1\" content=\"Est. reading time\" \/>\n\t<meta name=\"twitter:data1\" content=\"1 minute\" \/>\n<script type=\"application\/ld+json\" class=\"yoast-schema-graph\">{\"@context\":\"https:\/\/schema.org\",\"@graph\":[{\"@type\":\"WebPage\",\"@id\":\"https:\/\/www.martinsdelima.com\/en\/maria-lorenzo\/\",\"url\":\"https:\/\/www.martinsdelima.com\/en\/maria-lorenzo\/\",\"name\":\"Mar\u00eda Lorenzo - Martinsdelima\",\"isPartOf\":{\"@id\":\"https:\/\/www.martinsdelima.com\/en\/#website\"},\"primaryImageOfPage\":{\"@id\":\"https:\/\/www.martinsdelima.com\/en\/maria-lorenzo\/#primaryimage\"},\"image\":{\"@id\":\"https:\/\/www.martinsdelima.com\/en\/maria-lorenzo\/#primaryimage\"},\"thumbnailUrl\":\"https:\/\/mligy6wbr5rs.i.optimole.com\/w:auto\/h:auto\/q:mauto\/f:best\/https:\/\/www.martinsdelima.com\/wp-content\/uploads\/elementor\/thumbs\/Loreno-e1762286602522-re852q4cdhd6dslziic83ma9mni3ow1o28kcj9thx0.jpeg\",\"datePublished\":\"2022-12-28T14:54:45+00:00\",\"dateModified\":\"2026-02-08T20:03:32+00:00\",\"breadcrumb\":{\"@id\":\"https:\/\/www.martinsdelima.com\/en\/maria-lorenzo\/#breadcrumb\"},\"inLanguage\":\"en-US\",\"potentialAction\":[{\"@type\":\"ReadAction\",\"target\":[\"https:\/\/www.martinsdelima.com\/en\/maria-lorenzo\/\"]}]},{\"@type\":\"ImageObject\",\"inLanguage\":\"en-US\",\"@id\":\"https:\/\/www.martinsdelima.com\/en\/maria-lorenzo\/#primaryimage\",\"url\":\"https:\/\/mligy6wbr5rs.i.optimole.com\/w:auto\/h:auto\/q:mauto\/f:best\/https:\/\/www.martinsdelima.com\/wp-content\/uploads\/elementor\/thumbs\/Loreno-e1762286602522-re852q4cdhd6dslziic83ma9mni3ow1o28kcj9thx0.jpeg\",\"contentUrl\":\"https:\/\/mligy6wbr5rs.i.optimole.com\/w:auto\/h:auto\/q:mauto\/f:best\/https:\/\/www.martinsdelima.com\/wp-content\/uploads\/elementor\/thumbs\/Loreno-e1762286602522-re852q4cdhd6dslziic83ma9mni3ow1o28kcj9thx0.jpeg\"},{\"@type\":\"BreadcrumbList\",\"@id\":\"https:\/\/www.martinsdelima.com\/en\/maria-lorenzo\/#breadcrumb\",\"itemListElement\":[{\"@type\":\"ListItem\",\"position\":1,\"name\":\"Home\",\"item\":\"https:\/\/www.martinsdelima.com\/en\/inicio\/\"},{\"@type\":\"ListItem\",\"position\":2,\"name\":\"Mar\u00eda Lorenzo\"}]},{\"@type\":\"WebSite\",\"@id\":\"https:\/\/www.martinsdelima.com\/en\/#website\",\"url\":\"https:\/\/www.martinsdelima.com\/en\/\",\"name\":\"Martinsdelima\",\"description\":\"Forensic&amp;Finance\",\"publisher\":{\"@id\":\"https:\/\/www.martinsdelima.com\/en\/#organization\"},\"potentialAction\":[{\"@type\":\"SearchAction\",\"target\":{\"@type\":\"EntryPoint\",\"urlTemplate\":\"https:\/\/www.martinsdelima.com\/en\/?s={search_term_string}\"},\"query-input\":{\"@type\":\"PropertyValueSpecification\",\"valueRequired\":true,\"valueName\":\"search_term_string\"}}],\"inLanguage\":\"en-US\"},{\"@type\":\"Organization\",\"@id\":\"https:\/\/www.martinsdelima.com\/en\/#organization\",\"name\":\"Martinsdelima\",\"url\":\"https:\/\/www.martinsdelima.com\/en\/\",\"logo\":{\"@type\":\"ImageObject\",\"inLanguage\":\"en-US\",\"@id\":\"https:\/\/www.martinsdelima.com\/en\/#\/schema\/logo\/image\/\",\"url\":\"https:\/\/mligy6wbr5rs.i.optimole.com\/w:auto\/h:auto\/q:mauto\/f:best\/https:\/\/www.martinsdelima.com\/wp-content\/uploads\/2025\/10\/martinsdelima-letras-claras-horizontal.png\",\"contentUrl\":\"https:\/\/mligy6wbr5rs.i.optimole.com\/w:auto\/h:auto\/q:mauto\/f:best\/https:\/\/www.martinsdelima.com\/wp-content\/uploads\/2025\/10\/martinsdelima-letras-claras-horizontal.png\",\"width\":1315,\"height\":217,\"caption\":\"Martinsdelima\"},\"image\":{\"@id\":\"https:\/\/www.martinsdelima.com\/en\/#\/schema\/logo\/image\/\"}}]}<\/script>\n<!-- \/ Yoast SEO plugin. -->","yoast_head_json":{"title":"Mar\u00eda Lorenzo - Martinsdelima","robots":{"index":"index","follow":"follow","max-snippet":"max-snippet:-1","max-image-preview":"max-image-preview:large","max-video-preview":"max-video-preview:-1"},"canonical":"https:\/\/www.martinsdelima.com\/en\/maria-lorenzo\/","og_locale":"en_US","og_type":"article","og_title":"Mar\u00eda Lorenzo - Martinsdelima","og_description":"Mar\u00eda Lorenzo As a consultant in Boards of Directors, mentor, and Business Angel, Mar\u00eda Lorenzo brings to martinsdelima an international and multicultural perspective with a 360\u00ba strategic vision, thanks to her professional career in the finance and payment systems industry. Mar\u00eda has more than 25 years of experience in senior [&hellip;]","og_url":"https:\/\/www.martinsdelima.com\/en\/maria-lorenzo\/","og_site_name":"Martinsdelima","article_modified_time":"2026-02-08T20:03:32+00:00","og_image":[{"url":"https:\/\/mligy6wbr5rs.i.optimole.com\/w:auto\/h:auto\/q:mauto\/f:best\/https:\/\/www.martinsdelima.com\/wp-content\/uploads\/elementor\/thumbs\/Loreno-e1762286602522-re852q4cdhd6dslziic83ma9mni3ow1o28kcj9thx0.jpeg","type":"","width":"","height":""}],"twitter_card":"summary_large_image","twitter_misc":{"Est. reading time":"1 minute"},"schema":{"@context":"https:\/\/schema.org","@graph":[{"@type":"WebPage","@id":"https:\/\/www.martinsdelima.com\/en\/maria-lorenzo\/","url":"https:\/\/www.martinsdelima.com\/en\/maria-lorenzo\/","name":"Mar\u00eda Lorenzo - Martinsdelima","isPartOf":{"@id":"https:\/\/www.martinsdelima.com\/en\/#website"},"primaryImageOfPage":{"@id":"https:\/\/www.martinsdelima.com\/en\/maria-lorenzo\/#primaryimage"},"image":{"@id":"https:\/\/www.martinsdelima.com\/en\/maria-lorenzo\/#primaryimage"},"thumbnailUrl":"https:\/\/mligy6wbr5rs.i.optimole.com\/w:auto\/h:auto\/q:mauto\/f:best\/https:\/\/www.martinsdelima.com\/wp-content\/uploads\/elementor\/thumbs\/Loreno-e1762286602522-re852q4cdhd6dslziic83ma9mni3ow1o28kcj9thx0.jpeg","datePublished":"2022-12-28T14:54:45+00:00","dateModified":"2026-02-08T20:03:32+00:00","breadcrumb":{"@id":"https:\/\/www.martinsdelima.com\/en\/maria-lorenzo\/#breadcrumb"},"inLanguage":"en-US","potentialAction":[{"@type":"ReadAction","target":["https:\/\/www.martinsdelima.com\/en\/maria-lorenzo\/"]}]},{"@type":"ImageObject","inLanguage":"en-US","@id":"https:\/\/www.martinsdelima.com\/en\/maria-lorenzo\/#primaryimage","url":"https:\/\/mligy6wbr5rs.i.optimole.com\/w:auto\/h:auto\/q:mauto\/f:best\/https:\/\/www.martinsdelima.com\/wp-content\/uploads\/elementor\/thumbs\/Loreno-e1762286602522-re852q4cdhd6dslziic83ma9mni3ow1o28kcj9thx0.jpeg","contentUrl":"https:\/\/mligy6wbr5rs.i.optimole.com\/w:auto\/h:auto\/q:mauto\/f:best\/https:\/\/www.martinsdelima.com\/wp-content\/uploads\/elementor\/thumbs\/Loreno-e1762286602522-re852q4cdhd6dslziic83ma9mni3ow1o28kcj9thx0.jpeg"},{"@type":"BreadcrumbList","@id":"https:\/\/www.martinsdelima.com\/en\/maria-lorenzo\/#breadcrumb","itemListElement":[{"@type":"ListItem","position":1,"name":"Home","item":"https:\/\/www.martinsdelima.com\/en\/inicio\/"},{"@type":"ListItem","position":2,"name":"Mar\u00eda Lorenzo"}]},{"@type":"WebSite","@id":"https:\/\/www.martinsdelima.com\/en\/#website","url":"https:\/\/www.martinsdelima.com\/en\/","name":"Martinsdelima","description":"Forensic&amp;Finance","publisher":{"@id":"https:\/\/www.martinsdelima.com\/en\/#organization"},"potentialAction":[{"@type":"SearchAction","target":{"@type":"EntryPoint","urlTemplate":"https:\/\/www.martinsdelima.com\/en\/?s={search_term_string}"},"query-input":{"@type":"PropertyValueSpecification","valueRequired":true,"valueName":"search_term_string"}}],"inLanguage":"en-US"},{"@type":"Organization","@id":"https:\/\/www.martinsdelima.com\/en\/#organization","name":"Martinsdelima","url":"https:\/\/www.martinsdelima.com\/en\/","logo":{"@type":"ImageObject","inLanguage":"en-US","@id":"https:\/\/www.martinsdelima.com\/en\/#\/schema\/logo\/image\/","url":"https:\/\/mligy6wbr5rs.i.optimole.com\/w:auto\/h:auto\/q:mauto\/f:best\/https:\/\/www.martinsdelima.com\/wp-content\/uploads\/2025\/10\/martinsdelima-letras-claras-horizontal.png","contentUrl":"https:\/\/mligy6wbr5rs.i.optimole.com\/w:auto\/h:auto\/q:mauto\/f:best\/https:\/\/www.martinsdelima.com\/wp-content\/uploads\/2025\/10\/martinsdelima-letras-claras-horizontal.png","width":1315,"height":217,"caption":"Martinsdelima"},"image":{"@id":"https:\/\/www.martinsdelima.com\/en\/#\/schema\/logo\/image\/"}}]}},"_links":{"self":[{"href":"https:\/\/www.martinsdelima.com\/en\/wp-json\/wp\/v2\/pages\/11091","targetHints":{"allow":["GET"]}}],"collection":[{"href":"https:\/\/www.martinsdelima.com\/en\/wp-json\/wp\/v2\/pages"}],"about":[{"href":"https:\/\/www.martinsdelima.com\/en\/wp-json\/wp\/v2\/types\/page"}],"author":[{"embeddable":true,"href":"https:\/\/www.martinsdelima.com\/en\/wp-json\/wp\/v2\/users\/1"}],"replies":[{"embeddable":true,"href":"https:\/\/www.martinsdelima.com\/en\/wp-json\/wp\/v2\/comments?post=11091"}],"version-history":[{"count":1,"href":"https:\/\/www.martinsdelima.com\/en\/wp-json\/wp\/v2\/pages\/11091\/revisions"}],"predecessor-version":[{"id":11093,"href":"https:\/\/www.martinsdelima.com\/en\/wp-json\/wp\/v2\/pages\/11091\/revisions\/11093"}],"wp:attachment":[{"href":"https:\/\/www.martinsdelima.com\/en\/wp-json\/wp\/v2\/media?parent=11091"}],"curies":[{"name":"wp","href":"https:\/\/api.w.org\/{rel}","templated":true}]}}