{"id":11232,"date":"2022-10-13T14:41:35","date_gmt":"2022-10-13T14:41:35","guid":{"rendered":"https:\/\/www.martinsdelima.com\/francisco-ibanez-diez\/"},"modified":"2026-02-08T20:04:10","modified_gmt":"2026-02-08T20:04:10","slug":"francisco-ibanez-diez","status":"publish","type":"page","link":"https:\/\/www.martinsdelima.com\/en\/francisco-ibanez-diez\/","title":{"rendered":"Francisco Ib\u00e1\u00f1ez D\u00edez"},"content":{"rendered":"\t\t<div data-elementor-type=\"wp-page\" data-elementor-id=\"11232\" class=\"elementor elementor-11232 elementor-1056\" data-elementor-post-type=\"page\">\n\t\t\t\t\t\t<section class=\"elementor-section elementor-top-section elementor-element elementor-element-6b64e77 elementor-section-full_width elementor-section-content-middle elementor-section-height-default elementor-section-height-default\" data-id=\"6b64e77\" data-element_type=\"section\">\n\t\t\t\t\t\t<div class=\"elementor-container elementor-column-gap-no\">\n\t\t\t\t\t<div class=\"elementor-column elementor-col-50 elementor-top-column elementor-element elementor-element-2f20990f\" data-id=\"2f20990f\" data-element_type=\"column\">\n\t\t\t<div class=\"elementor-widget-wrap elementor-element-populated\">\n\t\t\t\t\t\t<div class=\"elementor-element elementor-element-c161bd7 elementor-widget elementor-widget-image\" data-id=\"c161bd7\" data-element_type=\"widget\" data-widget_type=\"image.default\">\n\t\t\t\t<div class=\"elementor-widget-container\">\n\t\t\t\t\t\t\t\t\t\t\t\t\t\t\t<img data-opt-id=2049828319  fetchpriority=\"high\" decoding=\"async\" src=\"https:\/\/mligy6wbr5rs.i.optimole.com\/w:400\/h:434\/q:mauto\/f:best\/https:\/\/www.martinsdelima.com\/wp-content\/uploads\/2022\/10\/Ibanez-e1762286757236.jpg\" title=\"Ibanez\" alt=\"Ibanez\" loading=\"lazy\" \/>\t\t\t\t\t\t\t\t\t\t\t\t\t\t\t<\/div>\n\t\t\t\t<\/div>\n\t\t\t\t\t<\/div>\n\t\t<\/div>\n\t\t\t\t<div class=\"elementor-column elementor-col-50 elementor-top-column elementor-element elementor-element-0a5a329\" data-id=\"0a5a329\" data-element_type=\"column\">\n\t\t\t<div class=\"elementor-widget-wrap elementor-element-populated\">\n\t\t\t\t\t\t<div class=\"elementor-element elementor-element-227156f elementor-widget elementor-widget-heading\" data-id=\"227156f\" data-element_type=\"widget\" data-widget_type=\"heading.default\">\n\t\t\t\t<div class=\"elementor-widget-container\">\n\t\t\t\t\t<h2 class=\"elementor-heading-title elementor-size-default\">Francisco Ib\u00e1\u00f1ez<\/h2>\t\t\t\t<\/div>\n\t\t\t\t<\/div>\n\t\t\t\t<div class=\"elementor-element elementor-element-83c9a28 elementor-widget elementor-widget-text-editor\" data-id=\"83c9a28\" data-element_type=\"widget\" data-widget_type=\"text-editor.default\">\n\t\t\t\t<div class=\"elementor-widget-container\">\n\t\t\t\t\t\t\t\t\t<p><strong>Francisco Ib\u00e1\u00f1ez<span> <\/span><\/strong>has been Country Head of EIT Digital since 2015, specializing in the area of Business Development.<\/p><p>Throughout his professional career, he has served as Manager at McKinsey &amp; Co., Senior Consultant at Accenture, CEO of Hormicemex and Aricemex in Spain, member of the board of CEMEX, Senior Advisor at Arthur D. Little, and currently as Country Head \u2013 Accelerator at EIT Digital. He has also carried out numerous business development and engineering operations, with special emphasis in the areas of telecommunications, construction, and manufacturing.<\/p><p>He complemented his Bachelor of Science in Mechanical Engineering at the University of Texas Austin with an MBA from Harvard Business School.<\/p><p>He has spent much of his professional career in management positions. From these positions, he has been in charge of the business of companies with more than 500 million euros in annual sales and business development as founder of companies such as Dontknow or as a Business Angel Investor. <\/p>\t\t\t\t\t\t\t\t<\/div>\n\t\t\t\t<\/div>\n\t\t\t\t<div class=\"elementor-element elementor-element-5148c1b elementor-position-left elementor-view-default elementor-mobile-position-top elementor-widget elementor-widget-icon-box\" data-id=\"5148c1b\" data-element_type=\"widget\" data-widget_type=\"icon-box.default\">\n\t\t\t\t<div class=\"elementor-widget-container\">\n\t\t\t\t\t\t\t<div class=\"elementor-icon-box-wrapper\">\n\n\t\t\t\t\t\t<div class=\"elementor-icon-box-icon\">\n\t\t\t\t<a href=\"mailto:francisco.ibanez@martinsdelima.com\" class=\"elementor-icon\" tabindex=\"-1\">\n\t\t\t\t<svg xmlns:inkscape=\"http:\/\/www.inkscape.org\/namespaces\/inkscape\" xmlns:rdf=\"http:\/\/www.w3.org\/1999\/02\/22-rdf-syntax-ns#\" xmlns=\"http:\/\/www.w3.org\/2000\/svg\" xmlns:dc=\"http:\/\/purl.org\/dc\/elements\/1.1\/\" xmlns:ns1=\"http:\/\/sozi.baierouge.fr\" xmlns:cc=\"http:\/\/web.resource.org\/cc\/\" xmlns:xlink=\"http:\/\/www.w3.org\/1999\/xlink\" xmlns:sodipodi=\"http:\/\/sodipodi.sourceforge.net\/DTD\/sodipodi-0.dtd\" id=\"svg1\" viewBox=\"0 0 60 60\" y=\"0\" x=\"0\"><path id=\"path1721\" style=\"stroke-linejoin:round;stroke:#ffffff;stroke-linecap:round;stroke-width:10;fill:none\" d=\"m5.6238 15.659h48.752v28.682h-48.752l-0.0002-28.682z\"><\/path><g id=\"g1717\" transform=\"matrix(.94142 0 0 .93932 1.3731 1.2806)\"><path id=\"path589\" style=\"stroke-linejoin:round;fill-rule:evenodd;stroke:#000000;stroke-linecap:round;stroke-width:30.501;fill:#ffffff\" d=\"m69.819 119.6h303.75v171.31h-303.75l-0.001-171.31z\" transform=\"matrix(.17049 0 0 .17824 -7.3882 -6.0097)\"><\/path><path id=\"path590\" style=\"stroke-linejoin:round;stroke:#000000;stroke-linecap:round;stroke-width:19.063;fill:none\" transform=\"matrix(.17049 0 0 .17824 -7.3882 -6.0097)\" d=\"m69.819 119.6l150.12 90.41 153.63-90.41\"><\/path><\/g><metadata><\/metadata><\/svg>\t\t\t\t<\/a>\n\t\t\t<\/div>\n\t\t\t\n\t\t\t\t\t\t<div class=\"elementor-icon-box-content\">\n\n\t\t\t\t\n\t\t\t\t\t\t\t\t\t<p class=\"elementor-icon-box-description\">\n\t\t\t\t\t\tfrancisco.ibanez@martinsdelima.com\t\t\t\t\t<\/p>\n\t\t\t\t\n\t\t\t<\/div>\n\t\t\t\n\t\t<\/div>\n\t\t\t\t\t\t<\/div>\n\t\t\t\t<\/div>\n\t\t\t\t<div class=\"elementor-element elementor-element-6315c56 elementor-widget elementor-widget-button\" data-id=\"6315c56\" data-element_type=\"widget\" data-widget_type=\"button.default\">\n\t\t\t\t<div class=\"elementor-widget-container\">\n\t\t\t\t\t\t\t\t\t<div class=\"elementor-button-wrapper\">\n\t\t\t\t\t<a class=\"elementor-button elementor-button-link elementor-size-sm\" href=\"http:\/\/www.martinsdelima.com\/equipo\/\">\n\t\t\t\t\t\t<span class=\"elementor-button-content-wrapper\">\n\t\t\t\t\t\t\t\t\t<span class=\"elementor-button-text\">Back<\/span>\n\t\t\t\t\t<\/span>\n\t\t\t\t\t<\/a>\n\t\t\t\t<\/div>\n\t\t\t\t\t\t\t\t<\/div>\n\t\t\t\t<\/div>\n\t\t\t\t\t<\/div>\n\t\t<\/div>\n\t\t\t\t\t<\/div>\n\t\t<\/section>\n\t\t\t\t<\/div>\n\t\t","protected":false},"excerpt":{"rendered":"<p>Francisco Ib\u00e1\u00f1ez Francisco Ib\u00e1\u00f1ez has been Country Head of EIT Digital since 2015, specializing in the area of Business Development. Throughout his professional career, he has served as Manager at McKinsey &amp; Co., Senior Consultant at Accenture, CEO of Hormicemex and Aricemex in Spain, member of the board of CEMEX, [&hellip;]<\/p>\n","protected":false},"author":1,"featured_media":0,"parent":0,"menu_order":0,"comment_status":"closed","ping_status":"closed","template":"page-templates\/template-pagebuilder-full-width.php","meta":{"footnotes":""},"class_list":["post-11232","page","type-page","status-publish","hentry"],"yoast_head":"<!-- This site is optimized with the Yoast SEO plugin v26.4 - https:\/\/yoast.com\/wordpress\/plugins\/seo\/ -->\n<title>Francisco Ib\u00e1\u00f1ez D\u00edez - Martinsdelima<\/title>\n<meta name=\"robots\" content=\"index, follow, max-snippet:-1, max-image-preview:large, max-video-preview:-1\" \/>\n<link rel=\"canonical\" href=\"https:\/\/www.martinsdelima.com\/en\/francisco-ibanez-diez\/\" \/>\n<meta property=\"og:locale\" content=\"en_US\" \/>\n<meta property=\"og:type\" content=\"article\" \/>\n<meta property=\"og:title\" content=\"Francisco Ib\u00e1\u00f1ez D\u00edez - Martinsdelima\" \/>\n<meta property=\"og:description\" content=\"Francisco Ib\u00e1\u00f1ez Francisco Ib\u00e1\u00f1ez has been Country Head of EIT Digital since 2015, specializing in the area of Business Development. Throughout his professional career, he has served as Manager at McKinsey &amp; Co., Senior Consultant at Accenture, CEO of Hormicemex and Aricemex in Spain, member of the board of CEMEX, [&hellip;]\" \/>\n<meta property=\"og:url\" content=\"https:\/\/www.martinsdelima.com\/en\/francisco-ibanez-diez\/\" \/>\n<meta property=\"og:site_name\" content=\"Martinsdelima\" \/>\n<meta property=\"article:modified_time\" content=\"2026-02-08T20:04:10+00:00\" \/>\n<meta property=\"og:image\" content=\"https:\/\/mligy6wbr5rs.i.optimole.com\/w:auto\/h:auto\/q:mauto\/f:best\/https:\/\/www.martinsdelima.com\/wp-content\/uploads\/elementor\/thumbs\/Ibanez-e1762286757236-re856rtbsswmdcqcvrbec3ippdjztz42a9olx5th4k.jpg\" \/>\n<meta name=\"twitter:card\" content=\"summary_large_image\" \/>\n<meta name=\"twitter:label1\" content=\"Est. reading time\" \/>\n\t<meta name=\"twitter:data1\" content=\"1 minute\" \/>\n<script type=\"application\/ld+json\" class=\"yoast-schema-graph\">{\"@context\":\"https:\/\/schema.org\",\"@graph\":[{\"@type\":\"WebPage\",\"@id\":\"https:\/\/www.martinsdelima.com\/en\/francisco-ibanez-diez\/\",\"url\":\"https:\/\/www.martinsdelima.com\/en\/francisco-ibanez-diez\/\",\"name\":\"Francisco Ib\u00e1\u00f1ez D\u00edez - Martinsdelima\",\"isPartOf\":{\"@id\":\"https:\/\/www.martinsdelima.com\/en\/#website\"},\"primaryImageOfPage\":{\"@id\":\"https:\/\/www.martinsdelima.com\/en\/francisco-ibanez-diez\/#primaryimage\"},\"image\":{\"@id\":\"https:\/\/www.martinsdelima.com\/en\/francisco-ibanez-diez\/#primaryimage\"},\"thumbnailUrl\":\"https:\/\/mligy6wbr5rs.i.optimole.com\/w:auto\/h:auto\/q:mauto\/f:best\/https:\/\/www.martinsdelima.com\/wp-content\/uploads\/elementor\/thumbs\/Ibanez-e1762286757236-re856rtbsswmdcqcvrbec3ippdjztz42a9olx5th4k.jpg\",\"datePublished\":\"2022-10-13T14:41:35+00:00\",\"dateModified\":\"2026-02-08T20:04:10+00:00\",\"breadcrumb\":{\"@id\":\"https:\/\/www.martinsdelima.com\/en\/francisco-ibanez-diez\/#breadcrumb\"},\"inLanguage\":\"en-US\",\"potentialAction\":[{\"@type\":\"ReadAction\",\"target\":[\"https:\/\/www.martinsdelima.com\/en\/francisco-ibanez-diez\/\"]}]},{\"@type\":\"ImageObject\",\"inLanguage\":\"en-US\",\"@id\":\"https:\/\/www.martinsdelima.com\/en\/francisco-ibanez-diez\/#primaryimage\",\"url\":\"https:\/\/mligy6wbr5rs.i.optimole.com\/w:auto\/h:auto\/q:mauto\/f:best\/https:\/\/www.martinsdelima.com\/wp-content\/uploads\/elementor\/thumbs\/Ibanez-e1762286757236-re856rtbsswmdcqcvrbec3ippdjztz42a9olx5th4k.jpg\",\"contentUrl\":\"https:\/\/mligy6wbr5rs.i.optimole.com\/w:auto\/h:auto\/q:mauto\/f:best\/https:\/\/www.martinsdelima.com\/wp-content\/uploads\/elementor\/thumbs\/Ibanez-e1762286757236-re856rtbsswmdcqcvrbec3ippdjztz42a9olx5th4k.jpg\"},{\"@type\":\"BreadcrumbList\",\"@id\":\"https:\/\/www.martinsdelima.com\/en\/francisco-ibanez-diez\/#breadcrumb\",\"itemListElement\":[{\"@type\":\"ListItem\",\"position\":1,\"name\":\"Home\",\"item\":\"https:\/\/www.martinsdelima.com\/en\/inicio\/\"},{\"@type\":\"ListItem\",\"position\":2,\"name\":\"Francisco Ib\u00e1\u00f1ez D\u00edez\"}]},{\"@type\":\"WebSite\",\"@id\":\"https:\/\/www.martinsdelima.com\/en\/#website\",\"url\":\"https:\/\/www.martinsdelima.com\/en\/\",\"name\":\"Martinsdelima\",\"description\":\"Forensic&amp;Finance\",\"publisher\":{\"@id\":\"https:\/\/www.martinsdelima.com\/en\/#organization\"},\"potentialAction\":[{\"@type\":\"SearchAction\",\"target\":{\"@type\":\"EntryPoint\",\"urlTemplate\":\"https:\/\/www.martinsdelima.com\/en\/?s={search_term_string}\"},\"query-input\":{\"@type\":\"PropertyValueSpecification\",\"valueRequired\":true,\"valueName\":\"search_term_string\"}}],\"inLanguage\":\"en-US\"},{\"@type\":\"Organization\",\"@id\":\"https:\/\/www.martinsdelima.com\/en\/#organization\",\"name\":\"Martinsdelima\",\"url\":\"https:\/\/www.martinsdelima.com\/en\/\",\"logo\":{\"@type\":\"ImageObject\",\"inLanguage\":\"en-US\",\"@id\":\"https:\/\/www.martinsdelima.com\/en\/#\/schema\/logo\/image\/\",\"url\":\"https:\/\/mligy6wbr5rs.i.optimole.com\/w:auto\/h:auto\/q:mauto\/f:best\/https:\/\/www.martinsdelima.com\/wp-content\/uploads\/2025\/10\/martinsdelima-letras-claras-horizontal.png\",\"contentUrl\":\"https:\/\/mligy6wbr5rs.i.optimole.com\/w:auto\/h:auto\/q:mauto\/f:best\/https:\/\/www.martinsdelima.com\/wp-content\/uploads\/2025\/10\/martinsdelima-letras-claras-horizontal.png\",\"width\":1315,\"height\":217,\"caption\":\"Martinsdelima\"},\"image\":{\"@id\":\"https:\/\/www.martinsdelima.com\/en\/#\/schema\/logo\/image\/\"}}]}<\/script>\n<!-- \/ Yoast SEO plugin. -->","yoast_head_json":{"title":"Francisco Ib\u00e1\u00f1ez D\u00edez - Martinsdelima","robots":{"index":"index","follow":"follow","max-snippet":"max-snippet:-1","max-image-preview":"max-image-preview:large","max-video-preview":"max-video-preview:-1"},"canonical":"https:\/\/www.martinsdelima.com\/en\/francisco-ibanez-diez\/","og_locale":"en_US","og_type":"article","og_title":"Francisco Ib\u00e1\u00f1ez D\u00edez - Martinsdelima","og_description":"Francisco Ib\u00e1\u00f1ez Francisco Ib\u00e1\u00f1ez has been Country Head of EIT Digital since 2015, specializing in the area of Business Development. Throughout his professional career, he has served as Manager at McKinsey &amp; Co., Senior Consultant at Accenture, CEO of Hormicemex and Aricemex in Spain, member of the board of CEMEX, [&hellip;]","og_url":"https:\/\/www.martinsdelima.com\/en\/francisco-ibanez-diez\/","og_site_name":"Martinsdelima","article_modified_time":"2026-02-08T20:04:10+00:00","og_image":[{"url":"https:\/\/mligy6wbr5rs.i.optimole.com\/w:auto\/h:auto\/q:mauto\/f:best\/https:\/\/www.martinsdelima.com\/wp-content\/uploads\/elementor\/thumbs\/Ibanez-e1762286757236-re856rtbsswmdcqcvrbec3ippdjztz42a9olx5th4k.jpg","type":"","width":"","height":""}],"twitter_card":"summary_large_image","twitter_misc":{"Est. reading time":"1 minute"},"schema":{"@context":"https:\/\/schema.org","@graph":[{"@type":"WebPage","@id":"https:\/\/www.martinsdelima.com\/en\/francisco-ibanez-diez\/","url":"https:\/\/www.martinsdelima.com\/en\/francisco-ibanez-diez\/","name":"Francisco Ib\u00e1\u00f1ez D\u00edez - Martinsdelima","isPartOf":{"@id":"https:\/\/www.martinsdelima.com\/en\/#website"},"primaryImageOfPage":{"@id":"https:\/\/www.martinsdelima.com\/en\/francisco-ibanez-diez\/#primaryimage"},"image":{"@id":"https:\/\/www.martinsdelima.com\/en\/francisco-ibanez-diez\/#primaryimage"},"thumbnailUrl":"https:\/\/mligy6wbr5rs.i.optimole.com\/w:auto\/h:auto\/q:mauto\/f:best\/https:\/\/www.martinsdelima.com\/wp-content\/uploads\/elementor\/thumbs\/Ibanez-e1762286757236-re856rtbsswmdcqcvrbec3ippdjztz42a9olx5th4k.jpg","datePublished":"2022-10-13T14:41:35+00:00","dateModified":"2026-02-08T20:04:10+00:00","breadcrumb":{"@id":"https:\/\/www.martinsdelima.com\/en\/francisco-ibanez-diez\/#breadcrumb"},"inLanguage":"en-US","potentialAction":[{"@type":"ReadAction","target":["https:\/\/www.martinsdelima.com\/en\/francisco-ibanez-diez\/"]}]},{"@type":"ImageObject","inLanguage":"en-US","@id":"https:\/\/www.martinsdelima.com\/en\/francisco-ibanez-diez\/#primaryimage","url":"https:\/\/mligy6wbr5rs.i.optimole.com\/w:auto\/h:auto\/q:mauto\/f:best\/https:\/\/www.martinsdelima.com\/wp-content\/uploads\/elementor\/thumbs\/Ibanez-e1762286757236-re856rtbsswmdcqcvrbec3ippdjztz42a9olx5th4k.jpg","contentUrl":"https:\/\/mligy6wbr5rs.i.optimole.com\/w:auto\/h:auto\/q:mauto\/f:best\/https:\/\/www.martinsdelima.com\/wp-content\/uploads\/elementor\/thumbs\/Ibanez-e1762286757236-re856rtbsswmdcqcvrbec3ippdjztz42a9olx5th4k.jpg"},{"@type":"BreadcrumbList","@id":"https:\/\/www.martinsdelima.com\/en\/francisco-ibanez-diez\/#breadcrumb","itemListElement":[{"@type":"ListItem","position":1,"name":"Home","item":"https:\/\/www.martinsdelima.com\/en\/inicio\/"},{"@type":"ListItem","position":2,"name":"Francisco Ib\u00e1\u00f1ez D\u00edez"}]},{"@type":"WebSite","@id":"https:\/\/www.martinsdelima.com\/en\/#website","url":"https:\/\/www.martinsdelima.com\/en\/","name":"Martinsdelima","description":"Forensic&amp;Finance","publisher":{"@id":"https:\/\/www.martinsdelima.com\/en\/#organization"},"potentialAction":[{"@type":"SearchAction","target":{"@type":"EntryPoint","urlTemplate":"https:\/\/www.martinsdelima.com\/en\/?s={search_term_string}"},"query-input":{"@type":"PropertyValueSpecification","valueRequired":true,"valueName":"search_term_string"}}],"inLanguage":"en-US"},{"@type":"Organization","@id":"https:\/\/www.martinsdelima.com\/en\/#organization","name":"Martinsdelima","url":"https:\/\/www.martinsdelima.com\/en\/","logo":{"@type":"ImageObject","inLanguage":"en-US","@id":"https:\/\/www.martinsdelima.com\/en\/#\/schema\/logo\/image\/","url":"https:\/\/mligy6wbr5rs.i.optimole.com\/w:auto\/h:auto\/q:mauto\/f:best\/https:\/\/www.martinsdelima.com\/wp-content\/uploads\/2025\/10\/martinsdelima-letras-claras-horizontal.png","contentUrl":"https:\/\/mligy6wbr5rs.i.optimole.com\/w:auto\/h:auto\/q:mauto\/f:best\/https:\/\/www.martinsdelima.com\/wp-content\/uploads\/2025\/10\/martinsdelima-letras-claras-horizontal.png","width":1315,"height":217,"caption":"Martinsdelima"},"image":{"@id":"https:\/\/www.martinsdelima.com\/en\/#\/schema\/logo\/image\/"}}]}},"_links":{"self":[{"href":"https:\/\/www.martinsdelima.com\/en\/wp-json\/wp\/v2\/pages\/11232","targetHints":{"allow":["GET"]}}],"collection":[{"href":"https:\/\/www.martinsdelima.com\/en\/wp-json\/wp\/v2\/pages"}],"about":[{"href":"https:\/\/www.martinsdelima.com\/en\/wp-json\/wp\/v2\/types\/page"}],"author":[{"embeddable":true,"href":"https:\/\/www.martinsdelima.com\/en\/wp-json\/wp\/v2\/users\/1"}],"replies":[{"embeddable":true,"href":"https:\/\/www.martinsdelima.com\/en\/wp-json\/wp\/v2\/comments?post=11232"}],"version-history":[{"count":1,"href":"https:\/\/www.martinsdelima.com\/en\/wp-json\/wp\/v2\/pages\/11232\/revisions"}],"predecessor-version":[{"id":11234,"href":"https:\/\/www.martinsdelima.com\/en\/wp-json\/wp\/v2\/pages\/11232\/revisions\/11234"}],"wp:attachment":[{"href":"https:\/\/www.martinsdelima.com\/en\/wp-json\/wp\/v2\/media?parent=11232"}],"curies":[{"name":"wp","href":"https:\/\/api.w.org\/{rel}","templated":true}]}}