{"id":10303,"date":"2026-01-24T16:50:09","date_gmt":"2026-01-24T16:50:09","guid":{"rendered":"https:\/\/www.martinsdelima.com\/experiences-fusions-loi\/"},"modified":"2026-02-08T18:25:39","modified_gmt":"2026-02-08T18:25:39","slug":"experiences-fusions-loi","status":"publish","type":"page","link":"https:\/\/www.martinsdelima.com\/fr\/experiences-fusions-loi\/","title":{"rendered":"Exp\u00e9riences fusions loi"},"content":{"rendered":"\t\t<div data-elementor-type=\"wp-page\" data-elementor-id=\"10303\" class=\"elementor elementor-10303 elementor-9864\" data-elementor-post-type=\"page\">\n\t\t\t\t\t\t<section class=\"elementor-section elementor-top-section elementor-element elementor-element-5861a17 elementor-section-full_width elementor-section-stretched elementor-section-height-min-height elementor-section-height-default elementor-section-items-middle\" data-id=\"5861a17\" data-element_type=\"section\" data-settings=\"{&quot;stretch_section&quot;:&quot;section-stretched&quot;,&quot;background_background&quot;:&quot;classic&quot;}\">\n\t\t\t\t\t\t\t<div class=\"elementor-background-overlay\"><\/div>\n\t\t\t\t\t\t\t<div class=\"elementor-container elementor-column-gap-default\">\n\t\t\t\t\t<div class=\"elementor-column elementor-col-100 elementor-top-column elementor-element elementor-element-ea42bdb\" data-id=\"ea42bdb\" data-element_type=\"column\">\n\t\t\t<div class=\"elementor-widget-wrap elementor-element-populated\">\n\t\t\t\t\t\t<div class=\"elementor-element elementor-element-8924fce elementor-widget__width-initial elementor-widget-mobile__width-initial elementor-widget elementor-widget-heading\" data-id=\"8924fce\" data-element_type=\"widget\" data-widget_type=\"heading.default\">\n\t\t\t\t<div class=\"elementor-widget-container\">\n\t\t\t\t\t<h2 class=\"elementor-heading-title elementor-size-default\"><b>Exp\u00e9riences<\/b><br><b>Fusions et acquisitions<\/b><br>Lettre d'intention dans le cadre d'une transaction internationale<\/h2>\t\t\t\t<\/div>\n\t\t\t\t<\/div>\n\t\t\t\t\t<\/div>\n\t\t<\/div>\n\t\t\t\t\t<\/div>\n\t\t<\/section>\n\t\t\t\t<section class=\"elementor-section elementor-top-section elementor-element elementor-element-9dff6a0 elementor-section-boxed elementor-section-height-default elementor-section-height-default\" data-id=\"9dff6a0\" data-element_type=\"section\">\n\t\t\t\t\t\t<div class=\"elementor-container elementor-column-gap-default\">\n\t\t\t\t\t<div class=\"elementor-column elementor-col-100 elementor-top-column elementor-element elementor-element-c3e38d1\" data-id=\"c3e38d1\" data-element_type=\"column\">\n\t\t\t<div class=\"elementor-widget-wrap elementor-element-populated\">\n\t\t\t\t\t\t<div class=\"elementor-element elementor-element-78fa56c elementor-widget elementor-widget-text-editor\" data-id=\"78fa56c\" data-element_type=\"widget\" data-widget_type=\"text-editor.default\">\n\t\t\t\t<div class=\"elementor-widget-container\">\n\t\t\t\t\t\t\t\t\t<h6>Dans un processus complet de F&amp;A, la <strong>Lettre d&rsquo;Intention (LOI)<\/strong> est la pi\u00e8ce qui transforme une n\u00e9gociation \u00ab d&rsquo;int\u00e9r\u00eat \u00bb en un <strong>chemin trac\u00e9 vers la conclusion<\/strong>, <strong>fixant le p\u00e9rim\u00e8tre de l&rsquo;op\u00e9ration, le \u00ab comment \u00bb du prix, le plan de travail et les r\u00e8gles du jeu<\/strong>. Dans ce cas, la LOI a \u00e9t\u00e9 structur\u00e9e pour <strong>l&rsquo;acquisition de 100 % du capital<\/strong> par le biais d&rsquo;un apport initial et de m\u00e9canismes ult\u00e9rieurs, en pr\u00e9cisant que le document ordonnait le processus, mais que certaines obligations (telles que <strong>l&rsquo;exclusivit\u00e9, la confidentialit\u00e9, les co\u00fbts et le cadre de la due diligence<\/strong>) devaient \u00eatre contraignantes. <\/h6><h6>Ce qui a rendu la n\u00e9gociation particuli\u00e8rement exigeante, c&rsquo;est le choc typique des \u00ab lignes rouges \u00bb : <strong>la partie vendeuse voulait assurer une valeur minimale coh\u00e9rente avec le march\u00e9<\/strong>, tandis que l&rsquo;acheteur fixait un <strong>plafond de multiple par tranche<\/strong>. Ce point, qui bloque souvent les op\u00e9rations pendant des semaines, a \u00e9t\u00e9 abord\u00e9 comme un probl\u00e8me de conception (et non de blocage) : une solution de structure a \u00e9t\u00e9 mise sur la table pour permettre de <strong>respecter les deux lignes rouges sans rompre la logique \u00e9conomique<\/strong>. Il y avait certains <strong>\u00ab deal-breakers \u00bb<\/strong> typiques et une <strong>architecture de paiements fixes et variables<\/strong> a \u00e9t\u00e9 propos\u00e9e pour \u00ab conclure l&rsquo;accord de mani\u00e8re positive pour les deux parties \u00bb.  <\/h6><h6>C&rsquo;est l\u00e0 que martinsdelima excelle dans le conseil financier appliqu\u00e9 aux F&amp;A : <strong>nous transformons une discussion d&rsquo;\u00e9valuation en m\u00e9canismes contractuels mesurables et d\u00e9fendables<\/strong>. Au lieu de discuter d&rsquo;un simple chiffre, une structure \u00e9chelonn\u00e9e avec <strong>des droits r\u00e9ciproques d&rsquo;achat\/vente (put\/call)<\/strong> a \u00e9t\u00e9 mise en place, de sorte que l&rsquo;avancement de la participation soit <strong>li\u00e9 \u00e0 des \u00e9tapes et \u00e0 l&rsquo;\u00e9volution op\u00e9rationnelle<\/strong>, et non \u00e0 une ren\u00e9gociation permanente. La LOI finale reprend cette approche par tranches et options, tout en pr\u00e9servant la coh\u00e9rence du p\u00e9rim\u00e8tre de la transaction.  <\/h6><h6>La m\u00e9thodologie de martinsdelima dans cette phase repose sur trois axes :<\/h6><h6><strong>(i) cartographie des risques<\/strong> (ce qui peut faire \u00e9chouer l&rsquo;accord et comment l&rsquo;att\u00e9nuer),<\/h6><h6><strong>(ii) conception d&rsquo;incitations<\/strong> (ce qui incite les deux parties \u00e0 continuer d&rsquo;avancer) et<\/h6><h6><strong>(iii) gouvernance du \u00ab jour d&rsquo;apr\u00e8s \u00bb<\/strong> (comment la soci\u00e9t\u00e9 est g\u00e9r\u00e9e pendant la p\u00e9riode transitoire).<\/h6><h6>C&rsquo;est pourquoi la LOI ne s&rsquo;est pas limit\u00e9e au prix et au calendrier : elle a int\u00e9gr\u00e9 un sch\u00e9ma robuste de <strong>gouvernance d&rsquo;entreprise, de mati\u00e8res r\u00e9serv\u00e9es, de budget et de reporting<\/strong>, ainsi que des r\u00e8gles sur les <strong>transferts, le lock-up et les droits de pr\u00e9f\u00e9rence<\/strong>. Cela r\u00e9duit les frictions lors de la due diligence et <strong>\u00e9vite que le SPA ne se transforme en un champ de bataille<\/strong>. <\/h6><h6>En parall\u00e8le, l&rsquo;ex\u00e9cution a \u00e9t\u00e9 blind\u00e9e : <strong>due diligence confirmatoire<\/strong> avec data room et sessions sp\u00e9cifiques, et un cadre clair de n\u00e9gociation des documents d\u00e9finitifs (Investment\/Share Purchase et Stakeholders), ainsi que <strong>l&rsquo;exclusivit\u00e9<\/strong> pour <strong>prot\u00e9ger les efforts des deux parties et \u00e9viter les \u00ab ench\u00e8res \u00bb de derni\u00e8re minute<\/strong>. Cet ensemble de clauses est ce qui fait la diff\u00e9rence entre une LOI \u00ab jolie \u00bb et une LOI <strong>op\u00e9rationnelle, exigible et orient\u00e9e vers la conclusion<\/strong>. <\/h6><h6>Et comment est-on parvenu \u00e0 une excellente r\u00e9solution ? Non pas en c\u00e9dant, mais en <strong>recadrant<\/strong> : face \u00e0 la <strong>tension du multiple<\/strong>, martinsdelima a encourag\u00e9 des alternatives qui <strong>augmentaient la valeur potentielle sans fausser le compte de r\u00e9sultats<\/strong>, comme des formules de r\u00e9mun\u00e9ration\/retour li\u00e9es aux r\u00e9sultats <strong>(sans \u00ab gonfler \u00bb l&rsquo;EBITDA)<\/strong> et des m\u00e9canismes d&rsquo;<strong>alignement sur la performance du groupe acheteur<\/strong>. Cette cr\u00e9ativit\u00e9, ajout\u00e9e \u00e0 la discipline documentaire et \u00e0 la n\u00e9gociation technique, a permis de <strong>passer de \u00ab deal-breakers \u00bb \u00e0 un texte final signable<\/strong>, o\u00f9 la valeur, la gestion et le chemin vers le 100 % \u00e9taient prot\u00e9g\u00e9s.  <\/h6>\t\t\t\t\t\t\t\t<\/div>\n\t\t\t\t<\/div>\n\t\t\t\t\t<\/div>\n\t\t<\/div>\n\t\t\t\t\t<\/div>\n\t\t<\/section>\n\t\t\t\t<\/div>\n\t\t","protected":false},"excerpt":{"rendered":"<p>Exp\u00e9riencesFusions et acquisitionsLettre d&rsquo;intention dans le cadre d&rsquo;une transaction internationale Dans un processus complet de F&amp;A, la Lettre d&rsquo;Intention (LOI) est la pi\u00e8ce qui transforme une n\u00e9gociation \u00ab d&rsquo;int\u00e9r\u00eat \u00bb en un chemin trac\u00e9 vers la conclusion, fixant le p\u00e9rim\u00e8tre de l&rsquo;op\u00e9ration, le \u00ab comment \u00bb du prix, le plan [&hellip;]<\/p>\n","protected":false},"author":1,"featured_media":0,"parent":0,"menu_order":0,"comment_status":"closed","ping_status":"closed","template":"page-templates\/template-pagebuilder-full-width.php","meta":{"footnotes":""},"class_list":["post-10303","page","type-page","status-publish","hentry"],"yoast_head":"<!-- This site is optimized with the Yoast SEO plugin v26.4 - https:\/\/yoast.com\/wordpress\/plugins\/seo\/ -->\n<title>Exp\u00e9riences fusions loi - Martinsdelima<\/title>\n<meta name=\"robots\" content=\"index, follow, max-snippet:-1, max-image-preview:large, max-video-preview:-1\" \/>\n<link rel=\"canonical\" href=\"https:\/\/www.martinsdelima.com\/fr\/experiences-fusions-loi\/\" \/>\n<meta property=\"og:locale\" content=\"fr_FR\" \/>\n<meta property=\"og:type\" content=\"article\" \/>\n<meta property=\"og:title\" content=\"Exp\u00e9riences fusions loi - Martinsdelima\" \/>\n<meta property=\"og:description\" content=\"Exp\u00e9riencesFusions et acquisitionsLettre d&rsquo;intention dans le cadre d&rsquo;une transaction internationale Dans un processus complet de F&amp;A, la Lettre d&rsquo;Intention (LOI) est la pi\u00e8ce qui transforme une n\u00e9gociation \u00ab d&rsquo;int\u00e9r\u00eat \u00bb en un chemin trac\u00e9 vers la conclusion, fixant le p\u00e9rim\u00e8tre de l&rsquo;op\u00e9ration, le \u00ab comment \u00bb du prix, le plan [&hellip;]\" \/>\n<meta property=\"og:url\" content=\"https:\/\/www.martinsdelima.com\/fr\/experiences-fusions-loi\/\" \/>\n<meta property=\"og:site_name\" content=\"Martinsdelima\" \/>\n<meta property=\"article:modified_time\" content=\"2026-02-08T18:25:39+00:00\" \/>\n<meta name=\"twitter:card\" content=\"summary_large_image\" \/>\n<meta name=\"twitter:label1\" content=\"Dur\u00e9e de lecture estim\u00e9e\" \/>\n\t<meta name=\"twitter:data1\" content=\"3 minutes\" \/>\n<script type=\"application\/ld+json\" class=\"yoast-schema-graph\">{\"@context\":\"https:\/\/schema.org\",\"@graph\":[{\"@type\":\"WebPage\",\"@id\":\"https:\/\/www.martinsdelima.com\/fr\/experiences-fusions-loi\/\",\"url\":\"https:\/\/www.martinsdelima.com\/fr\/experiences-fusions-loi\/\",\"name\":\"Exp\u00e9riences fusions loi - Martinsdelima\",\"isPartOf\":{\"@id\":\"https:\/\/www.martinsdelima.com\/fr\/#website\"},\"datePublished\":\"2026-01-24T16:50:09+00:00\",\"dateModified\":\"2026-02-08T18:25:39+00:00\",\"breadcrumb\":{\"@id\":\"https:\/\/www.martinsdelima.com\/fr\/experiences-fusions-loi\/#breadcrumb\"},\"inLanguage\":\"fr-FR\",\"potentialAction\":[{\"@type\":\"ReadAction\",\"target\":[\"https:\/\/www.martinsdelima.com\/fr\/experiences-fusions-loi\/\"]}]},{\"@type\":\"BreadcrumbList\",\"@id\":\"https:\/\/www.martinsdelima.com\/fr\/experiences-fusions-loi\/#breadcrumb\",\"itemListElement\":[{\"@type\":\"ListItem\",\"position\":1,\"name\":\"Page d'accueil\",\"item\":\"https:\/\/www.martinsdelima.com\/fr\/accueil\/\"},{\"@type\":\"ListItem\",\"position\":2,\"name\":\"Exp\u00e9riences fusions loi\"}]},{\"@type\":\"WebSite\",\"@id\":\"https:\/\/www.martinsdelima.com\/fr\/#website\",\"url\":\"https:\/\/www.martinsdelima.com\/fr\/\",\"name\":\"Martinsdelima\",\"description\":\"Forensic&amp;Finance\",\"publisher\":{\"@id\":\"https:\/\/www.martinsdelima.com\/fr\/#organization\"},\"potentialAction\":[{\"@type\":\"SearchAction\",\"target\":{\"@type\":\"EntryPoint\",\"urlTemplate\":\"https:\/\/www.martinsdelima.com\/fr\/?s={search_term_string}\"},\"query-input\":{\"@type\":\"PropertyValueSpecification\",\"valueRequired\":true,\"valueName\":\"search_term_string\"}}],\"inLanguage\":\"fr-FR\"},{\"@type\":\"Organization\",\"@id\":\"https:\/\/www.martinsdelima.com\/fr\/#organization\",\"name\":\"Martinsdelima\",\"url\":\"https:\/\/www.martinsdelima.com\/fr\/\",\"logo\":{\"@type\":\"ImageObject\",\"inLanguage\":\"fr-FR\",\"@id\":\"https:\/\/www.martinsdelima.com\/fr\/#\/schema\/logo\/image\/\",\"url\":\"https:\/\/mligy6wbr5rs.i.optimole.com\/w:auto\/h:auto\/q:mauto\/f:best\/https:\/\/www.martinsdelima.com\/wp-content\/uploads\/2025\/10\/martinsdelima-letras-claras-horizontal.png\",\"contentUrl\":\"https:\/\/mligy6wbr5rs.i.optimole.com\/w:auto\/h:auto\/q:mauto\/f:best\/https:\/\/www.martinsdelima.com\/wp-content\/uploads\/2025\/10\/martinsdelima-letras-claras-horizontal.png\",\"width\":1315,\"height\":217,\"caption\":\"Martinsdelima\"},\"image\":{\"@id\":\"https:\/\/www.martinsdelima.com\/fr\/#\/schema\/logo\/image\/\"}}]}<\/script>\n<!-- \/ Yoast SEO plugin. -->","yoast_head_json":{"title":"Exp\u00e9riences fusions loi - Martinsdelima","robots":{"index":"index","follow":"follow","max-snippet":"max-snippet:-1","max-image-preview":"max-image-preview:large","max-video-preview":"max-video-preview:-1"},"canonical":"https:\/\/www.martinsdelima.com\/fr\/experiences-fusions-loi\/","og_locale":"fr_FR","og_type":"article","og_title":"Exp\u00e9riences fusions loi - Martinsdelima","og_description":"Exp\u00e9riencesFusions et acquisitionsLettre d&rsquo;intention dans le cadre d&rsquo;une transaction internationale Dans un processus complet de F&amp;A, la Lettre d&rsquo;Intention (LOI) est la pi\u00e8ce qui transforme une n\u00e9gociation \u00ab d&rsquo;int\u00e9r\u00eat \u00bb en un chemin trac\u00e9 vers la conclusion, fixant le p\u00e9rim\u00e8tre de l&rsquo;op\u00e9ration, le \u00ab comment \u00bb du prix, le plan [&hellip;]","og_url":"https:\/\/www.martinsdelima.com\/fr\/experiences-fusions-loi\/","og_site_name":"Martinsdelima","article_modified_time":"2026-02-08T18:25:39+00:00","twitter_card":"summary_large_image","twitter_misc":{"Dur\u00e9e de lecture estim\u00e9e":"3 minutes"},"schema":{"@context":"https:\/\/schema.org","@graph":[{"@type":"WebPage","@id":"https:\/\/www.martinsdelima.com\/fr\/experiences-fusions-loi\/","url":"https:\/\/www.martinsdelima.com\/fr\/experiences-fusions-loi\/","name":"Exp\u00e9riences fusions loi - Martinsdelima","isPartOf":{"@id":"https:\/\/www.martinsdelima.com\/fr\/#website"},"datePublished":"2026-01-24T16:50:09+00:00","dateModified":"2026-02-08T18:25:39+00:00","breadcrumb":{"@id":"https:\/\/www.martinsdelima.com\/fr\/experiences-fusions-loi\/#breadcrumb"},"inLanguage":"fr-FR","potentialAction":[{"@type":"ReadAction","target":["https:\/\/www.martinsdelima.com\/fr\/experiences-fusions-loi\/"]}]},{"@type":"BreadcrumbList","@id":"https:\/\/www.martinsdelima.com\/fr\/experiences-fusions-loi\/#breadcrumb","itemListElement":[{"@type":"ListItem","position":1,"name":"Page d'accueil","item":"https:\/\/www.martinsdelima.com\/fr\/accueil\/"},{"@type":"ListItem","position":2,"name":"Exp\u00e9riences fusions loi"}]},{"@type":"WebSite","@id":"https:\/\/www.martinsdelima.com\/fr\/#website","url":"https:\/\/www.martinsdelima.com\/fr\/","name":"Martinsdelima","description":"Forensic&amp;Finance","publisher":{"@id":"https:\/\/www.martinsdelima.com\/fr\/#organization"},"potentialAction":[{"@type":"SearchAction","target":{"@type":"EntryPoint","urlTemplate":"https:\/\/www.martinsdelima.com\/fr\/?s={search_term_string}"},"query-input":{"@type":"PropertyValueSpecification","valueRequired":true,"valueName":"search_term_string"}}],"inLanguage":"fr-FR"},{"@type":"Organization","@id":"https:\/\/www.martinsdelima.com\/fr\/#organization","name":"Martinsdelima","url":"https:\/\/www.martinsdelima.com\/fr\/","logo":{"@type":"ImageObject","inLanguage":"fr-FR","@id":"https:\/\/www.martinsdelima.com\/fr\/#\/schema\/logo\/image\/","url":"https:\/\/mligy6wbr5rs.i.optimole.com\/w:auto\/h:auto\/q:mauto\/f:best\/https:\/\/www.martinsdelima.com\/wp-content\/uploads\/2025\/10\/martinsdelima-letras-claras-horizontal.png","contentUrl":"https:\/\/mligy6wbr5rs.i.optimole.com\/w:auto\/h:auto\/q:mauto\/f:best\/https:\/\/www.martinsdelima.com\/wp-content\/uploads\/2025\/10\/martinsdelima-letras-claras-horizontal.png","width":1315,"height":217,"caption":"Martinsdelima"},"image":{"@id":"https:\/\/www.martinsdelima.com\/fr\/#\/schema\/logo\/image\/"}}]}},"_links":{"self":[{"href":"https:\/\/www.martinsdelima.com\/fr\/wp-json\/wp\/v2\/pages\/10303","targetHints":{"allow":["GET"]}}],"collection":[{"href":"https:\/\/www.martinsdelima.com\/fr\/wp-json\/wp\/v2\/pages"}],"about":[{"href":"https:\/\/www.martinsdelima.com\/fr\/wp-json\/wp\/v2\/types\/page"}],"author":[{"embeddable":true,"href":"https:\/\/www.martinsdelima.com\/fr\/wp-json\/wp\/v2\/users\/1"}],"replies":[{"embeddable":true,"href":"https:\/\/www.martinsdelima.com\/fr\/wp-json\/wp\/v2\/comments?post=10303"}],"version-history":[{"count":1,"href":"https:\/\/www.martinsdelima.com\/fr\/wp-json\/wp\/v2\/pages\/10303\/revisions"}],"predecessor-version":[{"id":10304,"href":"https:\/\/www.martinsdelima.com\/fr\/wp-json\/wp\/v2\/pages\/10303\/revisions\/10304"}],"wp:attachment":[{"href":"https:\/\/www.martinsdelima.com\/fr\/wp-json\/wp\/v2\/media?parent=10303"}],"curies":[{"name":"wp","href":"https:\/\/api.w.org\/{rel}","templated":true}]}}