{"id":10327,"date":"2026-01-24T20:22:46","date_gmt":"2026-01-24T20:22:46","guid":{"rendered":"https:\/\/www.martinsdelima.com\/experiences-fusions-recherche\/"},"modified":"2026-02-08T18:28:12","modified_gmt":"2026-02-08T18:28:12","slug":"experiences-fusions-recherche","status":"publish","type":"page","link":"https:\/\/www.martinsdelima.com\/fr\/experiences-fusions-recherche\/","title":{"rendered":"Exp\u00e9riences fusions recherche"},"content":{"rendered":"\t\t<div data-elementor-type=\"wp-page\" data-elementor-id=\"10327\" class=\"elementor elementor-10327 elementor-9872\" data-elementor-post-type=\"page\">\n\t\t\t\t\t\t<section class=\"elementor-section elementor-top-section elementor-element elementor-element-5861a17 elementor-section-full_width elementor-section-stretched elementor-section-height-min-height elementor-section-height-default elementor-section-items-middle\" data-id=\"5861a17\" data-element_type=\"section\" data-settings=\"{&quot;stretch_section&quot;:&quot;section-stretched&quot;,&quot;background_background&quot;:&quot;classic&quot;}\">\n\t\t\t\t\t\t\t<div class=\"elementor-background-overlay\"><\/div>\n\t\t\t\t\t\t\t<div class=\"elementor-container elementor-column-gap-default\">\n\t\t\t\t\t<div class=\"elementor-column elementor-col-100 elementor-top-column elementor-element elementor-element-ea42bdb\" data-id=\"ea42bdb\" data-element_type=\"column\">\n\t\t\t<div class=\"elementor-widget-wrap elementor-element-populated\">\n\t\t\t\t\t\t<div class=\"elementor-element elementor-element-8924fce elementor-widget__width-initial elementor-widget-mobile__width-initial elementor-widget elementor-widget-heading\" data-id=\"8924fce\" data-element_type=\"widget\" data-widget_type=\"heading.default\">\n\t\t\t\t<div class=\"elementor-widget-container\">\n\t\t\t\t\t<h2 class=\"elementor-heading-title elementor-size-default\"><b>Exp\u00e9riences<\/b><br><b>Fusions et acquisitions<\/b><br>Recherche d'investisseurs financiers et industriels pour une transaction<\/h2>\t\t\t\t<\/div>\n\t\t\t\t<\/div>\n\t\t\t\t\t<\/div>\n\t\t<\/div>\n\t\t\t\t\t<\/div>\n\t\t<\/section>\n\t\t\t\t<section class=\"elementor-section elementor-top-section elementor-element elementor-element-9dff6a0 elementor-section-boxed elementor-section-height-default elementor-section-height-default\" data-id=\"9dff6a0\" data-element_type=\"section\">\n\t\t\t\t\t\t<div class=\"elementor-container elementor-column-gap-default\">\n\t\t\t\t\t<div class=\"elementor-column elementor-col-100 elementor-top-column elementor-element elementor-element-c3e38d1\" data-id=\"c3e38d1\" data-element_type=\"column\">\n\t\t\t<div class=\"elementor-widget-wrap elementor-element-populated\">\n\t\t\t\t\t\t<div class=\"elementor-element elementor-element-78fa56c elementor-widget elementor-widget-text-editor\" data-id=\"78fa56c\" data-element_type=\"widget\" data-widget_type=\"text-editor.default\">\n\t\t\t\t<div class=\"elementor-widget-container\">\n\t\t\t\t\t\t\t\t\t<h6>Dans le cadre d&rsquo;un processus complet de F&amp;A, la <strong>recherche d&rsquo;investisseurs<\/strong> est la phase o\u00f9 une entreprise passe de \u00ab\u202f\u00eatre pr\u00eate \u00e0 cro\u00eetre\u202f\u00bb \u00e0 <strong>avoir de v\u00e9ritables alternatives sur la table<\/strong>\u202f: <strong>partenaires industriels, fonds, family offices ou investisseurs strat\u00e9giques<\/strong>. Bien g\u00e9r\u00e9e, il ne s&rsquo;agit pas seulement de susciter l&rsquo;int\u00e9r\u00eat, mais de <strong>cr\u00e9er un processus concurrentiel<\/strong> qui permette de choisir <strong>l&rsquo;investisseur appropri\u00e9 et de n\u00e9gocier des conditions favorables<\/strong> (valorisation, structure, gouvernance et engagements futurs). Ici, martinsdelima agit comme un \u00ab\u202farbitre du processus\u202f\u00bb\u202f: il ordonne le r\u00e9cit, contr\u00f4le le rythme et prot\u00e8ge l&rsquo;entreprise afin que le march\u00e9 se dispute pour elle, et non l&rsquo;inverse.  <\/h6><h6>Le premier travail (et le plus sous-estim\u00e9) est le <strong>\u00ab\u202epr\u00e9-march\u00e9\u202f\u00bb<\/strong>\u202f: <strong>d\u00e9finir la th\u00e8se d&rsquo;investissement<\/strong> et pr\u00e9parer l&rsquo;actif afin qu&rsquo;il soit compr\u00e9hensible et d\u00e9fendable. Cela implique de traduire la strat\u00e9gie de l&rsquo;entreprise en une <strong>equity story<\/strong> claire (quel probl\u00e8me elle r\u00e9sout, pourquoi elle gagne, comment elle cro\u00eet, quels sont les risques et comment ils sont att\u00e9nu\u00e9s) et de l&rsquo;\u00e9tayer par des documents qui r\u00e9pondent aux questions difficiles\u202f: <strong>teaser<\/strong>, informations ex\u00e9cutives, paquet financier et un r\u00e9cit coh\u00e9rent des facteurs d\u00e9terminants. Parall\u00e8lement, martinsdelima aide \u00e0 fixer d\u00e8s le d\u00e9part <strong>les r\u00e8gles du jeu<\/strong>\u202f: confidentialit\u00e9, circuit d&rsquo;information, messages uniques et contr\u00f4l\u00e9s, et un guide de questions-r\u00e9ponses pour \u00e9viter les contradictions.  <\/h6><h6>Sur cette base, le \u00ab march\u00e9 \u00bb est con\u00e7u : <strong>identification et segmentation des investisseurs<\/strong> en fonction de l\u2019ad\u00e9quation strat\u00e9gique, de <strong>l\u2019app\u00e9tit pour le risque<\/strong>, de la <strong>taille des tickets<\/strong>, du <strong>style de gouvernance et de la rapidit\u00e9 de d\u00e9cision<\/strong>. martinsdelima ne recherche pas \u00ab beaucoup de noms \u00bb, mais <strong>la bonne liste<\/strong> : un m\u00e9lange \u00e9quilibr\u00e9 de profils qui permet une tension concurrentielle sans d\u00e9clencher le bruit. Ensuite, le <strong>processus de contact<\/strong> est organis\u00e9 : approches discr\u00e8tes, filtrage par int\u00e9r\u00eat r\u00e9el et acc\u00e8s progressif \u00e0 l\u2019information (d\u2019abord un teaser, puis un package \u00e9largi sous NDA, et enfin une data room).  <\/h6><h6>La phase centrale est la gestion du funnel : <strong>transformer l\u2019int\u00e9r\u00eat en propositions<\/strong>. Ici, martinsdelima marque la diff\u00e9rence op\u00e9rationnelle : il coordonne le calendrier, ordonne l\u2019information, pr\u00e9pare la direction aux pr\u00e9sentations et contr\u00f4le la narration pour que l\u2019investisseur \u00e9value ce qui est important. Un circuit qui favorise les d\u00e9cisions est cr\u00e9\u00e9 : <strong>management presentations<\/strong>, <strong>s\u00e9ances de questions, acc\u00e8s \u00e0 la documentation et r\u00e9ception d\u2019offres<\/strong> indicatives (IOI) pour passer \u00e0 une liste restreinte. \u00c0 tout moment, l\u2019objectif est d\u2019\u00e9viter le classique \u00ab int\u00e9r\u00eat \u00e9ternel \u00bb sans engagement et d\u2019amener les candidats \u00e0 des positions comparables.   <\/h6><h6>La m\u00e9thodologie de martinsdelima en mati\u00e8re de n\u00e9gociation repose sur trois leviers\u202f:<\/h6><h6><strong>(i) une concurrence bien g\u00e9r\u00e9e<\/strong>, afin qu&rsquo;il y ait une alternative et non une d\u00e9pendance\u202f; <strong><\/strong><\/h6><h6><strong>(ii) la comparabilit\u00e9 des offres<\/strong>, afin de n\u00e9gocier sur les termes et non sur la confusion\u202f; et<\/h6><h6><strong>(iii) la protection de la valeur et le contr\u00f4le<\/strong>, afin que l&rsquo;accord final soit bon en termes de prix <em>et<\/em> de conditions (structure du paiement, gouvernance, restrictions, engagements, sortie et alignement des incitations).<\/h6><h6>En pratique, nous travaillons avec une matrice de termes pour <strong>d\u00e9tecter rapidement les \u00ab pi\u00e8ges \u00bb<\/strong> (conditions excessives, vetos, ambigu\u00eft\u00e9s, earn-outs mal d\u00e9finis) et <strong>revenir \u00e0 un term sheet d\u00e9fendable.<\/strong><\/h6><h6>L&rsquo;excellente r\u00e9solution est atteinte lorsque le client obtient <strong>non seulement un investisseur<\/strong>, mais <strong>l&rsquo;investisseur appropri\u00e9<\/strong> avec une proposition pouvant \u00eatre conclue\u202f: des termes clairs, des risques limit\u00e9s, une voie vers une due diligence sans heurts et une base solide pour la LOI\/term sheet finale. C&rsquo;est la marque de martinsdelima dans la recherche d&rsquo;investisseurs\u202f: <strong>ordre + r\u00e9cit + processus concurrentiel + n\u00e9gociation technique<\/strong>. Le r\u00e9sultat est que le client gagne en pouvoir de n\u00e9gociation, r\u00e9duit l&rsquo;incertitude et parvient \u00e0 un accord qui prot\u00e8ge la valeur cr\u00e9\u00e9e\u2026 et celle qui reste \u00e0 cr\u00e9er.  <\/h6>\t\t\t\t\t\t\t\t<\/div>\n\t\t\t\t<\/div>\n\t\t\t\t\t<\/div>\n\t\t<\/div>\n\t\t\t\t\t<\/div>\n\t\t<\/section>\n\t\t\t\t<\/div>\n\t\t","protected":false},"excerpt":{"rendered":"<p>Exp\u00e9riencesFusions et acquisitionsRecherche d&rsquo;investisseurs financiers et industriels pour une transaction Dans le cadre d&rsquo;un processus complet de F&amp;A, la recherche d&rsquo;investisseurs est la phase o\u00f9 une entreprise passe de \u00ab\u202f\u00eatre pr\u00eate \u00e0 cro\u00eetre\u202f\u00bb \u00e0 avoir de v\u00e9ritables alternatives sur la table\u202f: partenaires industriels, fonds, family offices ou investisseurs strat\u00e9giques. Bien [&hellip;]<\/p>\n","protected":false},"author":1,"featured_media":0,"parent":0,"menu_order":0,"comment_status":"closed","ping_status":"closed","template":"page-templates\/template-pagebuilder-full-width.php","meta":{"footnotes":""},"class_list":["post-10327","page","type-page","status-publish","hentry"],"yoast_head":"<!-- This site is optimized with the Yoast SEO plugin v26.4 - https:\/\/yoast.com\/wordpress\/plugins\/seo\/ -->\n<title>Exp\u00e9riences fusions recherche - Martinsdelima<\/title>\n<meta name=\"robots\" content=\"index, follow, max-snippet:-1, max-image-preview:large, max-video-preview:-1\" \/>\n<link rel=\"canonical\" href=\"https:\/\/www.martinsdelima.com\/fr\/experiences-fusions-recherche\/\" \/>\n<meta property=\"og:locale\" content=\"fr_FR\" \/>\n<meta property=\"og:type\" content=\"article\" \/>\n<meta property=\"og:title\" content=\"Exp\u00e9riences fusions recherche - Martinsdelima\" \/>\n<meta property=\"og:description\" content=\"Exp\u00e9riencesFusions et acquisitionsRecherche d&rsquo;investisseurs financiers et industriels pour une transaction Dans le cadre d&rsquo;un processus complet de F&amp;A, la recherche d&rsquo;investisseurs est la phase o\u00f9 une entreprise passe de \u00ab\u202f\u00eatre pr\u00eate \u00e0 cro\u00eetre\u202f\u00bb \u00e0 avoir de v\u00e9ritables alternatives sur la table\u202f: partenaires industriels, fonds, family offices ou investisseurs strat\u00e9giques. Bien [&hellip;]\" \/>\n<meta property=\"og:url\" content=\"https:\/\/www.martinsdelima.com\/fr\/experiences-fusions-recherche\/\" \/>\n<meta property=\"og:site_name\" content=\"Martinsdelima\" \/>\n<meta property=\"article:modified_time\" content=\"2026-02-08T18:28:12+00:00\" \/>\n<meta name=\"twitter:card\" content=\"summary_large_image\" \/>\n<meta name=\"twitter:label1\" content=\"Dur\u00e9e de lecture estim\u00e9e\" \/>\n\t<meta name=\"twitter:data1\" content=\"3 minutes\" \/>\n<script type=\"application\/ld+json\" class=\"yoast-schema-graph\">{\"@context\":\"https:\/\/schema.org\",\"@graph\":[{\"@type\":\"WebPage\",\"@id\":\"https:\/\/www.martinsdelima.com\/fr\/experiences-fusions-recherche\/\",\"url\":\"https:\/\/www.martinsdelima.com\/fr\/experiences-fusions-recherche\/\",\"name\":\"Exp\u00e9riences fusions recherche - Martinsdelima\",\"isPartOf\":{\"@id\":\"https:\/\/www.martinsdelima.com\/fr\/#website\"},\"datePublished\":\"2026-01-24T20:22:46+00:00\",\"dateModified\":\"2026-02-08T18:28:12+00:00\",\"breadcrumb\":{\"@id\":\"https:\/\/www.martinsdelima.com\/fr\/experiences-fusions-recherche\/#breadcrumb\"},\"inLanguage\":\"fr-FR\",\"potentialAction\":[{\"@type\":\"ReadAction\",\"target\":[\"https:\/\/www.martinsdelima.com\/fr\/experiences-fusions-recherche\/\"]}]},{\"@type\":\"BreadcrumbList\",\"@id\":\"https:\/\/www.martinsdelima.com\/fr\/experiences-fusions-recherche\/#breadcrumb\",\"itemListElement\":[{\"@type\":\"ListItem\",\"position\":1,\"name\":\"Page d'accueil\",\"item\":\"https:\/\/www.martinsdelima.com\/fr\/accueil\/\"},{\"@type\":\"ListItem\",\"position\":2,\"name\":\"Exp\u00e9riences fusions recherche\"}]},{\"@type\":\"WebSite\",\"@id\":\"https:\/\/www.martinsdelima.com\/fr\/#website\",\"url\":\"https:\/\/www.martinsdelima.com\/fr\/\",\"name\":\"Martinsdelima\",\"description\":\"Forensic&amp;Finance\",\"publisher\":{\"@id\":\"https:\/\/www.martinsdelima.com\/fr\/#organization\"},\"potentialAction\":[{\"@type\":\"SearchAction\",\"target\":{\"@type\":\"EntryPoint\",\"urlTemplate\":\"https:\/\/www.martinsdelima.com\/fr\/?s={search_term_string}\"},\"query-input\":{\"@type\":\"PropertyValueSpecification\",\"valueRequired\":true,\"valueName\":\"search_term_string\"}}],\"inLanguage\":\"fr-FR\"},{\"@type\":\"Organization\",\"@id\":\"https:\/\/www.martinsdelima.com\/fr\/#organization\",\"name\":\"Martinsdelima\",\"url\":\"https:\/\/www.martinsdelima.com\/fr\/\",\"logo\":{\"@type\":\"ImageObject\",\"inLanguage\":\"fr-FR\",\"@id\":\"https:\/\/www.martinsdelima.com\/fr\/#\/schema\/logo\/image\/\",\"url\":\"https:\/\/mligy6wbr5rs.i.optimole.com\/w:auto\/h:auto\/q:mauto\/f:best\/https:\/\/www.martinsdelima.com\/wp-content\/uploads\/2025\/10\/martinsdelima-letras-claras-horizontal.png\",\"contentUrl\":\"https:\/\/mligy6wbr5rs.i.optimole.com\/w:auto\/h:auto\/q:mauto\/f:best\/https:\/\/www.martinsdelima.com\/wp-content\/uploads\/2025\/10\/martinsdelima-letras-claras-horizontal.png\",\"width\":1315,\"height\":217,\"caption\":\"Martinsdelima\"},\"image\":{\"@id\":\"https:\/\/www.martinsdelima.com\/fr\/#\/schema\/logo\/image\/\"}}]}<\/script>\n<!-- \/ Yoast SEO plugin. -->","yoast_head_json":{"title":"Exp\u00e9riences fusions recherche - Martinsdelima","robots":{"index":"index","follow":"follow","max-snippet":"max-snippet:-1","max-image-preview":"max-image-preview:large","max-video-preview":"max-video-preview:-1"},"canonical":"https:\/\/www.martinsdelima.com\/fr\/experiences-fusions-recherche\/","og_locale":"fr_FR","og_type":"article","og_title":"Exp\u00e9riences fusions recherche - Martinsdelima","og_description":"Exp\u00e9riencesFusions et acquisitionsRecherche d&rsquo;investisseurs financiers et industriels pour une transaction Dans le cadre d&rsquo;un processus complet de F&amp;A, la recherche d&rsquo;investisseurs est la phase o\u00f9 une entreprise passe de \u00ab\u202f\u00eatre pr\u00eate \u00e0 cro\u00eetre\u202f\u00bb \u00e0 avoir de v\u00e9ritables alternatives sur la table\u202f: partenaires industriels, fonds, family offices ou investisseurs strat\u00e9giques. Bien [&hellip;]","og_url":"https:\/\/www.martinsdelima.com\/fr\/experiences-fusions-recherche\/","og_site_name":"Martinsdelima","article_modified_time":"2026-02-08T18:28:12+00:00","twitter_card":"summary_large_image","twitter_misc":{"Dur\u00e9e de lecture estim\u00e9e":"3 minutes"},"schema":{"@context":"https:\/\/schema.org","@graph":[{"@type":"WebPage","@id":"https:\/\/www.martinsdelima.com\/fr\/experiences-fusions-recherche\/","url":"https:\/\/www.martinsdelima.com\/fr\/experiences-fusions-recherche\/","name":"Exp\u00e9riences fusions recherche - Martinsdelima","isPartOf":{"@id":"https:\/\/www.martinsdelima.com\/fr\/#website"},"datePublished":"2026-01-24T20:22:46+00:00","dateModified":"2026-02-08T18:28:12+00:00","breadcrumb":{"@id":"https:\/\/www.martinsdelima.com\/fr\/experiences-fusions-recherche\/#breadcrumb"},"inLanguage":"fr-FR","potentialAction":[{"@type":"ReadAction","target":["https:\/\/www.martinsdelima.com\/fr\/experiences-fusions-recherche\/"]}]},{"@type":"BreadcrumbList","@id":"https:\/\/www.martinsdelima.com\/fr\/experiences-fusions-recherche\/#breadcrumb","itemListElement":[{"@type":"ListItem","position":1,"name":"Page d'accueil","item":"https:\/\/www.martinsdelima.com\/fr\/accueil\/"},{"@type":"ListItem","position":2,"name":"Exp\u00e9riences fusions recherche"}]},{"@type":"WebSite","@id":"https:\/\/www.martinsdelima.com\/fr\/#website","url":"https:\/\/www.martinsdelima.com\/fr\/","name":"Martinsdelima","description":"Forensic&amp;Finance","publisher":{"@id":"https:\/\/www.martinsdelima.com\/fr\/#organization"},"potentialAction":[{"@type":"SearchAction","target":{"@type":"EntryPoint","urlTemplate":"https:\/\/www.martinsdelima.com\/fr\/?s={search_term_string}"},"query-input":{"@type":"PropertyValueSpecification","valueRequired":true,"valueName":"search_term_string"}}],"inLanguage":"fr-FR"},{"@type":"Organization","@id":"https:\/\/www.martinsdelima.com\/fr\/#organization","name":"Martinsdelima","url":"https:\/\/www.martinsdelima.com\/fr\/","logo":{"@type":"ImageObject","inLanguage":"fr-FR","@id":"https:\/\/www.martinsdelima.com\/fr\/#\/schema\/logo\/image\/","url":"https:\/\/mligy6wbr5rs.i.optimole.com\/w:auto\/h:auto\/q:mauto\/f:best\/https:\/\/www.martinsdelima.com\/wp-content\/uploads\/2025\/10\/martinsdelima-letras-claras-horizontal.png","contentUrl":"https:\/\/mligy6wbr5rs.i.optimole.com\/w:auto\/h:auto\/q:mauto\/f:best\/https:\/\/www.martinsdelima.com\/wp-content\/uploads\/2025\/10\/martinsdelima-letras-claras-horizontal.png","width":1315,"height":217,"caption":"Martinsdelima"},"image":{"@id":"https:\/\/www.martinsdelima.com\/fr\/#\/schema\/logo\/image\/"}}]}},"_links":{"self":[{"href":"https:\/\/www.martinsdelima.com\/fr\/wp-json\/wp\/v2\/pages\/10327","targetHints":{"allow":["GET"]}}],"collection":[{"href":"https:\/\/www.martinsdelima.com\/fr\/wp-json\/wp\/v2\/pages"}],"about":[{"href":"https:\/\/www.martinsdelima.com\/fr\/wp-json\/wp\/v2\/types\/page"}],"author":[{"embeddable":true,"href":"https:\/\/www.martinsdelima.com\/fr\/wp-json\/wp\/v2\/users\/1"}],"replies":[{"embeddable":true,"href":"https:\/\/www.martinsdelima.com\/fr\/wp-json\/wp\/v2\/comments?post=10327"}],"version-history":[{"count":1,"href":"https:\/\/www.martinsdelima.com\/fr\/wp-json\/wp\/v2\/pages\/10327\/revisions"}],"predecessor-version":[{"id":10328,"href":"https:\/\/www.martinsdelima.com\/fr\/wp-json\/wp\/v2\/pages\/10327\/revisions\/10328"}],"wp:attachment":[{"href":"https:\/\/www.martinsdelima.com\/fr\/wp-json\/wp\/v2\/media?parent=10327"}],"curies":[{"name":"wp","href":"https:\/\/api.w.org\/{rel}","templated":true}]}}