{"id":10375,"date":"2026-01-19T16:20:21","date_gmt":"2026-01-19T16:20:21","guid":{"rendered":"https:\/\/www.martinsdelima.com\/experiences-en-restructurations-de-dette\/"},"modified":"2026-02-12T11:27:28","modified_gmt":"2026-02-12T11:27:28","slug":"experiences-en-restructurations-de-dette","status":"publish","type":"page","link":"https:\/\/www.martinsdelima.com\/fr\/experiences-en-restructurations-de-dette\/","title":{"rendered":"Exp\u00e9riences en restructuration de dettes"},"content":{"rendered":"\t\t<div data-elementor-type=\"wp-page\" data-elementor-id=\"10375\" class=\"elementor elementor-10375 elementor-9751\" data-elementor-post-type=\"page\">\n\t\t\t\t\t\t<section class=\"elementor-section elementor-top-section elementor-element elementor-element-5861a17 elementor-section-full_width elementor-section-stretched elementor-section-height-min-height elementor-section-height-default elementor-section-items-middle\" data-id=\"5861a17\" data-element_type=\"section\" data-settings=\"{&quot;stretch_section&quot;:&quot;section-stretched&quot;,&quot;background_background&quot;:&quot;classic&quot;}\">\n\t\t\t\t\t\t\t<div class=\"elementor-background-overlay\"><\/div>\n\t\t\t\t\t\t\t<div class=\"elementor-container elementor-column-gap-default\">\n\t\t\t\t\t<div class=\"elementor-column elementor-col-100 elementor-top-column elementor-element elementor-element-ea42bdb\" data-id=\"ea42bdb\" data-element_type=\"column\">\n\t\t\t<div class=\"elementor-widget-wrap elementor-element-populated\">\n\t\t\t\t\t\t<div class=\"elementor-element elementor-element-8924fce elementor-widget__width-initial elementor-widget-mobile__width-initial elementor-widget elementor-widget-heading\" data-id=\"8924fce\" data-element_type=\"widget\" data-widget_type=\"heading.default\">\n\t\t\t\t<div class=\"elementor-widget-container\">\n\t\t\t\t\t<h2 class=\"elementor-heading-title elementor-size-default\"><b>Exp\u00e9riences<\/b><br><b>Restructurations de dette<\/b><br>Examen d\u2019une restructuration de dette : viabilit\u00e9, risques et coh\u00e9rence <\/h2>\t\t\t\t<\/div>\n\t\t\t\t<\/div>\n\t\t\t\t\t<\/div>\n\t\t<\/div>\n\t\t\t\t\t<\/div>\n\t\t<\/section>\n\t\t\t\t<section class=\"elementor-section elementor-top-section elementor-element elementor-element-9dff6a0 elementor-section-boxed elementor-section-height-default elementor-section-height-default\" data-id=\"9dff6a0\" data-element_type=\"section\">\n\t\t\t\t\t\t<div class=\"elementor-container elementor-column-gap-default\">\n\t\t\t\t\t<div class=\"elementor-column elementor-col-100 elementor-top-column elementor-element elementor-element-c3e38d1\" data-id=\"c3e38d1\" data-element_type=\"column\">\n\t\t\t<div class=\"elementor-widget-wrap elementor-element-populated\">\n\t\t\t\t\t\t<div class=\"elementor-element elementor-element-78fa56c elementor-widget elementor-widget-text-editor\" data-id=\"78fa56c\" data-element_type=\"widget\" data-widget_type=\"text-editor.default\">\n\t\t\t\t<div class=\"elementor-widget-container\">\n\t\t\t\t\t\t\t\t\t<h6>Une entreprise de grande taille \u00e9tait confront\u00e9e \u00e0 un processus de <strong>restructuration de dette<\/strong> avec un objectif prioritaire : <strong>restaurer la stabilit\u00e9 financi\u00e8re et la cr\u00e9dibilit\u00e9 aupr\u00e8s du march\u00e9<\/strong>, en pr\u00e9servant la continuit\u00e9 op\u00e9rationnelle et la valeur de ses projets. On nous a demand\u00e9 un examen externe pour <strong>\u00e9valuer la coh\u00e9rence \u00e9conomique de la proposition<\/strong>, <strong>identifier les risques<\/strong> d&rsquo;ex\u00e9cution et apporter une lecture claire, utile \u00e0 la prise de d\u00e9cisions. <\/h6>\n<h6>Chez martinsdelima, nous avons abord\u00e9 le travail comme un examen complet de l&rsquo;architecture de la restructuration : comment le <strong>financement \u00e9tait r\u00e9organis\u00e9<\/strong>, quelles hypoth\u00e8ses soutenaient le plan et quelles pi\u00e8ces \u00e9taient essentielles pour que le processus soit viable. Dans ce type d&rsquo;op\u00e9rations, la valeur ne r\u00e9side pas seulement dans la \u00ab conception \u00bb financi\u00e8re, mais dans la capacit\u00e9 \u00e0 l&rsquo;ex\u00e9cuter : c&rsquo;est pourquoi nous avons analys\u00e9 la restructuration avec une <strong>vision pratique<\/strong>, ancr\u00e9e dans les <strong>conditions r\u00e9elles du march\u00e9<\/strong>. <\/h6>\n<h6>Un \u00e9l\u00e9ment central de l&rsquo;examen a \u00e9t\u00e9 la <strong>recapitalisation<\/strong> comme \u00e9l\u00e9ment de soutien dans la restructuration de la dette. Nous avons \u00e9valu\u00e9 <strong>comment l&rsquo;injection de capital et sa structure<\/strong> pouvaient contribuer \u00e0 <strong>renforcer la solvabilit\u00e9 et la liquidit\u00e9<\/strong>, et quelles d\u00e9cisions conditionnaient le r\u00e9sultat final du point de vue \u00e9conomique, comptable et de la confiance des financiers. <\/h6>\n<h6>Nous avons \u00e9galement examin\u00e9 les <strong>risques op\u00e9rationnels<\/strong> du processus, qui, dans les restructurations complexes, sont souvent aussi importants que les <strong>risques financiers<\/strong>. Nous avons examin\u00e9 la s\u00e9quence des \u00e9tapes critiques (s\u00e9lection des entit\u00e9s, coordination avec les conseillers, diligence raisonnable et pr\u00e9paration de la documentation), car de petites frictions \u00e0 ces \u00e9tapes peuvent amplifier l&rsquo;incertitude et d\u00e9t\u00e9riorer la capacit\u00e9 de cl\u00f4ture de l&rsquo;op\u00e9ration. <\/h6>\n<h6>Un autre \u00e9l\u00e9ment cl\u00e9 a \u00e9t\u00e9 l&rsquo;<strong>analyse des m\u00e9canismes d&rsquo;assurance et des engagements li\u00e9s \u00e0 l&rsquo;op\u00e9ration<\/strong>. En termes d&rsquo;ex\u00e9cution, ces m\u00e9canismes fonctionnent comme une garantie que le plan ne reste pas une intention : ils apportent de la cr\u00e9dibilit\u00e9 et aident \u00e0 <strong>transformer la restructuration en un processus plus certain pour les investisseurs et les financiers<\/strong>. <\/h6>\n<h6>Nous appliquons une m\u00e9thodologie d&rsquo;examen en quatre couches :<\/h6>\n<h6>(i) lecture structur\u00e9e de la <strong>situation financi\u00e8re<\/strong> et des d\u00e9clencheurs de <strong>liquidit\u00e9<\/strong>,<\/h6>\n<h6>(ii) analyse de l&rsquo;architecture de la <strong>restructuration<\/strong> et du r\u00f4le de la <strong>recapitalisation<\/strong>,<\/h6>\n<h6>(iii) identification de <strong>jalons critiques et risques d\u2019ex\u00e9cution<\/strong> (due diligence (\u00ab Due Diligence \u00bb), s\u00e9lection d\u2019entit\u00e9s, s\u00e9quence et gouvernance), et<\/h6>\n<h6>(iv) validation de la <strong>coh\u00e9rence \u00e9conomique<\/strong> : que les composantes du plan soient coh\u00e9rentes entre elles et compatibles avec l&rsquo;app\u00e9tit pour le risque des financiers.<\/h6>\n<h6><\/h6>\n<h6>Le r\u00e9sultat a \u00e9t\u00e9 un examen particuli\u00e8rement pr\u00e9cieux pour la direction : un diagnostic clair de <strong>viabilit\u00e9 et des risques<\/strong>, avec des recommandations pratiques pour <strong>renforcer l&rsquo;ex\u00e9cutabilit\u00e9 et la cr\u00e9dibilit\u00e9<\/strong> de la restructuration. En d&rsquo;autres termes, martinsdelima a apport\u00e9 une couche de contr\u00f4le et de rigueur qui permet d&rsquo;avancer avec plus de s\u00e9curit\u00e9 : <strong>nous avons signal\u00e9 quelles parties de la conception \u00e9taient critiques, o\u00f9 se trouvaient les principaux points de friction et quels ajustements am\u00e9lioraient la qualit\u00e9 du plan<\/strong>. Cette approche, ax\u00e9e sur le march\u00e9 et l&rsquo;ex\u00e9cution, est ce qui transforme une restructuration complexe en une solution solide et efficace.  <\/h6>\t\t\t\t\t\t\t\t<\/div>\n\t\t\t\t<\/div>\n\t\t\t\t\t<\/div>\n\t\t<\/div>\n\t\t\t\t\t<\/div>\n\t\t<\/section>\n\t\t\t\t<\/div>\n\t\t","protected":false},"excerpt":{"rendered":"<p>Exp\u00e9riencesRestructurations de detteExamen d\u2019une restructuration de dette : viabilit\u00e9, risques et coh\u00e9rence Une entreprise de grande taille \u00e9tait confront\u00e9e \u00e0 un processus de restructuration de dette avec un objectif prioritaire : restaurer la stabilit\u00e9 financi\u00e8re et la cr\u00e9dibilit\u00e9 aupr\u00e8s du march\u00e9, en pr\u00e9servant la continuit\u00e9 op\u00e9rationnelle et la valeur de [&hellip;]<\/p>\n","protected":false},"author":1,"featured_media":0,"parent":0,"menu_order":0,"comment_status":"closed","ping_status":"closed","template":"page-templates\/template-pagebuilder-full-width.php","meta":{"footnotes":""},"class_list":["post-10375","page","type-page","status-publish","hentry"],"yoast_head":"<!-- This site is optimized with the Yoast SEO plugin v26.4 - https:\/\/yoast.com\/wordpress\/plugins\/seo\/ -->\n<title>Exp\u00e9riences en restructuration de dettes - Martinsdelima<\/title>\n<meta name=\"robots\" content=\"index, follow, max-snippet:-1, max-image-preview:large, max-video-preview:-1\" \/>\n<link rel=\"canonical\" href=\"https:\/\/www.martinsdelima.com\/fr\/experiences-en-restructurations-de-dette\/\" \/>\n<meta property=\"og:locale\" content=\"fr_FR\" \/>\n<meta property=\"og:type\" content=\"article\" \/>\n<meta property=\"og:title\" content=\"Exp\u00e9riences en restructuration de dettes - Martinsdelima\" \/>\n<meta property=\"og:description\" content=\"Exp\u00e9riencesRestructurations de detteExamen d\u2019une restructuration de dette : viabilit\u00e9, risques et coh\u00e9rence Une entreprise de grande taille \u00e9tait confront\u00e9e \u00e0 un processus de restructuration de dette avec un objectif prioritaire : restaurer la stabilit\u00e9 financi\u00e8re et la cr\u00e9dibilit\u00e9 aupr\u00e8s du march\u00e9, en pr\u00e9servant la continuit\u00e9 op\u00e9rationnelle et la valeur de [&hellip;]\" \/>\n<meta property=\"og:url\" content=\"https:\/\/www.martinsdelima.com\/fr\/experiences-en-restructurations-de-dette\/\" \/>\n<meta property=\"og:site_name\" content=\"Martinsdelima\" \/>\n<meta property=\"article:modified_time\" content=\"2026-02-12T11:27:28+00:00\" \/>\n<meta name=\"twitter:card\" content=\"summary_large_image\" \/>\n<meta name=\"twitter:label1\" content=\"Dur\u00e9e de lecture estim\u00e9e\" \/>\n\t<meta name=\"twitter:data1\" content=\"3 minutes\" \/>\n<script type=\"application\/ld+json\" class=\"yoast-schema-graph\">{\"@context\":\"https:\/\/schema.org\",\"@graph\":[{\"@type\":\"WebPage\",\"@id\":\"https:\/\/www.martinsdelima.com\/fr\/experiences-en-restructurations-de-dette\/\",\"url\":\"https:\/\/www.martinsdelima.com\/fr\/experiences-en-restructurations-de-dette\/\",\"name\":\"Exp\u00e9riences en restructuration de dettes - Martinsdelima\",\"isPartOf\":{\"@id\":\"https:\/\/www.martinsdelima.com\/fr\/#website\"},\"datePublished\":\"2026-01-19T16:20:21+00:00\",\"dateModified\":\"2026-02-12T11:27:28+00:00\",\"breadcrumb\":{\"@id\":\"https:\/\/www.martinsdelima.com\/fr\/experiences-en-restructurations-de-dette\/#breadcrumb\"},\"inLanguage\":\"fr-FR\",\"potentialAction\":[{\"@type\":\"ReadAction\",\"target\":[\"https:\/\/www.martinsdelima.com\/fr\/experiences-en-restructurations-de-dette\/\"]}]},{\"@type\":\"BreadcrumbList\",\"@id\":\"https:\/\/www.martinsdelima.com\/fr\/experiences-en-restructurations-de-dette\/#breadcrumb\",\"itemListElement\":[{\"@type\":\"ListItem\",\"position\":1,\"name\":\"Page d'accueil\",\"item\":\"https:\/\/www.martinsdelima.com\/fr\/accueil\/\"},{\"@type\":\"ListItem\",\"position\":2,\"name\":\"Exp\u00e9riences en restructuration de dettes\"}]},{\"@type\":\"WebSite\",\"@id\":\"https:\/\/www.martinsdelima.com\/fr\/#website\",\"url\":\"https:\/\/www.martinsdelima.com\/fr\/\",\"name\":\"Martinsdelima\",\"description\":\"Forensic&amp;Finance\",\"publisher\":{\"@id\":\"https:\/\/www.martinsdelima.com\/fr\/#organization\"},\"potentialAction\":[{\"@type\":\"SearchAction\",\"target\":{\"@type\":\"EntryPoint\",\"urlTemplate\":\"https:\/\/www.martinsdelima.com\/fr\/?s={search_term_string}\"},\"query-input\":{\"@type\":\"PropertyValueSpecification\",\"valueRequired\":true,\"valueName\":\"search_term_string\"}}],\"inLanguage\":\"fr-FR\"},{\"@type\":\"Organization\",\"@id\":\"https:\/\/www.martinsdelima.com\/fr\/#organization\",\"name\":\"Martinsdelima\",\"url\":\"https:\/\/www.martinsdelima.com\/fr\/\",\"logo\":{\"@type\":\"ImageObject\",\"inLanguage\":\"fr-FR\",\"@id\":\"https:\/\/www.martinsdelima.com\/fr\/#\/schema\/logo\/image\/\",\"url\":\"https:\/\/mligy6wbr5rs.i.optimole.com\/w:auto\/h:auto\/q:mauto\/f:best\/https:\/\/www.martinsdelima.com\/wp-content\/uploads\/2025\/10\/martinsdelima-letras-claras-horizontal.png\",\"contentUrl\":\"https:\/\/mligy6wbr5rs.i.optimole.com\/w:auto\/h:auto\/q:mauto\/f:best\/https:\/\/www.martinsdelima.com\/wp-content\/uploads\/2025\/10\/martinsdelima-letras-claras-horizontal.png\",\"width\":1315,\"height\":217,\"caption\":\"Martinsdelima\"},\"image\":{\"@id\":\"https:\/\/www.martinsdelima.com\/fr\/#\/schema\/logo\/image\/\"}}]}<\/script>\n<!-- \/ Yoast SEO plugin. -->","yoast_head_json":{"title":"Exp\u00e9riences en restructuration de dettes - Martinsdelima","robots":{"index":"index","follow":"follow","max-snippet":"max-snippet:-1","max-image-preview":"max-image-preview:large","max-video-preview":"max-video-preview:-1"},"canonical":"https:\/\/www.martinsdelima.com\/fr\/experiences-en-restructurations-de-dette\/","og_locale":"fr_FR","og_type":"article","og_title":"Exp\u00e9riences en restructuration de dettes - Martinsdelima","og_description":"Exp\u00e9riencesRestructurations de detteExamen d\u2019une restructuration de dette : viabilit\u00e9, risques et coh\u00e9rence Une entreprise de grande taille \u00e9tait confront\u00e9e \u00e0 un processus de restructuration de dette avec un objectif prioritaire : restaurer la stabilit\u00e9 financi\u00e8re et la cr\u00e9dibilit\u00e9 aupr\u00e8s du march\u00e9, en pr\u00e9servant la continuit\u00e9 op\u00e9rationnelle et la valeur de [&hellip;]","og_url":"https:\/\/www.martinsdelima.com\/fr\/experiences-en-restructurations-de-dette\/","og_site_name":"Martinsdelima","article_modified_time":"2026-02-12T11:27:28+00:00","twitter_card":"summary_large_image","twitter_misc":{"Dur\u00e9e de lecture estim\u00e9e":"3 minutes"},"schema":{"@context":"https:\/\/schema.org","@graph":[{"@type":"WebPage","@id":"https:\/\/www.martinsdelima.com\/fr\/experiences-en-restructurations-de-dette\/","url":"https:\/\/www.martinsdelima.com\/fr\/experiences-en-restructurations-de-dette\/","name":"Exp\u00e9riences en restructuration de dettes - Martinsdelima","isPartOf":{"@id":"https:\/\/www.martinsdelima.com\/fr\/#website"},"datePublished":"2026-01-19T16:20:21+00:00","dateModified":"2026-02-12T11:27:28+00:00","breadcrumb":{"@id":"https:\/\/www.martinsdelima.com\/fr\/experiences-en-restructurations-de-dette\/#breadcrumb"},"inLanguage":"fr-FR","potentialAction":[{"@type":"ReadAction","target":["https:\/\/www.martinsdelima.com\/fr\/experiences-en-restructurations-de-dette\/"]}]},{"@type":"BreadcrumbList","@id":"https:\/\/www.martinsdelima.com\/fr\/experiences-en-restructurations-de-dette\/#breadcrumb","itemListElement":[{"@type":"ListItem","position":1,"name":"Page d'accueil","item":"https:\/\/www.martinsdelima.com\/fr\/accueil\/"},{"@type":"ListItem","position":2,"name":"Exp\u00e9riences en restructuration de dettes"}]},{"@type":"WebSite","@id":"https:\/\/www.martinsdelima.com\/fr\/#website","url":"https:\/\/www.martinsdelima.com\/fr\/","name":"Martinsdelima","description":"Forensic&amp;Finance","publisher":{"@id":"https:\/\/www.martinsdelima.com\/fr\/#organization"},"potentialAction":[{"@type":"SearchAction","target":{"@type":"EntryPoint","urlTemplate":"https:\/\/www.martinsdelima.com\/fr\/?s={search_term_string}"},"query-input":{"@type":"PropertyValueSpecification","valueRequired":true,"valueName":"search_term_string"}}],"inLanguage":"fr-FR"},{"@type":"Organization","@id":"https:\/\/www.martinsdelima.com\/fr\/#organization","name":"Martinsdelima","url":"https:\/\/www.martinsdelima.com\/fr\/","logo":{"@type":"ImageObject","inLanguage":"fr-FR","@id":"https:\/\/www.martinsdelima.com\/fr\/#\/schema\/logo\/image\/","url":"https:\/\/mligy6wbr5rs.i.optimole.com\/w:auto\/h:auto\/q:mauto\/f:best\/https:\/\/www.martinsdelima.com\/wp-content\/uploads\/2025\/10\/martinsdelima-letras-claras-horizontal.png","contentUrl":"https:\/\/mligy6wbr5rs.i.optimole.com\/w:auto\/h:auto\/q:mauto\/f:best\/https:\/\/www.martinsdelima.com\/wp-content\/uploads\/2025\/10\/martinsdelima-letras-claras-horizontal.png","width":1315,"height":217,"caption":"Martinsdelima"},"image":{"@id":"https:\/\/www.martinsdelima.com\/fr\/#\/schema\/logo\/image\/"}}]}},"_links":{"self":[{"href":"https:\/\/www.martinsdelima.com\/fr\/wp-json\/wp\/v2\/pages\/10375","targetHints":{"allow":["GET"]}}],"collection":[{"href":"https:\/\/www.martinsdelima.com\/fr\/wp-json\/wp\/v2\/pages"}],"about":[{"href":"https:\/\/www.martinsdelima.com\/fr\/wp-json\/wp\/v2\/types\/page"}],"author":[{"embeddable":true,"href":"https:\/\/www.martinsdelima.com\/fr\/wp-json\/wp\/v2\/users\/1"}],"replies":[{"embeddable":true,"href":"https:\/\/www.martinsdelima.com\/fr\/wp-json\/wp\/v2\/comments?post=10375"}],"version-history":[{"count":3,"href":"https:\/\/www.martinsdelima.com\/fr\/wp-json\/wp\/v2\/pages\/10375\/revisions"}],"predecessor-version":[{"id":11876,"href":"https:\/\/www.martinsdelima.com\/fr\/wp-json\/wp\/v2\/pages\/10375\/revisions\/11876"}],"wp:attachment":[{"href":"https:\/\/www.martinsdelima.com\/fr\/wp-json\/wp\/v2\/media?parent=10375"}],"curies":[{"name":"wp","href":"https:\/\/api.w.org\/{rel}","templated":true}]}}