{"id":10380,"date":"2026-01-19T16:05:15","date_gmt":"2026-01-19T16:05:15","guid":{"rendered":"https:\/\/www.martinsdelima.com\/experiences-restructurations-unite\/"},"modified":"2026-02-08T18:39:03","modified_gmt":"2026-02-08T18:39:03","slug":"experiences-restructurations-unite","status":"publish","type":"page","link":"https:\/\/www.martinsdelima.com\/fr\/experiences-restructurations-unite\/","title":{"rendered":"Exp\u00e9riences restructurations unit\u00e9"},"content":{"rendered":"\t\t<div data-elementor-type=\"wp-page\" data-elementor-id=\"10380\" class=\"elementor elementor-10380 elementor-9729\" data-elementor-post-type=\"page\">\n\t\t\t\t\t\t<section class=\"elementor-section elementor-top-section elementor-element elementor-element-5861a17 elementor-section-full_width elementor-section-stretched elementor-section-height-min-height elementor-section-height-default elementor-section-items-middle\" data-id=\"5861a17\" data-element_type=\"section\" data-settings=\"{&quot;stretch_section&quot;:&quot;section-stretched&quot;,&quot;background_background&quot;:&quot;classic&quot;}\">\n\t\t\t\t\t\t\t<div class=\"elementor-background-overlay\"><\/div>\n\t\t\t\t\t\t\t<div class=\"elementor-container elementor-column-gap-default\">\n\t\t\t\t\t<div class=\"elementor-column elementor-col-100 elementor-top-column elementor-element elementor-element-ea42bdb\" data-id=\"ea42bdb\" data-element_type=\"column\">\n\t\t\t<div class=\"elementor-widget-wrap elementor-element-populated\">\n\t\t\t\t\t\t<div class=\"elementor-element elementor-element-8924fce elementor-widget__width-initial elementor-widget-mobile__width-initial elementor-widget elementor-widget-heading\" data-id=\"8924fce\" data-element_type=\"widget\" data-widget_type=\"heading.default\">\n\t\t\t\t<div class=\"elementor-widget-container\">\n\t\t\t\t\t<h2 class=\"elementor-heading-title elementor-size-default\"><b>Exp\u00e9riences<\/b><br><b>Restructurations Unit\u00e9s de Negocio<\/b><br>Nouvelle Unit\u00e9 de Negocio<\/h2>\t\t\t\t<\/div>\n\t\t\t\t<\/div>\n\t\t\t\t\t<\/div>\n\t\t<\/div>\n\t\t\t\t\t<\/div>\n\t\t<\/section>\n\t\t\t\t<section class=\"elementor-section elementor-top-section elementor-element elementor-element-9dff6a0 elementor-section-boxed elementor-section-height-default elementor-section-height-default\" data-id=\"9dff6a0\" data-element_type=\"section\">\n\t\t\t\t\t\t<div class=\"elementor-container elementor-column-gap-default\">\n\t\t\t\t\t<div class=\"elementor-column elementor-col-100 elementor-top-column elementor-element elementor-element-c3e38d1\" data-id=\"c3e38d1\" data-element_type=\"column\">\n\t\t\t<div class=\"elementor-widget-wrap elementor-element-populated\">\n\t\t\t\t\t\t<div class=\"elementor-element elementor-element-78fa56c elementor-widget elementor-widget-text-editor\" data-id=\"78fa56c\" data-element_type=\"widget\" data-widget_type=\"text-editor.default\">\n\t\t\t\t<div class=\"elementor-widget-container\">\n\t\t\t\t\t\t\t\t\t<h6>Dans le <strong>cycle de vie d&rsquo;une entreprise<\/strong>, il arrive un moment o\u00f9 l&rsquo;on se trouve \u00e0 la crois\u00e9e des chemins, devant d\u00e9cider s&rsquo;il faut <strong>continuer \u00e0 cro\u00eetre<\/strong> et \u00e0 d\u00e9velopper l&rsquo;entreprise ou ne pas prendre de risques et stagner, avec les cons\u00e9quences habituelles qui en d\u00e9coulent.<\/h6><h6>Notre client, une association dont l&rsquo;activit\u00e9 est limit\u00e9e \u00e0 la Communaut\u00e9 de Madrid et \u00e0 un secteur sp\u00e9cifique, nous a demand\u00e9 conseil pour d\u00e9velopper ses services. <strong>Ils avaient une id\u00e9e et il \u00e9tait n\u00e9cessaire de la concr\u00e9tiser.<\/strong><\/h6><h6>Gr\u00e2ce \u00e0<span> <\/span><b>martinsdelima<\/b>, cette association a cr\u00e9\u00e9 une nouvelle unit\u00e9 commerciale qui lui permet d&rsquo;\u00e9largir son public cible et sa zone de travail, <strong>augmentant<\/strong> ainsi \u00e9galement ses <strong>revenus<\/strong>. Gr\u00e2ce \u00e0 cela, elle offre actuellement <strong>plus de services, plus complets et \u00e0 plus d&rsquo;entreprises<\/strong>. De plus, son champ d&rsquo;action couvre d&rsquo;autres zones g\u00e9ographiques en plus de la Communaut\u00e9 de Madrid.  <\/h6><h6>Cette nouvelle unit\u00e9 commerciale a d\u00fb \u00eatre structur\u00e9e dans <strong>un autre v\u00e9hicule juridique ind\u00e9pendant<\/strong> afin de ne pas \u00eatre limit\u00e9e par les statuts de l&rsquo;association. D&rsquo;autre part, la restructuration a permis \u00e0 l&rsquo;association de b\u00e9n\u00e9ficier de tous les aspects. Parmi eux, l&rsquo;<strong>association a maintenant plus de force \u00e9conomique et offre plus de services et plus complets.<\/strong>  <\/h6><h6>Pour ce faire, l&rsquo;association s&rsquo;est appuy\u00e9e sur l&rsquo;analyse structurelle et sectorielle que nous avons r\u00e9alis\u00e9e pour \u00e9valuer les <strong>options d&rsquo;interrelation entre l&rsquo;association et le nouveau service<\/strong> qu&rsquo;elle souhaite fournir. Ainsi, elle a appliqu\u00e9 le <strong>plan de marketing et d&rsquo;action con\u00e7u sur mesure<\/strong>, afin d&rsquo;atteindre les objectifs fix\u00e9s pour que le plan financier soit un succ\u00e8s. <\/h6><h6>De m\u00eame, une fois la structure d\u00e9termin\u00e9e, en travaillant main dans la main avec le client, nous avons <strong>con\u00e7u<\/strong> selon ses go\u00fbts et ses besoins l&rsquo;<strong>identit\u00e9 corporative de la nouvelle entreprise et un plan \u00e9conomique et financier<\/strong>, qui garantit les attentes de succ\u00e8s de la prestation de ce service.<\/h6>\t\t\t\t\t\t\t\t<\/div>\n\t\t\t\t<\/div>\n\t\t\t\t\t<\/div>\n\t\t<\/div>\n\t\t\t\t\t<\/div>\n\t\t<\/section>\n\t\t\t\t<\/div>\n\t\t","protected":false},"excerpt":{"rendered":"<p>Exp\u00e9riencesRestructurations Unit\u00e9s de NegocioNouvelle Unit\u00e9 de Negocio Dans le cycle de vie d&rsquo;une entreprise, il arrive un moment o\u00f9 l&rsquo;on se trouve \u00e0 la crois\u00e9e des chemins, devant d\u00e9cider s&rsquo;il faut continuer \u00e0 cro\u00eetre et \u00e0 d\u00e9velopper l&rsquo;entreprise ou ne pas prendre de risques et stagner, avec les cons\u00e9quences habituelles [&hellip;]<\/p>\n","protected":false},"author":1,"featured_media":0,"parent":0,"menu_order":0,"comment_status":"closed","ping_status":"closed","template":"page-templates\/template-pagebuilder-full-width.php","meta":{"footnotes":""},"class_list":["post-10380","page","type-page","status-publish","hentry"],"yoast_head":"<!-- This site is optimized with the Yoast SEO plugin v26.4 - https:\/\/yoast.com\/wordpress\/plugins\/seo\/ -->\n<title>Exp\u00e9riences restructurations unit\u00e9 - Martinsdelima<\/title>\n<meta name=\"robots\" content=\"index, follow, max-snippet:-1, max-image-preview:large, max-video-preview:-1\" \/>\n<link rel=\"canonical\" href=\"https:\/\/www.martinsdelima.com\/fr\/experiences-restructurations-unite\/\" \/>\n<meta property=\"og:locale\" content=\"fr_FR\" \/>\n<meta property=\"og:type\" content=\"article\" \/>\n<meta property=\"og:title\" content=\"Exp\u00e9riences restructurations unit\u00e9 - Martinsdelima\" \/>\n<meta property=\"og:description\" content=\"Exp\u00e9riencesRestructurations Unit\u00e9s de NegocioNouvelle Unit\u00e9 de Negocio Dans le cycle de vie d&rsquo;une entreprise, il arrive un moment o\u00f9 l&rsquo;on se trouve \u00e0 la crois\u00e9e des chemins, devant d\u00e9cider s&rsquo;il faut continuer \u00e0 cro\u00eetre et \u00e0 d\u00e9velopper l&rsquo;entreprise ou ne pas prendre de risques et stagner, avec les cons\u00e9quences habituelles [&hellip;]\" \/>\n<meta property=\"og:url\" content=\"https:\/\/www.martinsdelima.com\/fr\/experiences-restructurations-unite\/\" \/>\n<meta property=\"og:site_name\" content=\"Martinsdelima\" \/>\n<meta property=\"article:modified_time\" content=\"2026-02-08T18:39:03+00:00\" \/>\n<meta name=\"twitter:card\" content=\"summary_large_image\" \/>\n<meta name=\"twitter:label1\" content=\"Dur\u00e9e de lecture estim\u00e9e\" \/>\n\t<meta name=\"twitter:data1\" content=\"2 minutes\" \/>\n<script type=\"application\/ld+json\" class=\"yoast-schema-graph\">{\"@context\":\"https:\/\/schema.org\",\"@graph\":[{\"@type\":\"WebPage\",\"@id\":\"https:\/\/www.martinsdelima.com\/fr\/experiences-restructurations-unite\/\",\"url\":\"https:\/\/www.martinsdelima.com\/fr\/experiences-restructurations-unite\/\",\"name\":\"Exp\u00e9riences restructurations unit\u00e9 - Martinsdelima\",\"isPartOf\":{\"@id\":\"https:\/\/www.martinsdelima.com\/fr\/#website\"},\"datePublished\":\"2026-01-19T16:05:15+00:00\",\"dateModified\":\"2026-02-08T18:39:03+00:00\",\"breadcrumb\":{\"@id\":\"https:\/\/www.martinsdelima.com\/fr\/experiences-restructurations-unite\/#breadcrumb\"},\"inLanguage\":\"fr-FR\",\"potentialAction\":[{\"@type\":\"ReadAction\",\"target\":[\"https:\/\/www.martinsdelima.com\/fr\/experiences-restructurations-unite\/\"]}]},{\"@type\":\"BreadcrumbList\",\"@id\":\"https:\/\/www.martinsdelima.com\/fr\/experiences-restructurations-unite\/#breadcrumb\",\"itemListElement\":[{\"@type\":\"ListItem\",\"position\":1,\"name\":\"Page d'accueil\",\"item\":\"https:\/\/www.martinsdelima.com\/fr\/accueil\/\"},{\"@type\":\"ListItem\",\"position\":2,\"name\":\"Exp\u00e9riences restructurations unit\u00e9\"}]},{\"@type\":\"WebSite\",\"@id\":\"https:\/\/www.martinsdelima.com\/fr\/#website\",\"url\":\"https:\/\/www.martinsdelima.com\/fr\/\",\"name\":\"Martinsdelima\",\"description\":\"Forensic&amp;Finance\",\"publisher\":{\"@id\":\"https:\/\/www.martinsdelima.com\/fr\/#organization\"},\"potentialAction\":[{\"@type\":\"SearchAction\",\"target\":{\"@type\":\"EntryPoint\",\"urlTemplate\":\"https:\/\/www.martinsdelima.com\/fr\/?s={search_term_string}\"},\"query-input\":{\"@type\":\"PropertyValueSpecification\",\"valueRequired\":true,\"valueName\":\"search_term_string\"}}],\"inLanguage\":\"fr-FR\"},{\"@type\":\"Organization\",\"@id\":\"https:\/\/www.martinsdelima.com\/fr\/#organization\",\"name\":\"Martinsdelima\",\"url\":\"https:\/\/www.martinsdelima.com\/fr\/\",\"logo\":{\"@type\":\"ImageObject\",\"inLanguage\":\"fr-FR\",\"@id\":\"https:\/\/www.martinsdelima.com\/fr\/#\/schema\/logo\/image\/\",\"url\":\"https:\/\/mligy6wbr5rs.i.optimole.com\/w:auto\/h:auto\/q:mauto\/f:best\/https:\/\/www.martinsdelima.com\/wp-content\/uploads\/2025\/10\/martinsdelima-letras-claras-horizontal.png\",\"contentUrl\":\"https:\/\/mligy6wbr5rs.i.optimole.com\/w:auto\/h:auto\/q:mauto\/f:best\/https:\/\/www.martinsdelima.com\/wp-content\/uploads\/2025\/10\/martinsdelima-letras-claras-horizontal.png\",\"width\":1315,\"height\":217,\"caption\":\"Martinsdelima\"},\"image\":{\"@id\":\"https:\/\/www.martinsdelima.com\/fr\/#\/schema\/logo\/image\/\"}}]}<\/script>\n<!-- \/ Yoast SEO plugin. -->","yoast_head_json":{"title":"Exp\u00e9riences restructurations unit\u00e9 - Martinsdelima","robots":{"index":"index","follow":"follow","max-snippet":"max-snippet:-1","max-image-preview":"max-image-preview:large","max-video-preview":"max-video-preview:-1"},"canonical":"https:\/\/www.martinsdelima.com\/fr\/experiences-restructurations-unite\/","og_locale":"fr_FR","og_type":"article","og_title":"Exp\u00e9riences restructurations unit\u00e9 - Martinsdelima","og_description":"Exp\u00e9riencesRestructurations Unit\u00e9s de NegocioNouvelle Unit\u00e9 de Negocio Dans le cycle de vie d&rsquo;une entreprise, il arrive un moment o\u00f9 l&rsquo;on se trouve \u00e0 la crois\u00e9e des chemins, devant d\u00e9cider s&rsquo;il faut continuer \u00e0 cro\u00eetre et \u00e0 d\u00e9velopper l&rsquo;entreprise ou ne pas prendre de risques et stagner, avec les cons\u00e9quences habituelles [&hellip;]","og_url":"https:\/\/www.martinsdelima.com\/fr\/experiences-restructurations-unite\/","og_site_name":"Martinsdelima","article_modified_time":"2026-02-08T18:39:03+00:00","twitter_card":"summary_large_image","twitter_misc":{"Dur\u00e9e de lecture estim\u00e9e":"2 minutes"},"schema":{"@context":"https:\/\/schema.org","@graph":[{"@type":"WebPage","@id":"https:\/\/www.martinsdelima.com\/fr\/experiences-restructurations-unite\/","url":"https:\/\/www.martinsdelima.com\/fr\/experiences-restructurations-unite\/","name":"Exp\u00e9riences restructurations unit\u00e9 - Martinsdelima","isPartOf":{"@id":"https:\/\/www.martinsdelima.com\/fr\/#website"},"datePublished":"2026-01-19T16:05:15+00:00","dateModified":"2026-02-08T18:39:03+00:00","breadcrumb":{"@id":"https:\/\/www.martinsdelima.com\/fr\/experiences-restructurations-unite\/#breadcrumb"},"inLanguage":"fr-FR","potentialAction":[{"@type":"ReadAction","target":["https:\/\/www.martinsdelima.com\/fr\/experiences-restructurations-unite\/"]}]},{"@type":"BreadcrumbList","@id":"https:\/\/www.martinsdelima.com\/fr\/experiences-restructurations-unite\/#breadcrumb","itemListElement":[{"@type":"ListItem","position":1,"name":"Page d'accueil","item":"https:\/\/www.martinsdelima.com\/fr\/accueil\/"},{"@type":"ListItem","position":2,"name":"Exp\u00e9riences restructurations unit\u00e9"}]},{"@type":"WebSite","@id":"https:\/\/www.martinsdelima.com\/fr\/#website","url":"https:\/\/www.martinsdelima.com\/fr\/","name":"Martinsdelima","description":"Forensic&amp;Finance","publisher":{"@id":"https:\/\/www.martinsdelima.com\/fr\/#organization"},"potentialAction":[{"@type":"SearchAction","target":{"@type":"EntryPoint","urlTemplate":"https:\/\/www.martinsdelima.com\/fr\/?s={search_term_string}"},"query-input":{"@type":"PropertyValueSpecification","valueRequired":true,"valueName":"search_term_string"}}],"inLanguage":"fr-FR"},{"@type":"Organization","@id":"https:\/\/www.martinsdelima.com\/fr\/#organization","name":"Martinsdelima","url":"https:\/\/www.martinsdelima.com\/fr\/","logo":{"@type":"ImageObject","inLanguage":"fr-FR","@id":"https:\/\/www.martinsdelima.com\/fr\/#\/schema\/logo\/image\/","url":"https:\/\/mligy6wbr5rs.i.optimole.com\/w:auto\/h:auto\/q:mauto\/f:best\/https:\/\/www.martinsdelima.com\/wp-content\/uploads\/2025\/10\/martinsdelima-letras-claras-horizontal.png","contentUrl":"https:\/\/mligy6wbr5rs.i.optimole.com\/w:auto\/h:auto\/q:mauto\/f:best\/https:\/\/www.martinsdelima.com\/wp-content\/uploads\/2025\/10\/martinsdelima-letras-claras-horizontal.png","width":1315,"height":217,"caption":"Martinsdelima"},"image":{"@id":"https:\/\/www.martinsdelima.com\/fr\/#\/schema\/logo\/image\/"}}]}},"_links":{"self":[{"href":"https:\/\/www.martinsdelima.com\/fr\/wp-json\/wp\/v2\/pages\/10380","targetHints":{"allow":["GET"]}}],"collection":[{"href":"https:\/\/www.martinsdelima.com\/fr\/wp-json\/wp\/v2\/pages"}],"about":[{"href":"https:\/\/www.martinsdelima.com\/fr\/wp-json\/wp\/v2\/types\/page"}],"author":[{"embeddable":true,"href":"https:\/\/www.martinsdelima.com\/fr\/wp-json\/wp\/v2\/users\/1"}],"replies":[{"embeddable":true,"href":"https:\/\/www.martinsdelima.com\/fr\/wp-json\/wp\/v2\/comments?post=10380"}],"version-history":[{"count":1,"href":"https:\/\/www.martinsdelima.com\/fr\/wp-json\/wp\/v2\/pages\/10380\/revisions"}],"predecessor-version":[{"id":10381,"href":"https:\/\/www.martinsdelima.com\/fr\/wp-json\/wp\/v2\/pages\/10380\/revisions\/10381"}],"wp:attachment":[{"href":"https:\/\/www.martinsdelima.com\/fr\/wp-json\/wp\/v2\/media?parent=10380"}],"curies":[{"name":"wp","href":"https:\/\/api.w.org\/{rel}","templated":true}]}}