{"id":10432,"date":"2026-01-17T18:02:49","date_gmt":"2026-01-17T18:02:49","guid":{"rendered":"https:\/\/www.martinsdelima.com\/experiences-en-matiere-de-plans-sectoriels\/"},"modified":"2026-02-08T18:41:46","modified_gmt":"2026-02-08T18:41:46","slug":"experiences-en-matiere-de-plans-sectoriels","status":"publish","type":"page","link":"https:\/\/www.martinsdelima.com\/fr\/experiences-en-matiere-de-plans-sectoriels\/","title":{"rendered":"Exp\u00e9riences en mati\u00e8re de plans sectoriels"},"content":{"rendered":"\t\t<div data-elementor-type=\"wp-page\" data-elementor-id=\"10432\" class=\"elementor elementor-10432 elementor-9466\" data-elementor-post-type=\"page\">\n\t\t\t\t\t\t<section class=\"elementor-section elementor-top-section elementor-element elementor-element-5861a17 elementor-section-full_width elementor-section-stretched elementor-section-height-min-height elementor-section-height-default elementor-section-items-middle\" data-id=\"5861a17\" data-element_type=\"section\" data-settings=\"{&quot;stretch_section&quot;:&quot;section-stretched&quot;,&quot;background_background&quot;:&quot;classic&quot;}\">\n\t\t\t\t\t\t\t<div class=\"elementor-background-overlay\"><\/div>\n\t\t\t\t\t\t\t<div class=\"elementor-container elementor-column-gap-default\">\n\t\t\t\t\t<div class=\"elementor-column elementor-col-100 elementor-top-column elementor-element elementor-element-ea42bdb\" data-id=\"ea42bdb\" data-element_type=\"column\">\n\t\t\t<div class=\"elementor-widget-wrap elementor-element-populated\">\n\t\t\t\t\t\t<div class=\"elementor-element elementor-element-8924fce elementor-widget__width-initial elementor-widget-mobile__width-initial elementor-widget elementor-widget-heading\" data-id=\"8924fce\" data-element_type=\"widget\" data-widget_type=\"heading.default\">\n\t\t\t\t<div class=\"elementor-widget-container\">\n\t\t\t\t\t<h2 class=\"elementor-heading-title elementor-size-default\"><b>Exp\u00e9riences<\/b><br><b>Plans d'affaires<\/b><br>Analyse du secteur de l'imprimerie<\/h2>\t\t\t\t<\/div>\n\t\t\t\t<\/div>\n\t\t\t\t\t<\/div>\n\t\t<\/div>\n\t\t\t\t\t<\/div>\n\t\t<\/section>\n\t\t\t\t<section class=\"elementor-section elementor-top-section elementor-element elementor-element-9dff6a0 elementor-section-boxed elementor-section-height-default elementor-section-height-default\" data-id=\"9dff6a0\" data-element_type=\"section\">\n\t\t\t\t\t\t<div class=\"elementor-container elementor-column-gap-default\">\n\t\t\t\t\t<div class=\"elementor-column elementor-col-100 elementor-top-column elementor-element elementor-element-c3e38d1\" data-id=\"c3e38d1\" data-element_type=\"column\">\n\t\t\t<div class=\"elementor-widget-wrap elementor-element-populated\">\n\t\t\t\t\t\t<div class=\"elementor-element elementor-element-78fa56c elementor-widget elementor-widget-text-editor\" data-id=\"78fa56c\" data-element_type=\"widget\" data-widget_type=\"text-editor.default\">\n\t\t\t\t<div class=\"elementor-widget-container\">\n\t\t\t\t\t\t\t\t\t<h6>Une entreprise industrielle <strong>sp\u00e9cialis\u00e9e dans l&rsquo;impression de journaux quotidiens<\/strong> nous a demand\u00e9 une analyse externe afin de comprendre avec pr\u00e9cision ce qui se passait sur son march\u00e9 et, surtout, <strong>quelles \u00e9taient les implications r\u00e9elles pour son activit\u00e9<\/strong>. La mission ne visait pas \u00e0 recueillir des \u00ab opinions \u00bb, mais n\u00e9cessitait une vision rigoureuse, comparable et d\u00e9fendable qui aiderait \u00e0 prendre des d\u00e9cisions \u00e9clair\u00e9es, en s\u00e9parant le bruit conjoncturel des tendances structurelles. <\/h6><h6>D\u00e8s le premier instant, le point de d\u00e9part \u00e9tait \u00e9vident&nbsp;: l&rsquo;industrie de la presse papier traverse une <strong>profonde mutation des habitudes de consommation<\/strong>, avec une <strong>acc\u00e9l\u00e9ration de la num\u00e9risation<\/strong> qui a <strong>modifi\u00e9 la demande, la proposition de valeur et l&rsquo;\u00e9quilibre concurrentiel du secteur<\/strong>. Cela cr\u00e9e un sc\u00e9nario dans lequel les op\u00e9rateurs d&rsquo;impression sont \u00ab&nbsp;pi\u00e9g\u00e9s&nbsp;\u00bb entre une demande qui se contracte et une structure de co\u00fbts qui ne s&rsquo;ajuste pas au m\u00eame rythme. <\/h6><h6>Parall\u00e8lement, le <strong>contexte macro\u00e9conomique et des mati\u00e8res premi\u00e8res<\/strong> ajoute de la tension&nbsp;: <strong>l&rsquo;\u00e9nergie, le papier et d&rsquo;autres<\/strong> intrants cl\u00e9s ont affich\u00e9 une <strong>volatilit\u00e9 et des hausses de prix importantes<\/strong>, ce qui exerce une pression sur les marges et rend plus difficile la planification de la capacit\u00e9, des prix et de la production. Dans un <strong>secteur \u00e0 forte intensit\u00e9 de capital et d&rsquo;\u00e9nergie<\/strong>, cette combinaison a un effet direct sur la rentabilit\u00e9 et sur la capacit\u00e9 \u00e0 soutenir les investissements. <\/h6><h6>Dans ce contexte, l&rsquo;objectif \u00e9tait de transposer l&rsquo;<strong>analyse \u00e0 la r\u00e9alit\u00e9 de l&rsquo;entreprise&nbsp;:<\/strong> mesurer l&rsquo;\u00e9volution de son activit\u00e9 productive et de son mix de revenus, et v\u00e9rifier dans quelle mesure elle \u00e9tait expos\u00e9e au c\u0153ur le plus vuln\u00e9rable du march\u00e9. L&rsquo;\u00e9tude a r\u00e9v\u00e9l\u00e9 une <strong>r\u00e9duction importante du volume de son activit\u00e9 principale<\/strong> et une <strong>concentration \u00e9lev\u00e9e des revenus<\/strong> sur le produit le plus touch\u00e9 par le d\u00e9clin structurel, ce qui accro\u00eet la vuln\u00e9rabilit\u00e9 face \u00e0 toute perte de tirages, de titres ou de changements commerciaux du march\u00e9. <\/h6><h6>De plus, nous avons compar\u00e9 cette situation avec la photo moyenne du secteur afin d&rsquo;\u00e9viter toute analyse \u00ab&nbsp;dans le vide&nbsp;\u00bb. Le sch\u00e9ma \u00e9tait coh\u00e9rent&nbsp;: l&rsquo;activit\u00e9 d&rsquo;impression de journaux pr\u00e9sente une <strong>rentabilit\u00e9 op\u00e9rationnelle structurellement faible ou n\u00e9gative<\/strong>, et les indicateurs de rendement des actifs refl\u00e8tent une <strong>perte d&rsquo;efficacit\u00e9<\/strong> qui ne s&rsquo;explique pas seulement par une mauvaise ann\u00e9e, mais par une transformation du mod\u00e8le \u00e9conomique. <\/h6><h6>Le r\u00e9sultat final pour la direction a \u00e9t\u00e9 un message tr\u00e8s clair&nbsp;: <strong>il ne s&rsquo;agissait pas uniquement de \u00ab&nbsp;surmonter&nbsp;\u00bb une mauvaise passe, mais d&rsquo;aborder une transition<\/strong>&nbsp;: <strong>ajuster la capacit\u00e9<\/strong>, red\u00e9finir la proposition industrielle et r\u00e9duire la d\u00e9pendance au produit principal, avec une feuille de route qui privil\u00e9gie les d\u00e9cisions ayant un impact mesurable sur les co\u00fbts, la productivit\u00e9 et le risque commercial.<\/h6><h6>Notre m\u00e9thodologie s&rsquo;est appuy\u00e9e sur une id\u00e9e cl\u00e9&nbsp;: <strong>bien d\u00e9finir le secteur avant de mesurer quoi que ce soit<\/strong>. Nous n&rsquo;avons pas analys\u00e9 les \u00ab&nbsp;arts graphiques&nbsp;\u00bb comme un agr\u00e9gat administratif, car le fait de m\u00e9langer des activit\u00e9s ayant des dynamiques diff\u00e9rentes fausse les conclusions. Au lieu de cela, nous avons d\u00e9limit\u00e9 le p\u00e9rim\u00e8tre \u00e9conomique correct&nbsp;: <strong>l&rsquo;impression de journaux quotidiens en tant que secteur sp\u00e9cifique<\/strong>, comparable et autonome.  <\/h6><h6>\u00c0 partir de l\u00e0, nous avons combin\u00e9 des <strong>sources publiques et des bases de donn\u00e9es financi\u00e8res<\/strong> afin de construire une vision \u00e0 360\u00b0&nbsp;: des mesures d&rsquo;audience et d&rsquo;habitudes (pour saisir la demande), des <strong>rapports sectoriels<\/strong> (pour les \u00ab&nbsp;perspectives&nbsp;\u00bb) et des <strong>\u00e9l\u00e9ments financiers comparables<\/strong> par classification homog\u00e8ne (pour la rentabilit\u00e9 et les rendements). En particulier, l&rsquo;analyse de la rentabilit\u00e9 s&rsquo;est bas\u00e9e sur une segmentation stricte par activit\u00e9 \u00e9conomique \u00e9quivalente, ce qui a permis d&rsquo;\u00e9viter les biais dus au m\u00e9lange d&rsquo;activit\u00e9s. <\/h6><h6>Enfin, nous avons transpos\u00e9 le diagnostic \u00e0 l&rsquo;entreprise au moyen d&rsquo;une <strong>analyse productive et \u00e9conomique,<\/strong> en reliant l&rsquo;\u00e9volution de sa production et de sa structure de revenus aux dynamiques du secteur, afin d&rsquo;identifier des <strong>leviers actionnables<\/strong> et de ne pas nous contenter de conclusions g\u00e9n\u00e9riques.<\/h6><h6>La valeur diff\u00e9rentielle de martinsdelima a \u00e9t\u00e9 de transformer un contexte complexe en un livrable que la direction pouvait utiliser d\u00e8s le premier jour&nbsp;: <strong>un diagnostic objectif, comparable et orient\u00e9 vers la d\u00e9cision<\/strong>, qui expliquait le \u00ab&nbsp;pourquoi&nbsp;\u00bb (tendances structurelles), le \u00ab&nbsp;o\u00f9 \u00e7a fait mal&nbsp;\u00bb (exposition du mix et rigidit\u00e9 des co\u00fbts) et le \u00ab&nbsp;quoi faire&nbsp;\u00bb (priorit\u00e9s claires pour prot\u00e9ger les marges et r\u00e9duire les risques).<\/h6><h6>Gr\u00e2ce \u00e0 cette approche, l&rsquo;entreprise a pu <strong>r\u00e9organiser les priorit\u00e9s avec discernement<\/strong>, aligner les attentes internes et prendre des d\u00e9cisions strat\u00e9giques sur une base solide&nbsp;: segmentation correcte du march\u00e9, lecture r\u00e9aliste de l&rsquo;avenir du secteur et traduction directe dans son compte de r\u00e9sultats et son exploitation. C&rsquo;est le type de travail que nous recherchons&nbsp;: <strong>une rigueur technique qui se transforme en avantage concurrentiel<\/strong>. <\/h6>\t\t\t\t\t\t\t\t<\/div>\n\t\t\t\t<\/div>\n\t\t\t\t\t<\/div>\n\t\t<\/div>\n\t\t\t\t\t<\/div>\n\t\t<\/section>\n\t\t\t\t<\/div>\n\t\t","protected":false},"excerpt":{"rendered":"<p>Exp\u00e9riencesPlans d&rsquo;affairesAnalyse du secteur de l&rsquo;imprimerie Une entreprise industrielle sp\u00e9cialis\u00e9e dans l&rsquo;impression de journaux quotidiens nous a demand\u00e9 une analyse externe afin de comprendre avec pr\u00e9cision ce qui se passait sur son march\u00e9 et, surtout, quelles \u00e9taient les implications r\u00e9elles pour son activit\u00e9. La mission ne visait pas \u00e0 recueillir [&hellip;]<\/p>\n","protected":false},"author":1,"featured_media":0,"parent":0,"menu_order":0,"comment_status":"closed","ping_status":"closed","template":"page-templates\/template-pagebuilder-full-width.php","meta":{"footnotes":""},"class_list":["post-10432","page","type-page","status-publish","hentry"],"yoast_head":"<!-- This site is optimized with the Yoast SEO plugin v26.4 - https:\/\/yoast.com\/wordpress\/plugins\/seo\/ -->\n<title>Exp\u00e9riences en mati\u00e8re de plans sectoriels - Martinsdelima<\/title>\n<meta name=\"robots\" content=\"index, follow, max-snippet:-1, max-image-preview:large, max-video-preview:-1\" \/>\n<link rel=\"canonical\" href=\"https:\/\/www.martinsdelima.com\/fr\/experiences-en-matiere-de-plans-sectoriels\/\" \/>\n<meta property=\"og:locale\" content=\"fr_FR\" \/>\n<meta property=\"og:type\" content=\"article\" \/>\n<meta property=\"og:title\" content=\"Exp\u00e9riences en mati\u00e8re de plans sectoriels - Martinsdelima\" \/>\n<meta property=\"og:description\" content=\"Exp\u00e9riencesPlans d&rsquo;affairesAnalyse du secteur de l&rsquo;imprimerie Une entreprise industrielle sp\u00e9cialis\u00e9e dans l&rsquo;impression de journaux quotidiens nous a demand\u00e9 une analyse externe afin de comprendre avec pr\u00e9cision ce qui se passait sur son march\u00e9 et, surtout, quelles \u00e9taient les implications r\u00e9elles pour son activit\u00e9. La mission ne visait pas \u00e0 recueillir [&hellip;]\" \/>\n<meta property=\"og:url\" content=\"https:\/\/www.martinsdelima.com\/fr\/experiences-en-matiere-de-plans-sectoriels\/\" \/>\n<meta property=\"og:site_name\" content=\"Martinsdelima\" \/>\n<meta property=\"article:modified_time\" content=\"2026-02-08T18:41:46+00:00\" \/>\n<meta name=\"twitter:card\" content=\"summary_large_image\" \/>\n<meta name=\"twitter:label1\" content=\"Dur\u00e9e de lecture estim\u00e9e\" \/>\n\t<meta name=\"twitter:data1\" content=\"4 minutes\" \/>\n<script type=\"application\/ld+json\" class=\"yoast-schema-graph\">{\"@context\":\"https:\/\/schema.org\",\"@graph\":[{\"@type\":\"WebPage\",\"@id\":\"https:\/\/www.martinsdelima.com\/fr\/experiences-en-matiere-de-plans-sectoriels\/\",\"url\":\"https:\/\/www.martinsdelima.com\/fr\/experiences-en-matiere-de-plans-sectoriels\/\",\"name\":\"Exp\u00e9riences en mati\u00e8re de plans sectoriels - Martinsdelima\",\"isPartOf\":{\"@id\":\"https:\/\/www.martinsdelima.com\/fr\/#website\"},\"datePublished\":\"2026-01-17T18:02:49+00:00\",\"dateModified\":\"2026-02-08T18:41:46+00:00\",\"breadcrumb\":{\"@id\":\"https:\/\/www.martinsdelima.com\/fr\/experiences-en-matiere-de-plans-sectoriels\/#breadcrumb\"},\"inLanguage\":\"fr-FR\",\"potentialAction\":[{\"@type\":\"ReadAction\",\"target\":[\"https:\/\/www.martinsdelima.com\/fr\/experiences-en-matiere-de-plans-sectoriels\/\"]}]},{\"@type\":\"BreadcrumbList\",\"@id\":\"https:\/\/www.martinsdelima.com\/fr\/experiences-en-matiere-de-plans-sectoriels\/#breadcrumb\",\"itemListElement\":[{\"@type\":\"ListItem\",\"position\":1,\"name\":\"Page d'accueil\",\"item\":\"https:\/\/www.martinsdelima.com\/fr\/accueil\/\"},{\"@type\":\"ListItem\",\"position\":2,\"name\":\"Exp\u00e9riences en mati\u00e8re de plans sectoriels\"}]},{\"@type\":\"WebSite\",\"@id\":\"https:\/\/www.martinsdelima.com\/fr\/#website\",\"url\":\"https:\/\/www.martinsdelima.com\/fr\/\",\"name\":\"Martinsdelima\",\"description\":\"Forensic&amp;Finance\",\"publisher\":{\"@id\":\"https:\/\/www.martinsdelima.com\/fr\/#organization\"},\"potentialAction\":[{\"@type\":\"SearchAction\",\"target\":{\"@type\":\"EntryPoint\",\"urlTemplate\":\"https:\/\/www.martinsdelima.com\/fr\/?s={search_term_string}\"},\"query-input\":{\"@type\":\"PropertyValueSpecification\",\"valueRequired\":true,\"valueName\":\"search_term_string\"}}],\"inLanguage\":\"fr-FR\"},{\"@type\":\"Organization\",\"@id\":\"https:\/\/www.martinsdelima.com\/fr\/#organization\",\"name\":\"Martinsdelima\",\"url\":\"https:\/\/www.martinsdelima.com\/fr\/\",\"logo\":{\"@type\":\"ImageObject\",\"inLanguage\":\"fr-FR\",\"@id\":\"https:\/\/www.martinsdelima.com\/fr\/#\/schema\/logo\/image\/\",\"url\":\"https:\/\/mligy6wbr5rs.i.optimole.com\/w:auto\/h:auto\/q:mauto\/f:best\/https:\/\/www.martinsdelima.com\/wp-content\/uploads\/2025\/10\/martinsdelima-letras-claras-horizontal.png\",\"contentUrl\":\"https:\/\/mligy6wbr5rs.i.optimole.com\/w:auto\/h:auto\/q:mauto\/f:best\/https:\/\/www.martinsdelima.com\/wp-content\/uploads\/2025\/10\/martinsdelima-letras-claras-horizontal.png\",\"width\":1315,\"height\":217,\"caption\":\"Martinsdelima\"},\"image\":{\"@id\":\"https:\/\/www.martinsdelima.com\/fr\/#\/schema\/logo\/image\/\"}}]}<\/script>\n<!-- \/ Yoast SEO plugin. -->","yoast_head_json":{"title":"Exp\u00e9riences en mati\u00e8re de plans sectoriels - Martinsdelima","robots":{"index":"index","follow":"follow","max-snippet":"max-snippet:-1","max-image-preview":"max-image-preview:large","max-video-preview":"max-video-preview:-1"},"canonical":"https:\/\/www.martinsdelima.com\/fr\/experiences-en-matiere-de-plans-sectoriels\/","og_locale":"fr_FR","og_type":"article","og_title":"Exp\u00e9riences en mati\u00e8re de plans sectoriels - Martinsdelima","og_description":"Exp\u00e9riencesPlans d&rsquo;affairesAnalyse du secteur de l&rsquo;imprimerie Une entreprise industrielle sp\u00e9cialis\u00e9e dans l&rsquo;impression de journaux quotidiens nous a demand\u00e9 une analyse externe afin de comprendre avec pr\u00e9cision ce qui se passait sur son march\u00e9 et, surtout, quelles \u00e9taient les implications r\u00e9elles pour son activit\u00e9. La mission ne visait pas \u00e0 recueillir [&hellip;]","og_url":"https:\/\/www.martinsdelima.com\/fr\/experiences-en-matiere-de-plans-sectoriels\/","og_site_name":"Martinsdelima","article_modified_time":"2026-02-08T18:41:46+00:00","twitter_card":"summary_large_image","twitter_misc":{"Dur\u00e9e de lecture estim\u00e9e":"4 minutes"},"schema":{"@context":"https:\/\/schema.org","@graph":[{"@type":"WebPage","@id":"https:\/\/www.martinsdelima.com\/fr\/experiences-en-matiere-de-plans-sectoriels\/","url":"https:\/\/www.martinsdelima.com\/fr\/experiences-en-matiere-de-plans-sectoriels\/","name":"Exp\u00e9riences en mati\u00e8re de plans sectoriels - Martinsdelima","isPartOf":{"@id":"https:\/\/www.martinsdelima.com\/fr\/#website"},"datePublished":"2026-01-17T18:02:49+00:00","dateModified":"2026-02-08T18:41:46+00:00","breadcrumb":{"@id":"https:\/\/www.martinsdelima.com\/fr\/experiences-en-matiere-de-plans-sectoriels\/#breadcrumb"},"inLanguage":"fr-FR","potentialAction":[{"@type":"ReadAction","target":["https:\/\/www.martinsdelima.com\/fr\/experiences-en-matiere-de-plans-sectoriels\/"]}]},{"@type":"BreadcrumbList","@id":"https:\/\/www.martinsdelima.com\/fr\/experiences-en-matiere-de-plans-sectoriels\/#breadcrumb","itemListElement":[{"@type":"ListItem","position":1,"name":"Page d'accueil","item":"https:\/\/www.martinsdelima.com\/fr\/accueil\/"},{"@type":"ListItem","position":2,"name":"Exp\u00e9riences en mati\u00e8re de plans sectoriels"}]},{"@type":"WebSite","@id":"https:\/\/www.martinsdelima.com\/fr\/#website","url":"https:\/\/www.martinsdelima.com\/fr\/","name":"Martinsdelima","description":"Forensic&amp;Finance","publisher":{"@id":"https:\/\/www.martinsdelima.com\/fr\/#organization"},"potentialAction":[{"@type":"SearchAction","target":{"@type":"EntryPoint","urlTemplate":"https:\/\/www.martinsdelima.com\/fr\/?s={search_term_string}"},"query-input":{"@type":"PropertyValueSpecification","valueRequired":true,"valueName":"search_term_string"}}],"inLanguage":"fr-FR"},{"@type":"Organization","@id":"https:\/\/www.martinsdelima.com\/fr\/#organization","name":"Martinsdelima","url":"https:\/\/www.martinsdelima.com\/fr\/","logo":{"@type":"ImageObject","inLanguage":"fr-FR","@id":"https:\/\/www.martinsdelima.com\/fr\/#\/schema\/logo\/image\/","url":"https:\/\/mligy6wbr5rs.i.optimole.com\/w:auto\/h:auto\/q:mauto\/f:best\/https:\/\/www.martinsdelima.com\/wp-content\/uploads\/2025\/10\/martinsdelima-letras-claras-horizontal.png","contentUrl":"https:\/\/mligy6wbr5rs.i.optimole.com\/w:auto\/h:auto\/q:mauto\/f:best\/https:\/\/www.martinsdelima.com\/wp-content\/uploads\/2025\/10\/martinsdelima-letras-claras-horizontal.png","width":1315,"height":217,"caption":"Martinsdelima"},"image":{"@id":"https:\/\/www.martinsdelima.com\/fr\/#\/schema\/logo\/image\/"}}]}},"_links":{"self":[{"href":"https:\/\/www.martinsdelima.com\/fr\/wp-json\/wp\/v2\/pages\/10432","targetHints":{"allow":["GET"]}}],"collection":[{"href":"https:\/\/www.martinsdelima.com\/fr\/wp-json\/wp\/v2\/pages"}],"about":[{"href":"https:\/\/www.martinsdelima.com\/fr\/wp-json\/wp\/v2\/types\/page"}],"author":[{"embeddable":true,"href":"https:\/\/www.martinsdelima.com\/fr\/wp-json\/wp\/v2\/users\/1"}],"replies":[{"embeddable":true,"href":"https:\/\/www.martinsdelima.com\/fr\/wp-json\/wp\/v2\/comments?post=10432"}],"version-history":[{"count":1,"href":"https:\/\/www.martinsdelima.com\/fr\/wp-json\/wp\/v2\/pages\/10432\/revisions"}],"predecessor-version":[{"id":10433,"href":"https:\/\/www.martinsdelima.com\/fr\/wp-json\/wp\/v2\/pages\/10432\/revisions\/10433"}],"wp:attachment":[{"href":"https:\/\/www.martinsdelima.com\/fr\/wp-json\/wp\/v2\/media?parent=10432"}],"curies":[{"name":"wp","href":"https:\/\/api.w.org\/{rel}","templated":true}]}}