{"id":10436,"date":"2026-01-17T11:27:00","date_gmt":"2026-01-17T11:27:00","guid":{"rendered":"https:\/\/www.martinsdelima.com\/experiences-evaluations-sportifs\/"},"modified":"2026-02-08T18:42:08","modified_gmt":"2026-02-08T18:42:08","slug":"experiences-evaluations-sportifs","status":"publish","type":"page","link":"https:\/\/www.martinsdelima.com\/fr\/experiences-evaluations-sportifs\/","title":{"rendered":"Exp\u00e9riences \u00c9valuations Sportifs"},"content":{"rendered":"\t\t<div data-elementor-type=\"wp-page\" data-elementor-id=\"10436\" class=\"elementor elementor-10436 elementor-9467\" data-elementor-post-type=\"page\">\n\t\t\t\t\t\t<section class=\"elementor-section elementor-top-section elementor-element elementor-element-5861a17 elementor-section-full_width elementor-section-stretched elementor-section-height-min-height elementor-section-height-default elementor-section-items-middle\" data-id=\"5861a17\" data-element_type=\"section\" data-settings=\"{&quot;stretch_section&quot;:&quot;section-stretched&quot;,&quot;background_background&quot;:&quot;classic&quot;}\">\n\t\t\t\t\t\t\t<div class=\"elementor-background-overlay\"><\/div>\n\t\t\t\t\t\t\t<div class=\"elementor-container elementor-column-gap-default\">\n\t\t\t\t\t<div class=\"elementor-column elementor-col-100 elementor-top-column elementor-element elementor-element-ea42bdb\" data-id=\"ea42bdb\" data-element_type=\"column\">\n\t\t\t<div class=\"elementor-widget-wrap elementor-element-populated\">\n\t\t\t\t\t\t<div class=\"elementor-element elementor-element-8924fce elementor-widget__width-initial elementor-widget-mobile__width-initial elementor-widget elementor-widget-heading\" data-id=\"8924fce\" data-element_type=\"widget\" data-widget_type=\"heading.default\">\n\t\t\t\t<div class=\"elementor-widget-container\">\n\t\t\t\t\t<h2 class=\"elementor-heading-title elementor-size-default\"><b>Exp\u00e9riences<br>\u00c9valuation de Sportifs<\/b><br>\u00c9valuation de deux footballeurs de premi\u00e8re division<\/h2>\t\t\t\t<\/div>\n\t\t\t\t<\/div>\n\t\t\t\t\t<\/div>\n\t\t<\/div>\n\t\t\t\t\t<\/div>\n\t\t<\/section>\n\t\t\t\t<section class=\"elementor-section elementor-top-section elementor-element elementor-element-9dff6a0 elementor-section-boxed elementor-section-height-default elementor-section-height-default\" data-id=\"9dff6a0\" data-element_type=\"section\">\n\t\t\t\t\t\t<div class=\"elementor-container elementor-column-gap-default\">\n\t\t\t\t\t<div class=\"elementor-column elementor-col-100 elementor-top-column elementor-element elementor-element-c3e38d1\" data-id=\"c3e38d1\" data-element_type=\"column\">\n\t\t\t<div class=\"elementor-widget-wrap elementor-element-populated\">\n\t\t\t\t\t\t<div class=\"elementor-element elementor-element-78fa56c elementor-widget elementor-widget-text-editor\" data-id=\"78fa56c\" data-element_type=\"widget\" data-widget_type=\"text-editor.default\">\n\t\t\t\t<div class=\"elementor-widget-container\">\n\t\t\t\t\t\t\t\t\t<h6>Un club de premier plan \u00e9tait confront\u00e9 \u00e0 un <strong>conflit concernant l&rsquo;interpr\u00e9tation d&rsquo;un contrat de transmission de droits f\u00e9d\u00e9raux et \u00e9conomiques<\/strong>, en particulier sur le montant \u00e0 reconna\u00eetre \u00e0 l&rsquo;autre partie dans certains sc\u00e9narios de transfert et d&rsquo;offre re\u00e7ue. La controverse reposait \u00e9galement sur des <strong>rapports de tiers<\/strong> qui d\u00e9fendaient des valeurs des joueurs substantiellement sup\u00e9rieures, ce qui augmentait le risque juridique et \u00e9conomique de la proc\u00e9dure. <\/h6>\n<h6>Chez martinsdelima, nous abordons la question dans une perspective <strong>technique, objective et impartiale<\/strong>, avec un objectif tr\u00e8s clair : <strong>analyser de mani\u00e8re critique les rapports existants<\/strong> et construire une <strong>\u00e9valuation alternative et ind\u00e9pendante<\/strong> des droits \u00e9conomiques de <strong>deux joueurs<\/strong> (avec des profils et des trajectoires diff\u00e9rents) dans le cadre du <strong>march\u00e9 r\u00e9el des transferts<\/strong>. Cette double ligne de travail a \u00e9t\u00e9 essentielle pour transformer l&rsquo;affaire en une discussion bas\u00e9e <strong>sur des preuves et non sur des perceptions<\/strong> ou des estimations peu v\u00e9rifiables, ce qui est tr\u00e8s courant sur ce type de march\u00e9s o\u00f9 \u00ab\u00a0beaucoup se consid\u00e8rent comme des experts\u00a0\u00bb. <\/h6>\n<h6>La premi\u00e8re phase a consist\u00e9 \u00e0 d\u00e9tecter, avec une rigueur d&rsquo;expert, les faiblesses des rapports fournis par la partie adverse et par les organismes sectoriels. Nous avons soulign\u00e9 des lacunes telles que <strong>l&rsquo;absence de documentation pr\u00e9cise sur des variables critiques<\/strong>, <strong>le manque de comparables de march\u00e9<\/strong>, <strong>des mises \u00e0 jour sans m\u00e9thodologie transparente<\/strong> et une <strong>d\u00e9pendance excessive au jugement subjectif<\/strong> de l&rsquo;expert, \u00e9l\u00e9ments qui r\u00e9duisaient la fiabilit\u00e9 et la reproductibilit\u00e9 de ses conclusions. <\/h6>\n<h6>\u00c0 partir de l\u00e0, nous avons construit notre \u00e9valuation sur une approche de march\u00e9 avec <strong>des transactions comparables r\u00e9elles<\/strong> <strong>de joueurs ayant des caract\u00e9ristiques sportives similaires (position, r\u00f4le et profil)<\/strong>, et avec une analyse qui reconna\u00eet une r\u00e9alit\u00e9 essentielle : sur le march\u00e9 espagnol, les montants de transfert se situent g\u00e9n\u00e9ralement <strong>en dessous de la \u00ab\u00a0valeur de march\u00e9\u00a0\u00bb publi\u00e9e<\/strong>, en particulier dans des contextes de restriction financi\u00e8re.<\/h6>\n<h6>Notre approche m\u00e9thodologique a \u00e9t\u00e9 la suivante :<\/h6>\n<h6><strong>(i) benchmarking de comparables<\/strong>,<\/h6>\n<h6><strong>(ii) un ratio co\u00fbt\/valeur de march\u00e9<\/strong> pour obtenir une base objective et<\/h6>\n<h6><strong>(iii) des ajustements techniques<\/strong> (prime ou r\u00e9duction) selon des facteurs v\u00e9rifiables tels que le rendement, l&rsquo;historique physique, la situation contractuelle\/transf\u00e9rabilit\u00e9 et le contexte \u00e9conomique g\u00e9n\u00e9ral du march\u00e9.<\/h6>\n<h6>Cette approche a permis de recentrer la discussion sur des <strong>crit\u00e8res v\u00e9rifiables<\/strong> et d\u00e9fendables en mati\u00e8re de n\u00e9gociation ou de proc\u00e9dure.<\/h6>\n<h6>Le r\u00e9sultat a \u00e9t\u00e9 une conclusion particuli\u00e8rement solide : notre \u00e9valuation est rest\u00e9e <strong>align\u00e9e sur la r\u00e9alit\u00e9 du march\u00e9 et sur l&rsquo;accord conclu entre les clubs<\/strong>, renfor\u00e7ant la th\u00e8se selon laquelle la valeur d\u00e9fendue par martinsdelima \u00e9tait la plus coh\u00e9rente et la plus raisonnable. En d&rsquo;autres termes, nous n&rsquo;avons pas seulement fourni un rapport : nous avons fourni <strong>un cadre technique convaincant<\/strong> qui a permis de soutenir une position robuste et d&rsquo;orienter l&rsquo;affaire vers une <strong>r\u00e9solution excellente<\/strong> pour les int\u00e9r\u00eats d\u00e9fendus, d\u00e9montrant la capacit\u00e9 de martinsdelima \u00e0 transformer des litiges complexes en r\u00e9sultats clairs gr\u00e2ce \u00e0 <strong>l&rsquo;analyse \u00e9conomique, aux preuves de march\u00e9 et \u00e0 la rigueur<\/strong>. <\/h6>\t\t\t\t\t\t\t\t<\/div>\n\t\t\t\t<\/div>\n\t\t\t\t\t<\/div>\n\t\t<\/div>\n\t\t\t\t\t<\/div>\n\t\t<\/section>\n\t\t\t\t<\/div>\n\t\t","protected":false},"excerpt":{"rendered":"<p>Exp\u00e9riences\u00c9valuation de Sportifs\u00c9valuation de deux footballeurs de premi\u00e8re division Un club de premier plan \u00e9tait confront\u00e9 \u00e0 un conflit concernant l&rsquo;interpr\u00e9tation d&rsquo;un contrat de transmission de droits f\u00e9d\u00e9raux et \u00e9conomiques, en particulier sur le montant \u00e0 reconna\u00eetre \u00e0 l&rsquo;autre partie dans certains sc\u00e9narios de transfert et d&rsquo;offre re\u00e7ue. La controverse [&hellip;]<\/p>\n","protected":false},"author":1,"featured_media":0,"parent":0,"menu_order":0,"comment_status":"closed","ping_status":"closed","template":"page-templates\/template-pagebuilder-full-width.php","meta":{"footnotes":""},"class_list":["post-10436","page","type-page","status-publish","hentry"],"yoast_head":"<!-- This site is optimized with the Yoast SEO plugin v26.4 - https:\/\/yoast.com\/wordpress\/plugins\/seo\/ -->\n<title>Exp\u00e9riences \u00c9valuations Sportifs - Martinsdelima<\/title>\n<meta name=\"robots\" content=\"index, follow, max-snippet:-1, max-image-preview:large, max-video-preview:-1\" \/>\n<link rel=\"canonical\" href=\"https:\/\/www.martinsdelima.com\/fr\/experiences-evaluations-sportifs\/\" \/>\n<meta property=\"og:locale\" content=\"fr_FR\" \/>\n<meta property=\"og:type\" content=\"article\" \/>\n<meta property=\"og:title\" content=\"Exp\u00e9riences \u00c9valuations Sportifs - Martinsdelima\" \/>\n<meta property=\"og:description\" content=\"Exp\u00e9riences\u00c9valuation de Sportifs\u00c9valuation de deux footballeurs de premi\u00e8re division Un club de premier plan \u00e9tait confront\u00e9 \u00e0 un conflit concernant l&rsquo;interpr\u00e9tation d&rsquo;un contrat de transmission de droits f\u00e9d\u00e9raux et \u00e9conomiques, en particulier sur le montant \u00e0 reconna\u00eetre \u00e0 l&rsquo;autre partie dans certains sc\u00e9narios de transfert et d&rsquo;offre re\u00e7ue. La controverse [&hellip;]\" \/>\n<meta property=\"og:url\" content=\"https:\/\/www.martinsdelima.com\/fr\/experiences-evaluations-sportifs\/\" \/>\n<meta property=\"og:site_name\" content=\"Martinsdelima\" \/>\n<meta property=\"article:modified_time\" content=\"2026-02-08T18:42:08+00:00\" \/>\n<meta name=\"twitter:card\" content=\"summary_large_image\" \/>\n<meta name=\"twitter:label1\" content=\"Dur\u00e9e de lecture estim\u00e9e\" \/>\n\t<meta name=\"twitter:data1\" content=\"3 minutes\" \/>\n<script type=\"application\/ld+json\" class=\"yoast-schema-graph\">{\"@context\":\"https:\/\/schema.org\",\"@graph\":[{\"@type\":\"WebPage\",\"@id\":\"https:\/\/www.martinsdelima.com\/fr\/experiences-evaluations-sportifs\/\",\"url\":\"https:\/\/www.martinsdelima.com\/fr\/experiences-evaluations-sportifs\/\",\"name\":\"Exp\u00e9riences \u00c9valuations Sportifs - Martinsdelima\",\"isPartOf\":{\"@id\":\"https:\/\/www.martinsdelima.com\/fr\/#website\"},\"datePublished\":\"2026-01-17T11:27:00+00:00\",\"dateModified\":\"2026-02-08T18:42:08+00:00\",\"breadcrumb\":{\"@id\":\"https:\/\/www.martinsdelima.com\/fr\/experiences-evaluations-sportifs\/#breadcrumb\"},\"inLanguage\":\"fr-FR\",\"potentialAction\":[{\"@type\":\"ReadAction\",\"target\":[\"https:\/\/www.martinsdelima.com\/fr\/experiences-evaluations-sportifs\/\"]}]},{\"@type\":\"BreadcrumbList\",\"@id\":\"https:\/\/www.martinsdelima.com\/fr\/experiences-evaluations-sportifs\/#breadcrumb\",\"itemListElement\":[{\"@type\":\"ListItem\",\"position\":1,\"name\":\"Page d'accueil\",\"item\":\"https:\/\/www.martinsdelima.com\/fr\/accueil\/\"},{\"@type\":\"ListItem\",\"position\":2,\"name\":\"Exp\u00e9riences \u00c9valuations Sportifs\"}]},{\"@type\":\"WebSite\",\"@id\":\"https:\/\/www.martinsdelima.com\/fr\/#website\",\"url\":\"https:\/\/www.martinsdelima.com\/fr\/\",\"name\":\"Martinsdelima\",\"description\":\"Forensic&amp;Finance\",\"publisher\":{\"@id\":\"https:\/\/www.martinsdelima.com\/fr\/#organization\"},\"potentialAction\":[{\"@type\":\"SearchAction\",\"target\":{\"@type\":\"EntryPoint\",\"urlTemplate\":\"https:\/\/www.martinsdelima.com\/fr\/?s={search_term_string}\"},\"query-input\":{\"@type\":\"PropertyValueSpecification\",\"valueRequired\":true,\"valueName\":\"search_term_string\"}}],\"inLanguage\":\"fr-FR\"},{\"@type\":\"Organization\",\"@id\":\"https:\/\/www.martinsdelima.com\/fr\/#organization\",\"name\":\"Martinsdelima\",\"url\":\"https:\/\/www.martinsdelima.com\/fr\/\",\"logo\":{\"@type\":\"ImageObject\",\"inLanguage\":\"fr-FR\",\"@id\":\"https:\/\/www.martinsdelima.com\/fr\/#\/schema\/logo\/image\/\",\"url\":\"https:\/\/mligy6wbr5rs.i.optimole.com\/w:auto\/h:auto\/q:mauto\/f:best\/https:\/\/www.martinsdelima.com\/wp-content\/uploads\/2025\/10\/martinsdelima-letras-claras-horizontal.png\",\"contentUrl\":\"https:\/\/mligy6wbr5rs.i.optimole.com\/w:auto\/h:auto\/q:mauto\/f:best\/https:\/\/www.martinsdelima.com\/wp-content\/uploads\/2025\/10\/martinsdelima-letras-claras-horizontal.png\",\"width\":1315,\"height\":217,\"caption\":\"Martinsdelima\"},\"image\":{\"@id\":\"https:\/\/www.martinsdelima.com\/fr\/#\/schema\/logo\/image\/\"}}]}<\/script>\n<!-- \/ Yoast SEO plugin. -->","yoast_head_json":{"title":"Exp\u00e9riences \u00c9valuations Sportifs - Martinsdelima","robots":{"index":"index","follow":"follow","max-snippet":"max-snippet:-1","max-image-preview":"max-image-preview:large","max-video-preview":"max-video-preview:-1"},"canonical":"https:\/\/www.martinsdelima.com\/fr\/experiences-evaluations-sportifs\/","og_locale":"fr_FR","og_type":"article","og_title":"Exp\u00e9riences \u00c9valuations Sportifs - Martinsdelima","og_description":"Exp\u00e9riences\u00c9valuation de Sportifs\u00c9valuation de deux footballeurs de premi\u00e8re division Un club de premier plan \u00e9tait confront\u00e9 \u00e0 un conflit concernant l&rsquo;interpr\u00e9tation d&rsquo;un contrat de transmission de droits f\u00e9d\u00e9raux et \u00e9conomiques, en particulier sur le montant \u00e0 reconna\u00eetre \u00e0 l&rsquo;autre partie dans certains sc\u00e9narios de transfert et d&rsquo;offre re\u00e7ue. La controverse [&hellip;]","og_url":"https:\/\/www.martinsdelima.com\/fr\/experiences-evaluations-sportifs\/","og_site_name":"Martinsdelima","article_modified_time":"2026-02-08T18:42:08+00:00","twitter_card":"summary_large_image","twitter_misc":{"Dur\u00e9e de lecture estim\u00e9e":"3 minutes"},"schema":{"@context":"https:\/\/schema.org","@graph":[{"@type":"WebPage","@id":"https:\/\/www.martinsdelima.com\/fr\/experiences-evaluations-sportifs\/","url":"https:\/\/www.martinsdelima.com\/fr\/experiences-evaluations-sportifs\/","name":"Exp\u00e9riences \u00c9valuations Sportifs - Martinsdelima","isPartOf":{"@id":"https:\/\/www.martinsdelima.com\/fr\/#website"},"datePublished":"2026-01-17T11:27:00+00:00","dateModified":"2026-02-08T18:42:08+00:00","breadcrumb":{"@id":"https:\/\/www.martinsdelima.com\/fr\/experiences-evaluations-sportifs\/#breadcrumb"},"inLanguage":"fr-FR","potentialAction":[{"@type":"ReadAction","target":["https:\/\/www.martinsdelima.com\/fr\/experiences-evaluations-sportifs\/"]}]},{"@type":"BreadcrumbList","@id":"https:\/\/www.martinsdelima.com\/fr\/experiences-evaluations-sportifs\/#breadcrumb","itemListElement":[{"@type":"ListItem","position":1,"name":"Page d'accueil","item":"https:\/\/www.martinsdelima.com\/fr\/accueil\/"},{"@type":"ListItem","position":2,"name":"Exp\u00e9riences \u00c9valuations Sportifs"}]},{"@type":"WebSite","@id":"https:\/\/www.martinsdelima.com\/fr\/#website","url":"https:\/\/www.martinsdelima.com\/fr\/","name":"Martinsdelima","description":"Forensic&amp;Finance","publisher":{"@id":"https:\/\/www.martinsdelima.com\/fr\/#organization"},"potentialAction":[{"@type":"SearchAction","target":{"@type":"EntryPoint","urlTemplate":"https:\/\/www.martinsdelima.com\/fr\/?s={search_term_string}"},"query-input":{"@type":"PropertyValueSpecification","valueRequired":true,"valueName":"search_term_string"}}],"inLanguage":"fr-FR"},{"@type":"Organization","@id":"https:\/\/www.martinsdelima.com\/fr\/#organization","name":"Martinsdelima","url":"https:\/\/www.martinsdelima.com\/fr\/","logo":{"@type":"ImageObject","inLanguage":"fr-FR","@id":"https:\/\/www.martinsdelima.com\/fr\/#\/schema\/logo\/image\/","url":"https:\/\/mligy6wbr5rs.i.optimole.com\/w:auto\/h:auto\/q:mauto\/f:best\/https:\/\/www.martinsdelima.com\/wp-content\/uploads\/2025\/10\/martinsdelima-letras-claras-horizontal.png","contentUrl":"https:\/\/mligy6wbr5rs.i.optimole.com\/w:auto\/h:auto\/q:mauto\/f:best\/https:\/\/www.martinsdelima.com\/wp-content\/uploads\/2025\/10\/martinsdelima-letras-claras-horizontal.png","width":1315,"height":217,"caption":"Martinsdelima"},"image":{"@id":"https:\/\/www.martinsdelima.com\/fr\/#\/schema\/logo\/image\/"}}]}},"_links":{"self":[{"href":"https:\/\/www.martinsdelima.com\/fr\/wp-json\/wp\/v2\/pages\/10436","targetHints":{"allow":["GET"]}}],"collection":[{"href":"https:\/\/www.martinsdelima.com\/fr\/wp-json\/wp\/v2\/pages"}],"about":[{"href":"https:\/\/www.martinsdelima.com\/fr\/wp-json\/wp\/v2\/types\/page"}],"author":[{"embeddable":true,"href":"https:\/\/www.martinsdelima.com\/fr\/wp-json\/wp\/v2\/users\/1"}],"replies":[{"embeddable":true,"href":"https:\/\/www.martinsdelima.com\/fr\/wp-json\/wp\/v2\/comments?post=10436"}],"version-history":[{"count":1,"href":"https:\/\/www.martinsdelima.com\/fr\/wp-json\/wp\/v2\/pages\/10436\/revisions"}],"predecessor-version":[{"id":10437,"href":"https:\/\/www.martinsdelima.com\/fr\/wp-json\/wp\/v2\/pages\/10436\/revisions\/10437"}],"wp:attachment":[{"href":"https:\/\/www.martinsdelima.com\/fr\/wp-json\/wp\/v2\/media?parent=10436"}],"curies":[{"name":"wp","href":"https:\/\/api.w.org\/{rel}","templated":true}]}}