{"id":10466,"date":"2026-01-13T15:54:56","date_gmt":"2026-01-13T15:54:56","guid":{"rendered":"https:\/\/www.martinsdelima.com\/experiences-en-matiere-de-concurrence-deloyale\/"},"modified":"2026-02-08T18:44:08","modified_gmt":"2026-02-08T18:44:08","slug":"experiences-en-matiere-de-concurrence-deloyale","status":"publish","type":"page","link":"https:\/\/www.martinsdelima.com\/fr\/experiences-en-matiere-de-concurrence-deloyale\/","title":{"rendered":"Exp\u00e9riences en mati\u00e8re de concurrence d\u00e9loyale"},"content":{"rendered":"\t\t<div data-elementor-type=\"wp-page\" data-elementor-id=\"10466\" class=\"elementor elementor-10466 elementor-9051\" data-elementor-post-type=\"page\">\n\t\t\t\t\t\t<section class=\"elementor-section elementor-top-section elementor-element elementor-element-8f0456b elementor-section-full_width elementor-section-stretched elementor-section-height-min-height elementor-section-height-default elementor-section-items-middle\" data-id=\"8f0456b\" data-element_type=\"section\" data-settings=\"{&quot;stretch_section&quot;:&quot;section-stretched&quot;,&quot;background_background&quot;:&quot;classic&quot;}\">\n\t\t\t\t\t\t\t<div class=\"elementor-background-overlay\"><\/div>\n\t\t\t\t\t\t\t<div class=\"elementor-container elementor-column-gap-default\">\n\t\t\t\t\t<div class=\"elementor-column elementor-col-100 elementor-top-column elementor-element elementor-element-3c69b29\" data-id=\"3c69b29\" data-element_type=\"column\">\n\t\t\t<div class=\"elementor-widget-wrap elementor-element-populated\">\n\t\t\t\t\t\t<div class=\"elementor-element elementor-element-585aa77 elementor-widget__width-initial elementor-widget elementor-widget-heading\" data-id=\"585aa77\" data-element_type=\"widget\" data-widget_type=\"heading.default\">\n\t\t\t\t<div class=\"elementor-widget-container\">\n\t\t\t\t\t<h2 class=\"elementor-heading-title elementor-size-default\"><b>Exp\u00e9riences<\/b><br><b>Concurrence d\u00e9loyale<\/b><br>Appropriation d'informations et r\u00e9plique d'une unit\u00e9 commerciale : quantification \u00e9conomique du pr\u00e9judice<\/h2>\t\t\t\t<\/div>\n\t\t\t\t<\/div>\n\t\t\t\t\t<\/div>\n\t\t<\/div>\n\t\t\t\t\t<\/div>\n\t\t<\/section>\n\t\t\t\t<section class=\"elementor-section elementor-top-section elementor-element elementor-element-a744b8e elementor-section-boxed elementor-section-height-default elementor-section-height-default\" data-id=\"a744b8e\" data-element_type=\"section\">\n\t\t\t\t\t\t<div class=\"elementor-container elementor-column-gap-default\">\n\t\t\t\t\t<div class=\"elementor-column elementor-col-100 elementor-top-column elementor-element elementor-element-57e9261\" data-id=\"57e9261\" data-element_type=\"column\">\n\t\t\t<div class=\"elementor-widget-wrap elementor-element-populated\">\n\t\t\t\t\t\t<div class=\"elementor-element elementor-element-2bdd3d8 elementor-widget elementor-widget-text-editor\" data-id=\"2bdd3d8\" data-element_type=\"widget\" data-widget_type=\"text-editor.default\">\n\t\t\t\t<div class=\"elementor-widget-container\">\n\t\t\t\t\t\t\t\t\t<h6>Dans cette affaire, martinsdelima est intervenu en tant qu&rsquo;<strong>expert \u00e9conomique ind\u00e9pendant<\/strong> pour analyser et quantifier l&rsquo;impact \u00e9conomique d\u00e9coulant d&rsquo;une conduite de <strong>concurrence d\u00e9loyale<\/strong> dans laquelle un <strong>ancien dirigeant<\/strong>, en collaboration avec un tiers, aurait <strong>soustrait et utilis\u00e9 des informations confidentielles<\/strong> dans le but de <strong>reproduire une ligne d&rsquo;activit\u00e9<\/strong> de l&rsquo;entreprise concern\u00e9e. La mission consistait \u00e0 traduire un conflit \u00ab de conduite \u00bb (appropriation d&rsquo;informations et de connaissances) en <strong>cons\u00e9quences \u00e9conomiques concr\u00e8tes, tra\u00e7ables et d\u00e9fendables<\/strong>. <\/h6><h6>Le c\u0153ur de l&rsquo;affaire n&rsquo;\u00e9tait pas uniquement le d\u00e9part du professionnel, mais l&rsquo;utilisation de connaissances accumul\u00e9es et de documents internes pour <strong>monter une unit\u00e9 concurrente \u00ab clon\u00e9e \u00bb<\/strong> et acc\u00e9l\u00e9rer son entr\u00e9e sur le march\u00e9. Dans ce contexte, l&rsquo;avantage concurrentiel ne se construisait pas \u00e0 partir de z\u00e9ro, mais \u00e0 partir de <strong>mod\u00e8les op\u00e9rationnels, de documentation et d&rsquo;informations strat\u00e9giques<\/strong> qui n\u00e9cessitent normalement des ann\u00e9es d&rsquo;investissement et d&rsquo;apprentissage pour se consolider. <\/h6><h6>\u00c0 partir de la documentation analys\u00e9e (y compris celle incorpor\u00e9e dans la plainte et les supports d&rsquo;expertise associ\u00e9s), le rapport a identifi\u00e9 les m\u00e9canismes de pr\u00e9judice les plus pertinents d&rsquo;un point de vue \u00e9conomique : <strong>captation\/transfert de clients<\/strong>, <strong>copie de l&rsquo;unit\u00e9 commerciale<\/strong>, <strong>utilisation des donn\u00e9es de clients actuels et potentiels<\/strong>, et <strong>captation d&#8217;employ\u00e9s et des connaissances\/exp\u00e9riences<\/strong> associ\u00e9es.<\/h6><h6>Parall\u00e8lement, un <strong>\u00e9l\u00e9ment<\/strong> particuli\u00e8rement <strong>sensible<\/strong> a \u00e9t\u00e9 abord\u00e9 dans les cas de concurrence d\u00e9loyale : l&rsquo;<strong>effet organisationnel interne<\/strong>. Lorsqu&rsquo;une <strong>unit\u00e9 perd<\/strong> soudainement <strong>une partie de l&rsquo;\u00e9quipe<\/strong> et, simultan\u00e9ment, <strong>un concurrent appara\u00eet avec un \u00ab savoir-faire \u00bb \u00e9quivalent<\/strong>, l&rsquo;impact ne se limite pas aux clients qui partent, mais affecte la <strong>croissance naturelle<\/strong> et la capacit\u00e9 de continuer \u00e0 <strong>d\u00e9velopper un portefeuille normalement<\/strong>. Cette perte de traction, due \u00e0 la n\u00e9cessit\u00e9 de recomposer la structure et \u00e0 la pression d&rsquo;un <strong>nouveau concurrent \u00ab r\u00e9pliqu\u00e9 \u00bb<\/strong>, est l&rsquo;un des points o\u00f9 une analyse \u00e9conomique solide fait la diff\u00e9rence. <\/h6><h6>Dans ce cadre, martinsdelima a structur\u00e9 la quantification du pr\u00e9judice en postes clairs et v\u00e9rifiables. Entre autres, ont \u00e9t\u00e9 consid\u00e9r\u00e9s les <strong>dommages caus\u00e9s par le transfert de clients<\/strong>, la <strong>croissance tronqu\u00e9e de l&rsquo;activit\u00e9<\/strong>, les <strong>co\u00fbts de remplacement dus \u00e0 la perte d&#8217;employ\u00e9s<\/strong> et les <strong>\u00e9ventuelles indemnisations li\u00e9es aux clauses contractuelles<\/strong>. L&rsquo;objectif \u00e9tait que chaque composante soit \u00e9tay\u00e9e par des faits et des relations \u00e9conomiques compr\u00e9hensibles par des tiers, en \u00e9vitant les conclusions \u00ab de bo\u00eete noire \u00bb.  <\/h6><h6>La m\u00e9thodologie s&rsquo;est appuy\u00e9e sur une approche de <strong>tra\u00e7abilit\u00e9 compl\u00e8te<\/strong> :<\/h6><h6>(i) identification des <strong>faits pertinents et du mat\u00e9riel pr\u00e9tendument utilis\u00e9<\/strong> ;<\/h6><h6>(ii) <strong>conception d&rsquo;un sch\u00e9ma de dommages<\/strong> coh\u00e9rent avec ces faits ; et<\/h6><h6>(iii) <strong>quantification s\u00e9par\u00e9e<\/strong> des effets d\u00e9j\u00e0 mat\u00e9rialis\u00e9s (<strong>dommage \u00e9mergent<\/strong>) et des effets sur l&rsquo;activit\u00e9 qui aurait raisonnablement \u00e9t\u00e9 g\u00e9n\u00e9r\u00e9e en l&rsquo;absence de la conduite (<strong>manque \u00e0 gagner<\/strong>), ainsi que des co\u00fbts n\u00e9cessaires pour recomposer l&rsquo;unit\u00e9 concern\u00e9e.<\/h6><h6>Cette approche a permis de construire un rapport <strong>techniquement robuste, ordonn\u00e9 et d\u00e9fendable<\/strong>, qui transforme un cas complexe en une r\u00e9clamation \u00e9conomique claire et bien fond\u00e9e.<\/h6>\t\t\t\t\t\t\t\t<\/div>\n\t\t\t\t<\/div>\n\t\t\t\t\t<\/div>\n\t\t<\/div>\n\t\t\t\t\t<\/div>\n\t\t<\/section>\n\t\t\t\t<\/div>\n\t\t","protected":false},"excerpt":{"rendered":"<p>Exp\u00e9riencesConcurrence d\u00e9loyaleAppropriation d&rsquo;informations et r\u00e9plique d&rsquo;une unit\u00e9 commerciale : quantification \u00e9conomique du pr\u00e9judice Dans cette affaire, martinsdelima est intervenu en tant qu&rsquo;expert \u00e9conomique ind\u00e9pendant pour analyser et quantifier l&rsquo;impact \u00e9conomique d\u00e9coulant d&rsquo;une conduite de concurrence d\u00e9loyale dans laquelle un ancien dirigeant, en collaboration avec un tiers, aurait soustrait et utilis\u00e9 [&hellip;]<\/p>\n","protected":false},"author":1,"featured_media":0,"parent":0,"menu_order":0,"comment_status":"closed","ping_status":"closed","template":"page-templates\/template-pagebuilder-full-width.php","meta":{"footnotes":""},"class_list":["post-10466","page","type-page","status-publish","hentry"],"yoast_head":"<!-- This site is optimized with the Yoast SEO plugin v26.4 - https:\/\/yoast.com\/wordpress\/plugins\/seo\/ -->\n<title>Exp\u00e9riences en mati\u00e8re de concurrence d\u00e9loyale - Martinsdelima<\/title>\n<meta name=\"robots\" content=\"index, follow, max-snippet:-1, max-image-preview:large, max-video-preview:-1\" \/>\n<link rel=\"canonical\" href=\"https:\/\/www.martinsdelima.com\/fr\/experiences-en-matiere-de-concurrence-deloyale\/\" \/>\n<meta property=\"og:locale\" content=\"fr_FR\" \/>\n<meta property=\"og:type\" content=\"article\" \/>\n<meta property=\"og:title\" content=\"Exp\u00e9riences en mati\u00e8re de concurrence d\u00e9loyale - Martinsdelima\" \/>\n<meta property=\"og:description\" content=\"Exp\u00e9riencesConcurrence d\u00e9loyaleAppropriation d&rsquo;informations et r\u00e9plique d&rsquo;une unit\u00e9 commerciale : quantification \u00e9conomique du pr\u00e9judice Dans cette affaire, martinsdelima est intervenu en tant qu&rsquo;expert \u00e9conomique ind\u00e9pendant pour analyser et quantifier l&rsquo;impact \u00e9conomique d\u00e9coulant d&rsquo;une conduite de concurrence d\u00e9loyale dans laquelle un ancien dirigeant, en collaboration avec un tiers, aurait soustrait et utilis\u00e9 [&hellip;]\" \/>\n<meta property=\"og:url\" content=\"https:\/\/www.martinsdelima.com\/fr\/experiences-en-matiere-de-concurrence-deloyale\/\" \/>\n<meta property=\"og:site_name\" content=\"Martinsdelima\" \/>\n<meta property=\"article:modified_time\" content=\"2026-02-08T18:44:08+00:00\" \/>\n<meta name=\"twitter:card\" content=\"summary_large_image\" \/>\n<meta name=\"twitter:label1\" content=\"Dur\u00e9e de lecture estim\u00e9e\" \/>\n\t<meta name=\"twitter:data1\" content=\"3 minutes\" \/>\n<script type=\"application\/ld+json\" class=\"yoast-schema-graph\">{\"@context\":\"https:\/\/schema.org\",\"@graph\":[{\"@type\":\"WebPage\",\"@id\":\"https:\/\/www.martinsdelima.com\/fr\/experiences-en-matiere-de-concurrence-deloyale\/\",\"url\":\"https:\/\/www.martinsdelima.com\/fr\/experiences-en-matiere-de-concurrence-deloyale\/\",\"name\":\"Exp\u00e9riences en mati\u00e8re de concurrence d\u00e9loyale - Martinsdelima\",\"isPartOf\":{\"@id\":\"https:\/\/www.martinsdelima.com\/fr\/#website\"},\"datePublished\":\"2026-01-13T15:54:56+00:00\",\"dateModified\":\"2026-02-08T18:44:08+00:00\",\"breadcrumb\":{\"@id\":\"https:\/\/www.martinsdelima.com\/fr\/experiences-en-matiere-de-concurrence-deloyale\/#breadcrumb\"},\"inLanguage\":\"fr-FR\",\"potentialAction\":[{\"@type\":\"ReadAction\",\"target\":[\"https:\/\/www.martinsdelima.com\/fr\/experiences-en-matiere-de-concurrence-deloyale\/\"]}]},{\"@type\":\"BreadcrumbList\",\"@id\":\"https:\/\/www.martinsdelima.com\/fr\/experiences-en-matiere-de-concurrence-deloyale\/#breadcrumb\",\"itemListElement\":[{\"@type\":\"ListItem\",\"position\":1,\"name\":\"Page d'accueil\",\"item\":\"https:\/\/www.martinsdelima.com\/fr\/accueil\/\"},{\"@type\":\"ListItem\",\"position\":2,\"name\":\"Exp\u00e9riences en mati\u00e8re de concurrence d\u00e9loyale\"}]},{\"@type\":\"WebSite\",\"@id\":\"https:\/\/www.martinsdelima.com\/fr\/#website\",\"url\":\"https:\/\/www.martinsdelima.com\/fr\/\",\"name\":\"Martinsdelima\",\"description\":\"Forensic&amp;Finance\",\"publisher\":{\"@id\":\"https:\/\/www.martinsdelima.com\/fr\/#organization\"},\"potentialAction\":[{\"@type\":\"SearchAction\",\"target\":{\"@type\":\"EntryPoint\",\"urlTemplate\":\"https:\/\/www.martinsdelima.com\/fr\/?s={search_term_string}\"},\"query-input\":{\"@type\":\"PropertyValueSpecification\",\"valueRequired\":true,\"valueName\":\"search_term_string\"}}],\"inLanguage\":\"fr-FR\"},{\"@type\":\"Organization\",\"@id\":\"https:\/\/www.martinsdelima.com\/fr\/#organization\",\"name\":\"Martinsdelima\",\"url\":\"https:\/\/www.martinsdelima.com\/fr\/\",\"logo\":{\"@type\":\"ImageObject\",\"inLanguage\":\"fr-FR\",\"@id\":\"https:\/\/www.martinsdelima.com\/fr\/#\/schema\/logo\/image\/\",\"url\":\"https:\/\/mligy6wbr5rs.i.optimole.com\/w:auto\/h:auto\/q:mauto\/f:best\/https:\/\/www.martinsdelima.com\/wp-content\/uploads\/2025\/10\/martinsdelima-letras-claras-horizontal.png\",\"contentUrl\":\"https:\/\/mligy6wbr5rs.i.optimole.com\/w:auto\/h:auto\/q:mauto\/f:best\/https:\/\/www.martinsdelima.com\/wp-content\/uploads\/2025\/10\/martinsdelima-letras-claras-horizontal.png\",\"width\":1315,\"height\":217,\"caption\":\"Martinsdelima\"},\"image\":{\"@id\":\"https:\/\/www.martinsdelima.com\/fr\/#\/schema\/logo\/image\/\"}}]}<\/script>\n<!-- \/ Yoast SEO plugin. -->","yoast_head_json":{"title":"Exp\u00e9riences en mati\u00e8re de concurrence d\u00e9loyale - Martinsdelima","robots":{"index":"index","follow":"follow","max-snippet":"max-snippet:-1","max-image-preview":"max-image-preview:large","max-video-preview":"max-video-preview:-1"},"canonical":"https:\/\/www.martinsdelima.com\/fr\/experiences-en-matiere-de-concurrence-deloyale\/","og_locale":"fr_FR","og_type":"article","og_title":"Exp\u00e9riences en mati\u00e8re de concurrence d\u00e9loyale - Martinsdelima","og_description":"Exp\u00e9riencesConcurrence d\u00e9loyaleAppropriation d&rsquo;informations et r\u00e9plique d&rsquo;une unit\u00e9 commerciale : quantification \u00e9conomique du pr\u00e9judice Dans cette affaire, martinsdelima est intervenu en tant qu&rsquo;expert \u00e9conomique ind\u00e9pendant pour analyser et quantifier l&rsquo;impact \u00e9conomique d\u00e9coulant d&rsquo;une conduite de concurrence d\u00e9loyale dans laquelle un ancien dirigeant, en collaboration avec un tiers, aurait soustrait et utilis\u00e9 [&hellip;]","og_url":"https:\/\/www.martinsdelima.com\/fr\/experiences-en-matiere-de-concurrence-deloyale\/","og_site_name":"Martinsdelima","article_modified_time":"2026-02-08T18:44:08+00:00","twitter_card":"summary_large_image","twitter_misc":{"Dur\u00e9e de lecture estim\u00e9e":"3 minutes"},"schema":{"@context":"https:\/\/schema.org","@graph":[{"@type":"WebPage","@id":"https:\/\/www.martinsdelima.com\/fr\/experiences-en-matiere-de-concurrence-deloyale\/","url":"https:\/\/www.martinsdelima.com\/fr\/experiences-en-matiere-de-concurrence-deloyale\/","name":"Exp\u00e9riences en mati\u00e8re de concurrence d\u00e9loyale - Martinsdelima","isPartOf":{"@id":"https:\/\/www.martinsdelima.com\/fr\/#website"},"datePublished":"2026-01-13T15:54:56+00:00","dateModified":"2026-02-08T18:44:08+00:00","breadcrumb":{"@id":"https:\/\/www.martinsdelima.com\/fr\/experiences-en-matiere-de-concurrence-deloyale\/#breadcrumb"},"inLanguage":"fr-FR","potentialAction":[{"@type":"ReadAction","target":["https:\/\/www.martinsdelima.com\/fr\/experiences-en-matiere-de-concurrence-deloyale\/"]}]},{"@type":"BreadcrumbList","@id":"https:\/\/www.martinsdelima.com\/fr\/experiences-en-matiere-de-concurrence-deloyale\/#breadcrumb","itemListElement":[{"@type":"ListItem","position":1,"name":"Page d'accueil","item":"https:\/\/www.martinsdelima.com\/fr\/accueil\/"},{"@type":"ListItem","position":2,"name":"Exp\u00e9riences en mati\u00e8re de concurrence d\u00e9loyale"}]},{"@type":"WebSite","@id":"https:\/\/www.martinsdelima.com\/fr\/#website","url":"https:\/\/www.martinsdelima.com\/fr\/","name":"Martinsdelima","description":"Forensic&amp;Finance","publisher":{"@id":"https:\/\/www.martinsdelima.com\/fr\/#organization"},"potentialAction":[{"@type":"SearchAction","target":{"@type":"EntryPoint","urlTemplate":"https:\/\/www.martinsdelima.com\/fr\/?s={search_term_string}"},"query-input":{"@type":"PropertyValueSpecification","valueRequired":true,"valueName":"search_term_string"}}],"inLanguage":"fr-FR"},{"@type":"Organization","@id":"https:\/\/www.martinsdelima.com\/fr\/#organization","name":"Martinsdelima","url":"https:\/\/www.martinsdelima.com\/fr\/","logo":{"@type":"ImageObject","inLanguage":"fr-FR","@id":"https:\/\/www.martinsdelima.com\/fr\/#\/schema\/logo\/image\/","url":"https:\/\/mligy6wbr5rs.i.optimole.com\/w:auto\/h:auto\/q:mauto\/f:best\/https:\/\/www.martinsdelima.com\/wp-content\/uploads\/2025\/10\/martinsdelima-letras-claras-horizontal.png","contentUrl":"https:\/\/mligy6wbr5rs.i.optimole.com\/w:auto\/h:auto\/q:mauto\/f:best\/https:\/\/www.martinsdelima.com\/wp-content\/uploads\/2025\/10\/martinsdelima-letras-claras-horizontal.png","width":1315,"height":217,"caption":"Martinsdelima"},"image":{"@id":"https:\/\/www.martinsdelima.com\/fr\/#\/schema\/logo\/image\/"}}]}},"_links":{"self":[{"href":"https:\/\/www.martinsdelima.com\/fr\/wp-json\/wp\/v2\/pages\/10466","targetHints":{"allow":["GET"]}}],"collection":[{"href":"https:\/\/www.martinsdelima.com\/fr\/wp-json\/wp\/v2\/pages"}],"about":[{"href":"https:\/\/www.martinsdelima.com\/fr\/wp-json\/wp\/v2\/types\/page"}],"author":[{"embeddable":true,"href":"https:\/\/www.martinsdelima.com\/fr\/wp-json\/wp\/v2\/users\/1"}],"replies":[{"embeddable":true,"href":"https:\/\/www.martinsdelima.com\/fr\/wp-json\/wp\/v2\/comments?post=10466"}],"version-history":[{"count":1,"href":"https:\/\/www.martinsdelima.com\/fr\/wp-json\/wp\/v2\/pages\/10466\/revisions"}],"predecessor-version":[{"id":10468,"href":"https:\/\/www.martinsdelima.com\/fr\/wp-json\/wp\/v2\/pages\/10466\/revisions\/10468"}],"wp:attachment":[{"href":"https:\/\/www.martinsdelima.com\/fr\/wp-json\/wp\/v2\/media?parent=10466"}],"curies":[{"name":"wp","href":"https:\/\/api.w.org\/{rel}","templated":true}]}}