{"id":10477,"date":"2026-01-13T15:34:48","date_gmt":"2026-01-13T15:34:48","guid":{"rendered":"https:\/\/www.martinsdelima.com\/experiences-en-matiere-de-concurrence-sur-le-marche\/"},"modified":"2026-02-12T11:20:47","modified_gmt":"2026-02-12T11:20:47","slug":"experiences-en-matiere-de-concurrence-sur-le-marche","status":"publish","type":"page","link":"https:\/\/www.martinsdelima.com\/fr\/experiences-en-matiere-de-concurrence-sur-le-marche\/","title":{"rendered":"Exp\u00e9riences en mati\u00e8re de concurrence sur le march\u00e9"},"content":{"rendered":"\t\t<div data-elementor-type=\"wp-page\" data-elementor-id=\"10477\" class=\"elementor elementor-10477 elementor-8957\" data-elementor-post-type=\"page\">\n\t\t\t\t\t\t<section class=\"elementor-section elementor-top-section elementor-element elementor-element-8f0456b elementor-section-full_width elementor-section-stretched elementor-section-height-min-height elementor-section-height-default elementor-section-items-middle\" data-id=\"8f0456b\" data-element_type=\"section\" data-settings=\"{&quot;stretch_section&quot;:&quot;section-stretched&quot;,&quot;background_background&quot;:&quot;classic&quot;}\">\n\t\t\t\t\t\t\t<div class=\"elementor-background-overlay\"><\/div>\n\t\t\t\t\t\t\t<div class=\"elementor-container elementor-column-gap-default\">\n\t\t\t\t\t<div class=\"elementor-column elementor-col-100 elementor-top-column elementor-element elementor-element-3c69b29\" data-id=\"3c69b29\" data-element_type=\"column\">\n\t\t\t<div class=\"elementor-widget-wrap elementor-element-populated\">\n\t\t\t\t\t\t<div class=\"elementor-element elementor-element-585aa77 elementor-widget__width-initial elementor-widget elementor-widget-heading\" data-id=\"585aa77\" data-element_type=\"widget\" data-widget_type=\"heading.default\">\n\t\t\t\t<div class=\"elementor-widget-container\">\n\t\t\t\t\t<h2 class=\"elementor-heading-title elementor-size-default\"><b>Exp\u00e9riences<\/b><br><b>March\u00e9 pertinent, pouvoir de march\u00e9, barri\u00e8res<\/b><br>D\u00e9finition du march\u00e9 publicitaire et analyse du pouvoir de march\u00e9 dans un environnement num\u00e9rique<\/h2>\t\t\t\t<\/div>\n\t\t\t\t<\/div>\n\t\t\t\t\t<\/div>\n\t\t<\/div>\n\t\t\t\t\t<\/div>\n\t\t<\/section>\n\t\t\t\t<section class=\"elementor-section elementor-top-section elementor-element elementor-element-8997914 elementor-section-boxed elementor-section-height-default elementor-section-height-default\" data-id=\"8997914\" data-element_type=\"section\">\n\t\t\t\t\t\t<div class=\"elementor-container elementor-column-gap-default\">\n\t\t\t\t\t<div class=\"elementor-column elementor-col-100 elementor-top-column elementor-element elementor-element-fe83975\" data-id=\"fe83975\" data-element_type=\"column\">\n\t\t\t<div class=\"elementor-widget-wrap elementor-element-populated\">\n\t\t\t\t\t\t<div class=\"elementor-element elementor-element-d24376a elementor-widget elementor-widget-text-editor\" data-id=\"d24376a\" data-element_type=\"widget\" data-widget_type=\"text-editor.default\">\n\t\t\t\t<div class=\"elementor-widget-container\">\n\t\t\t\t\t\t\t\t\t<h6>Dans cette affaire, <strong>martinsdelima a agi en tant qu&rsquo;expert \u00e9conomique ind\u00e9pendant pour l&rsquo;un des sept g\u00e9ants technologiques<\/strong> afin d&rsquo;analyser le fonctionnement r\u00e9el de l&rsquo;\u00e9cosyst\u00e8me publicitaire en Espagne et d&rsquo;\u00e9valuer de mani\u00e8re critique une <strong>expertise de partie<\/strong> qui soutenait une <strong>vision \u00ab ferm\u00e9e \u00bb du march\u00e9 de la publicit\u00e9 num\u00e9rique<\/strong>. Le d\u00e9bat portait sur <strong>la mani\u00e8re dont le march\u00e9 pertinent doit \u00eatre d\u00e9fini<\/strong> et les implications de cette d\u00e9finition pour \u00e9valuer <strong>le pouvoir de march\u00e9 et les barri\u00e8res \u00e0 l&rsquo;entr\u00e9e<\/strong> dans un environnement o\u00f9 l&rsquo;investissement publicitaire se d\u00e9place entre de multiples canaux. <\/h6>\n<h6>Le c\u0153ur de l\u2019affaire \u00e9tait de d\u00e9montrer que <strong>la publicit\u00e9 ne fonctionne pas comme un compartiment \u00e9tanche<\/strong> (par exemple, le \u00ab&nbsp;display online&nbsp;\u00bb comme unit\u00e9 isol\u00e9e), mais comme un syst\u00e8me concurrentiel o\u00f9 les annonceurs combinent formats et m\u00e9dias (<strong>en ligne et hors ligne<\/strong>) dans des <strong>campagnes multicanales<\/strong>, en ajustant leur mix en fonction des objectifs, des audiences et du rendement. Cette perspective est essentielle car <strong>si le march\u00e9 est d\u00e9fini de mani\u00e8re incompl\u00e8te ou biais\u00e9e, l\u2019analyse de la concurrence peut \u00eatre fauss\u00e9e<\/strong>. <\/h6>\n<h6>Notre analyse a soulign\u00e9 que, dans la pratique, <strong>tous les canaux se disputent l\u2019attention de l\u2019utilisateur<\/strong> (engagement) et, par cons\u00e9quent, le <strong>budget publicitaire&nbsp;: m\u00e9dias num\u00e9riques, t\u00e9l\u00e9vision, radio, ext\u00e9rieur, presse, plateformes et nouveaux formats<\/strong>. Le choix du canal d\u00e9pend des objectifs et des besoins de l\u2019annonceur, et non d\u2019une pr\u00e9tendue appartenance \u00ab&nbsp;naturelle&nbsp;\u00bb \u00e0 un march\u00e9 unique et rigide. <\/h6>\n<h6>De plus, l\u2019affaire exigeait de clarifier un point particuli\u00e8rement sensible&nbsp;: le <strong>r\u00f4le des donn\u00e9es<\/strong>. Face aux approches qui assimilent \u00ab&nbsp;plus de donn\u00e9es&nbsp;\u00bb \u00e0 un avantage automatique, nous avons prouv\u00e9 que <strong>ce qui est d\u00e9terminant, ce n\u2019est pas le volume<\/strong>, mais la capacit\u00e9 de les transformer en informations utiles au sein de syst\u00e8mes publicitaires complets, et, surtout, de <strong>disposer d\u2019une audience r\u00e9ellement engag\u00e9e<\/strong>. Du point de vue de l\u2019annonceur, ce qui compte, c\u2019est <strong>le ROI (retour sur investissement), la capacit\u00e9 d\u2019atteindre l\u2019audience ad\u00e9quate et la mesure<\/strong>, et non une donn\u00e9e que, de plus, il ne conna\u00eet ni n\u2019observe g\u00e9n\u00e9ralement directement.  <\/h6>\n<h6>Nous avons \u00e9galement mis l\u2019accent sur la r\u00e9alit\u00e9 \u00e9conomique de la mani\u00e8re dont les d\u00e9penses publicitaires sont d\u00e9cid\u00e9es&nbsp;: <strong>les budgets ne sont pas statiques<\/strong>, ils sont continuellement r\u00e9affect\u00e9s entre les canaux en fonction des r\u00e9sultats, des nouveaux outils et des changements technologiques. Cette dynamique est renforc\u00e9e par le fait que, g\u00e9n\u00e9ralement, les annonceurs <strong>ne sont pas li\u00e9s par des exclusivit\u00e9s \u00e0 long terme<\/strong> et peuvent lancer, mettre en pause ou arr\u00eater des campagnes avec flexibilit\u00e9, ce qui accro\u00eet la pression concurrentielle entre les alternatives. <\/h6>\n<h6>La m\u00e9thodologie de martinsdelima a combin\u00e9 :<\/h6>\n<h6>(i) <strong>l\u2019analyse structurelle du panorama publicitaire<\/strong> et des facteurs qui guident la d\u00e9cision de l\u2019annonceur (ROI, audience, mesure, co\u00fbts et flexibilit\u00e9),<\/h6>\n<h6>(ii) <strong>le contraste technique et critique<\/strong> des hypoth\u00e8ses de l\u2019expertise adverse (march\u00e9 \u00ab&nbsp;online display&nbsp;\u00bb, donn\u00e9es, budgets), et<\/h6>\n<h6>(iii) <strong>l\u2019appui sur des preuves de march\u00e9 et des documents r\u00e9els<\/strong> utilis\u00e9s par les acteurs du secteur (par exemple, des propositions commerciales et des outils de mesure\/gestion publicitaire) pour d\u00e9montrer ce qui est en concurrence avec quoi dans la pratique.<\/h6>\n<h6>En cons\u00e9quence, le travail a permis de pr\u00e9senter un r\u00e9cit technique solide&nbsp;: <strong>un march\u00e9 publicitaire dynamique et multicanal<\/strong>, o\u00f9 la concurrence s\u2019articule autour de <strong>l\u2019efficacit\u00e9, de la port\u00e9e, de la fid\u00e9lisation (\u00ab&nbsp;engagement&nbsp;\u00bb), de la mesure et de l\u2019optimisation<\/strong> <strong>continue du ROI<\/strong> (retour sur investissement), et o\u00f9 les pr\u00e9tendues barri\u00e8res bas\u00e9es uniquement sur la \u00ab&nbsp;quantit\u00e9 de donn\u00e9es&nbsp;\u00bb ou sur des march\u00e9s artificiellement \u00e9troits <strong>ne refl\u00e8tent pas la r\u00e9alit\u00e9 \u00e9conomique<\/strong>. L\u2019approche de martinsdelima a \u00e9t\u00e9 d\u00e9cisive pour <strong>renforcer la coh\u00e9rence \u00e9conomique de l\u2019affaire et soutenir une position particuli\u00e8rement robuste dans le processus<\/strong>, en maximisant la cr\u00e9dibilit\u00e9 de l\u2019analyse et la clart\u00e9 des conclusions aupr\u00e8s des tiers. <\/h6>\t\t\t\t\t\t\t\t<\/div>\n\t\t\t\t<\/div>\n\t\t\t\t<div class=\"elementor-element elementor-element-5b87996 elementor-widget elementor-widget-spacer\" data-id=\"5b87996\" data-element_type=\"widget\" data-widget_type=\"spacer.default\">\n\t\t\t\t<div class=\"elementor-widget-container\">\n\t\t\t\t\t\t\t<div class=\"elementor-spacer\">\n\t\t\t<div class=\"elementor-spacer-inner\"><\/div>\n\t\t<\/div>\n\t\t\t\t\t\t<\/div>\n\t\t\t\t<\/div>\n\t\t\t\t\t<\/div>\n\t\t<\/div>\n\t\t\t\t\t<\/div>\n\t\t<\/section>\n\t\t\t\t<\/div>\n\t\t","protected":false},"excerpt":{"rendered":"<p>Exp\u00e9riencesMarch\u00e9 pertinent, pouvoir de march\u00e9, barri\u00e8resD\u00e9finition du march\u00e9 publicitaire et analyse du pouvoir de march\u00e9 dans un environnement num\u00e9rique Dans cette affaire, martinsdelima a agi en tant qu&rsquo;expert \u00e9conomique ind\u00e9pendant pour l&rsquo;un des sept g\u00e9ants technologiques afin d&rsquo;analyser le fonctionnement r\u00e9el de l&rsquo;\u00e9cosyst\u00e8me publicitaire en Espagne et d&rsquo;\u00e9valuer de mani\u00e8re [&hellip;]<\/p>\n","protected":false},"author":1,"featured_media":0,"parent":0,"menu_order":0,"comment_status":"closed","ping_status":"closed","template":"page-templates\/template-pagebuilder-full-width.php","meta":{"footnotes":""},"class_list":["post-10477","page","type-page","status-publish","hentry"],"yoast_head":"<!-- This site is optimized with the Yoast SEO plugin v26.4 - https:\/\/yoast.com\/wordpress\/plugins\/seo\/ -->\n<title>Exp\u00e9riences en mati\u00e8re de concurrence sur le march\u00e9 - Martinsdelima<\/title>\n<meta name=\"robots\" content=\"index, follow, max-snippet:-1, max-image-preview:large, max-video-preview:-1\" \/>\n<link rel=\"canonical\" href=\"https:\/\/www.martinsdelima.com\/fr\/experiences-en-matiere-de-concurrence-sur-le-marche\/\" \/>\n<meta property=\"og:locale\" content=\"fr_FR\" \/>\n<meta property=\"og:type\" content=\"article\" \/>\n<meta property=\"og:title\" content=\"Exp\u00e9riences en mati\u00e8re de concurrence sur le march\u00e9 - Martinsdelima\" \/>\n<meta property=\"og:description\" content=\"Exp\u00e9riencesMarch\u00e9 pertinent, pouvoir de march\u00e9, barri\u00e8resD\u00e9finition du march\u00e9 publicitaire et analyse du pouvoir de march\u00e9 dans un environnement num\u00e9rique Dans cette affaire, martinsdelima a agi en tant qu&rsquo;expert \u00e9conomique ind\u00e9pendant pour l&rsquo;un des sept g\u00e9ants technologiques afin d&rsquo;analyser le fonctionnement r\u00e9el de l&rsquo;\u00e9cosyst\u00e8me publicitaire en Espagne et d&rsquo;\u00e9valuer de mani\u00e8re [&hellip;]\" \/>\n<meta property=\"og:url\" content=\"https:\/\/www.martinsdelima.com\/fr\/experiences-en-matiere-de-concurrence-sur-le-marche\/\" \/>\n<meta property=\"og:site_name\" content=\"Martinsdelima\" \/>\n<meta property=\"article:modified_time\" content=\"2026-02-12T11:20:47+00:00\" \/>\n<meta name=\"twitter:card\" content=\"summary_large_image\" \/>\n<meta name=\"twitter:label1\" content=\"Dur\u00e9e de lecture estim\u00e9e\" \/>\n\t<meta name=\"twitter:data1\" content=\"4 minutes\" \/>\n<script type=\"application\/ld+json\" class=\"yoast-schema-graph\">{\"@context\":\"https:\/\/schema.org\",\"@graph\":[{\"@type\":\"WebPage\",\"@id\":\"https:\/\/www.martinsdelima.com\/fr\/experiences-en-matiere-de-concurrence-sur-le-marche\/\",\"url\":\"https:\/\/www.martinsdelima.com\/fr\/experiences-en-matiere-de-concurrence-sur-le-marche\/\",\"name\":\"Exp\u00e9riences en mati\u00e8re de concurrence sur le march\u00e9 - Martinsdelima\",\"isPartOf\":{\"@id\":\"https:\/\/www.martinsdelima.com\/fr\/#website\"},\"datePublished\":\"2026-01-13T15:34:48+00:00\",\"dateModified\":\"2026-02-12T11:20:47+00:00\",\"breadcrumb\":{\"@id\":\"https:\/\/www.martinsdelima.com\/fr\/experiences-en-matiere-de-concurrence-sur-le-marche\/#breadcrumb\"},\"inLanguage\":\"fr-FR\",\"potentialAction\":[{\"@type\":\"ReadAction\",\"target\":[\"https:\/\/www.martinsdelima.com\/fr\/experiences-en-matiere-de-concurrence-sur-le-marche\/\"]}]},{\"@type\":\"BreadcrumbList\",\"@id\":\"https:\/\/www.martinsdelima.com\/fr\/experiences-en-matiere-de-concurrence-sur-le-marche\/#breadcrumb\",\"itemListElement\":[{\"@type\":\"ListItem\",\"position\":1,\"name\":\"Page d'accueil\",\"item\":\"https:\/\/www.martinsdelima.com\/fr\/accueil\/\"},{\"@type\":\"ListItem\",\"position\":2,\"name\":\"Exp\u00e9riences en mati\u00e8re de concurrence sur le march\u00e9\"}]},{\"@type\":\"WebSite\",\"@id\":\"https:\/\/www.martinsdelima.com\/fr\/#website\",\"url\":\"https:\/\/www.martinsdelima.com\/fr\/\",\"name\":\"Martinsdelima\",\"description\":\"Forensic&amp;Finance\",\"publisher\":{\"@id\":\"https:\/\/www.martinsdelima.com\/fr\/#organization\"},\"potentialAction\":[{\"@type\":\"SearchAction\",\"target\":{\"@type\":\"EntryPoint\",\"urlTemplate\":\"https:\/\/www.martinsdelima.com\/fr\/?s={search_term_string}\"},\"query-input\":{\"@type\":\"PropertyValueSpecification\",\"valueRequired\":true,\"valueName\":\"search_term_string\"}}],\"inLanguage\":\"fr-FR\"},{\"@type\":\"Organization\",\"@id\":\"https:\/\/www.martinsdelima.com\/fr\/#organization\",\"name\":\"Martinsdelima\",\"url\":\"https:\/\/www.martinsdelima.com\/fr\/\",\"logo\":{\"@type\":\"ImageObject\",\"inLanguage\":\"fr-FR\",\"@id\":\"https:\/\/www.martinsdelima.com\/fr\/#\/schema\/logo\/image\/\",\"url\":\"https:\/\/mligy6wbr5rs.i.optimole.com\/w:auto\/h:auto\/q:mauto\/f:best\/https:\/\/www.martinsdelima.com\/wp-content\/uploads\/2025\/10\/martinsdelima-letras-claras-horizontal.png\",\"contentUrl\":\"https:\/\/mligy6wbr5rs.i.optimole.com\/w:auto\/h:auto\/q:mauto\/f:best\/https:\/\/www.martinsdelima.com\/wp-content\/uploads\/2025\/10\/martinsdelima-letras-claras-horizontal.png\",\"width\":1315,\"height\":217,\"caption\":\"Martinsdelima\"},\"image\":{\"@id\":\"https:\/\/www.martinsdelima.com\/fr\/#\/schema\/logo\/image\/\"}}]}<\/script>\n<!-- \/ Yoast SEO plugin. -->","yoast_head_json":{"title":"Exp\u00e9riences en mati\u00e8re de concurrence sur le march\u00e9 - Martinsdelima","robots":{"index":"index","follow":"follow","max-snippet":"max-snippet:-1","max-image-preview":"max-image-preview:large","max-video-preview":"max-video-preview:-1"},"canonical":"https:\/\/www.martinsdelima.com\/fr\/experiences-en-matiere-de-concurrence-sur-le-marche\/","og_locale":"fr_FR","og_type":"article","og_title":"Exp\u00e9riences en mati\u00e8re de concurrence sur le march\u00e9 - Martinsdelima","og_description":"Exp\u00e9riencesMarch\u00e9 pertinent, pouvoir de march\u00e9, barri\u00e8resD\u00e9finition du march\u00e9 publicitaire et analyse du pouvoir de march\u00e9 dans un environnement num\u00e9rique Dans cette affaire, martinsdelima a agi en tant qu&rsquo;expert \u00e9conomique ind\u00e9pendant pour l&rsquo;un des sept g\u00e9ants technologiques afin d&rsquo;analyser le fonctionnement r\u00e9el de l&rsquo;\u00e9cosyst\u00e8me publicitaire en Espagne et d&rsquo;\u00e9valuer de mani\u00e8re [&hellip;]","og_url":"https:\/\/www.martinsdelima.com\/fr\/experiences-en-matiere-de-concurrence-sur-le-marche\/","og_site_name":"Martinsdelima","article_modified_time":"2026-02-12T11:20:47+00:00","twitter_card":"summary_large_image","twitter_misc":{"Dur\u00e9e de lecture estim\u00e9e":"4 minutes"},"schema":{"@context":"https:\/\/schema.org","@graph":[{"@type":"WebPage","@id":"https:\/\/www.martinsdelima.com\/fr\/experiences-en-matiere-de-concurrence-sur-le-marche\/","url":"https:\/\/www.martinsdelima.com\/fr\/experiences-en-matiere-de-concurrence-sur-le-marche\/","name":"Exp\u00e9riences en mati\u00e8re de concurrence sur le march\u00e9 - Martinsdelima","isPartOf":{"@id":"https:\/\/www.martinsdelima.com\/fr\/#website"},"datePublished":"2026-01-13T15:34:48+00:00","dateModified":"2026-02-12T11:20:47+00:00","breadcrumb":{"@id":"https:\/\/www.martinsdelima.com\/fr\/experiences-en-matiere-de-concurrence-sur-le-marche\/#breadcrumb"},"inLanguage":"fr-FR","potentialAction":[{"@type":"ReadAction","target":["https:\/\/www.martinsdelima.com\/fr\/experiences-en-matiere-de-concurrence-sur-le-marche\/"]}]},{"@type":"BreadcrumbList","@id":"https:\/\/www.martinsdelima.com\/fr\/experiences-en-matiere-de-concurrence-sur-le-marche\/#breadcrumb","itemListElement":[{"@type":"ListItem","position":1,"name":"Page d'accueil","item":"https:\/\/www.martinsdelima.com\/fr\/accueil\/"},{"@type":"ListItem","position":2,"name":"Exp\u00e9riences en mati\u00e8re de concurrence sur le march\u00e9"}]},{"@type":"WebSite","@id":"https:\/\/www.martinsdelima.com\/fr\/#website","url":"https:\/\/www.martinsdelima.com\/fr\/","name":"Martinsdelima","description":"Forensic&amp;Finance","publisher":{"@id":"https:\/\/www.martinsdelima.com\/fr\/#organization"},"potentialAction":[{"@type":"SearchAction","target":{"@type":"EntryPoint","urlTemplate":"https:\/\/www.martinsdelima.com\/fr\/?s={search_term_string}"},"query-input":{"@type":"PropertyValueSpecification","valueRequired":true,"valueName":"search_term_string"}}],"inLanguage":"fr-FR"},{"@type":"Organization","@id":"https:\/\/www.martinsdelima.com\/fr\/#organization","name":"Martinsdelima","url":"https:\/\/www.martinsdelima.com\/fr\/","logo":{"@type":"ImageObject","inLanguage":"fr-FR","@id":"https:\/\/www.martinsdelima.com\/fr\/#\/schema\/logo\/image\/","url":"https:\/\/mligy6wbr5rs.i.optimole.com\/w:auto\/h:auto\/q:mauto\/f:best\/https:\/\/www.martinsdelima.com\/wp-content\/uploads\/2025\/10\/martinsdelima-letras-claras-horizontal.png","contentUrl":"https:\/\/mligy6wbr5rs.i.optimole.com\/w:auto\/h:auto\/q:mauto\/f:best\/https:\/\/www.martinsdelima.com\/wp-content\/uploads\/2025\/10\/martinsdelima-letras-claras-horizontal.png","width":1315,"height":217,"caption":"Martinsdelima"},"image":{"@id":"https:\/\/www.martinsdelima.com\/fr\/#\/schema\/logo\/image\/"}}]}},"_links":{"self":[{"href":"https:\/\/www.martinsdelima.com\/fr\/wp-json\/wp\/v2\/pages\/10477","targetHints":{"allow":["GET"]}}],"collection":[{"href":"https:\/\/www.martinsdelima.com\/fr\/wp-json\/wp\/v2\/pages"}],"about":[{"href":"https:\/\/www.martinsdelima.com\/fr\/wp-json\/wp\/v2\/types\/page"}],"author":[{"embeddable":true,"href":"https:\/\/www.martinsdelima.com\/fr\/wp-json\/wp\/v2\/users\/1"}],"replies":[{"embeddable":true,"href":"https:\/\/www.martinsdelima.com\/fr\/wp-json\/wp\/v2\/comments?post=10477"}],"version-history":[{"count":2,"href":"https:\/\/www.martinsdelima.com\/fr\/wp-json\/wp\/v2\/pages\/10477\/revisions"}],"predecessor-version":[{"id":11857,"href":"https:\/\/www.martinsdelima.com\/fr\/wp-json\/wp\/v2\/pages\/10477\/revisions\/11857"}],"wp:attachment":[{"href":"https:\/\/www.martinsdelima.com\/fr\/wp-json\/wp\/v2\/media?parent=10477"}],"curies":[{"name":"wp","href":"https:\/\/api.w.org\/{rel}","templated":true}]}}