{"id":10505,"date":"2026-01-12T15:33:53","date_gmt":"2026-01-12T15:33:53","guid":{"rendered":"https:\/\/www.martinsdelima.com\/experiences-rapports-environnement\/"},"modified":"2026-02-08T18:45:44","modified_gmt":"2026-02-08T18:45:44","slug":"experiences-rapports-environnement","status":"publish","type":"page","link":"https:\/\/www.martinsdelima.com\/fr\/experiences-rapports-environnement\/","title":{"rendered":"Exp\u00e9riences Rapports environnement"},"content":{"rendered":"\t\t<div data-elementor-type=\"wp-page\" data-elementor-id=\"10505\" class=\"elementor elementor-10505 elementor-8851\" data-elementor-post-type=\"page\">\n\t\t\t\t\t\t<section class=\"elementor-section elementor-top-section elementor-element elementor-element-8f0456b elementor-section-full_width elementor-section-stretched elementor-section-height-min-height elementor-section-height-default elementor-section-items-middle\" data-id=\"8f0456b\" data-element_type=\"section\" data-settings=\"{&quot;stretch_section&quot;:&quot;section-stretched&quot;,&quot;background_background&quot;:&quot;classic&quot;}\">\n\t\t\t\t\t\t\t<div class=\"elementor-background-overlay\"><\/div>\n\t\t\t\t\t\t\t<div class=\"elementor-container elementor-column-gap-default\">\n\t\t\t\t\t<div class=\"elementor-column elementor-col-100 elementor-top-column elementor-element elementor-element-3c69b29\" data-id=\"3c69b29\" data-element_type=\"column\">\n\t\t\t<div class=\"elementor-widget-wrap elementor-element-populated\">\n\t\t\t\t\t\t<div class=\"elementor-element elementor-element-585aa77 elementor-widget elementor-widget-heading\" data-id=\"585aa77\" data-element_type=\"widget\" data-widget_type=\"heading.default\">\n\t\t\t\t<div class=\"elementor-widget-container\">\n\t\t\t\t\t<h2 class=\"elementor-heading-title elementor-size-default\"><b>Exp\u00e9riences<\/b><br><b>Environnement et Recyclage<\/b><br>Diagnostic industriel et environnemental d\u2019une installation SANDACH \u00e0 forte exposition r\u00e9glementaire<\/h2>\t\t\t\t<\/div>\n\t\t\t\t<\/div>\n\t\t\t\t\t<\/div>\n\t\t<\/div>\n\t\t\t\t\t<\/div>\n\t\t<\/section>\n\t\t\t\t<section class=\"elementor-section elementor-top-section elementor-element elementor-element-c9461eb elementor-section-boxed elementor-section-height-default elementor-section-height-default\" data-id=\"c9461eb\" data-element_type=\"section\">\n\t\t\t\t\t\t<div class=\"elementor-container elementor-column-gap-default\">\n\t\t\t\t\t<div class=\"elementor-column elementor-col-100 elementor-top-column elementor-element elementor-element-dc44822\" data-id=\"dc44822\" data-element_type=\"column\">\n\t\t\t<div class=\"elementor-widget-wrap elementor-element-populated\">\n\t\t\t\t\t\t<div class=\"elementor-element elementor-element-707e395 elementor-widget elementor-widget-text-editor\" data-id=\"707e395\" data-element_type=\"widget\" data-widget_type=\"text-editor.default\">\n\t\t\t\t<div class=\"elementor-widget-container\">\n\t\t\t\t\t\t\t\t\t<h6>La mission consistait \u00e0 <strong>fournir un avis technique ind\u00e9pendant<\/strong> sur l\u2019\u00e9tat <strong>industriel, environnemental et op\u00e9rationnel<\/strong> d\u2019un groupe poss\u00e9dant des usines d\u00e9di\u00e9es au <strong>traitement et \u00e0 la valorisation des sous-produits animaux (SANDACH)<\/strong>, dans un contexte particuli\u00e8rement sensible en raison de son impact potentiel sur les rejets, les \u00e9missions et les odeurs. L\u2019objectif n\u2019\u00e9tait pas de \u00ab&nbsp;donner un avis&nbsp;\u00bb, mais de <strong>v\u00e9rifier, documenter et attester<\/strong> de mani\u00e8re objective de la situation r\u00e9elle des installations, tant celle h\u00e9rit\u00e9e que celle post\u00e9rieure \u00e0 un changement de contr\u00f4le, et de transformer cette r\u00e9alit\u00e9 en <strong>preuve technique d\u00e9fendable<\/strong>. <\/h6><h6>La complexit\u00e9 du cas venait du fait qu\u2019il existait des <strong>rapports pr\u00e9c\u00e9dents avec des conclusions divergentes<\/strong> sur la conformit\u00e9 r\u00e9glementaire et l\u2019\u00e9tat technique des usines. D\u2019une part, des <strong>d\u00e9ficiences graves<\/strong> associ\u00e9es \u00e0 des <strong>rejets sans traitement ad\u00e9quat<\/strong>, des <strong>\u00e9missions atmosph\u00e9riques dues \u00e0 des \u00e9quipements d\u2019oxydation d\u00e9fectueux<\/strong> et des <strong>\u00e9pisodes de mauvaises odeurs<\/strong> affectant l\u2019environnement \u00e9taient d\u00e9crits&nbsp;; d\u2019autre part, il \u00e9tait soutenu que les installations \u00e9taient dans le <strong>cadre autorisateur et avec des am\u00e9liorations<\/strong> en cours. Cette contradiction g\u00e9n\u00e9rait une incertitude technique et strat\u00e9gique&nbsp;: y avait-il un <strong>probl\u00e8me structurel<\/strong> de conformit\u00e9 et de maintenance, <strong>ou<\/strong> s\u2019agissait-il d\u2019une <strong>situation<\/strong> d\u00e9j\u00e0 <strong>ma\u00eetris\u00e9e<\/strong>&nbsp;?  <\/h6><h6>Chez martinsdelima, nous avons envisag\u00e9 le travail comme une <strong>clarification technique int\u00e9grale<\/strong>&nbsp;: identifier avec pr\u00e9cision ce qui \u00e9tait \u00ab&nbsp;situation h\u00e9rit\u00e9e&nbsp;\u00bb et ce qui \u00e9tait \u00ab&nbsp;\u00e9tat actuel&nbsp;\u00bb, s\u00e9parer les faits des interpr\u00e9tations et <strong>ancrer la conformit\u00e9<\/strong> dans des preuves observables. Le rapport a \u00e9t\u00e9 structur\u00e9 pour \u00e9valuer <\/h6><h6>(i) l\u2019<strong>\u00e9tat technique et fonctionnel des processus et des infrastructures<\/strong> li\u00e9s au traitement SANDACH (r\u00e9ception, st\u00e9rilisation, stockage, \u00e9puration des odeurs, contr\u00f4le des \u00e9missions et gestion des d\u00e9chets liquides),<\/h6><h6>(ii) l\u2019<strong>ad\u00e9quation avec les autorisations et permis environnementaux<\/strong> applicables et<\/h6><h6>(iii) l\u2019<strong>int\u00e9grit\u00e9 et la tra\u00e7abilit\u00e9 des registres op\u00e9rationnels et des syst\u00e8mes de contr\u00f4le<\/strong>, y compris la d\u00e9tection de donn\u00e9es incompl\u00e8tes ou de pratiques qui pourraient simuler une conformit\u00e9 sans base op\u00e9rationnelle r\u00e9elle.<\/h6><h6>La m\u00e9thodologie \u00e9tait d\u00e9lib\u00e9r\u00e9ment \u00ab&nbsp;d\u2019ing\u00e9nierie forensique&nbsp;\u00bb&nbsp;: <strong>visites techniques sur site<\/strong>, observation directe de l\u2019\u00e9tat des installations, <strong>entretiens avec les responsables<\/strong>, <strong>v\u00e9rification de la documentation<\/strong> avec l\u2019exploitation r\u00e9elle et collecte de <strong>preuves photographiques, visuelles et documentaires<\/strong> pour \u00e9tayer chaque conclusion. Cette approche a permis de transformer l\u2019analyse en une carte de faits v\u00e9rifiables, minimisant les biais et comblant le foss\u00e9 entre ce que \u00ab&nbsp;dit le papier&nbsp;\u00bb et ce qui se passe r\u00e9ellement dans l\u2019usine. <\/h6><h6>Le r\u00e9sultat a \u00e9t\u00e9 un diagnostic clair par centre, avec un accent particulier sur les \u00e9l\u00e9ments critiques de conformit\u00e9&nbsp;: <strong>\u00e9puration des eaux (STEP), contr\u00f4le des \u00e9missions et confinement\/protection du sol<\/strong>. Dans l\u2019une des usines, une \u00e9volution technique tr\u00e8s significative a \u00e9t\u00e9 constat\u00e9e&nbsp;: passage d\u2019un sc\u00e9nario \u00e0 haut risque \u00e0 des <strong>normes proches des meilleures pratiques<\/strong>, avec une <strong>nouvelle STEP<\/strong>, un pr\u00e9traitement (y compris la s\u00e9paration des graisses), une <strong>imperm\u00e9abilisation et des fermetures<\/strong>, une surveillance du sous-sol au moyen de pi\u00e9zom\u00e8tres et un <strong>saut dans le contr\u00f4le des \u00e9missions<\/strong> en int\u00e9grant une mesure connect\u00e9e aux syst\u00e8mes de surveillance et en renouvelant les \u00e9l\u00e9ments cl\u00e9s qui r\u00e9duisaient de mani\u00e8re substantielle l\u2019impact odorant et am\u00e9lioraient la stabilit\u00e9 op\u00e9rationnelle. Tout cela s\u2019est accompagn\u00e9 d\u2019une <strong>strat\u00e9gie de r\u00e9gularisation technique<\/strong> visant \u00e0 diminuer le risque r\u00e9glementaire.  <\/h6><h6>Parall\u00e8lement, le rapport a \u00e9galement \u00e9t\u00e9 utile en raison de son honn\u00eatet\u00e9 technique&nbsp;: dans la deuxi\u00e8me usine, il a \u00e9t\u00e9 d\u00e9montr\u00e9 que, bien que le processus de modernisation ait \u00e9t\u00e9 lanc\u00e9, il restait encore des actions mat\u00e9rielles et d\u2019homologation \u00e0 r\u00e9aliser pour atteindre une conformit\u00e9 robuste (notamment en mati\u00e8re d\u2019\u00e9puration, de certification des \u00e9quipements critiques et de gestion du passif associ\u00e9 au sous-sol). C\u2019est pr\u00e9cis\u00e9ment l\u00e0 qu\u2019a r\u00e9sid\u00e9 l\u2019\u00ab&nbsp;excellente r\u00e9solution&nbsp;\u00bb&nbsp;: martinsdelima a remis un avis <strong>solide, \u00e9quilibr\u00e9 et exploitable<\/strong>, qui a permis d\u2019<strong>aligner les parties sur les faits<\/strong>, de prioriser les investissements l\u00e0 o\u00f9 ils r\u00e9duisaient r\u00e9ellement les risques et de transformer une discussion bas\u00e9e sur des perceptions en une feuille de route \u00e9tay\u00e9e par des preuves. <\/h6>\t\t\t\t\t\t\t\t<\/div>\n\t\t\t\t<\/div>\n\t\t\t\t\t<\/div>\n\t\t<\/div>\n\t\t\t\t\t<\/div>\n\t\t<\/section>\n\t\t\t\t<\/div>\n\t\t","protected":false},"excerpt":{"rendered":"<p>Exp\u00e9riencesEnvironnement et RecyclageDiagnostic industriel et environnemental d\u2019une installation SANDACH \u00e0 forte exposition r\u00e9glementaire La mission consistait \u00e0 fournir un avis technique ind\u00e9pendant sur l\u2019\u00e9tat industriel, environnemental et op\u00e9rationnel d\u2019un groupe poss\u00e9dant des usines d\u00e9di\u00e9es au traitement et \u00e0 la valorisation des sous-produits animaux (SANDACH), dans un contexte particuli\u00e8rement sensible en [&hellip;]<\/p>\n","protected":false},"author":1,"featured_media":0,"parent":0,"menu_order":0,"comment_status":"closed","ping_status":"closed","template":"page-templates\/template-pagebuilder-full-width.php","meta":{"footnotes":""},"class_list":["post-10505","page","type-page","status-publish","hentry"],"yoast_head":"<!-- This site is optimized with the Yoast SEO plugin v26.4 - https:\/\/yoast.com\/wordpress\/plugins\/seo\/ -->\n<title>Exp\u00e9riences Rapports environnement - Martinsdelima<\/title>\n<meta name=\"robots\" content=\"index, follow, max-snippet:-1, max-image-preview:large, max-video-preview:-1\" \/>\n<link rel=\"canonical\" href=\"https:\/\/www.martinsdelima.com\/fr\/experiences-rapports-environnement\/\" \/>\n<meta property=\"og:locale\" content=\"fr_FR\" \/>\n<meta property=\"og:type\" content=\"article\" \/>\n<meta property=\"og:title\" content=\"Exp\u00e9riences Rapports environnement - Martinsdelima\" \/>\n<meta property=\"og:description\" content=\"Exp\u00e9riencesEnvironnement et RecyclageDiagnostic industriel et environnemental d\u2019une installation SANDACH \u00e0 forte exposition r\u00e9glementaire La mission consistait \u00e0 fournir un avis technique ind\u00e9pendant sur l\u2019\u00e9tat industriel, environnemental et op\u00e9rationnel d\u2019un groupe poss\u00e9dant des usines d\u00e9di\u00e9es au traitement et \u00e0 la valorisation des sous-produits animaux (SANDACH), dans un contexte particuli\u00e8rement sensible en [&hellip;]\" \/>\n<meta property=\"og:url\" content=\"https:\/\/www.martinsdelima.com\/fr\/experiences-rapports-environnement\/\" \/>\n<meta property=\"og:site_name\" content=\"Martinsdelima\" \/>\n<meta property=\"article:modified_time\" content=\"2026-02-08T18:45:44+00:00\" \/>\n<meta name=\"twitter:card\" content=\"summary_large_image\" \/>\n<meta name=\"twitter:label1\" content=\"Dur\u00e9e de lecture estim\u00e9e\" \/>\n\t<meta name=\"twitter:data1\" content=\"4 minutes\" \/>\n<script type=\"application\/ld+json\" class=\"yoast-schema-graph\">{\"@context\":\"https:\/\/schema.org\",\"@graph\":[{\"@type\":\"WebPage\",\"@id\":\"https:\/\/www.martinsdelima.com\/fr\/experiences-rapports-environnement\/\",\"url\":\"https:\/\/www.martinsdelima.com\/fr\/experiences-rapports-environnement\/\",\"name\":\"Exp\u00e9riences Rapports environnement - Martinsdelima\",\"isPartOf\":{\"@id\":\"https:\/\/www.martinsdelima.com\/fr\/#website\"},\"datePublished\":\"2026-01-12T15:33:53+00:00\",\"dateModified\":\"2026-02-08T18:45:44+00:00\",\"breadcrumb\":{\"@id\":\"https:\/\/www.martinsdelima.com\/fr\/experiences-rapports-environnement\/#breadcrumb\"},\"inLanguage\":\"fr-FR\",\"potentialAction\":[{\"@type\":\"ReadAction\",\"target\":[\"https:\/\/www.martinsdelima.com\/fr\/experiences-rapports-environnement\/\"]}]},{\"@type\":\"BreadcrumbList\",\"@id\":\"https:\/\/www.martinsdelima.com\/fr\/experiences-rapports-environnement\/#breadcrumb\",\"itemListElement\":[{\"@type\":\"ListItem\",\"position\":1,\"name\":\"Page d'accueil\",\"item\":\"https:\/\/www.martinsdelima.com\/fr\/accueil\/\"},{\"@type\":\"ListItem\",\"position\":2,\"name\":\"Exp\u00e9riences Rapports environnement\"}]},{\"@type\":\"WebSite\",\"@id\":\"https:\/\/www.martinsdelima.com\/fr\/#website\",\"url\":\"https:\/\/www.martinsdelima.com\/fr\/\",\"name\":\"Martinsdelima\",\"description\":\"Forensic&amp;Finance\",\"publisher\":{\"@id\":\"https:\/\/www.martinsdelima.com\/fr\/#organization\"},\"potentialAction\":[{\"@type\":\"SearchAction\",\"target\":{\"@type\":\"EntryPoint\",\"urlTemplate\":\"https:\/\/www.martinsdelima.com\/fr\/?s={search_term_string}\"},\"query-input\":{\"@type\":\"PropertyValueSpecification\",\"valueRequired\":true,\"valueName\":\"search_term_string\"}}],\"inLanguage\":\"fr-FR\"},{\"@type\":\"Organization\",\"@id\":\"https:\/\/www.martinsdelima.com\/fr\/#organization\",\"name\":\"Martinsdelima\",\"url\":\"https:\/\/www.martinsdelima.com\/fr\/\",\"logo\":{\"@type\":\"ImageObject\",\"inLanguage\":\"fr-FR\",\"@id\":\"https:\/\/www.martinsdelima.com\/fr\/#\/schema\/logo\/image\/\",\"url\":\"https:\/\/mligy6wbr5rs.i.optimole.com\/w:auto\/h:auto\/q:mauto\/f:best\/https:\/\/www.martinsdelima.com\/wp-content\/uploads\/2025\/10\/martinsdelima-letras-claras-horizontal.png\",\"contentUrl\":\"https:\/\/mligy6wbr5rs.i.optimole.com\/w:auto\/h:auto\/q:mauto\/f:best\/https:\/\/www.martinsdelima.com\/wp-content\/uploads\/2025\/10\/martinsdelima-letras-claras-horizontal.png\",\"width\":1315,\"height\":217,\"caption\":\"Martinsdelima\"},\"image\":{\"@id\":\"https:\/\/www.martinsdelima.com\/fr\/#\/schema\/logo\/image\/\"}}]}<\/script>\n<!-- \/ Yoast SEO plugin. -->","yoast_head_json":{"title":"Exp\u00e9riences Rapports environnement - Martinsdelima","robots":{"index":"index","follow":"follow","max-snippet":"max-snippet:-1","max-image-preview":"max-image-preview:large","max-video-preview":"max-video-preview:-1"},"canonical":"https:\/\/www.martinsdelima.com\/fr\/experiences-rapports-environnement\/","og_locale":"fr_FR","og_type":"article","og_title":"Exp\u00e9riences Rapports environnement - Martinsdelima","og_description":"Exp\u00e9riencesEnvironnement et RecyclageDiagnostic industriel et environnemental d\u2019une installation SANDACH \u00e0 forte exposition r\u00e9glementaire La mission consistait \u00e0 fournir un avis technique ind\u00e9pendant sur l\u2019\u00e9tat industriel, environnemental et op\u00e9rationnel d\u2019un groupe poss\u00e9dant des usines d\u00e9di\u00e9es au traitement et \u00e0 la valorisation des sous-produits animaux (SANDACH), dans un contexte particuli\u00e8rement sensible en [&hellip;]","og_url":"https:\/\/www.martinsdelima.com\/fr\/experiences-rapports-environnement\/","og_site_name":"Martinsdelima","article_modified_time":"2026-02-08T18:45:44+00:00","twitter_card":"summary_large_image","twitter_misc":{"Dur\u00e9e de lecture estim\u00e9e":"4 minutes"},"schema":{"@context":"https:\/\/schema.org","@graph":[{"@type":"WebPage","@id":"https:\/\/www.martinsdelima.com\/fr\/experiences-rapports-environnement\/","url":"https:\/\/www.martinsdelima.com\/fr\/experiences-rapports-environnement\/","name":"Exp\u00e9riences Rapports environnement - Martinsdelima","isPartOf":{"@id":"https:\/\/www.martinsdelima.com\/fr\/#website"},"datePublished":"2026-01-12T15:33:53+00:00","dateModified":"2026-02-08T18:45:44+00:00","breadcrumb":{"@id":"https:\/\/www.martinsdelima.com\/fr\/experiences-rapports-environnement\/#breadcrumb"},"inLanguage":"fr-FR","potentialAction":[{"@type":"ReadAction","target":["https:\/\/www.martinsdelima.com\/fr\/experiences-rapports-environnement\/"]}]},{"@type":"BreadcrumbList","@id":"https:\/\/www.martinsdelima.com\/fr\/experiences-rapports-environnement\/#breadcrumb","itemListElement":[{"@type":"ListItem","position":1,"name":"Page d'accueil","item":"https:\/\/www.martinsdelima.com\/fr\/accueil\/"},{"@type":"ListItem","position":2,"name":"Exp\u00e9riences Rapports environnement"}]},{"@type":"WebSite","@id":"https:\/\/www.martinsdelima.com\/fr\/#website","url":"https:\/\/www.martinsdelima.com\/fr\/","name":"Martinsdelima","description":"Forensic&amp;Finance","publisher":{"@id":"https:\/\/www.martinsdelima.com\/fr\/#organization"},"potentialAction":[{"@type":"SearchAction","target":{"@type":"EntryPoint","urlTemplate":"https:\/\/www.martinsdelima.com\/fr\/?s={search_term_string}"},"query-input":{"@type":"PropertyValueSpecification","valueRequired":true,"valueName":"search_term_string"}}],"inLanguage":"fr-FR"},{"@type":"Organization","@id":"https:\/\/www.martinsdelima.com\/fr\/#organization","name":"Martinsdelima","url":"https:\/\/www.martinsdelima.com\/fr\/","logo":{"@type":"ImageObject","inLanguage":"fr-FR","@id":"https:\/\/www.martinsdelima.com\/fr\/#\/schema\/logo\/image\/","url":"https:\/\/mligy6wbr5rs.i.optimole.com\/w:auto\/h:auto\/q:mauto\/f:best\/https:\/\/www.martinsdelima.com\/wp-content\/uploads\/2025\/10\/martinsdelima-letras-claras-horizontal.png","contentUrl":"https:\/\/mligy6wbr5rs.i.optimole.com\/w:auto\/h:auto\/q:mauto\/f:best\/https:\/\/www.martinsdelima.com\/wp-content\/uploads\/2025\/10\/martinsdelima-letras-claras-horizontal.png","width":1315,"height":217,"caption":"Martinsdelima"},"image":{"@id":"https:\/\/www.martinsdelima.com\/fr\/#\/schema\/logo\/image\/"}}]}},"_links":{"self":[{"href":"https:\/\/www.martinsdelima.com\/fr\/wp-json\/wp\/v2\/pages\/10505","targetHints":{"allow":["GET"]}}],"collection":[{"href":"https:\/\/www.martinsdelima.com\/fr\/wp-json\/wp\/v2\/pages"}],"about":[{"href":"https:\/\/www.martinsdelima.com\/fr\/wp-json\/wp\/v2\/types\/page"}],"author":[{"embeddable":true,"href":"https:\/\/www.martinsdelima.com\/fr\/wp-json\/wp\/v2\/users\/1"}],"replies":[{"embeddable":true,"href":"https:\/\/www.martinsdelima.com\/fr\/wp-json\/wp\/v2\/comments?post=10505"}],"version-history":[{"count":1,"href":"https:\/\/www.martinsdelima.com\/fr\/wp-json\/wp\/v2\/pages\/10505\/revisions"}],"predecessor-version":[{"id":10506,"href":"https:\/\/www.martinsdelima.com\/fr\/wp-json\/wp\/v2\/pages\/10505\/revisions\/10506"}],"wp:attachment":[{"href":"https:\/\/www.martinsdelima.com\/fr\/wp-json\/wp\/v2\/media?parent=10505"}],"curies":[{"name":"wp","href":"https:\/\/api.w.org\/{rel}","templated":true}]}}