{"id":10511,"date":"2026-01-12T12:54:47","date_gmt":"2026-01-12T12:54:47","guid":{"rendered":"https:\/\/www.martinsdelima.com\/experiences-rapports-secteur\/"},"modified":"2026-02-08T18:46:07","modified_gmt":"2026-02-08T18:46:07","slug":"experiences-rapports-secteur","status":"publish","type":"page","link":"https:\/\/www.martinsdelima.com\/fr\/experiences-rapports-secteur\/","title":{"rendered":"Exp\u00e9riences Rapports secteur"},"content":{"rendered":"\t\t<div data-elementor-type=\"wp-page\" data-elementor-id=\"10511\" class=\"elementor elementor-10511 elementor-8854\" data-elementor-post-type=\"page\">\n\t\t\t\t\t\t<section class=\"elementor-section elementor-top-section elementor-element elementor-element-5861a17 elementor-section-full_width elementor-section-stretched elementor-section-height-min-height elementor-section-height-default elementor-section-items-middle\" data-id=\"5861a17\" data-element_type=\"section\" data-settings=\"{&quot;stretch_section&quot;:&quot;section-stretched&quot;,&quot;background_background&quot;:&quot;classic&quot;}\">\n\t\t\t\t\t\t\t<div class=\"elementor-background-overlay\"><\/div>\n\t\t\t\t\t\t\t<div class=\"elementor-container elementor-column-gap-default\">\n\t\t\t\t\t<div class=\"elementor-column elementor-col-100 elementor-top-column elementor-element elementor-element-ea42bdb\" data-id=\"ea42bdb\" data-element_type=\"column\">\n\t\t\t<div class=\"elementor-widget-wrap elementor-element-populated\">\n\t\t\t\t\t\t<div class=\"elementor-element elementor-element-8924fce elementor-widget elementor-widget-heading\" data-id=\"8924fce\" data-element_type=\"widget\" data-widget_type=\"heading.default\">\n\t\t\t\t<div class=\"elementor-widget-container\">\n\t\t\t\t\t<h2 class=\"elementor-heading-title elementor-size-default\"><b>Exp\u00e9riences<\/b><br><b>Industrie et Ing\u00e9nierie<\/b><br>Identification des d\u00e9fauts critiques dans une usine et feuille de route technique pour sa remise en \u00e9tat<\/h2>\t\t\t\t<\/div>\n\t\t\t\t<\/div>\n\t\t\t\t\t<\/div>\n\t\t<\/div>\n\t\t\t\t\t<\/div>\n\t\t<\/section>\n\t\t\t\t<section class=\"elementor-section elementor-top-section elementor-element elementor-element-9dff6a0 elementor-section-boxed elementor-section-height-default elementor-section-height-default\" data-id=\"9dff6a0\" data-element_type=\"section\">\n\t\t\t\t\t\t<div class=\"elementor-container elementor-column-gap-default\">\n\t\t\t\t\t<div class=\"elementor-column elementor-col-100 elementor-top-column elementor-element elementor-element-c3e38d1\" data-id=\"c3e38d1\" data-element_type=\"column\">\n\t\t\t<div class=\"elementor-widget-wrap elementor-element-populated\">\n\t\t\t\t\t\t<div class=\"elementor-element elementor-element-78fa56c elementor-widget elementor-widget-text-editor\" data-id=\"78fa56c\" data-element_type=\"widget\" data-widget_type=\"text-editor.default\">\n\t\t\t\t<div class=\"elementor-widget-container\">\n\t\t\t\t\t\t\t\t\t<h6>L&rsquo;affaire portait sur une usine industrielle con\u00e7ue pour <strong>valoriser le Combustible Solide de R\u00e9cup\u00e9ration (CSR)<\/strong> au moyen d&rsquo;une <strong>technologie de pyrolyse<\/strong>, avec un processus complet comprenant la <strong>r\u00e9ception et l&rsquo;alimentation<\/strong>, les <strong>r\u00e9acteurs de pyrolyse<\/strong>, la <strong>condensation<\/strong> et le <strong>traitement des solides<\/strong>. Le probl\u00e8me \u00e9tait que, malgr\u00e9 la conception et l&rsquo;investissement r\u00e9alis\u00e9s, l&rsquo;installation <strong>n&rsquo;a jamais produit de mani\u00e8re effective<\/strong>, ce qui a oblig\u00e9 \u00e0 analyser rigoureusement si l&rsquo;origine se trouvait dans le <strong>projet<\/strong>, dans l&rsquo;<strong>ex\u00e9cution<\/strong>, ou dans les deux. <\/h6><h6>martinsdelima a abord\u00e9 la mission comme un travail d&rsquo;<strong>ing\u00e9nierie forensique<\/strong> : un avis technique ind\u00e9pendant visant \u00e0 <strong>identifier les causes profondes<\/strong>, \u00e0 s\u00e9parer les sympt\u00f4mes des d\u00e9fauts structurels et \u00e0 transformer une situation complexe en un r\u00e9cit <strong>technique, v\u00e9rifiable et d\u00e9fendable<\/strong>. Pour ce faire, le rapport a \u00e9t\u00e9 structur\u00e9 d\u00e8s le d\u00e9but autour des \u00e9l\u00e9ments cl\u00e9s de l&rsquo;affaire : examen du <strong>processus et de la conception<\/strong>, identification des <strong>d\u00e9ficiences par syst\u00e8mes, \u00e9valuation de la s\u00e9curit\u00e9<\/strong> et une <strong>synth\u00e8se finale<\/strong> permettant de prendre des d\u00e9cisions sur une base technique solide. <\/h6><h6>Un point particuli\u00e8rement critique a \u00e9t\u00e9 la <strong>caract\u00e9risation de la mati\u00e8re premi\u00e8re (CSR)<\/strong> et ses cons\u00e9quences en termes d&rsquo;ing\u00e9nierie. Le rapport reprend les analyses de laboratoire (y compris la r\u00e9f\u00e9rence \u00e0 la norme analytique) et la mani\u00e8re dont une caract\u00e9risation incorrecte entra\u00eene des d\u00e9cisions techniques erron\u00e9es : <strong>sp\u00e9cifications d&rsquo;humidit\u00e9 non viables<\/strong>, erreurs de sp\u00e9cification et effets directs sur l&rsquo;exploitation, tels qu&rsquo;une <strong>alimentation d\u00e9ficiente<\/strong>, une <strong>puissance insuffisante des br\u00fbleurs<\/strong>, une <strong>pyrolyse incompl\u00e8te<\/strong> et des <strong>blocages \u00e0 la sortie du r\u00e9acteur<\/strong>, entre autres. <\/h6><h6>\u00c0 partir de l\u00e0, le rapport descend dans le d\u00e9tail de l&rsquo;ing\u00e9nierie par sous-syst\u00e8mes et documente un ensemble de d\u00e9fauts de conception et de mise en service qui, ensemble, expliquent le manque de performance : <strong>d\u00e9fauts du four<\/strong>, comportement anormal des <strong>soupapes de s\u00e9curit\u00e9<\/strong>, probl\u00e8mes dans le <strong>syst\u00e8me de compression de gaz<\/strong>, d\u00e9fauts de la <strong>torche<\/strong> (capacit\u00e9 et s\u00e9curit\u00e9), et d\u00e9faillances dans le <strong>stockage de GPL<\/strong> (capacit\u00e9 de vaporisation et dimensionnement). En outre, des incidents propres \u00e0 l&rsquo;ing\u00e9nierie de l&rsquo;automatisation et de l&rsquo;instrumentation sont identifi\u00e9s : <strong>installation erron\u00e9e d&rsquo;API<\/strong>, vuln\u00e9rabilit\u00e9s dans les communications (p. ex., <strong>anneau de fibre optique expos\u00e9 \u00e0 un r\u00e9chauffement<\/strong>), et aspects de conception m\u00e9canique tels que le <strong>choix de r\u00e9servoirs horizontaux pour la d\u00e9cantation<\/strong> alors que la solution appropri\u00e9e exigeait une autre approche.  <\/h6><h6>Le travail ne s&rsquo;est pas limit\u00e9 \u00e0 la description des d\u00e9faillances : la <strong>s\u00e9curit\u00e9 industrielle<\/strong> a \u00e9t\u00e9 \u00e9valu\u00e9e en mettant l&rsquo;accent sur les risques op\u00e9rationnels et d&rsquo;int\u00e9grit\u00e9, en identifiant des sc\u00e9narios tels que le <strong>risque d&rsquo;explosion d\u00fb \u00e0 des syst\u00e8mes de d\u00e9charge mal con\u00e7us<\/strong>, les probl\u00e8mes d&rsquo;<strong>\u00e9clairage de secours<\/strong> dus \u00e0 des erreurs de conception du circuit et les risques associ\u00e9s aux \u00e9quipements cl\u00e9s (compression\/torche\/condensation). Et, pour boucler la boucle de l&rsquo;expertise, le rapport int\u00e8gre une <strong>comparaison entre l&rsquo;usine d&rsquo;origine et l&rsquo;usine actuelle<\/strong> (plans et configuration), ce qui permet d&rsquo;expliquer avec pr\u00e9cision ce qui a \u00e9t\u00e9 modifi\u00e9, pourquoi et dans quel but technique. <\/h6><h6>L&rsquo;\u00ab excellente r\u00e9solution \u00bb est le fruit d&rsquo;une combinaison inhabituelle : <strong>profondeur technique<\/strong>, <strong>structure claire<\/strong> et orientation vers les solutions. Le rapport identifie les d\u00e9faillances par familles (<strong>processus, m\u00e9canique, s\u00e9curit\u00e9, automatisation et instrumentation<\/strong>), et pour chaque bloc, il inclut l&rsquo;analyse de l&rsquo;erreur et sa <strong>correction<\/strong> comme feuille de route d&rsquo;ing\u00e9nierie (par exemple, dans le four, les vannes, la compression, la torche, le GPL, l&rsquo;API ou les r\u00e9servoirs de d\u00e9cantation). En pratique, cela a permis de transformer un conflit technico-industriel en un diagnostic complet et exploitable, avec des conclusions solides pour soutenir une position avec une <strong>cr\u00e9dibilit\u00e9 technique maximale<\/strong>.  <\/h6>\t\t\t\t\t\t\t\t<\/div>\n\t\t\t\t<\/div>\n\t\t\t\t\t<\/div>\n\t\t<\/div>\n\t\t\t\t\t<\/div>\n\t\t<\/section>\n\t\t\t\t<\/div>\n\t\t","protected":false},"excerpt":{"rendered":"<p>Exp\u00e9riencesIndustrie et Ing\u00e9nierieIdentification des d\u00e9fauts critiques dans une usine et feuille de route technique pour sa remise en \u00e9tat L&rsquo;affaire portait sur une usine industrielle con\u00e7ue pour valoriser le Combustible Solide de R\u00e9cup\u00e9ration (CSR) au moyen d&rsquo;une technologie de pyrolyse, avec un processus complet comprenant la r\u00e9ception et l&rsquo;alimentation, les [&hellip;]<\/p>\n","protected":false},"author":1,"featured_media":0,"parent":0,"menu_order":0,"comment_status":"closed","ping_status":"closed","template":"page-templates\/template-pagebuilder-full-width.php","meta":{"footnotes":""},"class_list":["post-10511","page","type-page","status-publish","hentry"],"yoast_head":"<!-- This site is optimized with the Yoast SEO plugin v26.4 - https:\/\/yoast.com\/wordpress\/plugins\/seo\/ -->\n<title>Exp\u00e9riences Rapports secteur - Martinsdelima<\/title>\n<meta name=\"robots\" content=\"index, follow, max-snippet:-1, max-image-preview:large, max-video-preview:-1\" \/>\n<link rel=\"canonical\" href=\"https:\/\/www.martinsdelima.com\/fr\/experiences-rapports-secteur\/\" \/>\n<meta property=\"og:locale\" content=\"fr_FR\" \/>\n<meta property=\"og:type\" content=\"article\" \/>\n<meta property=\"og:title\" content=\"Exp\u00e9riences Rapports secteur - Martinsdelima\" \/>\n<meta property=\"og:description\" content=\"Exp\u00e9riencesIndustrie et Ing\u00e9nierieIdentification des d\u00e9fauts critiques dans une usine et feuille de route technique pour sa remise en \u00e9tat L&rsquo;affaire portait sur une usine industrielle con\u00e7ue pour valoriser le Combustible Solide de R\u00e9cup\u00e9ration (CSR) au moyen d&rsquo;une technologie de pyrolyse, avec un processus complet comprenant la r\u00e9ception et l&rsquo;alimentation, les [&hellip;]\" \/>\n<meta property=\"og:url\" content=\"https:\/\/www.martinsdelima.com\/fr\/experiences-rapports-secteur\/\" \/>\n<meta property=\"og:site_name\" content=\"Martinsdelima\" \/>\n<meta property=\"article:modified_time\" content=\"2026-02-08T18:46:07+00:00\" \/>\n<meta name=\"twitter:card\" content=\"summary_large_image\" \/>\n<meta name=\"twitter:label1\" content=\"Dur\u00e9e de lecture estim\u00e9e\" \/>\n\t<meta name=\"twitter:data1\" content=\"3 minutes\" \/>\n<script type=\"application\/ld+json\" class=\"yoast-schema-graph\">{\"@context\":\"https:\/\/schema.org\",\"@graph\":[{\"@type\":\"WebPage\",\"@id\":\"https:\/\/www.martinsdelima.com\/fr\/experiences-rapports-secteur\/\",\"url\":\"https:\/\/www.martinsdelima.com\/fr\/experiences-rapports-secteur\/\",\"name\":\"Exp\u00e9riences Rapports secteur - Martinsdelima\",\"isPartOf\":{\"@id\":\"https:\/\/www.martinsdelima.com\/fr\/#website\"},\"datePublished\":\"2026-01-12T12:54:47+00:00\",\"dateModified\":\"2026-02-08T18:46:07+00:00\",\"breadcrumb\":{\"@id\":\"https:\/\/www.martinsdelima.com\/fr\/experiences-rapports-secteur\/#breadcrumb\"},\"inLanguage\":\"fr-FR\",\"potentialAction\":[{\"@type\":\"ReadAction\",\"target\":[\"https:\/\/www.martinsdelima.com\/fr\/experiences-rapports-secteur\/\"]}]},{\"@type\":\"BreadcrumbList\",\"@id\":\"https:\/\/www.martinsdelima.com\/fr\/experiences-rapports-secteur\/#breadcrumb\",\"itemListElement\":[{\"@type\":\"ListItem\",\"position\":1,\"name\":\"Page d'accueil\",\"item\":\"https:\/\/www.martinsdelima.com\/fr\/accueil\/\"},{\"@type\":\"ListItem\",\"position\":2,\"name\":\"Exp\u00e9riences Rapports secteur\"}]},{\"@type\":\"WebSite\",\"@id\":\"https:\/\/www.martinsdelima.com\/fr\/#website\",\"url\":\"https:\/\/www.martinsdelima.com\/fr\/\",\"name\":\"Martinsdelima\",\"description\":\"Forensic&amp;Finance\",\"publisher\":{\"@id\":\"https:\/\/www.martinsdelima.com\/fr\/#organization\"},\"potentialAction\":[{\"@type\":\"SearchAction\",\"target\":{\"@type\":\"EntryPoint\",\"urlTemplate\":\"https:\/\/www.martinsdelima.com\/fr\/?s={search_term_string}\"},\"query-input\":{\"@type\":\"PropertyValueSpecification\",\"valueRequired\":true,\"valueName\":\"search_term_string\"}}],\"inLanguage\":\"fr-FR\"},{\"@type\":\"Organization\",\"@id\":\"https:\/\/www.martinsdelima.com\/fr\/#organization\",\"name\":\"Martinsdelima\",\"url\":\"https:\/\/www.martinsdelima.com\/fr\/\",\"logo\":{\"@type\":\"ImageObject\",\"inLanguage\":\"fr-FR\",\"@id\":\"https:\/\/www.martinsdelima.com\/fr\/#\/schema\/logo\/image\/\",\"url\":\"https:\/\/mligy6wbr5rs.i.optimole.com\/w:auto\/h:auto\/q:mauto\/f:best\/https:\/\/www.martinsdelima.com\/wp-content\/uploads\/2025\/10\/martinsdelima-letras-claras-horizontal.png\",\"contentUrl\":\"https:\/\/mligy6wbr5rs.i.optimole.com\/w:auto\/h:auto\/q:mauto\/f:best\/https:\/\/www.martinsdelima.com\/wp-content\/uploads\/2025\/10\/martinsdelima-letras-claras-horizontal.png\",\"width\":1315,\"height\":217,\"caption\":\"Martinsdelima\"},\"image\":{\"@id\":\"https:\/\/www.martinsdelima.com\/fr\/#\/schema\/logo\/image\/\"}}]}<\/script>\n<!-- \/ Yoast SEO plugin. -->","yoast_head_json":{"title":"Exp\u00e9riences Rapports secteur - Martinsdelima","robots":{"index":"index","follow":"follow","max-snippet":"max-snippet:-1","max-image-preview":"max-image-preview:large","max-video-preview":"max-video-preview:-1"},"canonical":"https:\/\/www.martinsdelima.com\/fr\/experiences-rapports-secteur\/","og_locale":"fr_FR","og_type":"article","og_title":"Exp\u00e9riences Rapports secteur - Martinsdelima","og_description":"Exp\u00e9riencesIndustrie et Ing\u00e9nierieIdentification des d\u00e9fauts critiques dans une usine et feuille de route technique pour sa remise en \u00e9tat L&rsquo;affaire portait sur une usine industrielle con\u00e7ue pour valoriser le Combustible Solide de R\u00e9cup\u00e9ration (CSR) au moyen d&rsquo;une technologie de pyrolyse, avec un processus complet comprenant la r\u00e9ception et l&rsquo;alimentation, les [&hellip;]","og_url":"https:\/\/www.martinsdelima.com\/fr\/experiences-rapports-secteur\/","og_site_name":"Martinsdelima","article_modified_time":"2026-02-08T18:46:07+00:00","twitter_card":"summary_large_image","twitter_misc":{"Dur\u00e9e de lecture estim\u00e9e":"3 minutes"},"schema":{"@context":"https:\/\/schema.org","@graph":[{"@type":"WebPage","@id":"https:\/\/www.martinsdelima.com\/fr\/experiences-rapports-secteur\/","url":"https:\/\/www.martinsdelima.com\/fr\/experiences-rapports-secteur\/","name":"Exp\u00e9riences Rapports secteur - Martinsdelima","isPartOf":{"@id":"https:\/\/www.martinsdelima.com\/fr\/#website"},"datePublished":"2026-01-12T12:54:47+00:00","dateModified":"2026-02-08T18:46:07+00:00","breadcrumb":{"@id":"https:\/\/www.martinsdelima.com\/fr\/experiences-rapports-secteur\/#breadcrumb"},"inLanguage":"fr-FR","potentialAction":[{"@type":"ReadAction","target":["https:\/\/www.martinsdelima.com\/fr\/experiences-rapports-secteur\/"]}]},{"@type":"BreadcrumbList","@id":"https:\/\/www.martinsdelima.com\/fr\/experiences-rapports-secteur\/#breadcrumb","itemListElement":[{"@type":"ListItem","position":1,"name":"Page d'accueil","item":"https:\/\/www.martinsdelima.com\/fr\/accueil\/"},{"@type":"ListItem","position":2,"name":"Exp\u00e9riences Rapports secteur"}]},{"@type":"WebSite","@id":"https:\/\/www.martinsdelima.com\/fr\/#website","url":"https:\/\/www.martinsdelima.com\/fr\/","name":"Martinsdelima","description":"Forensic&amp;Finance","publisher":{"@id":"https:\/\/www.martinsdelima.com\/fr\/#organization"},"potentialAction":[{"@type":"SearchAction","target":{"@type":"EntryPoint","urlTemplate":"https:\/\/www.martinsdelima.com\/fr\/?s={search_term_string}"},"query-input":{"@type":"PropertyValueSpecification","valueRequired":true,"valueName":"search_term_string"}}],"inLanguage":"fr-FR"},{"@type":"Organization","@id":"https:\/\/www.martinsdelima.com\/fr\/#organization","name":"Martinsdelima","url":"https:\/\/www.martinsdelima.com\/fr\/","logo":{"@type":"ImageObject","inLanguage":"fr-FR","@id":"https:\/\/www.martinsdelima.com\/fr\/#\/schema\/logo\/image\/","url":"https:\/\/mligy6wbr5rs.i.optimole.com\/w:auto\/h:auto\/q:mauto\/f:best\/https:\/\/www.martinsdelima.com\/wp-content\/uploads\/2025\/10\/martinsdelima-letras-claras-horizontal.png","contentUrl":"https:\/\/mligy6wbr5rs.i.optimole.com\/w:auto\/h:auto\/q:mauto\/f:best\/https:\/\/www.martinsdelima.com\/wp-content\/uploads\/2025\/10\/martinsdelima-letras-claras-horizontal.png","width":1315,"height":217,"caption":"Martinsdelima"},"image":{"@id":"https:\/\/www.martinsdelima.com\/fr\/#\/schema\/logo\/image\/"}}]}},"_links":{"self":[{"href":"https:\/\/www.martinsdelima.com\/fr\/wp-json\/wp\/v2\/pages\/10511","targetHints":{"allow":["GET"]}}],"collection":[{"href":"https:\/\/www.martinsdelima.com\/fr\/wp-json\/wp\/v2\/pages"}],"about":[{"href":"https:\/\/www.martinsdelima.com\/fr\/wp-json\/wp\/v2\/types\/page"}],"author":[{"embeddable":true,"href":"https:\/\/www.martinsdelima.com\/fr\/wp-json\/wp\/v2\/users\/1"}],"replies":[{"embeddable":true,"href":"https:\/\/www.martinsdelima.com\/fr\/wp-json\/wp\/v2\/comments?post=10511"}],"version-history":[{"count":1,"href":"https:\/\/www.martinsdelima.com\/fr\/wp-json\/wp\/v2\/pages\/10511\/revisions"}],"predecessor-version":[{"id":10512,"href":"https:\/\/www.martinsdelima.com\/fr\/wp-json\/wp\/v2\/pages\/10511\/revisions\/10512"}],"wp:attachment":[{"href":"https:\/\/www.martinsdelima.com\/fr\/wp-json\/wp\/v2\/media?parent=10511"}],"curies":[{"name":"wp","href":"https:\/\/api.w.org\/{rel}","templated":true}]}}