{"id":10519,"date":"2026-01-11T14:51:20","date_gmt":"2026-01-11T14:51:20","guid":{"rendered":"https:\/\/www.martinsdelima.com\/experiences-rapports-de-construction\/"},"modified":"2026-02-08T18:46:18","modified_gmt":"2026-02-08T18:46:18","slug":"experiences-rapports-de-construction","status":"publish","type":"page","link":"https:\/\/www.martinsdelima.com\/fr\/experiences-rapports-de-construction\/","title":{"rendered":"Exp\u00e9riences Rapports de construction"},"content":{"rendered":"\t\t<div data-elementor-type=\"wp-page\" data-elementor-id=\"10519\" class=\"elementor elementor-10519 elementor-8831\" data-elementor-post-type=\"page\">\n\t\t\t\t\t\t<section class=\"elementor-section elementor-top-section elementor-element elementor-element-5861a17 elementor-section-full_width elementor-section-stretched elementor-section-height-min-height elementor-section-height-default elementor-section-items-middle\" data-id=\"5861a17\" data-element_type=\"section\" data-settings=\"{&quot;stretch_section&quot;:&quot;section-stretched&quot;,&quot;background_background&quot;:&quot;classic&quot;}\">\n\t\t\t\t\t\t\t<div class=\"elementor-background-overlay\"><\/div>\n\t\t\t\t\t\t\t<div class=\"elementor-container elementor-column-gap-default\">\n\t\t\t\t\t<div class=\"elementor-column elementor-col-100 elementor-top-column elementor-element elementor-element-ea42bdb\" data-id=\"ea42bdb\" data-element_type=\"column\">\n\t\t\t<div class=\"elementor-widget-wrap elementor-element-populated\">\n\t\t\t\t\t\t<div class=\"elementor-element elementor-element-8924fce elementor-widget elementor-widget-heading\" data-id=\"8924fce\" data-element_type=\"widget\" data-widget_type=\"heading.default\">\n\t\t\t\t<div class=\"elementor-widget-container\">\n\t\t\t\t\t<h2 class=\"elementor-heading-title elementor-size-default\"><b>Exp\u00e9riences<\/b><br><b>Construction<\/b><br>Rapport technique sur un chantier h\u00f4telier concernant le diagnostic, la tra\u00e7abilit\u00e9, la quantification des dommages et l'analyse des retards<\/h2>\t\t\t\t<\/div>\n\t\t\t\t<\/div>\n\t\t\t\t\t<\/div>\n\t\t<\/div>\n\t\t\t\t\t<\/div>\n\t\t<\/section>\n\t\t\t\t<section class=\"elementor-section elementor-top-section elementor-element elementor-element-9dff6a0 elementor-section-boxed elementor-section-height-default elementor-section-height-default\" data-id=\"9dff6a0\" data-element_type=\"section\">\n\t\t\t\t\t\t<div class=\"elementor-container elementor-column-gap-default\">\n\t\t\t\t\t<div class=\"elementor-column elementor-col-100 elementor-top-column elementor-element elementor-element-c3e38d1\" data-id=\"c3e38d1\" data-element_type=\"column\">\n\t\t\t<div class=\"elementor-widget-wrap elementor-element-populated\">\n\t\t\t\t\t\t<div class=\"elementor-element elementor-element-78fa56c elementor-widget elementor-widget-text-editor\" data-id=\"78fa56c\" data-element_type=\"widget\" data-widget_type=\"text-editor.default\">\n\t\t\t\t<div class=\"elementor-widget-container\">\n\t\t\t\t\t\t\t\t\t<h6>Dans cette affaire, nous sommes intervenus dans une <strong>construction d&rsquo;un h\u00f4tel \u00e0 Tenerife<\/strong>, o\u00f9 le propri\u00e9taire \u00e9tait confront\u00e9 \u00e0 des <strong>retards de livraison, des d\u00e9fauts d&rsquo;ex\u00e9cution et des lots contractuels qui n&rsquo;ont pas \u00e9t\u00e9 ex\u00e9cut\u00e9s<\/strong>. Notre mission consistait \u00e0 apporter une vision externe, rigoureuse et d\u00e9fendable pour <strong>analyser techniquement les manquements et leur impact<\/strong>, avec une approche objective et impartiale. <\/h6><h6>Le travail a \u00e9t\u00e9 structur\u00e9 d\u00e8s le d\u00e9but pour r\u00e9pondre aux points critiques du conflit : <strong>examen du contrat et du plan d&rsquo;ex\u00e9cution<\/strong>, <strong>analyse temporelle de l&rsquo;avancement r\u00e9el<\/strong> et <strong>v\u00e9rification technique des travaux en suspens et\/ou d\u00e9fectueux<\/strong>, y compris la coh\u00e9rence des p\u00e9nalit\u00e9s associ\u00e9es au non-respect des obligations. Cette approche a permis d&rsquo;organiser l&rsquo;affaire avec une logique d&rsquo;expertise claire : ce qui a \u00e9t\u00e9 convenu, ce qui a \u00e9t\u00e9 ex\u00e9cut\u00e9, ce qui n&rsquo;a pas \u00e9t\u00e9 ex\u00e9cut\u00e9 et ce qu&rsquo;il a fallu corriger pour garantir la mise en service. <\/h6><h6>\u00c0 partir de l\u00e0, nous avons r\u00e9alis\u00e9 une analyse par syst\u00e8mes et lots, ce qui a permis de descendre dans le d\u00e9tail technique sans perdre la vision globale. Le rapport aborde des domaines critiques dans un actif h\u00f4telier : <strong>installations \u00e9lectriques (basse et moyenne tension), installations thermiques et plomberie, protection contre l&rsquo;incendie, construction et finitions, r\u00e9seaux et syst\u00e8mes, contr\u00f4le des travaux et syst\u00e8mes de gestion du b\u00e2timent (BMS)<\/strong>, ainsi que le bloc des retards. Cette segmentation a \u00e9t\u00e9 essentielle pour transformer une casuistique complexe en un r\u00e9cit technique v\u00e9rifiable.  <\/h6><h6>Dans le domaine de la construction et des finitions, par exemple, des <strong>infiltrations et de l&rsquo;humidit\u00e9<\/strong>, des probl\u00e8mes d&rsquo;<strong>\u00e9tanch\u00e9it\u00e9<\/strong>, des <strong>\u00e9l\u00e9ments<\/strong> de finition <strong>mal ex\u00e9cut\u00e9s<\/strong> et d&rsquo;autres incidents affectant le fonctionnement et l&rsquo;habitabilit\u00e9 ont \u00e9t\u00e9 document\u00e9s. Parall\u00e8lement, des questions particuli\u00e8rement sensibles en mati\u00e8re de s\u00e9curit\u00e9 ont \u00e9t\u00e9 identifi\u00e9es, telles que des d\u00e9fauts compromettant les <strong>syst\u00e8mes de protection contre l&rsquo;incendie<\/strong> et le bon fonctionnement des installations essentielles. <\/h6><h6>La m\u00e9thodologie a combin\u00e9 la <strong>v\u00e9rification in situ<\/strong> (en recueillant des preuves visuelles et en comparant la r\u00e9alit\u00e9 constructive), des <strong>entretiens techniques avec les industriels et les responsables des travaux<\/strong>, et l&rsquo;analyse de <strong>rapports sp\u00e9cifiques<\/strong> \u00e9labor\u00e9s par des sp\u00e9cialistes. Tout cela a \u00e9t\u00e9 int\u00e9gr\u00e9 avec un crit\u00e8re d&rsquo;expertise de tra\u00e7abilit\u00e9 : chaque incident est li\u00e9 \u00e0 son support technique et \u00e0 sa corroboration sur le terrain. <\/h6><h6>Enfin, pour parvenir \u00e0 une r\u00e9solution solide, dans chaque bloc, la partie technique a \u00e9t\u00e9 confront\u00e9e \u00e0 la partie documentaire, en examinant syst\u00e9matiquement les <strong>factures et les travaux ex\u00e9cut\u00e9s par des tiers<\/strong> apr\u00e8s le remplacement de l&rsquo;entrepreneur, de sorte que le r\u00e9sultat ne se limite pas \u00e0 une simple description des d\u00e9fauts, mais \u00e0 une <strong>certification d\u00e9fendable de ce qu&rsquo;il a fallu ex\u00e9cuter\/corriger et pourquoi<\/strong>. Cette combinaison de <strong>diagnostic technique + preuve + tra\u00e7abilit\u00e9 documentaire<\/strong> est ce qui a permis de transformer l&rsquo;affaire en une conclusion robuste et utile pour la strat\u00e9gie de la proc\u00e9dure. <\/h6>\t\t\t\t\t\t\t\t<\/div>\n\t\t\t\t<\/div>\n\t\t\t\t\t<\/div>\n\t\t<\/div>\n\t\t\t\t\t<\/div>\n\t\t<\/section>\n\t\t\t\t<\/div>\n\t\t","protected":false},"excerpt":{"rendered":"<p>Exp\u00e9riencesConstructionRapport technique sur un chantier h\u00f4telier concernant le diagnostic, la tra\u00e7abilit\u00e9, la quantification des dommages et l&rsquo;analyse des retards Dans cette affaire, nous sommes intervenus dans une construction d&rsquo;un h\u00f4tel \u00e0 Tenerife, o\u00f9 le propri\u00e9taire \u00e9tait confront\u00e9 \u00e0 des retards de livraison, des d\u00e9fauts d&rsquo;ex\u00e9cution et des lots contractuels qui [&hellip;]<\/p>\n","protected":false},"author":1,"featured_media":0,"parent":0,"menu_order":0,"comment_status":"closed","ping_status":"closed","template":"page-templates\/template-pagebuilder-full-width.php","meta":{"footnotes":""},"class_list":["post-10519","page","type-page","status-publish","hentry"],"yoast_head":"<!-- This site is optimized with the Yoast SEO plugin v26.4 - https:\/\/yoast.com\/wordpress\/plugins\/seo\/ -->\n<title>Exp\u00e9riences Rapports de construction - Martinsdelima<\/title>\n<meta name=\"robots\" content=\"index, follow, max-snippet:-1, max-image-preview:large, max-video-preview:-1\" \/>\n<link rel=\"canonical\" href=\"https:\/\/www.martinsdelima.com\/fr\/experiences-rapports-de-construction\/\" \/>\n<meta property=\"og:locale\" content=\"fr_FR\" \/>\n<meta property=\"og:type\" content=\"article\" \/>\n<meta property=\"og:title\" content=\"Exp\u00e9riences Rapports de construction - Martinsdelima\" \/>\n<meta property=\"og:description\" content=\"Exp\u00e9riencesConstructionRapport technique sur un chantier h\u00f4telier concernant le diagnostic, la tra\u00e7abilit\u00e9, la quantification des dommages et l&rsquo;analyse des retards Dans cette affaire, nous sommes intervenus dans une construction d&rsquo;un h\u00f4tel \u00e0 Tenerife, o\u00f9 le propri\u00e9taire \u00e9tait confront\u00e9 \u00e0 des retards de livraison, des d\u00e9fauts d&rsquo;ex\u00e9cution et des lots contractuels qui [&hellip;]\" \/>\n<meta property=\"og:url\" content=\"https:\/\/www.martinsdelima.com\/fr\/experiences-rapports-de-construction\/\" \/>\n<meta property=\"og:site_name\" content=\"Martinsdelima\" \/>\n<meta property=\"article:modified_time\" content=\"2026-02-08T18:46:18+00:00\" \/>\n<meta name=\"twitter:card\" content=\"summary_large_image\" \/>\n<meta name=\"twitter:label1\" content=\"Dur\u00e9e de lecture estim\u00e9e\" \/>\n\t<meta name=\"twitter:data1\" content=\"3 minutes\" \/>\n<script type=\"application\/ld+json\" class=\"yoast-schema-graph\">{\"@context\":\"https:\/\/schema.org\",\"@graph\":[{\"@type\":\"WebPage\",\"@id\":\"https:\/\/www.martinsdelima.com\/fr\/experiences-rapports-de-construction\/\",\"url\":\"https:\/\/www.martinsdelima.com\/fr\/experiences-rapports-de-construction\/\",\"name\":\"Exp\u00e9riences Rapports de construction - Martinsdelima\",\"isPartOf\":{\"@id\":\"https:\/\/www.martinsdelima.com\/fr\/#website\"},\"datePublished\":\"2026-01-11T14:51:20+00:00\",\"dateModified\":\"2026-02-08T18:46:18+00:00\",\"breadcrumb\":{\"@id\":\"https:\/\/www.martinsdelima.com\/fr\/experiences-rapports-de-construction\/#breadcrumb\"},\"inLanguage\":\"fr-FR\",\"potentialAction\":[{\"@type\":\"ReadAction\",\"target\":[\"https:\/\/www.martinsdelima.com\/fr\/experiences-rapports-de-construction\/\"]}]},{\"@type\":\"BreadcrumbList\",\"@id\":\"https:\/\/www.martinsdelima.com\/fr\/experiences-rapports-de-construction\/#breadcrumb\",\"itemListElement\":[{\"@type\":\"ListItem\",\"position\":1,\"name\":\"Page d'accueil\",\"item\":\"https:\/\/www.martinsdelima.com\/fr\/accueil\/\"},{\"@type\":\"ListItem\",\"position\":2,\"name\":\"Exp\u00e9riences Rapports de construction\"}]},{\"@type\":\"WebSite\",\"@id\":\"https:\/\/www.martinsdelima.com\/fr\/#website\",\"url\":\"https:\/\/www.martinsdelima.com\/fr\/\",\"name\":\"Martinsdelima\",\"description\":\"Forensic&amp;Finance\",\"publisher\":{\"@id\":\"https:\/\/www.martinsdelima.com\/fr\/#organization\"},\"potentialAction\":[{\"@type\":\"SearchAction\",\"target\":{\"@type\":\"EntryPoint\",\"urlTemplate\":\"https:\/\/www.martinsdelima.com\/fr\/?s={search_term_string}\"},\"query-input\":{\"@type\":\"PropertyValueSpecification\",\"valueRequired\":true,\"valueName\":\"search_term_string\"}}],\"inLanguage\":\"fr-FR\"},{\"@type\":\"Organization\",\"@id\":\"https:\/\/www.martinsdelima.com\/fr\/#organization\",\"name\":\"Martinsdelima\",\"url\":\"https:\/\/www.martinsdelima.com\/fr\/\",\"logo\":{\"@type\":\"ImageObject\",\"inLanguage\":\"fr-FR\",\"@id\":\"https:\/\/www.martinsdelima.com\/fr\/#\/schema\/logo\/image\/\",\"url\":\"https:\/\/mligy6wbr5rs.i.optimole.com\/w:auto\/h:auto\/q:mauto\/f:best\/https:\/\/www.martinsdelima.com\/wp-content\/uploads\/2025\/10\/martinsdelima-letras-claras-horizontal.png\",\"contentUrl\":\"https:\/\/mligy6wbr5rs.i.optimole.com\/w:auto\/h:auto\/q:mauto\/f:best\/https:\/\/www.martinsdelima.com\/wp-content\/uploads\/2025\/10\/martinsdelima-letras-claras-horizontal.png\",\"width\":1315,\"height\":217,\"caption\":\"Martinsdelima\"},\"image\":{\"@id\":\"https:\/\/www.martinsdelima.com\/fr\/#\/schema\/logo\/image\/\"}}]}<\/script>\n<!-- \/ Yoast SEO plugin. -->","yoast_head_json":{"title":"Exp\u00e9riences Rapports de construction - Martinsdelima","robots":{"index":"index","follow":"follow","max-snippet":"max-snippet:-1","max-image-preview":"max-image-preview:large","max-video-preview":"max-video-preview:-1"},"canonical":"https:\/\/www.martinsdelima.com\/fr\/experiences-rapports-de-construction\/","og_locale":"fr_FR","og_type":"article","og_title":"Exp\u00e9riences Rapports de construction - Martinsdelima","og_description":"Exp\u00e9riencesConstructionRapport technique sur un chantier h\u00f4telier concernant le diagnostic, la tra\u00e7abilit\u00e9, la quantification des dommages et l&rsquo;analyse des retards Dans cette affaire, nous sommes intervenus dans une construction d&rsquo;un h\u00f4tel \u00e0 Tenerife, o\u00f9 le propri\u00e9taire \u00e9tait confront\u00e9 \u00e0 des retards de livraison, des d\u00e9fauts d&rsquo;ex\u00e9cution et des lots contractuels qui [&hellip;]","og_url":"https:\/\/www.martinsdelima.com\/fr\/experiences-rapports-de-construction\/","og_site_name":"Martinsdelima","article_modified_time":"2026-02-08T18:46:18+00:00","twitter_card":"summary_large_image","twitter_misc":{"Dur\u00e9e de lecture estim\u00e9e":"3 minutes"},"schema":{"@context":"https:\/\/schema.org","@graph":[{"@type":"WebPage","@id":"https:\/\/www.martinsdelima.com\/fr\/experiences-rapports-de-construction\/","url":"https:\/\/www.martinsdelima.com\/fr\/experiences-rapports-de-construction\/","name":"Exp\u00e9riences Rapports de construction - Martinsdelima","isPartOf":{"@id":"https:\/\/www.martinsdelima.com\/fr\/#website"},"datePublished":"2026-01-11T14:51:20+00:00","dateModified":"2026-02-08T18:46:18+00:00","breadcrumb":{"@id":"https:\/\/www.martinsdelima.com\/fr\/experiences-rapports-de-construction\/#breadcrumb"},"inLanguage":"fr-FR","potentialAction":[{"@type":"ReadAction","target":["https:\/\/www.martinsdelima.com\/fr\/experiences-rapports-de-construction\/"]}]},{"@type":"BreadcrumbList","@id":"https:\/\/www.martinsdelima.com\/fr\/experiences-rapports-de-construction\/#breadcrumb","itemListElement":[{"@type":"ListItem","position":1,"name":"Page d'accueil","item":"https:\/\/www.martinsdelima.com\/fr\/accueil\/"},{"@type":"ListItem","position":2,"name":"Exp\u00e9riences Rapports de construction"}]},{"@type":"WebSite","@id":"https:\/\/www.martinsdelima.com\/fr\/#website","url":"https:\/\/www.martinsdelima.com\/fr\/","name":"Martinsdelima","description":"Forensic&amp;Finance","publisher":{"@id":"https:\/\/www.martinsdelima.com\/fr\/#organization"},"potentialAction":[{"@type":"SearchAction","target":{"@type":"EntryPoint","urlTemplate":"https:\/\/www.martinsdelima.com\/fr\/?s={search_term_string}"},"query-input":{"@type":"PropertyValueSpecification","valueRequired":true,"valueName":"search_term_string"}}],"inLanguage":"fr-FR"},{"@type":"Organization","@id":"https:\/\/www.martinsdelima.com\/fr\/#organization","name":"Martinsdelima","url":"https:\/\/www.martinsdelima.com\/fr\/","logo":{"@type":"ImageObject","inLanguage":"fr-FR","@id":"https:\/\/www.martinsdelima.com\/fr\/#\/schema\/logo\/image\/","url":"https:\/\/mligy6wbr5rs.i.optimole.com\/w:auto\/h:auto\/q:mauto\/f:best\/https:\/\/www.martinsdelima.com\/wp-content\/uploads\/2025\/10\/martinsdelima-letras-claras-horizontal.png","contentUrl":"https:\/\/mligy6wbr5rs.i.optimole.com\/w:auto\/h:auto\/q:mauto\/f:best\/https:\/\/www.martinsdelima.com\/wp-content\/uploads\/2025\/10\/martinsdelima-letras-claras-horizontal.png","width":1315,"height":217,"caption":"Martinsdelima"},"image":{"@id":"https:\/\/www.martinsdelima.com\/fr\/#\/schema\/logo\/image\/"}}]}},"_links":{"self":[{"href":"https:\/\/www.martinsdelima.com\/fr\/wp-json\/wp\/v2\/pages\/10519","targetHints":{"allow":["GET"]}}],"collection":[{"href":"https:\/\/www.martinsdelima.com\/fr\/wp-json\/wp\/v2\/pages"}],"about":[{"href":"https:\/\/www.martinsdelima.com\/fr\/wp-json\/wp\/v2\/types\/page"}],"author":[{"embeddable":true,"href":"https:\/\/www.martinsdelima.com\/fr\/wp-json\/wp\/v2\/users\/1"}],"replies":[{"embeddable":true,"href":"https:\/\/www.martinsdelima.com\/fr\/wp-json\/wp\/v2\/comments?post=10519"}],"version-history":[{"count":1,"href":"https:\/\/www.martinsdelima.com\/fr\/wp-json\/wp\/v2\/pages\/10519\/revisions"}],"predecessor-version":[{"id":10520,"href":"https:\/\/www.martinsdelima.com\/fr\/wp-json\/wp\/v2\/pages\/10519\/revisions\/10520"}],"wp:attachment":[{"href":"https:\/\/www.martinsdelima.com\/fr\/wp-json\/wp\/v2\/media?parent=10519"}],"curies":[{"name":"wp","href":"https:\/\/api.w.org\/{rel}","templated":true}]}}