{"id":10523,"date":"2026-01-10T14:15:34","date_gmt":"2026-01-10T14:15:34","guid":{"rendered":"https:\/\/www.martinsdelima.com\/experiences-rapports-energie\/"},"modified":"2026-02-08T18:46:28","modified_gmt":"2026-02-08T18:46:28","slug":"experiences-rapports-energie","status":"publish","type":"page","link":"https:\/\/www.martinsdelima.com\/fr\/experiences-rapports-energie\/","title":{"rendered":"Exp\u00e9riences Rapports \u00e9nergie"},"content":{"rendered":"\t\t<div data-elementor-type=\"wp-page\" data-elementor-id=\"10523\" class=\"elementor elementor-10523 elementor-8795\" data-elementor-post-type=\"page\">\n\t\t\t\t\t\t<section class=\"elementor-section elementor-top-section elementor-element elementor-element-5861a17 elementor-section-full_width elementor-section-stretched elementor-section-height-min-height elementor-section-height-default elementor-section-items-middle\" data-id=\"5861a17\" data-element_type=\"section\" data-settings=\"{&quot;stretch_section&quot;:&quot;section-stretched&quot;,&quot;background_background&quot;:&quot;classic&quot;}\">\n\t\t\t\t\t\t\t<div class=\"elementor-background-overlay\"><\/div>\n\t\t\t\t\t\t\t<div class=\"elementor-container elementor-column-gap-default\">\n\t\t\t\t\t<div class=\"elementor-column elementor-col-100 elementor-top-column elementor-element elementor-element-ea42bdb\" data-id=\"ea42bdb\" data-element_type=\"column\">\n\t\t\t<div class=\"elementor-widget-wrap elementor-element-populated\">\n\t\t\t\t\t\t<div class=\"elementor-element elementor-element-8924fce elementor-widget__width-initial elementor-widget-mobile__width-initial elementor-widget elementor-widget-heading\" data-id=\"8924fce\" data-element_type=\"widget\" data-widget_type=\"heading.default\">\n\t\t\t\t<div class=\"elementor-widget-container\">\n\t\t\t\t\t<h2 class=\"elementor-heading-title elementor-size-default\"><b>Exp\u00e9riences<\/b><br><b>\u00c9nergie<\/b> <br>Compensateurs synchrones et acc\u00e8s au r\u00e9seau. Rapport pour d\u00e9bloquer l\u2019\u00e9vacuation d\u2019un n\u0153ud satur\u00e9 <\/h2>\t\t\t\t<\/div>\n\t\t\t\t<\/div>\n\t\t\t\t\t<\/div>\n\t\t<\/div>\n\t\t\t\t\t<\/div>\n\t\t<\/section>\n\t\t\t\t<section class=\"elementor-section elementor-top-section elementor-element elementor-element-9dff6a0 elementor-section-boxed elementor-section-height-default elementor-section-height-default\" data-id=\"9dff6a0\" data-element_type=\"section\">\n\t\t\t\t\t\t<div class=\"elementor-container elementor-column-gap-default\">\n\t\t\t\t\t<div class=\"elementor-column elementor-col-100 elementor-top-column elementor-element elementor-element-c3e38d1\" data-id=\"c3e38d1\" data-element_type=\"column\">\n\t\t\t<div class=\"elementor-widget-wrap elementor-element-populated\">\n\t\t\t\t\t\t<div class=\"elementor-element elementor-element-78fa56c elementor-widget elementor-widget-text-editor\" data-id=\"78fa56c\" data-element_type=\"widget\" data-widget_type=\"text-editor.default\">\n\t\t\t\t<div class=\"elementor-widget-container\">\n\t\t\t\t\t\t\t\t\t<h6>L\u2019affaire est n\u00e9e d\u2019un conflit technique dans lequel un promoteur de projets d\u2019\u00e9nergie renouvelable s\u2019est vu <strong>refuser ses demandes d\u2019acc\u00e8s et de raccordement<\/strong> \u00e0 un n\u0153ud du r\u00e9seau de transport en raison d\u2019une pr\u00e9tendue <strong>capacit\u00e9 \u00e9puis\u00e9e<\/strong>. L\u2019\u00e9l\u00e9ment distinctif \u00e9tait que le projet int\u00e9grait une solution avanc\u00e9e<strong>, des compensateurs synchrones,<\/strong> pr\u00e9cis\u00e9ment pour <strong>am\u00e9liorer la stabilit\u00e9 et augmenter la capacit\u00e9 effective d\u2019\u00e9vacuation<\/strong> du n\u0153ud, permettant de verser l\u2019\u00e9nergie produite sans qu\u2019il soit n\u00e9cessaire de modifier physiquement l\u2019infrastructure existante. <\/h6><h6>Le probl\u00e8me cl\u00e9 n\u2019\u00e9tait pas seulement technique, mais aussi de coh\u00e9rence op\u00e9rationnelle&nbsp;: le gestionnaire du r\u00e9seau consid\u00e9rait que la capacit\u00e9 \u00ab&nbsp;suppl\u00e9mentaire&nbsp;\u00bb attribuable \u00e0 ces compensateurs \u00e9tait insuffisante et, dans la pratique, <strong>privil\u00e9giait l\u2019\u00e9vacuation des installations qui avaient d\u00e9j\u00e0 obtenu l\u2019acc\u00e8s<\/strong>, <strong>emp\u00eachant ainsi le promoteur qui apportait la solution d\u2019en b\u00e9n\u00e9ficier<\/strong>. Le c\u0153ur du d\u00e9bat s\u2019est concentr\u00e9 sur <strong>qui b\u00e9n\u00e9ficierait r\u00e9ellement<\/strong> <strong>de l\u2019investissement technique dans la compensation synchrone<\/strong> et si le crit\u00e8re appliqu\u00e9 avait du sens lorsque l\u2019installation de ces \u00e9quipements d\u00e9pendait de l\u2019acceptation du projet. <\/h6><h6>martinsdelima a abord\u00e9 la mission avec un objectif clair&nbsp;: <strong>expliquer de mani\u00e8re ind\u00e9pendante et rigoureuse le fonctionnement des compensateurs synchrones<\/strong>, <strong>analyser leur effet sur la capacit\u00e9 d\u2019acc\u00e8s du n\u0153ud<\/strong> et <strong>\u00e9valuer les b\u00e9n\u00e9ficiaires de l\u2019augmentation de capacit\u00e9<\/strong> d\u00e9coulant de leur incorporation. Afin que le rapport soit utile dans un environnement contentieux-technique, il a \u00e9t\u00e9 construit sur une base documentaire contrast\u00e9e&nbsp;: informations fournies dans le dossier, recherche propre et sources publiques, avec une approche strictement technique et objectivable. <\/h6><h6>Notre m\u00e9thodologie, traduit le rapport traduit d\u2019un th\u00e8me complexe \u00e0 un cadre compr\u00e9hensible sans perdre en pr\u00e9cision&nbsp;: <strong>diff\u00e9rence entre les types de modules de g\u00e9n\u00e9ration (synchrones\/asynchrones)<\/strong>, concepts d\u2019<strong>\u00e9nergie active et r\u00e9active,<\/strong> et crit\u00e8res avec lesquels on d\u00e9termine la capacit\u00e9 d\u2019acc\u00e8s d\u2019un n\u0153ud (y compris le crit\u00e8re de court-circuit\/WSCR lorsque des compensateurs sont incorpor\u00e9s). \u00c0 partir de l\u00e0, on d\u00e9taille <strong>ce qu\u2019est un compensateur synchrone et comment il fonctionne<\/strong>, en soulignant son r\u00f4le pour <strong>compenser l\u2019\u00e9nergie r\u00e9active et stabiliser la tension<\/strong>, avec l\u2019effet pratique d\u2019<strong>optimiser l\u2019utilisation du r\u00e9seau et de permettre de transporter plus d\u2019\u00e9nergie active \u00ab&nbsp;utile&nbsp;\u00bb<\/strong> dans la m\u00eame infrastructure. <\/h6><h6>Sur cette base, martinsdelima a r\u00e9alis\u00e9 l\u2019analyse critique du crit\u00e8re appliqu\u00e9 dans le refus&nbsp;: le rapport expose qu\u2019<strong>il n\u2019est pas logique de comptabiliser comme \u00ab&nbsp;capacit\u00e9 disponible pour les tiers&nbsp;\u00bb une am\u00e9lioration qui n\u2019existe que si le projet qui l\u2019apporte arrive \u00e0 \u00eatre ex\u00e9cut\u00e9<\/strong>, et que <strong>l\u2019augmentation de capacit\u00e9 ne peut \u00eatre ajout\u00e9e que lorsque la demande qui rend viable l\u2019installation des compensateurs est accept\u00e9e<\/strong>. De plus, une approche technique align\u00e9e sur l\u2019approche de l\u2019op\u00e9rateur est incorpor\u00e9e (y compris la r\u00e9f\u00e9rence \u00e0 sa formulation pour estimer la capacit\u00e9 suppl\u00e9mentaire), mais appliqu\u00e9e avec coh\u00e9rence technique pour soutenir des conclusions d\u00e9fendables. <\/h6><h6>Le r\u00e9sultat final a \u00e9t\u00e9 un rapport particuli\u00e8rement \u00ab&nbsp;vendable&nbsp;\u00bb comme exp\u00e9rience pour trois raisons&nbsp;: <strong><\/strong><\/h6><h6><strong>(1) apporte une p\u00e9dagogie technique avec un niveau expert<\/strong>,<\/h6><h6><strong>(2) relie l\u2019ing\u00e9nierie \u00e9lectrique au crit\u00e8re r\u00e9el d\u2019acc\u00e8s au r\u00e9seau<\/strong>, et<\/h6><h6><strong>(3) transforme un d\u00e9bat confus en conclusions claires sur l\u2019impact, la viabilit\u00e9 et les b\u00e9n\u00e9ficiaires<\/strong>, renfor\u00e7ant la position du projet \u00e0 partir d\u2019une argumentation technique solide et compr\u00e9hensible pour les tiers<\/h6>\t\t\t\t\t\t\t\t<\/div>\n\t\t\t\t<\/div>\n\t\t\t\t\t<\/div>\n\t\t<\/div>\n\t\t\t\t\t<\/div>\n\t\t<\/section>\n\t\t\t\t<\/div>\n\t\t","protected":false},"excerpt":{"rendered":"<p>Exp\u00e9riences\u00c9nergie Compensateurs synchrones et acc\u00e8s au r\u00e9seau. Rapport pour d\u00e9bloquer l\u2019\u00e9vacuation d\u2019un n\u0153ud satur\u00e9 L\u2019affaire est n\u00e9e d\u2019un conflit technique dans lequel un promoteur de projets d\u2019\u00e9nergie renouvelable s\u2019est vu refuser ses demandes d\u2019acc\u00e8s et de raccordement \u00e0 un n\u0153ud du r\u00e9seau de transport en raison d\u2019une pr\u00e9tendue capacit\u00e9 \u00e9puis\u00e9e. [&hellip;]<\/p>\n","protected":false},"author":1,"featured_media":0,"parent":0,"menu_order":0,"comment_status":"closed","ping_status":"closed","template":"page-templates\/template-pagebuilder-full-width.php","meta":{"footnotes":""},"class_list":["post-10523","page","type-page","status-publish","hentry"],"yoast_head":"<!-- This site is optimized with the Yoast SEO plugin v26.4 - https:\/\/yoast.com\/wordpress\/plugins\/seo\/ -->\n<title>Exp\u00e9riences Rapports \u00e9nergie - Martinsdelima<\/title>\n<meta name=\"robots\" content=\"index, follow, max-snippet:-1, max-image-preview:large, max-video-preview:-1\" \/>\n<link rel=\"canonical\" href=\"https:\/\/www.martinsdelima.com\/fr\/experiences-rapports-energie\/\" \/>\n<meta property=\"og:locale\" content=\"fr_FR\" \/>\n<meta property=\"og:type\" content=\"article\" \/>\n<meta property=\"og:title\" content=\"Exp\u00e9riences Rapports \u00e9nergie - Martinsdelima\" \/>\n<meta property=\"og:description\" content=\"Exp\u00e9riences\u00c9nergie Compensateurs synchrones et acc\u00e8s au r\u00e9seau. Rapport pour d\u00e9bloquer l\u2019\u00e9vacuation d\u2019un n\u0153ud satur\u00e9 L\u2019affaire est n\u00e9e d\u2019un conflit technique dans lequel un promoteur de projets d\u2019\u00e9nergie renouvelable s\u2019est vu refuser ses demandes d\u2019acc\u00e8s et de raccordement \u00e0 un n\u0153ud du r\u00e9seau de transport en raison d\u2019une pr\u00e9tendue capacit\u00e9 \u00e9puis\u00e9e. [&hellip;]\" \/>\n<meta property=\"og:url\" content=\"https:\/\/www.martinsdelima.com\/fr\/experiences-rapports-energie\/\" \/>\n<meta property=\"og:site_name\" content=\"Martinsdelima\" \/>\n<meta property=\"article:modified_time\" content=\"2026-02-08T18:46:28+00:00\" \/>\n<meta name=\"twitter:card\" content=\"summary_large_image\" \/>\n<meta name=\"twitter:label1\" content=\"Dur\u00e9e de lecture estim\u00e9e\" \/>\n\t<meta name=\"twitter:data1\" content=\"3 minutes\" \/>\n<script type=\"application\/ld+json\" class=\"yoast-schema-graph\">{\"@context\":\"https:\/\/schema.org\",\"@graph\":[{\"@type\":\"WebPage\",\"@id\":\"https:\/\/www.martinsdelima.com\/fr\/experiences-rapports-energie\/\",\"url\":\"https:\/\/www.martinsdelima.com\/fr\/experiences-rapports-energie\/\",\"name\":\"Exp\u00e9riences Rapports \u00e9nergie - Martinsdelima\",\"isPartOf\":{\"@id\":\"https:\/\/www.martinsdelima.com\/fr\/#website\"},\"datePublished\":\"2026-01-10T14:15:34+00:00\",\"dateModified\":\"2026-02-08T18:46:28+00:00\",\"breadcrumb\":{\"@id\":\"https:\/\/www.martinsdelima.com\/fr\/experiences-rapports-energie\/#breadcrumb\"},\"inLanguage\":\"fr-FR\",\"potentialAction\":[{\"@type\":\"ReadAction\",\"target\":[\"https:\/\/www.martinsdelima.com\/fr\/experiences-rapports-energie\/\"]}]},{\"@type\":\"BreadcrumbList\",\"@id\":\"https:\/\/www.martinsdelima.com\/fr\/experiences-rapports-energie\/#breadcrumb\",\"itemListElement\":[{\"@type\":\"ListItem\",\"position\":1,\"name\":\"Page d'accueil\",\"item\":\"https:\/\/www.martinsdelima.com\/fr\/accueil\/\"},{\"@type\":\"ListItem\",\"position\":2,\"name\":\"Exp\u00e9riences Rapports \u00e9nergie\"}]},{\"@type\":\"WebSite\",\"@id\":\"https:\/\/www.martinsdelima.com\/fr\/#website\",\"url\":\"https:\/\/www.martinsdelima.com\/fr\/\",\"name\":\"Martinsdelima\",\"description\":\"Forensic&amp;Finance\",\"publisher\":{\"@id\":\"https:\/\/www.martinsdelima.com\/fr\/#organization\"},\"potentialAction\":[{\"@type\":\"SearchAction\",\"target\":{\"@type\":\"EntryPoint\",\"urlTemplate\":\"https:\/\/www.martinsdelima.com\/fr\/?s={search_term_string}\"},\"query-input\":{\"@type\":\"PropertyValueSpecification\",\"valueRequired\":true,\"valueName\":\"search_term_string\"}}],\"inLanguage\":\"fr-FR\"},{\"@type\":\"Organization\",\"@id\":\"https:\/\/www.martinsdelima.com\/fr\/#organization\",\"name\":\"Martinsdelima\",\"url\":\"https:\/\/www.martinsdelima.com\/fr\/\",\"logo\":{\"@type\":\"ImageObject\",\"inLanguage\":\"fr-FR\",\"@id\":\"https:\/\/www.martinsdelima.com\/fr\/#\/schema\/logo\/image\/\",\"url\":\"https:\/\/mligy6wbr5rs.i.optimole.com\/w:auto\/h:auto\/q:mauto\/f:best\/https:\/\/www.martinsdelima.com\/wp-content\/uploads\/2025\/10\/martinsdelima-letras-claras-horizontal.png\",\"contentUrl\":\"https:\/\/mligy6wbr5rs.i.optimole.com\/w:auto\/h:auto\/q:mauto\/f:best\/https:\/\/www.martinsdelima.com\/wp-content\/uploads\/2025\/10\/martinsdelima-letras-claras-horizontal.png\",\"width\":1315,\"height\":217,\"caption\":\"Martinsdelima\"},\"image\":{\"@id\":\"https:\/\/www.martinsdelima.com\/fr\/#\/schema\/logo\/image\/\"}}]}<\/script>\n<!-- \/ Yoast SEO plugin. -->","yoast_head_json":{"title":"Exp\u00e9riences Rapports \u00e9nergie - Martinsdelima","robots":{"index":"index","follow":"follow","max-snippet":"max-snippet:-1","max-image-preview":"max-image-preview:large","max-video-preview":"max-video-preview:-1"},"canonical":"https:\/\/www.martinsdelima.com\/fr\/experiences-rapports-energie\/","og_locale":"fr_FR","og_type":"article","og_title":"Exp\u00e9riences Rapports \u00e9nergie - Martinsdelima","og_description":"Exp\u00e9riences\u00c9nergie Compensateurs synchrones et acc\u00e8s au r\u00e9seau. Rapport pour d\u00e9bloquer l\u2019\u00e9vacuation d\u2019un n\u0153ud satur\u00e9 L\u2019affaire est n\u00e9e d\u2019un conflit technique dans lequel un promoteur de projets d\u2019\u00e9nergie renouvelable s\u2019est vu refuser ses demandes d\u2019acc\u00e8s et de raccordement \u00e0 un n\u0153ud du r\u00e9seau de transport en raison d\u2019une pr\u00e9tendue capacit\u00e9 \u00e9puis\u00e9e. [&hellip;]","og_url":"https:\/\/www.martinsdelima.com\/fr\/experiences-rapports-energie\/","og_site_name":"Martinsdelima","article_modified_time":"2026-02-08T18:46:28+00:00","twitter_card":"summary_large_image","twitter_misc":{"Dur\u00e9e de lecture estim\u00e9e":"3 minutes"},"schema":{"@context":"https:\/\/schema.org","@graph":[{"@type":"WebPage","@id":"https:\/\/www.martinsdelima.com\/fr\/experiences-rapports-energie\/","url":"https:\/\/www.martinsdelima.com\/fr\/experiences-rapports-energie\/","name":"Exp\u00e9riences Rapports \u00e9nergie - Martinsdelima","isPartOf":{"@id":"https:\/\/www.martinsdelima.com\/fr\/#website"},"datePublished":"2026-01-10T14:15:34+00:00","dateModified":"2026-02-08T18:46:28+00:00","breadcrumb":{"@id":"https:\/\/www.martinsdelima.com\/fr\/experiences-rapports-energie\/#breadcrumb"},"inLanguage":"fr-FR","potentialAction":[{"@type":"ReadAction","target":["https:\/\/www.martinsdelima.com\/fr\/experiences-rapports-energie\/"]}]},{"@type":"BreadcrumbList","@id":"https:\/\/www.martinsdelima.com\/fr\/experiences-rapports-energie\/#breadcrumb","itemListElement":[{"@type":"ListItem","position":1,"name":"Page d'accueil","item":"https:\/\/www.martinsdelima.com\/fr\/accueil\/"},{"@type":"ListItem","position":2,"name":"Exp\u00e9riences Rapports \u00e9nergie"}]},{"@type":"WebSite","@id":"https:\/\/www.martinsdelima.com\/fr\/#website","url":"https:\/\/www.martinsdelima.com\/fr\/","name":"Martinsdelima","description":"Forensic&amp;Finance","publisher":{"@id":"https:\/\/www.martinsdelima.com\/fr\/#organization"},"potentialAction":[{"@type":"SearchAction","target":{"@type":"EntryPoint","urlTemplate":"https:\/\/www.martinsdelima.com\/fr\/?s={search_term_string}"},"query-input":{"@type":"PropertyValueSpecification","valueRequired":true,"valueName":"search_term_string"}}],"inLanguage":"fr-FR"},{"@type":"Organization","@id":"https:\/\/www.martinsdelima.com\/fr\/#organization","name":"Martinsdelima","url":"https:\/\/www.martinsdelima.com\/fr\/","logo":{"@type":"ImageObject","inLanguage":"fr-FR","@id":"https:\/\/www.martinsdelima.com\/fr\/#\/schema\/logo\/image\/","url":"https:\/\/mligy6wbr5rs.i.optimole.com\/w:auto\/h:auto\/q:mauto\/f:best\/https:\/\/www.martinsdelima.com\/wp-content\/uploads\/2025\/10\/martinsdelima-letras-claras-horizontal.png","contentUrl":"https:\/\/mligy6wbr5rs.i.optimole.com\/w:auto\/h:auto\/q:mauto\/f:best\/https:\/\/www.martinsdelima.com\/wp-content\/uploads\/2025\/10\/martinsdelima-letras-claras-horizontal.png","width":1315,"height":217,"caption":"Martinsdelima"},"image":{"@id":"https:\/\/www.martinsdelima.com\/fr\/#\/schema\/logo\/image\/"}}]}},"_links":{"self":[{"href":"https:\/\/www.martinsdelima.com\/fr\/wp-json\/wp\/v2\/pages\/10523","targetHints":{"allow":["GET"]}}],"collection":[{"href":"https:\/\/www.martinsdelima.com\/fr\/wp-json\/wp\/v2\/pages"}],"about":[{"href":"https:\/\/www.martinsdelima.com\/fr\/wp-json\/wp\/v2\/types\/page"}],"author":[{"embeddable":true,"href":"https:\/\/www.martinsdelima.com\/fr\/wp-json\/wp\/v2\/users\/1"}],"replies":[{"embeddable":true,"href":"https:\/\/www.martinsdelima.com\/fr\/wp-json\/wp\/v2\/comments?post=10523"}],"version-history":[{"count":1,"href":"https:\/\/www.martinsdelima.com\/fr\/wp-json\/wp\/v2\/pages\/10523\/revisions"}],"predecessor-version":[{"id":10524,"href":"https:\/\/www.martinsdelima.com\/fr\/wp-json\/wp\/v2\/pages\/10523\/revisions\/10524"}],"wp:attachment":[{"href":"https:\/\/www.martinsdelima.com\/fr\/wp-json\/wp\/v2\/media?parent=10523"}],"curies":[{"name":"wp","href":"https:\/\/api.w.org\/{rel}","templated":true}]}}