{"id":10578,"date":"2026-01-09T16:55:15","date_gmt":"2026-01-09T16:55:15","guid":{"rendered":"https:\/\/www.martinsdelima.com\/experiences-rapports-derives\/"},"modified":"2026-02-08T18:48:50","modified_gmt":"2026-02-08T18:48:50","slug":"experiences-rapports-derives","status":"publish","type":"page","link":"https:\/\/www.martinsdelima.com\/fr\/experiences-rapports-derives\/","title":{"rendered":"Exp\u00e9riences Rapports D\u00e9riv\u00e9s"},"content":{"rendered":"\t\t<div data-elementor-type=\"wp-page\" data-elementor-id=\"10578\" class=\"elementor elementor-10578 elementor-8571\" data-elementor-post-type=\"page\">\n\t\t\t\t\t\t<section class=\"elementor-section elementor-top-section elementor-element elementor-element-5861a17 elementor-section-full_width elementor-section-stretched elementor-section-height-min-height elementor-section-height-default elementor-section-items-middle\" data-id=\"5861a17\" data-element_type=\"section\" data-settings=\"{&quot;stretch_section&quot;:&quot;section-stretched&quot;,&quot;background_background&quot;:&quot;classic&quot;}\">\n\t\t\t\t\t\t\t<div class=\"elementor-background-overlay\"><\/div>\n\t\t\t\t\t\t\t<div class=\"elementor-container elementor-column-gap-default\">\n\t\t\t\t\t<div class=\"elementor-column elementor-col-100 elementor-top-column elementor-element elementor-element-ea42bdb\" data-id=\"ea42bdb\" data-element_type=\"column\">\n\t\t\t<div class=\"elementor-widget-wrap elementor-element-populated\">\n\t\t\t\t\t\t<div class=\"elementor-element elementor-element-8924fce elementor-widget elementor-widget-heading\" data-id=\"8924fce\" data-element_type=\"widget\" data-widget_type=\"heading.default\">\n\t\t\t\t<div class=\"elementor-widget-container\">\n\t\t\t\t\t<h2 class=\"elementor-heading-title elementor-size-default\"><b>Exp\u00e9riences<\/b><br><b>Financier et D\u00e9riv\u00e9s<\/b><br>Analyse de l'ad\u00e9quation, \u00e9valuation et calcul du co\u00fbt d'annulation<\/h2>\t\t\t\t<\/div>\n\t\t\t\t<\/div>\n\t\t\t\t\t<\/div>\n\t\t<\/div>\n\t\t\t\t\t<\/div>\n\t\t<\/section>\n\t\t\t\t<section class=\"elementor-section elementor-top-section elementor-element elementor-element-9dff6a0 elementor-section-boxed elementor-section-height-default elementor-section-height-default\" data-id=\"9dff6a0\" data-element_type=\"section\">\n\t\t\t\t\t\t<div class=\"elementor-container elementor-column-gap-default\">\n\t\t\t\t\t<div class=\"elementor-column elementor-col-100 elementor-top-column elementor-element elementor-element-c3e38d1\" data-id=\"c3e38d1\" data-element_type=\"column\">\n\t\t\t<div class=\"elementor-widget-wrap elementor-element-populated\">\n\t\t\t\t\t\t<div class=\"elementor-element elementor-element-78fa56c elementor-widget elementor-widget-text-editor\" data-id=\"78fa56c\" data-element_type=\"widget\" data-widget_type=\"text-editor.default\">\n\t\t\t\t<div class=\"elementor-widget-container\">\n\t\t\t\t\t\t\t\t\t<h6>Dans le cadre d&rsquo;une proc\u00e9dure relative aux <strong>d\u00e9riv\u00e9s de taux d&rsquo;int\u00e9r\u00eat<\/strong>, une entit\u00e9 financi\u00e8re avait besoin d&rsquo;un rapport d&rsquo;expertise qui clarifie, avec une approche strictement technique, si les op\u00e9rations contract\u00e9es par une entreprise r\u00e9pondaient r\u00e9ellement \u00e0 une logique de <strong>couverture<\/strong> (et, le cas \u00e9ch\u00e9ant, d&rsquo;<strong>am\u00e9lioration du co\u00fbt financier<\/strong>) ou s&rsquo;il existait des \u00e9l\u00e9ments qui pourraient remettre en question leur ad\u00e9quation et leur bonne ex\u00e9cution.<\/h6><h6>L&rsquo;affaire portait sur <strong>deux swaps de taux d&rsquo;int\u00e9r\u00eat<\/strong> : l&rsquo;un con\u00e7u comme une couverture et l&rsquo;autre comme une couverture avec am\u00e9lioration des taux\/co\u00fbt financier. La mission consistait \u00e0 transformer la description d&rsquo;un produit complexe en une explication compr\u00e9hensible et, surtout, v\u00e9rifiable, afin de pouvoir d\u00e9fendre des conclusions avec une tra\u00e7abilit\u00e9 documentaire et num\u00e9rique. <\/h6><h6>D\u00e8s le d\u00e9part, le travail a \u00e9t\u00e9 envisag\u00e9 comme une analyse d&rsquo;expertise <strong>ind\u00e9pendante et purement technique<\/strong>, orient\u00e9e vers la r\u00e9ponse \u00e0 des questions concr\u00e8tes : comment fonctionne un swap, pourquoi est-il contract\u00e9, quelle est sa rationalit\u00e9 \u00e9conomique et si, au moment de la signature, le produit \u00e9tait appropri\u00e9 pour le profil de la contrepartie.<\/h6><h6>M\u00e9thodologiquement, martinsdelima a structur\u00e9 l&rsquo;analyse en plusieurs couches : \u00e9valuation des <strong>caract\u00e9ristiques techniques du d\u00e9riv\u00e9<\/strong> et des risques qu&rsquo;il couvrait (et si, en plus, il r\u00e9duisait les co\u00fbts), analyse de sc\u00e9narios, r\u00e9vision du <strong>profil\/qualification<\/strong> des signataires et confrontation de la <strong>documentation et des explications<\/strong> fournies (y compris les preuves de r\u00e9unions, les sc\u00e9narios et les risques, et le co\u00fbt d&rsquo;annulation).<\/h6><h6>Le rapport a \u00e9galement int\u00e9gr\u00e9 un bloc quantitatif : calcul (si n\u00e9cessaire) de la <strong>valeur de march\u00e9<\/strong> pour identifier d&rsquo;\u00e9ventuelles marges implicites, et v\u00e9rification de l&rsquo;<strong>\u00e9volution et de la correction des paiements\/liquidations<\/strong>, en plus de revoir le contexte et les informations disponibles au moment de la contractualisation sans tomber dans des \u00ab pr\u00e9dictions ex post \u00bb.<\/h6><h6>Avec cette approche, l&rsquo;avis est rest\u00e9 ancr\u00e9 dans deux id\u00e9es d\u00e9fendables : qu&rsquo;il s&rsquo;agissait de contrats envisag\u00e9s comme <strong>couverture<\/strong> (et couverture + am\u00e9lioration) et que l&rsquo;objectif de l&rsquo;expertise \u00e9tait d&rsquo;attester qu&rsquo;ils avaient \u00e9t\u00e9 <strong>effectu\u00e9s correctement<\/strong> et qu&rsquo;ils \u00e9taient <strong>appropri\u00e9s au moment de leur signature<\/strong>. Cette rigueur \u2014 explication claire + v\u00e9rification num\u00e9rique + tra\u00e7abilit\u00e9 \u2014 est ce qui transforme un rapport en un outil r\u00e9ellement utile pour soutenir la strat\u00e9gie juridique et clore le dossier avec une position technique solide. <\/h6>\t\t\t\t\t\t\t\t<\/div>\n\t\t\t\t<\/div>\n\t\t\t\t\t<\/div>\n\t\t<\/div>\n\t\t\t\t\t<\/div>\n\t\t<\/section>\n\t\t\t\t<\/div>\n\t\t","protected":false},"excerpt":{"rendered":"<p>Exp\u00e9riencesFinancier et D\u00e9riv\u00e9sAnalyse de l&rsquo;ad\u00e9quation, \u00e9valuation et calcul du co\u00fbt d&rsquo;annulation Dans le cadre d&rsquo;une proc\u00e9dure relative aux d\u00e9riv\u00e9s de taux d&rsquo;int\u00e9r\u00eat, une entit\u00e9 financi\u00e8re avait besoin d&rsquo;un rapport d&rsquo;expertise qui clarifie, avec une approche strictement technique, si les op\u00e9rations contract\u00e9es par une entreprise r\u00e9pondaient r\u00e9ellement \u00e0 une logique de [&hellip;]<\/p>\n","protected":false},"author":1,"featured_media":0,"parent":0,"menu_order":0,"comment_status":"closed","ping_status":"closed","template":"page-templates\/template-pagebuilder-full-width.php","meta":{"footnotes":""},"class_list":["post-10578","page","type-page","status-publish","hentry"],"yoast_head":"<!-- This site is optimized with the Yoast SEO plugin v26.4 - https:\/\/yoast.com\/wordpress\/plugins\/seo\/ -->\n<title>Exp\u00e9riences Rapports D\u00e9riv\u00e9s - Martinsdelima<\/title>\n<meta name=\"robots\" content=\"index, follow, max-snippet:-1, max-image-preview:large, max-video-preview:-1\" \/>\n<link rel=\"canonical\" href=\"https:\/\/www.martinsdelima.com\/fr\/experiences-rapports-derives\/\" \/>\n<meta property=\"og:locale\" content=\"fr_FR\" \/>\n<meta property=\"og:type\" content=\"article\" \/>\n<meta property=\"og:title\" content=\"Exp\u00e9riences Rapports D\u00e9riv\u00e9s - Martinsdelima\" \/>\n<meta property=\"og:description\" content=\"Exp\u00e9riencesFinancier et D\u00e9riv\u00e9sAnalyse de l&rsquo;ad\u00e9quation, \u00e9valuation et calcul du co\u00fbt d&rsquo;annulation Dans le cadre d&rsquo;une proc\u00e9dure relative aux d\u00e9riv\u00e9s de taux d&rsquo;int\u00e9r\u00eat, une entit\u00e9 financi\u00e8re avait besoin d&rsquo;un rapport d&rsquo;expertise qui clarifie, avec une approche strictement technique, si les op\u00e9rations contract\u00e9es par une entreprise r\u00e9pondaient r\u00e9ellement \u00e0 une logique de [&hellip;]\" \/>\n<meta property=\"og:url\" content=\"https:\/\/www.martinsdelima.com\/fr\/experiences-rapports-derives\/\" \/>\n<meta property=\"og:site_name\" content=\"Martinsdelima\" \/>\n<meta property=\"article:modified_time\" content=\"2026-02-08T18:48:50+00:00\" \/>\n<meta name=\"twitter:card\" content=\"summary_large_image\" \/>\n<meta name=\"twitter:label1\" content=\"Dur\u00e9e de lecture estim\u00e9e\" \/>\n\t<meta name=\"twitter:data1\" content=\"2 minutes\" \/>\n<script type=\"application\/ld+json\" class=\"yoast-schema-graph\">{\"@context\":\"https:\/\/schema.org\",\"@graph\":[{\"@type\":\"WebPage\",\"@id\":\"https:\/\/www.martinsdelima.com\/fr\/experiences-rapports-derives\/\",\"url\":\"https:\/\/www.martinsdelima.com\/fr\/experiences-rapports-derives\/\",\"name\":\"Exp\u00e9riences Rapports D\u00e9riv\u00e9s - Martinsdelima\",\"isPartOf\":{\"@id\":\"https:\/\/www.martinsdelima.com\/fr\/#website\"},\"datePublished\":\"2026-01-09T16:55:15+00:00\",\"dateModified\":\"2026-02-08T18:48:50+00:00\",\"breadcrumb\":{\"@id\":\"https:\/\/www.martinsdelima.com\/fr\/experiences-rapports-derives\/#breadcrumb\"},\"inLanguage\":\"fr-FR\",\"potentialAction\":[{\"@type\":\"ReadAction\",\"target\":[\"https:\/\/www.martinsdelima.com\/fr\/experiences-rapports-derives\/\"]}]},{\"@type\":\"BreadcrumbList\",\"@id\":\"https:\/\/www.martinsdelima.com\/fr\/experiences-rapports-derives\/#breadcrumb\",\"itemListElement\":[{\"@type\":\"ListItem\",\"position\":1,\"name\":\"Page d'accueil\",\"item\":\"https:\/\/www.martinsdelima.com\/fr\/accueil\/\"},{\"@type\":\"ListItem\",\"position\":2,\"name\":\"Exp\u00e9riences Rapports D\u00e9riv\u00e9s\"}]},{\"@type\":\"WebSite\",\"@id\":\"https:\/\/www.martinsdelima.com\/fr\/#website\",\"url\":\"https:\/\/www.martinsdelima.com\/fr\/\",\"name\":\"Martinsdelima\",\"description\":\"Forensic&amp;Finance\",\"publisher\":{\"@id\":\"https:\/\/www.martinsdelima.com\/fr\/#organization\"},\"potentialAction\":[{\"@type\":\"SearchAction\",\"target\":{\"@type\":\"EntryPoint\",\"urlTemplate\":\"https:\/\/www.martinsdelima.com\/fr\/?s={search_term_string}\"},\"query-input\":{\"@type\":\"PropertyValueSpecification\",\"valueRequired\":true,\"valueName\":\"search_term_string\"}}],\"inLanguage\":\"fr-FR\"},{\"@type\":\"Organization\",\"@id\":\"https:\/\/www.martinsdelima.com\/fr\/#organization\",\"name\":\"Martinsdelima\",\"url\":\"https:\/\/www.martinsdelima.com\/fr\/\",\"logo\":{\"@type\":\"ImageObject\",\"inLanguage\":\"fr-FR\",\"@id\":\"https:\/\/www.martinsdelima.com\/fr\/#\/schema\/logo\/image\/\",\"url\":\"https:\/\/mligy6wbr5rs.i.optimole.com\/w:auto\/h:auto\/q:mauto\/f:best\/https:\/\/www.martinsdelima.com\/wp-content\/uploads\/2025\/10\/martinsdelima-letras-claras-horizontal.png\",\"contentUrl\":\"https:\/\/mligy6wbr5rs.i.optimole.com\/w:auto\/h:auto\/q:mauto\/f:best\/https:\/\/www.martinsdelima.com\/wp-content\/uploads\/2025\/10\/martinsdelima-letras-claras-horizontal.png\",\"width\":1315,\"height\":217,\"caption\":\"Martinsdelima\"},\"image\":{\"@id\":\"https:\/\/www.martinsdelima.com\/fr\/#\/schema\/logo\/image\/\"}}]}<\/script>\n<!-- \/ Yoast SEO plugin. -->","yoast_head_json":{"title":"Exp\u00e9riences Rapports D\u00e9riv\u00e9s - Martinsdelima","robots":{"index":"index","follow":"follow","max-snippet":"max-snippet:-1","max-image-preview":"max-image-preview:large","max-video-preview":"max-video-preview:-1"},"canonical":"https:\/\/www.martinsdelima.com\/fr\/experiences-rapports-derives\/","og_locale":"fr_FR","og_type":"article","og_title":"Exp\u00e9riences Rapports D\u00e9riv\u00e9s - Martinsdelima","og_description":"Exp\u00e9riencesFinancier et D\u00e9riv\u00e9sAnalyse de l&rsquo;ad\u00e9quation, \u00e9valuation et calcul du co\u00fbt d&rsquo;annulation Dans le cadre d&rsquo;une proc\u00e9dure relative aux d\u00e9riv\u00e9s de taux d&rsquo;int\u00e9r\u00eat, une entit\u00e9 financi\u00e8re avait besoin d&rsquo;un rapport d&rsquo;expertise qui clarifie, avec une approche strictement technique, si les op\u00e9rations contract\u00e9es par une entreprise r\u00e9pondaient r\u00e9ellement \u00e0 une logique de [&hellip;]","og_url":"https:\/\/www.martinsdelima.com\/fr\/experiences-rapports-derives\/","og_site_name":"Martinsdelima","article_modified_time":"2026-02-08T18:48:50+00:00","twitter_card":"summary_large_image","twitter_misc":{"Dur\u00e9e de lecture estim\u00e9e":"2 minutes"},"schema":{"@context":"https:\/\/schema.org","@graph":[{"@type":"WebPage","@id":"https:\/\/www.martinsdelima.com\/fr\/experiences-rapports-derives\/","url":"https:\/\/www.martinsdelima.com\/fr\/experiences-rapports-derives\/","name":"Exp\u00e9riences Rapports D\u00e9riv\u00e9s - Martinsdelima","isPartOf":{"@id":"https:\/\/www.martinsdelima.com\/fr\/#website"},"datePublished":"2026-01-09T16:55:15+00:00","dateModified":"2026-02-08T18:48:50+00:00","breadcrumb":{"@id":"https:\/\/www.martinsdelima.com\/fr\/experiences-rapports-derives\/#breadcrumb"},"inLanguage":"fr-FR","potentialAction":[{"@type":"ReadAction","target":["https:\/\/www.martinsdelima.com\/fr\/experiences-rapports-derives\/"]}]},{"@type":"BreadcrumbList","@id":"https:\/\/www.martinsdelima.com\/fr\/experiences-rapports-derives\/#breadcrumb","itemListElement":[{"@type":"ListItem","position":1,"name":"Page d'accueil","item":"https:\/\/www.martinsdelima.com\/fr\/accueil\/"},{"@type":"ListItem","position":2,"name":"Exp\u00e9riences Rapports D\u00e9riv\u00e9s"}]},{"@type":"WebSite","@id":"https:\/\/www.martinsdelima.com\/fr\/#website","url":"https:\/\/www.martinsdelima.com\/fr\/","name":"Martinsdelima","description":"Forensic&amp;Finance","publisher":{"@id":"https:\/\/www.martinsdelima.com\/fr\/#organization"},"potentialAction":[{"@type":"SearchAction","target":{"@type":"EntryPoint","urlTemplate":"https:\/\/www.martinsdelima.com\/fr\/?s={search_term_string}"},"query-input":{"@type":"PropertyValueSpecification","valueRequired":true,"valueName":"search_term_string"}}],"inLanguage":"fr-FR"},{"@type":"Organization","@id":"https:\/\/www.martinsdelima.com\/fr\/#organization","name":"Martinsdelima","url":"https:\/\/www.martinsdelima.com\/fr\/","logo":{"@type":"ImageObject","inLanguage":"fr-FR","@id":"https:\/\/www.martinsdelima.com\/fr\/#\/schema\/logo\/image\/","url":"https:\/\/mligy6wbr5rs.i.optimole.com\/w:auto\/h:auto\/q:mauto\/f:best\/https:\/\/www.martinsdelima.com\/wp-content\/uploads\/2025\/10\/martinsdelima-letras-claras-horizontal.png","contentUrl":"https:\/\/mligy6wbr5rs.i.optimole.com\/w:auto\/h:auto\/q:mauto\/f:best\/https:\/\/www.martinsdelima.com\/wp-content\/uploads\/2025\/10\/martinsdelima-letras-claras-horizontal.png","width":1315,"height":217,"caption":"Martinsdelima"},"image":{"@id":"https:\/\/www.martinsdelima.com\/fr\/#\/schema\/logo\/image\/"}}]}},"_links":{"self":[{"href":"https:\/\/www.martinsdelima.com\/fr\/wp-json\/wp\/v2\/pages\/10578","targetHints":{"allow":["GET"]}}],"collection":[{"href":"https:\/\/www.martinsdelima.com\/fr\/wp-json\/wp\/v2\/pages"}],"about":[{"href":"https:\/\/www.martinsdelima.com\/fr\/wp-json\/wp\/v2\/types\/page"}],"author":[{"embeddable":true,"href":"https:\/\/www.martinsdelima.com\/fr\/wp-json\/wp\/v2\/users\/1"}],"replies":[{"embeddable":true,"href":"https:\/\/www.martinsdelima.com\/fr\/wp-json\/wp\/v2\/comments?post=10578"}],"version-history":[{"count":1,"href":"https:\/\/www.martinsdelima.com\/fr\/wp-json\/wp\/v2\/pages\/10578\/revisions"}],"predecessor-version":[{"id":10579,"href":"https:\/\/www.martinsdelima.com\/fr\/wp-json\/wp\/v2\/pages\/10578\/revisions\/10579"}],"wp:attachment":[{"href":"https:\/\/www.martinsdelima.com\/fr\/wp-json\/wp\/v2\/media?parent=10578"}],"curies":[{"name":"wp","href":"https:\/\/api.w.org\/{rel}","templated":true}]}}