{"id":10582,"date":"2026-01-09T16:29:28","date_gmt":"2026-01-09T16:29:28","guid":{"rendered":"https:\/\/www.martinsdelima.com\/experiences-et-evaluations-dentreprises\/"},"modified":"2026-02-12T11:20:47","modified_gmt":"2026-02-12T11:20:47","slug":"experiences-et-evaluations-dentreprises","status":"publish","type":"page","link":"https:\/\/www.martinsdelima.com\/fr\/experiences-et-evaluations-dentreprises\/","title":{"rendered":"Exp\u00e9riences et \u00e9valuations d&rsquo;entreprises"},"content":{"rendered":"\t\t<div data-elementor-type=\"wp-page\" data-elementor-id=\"10582\" class=\"elementor elementor-10582 elementor-8550\" data-elementor-post-type=\"page\">\n\t\t\t\t\t\t<section class=\"elementor-section elementor-top-section elementor-element elementor-element-5861a17 elementor-section-full_width elementor-section-stretched elementor-section-height-min-height elementor-section-height-default elementor-section-items-middle\" data-id=\"5861a17\" data-element_type=\"section\" data-settings=\"{&quot;stretch_section&quot;:&quot;section-stretched&quot;,&quot;background_background&quot;:&quot;classic&quot;}\">\n\t\t\t\t\t\t\t<div class=\"elementor-background-overlay\"><\/div>\n\t\t\t\t\t\t\t<div class=\"elementor-container elementor-column-gap-default\">\n\t\t\t\t\t<div class=\"elementor-column elementor-col-100 elementor-top-column elementor-element elementor-element-ea42bdb\" data-id=\"ea42bdb\" data-element_type=\"column\">\n\t\t\t<div class=\"elementor-widget-wrap elementor-element-populated\">\n\t\t\t\t\t\t<div class=\"elementor-element elementor-element-8924fce elementor-widget__width-initial elementor-widget-mobile__width-initial elementor-widget elementor-widget-heading\" data-id=\"8924fce\" data-element_type=\"widget\" data-widget_type=\"heading.default\">\n\t\t\t\t<div class=\"elementor-widget-container\">\n\t\t\t\t\t<h2 class=\"elementor-heading-title elementor-size-default\"><b>Exp\u00e9riences<br>\u00c9valuations d'entreprises et d'unit\u00e9s commerciales<br><\/b>\u00c9valuation d'une soci\u00e9t\u00e9 cot\u00e9e en situation complexe<\/h2>\t\t\t\t<\/div>\n\t\t\t\t<\/div>\n\t\t\t\t\t<\/div>\n\t\t<\/div>\n\t\t\t\t\t<\/div>\n\t\t<\/section>\n\t\t\t\t<section class=\"elementor-section elementor-top-section elementor-element elementor-element-9dff6a0 elementor-section-boxed elementor-section-height-default elementor-section-height-default\" data-id=\"9dff6a0\" data-element_type=\"section\">\n\t\t\t\t\t\t<div class=\"elementor-container elementor-column-gap-default\">\n\t\t\t\t\t<div class=\"elementor-column elementor-col-100 elementor-top-column elementor-element elementor-element-c3e38d1\" data-id=\"c3e38d1\" data-element_type=\"column\">\n\t\t\t<div class=\"elementor-widget-wrap elementor-element-populated\">\n\t\t\t\t\t\t<div class=\"elementor-element elementor-element-78fa56c elementor-widget elementor-widget-text-editor\" data-id=\"78fa56c\" data-element_type=\"widget\" data-widget_type=\"text-editor.default\">\n\t\t\t\t<div class=\"elementor-widget-container\">\n\t\t\t\t\t\t\t\t\t<h6>Un fonds a sollicit\u00e9 <strong>martinsdelima<\/strong> pour une <strong>\u00e9valuation ind\u00e9pendante<\/strong> d&rsquo;une soci\u00e9t\u00e9 cot\u00e9e du secteur des t\u00e9l\u00e9communications, dans le cadre d&rsquo;une op\u00e9ration d&rsquo;entreprise o\u00f9 il existait un <strong>prix de r\u00e9f\u00e9rence pour l&rsquo;acquisition d&rsquo;actions<\/strong> et un sc\u00e9nario \u00e9ventuel de <strong>retrait de la cote<\/strong>. L&rsquo;objectif \u00e9tait de disposer d&rsquo;un avis technique, rigoureux et utilisable pour la prise de d\u00e9cision, sans d\u00e9pendre uniquement des \u00e9valuations pr\u00e9alables de tiers. <\/h6><h6>Le d\u00e9fi n&rsquo;\u00e9tait pas de \u00ab faire des chiffres \u00bb, mais de r\u00e9pondre \u00e0 la question cl\u00e9 : <strong>ce prix refl\u00e9tait-il la valeur r\u00e9elle de l&rsquo;entreprise ?<\/strong> Pour ce faire, nous avons abord\u00e9 la mission dans une perspective <strong>objective et impartiale<\/strong>, en structurant le travail pour comprendre le contexte de l&rsquo;op\u00e9ration, identifier les facteurs qui influen\u00e7aient la valeur et comparer la raisonnabilit\u00e9 du prix propos\u00e9 avec la <strong>valeur intrins\u00e8que<\/strong> de la soci\u00e9t\u00e9.<\/h6><h6>Nous avons commenc\u00e9 par ce qui fait la diff\u00e9rence dans les \u00e9valuations exigeantes : <strong>comprendre l&rsquo;entreprise et son environnement<\/strong>. Nous avons r\u00e9alis\u00e9 une <strong>analyse compl\u00e8te du secteur<\/strong> (\u00e9volution, tendances et perspectives), car elle est <strong>fondamentale<\/strong> pour <strong>projeter les revenus<\/strong> de mani\u00e8re coh\u00e9rente et ne pas \u00ab tra\u00eener \u00bb des hypoth\u00e8ses faibles dans l&rsquo;\u00e9valuation. Parall\u00e8lement, nous avons analys\u00e9 la soci\u00e9t\u00e9 en d\u00e9tail : croissance (y compris organique), <strong>\u00e9tats financiers et indicateurs op\u00e9rationnels<\/strong>, en combinant des informations \u00e9conomiques et financi\u00e8res et des documents publics.  <\/h6><h6>\u00c0 partir de l\u00e0, nous avons construit une \u00e9valuation robuste bas\u00e9e sur <strong>plusieurs approches<\/strong> pour assurer la coh\u00e9rence et la fiabilit\u00e9. Nous avons appliqu\u00e9 <strong>six m\u00e9thodologies compl\u00e9mentaires<\/strong> (actualisation des flux de tr\u00e9sorerie, multiples de march\u00e9, transactions pr\u00e9c\u00e9dentes, cotation moyenne pond\u00e9r\u00e9e, valeur th\u00e9orique comptable et valeur de liquidation) et, par la suite, nous avons r\u00e9alis\u00e9 une <strong>synth\u00e8se finale<\/strong> qui privil\u00e9gie les m\u00e9thodes les plus informatives pour ce type d&rsquo;actif et ce moment de march\u00e9. <\/h6><h6>En ce qui concerne la m\u00e9thodologie utilis\u00e9e, notre avantage concurrentiel r\u00e9sidait dans le \u00ab comment \u00bb : nous n&rsquo;avons pas seulement appliqu\u00e9 les m\u00e9thodes, mais nous avons <strong>test\u00e9 leur repr\u00e9sentativit\u00e9<\/strong>, s\u00e9lectionn\u00e9 des comparables avec discernement et utilis\u00e9 une analyse quantitative suppl\u00e9mentaire (y compris des approches de r\u00e9gression dans les comparables) pour <strong>\u00e9viter les biais typiques<\/strong> lorsque la croissance et le profil de l&rsquo;entreprise ne correspondent pas bien aux r\u00e9f\u00e9rences standard. Tout cela avec des hypoth\u00e8ses prudentes, coh\u00e9rentes et tra\u00e7ables, comme l&rsquo;exige une \u00e9valuation r\u00e9ellement d\u00e9fendable. <\/h6><h6>Le r\u00e9sultat a \u00e9t\u00e9 une conclusion claire et exploitable : <strong>la valeur estim\u00e9e de l&rsquo;entreprise n&rsquo;\u00e9tait pas correctement refl\u00e9t\u00e9e par le prix de r\u00e9f\u00e9rence<\/strong> et les m\u00e9thodes principales, correctement appliqu\u00e9es, pointaient vers un niveau de valeur sup\u00e9rieur. Cela a permis au client de <strong>prendre des d\u00e9cisions en toute s\u00e9curit\u00e9<\/strong>, en s&rsquo;appuyant sur un rapport solide, compr\u00e9hensible pour la direction et pleinement \u00e9tay\u00e9 par une analyse technique. En r\u00e9sum\u00e9 : <strong>nous avons transform\u00e9 un cas complexe en une conclusion percutante<\/strong> et en un outil de n\u00e9gociation et de strat\u00e9gie de premier ordre.  <\/h6>\t\t\t\t\t\t\t\t<\/div>\n\t\t\t\t<\/div>\n\t\t\t\t\t<\/div>\n\t\t<\/div>\n\t\t\t\t\t<\/div>\n\t\t<\/section>\n\t\t\t\t<\/div>\n\t\t","protected":false},"excerpt":{"rendered":"<p>Exp\u00e9riences\u00c9valuations d&rsquo;entreprises et d&rsquo;unit\u00e9s commerciales\u00c9valuation d&rsquo;une soci\u00e9t\u00e9 cot\u00e9e en situation complexe Un fonds a sollicit\u00e9 martinsdelima pour une \u00e9valuation ind\u00e9pendante d&rsquo;une soci\u00e9t\u00e9 cot\u00e9e du secteur des t\u00e9l\u00e9communications, dans le cadre d&rsquo;une op\u00e9ration d&rsquo;entreprise o\u00f9 il existait un prix de r\u00e9f\u00e9rence pour l&rsquo;acquisition d&rsquo;actions et un sc\u00e9nario \u00e9ventuel de retrait de [&hellip;]<\/p>\n","protected":false},"author":1,"featured_media":0,"parent":0,"menu_order":0,"comment_status":"closed","ping_status":"closed","template":"page-templates\/template-pagebuilder-full-width.php","meta":{"footnotes":""},"class_list":["post-10582","page","type-page","status-publish","hentry"],"yoast_head":"<!-- This site is optimized with the Yoast SEO plugin v26.4 - https:\/\/yoast.com\/wordpress\/plugins\/seo\/ -->\n<title>Exp\u00e9riences et \u00e9valuations d&#039;entreprises - Martinsdelima<\/title>\n<meta name=\"robots\" content=\"index, follow, max-snippet:-1, max-image-preview:large, max-video-preview:-1\" \/>\n<link rel=\"canonical\" href=\"https:\/\/www.martinsdelima.com\/fr\/experiences-et-evaluations-dentreprises\/\" \/>\n<meta property=\"og:locale\" content=\"fr_FR\" \/>\n<meta property=\"og:type\" content=\"article\" \/>\n<meta property=\"og:title\" content=\"Exp\u00e9riences et \u00e9valuations d&#039;entreprises - Martinsdelima\" \/>\n<meta property=\"og:description\" content=\"Exp\u00e9riences\u00c9valuations d&rsquo;entreprises et d&rsquo;unit\u00e9s commerciales\u00c9valuation d&rsquo;une soci\u00e9t\u00e9 cot\u00e9e en situation complexe Un fonds a sollicit\u00e9 martinsdelima pour une \u00e9valuation ind\u00e9pendante d&rsquo;une soci\u00e9t\u00e9 cot\u00e9e du secteur des t\u00e9l\u00e9communications, dans le cadre d&rsquo;une op\u00e9ration d&rsquo;entreprise o\u00f9 il existait un prix de r\u00e9f\u00e9rence pour l&rsquo;acquisition d&rsquo;actions et un sc\u00e9nario \u00e9ventuel de retrait de [&hellip;]\" \/>\n<meta property=\"og:url\" content=\"https:\/\/www.martinsdelima.com\/fr\/experiences-et-evaluations-dentreprises\/\" \/>\n<meta property=\"og:site_name\" content=\"Martinsdelima\" \/>\n<meta property=\"article:modified_time\" content=\"2026-02-12T11:20:47+00:00\" \/>\n<meta name=\"twitter:card\" content=\"summary_large_image\" \/>\n<meta name=\"twitter:label1\" content=\"Dur\u00e9e de lecture estim\u00e9e\" \/>\n\t<meta name=\"twitter:data1\" content=\"3 minutes\" \/>\n<script type=\"application\/ld+json\" class=\"yoast-schema-graph\">{\"@context\":\"https:\/\/schema.org\",\"@graph\":[{\"@type\":\"WebPage\",\"@id\":\"https:\/\/www.martinsdelima.com\/fr\/experiences-et-evaluations-dentreprises\/\",\"url\":\"https:\/\/www.martinsdelima.com\/fr\/experiences-et-evaluations-dentreprises\/\",\"name\":\"Exp\u00e9riences et \u00e9valuations d'entreprises - Martinsdelima\",\"isPartOf\":{\"@id\":\"https:\/\/www.martinsdelima.com\/fr\/#website\"},\"datePublished\":\"2026-01-09T16:29:28+00:00\",\"dateModified\":\"2026-02-12T11:20:47+00:00\",\"breadcrumb\":{\"@id\":\"https:\/\/www.martinsdelima.com\/fr\/experiences-et-evaluations-dentreprises\/#breadcrumb\"},\"inLanguage\":\"fr-FR\",\"potentialAction\":[{\"@type\":\"ReadAction\",\"target\":[\"https:\/\/www.martinsdelima.com\/fr\/experiences-et-evaluations-dentreprises\/\"]}]},{\"@type\":\"BreadcrumbList\",\"@id\":\"https:\/\/www.martinsdelima.com\/fr\/experiences-et-evaluations-dentreprises\/#breadcrumb\",\"itemListElement\":[{\"@type\":\"ListItem\",\"position\":1,\"name\":\"Page d'accueil\",\"item\":\"https:\/\/www.martinsdelima.com\/fr\/accueil\/\"},{\"@type\":\"ListItem\",\"position\":2,\"name\":\"Exp\u00e9riences et \u00e9valuations d\u2019entreprises\"}]},{\"@type\":\"WebSite\",\"@id\":\"https:\/\/www.martinsdelima.com\/fr\/#website\",\"url\":\"https:\/\/www.martinsdelima.com\/fr\/\",\"name\":\"Martinsdelima\",\"description\":\"Forensic&amp;Finance\",\"publisher\":{\"@id\":\"https:\/\/www.martinsdelima.com\/fr\/#organization\"},\"potentialAction\":[{\"@type\":\"SearchAction\",\"target\":{\"@type\":\"EntryPoint\",\"urlTemplate\":\"https:\/\/www.martinsdelima.com\/fr\/?s={search_term_string}\"},\"query-input\":{\"@type\":\"PropertyValueSpecification\",\"valueRequired\":true,\"valueName\":\"search_term_string\"}}],\"inLanguage\":\"fr-FR\"},{\"@type\":\"Organization\",\"@id\":\"https:\/\/www.martinsdelima.com\/fr\/#organization\",\"name\":\"Martinsdelima\",\"url\":\"https:\/\/www.martinsdelima.com\/fr\/\",\"logo\":{\"@type\":\"ImageObject\",\"inLanguage\":\"fr-FR\",\"@id\":\"https:\/\/www.martinsdelima.com\/fr\/#\/schema\/logo\/image\/\",\"url\":\"https:\/\/mligy6wbr5rs.i.optimole.com\/w:auto\/h:auto\/q:mauto\/f:best\/https:\/\/www.martinsdelima.com\/wp-content\/uploads\/2025\/10\/martinsdelima-letras-claras-horizontal.png\",\"contentUrl\":\"https:\/\/mligy6wbr5rs.i.optimole.com\/w:auto\/h:auto\/q:mauto\/f:best\/https:\/\/www.martinsdelima.com\/wp-content\/uploads\/2025\/10\/martinsdelima-letras-claras-horizontal.png\",\"width\":1315,\"height\":217,\"caption\":\"Martinsdelima\"},\"image\":{\"@id\":\"https:\/\/www.martinsdelima.com\/fr\/#\/schema\/logo\/image\/\"}}]}<\/script>\n<!-- \/ Yoast SEO plugin. -->","yoast_head_json":{"title":"Exp\u00e9riences et \u00e9valuations d'entreprises - Martinsdelima","robots":{"index":"index","follow":"follow","max-snippet":"max-snippet:-1","max-image-preview":"max-image-preview:large","max-video-preview":"max-video-preview:-1"},"canonical":"https:\/\/www.martinsdelima.com\/fr\/experiences-et-evaluations-dentreprises\/","og_locale":"fr_FR","og_type":"article","og_title":"Exp\u00e9riences et \u00e9valuations d'entreprises - Martinsdelima","og_description":"Exp\u00e9riences\u00c9valuations d&rsquo;entreprises et d&rsquo;unit\u00e9s commerciales\u00c9valuation d&rsquo;une soci\u00e9t\u00e9 cot\u00e9e en situation complexe Un fonds a sollicit\u00e9 martinsdelima pour une \u00e9valuation ind\u00e9pendante d&rsquo;une soci\u00e9t\u00e9 cot\u00e9e du secteur des t\u00e9l\u00e9communications, dans le cadre d&rsquo;une op\u00e9ration d&rsquo;entreprise o\u00f9 il existait un prix de r\u00e9f\u00e9rence pour l&rsquo;acquisition d&rsquo;actions et un sc\u00e9nario \u00e9ventuel de retrait de [&hellip;]","og_url":"https:\/\/www.martinsdelima.com\/fr\/experiences-et-evaluations-dentreprises\/","og_site_name":"Martinsdelima","article_modified_time":"2026-02-12T11:20:47+00:00","twitter_card":"summary_large_image","twitter_misc":{"Dur\u00e9e de lecture estim\u00e9e":"3 minutes"},"schema":{"@context":"https:\/\/schema.org","@graph":[{"@type":"WebPage","@id":"https:\/\/www.martinsdelima.com\/fr\/experiences-et-evaluations-dentreprises\/","url":"https:\/\/www.martinsdelima.com\/fr\/experiences-et-evaluations-dentreprises\/","name":"Exp\u00e9riences et \u00e9valuations d'entreprises - Martinsdelima","isPartOf":{"@id":"https:\/\/www.martinsdelima.com\/fr\/#website"},"datePublished":"2026-01-09T16:29:28+00:00","dateModified":"2026-02-12T11:20:47+00:00","breadcrumb":{"@id":"https:\/\/www.martinsdelima.com\/fr\/experiences-et-evaluations-dentreprises\/#breadcrumb"},"inLanguage":"fr-FR","potentialAction":[{"@type":"ReadAction","target":["https:\/\/www.martinsdelima.com\/fr\/experiences-et-evaluations-dentreprises\/"]}]},{"@type":"BreadcrumbList","@id":"https:\/\/www.martinsdelima.com\/fr\/experiences-et-evaluations-dentreprises\/#breadcrumb","itemListElement":[{"@type":"ListItem","position":1,"name":"Page d'accueil","item":"https:\/\/www.martinsdelima.com\/fr\/accueil\/"},{"@type":"ListItem","position":2,"name":"Exp\u00e9riences et \u00e9valuations d\u2019entreprises"}]},{"@type":"WebSite","@id":"https:\/\/www.martinsdelima.com\/fr\/#website","url":"https:\/\/www.martinsdelima.com\/fr\/","name":"Martinsdelima","description":"Forensic&amp;Finance","publisher":{"@id":"https:\/\/www.martinsdelima.com\/fr\/#organization"},"potentialAction":[{"@type":"SearchAction","target":{"@type":"EntryPoint","urlTemplate":"https:\/\/www.martinsdelima.com\/fr\/?s={search_term_string}"},"query-input":{"@type":"PropertyValueSpecification","valueRequired":true,"valueName":"search_term_string"}}],"inLanguage":"fr-FR"},{"@type":"Organization","@id":"https:\/\/www.martinsdelima.com\/fr\/#organization","name":"Martinsdelima","url":"https:\/\/www.martinsdelima.com\/fr\/","logo":{"@type":"ImageObject","inLanguage":"fr-FR","@id":"https:\/\/www.martinsdelima.com\/fr\/#\/schema\/logo\/image\/","url":"https:\/\/mligy6wbr5rs.i.optimole.com\/w:auto\/h:auto\/q:mauto\/f:best\/https:\/\/www.martinsdelima.com\/wp-content\/uploads\/2025\/10\/martinsdelima-letras-claras-horizontal.png","contentUrl":"https:\/\/mligy6wbr5rs.i.optimole.com\/w:auto\/h:auto\/q:mauto\/f:best\/https:\/\/www.martinsdelima.com\/wp-content\/uploads\/2025\/10\/martinsdelima-letras-claras-horizontal.png","width":1315,"height":217,"caption":"Martinsdelima"},"image":{"@id":"https:\/\/www.martinsdelima.com\/fr\/#\/schema\/logo\/image\/"}}]}},"_links":{"self":[{"href":"https:\/\/www.martinsdelima.com\/fr\/wp-json\/wp\/v2\/pages\/10582","targetHints":{"allow":["GET"]}}],"collection":[{"href":"https:\/\/www.martinsdelima.com\/fr\/wp-json\/wp\/v2\/pages"}],"about":[{"href":"https:\/\/www.martinsdelima.com\/fr\/wp-json\/wp\/v2\/types\/page"}],"author":[{"embeddable":true,"href":"https:\/\/www.martinsdelima.com\/fr\/wp-json\/wp\/v2\/users\/1"}],"replies":[{"embeddable":true,"href":"https:\/\/www.martinsdelima.com\/fr\/wp-json\/wp\/v2\/comments?post=10582"}],"version-history":[{"count":2,"href":"https:\/\/www.martinsdelima.com\/fr\/wp-json\/wp\/v2\/pages\/10582\/revisions"}],"predecessor-version":[{"id":11858,"href":"https:\/\/www.martinsdelima.com\/fr\/wp-json\/wp\/v2\/pages\/10582\/revisions\/11858"}],"wp:attachment":[{"href":"https:\/\/www.martinsdelima.com\/fr\/wp-json\/wp\/v2\/media?parent=10582"}],"curies":[{"name":"wp","href":"https:\/\/api.w.org\/{rel}","templated":true}]}}