{"id":10584,"date":"2026-01-07T15:18:09","date_gmt":"2026-01-07T15:18:09","guid":{"rendered":"https:\/\/www.martinsdelima.com\/experiences-agence\/"},"modified":"2026-02-08T18:49:12","modified_gmt":"2026-02-08T18:49:12","slug":"experiences-agence","status":"publish","type":"page","link":"https:\/\/www.martinsdelima.com\/fr\/experiences-agence\/","title":{"rendered":"Exp\u00e9riences Agence"},"content":{"rendered":"\t\t<div data-elementor-type=\"wp-page\" data-elementor-id=\"10584\" class=\"elementor elementor-10584 elementor-8527\" data-elementor-post-type=\"page\">\n\t\t\t\t\t\t<section class=\"elementor-section elementor-top-section elementor-element elementor-element-5861a17 elementor-section-full_width elementor-section-stretched elementor-section-height-min-height elementor-section-height-default elementor-section-items-middle\" data-id=\"5861a17\" data-element_type=\"section\" data-settings=\"{&quot;stretch_section&quot;:&quot;section-stretched&quot;,&quot;background_background&quot;:&quot;classic&quot;}\">\n\t\t\t\t\t\t\t<div class=\"elementor-background-overlay\"><\/div>\n\t\t\t\t\t\t\t<div class=\"elementor-container elementor-column-gap-default\">\n\t\t\t\t\t<div class=\"elementor-column elementor-col-100 elementor-top-column elementor-element elementor-element-ea42bdb\" data-id=\"ea42bdb\" data-element_type=\"column\">\n\t\t\t<div class=\"elementor-widget-wrap elementor-element-populated\">\n\t\t\t\t\t\t<div class=\"elementor-element elementor-element-8924fce elementor-widget elementor-widget-heading\" data-id=\"8924fce\" data-element_type=\"widget\" data-widget_type=\"heading.default\">\n\t\t\t\t<div class=\"elementor-widget-container\">\n\t\t\t\t\t<h2 class=\"elementor-heading-title elementor-size-default\"><b>Exp\u00e9riences<\/b><br><b>Agence et Franchises<\/b><br>Analyse de la situation et calcul de l'indemnisation pour client\u00e8le<\/h2>\t\t\t\t<\/div>\n\t\t\t\t<\/div>\n\t\t\t\t\t<\/div>\n\t\t<\/div>\n\t\t\t\t\t<\/div>\n\t\t<\/section>\n\t\t\t\t<section class=\"elementor-section elementor-top-section elementor-element elementor-element-9dff6a0 elementor-section-boxed elementor-section-height-default elementor-section-height-default\" data-id=\"9dff6a0\" data-element_type=\"section\">\n\t\t\t\t\t\t<div class=\"elementor-container elementor-column-gap-default\">\n\t\t\t\t\t<div class=\"elementor-column elementor-col-100 elementor-top-column elementor-element elementor-element-c3e38d1\" data-id=\"c3e38d1\" data-element_type=\"column\">\n\t\t\t<div class=\"elementor-widget-wrap elementor-element-populated\">\n\t\t\t\t\t\t<div class=\"elementor-element elementor-element-78fa56c elementor-widget elementor-widget-text-editor\" data-id=\"78fa56c\" data-element_type=\"widget\" data-widget_type=\"text-editor.default\">\n\t\t\t\t<div class=\"elementor-widget-container\">\n\t\t\t\t\t\t\t\t\t<h6>Dans le cadre d&rsquo;un arbitrage international, nous avons assist\u00e9 un distributeur exclusif en Espagne de <strong>produits de sant\u00e9 de haute technologie<\/strong> dont l&rsquo;activit\u00e9 d\u00e9pendait, de mani\u00e8re tr\u00e8s majoritaire, d&rsquo;une seule marque (environ 93 % du chiffre d&rsquo;affaires pendant plusieurs ann\u00e9es). Apr\u00e8s la rupture de la relation, le fournisseur a commenc\u00e9 \u00e0 vendre et \u00e0 commercialiser directement sur le territoire et, en outre, a restreint l&rsquo;acc\u00e8s aux outils essentiels de gestion des commandes, aggravant ainsi l&rsquo;impact op\u00e9rationnel du changement. <\/h6><h6>Le litige n&rsquo;\u00e9tait pas seulement contractuel : le c\u0153ur \u00e9conomique \u00e9tait que le fournisseur allait continuer \u00e0 b\u00e9n\u00e9ficier du <strong>\u00ab fonds de commerce \u00bb et de la client\u00e8le<\/strong> cr\u00e9\u00e9e pendant plus d&rsquo;une d\u00e9cennie, tandis que le distributeur perdait d&rsquo;un coup sa capacit\u00e9 d&rsquo;exploiter cette valeur et, en m\u00eame temps, se retrouvait sans une p\u00e9riode r\u00e9aliste pour se repositionner sur le march\u00e9. Dans les secteurs o\u00f9 la confiance, la marque et la continuit\u00e9 du service sont essentielles, ce <strong>\u00ab transfert \u00bb de client\u00e8le a un co\u00fbt quantifiable.<\/strong> <\/h6><h6>Notre mission a consist\u00e9 \u00e0 \u00e9laborer une \u00e9valuation d&rsquo;expert solide et compr\u00e9hensible pour le tribunal, en structurant les dommages selon <strong>deux approches<\/strong> coh\u00e9rentes entre elles : une <strong>\u00e9valuation \u00ab principale \u00bb de la valeur du portefeuille de client\u00e8le perdue<\/strong>, et une <strong>\u00e9valuation \u00ab alternative \u00bb bas\u00e9e sur des manquements concrets au contrat<\/strong> (absence de pr\u00e9avis, non-concurrence, etc.), compl\u00e9t\u00e9es par des co\u00fbts irr\u00e9cup\u00e9rables et des int\u00e9r\u00eats.<\/h6><h6>Dans l&rsquo;\u00e9valuation principale, nous avons calcul\u00e9 la <strong>valeur actuelle du portefeuille de client\u00e8le<\/strong> au moyen d&rsquo;un <strong>DCF<\/strong> : nous avons estim\u00e9 la <strong>marge de contribution attribuable \u00e0 la marque<\/strong>, nous avons projet\u00e9 sa g\u00e9n\u00e9ration future pendant une <strong>dur\u00e9e de vie moyenne du client<\/strong> et nous avons actualis\u00e9 ces flux avec un taux d\u00e9riv\u00e9 du <strong>CAPM<\/strong> (taux sans risque, b\u00eata et prime de march\u00e9), en int\u00e9grant l&rsquo;<strong>inflation<\/strong>. Cette approche a permis d&rsquo;aboutir \u00e0 une quantification robuste de la valeur \u00e9conomique de la client\u00e8le, avec une approche d\u00e9lib\u00e9r\u00e9ment conservatrice. <\/h6><h6>Parall\u00e8lement, nous avons justifi\u00e9 et quantifi\u00e9 les <strong>co\u00fbts irr\u00e9cup\u00e9rables<\/strong> directement li\u00e9s \u00e0 l&rsquo;activit\u00e9 (stocks et investissements sp\u00e9cifiques), afin de compl\u00e9ter le pr\u00e9judice patrimonial par des preuves v\u00e9rifiables. En outre, dans l&rsquo;\u00e9valuation alternative, nous avons int\u00e9gr\u00e9 des compensations \u00e9quivalentes \u00e0 <strong>un an de r\u00e9mun\u00e9ration<\/strong> <strong>pour absence de pr\u00e9avis et pour violation de la p\u00e9riode de non-concurrence<\/strong>, et nous avons ajout\u00e9 une indemnit\u00e9 de goodwill\/licenciement conform\u00e9ment \u00e0 la <strong>r\u00e9glementation du pays des agents commerciaux<\/strong>, \u00e9galement limit\u00e9e \u00e0 un an, calcul\u00e9e sur la base des moyennes des cinq derni\u00e8res ann\u00e9es. <\/h6><h6>Le r\u00e9sultat a \u00e9t\u00e9 une quantification coh\u00e9rente entre les deux m\u00e9thodes (principale et alternative), renfor\u00e7ant la cr\u00e9dibilit\u00e9 de l&rsquo;analyse et \u00e9vitant de d\u00e9pendre d&rsquo;une seule hypoth\u00e8se. En termes agr\u00e9g\u00e9s, nos estimations situaient la compensation, y compris les \u00e9l\u00e9ments de <strong>client\u00e8le, les co\u00fbts irr\u00e9cup\u00e9rables et les int\u00e9r\u00eats<\/strong>, avec une approche prudente (par exemple, en maintenant l&rsquo;effet n\u00e9gatif de 2020 dans les moyennes). <\/h6><h6>En pratique, ce travail a donn\u00e9 au client une <strong>base d&rsquo;expertise extraordinairement d\u00e9fendable<\/strong> : nous avons reli\u00e9 les faits, le contrat et la r\u00e9glementation applicable \u00e0 une <strong>\u00e9valuation financi\u00e8re standard et transparente<\/strong>, expliqu\u00e9e de mani\u00e8re claire et avec des hypoth\u00e8ses conservatrices, afin de soutenir fermement la r\u00e9clamation et d&rsquo;am\u00e9liorer de mani\u00e8re substantielle sa position proc\u00e9durale et de n\u00e9gociation.<\/h6>\t\t\t\t\t\t\t\t<\/div>\n\t\t\t\t<\/div>\n\t\t\t\t\t<\/div>\n\t\t<\/div>\n\t\t\t\t\t<\/div>\n\t\t<\/section>\n\t\t\t\t<\/div>\n\t\t","protected":false},"excerpt":{"rendered":"<p>Exp\u00e9riencesAgence et FranchisesAnalyse de la situation et calcul de l&rsquo;indemnisation pour client\u00e8le Dans le cadre d&rsquo;un arbitrage international, nous avons assist\u00e9 un distributeur exclusif en Espagne de produits de sant\u00e9 de haute technologie dont l&rsquo;activit\u00e9 d\u00e9pendait, de mani\u00e8re tr\u00e8s majoritaire, d&rsquo;une seule marque (environ 93 % du chiffre d&rsquo;affaires pendant [&hellip;]<\/p>\n","protected":false},"author":1,"featured_media":0,"parent":0,"menu_order":0,"comment_status":"closed","ping_status":"closed","template":"page-templates\/template-pagebuilder-full-width.php","meta":{"footnotes":""},"class_list":["post-10584","page","type-page","status-publish","hentry"],"yoast_head":"<!-- This site is optimized with the Yoast SEO plugin v26.4 - https:\/\/yoast.com\/wordpress\/plugins\/seo\/ -->\n<title>Exp\u00e9riences Agence - Martinsdelima<\/title>\n<meta name=\"robots\" content=\"index, follow, max-snippet:-1, max-image-preview:large, max-video-preview:-1\" \/>\n<link rel=\"canonical\" href=\"https:\/\/www.martinsdelima.com\/fr\/experiences-agence\/\" \/>\n<meta property=\"og:locale\" content=\"fr_FR\" \/>\n<meta property=\"og:type\" content=\"article\" \/>\n<meta property=\"og:title\" content=\"Exp\u00e9riences Agence - Martinsdelima\" \/>\n<meta property=\"og:description\" content=\"Exp\u00e9riencesAgence et FranchisesAnalyse de la situation et calcul de l&rsquo;indemnisation pour client\u00e8le Dans le cadre d&rsquo;un arbitrage international, nous avons assist\u00e9 un distributeur exclusif en Espagne de produits de sant\u00e9 de haute technologie dont l&rsquo;activit\u00e9 d\u00e9pendait, de mani\u00e8re tr\u00e8s majoritaire, d&rsquo;une seule marque (environ 93 % du chiffre d&rsquo;affaires pendant [&hellip;]\" \/>\n<meta property=\"og:url\" content=\"https:\/\/www.martinsdelima.com\/fr\/experiences-agence\/\" \/>\n<meta property=\"og:site_name\" content=\"Martinsdelima\" \/>\n<meta property=\"article:modified_time\" content=\"2026-02-08T18:49:12+00:00\" \/>\n<meta name=\"twitter:card\" content=\"summary_large_image\" \/>\n<meta name=\"twitter:label1\" content=\"Dur\u00e9e de lecture estim\u00e9e\" \/>\n\t<meta name=\"twitter:data1\" content=\"3 minutes\" \/>\n<script type=\"application\/ld+json\" class=\"yoast-schema-graph\">{\"@context\":\"https:\/\/schema.org\",\"@graph\":[{\"@type\":\"WebPage\",\"@id\":\"https:\/\/www.martinsdelima.com\/fr\/experiences-agence\/\",\"url\":\"https:\/\/www.martinsdelima.com\/fr\/experiences-agence\/\",\"name\":\"Exp\u00e9riences Agence - Martinsdelima\",\"isPartOf\":{\"@id\":\"https:\/\/www.martinsdelima.com\/fr\/#website\"},\"datePublished\":\"2026-01-07T15:18:09+00:00\",\"dateModified\":\"2026-02-08T18:49:12+00:00\",\"breadcrumb\":{\"@id\":\"https:\/\/www.martinsdelima.com\/fr\/experiences-agence\/#breadcrumb\"},\"inLanguage\":\"fr-FR\",\"potentialAction\":[{\"@type\":\"ReadAction\",\"target\":[\"https:\/\/www.martinsdelima.com\/fr\/experiences-agence\/\"]}]},{\"@type\":\"BreadcrumbList\",\"@id\":\"https:\/\/www.martinsdelima.com\/fr\/experiences-agence\/#breadcrumb\",\"itemListElement\":[{\"@type\":\"ListItem\",\"position\":1,\"name\":\"Page d'accueil\",\"item\":\"https:\/\/www.martinsdelima.com\/fr\/accueil\/\"},{\"@type\":\"ListItem\",\"position\":2,\"name\":\"Exp\u00e9riences Agence\"}]},{\"@type\":\"WebSite\",\"@id\":\"https:\/\/www.martinsdelima.com\/fr\/#website\",\"url\":\"https:\/\/www.martinsdelima.com\/fr\/\",\"name\":\"Martinsdelima\",\"description\":\"Forensic&amp;Finance\",\"publisher\":{\"@id\":\"https:\/\/www.martinsdelima.com\/fr\/#organization\"},\"potentialAction\":[{\"@type\":\"SearchAction\",\"target\":{\"@type\":\"EntryPoint\",\"urlTemplate\":\"https:\/\/www.martinsdelima.com\/fr\/?s={search_term_string}\"},\"query-input\":{\"@type\":\"PropertyValueSpecification\",\"valueRequired\":true,\"valueName\":\"search_term_string\"}}],\"inLanguage\":\"fr-FR\"},{\"@type\":\"Organization\",\"@id\":\"https:\/\/www.martinsdelima.com\/fr\/#organization\",\"name\":\"Martinsdelima\",\"url\":\"https:\/\/www.martinsdelima.com\/fr\/\",\"logo\":{\"@type\":\"ImageObject\",\"inLanguage\":\"fr-FR\",\"@id\":\"https:\/\/www.martinsdelima.com\/fr\/#\/schema\/logo\/image\/\",\"url\":\"https:\/\/mligy6wbr5rs.i.optimole.com\/w:auto\/h:auto\/q:mauto\/f:best\/https:\/\/www.martinsdelima.com\/wp-content\/uploads\/2025\/10\/martinsdelima-letras-claras-horizontal.png\",\"contentUrl\":\"https:\/\/mligy6wbr5rs.i.optimole.com\/w:auto\/h:auto\/q:mauto\/f:best\/https:\/\/www.martinsdelima.com\/wp-content\/uploads\/2025\/10\/martinsdelima-letras-claras-horizontal.png\",\"width\":1315,\"height\":217,\"caption\":\"Martinsdelima\"},\"image\":{\"@id\":\"https:\/\/www.martinsdelima.com\/fr\/#\/schema\/logo\/image\/\"}}]}<\/script>\n<!-- \/ Yoast SEO plugin. -->","yoast_head_json":{"title":"Exp\u00e9riences Agence - Martinsdelima","robots":{"index":"index","follow":"follow","max-snippet":"max-snippet:-1","max-image-preview":"max-image-preview:large","max-video-preview":"max-video-preview:-1"},"canonical":"https:\/\/www.martinsdelima.com\/fr\/experiences-agence\/","og_locale":"fr_FR","og_type":"article","og_title":"Exp\u00e9riences Agence - Martinsdelima","og_description":"Exp\u00e9riencesAgence et FranchisesAnalyse de la situation et calcul de l&rsquo;indemnisation pour client\u00e8le Dans le cadre d&rsquo;un arbitrage international, nous avons assist\u00e9 un distributeur exclusif en Espagne de produits de sant\u00e9 de haute technologie dont l&rsquo;activit\u00e9 d\u00e9pendait, de mani\u00e8re tr\u00e8s majoritaire, d&rsquo;une seule marque (environ 93 % du chiffre d&rsquo;affaires pendant [&hellip;]","og_url":"https:\/\/www.martinsdelima.com\/fr\/experiences-agence\/","og_site_name":"Martinsdelima","article_modified_time":"2026-02-08T18:49:12+00:00","twitter_card":"summary_large_image","twitter_misc":{"Dur\u00e9e de lecture estim\u00e9e":"3 minutes"},"schema":{"@context":"https:\/\/schema.org","@graph":[{"@type":"WebPage","@id":"https:\/\/www.martinsdelima.com\/fr\/experiences-agence\/","url":"https:\/\/www.martinsdelima.com\/fr\/experiences-agence\/","name":"Exp\u00e9riences Agence - Martinsdelima","isPartOf":{"@id":"https:\/\/www.martinsdelima.com\/fr\/#website"},"datePublished":"2026-01-07T15:18:09+00:00","dateModified":"2026-02-08T18:49:12+00:00","breadcrumb":{"@id":"https:\/\/www.martinsdelima.com\/fr\/experiences-agence\/#breadcrumb"},"inLanguage":"fr-FR","potentialAction":[{"@type":"ReadAction","target":["https:\/\/www.martinsdelima.com\/fr\/experiences-agence\/"]}]},{"@type":"BreadcrumbList","@id":"https:\/\/www.martinsdelima.com\/fr\/experiences-agence\/#breadcrumb","itemListElement":[{"@type":"ListItem","position":1,"name":"Page d'accueil","item":"https:\/\/www.martinsdelima.com\/fr\/accueil\/"},{"@type":"ListItem","position":2,"name":"Exp\u00e9riences Agence"}]},{"@type":"WebSite","@id":"https:\/\/www.martinsdelima.com\/fr\/#website","url":"https:\/\/www.martinsdelima.com\/fr\/","name":"Martinsdelima","description":"Forensic&amp;Finance","publisher":{"@id":"https:\/\/www.martinsdelima.com\/fr\/#organization"},"potentialAction":[{"@type":"SearchAction","target":{"@type":"EntryPoint","urlTemplate":"https:\/\/www.martinsdelima.com\/fr\/?s={search_term_string}"},"query-input":{"@type":"PropertyValueSpecification","valueRequired":true,"valueName":"search_term_string"}}],"inLanguage":"fr-FR"},{"@type":"Organization","@id":"https:\/\/www.martinsdelima.com\/fr\/#organization","name":"Martinsdelima","url":"https:\/\/www.martinsdelima.com\/fr\/","logo":{"@type":"ImageObject","inLanguage":"fr-FR","@id":"https:\/\/www.martinsdelima.com\/fr\/#\/schema\/logo\/image\/","url":"https:\/\/mligy6wbr5rs.i.optimole.com\/w:auto\/h:auto\/q:mauto\/f:best\/https:\/\/www.martinsdelima.com\/wp-content\/uploads\/2025\/10\/martinsdelima-letras-claras-horizontal.png","contentUrl":"https:\/\/mligy6wbr5rs.i.optimole.com\/w:auto\/h:auto\/q:mauto\/f:best\/https:\/\/www.martinsdelima.com\/wp-content\/uploads\/2025\/10\/martinsdelima-letras-claras-horizontal.png","width":1315,"height":217,"caption":"Martinsdelima"},"image":{"@id":"https:\/\/www.martinsdelima.com\/fr\/#\/schema\/logo\/image\/"}}]}},"_links":{"self":[{"href":"https:\/\/www.martinsdelima.com\/fr\/wp-json\/wp\/v2\/pages\/10584","targetHints":{"allow":["GET"]}}],"collection":[{"href":"https:\/\/www.martinsdelima.com\/fr\/wp-json\/wp\/v2\/pages"}],"about":[{"href":"https:\/\/www.martinsdelima.com\/fr\/wp-json\/wp\/v2\/types\/page"}],"author":[{"embeddable":true,"href":"https:\/\/www.martinsdelima.com\/fr\/wp-json\/wp\/v2\/users\/1"}],"replies":[{"embeddable":true,"href":"https:\/\/www.martinsdelima.com\/fr\/wp-json\/wp\/v2\/comments?post=10584"}],"version-history":[{"count":1,"href":"https:\/\/www.martinsdelima.com\/fr\/wp-json\/wp\/v2\/pages\/10584\/revisions"}],"predecessor-version":[{"id":10585,"href":"https:\/\/www.martinsdelima.com\/fr\/wp-json\/wp\/v2\/pages\/10584\/revisions\/10585"}],"wp:attachment":[{"href":"https:\/\/www.martinsdelima.com\/fr\/wp-json\/wp\/v2\/media?parent=10584"}],"curies":[{"name":"wp","href":"https:\/\/api.w.org\/{rel}","templated":true}]}}