{"id":10739,"date":"2026-01-07T13:55:38","date_gmt":"2026-01-07T13:55:38","guid":{"rendered":"https:\/\/www.martinsdelima.com\/acquisition-de-centrales-denergies-renouvelables\/"},"modified":"2026-02-08T20:02:19","modified_gmt":"2026-02-08T20:02:19","slug":"acquisition-de-centrales-denergies-renouvelables","status":"publish","type":"page","link":"https:\/\/www.martinsdelima.com\/fr\/acquisition-de-centrales-denergies-renouvelables\/","title":{"rendered":"Acquisition de centrales d&rsquo;\u00e9nergies renouvelables"},"content":{"rendered":"\t\t<div data-elementor-type=\"wp-page\" data-elementor-id=\"10739\" class=\"elementor elementor-10739 elementor-8444\" data-elementor-post-type=\"page\">\n\t\t\t\t\t\t<section class=\"elementor-section elementor-top-section elementor-element elementor-element-5861a17 elementor-section-full_width elementor-section-stretched elementor-section-height-min-height elementor-section-height-default elementor-section-items-middle\" data-id=\"5861a17\" data-element_type=\"section\" data-settings=\"{&quot;stretch_section&quot;:&quot;section-stretched&quot;,&quot;background_background&quot;:&quot;classic&quot;}\">\n\t\t\t\t\t\t\t<div class=\"elementor-background-overlay\"><\/div>\n\t\t\t\t\t\t\t<div class=\"elementor-container elementor-column-gap-default\">\n\t\t\t\t\t<div class=\"elementor-column elementor-col-100 elementor-top-column elementor-element elementor-element-ea42bdb\" data-id=\"ea42bdb\" data-element_type=\"column\">\n\t\t\t<div class=\"elementor-widget-wrap elementor-element-populated\">\n\t\t\t\t\t\t<div class=\"elementor-element elementor-element-8924fce elementor-widget elementor-widget-heading\" data-id=\"8924fce\" data-element_type=\"widget\" data-widget_type=\"heading.default\">\n\t\t\t\t<div class=\"elementor-widget-container\">\n\t\t\t\t\t<h2 class=\"elementor-heading-title elementor-size-default\"><b>Exp\u00e9riences<\/b><br><b>\u00c9valuation des dommages<\/b><br>Acquisition de centrales d'\u00e9nergies renouvelables. Analyse technique, r\u00e9glementaire et \u00e9conomique <\/h2>\t\t\t\t<\/div>\n\t\t\t\t<\/div>\n\t\t\t\t\t<\/div>\n\t\t<\/div>\n\t\t\t\t\t<\/div>\n\t\t<\/section>\n\t\t\t\t<section class=\"elementor-section elementor-top-section elementor-element elementor-element-9dff6a0 elementor-section-boxed elementor-section-height-default elementor-section-height-default\" data-id=\"9dff6a0\" data-element_type=\"section\">\n\t\t\t\t\t\t<div class=\"elementor-container elementor-column-gap-default\">\n\t\t\t\t\t<div class=\"elementor-column elementor-col-100 elementor-top-column elementor-element elementor-element-c3e38d1\" data-id=\"c3e38d1\" data-element_type=\"column\">\n\t\t\t<div class=\"elementor-widget-wrap elementor-element-populated\">\n\t\t\t\t\t\t<div class=\"elementor-element elementor-element-78fa56c elementor-widget elementor-widget-text-editor\" data-id=\"78fa56c\" data-element_type=\"widget\" data-widget_type=\"text-editor.default\">\n\t\t\t\t<div class=\"elementor-widget-container\">\n\t\t\t\t\t\t\t\t\t<h6>Dans une affaire r\u00e9cente du secteur des \u00e9nergies renouvelables, une op\u00e9ration d&rsquo;achat-vente de 100 % d&rsquo;une <strong>soci\u00e9t\u00e9 propri\u00e9taire de plusieurs projets<\/strong> a \u00e9t\u00e9 entach\u00e9e d&rsquo;une controverse apr\u00e8s la cl\u00f4ture&nbsp;: l&rsquo;<strong>acheteur a contest\u00e9 une caract\u00e9ristique technique<\/strong> essentielle de l&rsquo;un des projets et a affirm\u00e9 que, de ce fait, la valeur pay\u00e9e devait \u00eatre ajust\u00e9e.<\/h6><h6>Le d\u00e9saccord s&rsquo;est rapidement intensifi\u00e9, car l&rsquo;acheteur a fini par r\u00e9clamer un <strong>pr\u00e9judice \u00e9conomique important<\/strong> et, de plus, <strong>a retenu une partie du prix diff\u00e9r\u00e9<\/strong> convenu dans le contrat. La discussion s&rsquo;appuyait sur des rapports et des communications crois\u00e9es entre les parties, et a d\u00e9bouch\u00e9 sur un sc\u00e9nario clairement pr\u00e9contentieux, avec une demande d\u00e9pos\u00e9e par la partie vendeuse pour r\u00e9clamer le montant retenu. <\/h6><h6>Dans ce contexte, martinsdelima a \u00e9t\u00e9 d\u00e9sign\u00e9 pour apporter une vision d&rsquo;expert ind\u00e9pendante, orient\u00e9e vers deux objectifs&nbsp;:<\/h6><h6>(i) <strong>examiner de mani\u00e8re critique la base technique et \u00e9conomique<\/strong> de la r\u00e9clamation adverse<\/h6><h6>(ii) <strong>quantifier<\/strong>, avec une m\u00e9thodologie robuste, le <strong>dommage<\/strong> r\u00e9ellement subi par notre client en relation avec cette retenue et avec les cons\u00e9quences \u00e9conomiques associ\u00e9es.<\/h6><h6>La <strong>m\u00e9thodologie<\/strong> a combin\u00e9 <strong>l&rsquo;analyse documentaire et la v\u00e9rification technique et r\u00e9glementaire<\/strong>. Nous avons examin\u00e9 la documentation \u00e9chang\u00e9e lors de la due diligence et l&rsquo;<strong>\u00e9tat r\u00e9el du projet<\/strong> \u00e0 la date de la transaction, en comparant ce qui a \u00e9t\u00e9 \u00ab&nbsp;communiqu\u00e9&nbsp;\u00bb \u00e0 ce qui a \u00e9t\u00e9 effectivement prouv\u00e9. Parall\u00e8lement, nous avons analys\u00e9 le <strong>cadre normatif<\/strong> applicable et les <strong>\u00e9tapes administratives<\/strong> importantes pour \u00e9valuer si l&rsquo;interpr\u00e9tation technique de la contrepartie \u00e9tait coh\u00e9rente avec la r\u00e9alit\u00e9 du dossier et avec la r\u00e9glementation sectorielle. <\/h6><h6>Un point distinctif du travail a \u00e9t\u00e9 la <strong>r\u00e9futation<\/strong> <strong>fond\u00e9e<\/strong> des <strong>rapports<\/strong> <strong>contraires<\/strong>, en identifiant les omissions, les biais et les conclusions qui ne se justifiaient pas lors de la reconstitution de la s\u00e9quence temporelle et documentaire du projet. Par exemple, nous avons d\u00e9montr\u00e9 comment une <strong>approche partielle pouvait induire \u00e0 qualifier erron\u00e9ment l&rsquo;\u00e9tat de l&rsquo;actif<\/strong>, et comment il \u00e9tait indispensable d&rsquo;\u00e9valuer le projet de mani\u00e8re globale et avec des crit\u00e8res v\u00e9rifiables, en \u00e9vitant les simplifications qui d\u00e9forment la r\u00e9alit\u00e9 \u00e9conomique. <\/h6><h6>Le r\u00e9sultat a \u00e9t\u00e9 un rapport d&rsquo;expertise con\u00e7u pour soutenir une position proc\u00e9durale et de n\u00e9gociation solide&nbsp;: une narration claire, techniquement coh\u00e9rente, et une quantification d\u00e9fendable qui permet de discuter d&rsquo;\u00e9gal \u00e0 \u00e9gal avec les cabinets de conseil et les experts de la contrepartie. En pratique, ce type de travail est ce qui fait la diff\u00e9rence lorsqu&rsquo;il y a des montants importants retenus et que la <strong>controverse exige de transformer un d\u00e9bat technique complexe en conclusions compr\u00e9hensibles et utilisables<\/strong> dans la n\u00e9gociation et en salle d&rsquo;audience. <\/h6>\t\t\t\t\t\t\t\t<\/div>\n\t\t\t\t<\/div>\n\t\t\t\t\t<\/div>\n\t\t<\/div>\n\t\t\t\t\t<\/div>\n\t\t<\/section>\n\t\t\t\t<\/div>\n\t\t","protected":false},"excerpt":{"rendered":"<p>Exp\u00e9riences\u00c9valuation des dommagesAcquisition de centrales d&rsquo;\u00e9nergies renouvelables. Analyse technique, r\u00e9glementaire et \u00e9conomique Dans une affaire r\u00e9cente du secteur des \u00e9nergies renouvelables, une op\u00e9ration d&rsquo;achat-vente de 100 % d&rsquo;une soci\u00e9t\u00e9 propri\u00e9taire de plusieurs projets a \u00e9t\u00e9 entach\u00e9e d&rsquo;une controverse apr\u00e8s la cl\u00f4ture&nbsp;: l&rsquo;acheteur a contest\u00e9 une caract\u00e9ristique technique essentielle de l&rsquo;un [&hellip;]<\/p>\n","protected":false},"author":1,"featured_media":0,"parent":0,"menu_order":0,"comment_status":"closed","ping_status":"closed","template":"page-templates\/template-pagebuilder-full-width.php","meta":{"footnotes":""},"class_list":["post-10739","page","type-page","status-publish","hentry"],"yoast_head":"<!-- This site is optimized with the Yoast SEO plugin v26.4 - https:\/\/yoast.com\/wordpress\/plugins\/seo\/ -->\n<title>Acquisition de centrales d&#039;\u00e9nergies renouvelables - Martinsdelima<\/title>\n<meta name=\"robots\" content=\"index, follow, max-snippet:-1, max-image-preview:large, max-video-preview:-1\" \/>\n<link rel=\"canonical\" href=\"https:\/\/www.martinsdelima.com\/fr\/acquisition-de-centrales-denergies-renouvelables\/\" \/>\n<meta property=\"og:locale\" content=\"fr_FR\" \/>\n<meta property=\"og:type\" content=\"article\" \/>\n<meta property=\"og:title\" content=\"Acquisition de centrales d&#039;\u00e9nergies renouvelables - Martinsdelima\" \/>\n<meta property=\"og:description\" content=\"Exp\u00e9riences\u00c9valuation des dommagesAcquisition de centrales d&rsquo;\u00e9nergies renouvelables. Analyse technique, r\u00e9glementaire et \u00e9conomique Dans une affaire r\u00e9cente du secteur des \u00e9nergies renouvelables, une op\u00e9ration d&rsquo;achat-vente de 100 % d&rsquo;une soci\u00e9t\u00e9 propri\u00e9taire de plusieurs projets a \u00e9t\u00e9 entach\u00e9e d&rsquo;une controverse apr\u00e8s la cl\u00f4ture&nbsp;: l&rsquo;acheteur a contest\u00e9 une caract\u00e9ristique technique essentielle de l&rsquo;un [&hellip;]\" \/>\n<meta property=\"og:url\" content=\"https:\/\/www.martinsdelima.com\/fr\/acquisition-de-centrales-denergies-renouvelables\/\" \/>\n<meta property=\"og:site_name\" content=\"Martinsdelima\" \/>\n<meta property=\"article:modified_time\" content=\"2026-02-08T20:02:19+00:00\" \/>\n<meta name=\"twitter:card\" content=\"summary_large_image\" \/>\n<meta name=\"twitter:label1\" content=\"Dur\u00e9e de lecture estim\u00e9e\" \/>\n\t<meta name=\"twitter:data1\" content=\"2 minutes\" \/>\n<script type=\"application\/ld+json\" class=\"yoast-schema-graph\">{\"@context\":\"https:\/\/schema.org\",\"@graph\":[{\"@type\":\"WebPage\",\"@id\":\"https:\/\/www.martinsdelima.com\/fr\/acquisition-de-centrales-denergies-renouvelables\/\",\"url\":\"https:\/\/www.martinsdelima.com\/fr\/acquisition-de-centrales-denergies-renouvelables\/\",\"name\":\"Acquisition de centrales d'\u00e9nergies renouvelables - Martinsdelima\",\"isPartOf\":{\"@id\":\"https:\/\/www.martinsdelima.com\/fr\/#website\"},\"datePublished\":\"2026-01-07T13:55:38+00:00\",\"dateModified\":\"2026-02-08T20:02:19+00:00\",\"breadcrumb\":{\"@id\":\"https:\/\/www.martinsdelima.com\/fr\/acquisition-de-centrales-denergies-renouvelables\/#breadcrumb\"},\"inLanguage\":\"fr-FR\",\"potentialAction\":[{\"@type\":\"ReadAction\",\"target\":[\"https:\/\/www.martinsdelima.com\/fr\/acquisition-de-centrales-denergies-renouvelables\/\"]}]},{\"@type\":\"BreadcrumbList\",\"@id\":\"https:\/\/www.martinsdelima.com\/fr\/acquisition-de-centrales-denergies-renouvelables\/#breadcrumb\",\"itemListElement\":[{\"@type\":\"ListItem\",\"position\":1,\"name\":\"Page d'accueil\",\"item\":\"https:\/\/www.martinsdelima.com\/fr\/accueil\/\"},{\"@type\":\"ListItem\",\"position\":2,\"name\":\"Acquisition de centrales d\u2019\u00e9nergies renouvelables\"}]},{\"@type\":\"WebSite\",\"@id\":\"https:\/\/www.martinsdelima.com\/fr\/#website\",\"url\":\"https:\/\/www.martinsdelima.com\/fr\/\",\"name\":\"Martinsdelima\",\"description\":\"Forensic&amp;Finance\",\"publisher\":{\"@id\":\"https:\/\/www.martinsdelima.com\/fr\/#organization\"},\"potentialAction\":[{\"@type\":\"SearchAction\",\"target\":{\"@type\":\"EntryPoint\",\"urlTemplate\":\"https:\/\/www.martinsdelima.com\/fr\/?s={search_term_string}\"},\"query-input\":{\"@type\":\"PropertyValueSpecification\",\"valueRequired\":true,\"valueName\":\"search_term_string\"}}],\"inLanguage\":\"fr-FR\"},{\"@type\":\"Organization\",\"@id\":\"https:\/\/www.martinsdelima.com\/fr\/#organization\",\"name\":\"Martinsdelima\",\"url\":\"https:\/\/www.martinsdelima.com\/fr\/\",\"logo\":{\"@type\":\"ImageObject\",\"inLanguage\":\"fr-FR\",\"@id\":\"https:\/\/www.martinsdelima.com\/fr\/#\/schema\/logo\/image\/\",\"url\":\"https:\/\/mligy6wbr5rs.i.optimole.com\/w:auto\/h:auto\/q:mauto\/f:best\/https:\/\/www.martinsdelima.com\/wp-content\/uploads\/2025\/10\/martinsdelima-letras-claras-horizontal.png\",\"contentUrl\":\"https:\/\/mligy6wbr5rs.i.optimole.com\/w:auto\/h:auto\/q:mauto\/f:best\/https:\/\/www.martinsdelima.com\/wp-content\/uploads\/2025\/10\/martinsdelima-letras-claras-horizontal.png\",\"width\":1315,\"height\":217,\"caption\":\"Martinsdelima\"},\"image\":{\"@id\":\"https:\/\/www.martinsdelima.com\/fr\/#\/schema\/logo\/image\/\"}}]}<\/script>\n<!-- \/ Yoast SEO plugin. -->","yoast_head_json":{"title":"Acquisition de centrales d'\u00e9nergies renouvelables - Martinsdelima","robots":{"index":"index","follow":"follow","max-snippet":"max-snippet:-1","max-image-preview":"max-image-preview:large","max-video-preview":"max-video-preview:-1"},"canonical":"https:\/\/www.martinsdelima.com\/fr\/acquisition-de-centrales-denergies-renouvelables\/","og_locale":"fr_FR","og_type":"article","og_title":"Acquisition de centrales d'\u00e9nergies renouvelables - Martinsdelima","og_description":"Exp\u00e9riences\u00c9valuation des dommagesAcquisition de centrales d&rsquo;\u00e9nergies renouvelables. Analyse technique, r\u00e9glementaire et \u00e9conomique Dans une affaire r\u00e9cente du secteur des \u00e9nergies renouvelables, une op\u00e9ration d&rsquo;achat-vente de 100 % d&rsquo;une soci\u00e9t\u00e9 propri\u00e9taire de plusieurs projets a \u00e9t\u00e9 entach\u00e9e d&rsquo;une controverse apr\u00e8s la cl\u00f4ture&nbsp;: l&rsquo;acheteur a contest\u00e9 une caract\u00e9ristique technique essentielle de l&rsquo;un [&hellip;]","og_url":"https:\/\/www.martinsdelima.com\/fr\/acquisition-de-centrales-denergies-renouvelables\/","og_site_name":"Martinsdelima","article_modified_time":"2026-02-08T20:02:19+00:00","twitter_card":"summary_large_image","twitter_misc":{"Dur\u00e9e de lecture estim\u00e9e":"2 minutes"},"schema":{"@context":"https:\/\/schema.org","@graph":[{"@type":"WebPage","@id":"https:\/\/www.martinsdelima.com\/fr\/acquisition-de-centrales-denergies-renouvelables\/","url":"https:\/\/www.martinsdelima.com\/fr\/acquisition-de-centrales-denergies-renouvelables\/","name":"Acquisition de centrales d'\u00e9nergies renouvelables - Martinsdelima","isPartOf":{"@id":"https:\/\/www.martinsdelima.com\/fr\/#website"},"datePublished":"2026-01-07T13:55:38+00:00","dateModified":"2026-02-08T20:02:19+00:00","breadcrumb":{"@id":"https:\/\/www.martinsdelima.com\/fr\/acquisition-de-centrales-denergies-renouvelables\/#breadcrumb"},"inLanguage":"fr-FR","potentialAction":[{"@type":"ReadAction","target":["https:\/\/www.martinsdelima.com\/fr\/acquisition-de-centrales-denergies-renouvelables\/"]}]},{"@type":"BreadcrumbList","@id":"https:\/\/www.martinsdelima.com\/fr\/acquisition-de-centrales-denergies-renouvelables\/#breadcrumb","itemListElement":[{"@type":"ListItem","position":1,"name":"Page d'accueil","item":"https:\/\/www.martinsdelima.com\/fr\/accueil\/"},{"@type":"ListItem","position":2,"name":"Acquisition de centrales d\u2019\u00e9nergies renouvelables"}]},{"@type":"WebSite","@id":"https:\/\/www.martinsdelima.com\/fr\/#website","url":"https:\/\/www.martinsdelima.com\/fr\/","name":"Martinsdelima","description":"Forensic&amp;Finance","publisher":{"@id":"https:\/\/www.martinsdelima.com\/fr\/#organization"},"potentialAction":[{"@type":"SearchAction","target":{"@type":"EntryPoint","urlTemplate":"https:\/\/www.martinsdelima.com\/fr\/?s={search_term_string}"},"query-input":{"@type":"PropertyValueSpecification","valueRequired":true,"valueName":"search_term_string"}}],"inLanguage":"fr-FR"},{"@type":"Organization","@id":"https:\/\/www.martinsdelima.com\/fr\/#organization","name":"Martinsdelima","url":"https:\/\/www.martinsdelima.com\/fr\/","logo":{"@type":"ImageObject","inLanguage":"fr-FR","@id":"https:\/\/www.martinsdelima.com\/fr\/#\/schema\/logo\/image\/","url":"https:\/\/mligy6wbr5rs.i.optimole.com\/w:auto\/h:auto\/q:mauto\/f:best\/https:\/\/www.martinsdelima.com\/wp-content\/uploads\/2025\/10\/martinsdelima-letras-claras-horizontal.png","contentUrl":"https:\/\/mligy6wbr5rs.i.optimole.com\/w:auto\/h:auto\/q:mauto\/f:best\/https:\/\/www.martinsdelima.com\/wp-content\/uploads\/2025\/10\/martinsdelima-letras-claras-horizontal.png","width":1315,"height":217,"caption":"Martinsdelima"},"image":{"@id":"https:\/\/www.martinsdelima.com\/fr\/#\/schema\/logo\/image\/"}}]}},"_links":{"self":[{"href":"https:\/\/www.martinsdelima.com\/fr\/wp-json\/wp\/v2\/pages\/10739","targetHints":{"allow":["GET"]}}],"collection":[{"href":"https:\/\/www.martinsdelima.com\/fr\/wp-json\/wp\/v2\/pages"}],"about":[{"href":"https:\/\/www.martinsdelima.com\/fr\/wp-json\/wp\/v2\/types\/page"}],"author":[{"embeddable":true,"href":"https:\/\/www.martinsdelima.com\/fr\/wp-json\/wp\/v2\/users\/1"}],"replies":[{"embeddable":true,"href":"https:\/\/www.martinsdelima.com\/fr\/wp-json\/wp\/v2\/comments?post=10739"}],"version-history":[{"count":1,"href":"https:\/\/www.martinsdelima.com\/fr\/wp-json\/wp\/v2\/pages\/10739\/revisions"}],"predecessor-version":[{"id":10741,"href":"https:\/\/www.martinsdelima.com\/fr\/wp-json\/wp\/v2\/pages\/10739\/revisions\/10741"}],"wp:attachment":[{"href":"https:\/\/www.martinsdelima.com\/fr\/wp-json\/wp\/v2\/media?parent=10739"}],"curies":[{"name":"wp","href":"https:\/\/api.w.org\/{rel}","templated":true}]}}