{"id":10752,"date":"2026-01-04T11:41:08","date_gmt":"2026-01-04T11:41:08","guid":{"rendered":"https:\/\/www.martinsdelima.com\/restructurations\/"},"modified":"2026-02-12T10:31:01","modified_gmt":"2026-02-12T10:31:01","slug":"restructurations","status":"publish","type":"page","link":"https:\/\/www.martinsdelima.com\/fr\/restructurations\/","title":{"rendered":"Restructurations"},"content":{"rendered":"\t\t<div data-elementor-type=\"wp-page\" data-elementor-id=\"10752\" class=\"elementor elementor-10752 elementor-8373\" data-elementor-post-type=\"page\">\n\t\t\t\t\t\t<section class=\"elementor-section elementor-top-section elementor-element elementor-element-5861a17 elementor-section-full_width elementor-section-stretched elementor-section-height-default elementor-section-height-default\" data-id=\"5861a17\" data-element_type=\"section\" data-settings=\"{&quot;stretch_section&quot;:&quot;section-stretched&quot;,&quot;background_background&quot;:&quot;classic&quot;}\">\n\t\t\t\t\t\t\t<div class=\"elementor-background-overlay\"><\/div>\n\t\t\t\t\t\t\t<div class=\"elementor-container elementor-column-gap-default\">\n\t\t\t\t\t<div class=\"elementor-column elementor-col-100 elementor-top-column elementor-element elementor-element-ea42bdb\" data-id=\"ea42bdb\" data-element_type=\"column\">\n\t\t\t<div class=\"elementor-widget-wrap elementor-element-populated\">\n\t\t\t\t\t\t<div class=\"elementor-element elementor-element-8924fce elementor-widget elementor-widget-heading\" data-id=\"8924fce\" data-element_type=\"widget\" data-widget_type=\"heading.default\">\n\t\t\t\t<div class=\"elementor-widget-container\">\n\t\t\t\t\t<h2 class=\"elementor-heading-title elementor-size-default\"><b>Restructurations<\/b><\/h2>\t\t\t\t<\/div>\n\t\t\t\t<\/div>\n\t\t\t\t\t<\/div>\n\t\t<\/div>\n\t\t\t\t\t<\/div>\n\t\t<\/section>\n\t\t<div class=\"elementor-element elementor-element-fe28872 e-flex e-con-boxed e-con e-parent\" data-id=\"fe28872\" data-element_type=\"container\">\n\t\t\t\t\t<div class=\"e-con-inner\">\n\t\t\t\t<div class=\"elementor-element elementor-element-9f5b602 elementor-widget elementor-widget-text-editor\" data-id=\"9f5b602\" data-element_type=\"widget\" data-widget_type=\"text-editor.default\">\n\t\t\t\t<div class=\"elementor-widget-container\">\n\t\t\t\t\t\t\t\t\t<h6>Chez martinsdelima, nous accompagnons les <strong>entreprises, les investisseurs et les \u00e9quipes de direction<\/strong> dans les processus de <strong>restructuration financi\u00e8re et op\u00e9rationnelle<\/strong>, avec une approche pratique ax\u00e9e sur la pr\u00e9servation de la <strong>valeur<\/strong>, le maintien de la <strong>viabilit\u00e9<\/strong> et le renforcement de la <strong>position de n\u00e9gociation<\/strong> face aux <strong>cr\u00e9anciers, aux partenaires et aux autres contreparties<\/strong>. Nous partons d&rsquo;un diagnostic complet pour comprendre la situation et nous comparons des alternatives r\u00e9alistes, en combinant la <strong>mod\u00e9lisation financi\u00e8re<\/strong>, l&rsquo;analyse des <strong>risques<\/strong> et la conception de plans d&rsquo;<strong>ex\u00e9cution<\/strong> et de <strong>contr\u00f4le<\/strong>. <\/h6>\n<h6>Notre travail comprend g\u00e9n\u00e9ralement l\u2019\u00e9laboration de <strong>plans de viabilit\u00e9 et de gestion du changement<\/strong>, l\u2019\u00e9valuation des risques et des alternatives dans les solutions pr\u00e9-concurselles, ainsi que le soutien technique dans les processus de <strong>refinancement et d\u2019optimisation de la structure financi\u00e8re.<\/strong><\/h6>\n<h6><br><\/h6>\n<h6><strong>Dette<\/strong><\/h6>\n<h6>Nous analysons la <strong>structure de l&rsquo;endettement<\/strong> (<strong>\u00e9ch\u00e9ances, garanties, covenants, co\u00fbts et subordinations<\/strong>), nous mod\u00e9lisons des sc\u00e9narios de <strong>tr\u00e9sorerie<\/strong> et de <strong>capacit\u00e9 de remboursement<\/strong> et nous concevons des alternatives de refinancement ou de r\u00e9organisation des passifs avec des objectifs clairs de stabilit\u00e9 financi\u00e8re. Cette approche est g\u00e9n\u00e9ralement int\u00e9gr\u00e9e dans le \u00ab&nbsp;debt advisory&nbsp;\u00bb, o\u00f9 nous fournissons un soutien technique et financier dans les processus de <strong>refinancement, d&rsquo;optimisation de la structure financi\u00e8re, de financement du fonds de roulement<\/strong> ou de besoins sp\u00e9cifiques de financement. <\/h6>\n<h6>Lorsque le processus implique une n\u00e9gociation avec de multiples cr\u00e9anciers ou investisseurs, nous construisons un r\u00e9cit financier d\u00e9fendable et coh\u00e9rent avec le plan d&rsquo;affaires, afin que les mesures propos\u00e9es aient de la traction et de la cr\u00e9dibilit\u00e9 aupr\u00e8s des parties.<\/h6>\n<h6><strong>&nbsp;<\/strong><\/h6>\n<h6><strong>D\u00e9riv\u00e9s<\/strong><\/h6>\n<h6>Dans les restructurations avec une dette couverte ou expos\u00e9e aux <strong>taux, aux devises ou \u00e0 l&rsquo;inflation<\/strong>, nous <strong>examinons le r\u00f4le des couvertures<\/strong> et leur compatibilit\u00e9 avec la nouvelle structure financi\u00e8re, en identifiant les <strong>impacts sur la tr\u00e9sorerie, les risques r\u00e9siduels et les points critiques de la documentation<\/strong>. Notre pratique comprend l&rsquo;analyse des structures de d\u00e9riv\u00e9s et la conception de couvertures, en l&rsquo;alignant sur la strat\u00e9gie de financement. <\/h6>\n<h6>Dans les op\u00e9rations complexes, cette analyse s&rsquo;appuie \u00e9galement sur la <strong>r\u00e9vision des contrats de couverture existants<\/strong> dans le p\u00e9rim\u00e8tre de la restructuration, le cas \u00e9ch\u00e9ant, afin de comprendre leur port\u00e9e et leur relation avec la dette concern\u00e9e.<\/h6>\n<h6><strong>&nbsp;<\/strong><\/h6>\n<h6><strong>Ressources humaines<\/strong><\/h6>\n<h6>Lorsque la restructuration exige des ajustements op\u00e9rationnels, nous abordons la <strong>dimension organisationnelle comme un v\u00e9ritable levier de viabilit\u00e9<\/strong>. Nous connectons le plan financier avec des mesures op\u00e9rationnelles (capacit\u00e9, structure des co\u00fbts, productivit\u00e9 et r\u00e9organisation), de sorte que le <strong>plan soit ex\u00e9cutable et pas seulement \u00ab&nbsp;finan\u00e7able&nbsp;\u00bb<\/strong>. Cette approche s&rsquo;inscrit dans notre capacit\u00e9 \u00e0 int\u00e9grer le plan de viabilit\u00e9 et la gestion du changement dans le processus de restructuration.  <\/h6>\n<h6><strong>&nbsp;<\/strong><\/h6>\n<h6><strong>G\u00e9ographique<\/strong><\/h6>\n<h6>Dans les groupes avec plusieurs zones g\u00e9ographiques ou p\u00e9rim\u00e8tres sociaux, nous <strong>analysons o\u00f9 la tr\u00e9sorerie est g\u00e9n\u00e9r\u00e9e, o\u00f9 elle est consomm\u00e9e et quels actifs ou unit\u00e9s soutiennent la valeur.<\/strong> Nous proposons ainsi des options de <strong>r\u00e9organisation des p\u00e9rim\u00e8tres, de d\u00e9sinvestissements s\u00e9lectifs ou de r\u00e9affectation des ressources<\/strong> qui permettent de stabiliser l&rsquo;ensemble et de se concentrer sur les unit\u00e9s ayant la plus grande r\u00e9silience. Ce type de d\u00e9cisions s&rsquo;appuie sur notre travail habituel de diagnostic, d&rsquo;analyse des alternatives et d&rsquo;\u00e9laboration de plans d&rsquo;ex\u00e9cution. <\/h6>\n<h6><strong>&nbsp;<\/strong><\/h6>\n<h6><strong>Face aux changements r\u00e9glementaires<\/strong><\/h6>\n<h6>Dans les secteurs r\u00e9glement\u00e9s, un <strong>changement r\u00e9glementaire<\/strong> peut modifier imm\u00e9diatement les <strong>revenus, les co\u00fbts, les d\u00e9penses d&rsquo;investissement ou la viabilit\u00e9<\/strong>. Dans ces cas, nous int\u00e9grons l&rsquo;impact r\u00e9glementaire au mod\u00e8le financier et au plan de viabilit\u00e9, en identifiant quelles variables changent, quelles d\u00e9cisions deviennent critiques et quelles alternatives sont compatibles avec le nouveau cadre. Cette approche est particuli\u00e8rement pertinente lorsque l&rsquo;on \u00e9value les \u00ab&nbsp;alternatives de solutions pr\u00e9-faillite&nbsp;\u00bb et qu&rsquo;une <strong>argumentation solide<\/strong> sur la <strong>viabilit\u00e9 future<\/strong> est requise.  <\/h6>\n<h6><strong>&nbsp;<\/strong><\/h6>\n<h6><strong>Vente et location subs\u00e9quente (Sale &amp; Lease-Back)<\/strong><\/h6>\n<h6>Nous structurons et analysons les op\u00e9rations de <strong>vente avec location subs\u00e9quente<\/strong> comme instrument pour <strong>g\u00e9n\u00e9rer des liquidit\u00e9s et renforcer le bilan<\/strong> sans perdre l&rsquo;usage de l&rsquo;actif. En substance, l&rsquo;actif <strong>est vendu et lou\u00e9<\/strong> en retour pour continuer \u00e0 l&rsquo;utiliser, normalement avec un <strong>contrat de location \u00e0 long terme<\/strong>. <\/h6>\t\t\t\t\t\t\t\t<\/div>\n\t\t\t\t<\/div>\n\t\t\t\t\t<\/div>\n\t\t\t\t<\/div>\n\t\t\t\t<\/div>\n\t\t","protected":false},"excerpt":{"rendered":"<p>Restructurations Chez martinsdelima, nous accompagnons les entreprises, les investisseurs et les \u00e9quipes de direction dans les processus de restructuration financi\u00e8re et op\u00e9rationnelle, avec une approche pratique ax\u00e9e sur la pr\u00e9servation de la valeur, le maintien de la viabilit\u00e9 et le renforcement de la position de n\u00e9gociation face aux cr\u00e9anciers, aux [&hellip;]<\/p>\n","protected":false},"author":1,"featured_media":0,"parent":0,"menu_order":0,"comment_status":"closed","ping_status":"closed","template":"page-templates\/template-pagebuilder-full-width.php","meta":{"footnotes":""},"class_list":["post-10752","page","type-page","status-publish","hentry"],"yoast_head":"<!-- This site is optimized with the Yoast SEO plugin v26.4 - https:\/\/yoast.com\/wordpress\/plugins\/seo\/ -->\n<title>Restructurations - Martinsdelima<\/title>\n<meta name=\"robots\" content=\"index, follow, max-snippet:-1, max-image-preview:large, max-video-preview:-1\" \/>\n<link rel=\"canonical\" href=\"https:\/\/www.martinsdelima.com\/fr\/restructurations\/\" \/>\n<meta property=\"og:locale\" content=\"fr_FR\" \/>\n<meta property=\"og:type\" content=\"article\" \/>\n<meta property=\"og:title\" content=\"Restructurations - Martinsdelima\" \/>\n<meta property=\"og:description\" content=\"Restructurations Chez martinsdelima, nous accompagnons les entreprises, les investisseurs et les \u00e9quipes de direction dans les processus de restructuration financi\u00e8re et op\u00e9rationnelle, avec une approche pratique ax\u00e9e sur la pr\u00e9servation de la valeur, le maintien de la viabilit\u00e9 et le renforcement de la position de n\u00e9gociation face aux cr\u00e9anciers, aux [&hellip;]\" \/>\n<meta property=\"og:url\" content=\"https:\/\/www.martinsdelima.com\/fr\/restructurations\/\" \/>\n<meta property=\"og:site_name\" content=\"Martinsdelima\" \/>\n<meta property=\"article:modified_time\" content=\"2026-02-12T10:31:01+00:00\" \/>\n<meta name=\"twitter:card\" content=\"summary_large_image\" \/>\n<meta name=\"twitter:label1\" content=\"Dur\u00e9e de lecture estim\u00e9e\" \/>\n\t<meta name=\"twitter:data1\" content=\"4 minutes\" \/>\n<script type=\"application\/ld+json\" class=\"yoast-schema-graph\">{\"@context\":\"https:\/\/schema.org\",\"@graph\":[{\"@type\":\"WebPage\",\"@id\":\"https:\/\/www.martinsdelima.com\/fr\/restructurations\/\",\"url\":\"https:\/\/www.martinsdelima.com\/fr\/restructurations\/\",\"name\":\"Restructurations - Martinsdelima\",\"isPartOf\":{\"@id\":\"https:\/\/www.martinsdelima.com\/fr\/#website\"},\"datePublished\":\"2026-01-04T11:41:08+00:00\",\"dateModified\":\"2026-02-12T10:31:01+00:00\",\"breadcrumb\":{\"@id\":\"https:\/\/www.martinsdelima.com\/fr\/restructurations\/#breadcrumb\"},\"inLanguage\":\"fr-FR\",\"potentialAction\":[{\"@type\":\"ReadAction\",\"target\":[\"https:\/\/www.martinsdelima.com\/fr\/restructurations\/\"]}]},{\"@type\":\"BreadcrumbList\",\"@id\":\"https:\/\/www.martinsdelima.com\/fr\/restructurations\/#breadcrumb\",\"itemListElement\":[{\"@type\":\"ListItem\",\"position\":1,\"name\":\"Page d'accueil\",\"item\":\"https:\/\/www.martinsdelima.com\/fr\/accueil\/\"},{\"@type\":\"ListItem\",\"position\":2,\"name\":\"Restructurations\"}]},{\"@type\":\"WebSite\",\"@id\":\"https:\/\/www.martinsdelima.com\/fr\/#website\",\"url\":\"https:\/\/www.martinsdelima.com\/fr\/\",\"name\":\"Martinsdelima\",\"description\":\"Forensic&amp;Finance\",\"publisher\":{\"@id\":\"https:\/\/www.martinsdelima.com\/fr\/#organization\"},\"potentialAction\":[{\"@type\":\"SearchAction\",\"target\":{\"@type\":\"EntryPoint\",\"urlTemplate\":\"https:\/\/www.martinsdelima.com\/fr\/?s={search_term_string}\"},\"query-input\":{\"@type\":\"PropertyValueSpecification\",\"valueRequired\":true,\"valueName\":\"search_term_string\"}}],\"inLanguage\":\"fr-FR\"},{\"@type\":\"Organization\",\"@id\":\"https:\/\/www.martinsdelima.com\/fr\/#organization\",\"name\":\"Martinsdelima\",\"url\":\"https:\/\/www.martinsdelima.com\/fr\/\",\"logo\":{\"@type\":\"ImageObject\",\"inLanguage\":\"fr-FR\",\"@id\":\"https:\/\/www.martinsdelima.com\/fr\/#\/schema\/logo\/image\/\",\"url\":\"https:\/\/mligy6wbr5rs.i.optimole.com\/w:auto\/h:auto\/q:mauto\/f:best\/https:\/\/www.martinsdelima.com\/wp-content\/uploads\/2025\/10\/martinsdelima-letras-claras-horizontal.png\",\"contentUrl\":\"https:\/\/mligy6wbr5rs.i.optimole.com\/w:auto\/h:auto\/q:mauto\/f:best\/https:\/\/www.martinsdelima.com\/wp-content\/uploads\/2025\/10\/martinsdelima-letras-claras-horizontal.png\",\"width\":1315,\"height\":217,\"caption\":\"Martinsdelima\"},\"image\":{\"@id\":\"https:\/\/www.martinsdelima.com\/fr\/#\/schema\/logo\/image\/\"}}]}<\/script>\n<!-- \/ Yoast SEO plugin. -->","yoast_head_json":{"title":"Restructurations - Martinsdelima","robots":{"index":"index","follow":"follow","max-snippet":"max-snippet:-1","max-image-preview":"max-image-preview:large","max-video-preview":"max-video-preview:-1"},"canonical":"https:\/\/www.martinsdelima.com\/fr\/restructurations\/","og_locale":"fr_FR","og_type":"article","og_title":"Restructurations - Martinsdelima","og_description":"Restructurations Chez martinsdelima, nous accompagnons les entreprises, les investisseurs et les \u00e9quipes de direction dans les processus de restructuration financi\u00e8re et op\u00e9rationnelle, avec une approche pratique ax\u00e9e sur la pr\u00e9servation de la valeur, le maintien de la viabilit\u00e9 et le renforcement de la position de n\u00e9gociation face aux cr\u00e9anciers, aux [&hellip;]","og_url":"https:\/\/www.martinsdelima.com\/fr\/restructurations\/","og_site_name":"Martinsdelima","article_modified_time":"2026-02-12T10:31:01+00:00","twitter_card":"summary_large_image","twitter_misc":{"Dur\u00e9e de lecture estim\u00e9e":"4 minutes"},"schema":{"@context":"https:\/\/schema.org","@graph":[{"@type":"WebPage","@id":"https:\/\/www.martinsdelima.com\/fr\/restructurations\/","url":"https:\/\/www.martinsdelima.com\/fr\/restructurations\/","name":"Restructurations - Martinsdelima","isPartOf":{"@id":"https:\/\/www.martinsdelima.com\/fr\/#website"},"datePublished":"2026-01-04T11:41:08+00:00","dateModified":"2026-02-12T10:31:01+00:00","breadcrumb":{"@id":"https:\/\/www.martinsdelima.com\/fr\/restructurations\/#breadcrumb"},"inLanguage":"fr-FR","potentialAction":[{"@type":"ReadAction","target":["https:\/\/www.martinsdelima.com\/fr\/restructurations\/"]}]},{"@type":"BreadcrumbList","@id":"https:\/\/www.martinsdelima.com\/fr\/restructurations\/#breadcrumb","itemListElement":[{"@type":"ListItem","position":1,"name":"Page d'accueil","item":"https:\/\/www.martinsdelima.com\/fr\/accueil\/"},{"@type":"ListItem","position":2,"name":"Restructurations"}]},{"@type":"WebSite","@id":"https:\/\/www.martinsdelima.com\/fr\/#website","url":"https:\/\/www.martinsdelima.com\/fr\/","name":"Martinsdelima","description":"Forensic&amp;Finance","publisher":{"@id":"https:\/\/www.martinsdelima.com\/fr\/#organization"},"potentialAction":[{"@type":"SearchAction","target":{"@type":"EntryPoint","urlTemplate":"https:\/\/www.martinsdelima.com\/fr\/?s={search_term_string}"},"query-input":{"@type":"PropertyValueSpecification","valueRequired":true,"valueName":"search_term_string"}}],"inLanguage":"fr-FR"},{"@type":"Organization","@id":"https:\/\/www.martinsdelima.com\/fr\/#organization","name":"Martinsdelima","url":"https:\/\/www.martinsdelima.com\/fr\/","logo":{"@type":"ImageObject","inLanguage":"fr-FR","@id":"https:\/\/www.martinsdelima.com\/fr\/#\/schema\/logo\/image\/","url":"https:\/\/mligy6wbr5rs.i.optimole.com\/w:auto\/h:auto\/q:mauto\/f:best\/https:\/\/www.martinsdelima.com\/wp-content\/uploads\/2025\/10\/martinsdelima-letras-claras-horizontal.png","contentUrl":"https:\/\/mligy6wbr5rs.i.optimole.com\/w:auto\/h:auto\/q:mauto\/f:best\/https:\/\/www.martinsdelima.com\/wp-content\/uploads\/2025\/10\/martinsdelima-letras-claras-horizontal.png","width":1315,"height":217,"caption":"Martinsdelima"},"image":{"@id":"https:\/\/www.martinsdelima.com\/fr\/#\/schema\/logo\/image\/"}}]}},"_links":{"self":[{"href":"https:\/\/www.martinsdelima.com\/fr\/wp-json\/wp\/v2\/pages\/10752","targetHints":{"allow":["GET"]}}],"collection":[{"href":"https:\/\/www.martinsdelima.com\/fr\/wp-json\/wp\/v2\/pages"}],"about":[{"href":"https:\/\/www.martinsdelima.com\/fr\/wp-json\/wp\/v2\/types\/page"}],"author":[{"embeddable":true,"href":"https:\/\/www.martinsdelima.com\/fr\/wp-json\/wp\/v2\/users\/1"}],"replies":[{"embeddable":true,"href":"https:\/\/www.martinsdelima.com\/fr\/wp-json\/wp\/v2\/comments?post=10752"}],"version-history":[{"count":2,"href":"https:\/\/www.martinsdelima.com\/fr\/wp-json\/wp\/v2\/pages\/10752\/revisions"}],"predecessor-version":[{"id":11696,"href":"https:\/\/www.martinsdelima.com\/fr\/wp-json\/wp\/v2\/pages\/10752\/revisions\/11696"}],"wp:attachment":[{"href":"https:\/\/www.martinsdelima.com\/fr\/wp-json\/wp\/v2\/media?parent=10752"}],"curies":[{"name":"wp","href":"https:\/\/api.w.org\/{rel}","templated":true}]}}