{"id":10756,"date":"2026-01-02T20:50:31","date_gmt":"2026-01-02T20:50:31","guid":{"rendered":"https:\/\/www.martinsdelima.com\/fusions-et-acquisitions\/"},"modified":"2026-02-12T10:28:31","modified_gmt":"2026-02-12T10:28:31","slug":"fusions-et-acquisitions","status":"publish","type":"page","link":"https:\/\/www.martinsdelima.com\/fr\/fusions-et-acquisitions\/","title":{"rendered":"Fusions et acquisitions"},"content":{"rendered":"\t\t<div data-elementor-type=\"wp-page\" data-elementor-id=\"10756\" class=\"elementor elementor-10756 elementor-8300\" data-elementor-post-type=\"page\">\n\t\t\t\t\t\t<section class=\"elementor-section elementor-top-section elementor-element elementor-element-5861a17 elementor-section-full_width elementor-section-stretched elementor-section-height-default elementor-section-height-default\" data-id=\"5861a17\" data-element_type=\"section\" data-settings=\"{&quot;stretch_section&quot;:&quot;section-stretched&quot;,&quot;background_background&quot;:&quot;classic&quot;}\">\n\t\t\t\t\t\t\t<div class=\"elementor-background-overlay\"><\/div>\n\t\t\t\t\t\t\t<div class=\"elementor-container elementor-column-gap-default\">\n\t\t\t\t\t<div class=\"elementor-column elementor-col-100 elementor-top-column elementor-element elementor-element-ea42bdb\" data-id=\"ea42bdb\" data-element_type=\"column\">\n\t\t\t<div class=\"elementor-widget-wrap elementor-element-populated\">\n\t\t\t\t\t\t<div class=\"elementor-element elementor-element-8924fce elementor-widget elementor-widget-heading\" data-id=\"8924fce\" data-element_type=\"widget\" data-widget_type=\"heading.default\">\n\t\t\t\t<div class=\"elementor-widget-container\">\n\t\t\t\t\t<h2 class=\"elementor-heading-title elementor-size-default\"><b>Fusions et acquisitions (F&amp;A)<\/b><\/h2>\t\t\t\t<\/div>\n\t\t\t\t<\/div>\n\t\t\t\t\t<\/div>\n\t\t<\/div>\n\t\t\t\t\t<\/div>\n\t\t<\/section>\n\t\t<div class=\"elementor-element elementor-element-fe28872 e-flex e-con-boxed e-con e-parent\" data-id=\"fe28872\" data-element_type=\"container\">\n\t\t\t\t\t<div class=\"e-con-inner\">\n\t\t\t\t<div class=\"elementor-element elementor-element-9f5b602 elementor-widget elementor-widget-text-editor\" data-id=\"9f5b602\" data-element_type=\"widget\" data-widget_type=\"text-editor.default\">\n\t\t\t\t<div class=\"elementor-widget-container\">\n\t\t\t\t\t\t\t\t\t<h6>Chez martinsdelima, nous accompagnons nos clients dans les processus de fusions et acquisitions <strong>(F&amp;A)<\/strong> avec une vision \u00e9minemment pratique&nbsp;: transformer les d\u00e9cisions complexes en un processus ordonn\u00e9, tra\u00e7able et d\u00e9fendable, o\u00f9 la logique \u00e9conomique de l\u2019op\u00e9ration est claire d\u00e8s le premier instant. Nous avons travaill\u00e9 sur des op\u00e9rations d\u2019entreprises dans des secteurs tels que la publicit\u00e9, le marketing num\u00e9rique, la mode et la technologie, en soutenant les processus de <strong>vente et d\u2019achat<\/strong> avec la pr\u00e9paration de la documentation de vente, la construction de <strong>plans d\u2019affaires et de projections, l\u2019\u00e9valuation et la structuration \u00e9conomique<\/strong> de la transaction. <\/h6>\n<h6><strong>&nbsp;<\/strong><\/h6>\n<h6><strong>Recherche d\u2019investisseurs<br><\/strong>Nous concevons et ex\u00e9cutons des processus de recherche d\u2019investisseurs et d\u2019acheteurs avec une <strong>approche strat\u00e9gique et financi\u00e8re<\/strong>. Nous pr\u00e9parons le positionnement \u00e9conomique de l\u2019actif, d\u00e9finissons \u00ab&nbsp;l\u2019equity story&nbsp;\u00bb, structurons des <strong>sc\u00e9narios<\/strong> et coordonnons et \u00e9laborons la documentation n\u00e9cessaire pour pr\u00e9senter clairement l\u2019opportunit\u00e9. Dans notre pratique, cela comprend la pr\u00e9paration de <strong>m\u00e9morandums d\u2019information et de cahiers de vente<\/strong>, ainsi que la construction de <strong>plans d\u2019affaires et de projections financi\u00e8res<\/strong> qui soutiennent l\u2019op\u00e9ration.  <\/h6><h6><br><\/h6>\n<h6><\/h6>\n<div><\/div>\n<div><\/div>\n<h6><strong>Lettre d\u2019intention<br><\/strong>Nous soutenons la n\u00e9gociation et la r\u00e9daction \u00e9conomique de la lettre d\u2019intention <strong>(LOI)<\/strong>, en veillant \u00e0 ce que les \u00e9l\u00e9ments critiques soient bien d\u00e9finis avant d\u2019entrer dans la phase intensive de r\u00e9vision&nbsp;: <strong>structure de l\u2019op\u00e9ration, \u00e9valuation pr\u00e9liminaire, calendrier, conditions, exclusivit\u00e9<\/strong> et principales hypoth\u00e8ses. Parall\u00e8lement, nous traduisons en termes \u00e9conomiques clairs les aspects qui sont g\u00e9n\u00e9ralement sensibles dans la n\u00e9gociation, tels que <strong>la continuit\u00e9 de l\u2019\u00e9quipe de direction, le financement, les bases d\u2019\u00e9valuation, les \u00e9tapes et les conditions de cl\u00f4ture.<\/strong> <\/h6>\n<div><\/div>\n<h6><strong>&nbsp;<\/strong><\/h6>\n<h6><strong>Due Diligence<br><\/strong>Nous accompagnons le processus de due diligence du point de vue financier et de la logique \u00e9conomique, en <strong>aidant \u00e0 organiser l\u2019information, \u00e0 identifier les \u00e9ventualit\u00e9s pertinentes<\/strong> et \u00e0 anticiper les points qui ont un impact sur le prix, la structure et les protections. Dans les op\u00e9rations r\u00e9elles, la due diligence couvre g\u00e9n\u00e9ralement de multiples dimensions (<strong>commerciale, financi\u00e8re, fiscale, technique, juridique, r\u00e9glementaire, op\u00e9rationnelle<\/strong>, etc.), et notre r\u00f4le est de faire en sorte que cet examen se traduise par des d\u00e9cisions&nbsp;: ce qui importe, ce que cela vaut et comment cela se refl\u00e8te dans les conditions. <\/h6>\n<div><\/div>\n<h6><strong>&nbsp;<\/strong><\/h6>\n<h6><strong>Soutien aux contrats de vente<br><\/strong>Nous travaillons <strong>avec les \u00e9quipes juridiques pour int\u00e9grer dans le contrat de vente (Sales &amp; Purchase Agreement, SPA)<\/strong> le contenu \u00e9conomique de l\u2019op\u00e9ration&nbsp;: <strong>prix, ajustements, paiements diff\u00e9r\u00e9s, garanties et limites de responsabilit\u00e9<\/strong>, avec une vision claire de la mani\u00e8re dont chaque clause a un impact sur la valeur et le risque. Forts de notre exp\u00e9rience, nous soutenons \u00e9galement la <strong>structuration des paiements<\/strong> (prix fixes et variables), des options et des m\u00e9canismes habituels dans les transactions, de mani\u00e8re \u00e0 ce que la coh\u00e9rence \u00e9conomique de l\u2019accord soit solide et compr\u00e9hensible<strong>.<\/strong> <\/h6>\n<div><\/div>\n<h6><strong>&nbsp;<\/strong><\/h6>\n<h6><strong>Accords d\u2019associ\u00e9s-dirigeants<br><\/strong>Dans les op\u00e9rations o\u00f9 l\u2019\u00e9quipe de direction est essentielle, nous aidons \u00e0 structurer les <strong>\u00e9l\u00e9ments \u00e9conomiques qui alignent les incitations<\/strong> et assurent la stabilit\u00e9&nbsp;: conditions de <strong>permanence<\/strong>, m\u00e9canismes d\u2019incitation et leur traduction dans l\u2019architecture \u00e9conomique de l\u2019accord, de mani\u00e8re coh\u00e9rente avec l\u2019op\u00e9ration. La pratique m\u00eame de la LOI pr\u00e9voit ces \u00e9l\u00e9ments lorsqu\u2019ils sont d\u00e9terminants pour l\u2019acheteur ou le vendeur. <\/h6><p><\/p>\n<h6><br><\/h6>\n<h6><\/h6>\n<h6><strong>Post-fusion et acquisition<br><\/strong>Apr\u00e8s la cl\u00f4ture, nous <strong>soutenons la phase d\u2019ex\u00e9cution \u00e9conomique<\/strong> de ce qui a \u00e9t\u00e9 convenu&nbsp;: <strong>lecture des r\u00e9sultats<\/strong> par rapport au plan d\u2019affaires, examen des <strong>mesures<\/strong> et des crit\u00e8res d\u2019<strong>ajustement<\/strong>, et soutien en cas de divergences habituelles des comptes de cl\u00f4ture et des composantes variables du prix. Parall\u00e8lement, nous veillons \u00e0 ce que l\u2019op\u00e9ration \u00ab&nbsp;se maintienne&nbsp;\u00bb avec une coh\u00e9rence \u00e9conomique, en particulier lorsqu\u2019il existe des <strong>paiements variables, des compl\u00e9ments de prix<\/strong> ou d\u2019autres m\u00e9canismes qui d\u00e9pendent de l\u2019<strong>\u00e9volution r\u00e9elle de l\u2019entreprise.<\/strong> <\/h6>\t\t\t\t\t\t\t\t<\/div>\n\t\t\t\t<\/div>\n\t\t\t\t\t<\/div>\n\t\t\t\t<\/div>\n\t\t\t\t<\/div>\n\t\t","protected":false},"excerpt":{"rendered":"<p>Fusions et acquisitions (F&amp;A) Chez martinsdelima, nous accompagnons nos clients dans les processus de fusions et acquisitions (F&amp;A) avec une vision \u00e9minemment pratique&nbsp;: transformer les d\u00e9cisions complexes en un processus ordonn\u00e9, tra\u00e7able et d\u00e9fendable, o\u00f9 la logique \u00e9conomique de l\u2019op\u00e9ration est claire d\u00e8s le premier instant. Nous avons travaill\u00e9 sur [&hellip;]<\/p>\n","protected":false},"author":1,"featured_media":0,"parent":0,"menu_order":0,"comment_status":"closed","ping_status":"closed","template":"page-templates\/template-pagebuilder-full-width.php","meta":{"footnotes":""},"class_list":["post-10756","page","type-page","status-publish","hentry"],"yoast_head":"<!-- This site is optimized with the Yoast SEO plugin v26.4 - https:\/\/yoast.com\/wordpress\/plugins\/seo\/ -->\n<title>Fusions et acquisitions - Martinsdelima<\/title>\n<meta name=\"robots\" content=\"index, follow, max-snippet:-1, max-image-preview:large, max-video-preview:-1\" \/>\n<link rel=\"canonical\" href=\"https:\/\/www.martinsdelima.com\/fr\/fusions-et-acquisitions\/\" \/>\n<meta property=\"og:locale\" content=\"fr_FR\" \/>\n<meta property=\"og:type\" content=\"article\" \/>\n<meta property=\"og:title\" content=\"Fusions et acquisitions - Martinsdelima\" \/>\n<meta property=\"og:description\" content=\"Fusions et acquisitions (F&amp;A) Chez martinsdelima, nous accompagnons nos clients dans les processus de fusions et acquisitions (F&amp;A) avec une vision \u00e9minemment pratique&nbsp;: transformer les d\u00e9cisions complexes en un processus ordonn\u00e9, tra\u00e7able et d\u00e9fendable, o\u00f9 la logique \u00e9conomique de l\u2019op\u00e9ration est claire d\u00e8s le premier instant. Nous avons travaill\u00e9 sur [&hellip;]\" \/>\n<meta property=\"og:url\" content=\"https:\/\/www.martinsdelima.com\/fr\/fusions-et-acquisitions\/\" \/>\n<meta property=\"og:site_name\" content=\"Martinsdelima\" \/>\n<meta property=\"article:modified_time\" content=\"2026-02-12T10:28:31+00:00\" \/>\n<meta name=\"twitter:card\" content=\"summary_large_image\" \/>\n<meta name=\"twitter:label1\" content=\"Dur\u00e9e de lecture estim\u00e9e\" \/>\n\t<meta name=\"twitter:data1\" content=\"4 minutes\" \/>\n<script type=\"application\/ld+json\" class=\"yoast-schema-graph\">{\"@context\":\"https:\/\/schema.org\",\"@graph\":[{\"@type\":\"WebPage\",\"@id\":\"https:\/\/www.martinsdelima.com\/fr\/fusions-et-acquisitions\/\",\"url\":\"https:\/\/www.martinsdelima.com\/fr\/fusions-et-acquisitions\/\",\"name\":\"Fusions et acquisitions - Martinsdelima\",\"isPartOf\":{\"@id\":\"https:\/\/www.martinsdelima.com\/fr\/#website\"},\"datePublished\":\"2026-01-02T20:50:31+00:00\",\"dateModified\":\"2026-02-12T10:28:31+00:00\",\"breadcrumb\":{\"@id\":\"https:\/\/www.martinsdelima.com\/fr\/fusions-et-acquisitions\/#breadcrumb\"},\"inLanguage\":\"fr-FR\",\"potentialAction\":[{\"@type\":\"ReadAction\",\"target\":[\"https:\/\/www.martinsdelima.com\/fr\/fusions-et-acquisitions\/\"]}]},{\"@type\":\"BreadcrumbList\",\"@id\":\"https:\/\/www.martinsdelima.com\/fr\/fusions-et-acquisitions\/#breadcrumb\",\"itemListElement\":[{\"@type\":\"ListItem\",\"position\":1,\"name\":\"Page d'accueil\",\"item\":\"https:\/\/www.martinsdelima.com\/fr\/accueil\/\"},{\"@type\":\"ListItem\",\"position\":2,\"name\":\"Fusions et acquisitions\"}]},{\"@type\":\"WebSite\",\"@id\":\"https:\/\/www.martinsdelima.com\/fr\/#website\",\"url\":\"https:\/\/www.martinsdelima.com\/fr\/\",\"name\":\"Martinsdelima\",\"description\":\"Forensic&amp;Finance\",\"publisher\":{\"@id\":\"https:\/\/www.martinsdelima.com\/fr\/#organization\"},\"potentialAction\":[{\"@type\":\"SearchAction\",\"target\":{\"@type\":\"EntryPoint\",\"urlTemplate\":\"https:\/\/www.martinsdelima.com\/fr\/?s={search_term_string}\"},\"query-input\":{\"@type\":\"PropertyValueSpecification\",\"valueRequired\":true,\"valueName\":\"search_term_string\"}}],\"inLanguage\":\"fr-FR\"},{\"@type\":\"Organization\",\"@id\":\"https:\/\/www.martinsdelima.com\/fr\/#organization\",\"name\":\"Martinsdelima\",\"url\":\"https:\/\/www.martinsdelima.com\/fr\/\",\"logo\":{\"@type\":\"ImageObject\",\"inLanguage\":\"fr-FR\",\"@id\":\"https:\/\/www.martinsdelima.com\/fr\/#\/schema\/logo\/image\/\",\"url\":\"https:\/\/mligy6wbr5rs.i.optimole.com\/w:auto\/h:auto\/q:mauto\/f:best\/https:\/\/www.martinsdelima.com\/wp-content\/uploads\/2025\/10\/martinsdelima-letras-claras-horizontal.png\",\"contentUrl\":\"https:\/\/mligy6wbr5rs.i.optimole.com\/w:auto\/h:auto\/q:mauto\/f:best\/https:\/\/www.martinsdelima.com\/wp-content\/uploads\/2025\/10\/martinsdelima-letras-claras-horizontal.png\",\"width\":1315,\"height\":217,\"caption\":\"Martinsdelima\"},\"image\":{\"@id\":\"https:\/\/www.martinsdelima.com\/fr\/#\/schema\/logo\/image\/\"}}]}<\/script>\n<!-- \/ Yoast SEO plugin. -->","yoast_head_json":{"title":"Fusions et acquisitions - Martinsdelima","robots":{"index":"index","follow":"follow","max-snippet":"max-snippet:-1","max-image-preview":"max-image-preview:large","max-video-preview":"max-video-preview:-1"},"canonical":"https:\/\/www.martinsdelima.com\/fr\/fusions-et-acquisitions\/","og_locale":"fr_FR","og_type":"article","og_title":"Fusions et acquisitions - Martinsdelima","og_description":"Fusions et acquisitions (F&amp;A) Chez martinsdelima, nous accompagnons nos clients dans les processus de fusions et acquisitions (F&amp;A) avec une vision \u00e9minemment pratique&nbsp;: transformer les d\u00e9cisions complexes en un processus ordonn\u00e9, tra\u00e7able et d\u00e9fendable, o\u00f9 la logique \u00e9conomique de l\u2019op\u00e9ration est claire d\u00e8s le premier instant. Nous avons travaill\u00e9 sur [&hellip;]","og_url":"https:\/\/www.martinsdelima.com\/fr\/fusions-et-acquisitions\/","og_site_name":"Martinsdelima","article_modified_time":"2026-02-12T10:28:31+00:00","twitter_card":"summary_large_image","twitter_misc":{"Dur\u00e9e de lecture estim\u00e9e":"4 minutes"},"schema":{"@context":"https:\/\/schema.org","@graph":[{"@type":"WebPage","@id":"https:\/\/www.martinsdelima.com\/fr\/fusions-et-acquisitions\/","url":"https:\/\/www.martinsdelima.com\/fr\/fusions-et-acquisitions\/","name":"Fusions et acquisitions - Martinsdelima","isPartOf":{"@id":"https:\/\/www.martinsdelima.com\/fr\/#website"},"datePublished":"2026-01-02T20:50:31+00:00","dateModified":"2026-02-12T10:28:31+00:00","breadcrumb":{"@id":"https:\/\/www.martinsdelima.com\/fr\/fusions-et-acquisitions\/#breadcrumb"},"inLanguage":"fr-FR","potentialAction":[{"@type":"ReadAction","target":["https:\/\/www.martinsdelima.com\/fr\/fusions-et-acquisitions\/"]}]},{"@type":"BreadcrumbList","@id":"https:\/\/www.martinsdelima.com\/fr\/fusions-et-acquisitions\/#breadcrumb","itemListElement":[{"@type":"ListItem","position":1,"name":"Page d'accueil","item":"https:\/\/www.martinsdelima.com\/fr\/accueil\/"},{"@type":"ListItem","position":2,"name":"Fusions et acquisitions"}]},{"@type":"WebSite","@id":"https:\/\/www.martinsdelima.com\/fr\/#website","url":"https:\/\/www.martinsdelima.com\/fr\/","name":"Martinsdelima","description":"Forensic&amp;Finance","publisher":{"@id":"https:\/\/www.martinsdelima.com\/fr\/#organization"},"potentialAction":[{"@type":"SearchAction","target":{"@type":"EntryPoint","urlTemplate":"https:\/\/www.martinsdelima.com\/fr\/?s={search_term_string}"},"query-input":{"@type":"PropertyValueSpecification","valueRequired":true,"valueName":"search_term_string"}}],"inLanguage":"fr-FR"},{"@type":"Organization","@id":"https:\/\/www.martinsdelima.com\/fr\/#organization","name":"Martinsdelima","url":"https:\/\/www.martinsdelima.com\/fr\/","logo":{"@type":"ImageObject","inLanguage":"fr-FR","@id":"https:\/\/www.martinsdelima.com\/fr\/#\/schema\/logo\/image\/","url":"https:\/\/mligy6wbr5rs.i.optimole.com\/w:auto\/h:auto\/q:mauto\/f:best\/https:\/\/www.martinsdelima.com\/wp-content\/uploads\/2025\/10\/martinsdelima-letras-claras-horizontal.png","contentUrl":"https:\/\/mligy6wbr5rs.i.optimole.com\/w:auto\/h:auto\/q:mauto\/f:best\/https:\/\/www.martinsdelima.com\/wp-content\/uploads\/2025\/10\/martinsdelima-letras-claras-horizontal.png","width":1315,"height":217,"caption":"Martinsdelima"},"image":{"@id":"https:\/\/www.martinsdelima.com\/fr\/#\/schema\/logo\/image\/"}}]}},"_links":{"self":[{"href":"https:\/\/www.martinsdelima.com\/fr\/wp-json\/wp\/v2\/pages\/10756","targetHints":{"allow":["GET"]}}],"collection":[{"href":"https:\/\/www.martinsdelima.com\/fr\/wp-json\/wp\/v2\/pages"}],"about":[{"href":"https:\/\/www.martinsdelima.com\/fr\/wp-json\/wp\/v2\/types\/page"}],"author":[{"embeddable":true,"href":"https:\/\/www.martinsdelima.com\/fr\/wp-json\/wp\/v2\/users\/1"}],"replies":[{"embeddable":true,"href":"https:\/\/www.martinsdelima.com\/fr\/wp-json\/wp\/v2\/comments?post=10756"}],"version-history":[{"count":3,"href":"https:\/\/www.martinsdelima.com\/fr\/wp-json\/wp\/v2\/pages\/10756\/revisions"}],"predecessor-version":[{"id":11690,"href":"https:\/\/www.martinsdelima.com\/fr\/wp-json\/wp\/v2\/pages\/10756\/revisions\/11690"}],"wp:attachment":[{"href":"https:\/\/www.martinsdelima.com\/fr\/wp-json\/wp\/v2\/media?parent=10756"}],"curies":[{"name":"wp","href":"https:\/\/api.w.org\/{rel}","templated":true}]}}