{"id":10764,"date":"2026-01-02T21:44:20","date_gmt":"2026-01-02T21:44:20","guid":{"rendered":"https:\/\/www.martinsdelima.com\/plans-daffaires\/"},"modified":"2026-02-12T10:24:55","modified_gmt":"2026-02-12T10:24:55","slug":"plans-daffaires","status":"publish","type":"page","link":"https:\/\/www.martinsdelima.com\/fr\/plans-daffaires\/","title":{"rendered":"Plans d&rsquo;affaires"},"content":{"rendered":"\t\t<div data-elementor-type=\"wp-page\" data-elementor-id=\"10764\" class=\"elementor elementor-10764 elementor-8342\" data-elementor-post-type=\"page\">\n\t\t\t\t\t\t<section class=\"elementor-section elementor-top-section elementor-element elementor-element-5861a17 elementor-section-full_width elementor-section-stretched elementor-section-height-default elementor-section-height-default\" data-id=\"5861a17\" data-element_type=\"section\" data-settings=\"{&quot;stretch_section&quot;:&quot;section-stretched&quot;,&quot;background_background&quot;:&quot;classic&quot;}\">\n\t\t\t\t\t\t\t<div class=\"elementor-background-overlay\"><\/div>\n\t\t\t\t\t\t\t<div class=\"elementor-container elementor-column-gap-default\">\n\t\t\t\t\t<div class=\"elementor-column elementor-col-100 elementor-top-column elementor-element elementor-element-ea42bdb\" data-id=\"ea42bdb\" data-element_type=\"column\">\n\t\t\t<div class=\"elementor-widget-wrap elementor-element-populated\">\n\t\t\t\t\t\t<div class=\"elementor-element elementor-element-8924fce elementor-widget elementor-widget-heading\" data-id=\"8924fce\" data-element_type=\"widget\" data-widget_type=\"heading.default\">\n\t\t\t\t<div class=\"elementor-widget-container\">\n\t\t\t\t\t<h2 class=\"elementor-heading-title elementor-size-default\">Plans d\u2019affaires<\/h2>\t\t\t\t<\/div>\n\t\t\t\t<\/div>\n\t\t\t\t\t<\/div>\n\t\t<\/div>\n\t\t\t\t\t<\/div>\n\t\t<\/section>\n\t\t<div class=\"elementor-element elementor-element-fe28872 e-flex e-con-boxed e-con e-parent\" data-id=\"fe28872\" data-element_type=\"container\">\n\t\t\t\t\t<div class=\"e-con-inner\">\n\t\t\t\t<div class=\"elementor-element elementor-element-9f5b602 elementor-widget elementor-widget-text-editor\" data-id=\"9f5b602\" data-element_type=\"widget\" data-widget_type=\"text-editor.default\">\n\t\t\t\t<div class=\"elementor-widget-container\">\n\t\t\t\t\t\t\t\t\t<h6>Chez martinsdelima, nous \u00e9laborons des <strong>plans d&rsquo;affaires avec une approche pratique<\/strong> et ax\u00e9e sur la <strong>d\u00e9cision<\/strong> : convertir une id\u00e9e, un projet ou une ligne de croissance en un cadre \u00e9conomique coh\u00e9rent, quantifi\u00e9 et d\u00e9fendable. Notre travail combine <strong>l&rsquo;analyse de march\u00e9, la mod\u00e9lisation financi\u00e8re et le jugement strat\u00e9gique<\/strong> pour construire des documents clairs, coh\u00e9rents et utilisables tant dans les processus internes (<strong>comit\u00e9s, conseil d&rsquo;administration, investissement<\/strong>) que face \u00e0 des tiers (<strong>financeurs, partenaires, investisseurs<\/strong>). Nous privil\u00e9gions la tra\u00e7abilit\u00e9 des hypoth\u00e8ses, la robustesse des donn\u00e9es et la clart\u00e9 narrative, de sorte que le plan explique bien ce que l&rsquo;on veut faire, pourquoi cela a du sens et <strong>comment cela se traduit en r\u00e9sultats.<\/strong>  <o:p><\/o:p><\/h6><h6><strong> <\/strong><\/h6><div><\/div><div><\/div><h6><b>Plans strat\u00e9giques<o:p><\/o:p><\/b><\/h6><h6>Nous travaillons sur la d\u00e9finition du positionnement et de la <strong>strat\u00e9gie de croissance<\/strong>, en identifiant les <strong>leviers commerciaux, op\u00e9rationnels et d&rsquo;investissement<\/strong>. Nous structurons la feuille de route en <strong>phases<\/strong>, <strong>objectifs<\/strong> mesurables et <strong>m\u00e9triques<\/strong> de suivi, en alignant le plan sur la r\u00e9alit\u00e9 de l&rsquo;entreprise et sur ce qu&rsquo;exigent les diff\u00e9rents interlocuteurs : direction, actionnaires, financeurs ou partenaires potentiels. <o:p><\/o:p><\/h6><h6><b> <\/b><\/h6><h6><b>Analyses de march\u00e9s et sectorielles<o:p><\/o:p><\/b><\/h6><h6>Nous \u00e9valuons <strong>l&rsquo;environnement concurrentiel<\/strong>, la <strong>taille<\/strong> et <strong>l&rsquo;\u00e9volution<\/strong> du <strong>march\u00e9<\/strong>, les tendances, les moteurs de la demande, la substitution, les <strong>barri\u00e8res \u00e0 l&rsquo;entr\u00e9e et les risques<\/strong> sp\u00e9cifiques du secteur. Nous traduisons ces conclusions en hypoth\u00e8ses quantitatives qui alimentent le mod\u00e8le \u00e9conomique du plan, en \u00e9vitant les analyses g\u00e9n\u00e9riques et en nous concentrant sur ce qui fait r\u00e9ellement bouger les <strong>revenus, les prix, les co\u00fbts et la capacit\u00e9 d&rsquo;ex\u00e9cution.<\/strong> <o:p><\/o:p><\/h6><h6><b> <\/b><\/h6><h6><b>Financement de plans d&rsquo;affaires <o:p><\/o:p><\/b><\/h6><h6>Nous pr\u00e9parons le <strong>plan<\/strong> pour qu&rsquo;il soit <strong>finan\u00e7able<\/strong> : structure du <strong>capital<\/strong>, besoins de <strong>tr\u00e9sorerie<\/strong>, calendrier des <strong>investissements<\/strong>, capacit\u00e9 de <strong>remboursement et covenants<\/strong> raisonnables. Nous d\u00e9finissons des sc\u00e9narios et des sensibilit\u00e9s qui anticipent les questions typiques des banques, des fonds ou des co-investisseurs, et nous construisons une narration financi\u00e8re qui relie l&rsquo;utilisation des fonds aux rendements, aux \u00e9tapes cl\u00e9s et \u00e0 la g\u00e9n\u00e9ration de tr\u00e9sorerie. <o:p><\/o:p><\/h6><h6><b> <\/b><\/h6><h6><b>Analyse des couvertures financi\u00e8res<o:p><\/o:p><\/b><\/h6><h6>Nous int\u00e9grons, le cas \u00e9ch\u00e9ant, la <strong>gestion du risque financier<\/strong> dans le plan : sensibilit\u00e9 aux <strong>taux d&rsquo;int\u00e9r\u00eat, aux devises, \u00e0 l&rsquo;inflation, aux mati\u00e8res premi\u00e8res ou aux prix r\u00e9glement\u00e9s<\/strong>, et l&rsquo;effet potentiel sur les marges et la tr\u00e9sorerie. Nous \u00e9valuons les <strong>alternatives de couverture<\/strong> et leur <strong>impact \u00e9conomique<\/strong>, afin que le plan soit non seulement ambitieux, mais aussi robuste face \u00e0 la volatilit\u00e9 et aux sc\u00e9narios d\u00e9favorables. <o:p><\/o:p><\/h6><h6><strong> <\/strong><\/h6><h6><strong>Plans d&rsquo;investissement en publicit\u00e9 et marketing<\/strong><o:p><\/o:p><\/h6><h6>Nous d\u00e9veloppons des plans sp\u00e9cifiquement orient\u00e9s vers la <strong>croissance commerciale<\/strong>, o\u00f9 la cl\u00e9 est de relier <strong>l&rsquo;investissement en marketing aux r\u00e9sultats<\/strong> escompt\u00e9s. Nous d\u00e9finissons les objectifs, les canaux, l&rsquo;entonnoir, les m\u00e9triques (co\u00fbt d&rsquo;acquisition d&rsquo;un client \u00ab\u00a0CAC\u00a0\u00bb, valeur de la dur\u00e9e de vie d&rsquo;un client \u00ab\u00a0Lifetime Value\u00a0\u00bb \u00ab\u00a0LTV\u00a0\u00bb, conversion, r\u00e9tention), le calendrier et le budget, et nous le traduisons en un mod\u00e8le qui permet d&rsquo;\u00e9valuer le <strong>retour sur investissement, les p\u00e9riodes de maturation et les seuils de rentabilit\u00e9<\/strong> avec un crit\u00e8re financier. <o:p><\/o:p><\/h6><h6><o:p> <\/o:p><\/h6><h6><strong>Plans d&rsquo;investissements<\/strong><o:p><\/o:p><\/h6><h6>Nous structurons les programmes d&rsquo;investissement (<strong>CAPEX et OPEX<\/strong> associ\u00e9s) avec une priorisation, une s\u00e9quenciation et des crit\u00e8res de rentabilit\u00e9. Nous \u00e9valuons les <strong>alternatives<\/strong>, nous d\u00e9finissons les <strong>hypoth\u00e8ses techniques<\/strong> et op\u00e9rationnelles pertinentes, et nous mod\u00e9lisons <strong>l&rsquo;impact sur la capacit\u00e9, les co\u00fbts, la productivit\u00e9 et les r\u00e9sultats<\/strong>. L&rsquo;objectif est que l&rsquo;investissement soit compr\u00e9hensible, d\u00e9fendable et comparable, avec une vision claire des risques, des d\u00e9pendances et du retour attendu.  <o:p><\/o:p><\/h6>\t\t\t\t\t\t\t\t<\/div>\n\t\t\t\t<\/div>\n\t\t<div class=\"elementor-element elementor-element-11786d1 e-con-full e-flex e-con e-child\" data-id=\"11786d1\" data-element_type=\"container\">\n\t\t\t\t<\/div>\n\t\t\t\t\t<\/div>\n\t\t\t\t<\/div>\n\t\t\t\t<\/div>\n\t\t","protected":false},"excerpt":{"rendered":"<p>Plans d\u2019affaires Chez martinsdelima, nous \u00e9laborons des plans d&rsquo;affaires avec une approche pratique et ax\u00e9e sur la d\u00e9cision : convertir une id\u00e9e, un projet ou une ligne de croissance en un cadre \u00e9conomique coh\u00e9rent, quantifi\u00e9 et d\u00e9fendable. Notre travail combine l&rsquo;analyse de march\u00e9, la mod\u00e9lisation financi\u00e8re et le jugement strat\u00e9gique [&hellip;]<\/p>\n","protected":false},"author":1,"featured_media":0,"parent":0,"menu_order":0,"comment_status":"closed","ping_status":"closed","template":"page-templates\/template-pagebuilder-full-width.php","meta":{"footnotes":""},"class_list":["post-10764","page","type-page","status-publish","hentry"],"yoast_head":"<!-- This site is optimized with the Yoast SEO plugin v26.4 - https:\/\/yoast.com\/wordpress\/plugins\/seo\/ -->\n<title>Plans d&#039;affaires - Martinsdelima<\/title>\n<meta name=\"robots\" content=\"index, follow, max-snippet:-1, max-image-preview:large, max-video-preview:-1\" \/>\n<link rel=\"canonical\" href=\"https:\/\/www.martinsdelima.com\/fr\/plans-daffaires\/\" \/>\n<meta property=\"og:locale\" content=\"fr_FR\" \/>\n<meta property=\"og:type\" content=\"article\" \/>\n<meta property=\"og:title\" content=\"Plans d&#039;affaires - Martinsdelima\" \/>\n<meta property=\"og:description\" content=\"Plans d\u2019affaires Chez martinsdelima, nous \u00e9laborons des plans d&rsquo;affaires avec une approche pratique et ax\u00e9e sur la d\u00e9cision : convertir une id\u00e9e, un projet ou une ligne de croissance en un cadre \u00e9conomique coh\u00e9rent, quantifi\u00e9 et d\u00e9fendable. Notre travail combine l&rsquo;analyse de march\u00e9, la mod\u00e9lisation financi\u00e8re et le jugement strat\u00e9gique [&hellip;]\" \/>\n<meta property=\"og:url\" content=\"https:\/\/www.martinsdelima.com\/fr\/plans-daffaires\/\" \/>\n<meta property=\"og:site_name\" content=\"Martinsdelima\" \/>\n<meta property=\"article:modified_time\" content=\"2026-02-12T10:24:55+00:00\" \/>\n<meta name=\"twitter:card\" content=\"summary_large_image\" \/>\n<meta name=\"twitter:label1\" content=\"Dur\u00e9e de lecture estim\u00e9e\" \/>\n\t<meta name=\"twitter:data1\" content=\"3 minutes\" \/>\n<script type=\"application\/ld+json\" class=\"yoast-schema-graph\">{\"@context\":\"https:\/\/schema.org\",\"@graph\":[{\"@type\":\"WebPage\",\"@id\":\"https:\/\/www.martinsdelima.com\/fr\/plans-daffaires\/\",\"url\":\"https:\/\/www.martinsdelima.com\/fr\/plans-daffaires\/\",\"name\":\"Plans d'affaires - Martinsdelima\",\"isPartOf\":{\"@id\":\"https:\/\/www.martinsdelima.com\/fr\/#website\"},\"datePublished\":\"2026-01-02T21:44:20+00:00\",\"dateModified\":\"2026-02-12T10:24:55+00:00\",\"breadcrumb\":{\"@id\":\"https:\/\/www.martinsdelima.com\/fr\/plans-daffaires\/#breadcrumb\"},\"inLanguage\":\"fr-FR\",\"potentialAction\":[{\"@type\":\"ReadAction\",\"target\":[\"https:\/\/www.martinsdelima.com\/fr\/plans-daffaires\/\"]}]},{\"@type\":\"BreadcrumbList\",\"@id\":\"https:\/\/www.martinsdelima.com\/fr\/plans-daffaires\/#breadcrumb\",\"itemListElement\":[{\"@type\":\"ListItem\",\"position\":1,\"name\":\"Page d'accueil\",\"item\":\"https:\/\/www.martinsdelima.com\/fr\/accueil\/\"},{\"@type\":\"ListItem\",\"position\":2,\"name\":\"Plans d\u2019affaires\"}]},{\"@type\":\"WebSite\",\"@id\":\"https:\/\/www.martinsdelima.com\/fr\/#website\",\"url\":\"https:\/\/www.martinsdelima.com\/fr\/\",\"name\":\"Martinsdelima\",\"description\":\"Forensic&amp;Finance\",\"publisher\":{\"@id\":\"https:\/\/www.martinsdelima.com\/fr\/#organization\"},\"potentialAction\":[{\"@type\":\"SearchAction\",\"target\":{\"@type\":\"EntryPoint\",\"urlTemplate\":\"https:\/\/www.martinsdelima.com\/fr\/?s={search_term_string}\"},\"query-input\":{\"@type\":\"PropertyValueSpecification\",\"valueRequired\":true,\"valueName\":\"search_term_string\"}}],\"inLanguage\":\"fr-FR\"},{\"@type\":\"Organization\",\"@id\":\"https:\/\/www.martinsdelima.com\/fr\/#organization\",\"name\":\"Martinsdelima\",\"url\":\"https:\/\/www.martinsdelima.com\/fr\/\",\"logo\":{\"@type\":\"ImageObject\",\"inLanguage\":\"fr-FR\",\"@id\":\"https:\/\/www.martinsdelima.com\/fr\/#\/schema\/logo\/image\/\",\"url\":\"https:\/\/mligy6wbr5rs.i.optimole.com\/w:auto\/h:auto\/q:mauto\/f:best\/https:\/\/www.martinsdelima.com\/wp-content\/uploads\/2025\/10\/martinsdelima-letras-claras-horizontal.png\",\"contentUrl\":\"https:\/\/mligy6wbr5rs.i.optimole.com\/w:auto\/h:auto\/q:mauto\/f:best\/https:\/\/www.martinsdelima.com\/wp-content\/uploads\/2025\/10\/martinsdelima-letras-claras-horizontal.png\",\"width\":1315,\"height\":217,\"caption\":\"Martinsdelima\"},\"image\":{\"@id\":\"https:\/\/www.martinsdelima.com\/fr\/#\/schema\/logo\/image\/\"}}]}<\/script>\n<!-- \/ Yoast SEO plugin. -->","yoast_head_json":{"title":"Plans d'affaires - Martinsdelima","robots":{"index":"index","follow":"follow","max-snippet":"max-snippet:-1","max-image-preview":"max-image-preview:large","max-video-preview":"max-video-preview:-1"},"canonical":"https:\/\/www.martinsdelima.com\/fr\/plans-daffaires\/","og_locale":"fr_FR","og_type":"article","og_title":"Plans d'affaires - Martinsdelima","og_description":"Plans d\u2019affaires Chez martinsdelima, nous \u00e9laborons des plans d&rsquo;affaires avec une approche pratique et ax\u00e9e sur la d\u00e9cision : convertir une id\u00e9e, un projet ou une ligne de croissance en un cadre \u00e9conomique coh\u00e9rent, quantifi\u00e9 et d\u00e9fendable. Notre travail combine l&rsquo;analyse de march\u00e9, la mod\u00e9lisation financi\u00e8re et le jugement strat\u00e9gique [&hellip;]","og_url":"https:\/\/www.martinsdelima.com\/fr\/plans-daffaires\/","og_site_name":"Martinsdelima","article_modified_time":"2026-02-12T10:24:55+00:00","twitter_card":"summary_large_image","twitter_misc":{"Dur\u00e9e de lecture estim\u00e9e":"3 minutes"},"schema":{"@context":"https:\/\/schema.org","@graph":[{"@type":"WebPage","@id":"https:\/\/www.martinsdelima.com\/fr\/plans-daffaires\/","url":"https:\/\/www.martinsdelima.com\/fr\/plans-daffaires\/","name":"Plans d'affaires - Martinsdelima","isPartOf":{"@id":"https:\/\/www.martinsdelima.com\/fr\/#website"},"datePublished":"2026-01-02T21:44:20+00:00","dateModified":"2026-02-12T10:24:55+00:00","breadcrumb":{"@id":"https:\/\/www.martinsdelima.com\/fr\/plans-daffaires\/#breadcrumb"},"inLanguage":"fr-FR","potentialAction":[{"@type":"ReadAction","target":["https:\/\/www.martinsdelima.com\/fr\/plans-daffaires\/"]}]},{"@type":"BreadcrumbList","@id":"https:\/\/www.martinsdelima.com\/fr\/plans-daffaires\/#breadcrumb","itemListElement":[{"@type":"ListItem","position":1,"name":"Page d'accueil","item":"https:\/\/www.martinsdelima.com\/fr\/accueil\/"},{"@type":"ListItem","position":2,"name":"Plans d\u2019affaires"}]},{"@type":"WebSite","@id":"https:\/\/www.martinsdelima.com\/fr\/#website","url":"https:\/\/www.martinsdelima.com\/fr\/","name":"Martinsdelima","description":"Forensic&amp;Finance","publisher":{"@id":"https:\/\/www.martinsdelima.com\/fr\/#organization"},"potentialAction":[{"@type":"SearchAction","target":{"@type":"EntryPoint","urlTemplate":"https:\/\/www.martinsdelima.com\/fr\/?s={search_term_string}"},"query-input":{"@type":"PropertyValueSpecification","valueRequired":true,"valueName":"search_term_string"}}],"inLanguage":"fr-FR"},{"@type":"Organization","@id":"https:\/\/www.martinsdelima.com\/fr\/#organization","name":"Martinsdelima","url":"https:\/\/www.martinsdelima.com\/fr\/","logo":{"@type":"ImageObject","inLanguage":"fr-FR","@id":"https:\/\/www.martinsdelima.com\/fr\/#\/schema\/logo\/image\/","url":"https:\/\/mligy6wbr5rs.i.optimole.com\/w:auto\/h:auto\/q:mauto\/f:best\/https:\/\/www.martinsdelima.com\/wp-content\/uploads\/2025\/10\/martinsdelima-letras-claras-horizontal.png","contentUrl":"https:\/\/mligy6wbr5rs.i.optimole.com\/w:auto\/h:auto\/q:mauto\/f:best\/https:\/\/www.martinsdelima.com\/wp-content\/uploads\/2025\/10\/martinsdelima-letras-claras-horizontal.png","width":1315,"height":217,"caption":"Martinsdelima"},"image":{"@id":"https:\/\/www.martinsdelima.com\/fr\/#\/schema\/logo\/image\/"}}]}},"_links":{"self":[{"href":"https:\/\/www.martinsdelima.com\/fr\/wp-json\/wp\/v2\/pages\/10764","targetHints":{"allow":["GET"]}}],"collection":[{"href":"https:\/\/www.martinsdelima.com\/fr\/wp-json\/wp\/v2\/pages"}],"about":[{"href":"https:\/\/www.martinsdelima.com\/fr\/wp-json\/wp\/v2\/types\/page"}],"author":[{"embeddable":true,"href":"https:\/\/www.martinsdelima.com\/fr\/wp-json\/wp\/v2\/users\/1"}],"replies":[{"embeddable":true,"href":"https:\/\/www.martinsdelima.com\/fr\/wp-json\/wp\/v2\/comments?post=10764"}],"version-history":[{"count":2,"href":"https:\/\/www.martinsdelima.com\/fr\/wp-json\/wp\/v2\/pages\/10764\/revisions"}],"predecessor-version":[{"id":11675,"href":"https:\/\/www.martinsdelima.com\/fr\/wp-json\/wp\/v2\/pages\/10764\/revisions\/11675"}],"wp:attachment":[{"href":"https:\/\/www.martinsdelima.com\/fr\/wp-json\/wp\/v2\/media?parent=10764"}],"curies":[{"name":"wp","href":"https:\/\/api.w.org\/{rel}","templated":true}]}}