{"id":10768,"date":"2026-01-02T20:26:16","date_gmt":"2026-01-02T20:26:16","guid":{"rendered":"https:\/\/www.martinsdelima.com\/evaluations\/"},"modified":"2026-02-20T11:03:42","modified_gmt":"2026-02-20T11:03:42","slug":"evaluations","status":"publish","type":"page","link":"https:\/\/www.martinsdelima.com\/fr\/evaluations\/","title":{"rendered":"\u00c9valuations"},"content":{"rendered":"\t\t<div data-elementor-type=\"wp-page\" data-elementor-id=\"10768\" class=\"elementor elementor-10768 elementor-8285\" data-elementor-post-type=\"page\">\n\t\t\t\t\t\t<section class=\"elementor-section elementor-top-section elementor-element elementor-element-5861a17 elementor-section-full_width elementor-section-stretched elementor-section-height-default elementor-section-height-default\" data-id=\"5861a17\" data-element_type=\"section\" data-settings=\"{&quot;stretch_section&quot;:&quot;section-stretched&quot;,&quot;background_background&quot;:&quot;classic&quot;}\">\n\t\t\t\t\t\t\t<div class=\"elementor-background-overlay\"><\/div>\n\t\t\t\t\t\t\t<div class=\"elementor-container elementor-column-gap-default\">\n\t\t\t\t\t<div class=\"elementor-column elementor-col-100 elementor-top-column elementor-element elementor-element-ea42bdb\" data-id=\"ea42bdb\" data-element_type=\"column\">\n\t\t\t<div class=\"elementor-widget-wrap elementor-element-populated\">\n\t\t\t\t\t\t<div class=\"elementor-element elementor-element-8924fce elementor-widget elementor-widget-heading\" data-id=\"8924fce\" data-element_type=\"widget\" data-widget_type=\"heading.default\">\n\t\t\t\t<div class=\"elementor-widget-container\">\n\t\t\t\t\t<h2 class=\"elementor-heading-title elementor-size-default\"><b>\u00c9valuations<\/b><\/h2>\t\t\t\t<\/div>\n\t\t\t\t<\/div>\n\t\t\t\t\t<\/div>\n\t\t<\/div>\n\t\t\t\t\t<\/div>\n\t\t<\/section>\n\t\t<div class=\"elementor-element elementor-element-fe28872 e-flex e-con-boxed e-con e-parent\" data-id=\"fe28872\" data-element_type=\"container\">\n\t\t\t\t\t<div class=\"e-con-inner\">\n\t\t<div class=\"elementor-element elementor-element-11786d1 e-con-full e-flex e-con e-child\" data-id=\"11786d1\" data-element_type=\"container\">\n\t\t\t\t<\/div>\n\t\t\t\t<div class=\"elementor-element elementor-element-9f5b602 elementor-widget elementor-widget-text-editor\" data-id=\"9f5b602\" data-element_type=\"widget\" data-widget_type=\"text-editor.default\">\n\t\t\t\t<div class=\"elementor-widget-container\">\n\t\t\t\t\t\t\t\t\t<h6>Chez martinsdelima, nous r\u00e9alisons des \u00e9valuations avec une <strong>approche financi\u00e8re rigoureuse<\/strong> et orient\u00e9e vers la <strong>prise de d\u00e9cisions<\/strong>. Nous veillons \u00e0 ce que la <strong>valeur<\/strong> obtenue soit <strong>coh\u00e9rente avec la r\u00e9alit\u00e9 \u00e9conomique de l&rsquo;actif<\/strong>, tra\u00e7able dans ses hypoth\u00e8ses et, si n\u00e9cessaire, <strong>d\u00e9fendable<\/strong> face \u00e0 des tiers. Nous combinons <strong>mod\u00e9lisation, analyse de sc\u00e9narios et comparaison avec des r\u00e9f\u00e9rences de march\u00e9<\/strong> pour transformer des informations complexes en conclusions claires et utiles pour les <strong>associ\u00e9s, les investisseurs, les organes d&rsquo;administration et les \u00e9quipes juridiques<\/strong>.  <\/h6>\n<h6><br><\/h6>\n<h6><\/h6>\n<h6><\/h6>\n<h6><\/h6>\n<div><\/div>\n<div><\/div>\n<h6><strong>\u00c9valuation d&rsquo;entreprises et d&rsquo;unit\u00e9s<\/strong><\/h6>\n<h6>Nous \u00e9valuons les <strong>entreprises, les lignes de m\u00e9tier et les unit\u00e9s op\u00e9rationnelles<\/strong> dans des contextes de <strong>fusion-acquisition, de restructuration d&rsquo;entreprise<\/strong>, d&rsquo;entr\u00e9e ou de sortie d&rsquo;<strong>associ\u00e9s<\/strong>, de conflits entre actionnaires et de planification strat\u00e9gique. Nous construisons des mod\u00e8les bas\u00e9s sur la <strong>capacit\u00e9<\/strong> r\u00e9elle de <strong>g\u00e9n\u00e9ration de tr\u00e9sorerie<\/strong>, nous identifions les moteurs de valeur et nous d\u00e9veloppons des sc\u00e9narios qui permettent de comprendre d&rsquo;o\u00f9 vient la valeur et quelles variables la font \u00e9voluer. Nous compl\u00e9tons l&rsquo;analyse par des comparaisons de march\u00e9 lorsque cela apporte de la robustesse, et nous documentons les hypoth\u00e8ses et les suppositions pour faciliter la discussion et la n\u00e9gociation.  <\/h6>\n<h6><strong>&nbsp;<\/strong><\/h6>\n<h6><strong>\u00c9valuation de produits d\u00e9riv\u00e9s<\/strong><\/h6>\n<h6>Nous r\u00e9alisons des \u00e9valuations ind\u00e9pendantes d&rsquo;<strong>instruments financiers et de couvertures<\/strong>, y compris les d\u00e9riv\u00e9s de <strong>taux d&rsquo;int\u00e9r\u00eat, de change, d&rsquo;inflation ou de mati\u00e8res premi\u00e8res<\/strong>, en mettant l&rsquo;accent sur leur impact \u00e9conomique et sur la coh\u00e9rence de la m\u00e9thode d&rsquo;\u00e9valuation. Nous analysons les termes contractuels, les courbes, les donn\u00e9es, la sensibilit\u00e9 et les risques associ\u00e9s afin de d\u00e9terminer la juste valeur et d&rsquo;expliquer de mani\u00e8re compr\u00e9hensible les r\u00e9sultats. Ce type de travail est particuli\u00e8rement utile dans les <strong>op\u00e9rations de fusion-acquisition, les revues internes, les audits et les litiges<\/strong> o\u00f9 la quantification doit \u00eatre solide et transparente.  <\/h6>\n<div><\/div>\n<h6><strong>&nbsp;<\/strong><\/h6>\n<h6><strong>\u00c9valuation de projets et de PPA<\/strong><\/h6>\n<h6>Nous \u00e9valuons des <strong>projets et \u00e9tudions leur financement (Project Finance). Par cons\u00e9quent, nous analysons les accords de prix (<\/strong>Purchase Price Agreement, PPA), en identifiant et en quantifiant la contribution de chaque composante \u00e9conomique. Nous analysons les flux attendus, les risques, les jalons, les d\u00e9pendances et les hypoth\u00e8ses op\u00e9rationnelles, et nous d\u00e9veloppons des mod\u00e8les permettant de comprendre le rendement \u00e9conomique et la cr\u00e9ation de valeur du projet. Le cas \u00e9ch\u00e9ant, nous d\u00e9finissons des <strong>sc\u00e9narios et des sensibilit\u00e9s<\/strong> pour \u00e9valuer la r\u00e9silience de l&rsquo;analyse de rentabilisation et sa coh\u00e9rence avec l&rsquo;environnement sectoriel.  <\/h6>\n<div><\/div>\n<h6><strong>&nbsp;<\/strong><\/h6>\n<h6><strong>\u00c9valuation de fonds et de portefeuilles d&rsquo;actifs<\/strong><\/h6>\n<h6>Nous r\u00e9alisons des \u00e9valuations de <strong>portefeuilles et de v\u00e9hicules<\/strong>, ainsi que d&rsquo;<strong>actifs individuels<\/strong> au sein d&rsquo;un portefeuille, en int\u00e9grant des crit\u00e8res financiers et la nature sp\u00e9cifique de chaque actif. Nous \u00e9valuons la <strong>qualit\u00e9 du flux, le profil de risque, les hypoth\u00e8ses de sortie et les facteurs<\/strong> qui expliquent la <strong>rentabilit\u00e9<\/strong>, avec une approche particuli\u00e8rement utile dans les processus d&rsquo;investissement, de d\u00e9sinvestissement, de reporting aux investisseurs et d&rsquo;analyse de performance. Notre objectif est d&rsquo;apporter une vision claire sur la valeur, ses leviers et ses fourchettes raisonnables.  <\/h6>\n<div><\/div>\n<h6><strong>&nbsp;<\/strong><\/h6>\n<h6><strong>\u00c9valuation de sportifs<\/strong><\/h6>\n<h6 style=\"text-align: justify;\">Nous r\u00e9alisons des valorisations dans le domaine sportif lorsqu&rsquo;il est n\u00e9cessaire d&rsquo;estimer la <strong>valeur \u00e9conomique associ\u00e9e \u00e0 la carri\u00e8re professionnelle, aux droits li\u00e9s, aux revenus<\/strong> attendus ou l&rsquo;impact \u00e9conomique de certains accords. Nous fondons l&rsquo;analyse sur des bases v\u00e9rifiables. <\/h6>\n<h6 style=\"text-align: justify;\"><br><\/h6>\n<h6 style=\"text-align: justify;\"><b>\u00c9valuation de la propri\u00e9t\u00e9 intellectuelle<\/b>&nbsp;<\/h6>\n<h6 style=\"text-align: justify;\"><span style=\"font-family: AvantGarde, sans-serif;\">Nous \u00e9valuons les actifs de propri\u00e9t\u00e9 intellectuelle tels que les brevets, les logiciels, le savoir-faire, les bases de donn\u00e9es et les droits d&rsquo;auteur. Nous \u00e9laborons des analyses bas\u00e9es sur leur capacit\u00e9 \u00e0 g\u00e9n\u00e9rer des flux de tr\u00e9sorerie, que ce soit par des revenus de licences, des \u00e9conomies de co\u00fbts ou une contribution aux revenus. Pour ce faire, nous d\u00e9finissons des hypoth\u00e8ses et des sensibilit\u00e9s qui permettent d&rsquo;obtenir un r\u00e9sultat tra\u00e7able et, si n\u00e9cessaire, d\u00e9fendable face \u00e0 des tiers.  &nbsp;<\/span><\/h6>\n<h6 style=\"text-align: justify;\"><span style=\"font-weight: 700; font-size: inherit;\"><br><\/span><\/h6>\n<h6 style=\"text-align: justify;\"><span style=\"font-weight: 700; font-size: inherit;\">\u00c9valuation de marques<\/span><\/h6>\n<h6 style=\"color: rgba(0, 0, 0, 0.6);\">Nous \u00e9valuons les marques en estimant leur contribution \u00e9conomique \u00e0 l&rsquo;entreprise. Nous analysons leur force commerciale, leur contribution aux revenus et aux marges, ainsi que le risque associ\u00e9, en int\u00e9grant des sc\u00e9narios et des sensibilit\u00e9s qui permettent de comprendre les leviers expliquant leur valeur. <\/h6>\t\t\t\t\t\t\t\t<\/div>\n\t\t\t\t<\/div>\n\t\t\t\t\t<\/div>\n\t\t\t\t<\/div>\n\t\t\t\t<\/div>\n\t\t","protected":false},"excerpt":{"rendered":"<p>\u00c9valuations Chez martinsdelima, nous r\u00e9alisons des \u00e9valuations avec une approche financi\u00e8re rigoureuse et orient\u00e9e vers la prise de d\u00e9cisions. Nous veillons \u00e0 ce que la valeur obtenue soit coh\u00e9rente avec la r\u00e9alit\u00e9 \u00e9conomique de l&rsquo;actif, tra\u00e7able dans ses hypoth\u00e8ses et, si n\u00e9cessaire, d\u00e9fendable face \u00e0 des tiers. Nous combinons mod\u00e9lisation, [&hellip;]<\/p>\n","protected":false},"author":1,"featured_media":0,"parent":0,"menu_order":0,"comment_status":"closed","ping_status":"closed","template":"page-templates\/template-pagebuilder-full-width.php","meta":{"footnotes":""},"class_list":["post-10768","page","type-page","status-publish","hentry"],"yoast_head":"<!-- This site is optimized with the Yoast SEO plugin v26.4 - https:\/\/yoast.com\/wordpress\/plugins\/seo\/ -->\n<title>\u00c9valuations - Martinsdelima<\/title>\n<meta name=\"robots\" content=\"index, follow, max-snippet:-1, max-image-preview:large, max-video-preview:-1\" \/>\n<link rel=\"canonical\" href=\"https:\/\/www.martinsdelima.com\/fr\/evaluations\/\" \/>\n<meta property=\"og:locale\" content=\"fr_FR\" \/>\n<meta property=\"og:type\" content=\"article\" \/>\n<meta property=\"og:title\" content=\"\u00c9valuations - Martinsdelima\" \/>\n<meta property=\"og:description\" content=\"\u00c9valuations Chez martinsdelima, nous r\u00e9alisons des \u00e9valuations avec une approche financi\u00e8re rigoureuse et orient\u00e9e vers la prise de d\u00e9cisions. Nous veillons \u00e0 ce que la valeur obtenue soit coh\u00e9rente avec la r\u00e9alit\u00e9 \u00e9conomique de l&rsquo;actif, tra\u00e7able dans ses hypoth\u00e8ses et, si n\u00e9cessaire, d\u00e9fendable face \u00e0 des tiers. Nous combinons mod\u00e9lisation, [&hellip;]\" \/>\n<meta property=\"og:url\" content=\"https:\/\/www.martinsdelima.com\/fr\/evaluations\/\" \/>\n<meta property=\"og:site_name\" content=\"Martinsdelima\" \/>\n<meta property=\"article:modified_time\" content=\"2026-02-20T11:03:42+00:00\" \/>\n<meta name=\"twitter:card\" content=\"summary_large_image\" \/>\n<meta name=\"twitter:label1\" content=\"Dur\u00e9e de lecture estim\u00e9e\" \/>\n\t<meta name=\"twitter:data1\" content=\"4 minutes\" \/>\n<script type=\"application\/ld+json\" class=\"yoast-schema-graph\">{\"@context\":\"https:\/\/schema.org\",\"@graph\":[{\"@type\":\"WebPage\",\"@id\":\"https:\/\/www.martinsdelima.com\/fr\/evaluations\/\",\"url\":\"https:\/\/www.martinsdelima.com\/fr\/evaluations\/\",\"name\":\"\u00c9valuations - Martinsdelima\",\"isPartOf\":{\"@id\":\"https:\/\/www.martinsdelima.com\/fr\/#website\"},\"datePublished\":\"2026-01-02T20:26:16+00:00\",\"dateModified\":\"2026-02-20T11:03:42+00:00\",\"breadcrumb\":{\"@id\":\"https:\/\/www.martinsdelima.com\/fr\/evaluations\/#breadcrumb\"},\"inLanguage\":\"fr-FR\",\"potentialAction\":[{\"@type\":\"ReadAction\",\"target\":[\"https:\/\/www.martinsdelima.com\/fr\/evaluations\/\"]}]},{\"@type\":\"BreadcrumbList\",\"@id\":\"https:\/\/www.martinsdelima.com\/fr\/evaluations\/#breadcrumb\",\"itemListElement\":[{\"@type\":\"ListItem\",\"position\":1,\"name\":\"Page d'accueil\",\"item\":\"https:\/\/www.martinsdelima.com\/fr\/accueil\/\"},{\"@type\":\"ListItem\",\"position\":2,\"name\":\"\u00c9valuations\"}]},{\"@type\":\"WebSite\",\"@id\":\"https:\/\/www.martinsdelima.com\/fr\/#website\",\"url\":\"https:\/\/www.martinsdelima.com\/fr\/\",\"name\":\"Martinsdelima\",\"description\":\"Forensic&amp;Finance\",\"publisher\":{\"@id\":\"https:\/\/www.martinsdelima.com\/fr\/#organization\"},\"potentialAction\":[{\"@type\":\"SearchAction\",\"target\":{\"@type\":\"EntryPoint\",\"urlTemplate\":\"https:\/\/www.martinsdelima.com\/fr\/?s={search_term_string}\"},\"query-input\":{\"@type\":\"PropertyValueSpecification\",\"valueRequired\":true,\"valueName\":\"search_term_string\"}}],\"inLanguage\":\"fr-FR\"},{\"@type\":\"Organization\",\"@id\":\"https:\/\/www.martinsdelima.com\/fr\/#organization\",\"name\":\"Martinsdelima\",\"url\":\"https:\/\/www.martinsdelima.com\/fr\/\",\"logo\":{\"@type\":\"ImageObject\",\"inLanguage\":\"fr-FR\",\"@id\":\"https:\/\/www.martinsdelima.com\/fr\/#\/schema\/logo\/image\/\",\"url\":\"https:\/\/mligy6wbr5rs.i.optimole.com\/w:auto\/h:auto\/q:mauto\/f:best\/https:\/\/www.martinsdelima.com\/wp-content\/uploads\/2025\/10\/martinsdelima-letras-claras-horizontal.png\",\"contentUrl\":\"https:\/\/mligy6wbr5rs.i.optimole.com\/w:auto\/h:auto\/q:mauto\/f:best\/https:\/\/www.martinsdelima.com\/wp-content\/uploads\/2025\/10\/martinsdelima-letras-claras-horizontal.png\",\"width\":1315,\"height\":217,\"caption\":\"Martinsdelima\"},\"image\":{\"@id\":\"https:\/\/www.martinsdelima.com\/fr\/#\/schema\/logo\/image\/\"}}]}<\/script>\n<!-- \/ Yoast SEO plugin. -->","yoast_head_json":{"title":"\u00c9valuations - Martinsdelima","robots":{"index":"index","follow":"follow","max-snippet":"max-snippet:-1","max-image-preview":"max-image-preview:large","max-video-preview":"max-video-preview:-1"},"canonical":"https:\/\/www.martinsdelima.com\/fr\/evaluations\/","og_locale":"fr_FR","og_type":"article","og_title":"\u00c9valuations - Martinsdelima","og_description":"\u00c9valuations Chez martinsdelima, nous r\u00e9alisons des \u00e9valuations avec une approche financi\u00e8re rigoureuse et orient\u00e9e vers la prise de d\u00e9cisions. Nous veillons \u00e0 ce que la valeur obtenue soit coh\u00e9rente avec la r\u00e9alit\u00e9 \u00e9conomique de l&rsquo;actif, tra\u00e7able dans ses hypoth\u00e8ses et, si n\u00e9cessaire, d\u00e9fendable face \u00e0 des tiers. Nous combinons mod\u00e9lisation, [&hellip;]","og_url":"https:\/\/www.martinsdelima.com\/fr\/evaluations\/","og_site_name":"Martinsdelima","article_modified_time":"2026-02-20T11:03:42+00:00","twitter_card":"summary_large_image","twitter_misc":{"Dur\u00e9e de lecture estim\u00e9e":"4 minutes"},"schema":{"@context":"https:\/\/schema.org","@graph":[{"@type":"WebPage","@id":"https:\/\/www.martinsdelima.com\/fr\/evaluations\/","url":"https:\/\/www.martinsdelima.com\/fr\/evaluations\/","name":"\u00c9valuations - Martinsdelima","isPartOf":{"@id":"https:\/\/www.martinsdelima.com\/fr\/#website"},"datePublished":"2026-01-02T20:26:16+00:00","dateModified":"2026-02-20T11:03:42+00:00","breadcrumb":{"@id":"https:\/\/www.martinsdelima.com\/fr\/evaluations\/#breadcrumb"},"inLanguage":"fr-FR","potentialAction":[{"@type":"ReadAction","target":["https:\/\/www.martinsdelima.com\/fr\/evaluations\/"]}]},{"@type":"BreadcrumbList","@id":"https:\/\/www.martinsdelima.com\/fr\/evaluations\/#breadcrumb","itemListElement":[{"@type":"ListItem","position":1,"name":"Page d'accueil","item":"https:\/\/www.martinsdelima.com\/fr\/accueil\/"},{"@type":"ListItem","position":2,"name":"\u00c9valuations"}]},{"@type":"WebSite","@id":"https:\/\/www.martinsdelima.com\/fr\/#website","url":"https:\/\/www.martinsdelima.com\/fr\/","name":"Martinsdelima","description":"Forensic&amp;Finance","publisher":{"@id":"https:\/\/www.martinsdelima.com\/fr\/#organization"},"potentialAction":[{"@type":"SearchAction","target":{"@type":"EntryPoint","urlTemplate":"https:\/\/www.martinsdelima.com\/fr\/?s={search_term_string}"},"query-input":{"@type":"PropertyValueSpecification","valueRequired":true,"valueName":"search_term_string"}}],"inLanguage":"fr-FR"},{"@type":"Organization","@id":"https:\/\/www.martinsdelima.com\/fr\/#organization","name":"Martinsdelima","url":"https:\/\/www.martinsdelima.com\/fr\/","logo":{"@type":"ImageObject","inLanguage":"fr-FR","@id":"https:\/\/www.martinsdelima.com\/fr\/#\/schema\/logo\/image\/","url":"https:\/\/mligy6wbr5rs.i.optimole.com\/w:auto\/h:auto\/q:mauto\/f:best\/https:\/\/www.martinsdelima.com\/wp-content\/uploads\/2025\/10\/martinsdelima-letras-claras-horizontal.png","contentUrl":"https:\/\/mligy6wbr5rs.i.optimole.com\/w:auto\/h:auto\/q:mauto\/f:best\/https:\/\/www.martinsdelima.com\/wp-content\/uploads\/2025\/10\/martinsdelima-letras-claras-horizontal.png","width":1315,"height":217,"caption":"Martinsdelima"},"image":{"@id":"https:\/\/www.martinsdelima.com\/fr\/#\/schema\/logo\/image\/"}}]}},"_links":{"self":[{"href":"https:\/\/www.martinsdelima.com\/fr\/wp-json\/wp\/v2\/pages\/10768","targetHints":{"allow":["GET"]}}],"collection":[{"href":"https:\/\/www.martinsdelima.com\/fr\/wp-json\/wp\/v2\/pages"}],"about":[{"href":"https:\/\/www.martinsdelima.com\/fr\/wp-json\/wp\/v2\/types\/page"}],"author":[{"embeddable":true,"href":"https:\/\/www.martinsdelima.com\/fr\/wp-json\/wp\/v2\/users\/1"}],"replies":[{"embeddable":true,"href":"https:\/\/www.martinsdelima.com\/fr\/wp-json\/wp\/v2\/comments?post=10768"}],"version-history":[{"count":12,"href":"https:\/\/www.martinsdelima.com\/fr\/wp-json\/wp\/v2\/pages\/10768\/revisions"}],"predecessor-version":[{"id":12694,"href":"https:\/\/www.martinsdelima.com\/fr\/wp-json\/wp\/v2\/pages\/10768\/revisions\/12694"}],"wp:attachment":[{"href":"https:\/\/www.martinsdelima.com\/fr\/wp-json\/wp\/v2\/media?parent=10768"}],"curies":[{"name":"wp","href":"https:\/\/api.w.org\/{rel}","templated":true}]}}