{"id":10793,"date":"2025-11-25T22:35:50","date_gmt":"2025-11-25T22:35:50","guid":{"rendered":"https:\/\/www.martinsdelima.com\/rapports-dexpertise-en-droit-du-travail\/"},"modified":"2026-02-12T11:45:12","modified_gmt":"2026-02-12T11:45:12","slug":"rapports-dexpertise-en-droit-du-travail","status":"publish","type":"page","link":"https:\/\/www.martinsdelima.com\/fr\/rapports-dexpertise-en-droit-du-travail\/","title":{"rendered":"Rapports d&rsquo;expertise en droit du travail"},"content":{"rendered":"\t\t<div data-elementor-type=\"wp-page\" data-elementor-id=\"10793\" class=\"elementor elementor-10793 elementor-7791\" data-elementor-post-type=\"page\">\n\t\t\t\t\t\t<section class=\"elementor-section elementor-top-section elementor-element elementor-element-5861a17 elementor-section-full_width elementor-section-stretched elementor-section-height-default elementor-section-height-default\" data-id=\"5861a17\" data-element_type=\"section\" data-settings=\"{&quot;stretch_section&quot;:&quot;section-stretched&quot;,&quot;background_background&quot;:&quot;classic&quot;}\">\n\t\t\t\t\t\t\t<div class=\"elementor-background-overlay\"><\/div>\n\t\t\t\t\t\t\t<div class=\"elementor-container elementor-column-gap-default\">\n\t\t\t\t\t<div class=\"elementor-column elementor-col-100 elementor-top-column elementor-element elementor-element-ea42bdb\" data-id=\"ea42bdb\" data-element_type=\"column\">\n\t\t\t<div class=\"elementor-widget-wrap elementor-element-populated\">\n\t\t\t\t\t\t<div class=\"elementor-element elementor-element-8924fce elementor-widget elementor-widget-heading\" data-id=\"8924fce\" data-element_type=\"widget\" data-widget_type=\"heading.default\">\n\t\t\t\t<div class=\"elementor-widget-container\">\n\t\t\t\t\t<h2 class=\"elementor-heading-title elementor-size-default\"><b>Rapports d'expertise en droit du travail et en ressources humaines<\/b><\/h2>\t\t\t\t<\/div>\n\t\t\t\t<\/div>\n\t\t\t\t\t<\/div>\n\t\t<\/div>\n\t\t\t\t\t<\/div>\n\t\t<\/section>\n\t\t<div class=\"elementor-element elementor-element-fe28872 e-flex e-con-boxed e-con e-parent\" data-id=\"fe28872\" data-element_type=\"container\">\n\t\t\t\t\t<div class=\"e-con-inner\">\n\t\t<div class=\"elementor-element elementor-element-11786d1 e-con-full e-flex e-con e-child\" data-id=\"11786d1\" data-element_type=\"container\">\n\t\t\t\t<div class=\"elementor-element elementor-element-9f5b602 elementor-widget elementor-widget-text-editor\" data-id=\"9f5b602\" data-element_type=\"widget\" data-widget_type=\"text-editor.default\">\n\t\t\t\t<div class=\"elementor-widget-container\">\n\t\t\t\t\t\t\t\t\t<h6>Chez martinsdelima, nous \u00e9laborons des <strong>rapports d&rsquo;expertise technico-juridiques en droit du travail<\/strong> pour tout type de proc\u00e9dures de r\u00e9organisation d&rsquo;entreprise, combinant <strong>analyse \u00e9conomique, op\u00e9rationnelle, technique et organisationnelle<\/strong> avec un crit\u00e8re d&rsquo;expertise ind\u00e9pendant. Notre exp\u00e9rience transversale par secteurs, de l&rsquo;industrie et de l&rsquo;\u00e9nergie aux services, au commerce de d\u00e9tail ou aux environnements hautement r\u00e9glement\u00e9s, nous permet de situer chaque cas dans son contexte r\u00e9el de march\u00e9 et d&rsquo;affaires, et de construire des conclusions solides et d\u00e9fendables. <\/h6><h6><strong> <\/strong><\/h6><h6><strong>Licenciement collectif : PSE et ch\u00f4mage partiel<\/strong><\/h6><h6>Nous pr\u00e9parons des rapports pour les <strong>plans de sauvegarde de l&#8217;emploi<\/strong>, qu&rsquo;ils soient extinctifs ou temporaires, en accr\u00e9ditant de mani\u00e8re rigoureuse la r\u00e9union de <strong>causes \u00e9conomiques, techniques, organisationnelles ou de production (ETOP)<\/strong>, ainsi que les cas de force majeure ou d&rsquo;autres circonstances exceptionnelles. Nous analysons l&rsquo;\u00e9volution de l&rsquo;<strong>activit\u00e9, de la demande, de la structure des co\u00fbts, de la capacit\u00e9 de production, de l&rsquo;organisation du personnel et des projections de viabilit\u00e9<\/strong>, afin de justifier la port\u00e9e de la mesure, sa proportionnalit\u00e9 et ses alternatives possibles. Ces travaux int\u00e8grent g\u00e9n\u00e9ralement des sc\u00e9narios comparatifs et une mod\u00e9lisation de l&rsquo;impact \u00e9conomique de diff\u00e9rentes solutions organisationnelles.  <\/h6><h6 data-start=\"1931\" data-end=\"1987\"><strong> <\/strong><\/h6><h6 data-start=\"1931\" data-end=\"1987\"><strong>Licenciements individuels (disciplinaires et objectifs)<\/strong><\/h6><h6 data-start=\"1988\" data-end=\"2307\">Nous \u00e9mettons des avis sur les <strong data-start=\"2014\" data-end=\"2047\">licenciements pour causes objectives<\/strong> (inaptitude survenue, d\u00e9faut d&rsquo;adaptation, suppression du poste) et <strong data-start=\"2120\" data-end=\"2138\">disciplinaires<\/strong> (violation de la bonne foi, diminution continue du rendement, indiscipline), avec v\u00e9rification des <strong data-start=\"2243\" data-end=\"2282\">faits, des mesures et de la proportionnalit\u00e9<\/strong>.<\/h6><h6 data-start=\"1988\" data-end=\"2307\">Pour ce faire, nous r\u00e9alisons un <strong>a<\/strong><strong data-start=\"2310\" data-end=\"2336\">udit de performance<\/strong> et utilisons des <strong>indices de r\u00e9f\u00e9rences internes et externes (KPI, Benchmarks)<\/strong> et nous r\u00e9visons la <strong data-start=\"2400\" data-end=\"2427\">tra\u00e7abilit\u00e9 des ordres<\/strong>, des communications, des protocoles et de la diligence entrepreneuriale.<\/h6><h6 data-start=\"1988\" data-end=\"2307\">De plus, si n\u00e9cessaire, nous r\u00e9alisons le <strong>c<\/strong><strong data-start=\"2486\" data-end=\"2516\">alcul des indemnit\u00e9s<\/strong> et le contr\u00f4le des <strong data-start=\"2530\" data-end=\"2546\">formalit\u00e9s<\/strong> (d\u00e9lais, notifications, documentation).<\/h6><h6><strong> <\/strong><\/h6><h6><strong>Modification substantielle des conditions de travail (MSCT)<\/strong><\/h6><h6>Nous intervenons dans les modifications substantielles des conditions de travail (MSCT), la mobilit\u00e9 fonctionnelle\/g\u00e9ographique et les restructurations internes. Nous d\u00e9veloppons des analyses d\u00e9taill\u00e9es de la <strong>productivit\u00e9, des \u00e9quipes, des charges de travail, de l&rsquo;efficacit\u00e9 des processus et du dimensionnement des effectifs<\/strong>, en comparant l&rsquo;organisation r\u00e9elle \u00e0 la demande actuelle et pr\u00e9vue. Nous identifions ainsi les inefficacit\u00e9s, \u00e9valuons la n\u00e9cessit\u00e9 de changements structurels et proposons des mesures organisationnelles viables pour retrouver de la comp\u00e9titivit\u00e9.  <\/h6><h6><strong> <\/strong><\/h6><h6><strong>Haute direction et postes cl\u00e9s<\/strong><\/h6><h6>Nous disposons d&rsquo;une pratique sp\u00e9cifique en mati\u00e8re de <strong>rapports relatifs \u00e0 la haute direction et aux r\u00f4les strat\u00e9giques<\/strong>, dans lesquels nous analysons les fonctions effectives, la structure de r\u00e9mun\u00e9ration fixe et variable, l&rsquo;alignement sur les objectifs, les crit\u00e8res de march\u00e9 et la tra\u00e7abilit\u00e9 des d\u00e9cisions. Ces rapports sont habituellement utilis\u00e9s dans les processus de r\u00e9organisation, les conflits du travail complexes ou les r\u00e9visions internes o\u00f9 une \u00e9valuation technique ind\u00e9pendante est n\u00e9cessaire. <\/h6><h6><strong> <\/strong><\/h6><h6 data-start=\"3430\" data-end=\"3461\"><strong>R\u00e9mun\u00e9ration et stock-options<\/strong><\/h6><h6 data-start=\"3463\" data-end=\"3727\">Nous conseillons dans les litiges concernant la <strong data-start=\"152\" data-end=\"194\">structure de r\u00e9mun\u00e9ration fixe et variable<\/strong>, les <strong data-start=\"196\" data-end=\"205\">primes<\/strong> et les <strong data-start=\"208\" data-end=\"236\">incitations \u00e0 long terme<\/strong> (LTIP, <em data-start=\"244\" data-end=\"270\">Long-Term Incentive Plan<\/em>), telles que les <strong data-start=\"278\" data-end=\"305\">options sur actions<\/strong> (<em data-start=\"307\" data-end=\"322\">stock options<\/em>), les <strong data-start=\"325\" data-end=\"350\">actions restreintes<\/strong> (RSU, <em data-start=\"357\" data-end=\"381\">Restricted Stock Units<\/em>) et les <strong data-start=\"385\" data-end=\"403\">phantom shares<\/strong> (droits \u00e9conomiques qui reproduisent la valeur de l&rsquo;action sans transfert de propri\u00e9t\u00e9). Nous analysons \u00e9galement les <strong data-start=\"512\" data-end=\"539\">clauses de protection<\/strong> telles que le <em data-start=\"545\" data-end=\"563\">golden parachute<\/em> (indemnit\u00e9 de d\u00e9part pour les dirigeants), la <strong data-start=\"606\" data-end=\"625\">non-sollicitation<\/strong> (non-d\u00e9bauchage de personnel ou de clients) et la <strong data-start=\"666\" data-end=\"681\">permanence<\/strong>. <\/h6><h6 data-start=\"0\" data-end=\"417\">Nous v\u00e9rifions les objectifs et les indicateurs (<strong data-start=\"37\" data-end=\"44\">KPI<\/strong>, <em data-start=\"46\" data-end=\"74\">Key Performance Indicators<\/em> ou indicateurs cl\u00e9s) et les syst\u00e8mes de direction par objectifs (<strong data-start=\"139\" data-end=\"146\">MBO<\/strong>, <em data-start=\"148\" data-end=\"174\">Management by Objectives<\/em>). Nous ajustons les r\u00e9sultats comptables aux marges op\u00e9rationnelles telles que l&rsquo;<strong data-start=\"239\" data-end=\"247\">EBIT<\/strong> (<em data-start=\"249\" data-end=\"285\">Earnings Before Interest and Taxes<\/em>) et l&rsquo;<strong data-start=\"289\" data-end=\"299\">EBITDA<\/strong> (<em data-start=\"301\" data-end=\"365\">Earnings Before Interest, Taxes, Depreciation and Amortization<\/em>), en appliquant les limites du plan (<strong data-start=\"400\" data-end=\"415\">caps\/floors<\/strong>). <\/h6><h6 data-start=\"419\" data-end=\"647\">Nous r\u00e9visons la <strong data-start=\"432\" data-end=\"460\">coh\u00e9rence contractuelle<\/strong> : \u00e9ligibilit\u00e9, <strong data-start=\"476\" data-end=\"487\">acquisition<\/strong> (naissance du droit), <strong data-start=\"514\" data-end=\"525\">vesting<\/strong> (consolidation), <strong data-start=\"543\" data-end=\"560\">acc\u00e9l\u00e9rations<\/strong>, m\u00e9canismes <strong data-start=\"573\" data-end=\"582\">malus<\/strong> (p\u00e9nalisation ex post) et <strong data-start=\"608\" data-end=\"620\">clawback<\/strong> (restitution des montants).<\/h6><h6 data-start=\"649\" data-end=\"858\">Nous comparons avec le <strong data-start=\"667\" data-end=\"678\">march\u00e9<\/strong> (benchmark) pour les postes cl\u00e9s et la haute direction, en comparant le fixe, le variable et les packages \u00e0 long terme par rapport aux pratiques du secteur, et nous documentons les conclusions avec tra\u00e7abilit\u00e9.<\/h6><div><\/div><div><\/div><div><\/div><div><\/div><h6 data-start=\"43\" data-end=\"532\"><strong> <\/strong><\/h6><h6 data-start=\"43\" data-end=\"532\"><strong>R\u00e9organisations et conventions<\/strong><\/h6><h6 data-start=\"43\" data-end=\"532\">Nous soutenons les processus de <strong data-start=\"64\" data-end=\"82\">r\u00e9organisation<\/strong> et de <strong data-start=\"85\" data-end=\"110\">n\u00e9gociation collective<\/strong>, la p\u00e9riode de consultation, les modifications collectives, les d\u00e9rogations et les accords d&rsquo;entreprise, en combinant l&rsquo;analyse organisationnelle et \u00e9conomique. Nous partons d&rsquo;un <strong data-start=\"276\" data-end=\"309\">diagnostic par centres et zones<\/strong> (fonctions effectives, processus, chevauchements et dimensionnement) et nous <strong data-start=\"378\" data-end=\"404\">mod\u00e9lisons l&rsquo;impact<\/strong> sur le co\u00fbt, le service, la productivit\u00e9 et la rotation, en comparant les alternatives avec des crit\u00e8res de n\u00e9cessit\u00e9, d&rsquo;ad\u00e9quation et de proportionnalit\u00e9. <\/h6><h6 data-start=\"534\" data-end=\"951\">Si un <strong data-start=\"547\" data-end=\"569\">changement de convention<\/strong> est envisag\u00e9, nous \u00e9laborons un <strong data-start=\"585\" data-end=\"624\">rapport sur les postes et les r\u00e9mun\u00e9rations<\/strong> : inventaire et \u00e9valuation objective des postes, <strong data-start=\"688\" data-end=\"710\">matrices d&rsquo;ad\u00e9quation<\/strong> avec la convention de destination et <strong data-start=\"740\" data-end=\"758\">quantification<\/strong> des diff\u00e9rences de salaire de base, de compl\u00e9ments, de dur\u00e9e de travail, de gardes et de primes. Nous proposons des <strong data-start=\"844\" data-end=\"872\">m\u00e9canismes de transition<\/strong> (absorption\/compensation, calendrier et \u00e9tapes) pour une mise en \u0153uvre d\u00e9fendable. <\/h6><h6 data-start=\"953\" data-end=\"1434\">De plus, nous analysons les <strong data-start=\"972\" data-end=\"996\">conventions applicables<\/strong>, la <strong data-start=\"998\" data-end=\"1014\">concurrence<\/strong> et la <strong data-start=\"1017\" data-end=\"1043\">marge de flexibilit\u00e9<\/strong> (articulation, priorit\u00e9 et proc\u00e9dures) pour soutenir le choix du cadre conventionnel et la viabilit\u00e9 des mesures.<\/h6><h6><\/h6><h6><\/h6><h6><strong> <\/strong><\/h6><h6><strong>Rapports m\u00e9dicaux dans le domaine du travail<\/strong><\/h6><h6>Nous \u00e9laborons des rapports m\u00e9dico-l\u00e9gaux li\u00e9s aux processus d&rsquo;incapacit\u00e9, d&rsquo;aptitude au poste, de s\u00e9quelles et d&rsquo;\u00e9valuation fonctionnelle. Nous analysons de mani\u00e8re structur\u00e9e la documentation clinique et l&rsquo;\u00e9volution du tableau m\u00e9dical afin de d\u00e9terminer les limitations, le pronostic et la r\u00e9percussion sur l&rsquo;activit\u00e9 professionnelle, en soutenant techniquement les d\u00e9cisions entrepreneuriales ou les positions proc\u00e9durales. <\/h6><div><\/div><div><\/div><div><h2 data-start=\"6102\" data-end=\"6135\"><\/h2><\/div><div><h6 data-start=\"6102\" data-end=\"6135\"><strong> <\/strong><\/h6><h6 data-start=\"6102\" data-end=\"6135\"><strong>Comp\u00e9tence et confidentialit\u00e9<\/strong><\/h6><h6>Nous r\u00e9alisons des rapports sur les <strong data-start=\"6152\" data-end=\"6195\">pactes de non-concurrence et de non-d\u00e9bauchage<\/strong>, la <strong data-start=\"6197\" data-end=\"6217\">confidentialit\u00e9<\/strong>, la <strong data-start=\"6219\" data-end=\"6243\">concurrence d\u00e9loyale<\/strong>, l&rsquo;<strong data-start=\"6245\" data-end=\"6272\">appropriation de connaissances (know-how)<\/strong> et l&rsquo;<strong data-start=\"6275\" data-end=\"6316\">exploitation de secrets d&rsquo;affaires<\/strong> dans le cadre du travail.<\/h6><h6>Pour ce faire, nous analysons en premier lieu les <strong>contrats<\/strong> (\u00e9tendue objective\/temporelle\/territoriale ; compensation ; proportionnalit\u00e9). Nous comparons ensuite avec les crit\u00e8res admis de <strong>comp\u00e9tence<\/strong> (produit, prix, \u00e9tendue g\u00e9ographique, image, communication, positionnement). Nous tra\u00e7ons \u00e9galement les preuves telles que les <strong>mouvements d&rsquo;informations, les r\u00e9f\u00e9rentiels et les acc\u00e8s<\/strong>.  <\/h6><h6>Enfin, nous r\u00e9alisons la quantification du <strong>dommage \u00e9mergent et du manque \u00e0 gagner<\/strong>.<\/h6><\/div><h6><strong> <\/strong><\/h6><h6><strong>Exp\u00e9rience en n\u00e9gociation et en si\u00e8ge judiciaire<\/strong><\/h6><h6>Un \u00e9l\u00e9ment diff\u00e9rentiel de notre pratique est la combinaison de la <strong>capacit\u00e9 d&rsquo;expertise et de l&rsquo;exp\u00e9rience proc\u00e9durale et de n\u00e9gociation<\/strong>. Nous disposons d&rsquo;une vaste exp\u00e9rience tant en salle (ratification et d\u00e9fense de rapports devant les <strong>tribunaux et l&rsquo;Audience Nationale<\/strong>) qu&rsquo;\u00e0 la table de n\u00e9gociation, accompagnant les entreprises dans les p\u00e9riodes de consultation et les n\u00e9gociations avec les <strong>repr\u00e9sentations syndicales et les comit\u00e9s d&rsquo;entreprise<\/strong>. Nous traduisons les donn\u00e9es et la documentation en arguments clairs, coh\u00e9rents et utiles pour la prise de d\u00e9cisions, facilitant les accords lorsque cela est possible et renfor\u00e7ant la position technique de l&rsquo;entreprise lorsque le conflit arrive au si\u00e8ge judiciaire.<\/h6>\t\t\t\t\t\t\t\t<\/div>\n\t\t\t\t<\/div>\n\t\t\t\t<\/div>\n\t\t\t\t\t<\/div>\n\t\t\t\t<\/div>\n\t\t\t\t<\/div>\n\t\t","protected":false},"excerpt":{"rendered":"<p>Rapports d&rsquo;expertise en droit du travail et en ressources humaines Chez martinsdelima, nous \u00e9laborons des rapports d&rsquo;expertise technico-juridiques en droit du travail pour tout type de proc\u00e9dures de r\u00e9organisation d&rsquo;entreprise, combinant analyse \u00e9conomique, op\u00e9rationnelle, technique et organisationnelle avec un crit\u00e8re d&rsquo;expertise ind\u00e9pendant. Notre exp\u00e9rience transversale par secteurs, de l&rsquo;industrie et [&hellip;]<\/p>\n","protected":false},"author":1,"featured_media":0,"parent":0,"menu_order":0,"comment_status":"closed","ping_status":"closed","template":"page-templates\/template-pagebuilder-full-width.php","meta":{"footnotes":""},"class_list":["post-10793","page","type-page","status-publish","hentry"],"yoast_head":"<!-- This site is optimized with the Yoast SEO plugin v26.4 - https:\/\/yoast.com\/wordpress\/plugins\/seo\/ -->\n<title>Rapports d&#039;expertise en droit du travail - Martinsdelima<\/title>\n<meta name=\"robots\" content=\"index, follow, max-snippet:-1, max-image-preview:large, max-video-preview:-1\" \/>\n<link rel=\"canonical\" href=\"https:\/\/www.martinsdelima.com\/fr\/rapports-dexpertise-en-droit-du-travail\/\" \/>\n<meta property=\"og:locale\" content=\"fr_FR\" \/>\n<meta property=\"og:type\" content=\"article\" \/>\n<meta property=\"og:title\" content=\"Rapports d&#039;expertise en droit du travail - Martinsdelima\" \/>\n<meta property=\"og:description\" content=\"Rapports d&rsquo;expertise en droit du travail et en ressources humaines Chez martinsdelima, nous \u00e9laborons des rapports d&rsquo;expertise technico-juridiques en droit du travail pour tout type de proc\u00e9dures de r\u00e9organisation d&rsquo;entreprise, combinant analyse \u00e9conomique, op\u00e9rationnelle, technique et organisationnelle avec un crit\u00e8re d&rsquo;expertise ind\u00e9pendant. Notre exp\u00e9rience transversale par secteurs, de l&rsquo;industrie et [&hellip;]\" \/>\n<meta property=\"og:url\" content=\"https:\/\/www.martinsdelima.com\/fr\/rapports-dexpertise-en-droit-du-travail\/\" \/>\n<meta property=\"og:site_name\" content=\"Martinsdelima\" \/>\n<meta property=\"article:modified_time\" content=\"2026-02-12T11:45:12+00:00\" \/>\n<meta name=\"twitter:card\" content=\"summary_large_image\" \/>\n<meta name=\"twitter:label1\" content=\"Dur\u00e9e de lecture estim\u00e9e\" \/>\n\t<meta name=\"twitter:data1\" content=\"6 minutes\" \/>\n<script type=\"application\/ld+json\" class=\"yoast-schema-graph\">{\"@context\":\"https:\/\/schema.org\",\"@graph\":[{\"@type\":\"WebPage\",\"@id\":\"https:\/\/www.martinsdelima.com\/fr\/rapports-dexpertise-en-droit-du-travail\/\",\"url\":\"https:\/\/www.martinsdelima.com\/fr\/rapports-dexpertise-en-droit-du-travail\/\",\"name\":\"Rapports d'expertise en droit du travail - Martinsdelima\",\"isPartOf\":{\"@id\":\"https:\/\/www.martinsdelima.com\/fr\/#website\"},\"datePublished\":\"2025-11-25T22:35:50+00:00\",\"dateModified\":\"2026-02-12T11:45:12+00:00\",\"breadcrumb\":{\"@id\":\"https:\/\/www.martinsdelima.com\/fr\/rapports-dexpertise-en-droit-du-travail\/#breadcrumb\"},\"inLanguage\":\"fr-FR\",\"potentialAction\":[{\"@type\":\"ReadAction\",\"target\":[\"https:\/\/www.martinsdelima.com\/fr\/rapports-dexpertise-en-droit-du-travail\/\"]}]},{\"@type\":\"BreadcrumbList\",\"@id\":\"https:\/\/www.martinsdelima.com\/fr\/rapports-dexpertise-en-droit-du-travail\/#breadcrumb\",\"itemListElement\":[{\"@type\":\"ListItem\",\"position\":1,\"name\":\"Page d'accueil\",\"item\":\"https:\/\/www.martinsdelima.com\/fr\/accueil\/\"},{\"@type\":\"ListItem\",\"position\":2,\"name\":\"Rapports d\u2019expertise en droit du travail\"}]},{\"@type\":\"WebSite\",\"@id\":\"https:\/\/www.martinsdelima.com\/fr\/#website\",\"url\":\"https:\/\/www.martinsdelima.com\/fr\/\",\"name\":\"Martinsdelima\",\"description\":\"Forensic&amp;Finance\",\"publisher\":{\"@id\":\"https:\/\/www.martinsdelima.com\/fr\/#organization\"},\"potentialAction\":[{\"@type\":\"SearchAction\",\"target\":{\"@type\":\"EntryPoint\",\"urlTemplate\":\"https:\/\/www.martinsdelima.com\/fr\/?s={search_term_string}\"},\"query-input\":{\"@type\":\"PropertyValueSpecification\",\"valueRequired\":true,\"valueName\":\"search_term_string\"}}],\"inLanguage\":\"fr-FR\"},{\"@type\":\"Organization\",\"@id\":\"https:\/\/www.martinsdelima.com\/fr\/#organization\",\"name\":\"Martinsdelima\",\"url\":\"https:\/\/www.martinsdelima.com\/fr\/\",\"logo\":{\"@type\":\"ImageObject\",\"inLanguage\":\"fr-FR\",\"@id\":\"https:\/\/www.martinsdelima.com\/fr\/#\/schema\/logo\/image\/\",\"url\":\"https:\/\/mligy6wbr5rs.i.optimole.com\/w:auto\/h:auto\/q:mauto\/f:best\/https:\/\/www.martinsdelima.com\/wp-content\/uploads\/2025\/10\/martinsdelima-letras-claras-horizontal.png\",\"contentUrl\":\"https:\/\/mligy6wbr5rs.i.optimole.com\/w:auto\/h:auto\/q:mauto\/f:best\/https:\/\/www.martinsdelima.com\/wp-content\/uploads\/2025\/10\/martinsdelima-letras-claras-horizontal.png\",\"width\":1315,\"height\":217,\"caption\":\"Martinsdelima\"},\"image\":{\"@id\":\"https:\/\/www.martinsdelima.com\/fr\/#\/schema\/logo\/image\/\"}}]}<\/script>\n<!-- \/ Yoast SEO plugin. -->","yoast_head_json":{"title":"Rapports d'expertise en droit du travail - Martinsdelima","robots":{"index":"index","follow":"follow","max-snippet":"max-snippet:-1","max-image-preview":"max-image-preview:large","max-video-preview":"max-video-preview:-1"},"canonical":"https:\/\/www.martinsdelima.com\/fr\/rapports-dexpertise-en-droit-du-travail\/","og_locale":"fr_FR","og_type":"article","og_title":"Rapports d'expertise en droit du travail - Martinsdelima","og_description":"Rapports d&rsquo;expertise en droit du travail et en ressources humaines Chez martinsdelima, nous \u00e9laborons des rapports d&rsquo;expertise technico-juridiques en droit du travail pour tout type de proc\u00e9dures de r\u00e9organisation d&rsquo;entreprise, combinant analyse \u00e9conomique, op\u00e9rationnelle, technique et organisationnelle avec un crit\u00e8re d&rsquo;expertise ind\u00e9pendant. Notre exp\u00e9rience transversale par secteurs, de l&rsquo;industrie et [&hellip;]","og_url":"https:\/\/www.martinsdelima.com\/fr\/rapports-dexpertise-en-droit-du-travail\/","og_site_name":"Martinsdelima","article_modified_time":"2026-02-12T11:45:12+00:00","twitter_card":"summary_large_image","twitter_misc":{"Dur\u00e9e de lecture estim\u00e9e":"6 minutes"},"schema":{"@context":"https:\/\/schema.org","@graph":[{"@type":"WebPage","@id":"https:\/\/www.martinsdelima.com\/fr\/rapports-dexpertise-en-droit-du-travail\/","url":"https:\/\/www.martinsdelima.com\/fr\/rapports-dexpertise-en-droit-du-travail\/","name":"Rapports d'expertise en droit du travail - Martinsdelima","isPartOf":{"@id":"https:\/\/www.martinsdelima.com\/fr\/#website"},"datePublished":"2025-11-25T22:35:50+00:00","dateModified":"2026-02-12T11:45:12+00:00","breadcrumb":{"@id":"https:\/\/www.martinsdelima.com\/fr\/rapports-dexpertise-en-droit-du-travail\/#breadcrumb"},"inLanguage":"fr-FR","potentialAction":[{"@type":"ReadAction","target":["https:\/\/www.martinsdelima.com\/fr\/rapports-dexpertise-en-droit-du-travail\/"]}]},{"@type":"BreadcrumbList","@id":"https:\/\/www.martinsdelima.com\/fr\/rapports-dexpertise-en-droit-du-travail\/#breadcrumb","itemListElement":[{"@type":"ListItem","position":1,"name":"Page d'accueil","item":"https:\/\/www.martinsdelima.com\/fr\/accueil\/"},{"@type":"ListItem","position":2,"name":"Rapports d\u2019expertise en droit du travail"}]},{"@type":"WebSite","@id":"https:\/\/www.martinsdelima.com\/fr\/#website","url":"https:\/\/www.martinsdelima.com\/fr\/","name":"Martinsdelima","description":"Forensic&amp;Finance","publisher":{"@id":"https:\/\/www.martinsdelima.com\/fr\/#organization"},"potentialAction":[{"@type":"SearchAction","target":{"@type":"EntryPoint","urlTemplate":"https:\/\/www.martinsdelima.com\/fr\/?s={search_term_string}"},"query-input":{"@type":"PropertyValueSpecification","valueRequired":true,"valueName":"search_term_string"}}],"inLanguage":"fr-FR"},{"@type":"Organization","@id":"https:\/\/www.martinsdelima.com\/fr\/#organization","name":"Martinsdelima","url":"https:\/\/www.martinsdelima.com\/fr\/","logo":{"@type":"ImageObject","inLanguage":"fr-FR","@id":"https:\/\/www.martinsdelima.com\/fr\/#\/schema\/logo\/image\/","url":"https:\/\/mligy6wbr5rs.i.optimole.com\/w:auto\/h:auto\/q:mauto\/f:best\/https:\/\/www.martinsdelima.com\/wp-content\/uploads\/2025\/10\/martinsdelima-letras-claras-horizontal.png","contentUrl":"https:\/\/mligy6wbr5rs.i.optimole.com\/w:auto\/h:auto\/q:mauto\/f:best\/https:\/\/www.martinsdelima.com\/wp-content\/uploads\/2025\/10\/martinsdelima-letras-claras-horizontal.png","width":1315,"height":217,"caption":"Martinsdelima"},"image":{"@id":"https:\/\/www.martinsdelima.com\/fr\/#\/schema\/logo\/image\/"}}]}},"_links":{"self":[{"href":"https:\/\/www.martinsdelima.com\/fr\/wp-json\/wp\/v2\/pages\/10793","targetHints":{"allow":["GET"]}}],"collection":[{"href":"https:\/\/www.martinsdelima.com\/fr\/wp-json\/wp\/v2\/pages"}],"about":[{"href":"https:\/\/www.martinsdelima.com\/fr\/wp-json\/wp\/v2\/types\/page"}],"author":[{"embeddable":true,"href":"https:\/\/www.martinsdelima.com\/fr\/wp-json\/wp\/v2\/users\/1"}],"replies":[{"embeddable":true,"href":"https:\/\/www.martinsdelima.com\/fr\/wp-json\/wp\/v2\/comments?post=10793"}],"version-history":[{"count":2,"href":"https:\/\/www.martinsdelima.com\/fr\/wp-json\/wp\/v2\/pages\/10793\/revisions"}],"predecessor-version":[{"id":11906,"href":"https:\/\/www.martinsdelima.com\/fr\/wp-json\/wp\/v2\/pages\/10793\/revisions\/11906"}],"wp:attachment":[{"href":"https:\/\/www.martinsdelima.com\/fr\/wp-json\/wp\/v2\/media?parent=10793"}],"curies":[{"name":"wp","href":"https:\/\/api.w.org\/{rel}","templated":true}]}}