{"id":10798,"date":"2025-11-21T11:05:27","date_gmt":"2025-11-21T11:05:27","guid":{"rendered":"https:\/\/www.martinsdelima.com\/secteur-environnement-recyclage\/"},"modified":"2026-02-12T10:50:42","modified_gmt":"2026-02-12T10:50:42","slug":"secteur-environnement-recyclage","status":"publish","type":"page","link":"https:\/\/www.martinsdelima.com\/fr\/secteur-environnement-recyclage\/","title":{"rendered":"Secteur Environnement Recyclage"},"content":{"rendered":"\t\t<div data-elementor-type=\"wp-page\" data-elementor-id=\"10798\" class=\"elementor elementor-10798 elementor-7069\" data-elementor-post-type=\"page\">\n\t\t\t\t\t\t<section class=\"elementor-section elementor-top-section elementor-element elementor-element-5861a17 elementor-section-full_width elementor-section-stretched elementor-section-height-default elementor-section-height-default\" data-id=\"5861a17\" data-element_type=\"section\" data-settings=\"{&quot;stretch_section&quot;:&quot;section-stretched&quot;,&quot;background_background&quot;:&quot;classic&quot;}\">\n\t\t\t\t\t\t\t<div class=\"elementor-background-overlay\"><\/div>\n\t\t\t\t\t\t\t<div class=\"elementor-container elementor-column-gap-default\">\n\t\t\t\t\t<div class=\"elementor-column elementor-col-100 elementor-top-column elementor-element elementor-element-ea42bdb\" data-id=\"ea42bdb\" data-element_type=\"column\">\n\t\t\t<div class=\"elementor-widget-wrap elementor-element-populated\">\n\t\t\t\t\t\t<div class=\"elementor-element elementor-element-8924fce elementor-widget elementor-widget-heading\" data-id=\"8924fce\" data-element_type=\"widget\" data-widget_type=\"heading.default\">\n\t\t\t\t<div class=\"elementor-widget-container\">\n\t\t\t\t\t<h2 class=\"elementor-heading-title elementor-size-default\"><b>Environnement et recyclage<\/b><\/h2>\t\t\t\t<\/div>\n\t\t\t\t<\/div>\n\t\t\t\t\t<\/div>\n\t\t<\/div>\n\t\t\t\t\t<\/div>\n\t\t<\/section>\n\t\t<div class=\"elementor-element elementor-element-7469000 e-flex e-con-boxed e-con e-parent\" data-id=\"7469000\" data-element_type=\"container\">\n\t\t\t\t\t<div class=\"e-con-inner\">\n\t\t<div class=\"elementor-element elementor-element-4404da7 e-con-full e-flex e-con e-child\" data-id=\"4404da7\" data-element_type=\"container\">\n\t\t\t\t<div class=\"elementor-element elementor-element-d53b9d3 elementor-widget elementor-widget-text-editor\" data-id=\"d53b9d3\" data-element_type=\"widget\" data-widget_type=\"text-editor.default\">\n\t\t\t\t<div class=\"elementor-widget-container\">\n\t\t\t\t\t\t\t\t\t<h6>Le secteur de l\u2019environnement et du recyclage englobe les activit\u00e9s li\u00e9es \u00e0 la <strong>gestion des d\u00e9chets, \u00e0 la d\u00e9contamination des sols, \u00e0 la valorisation \u00e9nerg\u00e9tique, au traitement industriel et au respect de r\u00e9glementations environnementales<\/strong> de plus en plus strictes. Il s\u2019agit d\u2019un domaine hautement technique, o\u00f9 la viabilit\u00e9 \u00e9conomique des projets d\u00e9pend directement de leur conformit\u00e9 aux normes l\u00e9gales, de la bonne ex\u00e9cution des infrastructures et d\u2019une gestion responsable des impacts environnementaux. <\/h6><h6>Chez martinsdelima, nous disposons d\u2019une solide exp\u00e9rience dans l\u2019<strong>\u00e9valuation technique, \u00e9conomique et r\u00e9glementaire de projets environnementaux<\/strong>, tant pour les entreprises industrielles que pour les fonds d\u2019investissement et les promoteurs.<\/h6><h6><strong> <\/strong><\/h6><h6><strong>Rapports d\u2019expertise technique<\/strong><\/h6><h6>Nous avons men\u00e9 des analyses approfondies d\u2019installations industrielles et de projets de recyclage, comprenant des audits techniques, des visites d\u2019inspection et des \u00e9valuations du fonctionnement r\u00e9el des usines de valorisation et de recyclage. Ces travaux ont permis de d\u00e9tecter des d\u00e9fauts d\u2019ing\u00e9nierie, des d\u00e9ficiences op\u00e9rationnelles et des risques associ\u00e9s \u00e0 la conception ou \u00e0 l\u2019ex\u00e9cution de projets qui devaient transformer des d\u00e9chets sp\u00e9cifiques en combustibles ou autres produits \u00e9nerg\u00e9tiques. <\/h6><h6>De m\u00eame, nous assistons les fonds d\u2019investissement et les entreprises dans les processus d\u2019acquisition de soci\u00e9t\u00e9s soumises \u00e0 des obligations environnementales. Dans ces cas, nous identifions les irr\u00e9gularit\u00e9s, la contamination des sols et des installations, les non-conformit\u00e9s r\u00e9glementaires et les risques cach\u00e9s, en \u00e9valuant leur impact financier, op\u00e9rationnel et juridique. <\/h6><h6><strong> <\/strong><\/h6><h6><strong>Rapports d\u2019expertise \u00e9conomique<\/strong><\/h6><h6>Nous r\u00e9alisons des \u00e9tudes \u00e9conomiques et financi\u00e8res visant \u00e0 d\u00e9terminer l\u2019impact de la pollution ou des d\u00e9faillances techniques sur l\u2019activit\u00e9 entrepreneuriale. Cela comprend le calcul du <strong>pr\u00e9judice direct<\/strong> \u2014 comme les co\u00fbts de d\u00e9contamination ou de r\u00e9paration des installations \u2014 et du <strong>manque \u00e0 gagner<\/strong> d\u00e9coulant des <strong>retards, des arr\u00eats ou des limitations dans l\u2019utilisation des actifs affect\u00e9s<\/strong>. <\/h6><h6>De m\u00eame, nous avons \u00e9valu\u00e9 les dommages dans les cas o\u00f9 un <strong>terrain non d\u00e9pollu\u00e9<\/strong> a \u00e9t\u00e9 vendu. Dans ces cas, nous \u00e9valuons le <strong>dommage \u00e9mergent<\/strong>, incluant des montants tels que les co\u00fbts de d\u00e9pollution des sols ou les licences n\u00e9cessaires. De plus, nous calculons le manque \u00e0 gagner r\u00e9sultant du retard de la construction et de la vente des biens immobiliers ou de l&rsquo;activit\u00e9 qui devait \u00eatre implant\u00e9e.  <\/h6>\t\t\t\t\t\t\t\t<\/div>\n\t\t\t\t<\/div>\n\t\t\t\t<\/div>\n\t\t\t\t\t<\/div>\n\t\t\t\t<\/div>\n\t\t\t\t<\/div>\n\t\t","protected":false},"excerpt":{"rendered":"<p>Environnement et recyclage Le secteur de l\u2019environnement et du recyclage englobe les activit\u00e9s li\u00e9es \u00e0 la gestion des d\u00e9chets, \u00e0 la d\u00e9contamination des sols, \u00e0 la valorisation \u00e9nerg\u00e9tique, au traitement industriel et au respect de r\u00e9glementations environnementales de plus en plus strictes. Il s\u2019agit d\u2019un domaine hautement technique, o\u00f9 la [&hellip;]<\/p>\n","protected":false},"author":1,"featured_media":0,"parent":0,"menu_order":0,"comment_status":"closed","ping_status":"closed","template":"page-templates\/template-pagebuilder-full-width.php","meta":{"footnotes":""},"class_list":["post-10798","page","type-page","status-publish","hentry"],"yoast_head":"<!-- This site is optimized with the Yoast SEO plugin v26.4 - https:\/\/yoast.com\/wordpress\/plugins\/seo\/ -->\n<title>Secteur Environnement Recyclage - Martinsdelima<\/title>\n<meta name=\"robots\" content=\"index, follow, max-snippet:-1, max-image-preview:large, max-video-preview:-1\" \/>\n<link rel=\"canonical\" href=\"https:\/\/www.martinsdelima.com\/fr\/secteur-environnement-recyclage\/\" \/>\n<meta property=\"og:locale\" content=\"fr_FR\" \/>\n<meta property=\"og:type\" content=\"article\" \/>\n<meta property=\"og:title\" content=\"Secteur Environnement Recyclage - Martinsdelima\" \/>\n<meta property=\"og:description\" content=\"Environnement et recyclage Le secteur de l\u2019environnement et du recyclage englobe les activit\u00e9s li\u00e9es \u00e0 la gestion des d\u00e9chets, \u00e0 la d\u00e9contamination des sols, \u00e0 la valorisation \u00e9nerg\u00e9tique, au traitement industriel et au respect de r\u00e9glementations environnementales de plus en plus strictes. Il s\u2019agit d\u2019un domaine hautement technique, o\u00f9 la [&hellip;]\" \/>\n<meta property=\"og:url\" content=\"https:\/\/www.martinsdelima.com\/fr\/secteur-environnement-recyclage\/\" \/>\n<meta property=\"og:site_name\" content=\"Martinsdelima\" \/>\n<meta property=\"article:modified_time\" content=\"2026-02-12T10:50:42+00:00\" \/>\n<meta name=\"twitter:card\" content=\"summary_large_image\" \/>\n<meta name=\"twitter:label1\" content=\"Dur\u00e9e de lecture estim\u00e9e\" \/>\n\t<meta name=\"twitter:data1\" content=\"2 minutes\" \/>\n<script type=\"application\/ld+json\" class=\"yoast-schema-graph\">{\"@context\":\"https:\/\/schema.org\",\"@graph\":[{\"@type\":\"WebPage\",\"@id\":\"https:\/\/www.martinsdelima.com\/fr\/secteur-environnement-recyclage\/\",\"url\":\"https:\/\/www.martinsdelima.com\/fr\/secteur-environnement-recyclage\/\",\"name\":\"Secteur Environnement Recyclage - Martinsdelima\",\"isPartOf\":{\"@id\":\"https:\/\/www.martinsdelima.com\/fr\/#website\"},\"datePublished\":\"2025-11-21T11:05:27+00:00\",\"dateModified\":\"2026-02-12T10:50:42+00:00\",\"breadcrumb\":{\"@id\":\"https:\/\/www.martinsdelima.com\/fr\/secteur-environnement-recyclage\/#breadcrumb\"},\"inLanguage\":\"fr-FR\",\"potentialAction\":[{\"@type\":\"ReadAction\",\"target\":[\"https:\/\/www.martinsdelima.com\/fr\/secteur-environnement-recyclage\/\"]}]},{\"@type\":\"BreadcrumbList\",\"@id\":\"https:\/\/www.martinsdelima.com\/fr\/secteur-environnement-recyclage\/#breadcrumb\",\"itemListElement\":[{\"@type\":\"ListItem\",\"position\":1,\"name\":\"Page d'accueil\",\"item\":\"https:\/\/www.martinsdelima.com\/fr\/accueil\/\"},{\"@type\":\"ListItem\",\"position\":2,\"name\":\"Secteur Environnement Recyclage\"}]},{\"@type\":\"WebSite\",\"@id\":\"https:\/\/www.martinsdelima.com\/fr\/#website\",\"url\":\"https:\/\/www.martinsdelima.com\/fr\/\",\"name\":\"Martinsdelima\",\"description\":\"Forensic&amp;Finance\",\"publisher\":{\"@id\":\"https:\/\/www.martinsdelima.com\/fr\/#organization\"},\"potentialAction\":[{\"@type\":\"SearchAction\",\"target\":{\"@type\":\"EntryPoint\",\"urlTemplate\":\"https:\/\/www.martinsdelima.com\/fr\/?s={search_term_string}\"},\"query-input\":{\"@type\":\"PropertyValueSpecification\",\"valueRequired\":true,\"valueName\":\"search_term_string\"}}],\"inLanguage\":\"fr-FR\"},{\"@type\":\"Organization\",\"@id\":\"https:\/\/www.martinsdelima.com\/fr\/#organization\",\"name\":\"Martinsdelima\",\"url\":\"https:\/\/www.martinsdelima.com\/fr\/\",\"logo\":{\"@type\":\"ImageObject\",\"inLanguage\":\"fr-FR\",\"@id\":\"https:\/\/www.martinsdelima.com\/fr\/#\/schema\/logo\/image\/\",\"url\":\"https:\/\/mligy6wbr5rs.i.optimole.com\/w:auto\/h:auto\/q:mauto\/f:best\/https:\/\/www.martinsdelima.com\/wp-content\/uploads\/2025\/10\/martinsdelima-letras-claras-horizontal.png\",\"contentUrl\":\"https:\/\/mligy6wbr5rs.i.optimole.com\/w:auto\/h:auto\/q:mauto\/f:best\/https:\/\/www.martinsdelima.com\/wp-content\/uploads\/2025\/10\/martinsdelima-letras-claras-horizontal.png\",\"width\":1315,\"height\":217,\"caption\":\"Martinsdelima\"},\"image\":{\"@id\":\"https:\/\/www.martinsdelima.com\/fr\/#\/schema\/logo\/image\/\"}}]}<\/script>\n<!-- \/ Yoast SEO plugin. -->","yoast_head_json":{"title":"Secteur Environnement Recyclage - Martinsdelima","robots":{"index":"index","follow":"follow","max-snippet":"max-snippet:-1","max-image-preview":"max-image-preview:large","max-video-preview":"max-video-preview:-1"},"canonical":"https:\/\/www.martinsdelima.com\/fr\/secteur-environnement-recyclage\/","og_locale":"fr_FR","og_type":"article","og_title":"Secteur Environnement Recyclage - Martinsdelima","og_description":"Environnement et recyclage Le secteur de l\u2019environnement et du recyclage englobe les activit\u00e9s li\u00e9es \u00e0 la gestion des d\u00e9chets, \u00e0 la d\u00e9contamination des sols, \u00e0 la valorisation \u00e9nerg\u00e9tique, au traitement industriel et au respect de r\u00e9glementations environnementales de plus en plus strictes. Il s\u2019agit d\u2019un domaine hautement technique, o\u00f9 la [&hellip;]","og_url":"https:\/\/www.martinsdelima.com\/fr\/secteur-environnement-recyclage\/","og_site_name":"Martinsdelima","article_modified_time":"2026-02-12T10:50:42+00:00","twitter_card":"summary_large_image","twitter_misc":{"Dur\u00e9e de lecture estim\u00e9e":"2 minutes"},"schema":{"@context":"https:\/\/schema.org","@graph":[{"@type":"WebPage","@id":"https:\/\/www.martinsdelima.com\/fr\/secteur-environnement-recyclage\/","url":"https:\/\/www.martinsdelima.com\/fr\/secteur-environnement-recyclage\/","name":"Secteur Environnement Recyclage - Martinsdelima","isPartOf":{"@id":"https:\/\/www.martinsdelima.com\/fr\/#website"},"datePublished":"2025-11-21T11:05:27+00:00","dateModified":"2026-02-12T10:50:42+00:00","breadcrumb":{"@id":"https:\/\/www.martinsdelima.com\/fr\/secteur-environnement-recyclage\/#breadcrumb"},"inLanguage":"fr-FR","potentialAction":[{"@type":"ReadAction","target":["https:\/\/www.martinsdelima.com\/fr\/secteur-environnement-recyclage\/"]}]},{"@type":"BreadcrumbList","@id":"https:\/\/www.martinsdelima.com\/fr\/secteur-environnement-recyclage\/#breadcrumb","itemListElement":[{"@type":"ListItem","position":1,"name":"Page d'accueil","item":"https:\/\/www.martinsdelima.com\/fr\/accueil\/"},{"@type":"ListItem","position":2,"name":"Secteur Environnement Recyclage"}]},{"@type":"WebSite","@id":"https:\/\/www.martinsdelima.com\/fr\/#website","url":"https:\/\/www.martinsdelima.com\/fr\/","name":"Martinsdelima","description":"Forensic&amp;Finance","publisher":{"@id":"https:\/\/www.martinsdelima.com\/fr\/#organization"},"potentialAction":[{"@type":"SearchAction","target":{"@type":"EntryPoint","urlTemplate":"https:\/\/www.martinsdelima.com\/fr\/?s={search_term_string}"},"query-input":{"@type":"PropertyValueSpecification","valueRequired":true,"valueName":"search_term_string"}}],"inLanguage":"fr-FR"},{"@type":"Organization","@id":"https:\/\/www.martinsdelima.com\/fr\/#organization","name":"Martinsdelima","url":"https:\/\/www.martinsdelima.com\/fr\/","logo":{"@type":"ImageObject","inLanguage":"fr-FR","@id":"https:\/\/www.martinsdelima.com\/fr\/#\/schema\/logo\/image\/","url":"https:\/\/mligy6wbr5rs.i.optimole.com\/w:auto\/h:auto\/q:mauto\/f:best\/https:\/\/www.martinsdelima.com\/wp-content\/uploads\/2025\/10\/martinsdelima-letras-claras-horizontal.png","contentUrl":"https:\/\/mligy6wbr5rs.i.optimole.com\/w:auto\/h:auto\/q:mauto\/f:best\/https:\/\/www.martinsdelima.com\/wp-content\/uploads\/2025\/10\/martinsdelima-letras-claras-horizontal.png","width":1315,"height":217,"caption":"Martinsdelima"},"image":{"@id":"https:\/\/www.martinsdelima.com\/fr\/#\/schema\/logo\/image\/"}}]}},"_links":{"self":[{"href":"https:\/\/www.martinsdelima.com\/fr\/wp-json\/wp\/v2\/pages\/10798","targetHints":{"allow":["GET"]}}],"collection":[{"href":"https:\/\/www.martinsdelima.com\/fr\/wp-json\/wp\/v2\/pages"}],"about":[{"href":"https:\/\/www.martinsdelima.com\/fr\/wp-json\/wp\/v2\/types\/page"}],"author":[{"embeddable":true,"href":"https:\/\/www.martinsdelima.com\/fr\/wp-json\/wp\/v2\/users\/1"}],"replies":[{"embeddable":true,"href":"https:\/\/www.martinsdelima.com\/fr\/wp-json\/wp\/v2\/comments?post=10798"}],"version-history":[{"count":3,"href":"https:\/\/www.martinsdelima.com\/fr\/wp-json\/wp\/v2\/pages\/10798\/revisions"}],"predecessor-version":[{"id":11785,"href":"https:\/\/www.martinsdelima.com\/fr\/wp-json\/wp\/v2\/pages\/10798\/revisions\/11785"}],"wp:attachment":[{"href":"https:\/\/www.martinsdelima.com\/fr\/wp-json\/wp\/v2\/media?parent=10798"}],"curies":[{"name":"wp","href":"https:\/\/api.w.org\/{rel}","templated":true}]}}