{"id":10802,"date":"2025-11-25T21:57:47","date_gmt":"2025-11-25T21:57:47","guid":{"rendered":"https:\/\/www.martinsdelima.com\/rapports-dexpertise-economique\/"},"modified":"2026-02-12T11:42:11","modified_gmt":"2026-02-12T11:42:11","slug":"rapports-dexpertise-economique","status":"publish","type":"page","link":"https:\/\/www.martinsdelima.com\/fr\/rapports-dexpertise-economique\/","title":{"rendered":"Rapports d&rsquo;expertise \u00e9conomique"},"content":{"rendered":"\t\t<div data-elementor-type=\"wp-page\" data-elementor-id=\"10802\" class=\"elementor elementor-10802 elementor-7747\" data-elementor-post-type=\"page\">\n\t\t\t\t\t\t<section class=\"elementor-section elementor-top-section elementor-element elementor-element-5861a17 elementor-section-full_width elementor-section-stretched elementor-section-height-default elementor-section-height-default\" data-id=\"5861a17\" data-element_type=\"section\" data-settings=\"{&quot;stretch_section&quot;:&quot;section-stretched&quot;,&quot;background_background&quot;:&quot;classic&quot;}\">\n\t\t\t\t\t\t\t<div class=\"elementor-background-overlay\"><\/div>\n\t\t\t\t\t\t\t<div class=\"elementor-container elementor-column-gap-default\">\n\t\t\t\t\t<div class=\"elementor-column elementor-col-100 elementor-top-column elementor-element elementor-element-ea42bdb\" data-id=\"ea42bdb\" data-element_type=\"column\">\n\t\t\t<div class=\"elementor-widget-wrap elementor-element-populated\">\n\t\t\t\t\t\t<div class=\"elementor-element elementor-element-8924fce elementor-widget elementor-widget-heading\" data-id=\"8924fce\" data-element_type=\"widget\" data-widget_type=\"heading.default\">\n\t\t\t\t<div class=\"elementor-widget-container\">\n\t\t\t\t\t<h2 class=\"elementor-heading-title elementor-size-default\"><b>Rapports d'expertise \u00e9conomique<\/b><\/h2>\t\t\t\t<\/div>\n\t\t\t\t<\/div>\n\t\t\t\t\t<\/div>\n\t\t<\/div>\n\t\t\t\t\t<\/div>\n\t\t<\/section>\n\t\t<div class=\"elementor-element elementor-element-fe28872 e-flex e-con-boxed e-con e-parent\" data-id=\"fe28872\" data-element_type=\"container\">\n\t\t\t\t\t<div class=\"e-con-inner\">\n\t\t<div class=\"elementor-element elementor-element-11786d1 e-con-full e-flex e-con e-child\" data-id=\"11786d1\" data-element_type=\"container\">\n\t\t\t\t<div class=\"elementor-element elementor-element-9f5b602 elementor-widget elementor-widget-text-editor\" data-id=\"9f5b602\" data-element_type=\"widget\" data-widget_type=\"text-editor.default\">\n\t\t\t\t<div class=\"elementor-widget-container\">\n\t\t\t\t\t\t\t\t\t<h6 class=\"MsoNormal\" style=\"text-align: justify;\">Dans le domaine de l&rsquo;expertise \u00e9conomique, <strong>martinsdelima<\/strong> poss\u00e8de une exp\u00e9rience transversale dans des secteurs aussi divers que <strong>l&rsquo;\u00e9nergie, la construction, l&rsquo;immobilier, l&rsquo;industrie, les m\u00e9dias, la publicit\u00e9, la sant\u00e9, la logistique ou les t\u00e9l\u00e9communications<\/strong>. Cela nous permet d&rsquo;apporter une vision rigoureuse, ind\u00e9pendante et <strong>d\u00e9fendable dans les litiges complexes impliquant n&rsquo;importe quelle combinaison de secteurs<\/strong>. <\/h6><h6>Toutes nos analyses \u00e9conomiques et financi\u00e8res sont r\u00e9alis\u00e9es dans une <strong>perspective pratique et simple<\/strong>, transformant les donn\u00e9es en arguments solides. Notre objectif est toujours le m\u00eame : offrir des rapports d&rsquo;expertise clairs, convaincants et pr\u00e9par\u00e9s \u00e0 \u00eatre d\u00e9fendus de mani\u00e8re robuste. <\/h6><h6 class=\"MsoNormal\" style=\"text-align: justify;\"><b> <\/b><\/h6><h6 class=\"MsoNormal\" style=\"text-align: justify;\"><b>\u00c9valuation des dommages<\/b><\/h6><h6 class=\"MsoNormal\" style=\"text-align: justify;\">Nous <strong>\u00e9<\/strong><b>valuons les dommages<\/b>, en \u00e9laborant des analyses \u00e9conomiques d\u00e9taill\u00e9es, par exemple dans les projets de construction et d&rsquo;infrastructures (<strong>surco\u00fbts, prolongations de d\u00e9lais, modifications des travaux<\/strong>), le secteur de l&rsquo;\u00e9nergie (<strong>\u00e9carts budg\u00e9taires, impact des d\u00e9cisions techniques ou r\u00e9glementaires<\/strong>), l&rsquo;h\u00f4tellerie et la restauration (<strong>fermetures, restrictions, d\u00e9fauts de construction, interruptions d&rsquo;activit\u00e9<\/strong>), l&rsquo;environnement et le recyclage (<strong>co\u00fbts de d\u00e9contamination, arr\u00eats<\/strong>), l&rsquo;industrie (<strong>incidents op\u00e9rationnels et pertes de production<\/strong>) et tous types de secteurs. Nous apportons une vision claire et exploitable dans l&rsquo;\u00e9valuation des dommages, en quantifiant de mani\u00e8re pr\u00e9cise l&rsquo;impact r\u00e9el des litiges contractuels ou des pertes d&rsquo;exploitation. <\/h6><h6>De plus, nous combinons cette analyse d\u00e9taill\u00e9e et rigoureuse avec une pr\u00e9sentation claire et accessible \u00e0 tout lecteur, ce qui nous permet de transmettre et d&rsquo;\u00e9tayer nos conclusions de mani\u00e8re convaincante.<\/h6><h6 class=\"MsoNormal\" style=\"text-align: justify;\"><b> <\/b><\/h6><h6 class=\"MsoNormal\" style=\"text-align: justify;\"><b>Droit p\u00e9nal \u00e9conomique<\/b><\/h6><h6><\/h6><h6><span style=\"font-weight: normal;\">Nous travaillons largement \u00e0 l&rsquo;\u00e9laboration de rapports d&rsquo;expertise pour les litiges relevant du <b>droit p\u00e9nal \u00e9conomique<\/b>. Nous apportons une rigueur technique pour d\u00e9montrer ou r\u00e9futer les <strong>pr\u00e9judices patrimoniaux dans les affaires complexes<\/strong>. Nous analysons la <strong>tra\u00e7abilit\u00e9<\/strong> des op\u00e9rations, r\u00e9alisons une <strong>analyse forensique<\/strong> des informations \u00e9conomiques et financi\u00e8res et examinons tout fait patrimonial pertinent, en l&rsquo;appliquant dans des secteurs tels que la banque, les fonds et les structures financi\u00e8res, la publicit\u00e9, les m\u00e9dias et bien d&rsquo;autres.  <\/span><\/h6><h6 class=\"MsoNormal\" style=\"text-align: justify;\"><span style=\"font-weight: normal;\"> <\/span><\/h6><h6 class=\"MsoNormal\" style=\"text-align: justify;\"><b>Post-acquisition (M&amp;A)<\/b><\/h6><h6 class=\"MsoNormal\" style=\"text-align: justify;\">De m\u00eame, nous accompagnons nos clients dans les situations post\u00e9rieures \u00e0 une transaction d&rsquo;<strong>achat<\/strong><b>-vente d&rsquo;entreprises ou tout autre type d&rsquo;actifs (Post-M&amp;A)<\/b>. Notre pratique comprend l&rsquo;<strong>\u00e9valuation des actifs et des entreprises<\/strong> (HORECA, immobilier, publicit\u00e9, fonds, \u00e9nergie), l&rsquo;<strong>analyse des plans d&rsquo;affaires, des sc\u00e9narios financiers<\/strong>, des <strong>earn-outs<\/strong>, des divergences dans les comptes de cl\u00f4ture et la <strong>r\u00e9vision des hypoth\u00e8ses \u00e9conomiques<\/strong> utilis\u00e9es dans les transactions.<\/h6><h6 class=\"MsoNormal\" style=\"text-align: justify;\"><b> <\/b><\/h6><h6 class=\"MsoNormal\" style=\"text-align: justify;\"><b>Agence et franchises<\/b><\/h6><h6 class=\"MsoNormal\" style=\"text-align: justify;\"><span style=\"font-weight: normal;\">Dans <\/span>les domaines li\u00e9s \u00e0 l&rsquo;<b>agence et aux franchises<\/b>, nous avons beaucoup travaill\u00e9, entre autres secteurs, dans la restauration, le commerce de d\u00e9tail, les t\u00e9l\u00e9communications et les machines professionnelles, en \u00e9valuant les <strong>pr\u00e9judices, les \u00e9carts de ventes ou la perte de valeur de la marque, les ruptures de contrat, le calcul des redevances, les indemnit\u00e9s de client\u00e8le, le manque \u00e0 gagner et le pr\u00e9judice direct<\/strong>.<\/h6><h6 class=\"MsoNormal\" style=\"text-align: justify;\"><b> <\/b><\/h6><h6 class=\"MsoNormal\" style=\"text-align: justify;\"><b>Finance et produits d\u00e9riv\u00e9s<\/b><\/h6><h6>Dans le domaine <b>financier<\/b>, nous d\u00e9veloppons des rapports \u00e9conomiques et financiers tr\u00e8s pr\u00e9cis dans les secteurs de la <strong>banque, des fonds, de l&rsquo;immobilier, des t\u00e9l\u00e9communications et des grandes entreprises<\/strong>, en analysant les structures de revenus, la rentabilit\u00e9, le respect des contrats, l&rsquo;\u00e9valuation par DCF ou multiples, les co\u00fbts d&rsquo;exploitation et la solidit\u00e9 \u00e9conomique des d\u00e9cisions strat\u00e9giques.<\/h6><h6>Nous \u00e9laborons \u00e9galement des rapports sur les <strong>structures financi\u00e8res complexes telles que les produits d\u00e9riv\u00e9s<\/strong> de taux d&rsquo;int\u00e9r\u00eat, de mati\u00e8res premi\u00e8res, de devises et d&rsquo;inflation. Nous r\u00e9alisons ces analyses de mani\u00e8re ind\u00e9pendante et dans le cadre du financement de projets ou d&rsquo;entreprises. <\/h6><p><strong> <\/strong><\/p><h6><strong>Analyse de la r\u00e9putation<\/strong><\/h6><h6>Nous r\u00e9alisons des analyses de r\u00e9putation des <b>investisseurs potentiels, des entreprises et des entit\u00e9s publiques ou priv\u00e9es<\/b>. Nous \u00e9valuons leur <b>profil institutionnel, leur historique, leur pr\u00e9sence dans les m\u00e9dias et leur perception dans l&rsquo;\u00e9cosyst\u00e8me \u00e9conomique<\/b>. Nous avons d\u00e9velopp\u00e9 des rapports sp\u00e9cifiques sur la <strong data-start=\"2514\" data-end=\"2536\">valeur de la r\u00e9putation<\/strong>, y compris la quantification de l&rsquo;impact de la r\u00e9putation des organisations, en fournissant des conclusions claires, d\u00e9fendables et fond\u00e9es sur une m\u00e9thodologie robuste.  <\/h6>\t\t\t\t\t\t\t\t<\/div>\n\t\t\t\t<\/div>\n\t\t\t\t<\/div>\n\t\t\t\t\t<\/div>\n\t\t\t\t<\/div>\n\t\t\t\t<\/div>\n\t\t","protected":false},"excerpt":{"rendered":"<p>Rapports d&rsquo;expertise \u00e9conomique Dans le domaine de l&rsquo;expertise \u00e9conomique, martinsdelima poss\u00e8de une exp\u00e9rience transversale dans des secteurs aussi divers que l&rsquo;\u00e9nergie, la construction, l&rsquo;immobilier, l&rsquo;industrie, les m\u00e9dias, la publicit\u00e9, la sant\u00e9, la logistique ou les t\u00e9l\u00e9communications. Cela nous permet d&rsquo;apporter une vision rigoureuse, ind\u00e9pendante et d\u00e9fendable dans les litiges complexes [&hellip;]<\/p>\n","protected":false},"author":1,"featured_media":0,"parent":0,"menu_order":0,"comment_status":"closed","ping_status":"closed","template":"page-templates\/template-pagebuilder-full-width.php","meta":{"footnotes":""},"class_list":["post-10802","page","type-page","status-publish","hentry"],"yoast_head":"<!-- This site is optimized with the Yoast SEO plugin v26.4 - https:\/\/yoast.com\/wordpress\/plugins\/seo\/ -->\n<title>Rapports d&#039;expertise \u00e9conomique - Martinsdelima<\/title>\n<meta name=\"robots\" content=\"index, follow, max-snippet:-1, max-image-preview:large, max-video-preview:-1\" \/>\n<link rel=\"canonical\" href=\"https:\/\/www.martinsdelima.com\/fr\/rapports-dexpertise-economique\/\" \/>\n<meta property=\"og:locale\" content=\"fr_FR\" \/>\n<meta property=\"og:type\" content=\"article\" \/>\n<meta property=\"og:title\" content=\"Rapports d&#039;expertise \u00e9conomique - Martinsdelima\" \/>\n<meta property=\"og:description\" content=\"Rapports d&rsquo;expertise \u00e9conomique Dans le domaine de l&rsquo;expertise \u00e9conomique, martinsdelima poss\u00e8de une exp\u00e9rience transversale dans des secteurs aussi divers que l&rsquo;\u00e9nergie, la construction, l&rsquo;immobilier, l&rsquo;industrie, les m\u00e9dias, la publicit\u00e9, la sant\u00e9, la logistique ou les t\u00e9l\u00e9communications. Cela nous permet d&rsquo;apporter une vision rigoureuse, ind\u00e9pendante et d\u00e9fendable dans les litiges complexes [&hellip;]\" \/>\n<meta property=\"og:url\" content=\"https:\/\/www.martinsdelima.com\/fr\/rapports-dexpertise-economique\/\" \/>\n<meta property=\"og:site_name\" content=\"Martinsdelima\" \/>\n<meta property=\"article:modified_time\" content=\"2026-02-12T11:42:11+00:00\" \/>\n<meta name=\"twitter:card\" content=\"summary_large_image\" \/>\n<meta name=\"twitter:label1\" content=\"Dur\u00e9e de lecture estim\u00e9e\" \/>\n\t<meta name=\"twitter:data1\" content=\"4 minutes\" \/>\n<script type=\"application\/ld+json\" class=\"yoast-schema-graph\">{\"@context\":\"https:\/\/schema.org\",\"@graph\":[{\"@type\":\"WebPage\",\"@id\":\"https:\/\/www.martinsdelima.com\/fr\/rapports-dexpertise-economique\/\",\"url\":\"https:\/\/www.martinsdelima.com\/fr\/rapports-dexpertise-economique\/\",\"name\":\"Rapports d'expertise \u00e9conomique - Martinsdelima\",\"isPartOf\":{\"@id\":\"https:\/\/www.martinsdelima.com\/fr\/#website\"},\"datePublished\":\"2025-11-25T21:57:47+00:00\",\"dateModified\":\"2026-02-12T11:42:11+00:00\",\"breadcrumb\":{\"@id\":\"https:\/\/www.martinsdelima.com\/fr\/rapports-dexpertise-economique\/#breadcrumb\"},\"inLanguage\":\"fr-FR\",\"potentialAction\":[{\"@type\":\"ReadAction\",\"target\":[\"https:\/\/www.martinsdelima.com\/fr\/rapports-dexpertise-economique\/\"]}]},{\"@type\":\"BreadcrumbList\",\"@id\":\"https:\/\/www.martinsdelima.com\/fr\/rapports-dexpertise-economique\/#breadcrumb\",\"itemListElement\":[{\"@type\":\"ListItem\",\"position\":1,\"name\":\"Page d'accueil\",\"item\":\"https:\/\/www.martinsdelima.com\/fr\/accueil\/\"},{\"@type\":\"ListItem\",\"position\":2,\"name\":\"Rapports d\u2019expertise \u00e9conomique\"}]},{\"@type\":\"WebSite\",\"@id\":\"https:\/\/www.martinsdelima.com\/fr\/#website\",\"url\":\"https:\/\/www.martinsdelima.com\/fr\/\",\"name\":\"Martinsdelima\",\"description\":\"Forensic&amp;Finance\",\"publisher\":{\"@id\":\"https:\/\/www.martinsdelima.com\/fr\/#organization\"},\"potentialAction\":[{\"@type\":\"SearchAction\",\"target\":{\"@type\":\"EntryPoint\",\"urlTemplate\":\"https:\/\/www.martinsdelima.com\/fr\/?s={search_term_string}\"},\"query-input\":{\"@type\":\"PropertyValueSpecification\",\"valueRequired\":true,\"valueName\":\"search_term_string\"}}],\"inLanguage\":\"fr-FR\"},{\"@type\":\"Organization\",\"@id\":\"https:\/\/www.martinsdelima.com\/fr\/#organization\",\"name\":\"Martinsdelima\",\"url\":\"https:\/\/www.martinsdelima.com\/fr\/\",\"logo\":{\"@type\":\"ImageObject\",\"inLanguage\":\"fr-FR\",\"@id\":\"https:\/\/www.martinsdelima.com\/fr\/#\/schema\/logo\/image\/\",\"url\":\"https:\/\/mligy6wbr5rs.i.optimole.com\/w:auto\/h:auto\/q:mauto\/f:best\/https:\/\/www.martinsdelima.com\/wp-content\/uploads\/2025\/10\/martinsdelima-letras-claras-horizontal.png\",\"contentUrl\":\"https:\/\/mligy6wbr5rs.i.optimole.com\/w:auto\/h:auto\/q:mauto\/f:best\/https:\/\/www.martinsdelima.com\/wp-content\/uploads\/2025\/10\/martinsdelima-letras-claras-horizontal.png\",\"width\":1315,\"height\":217,\"caption\":\"Martinsdelima\"},\"image\":{\"@id\":\"https:\/\/www.martinsdelima.com\/fr\/#\/schema\/logo\/image\/\"}}]}<\/script>\n<!-- \/ Yoast SEO plugin. -->","yoast_head_json":{"title":"Rapports d'expertise \u00e9conomique - Martinsdelima","robots":{"index":"index","follow":"follow","max-snippet":"max-snippet:-1","max-image-preview":"max-image-preview:large","max-video-preview":"max-video-preview:-1"},"canonical":"https:\/\/www.martinsdelima.com\/fr\/rapports-dexpertise-economique\/","og_locale":"fr_FR","og_type":"article","og_title":"Rapports d'expertise \u00e9conomique - Martinsdelima","og_description":"Rapports d&rsquo;expertise \u00e9conomique Dans le domaine de l&rsquo;expertise \u00e9conomique, martinsdelima poss\u00e8de une exp\u00e9rience transversale dans des secteurs aussi divers que l&rsquo;\u00e9nergie, la construction, l&rsquo;immobilier, l&rsquo;industrie, les m\u00e9dias, la publicit\u00e9, la sant\u00e9, la logistique ou les t\u00e9l\u00e9communications. Cela nous permet d&rsquo;apporter une vision rigoureuse, ind\u00e9pendante et d\u00e9fendable dans les litiges complexes [&hellip;]","og_url":"https:\/\/www.martinsdelima.com\/fr\/rapports-dexpertise-economique\/","og_site_name":"Martinsdelima","article_modified_time":"2026-02-12T11:42:11+00:00","twitter_card":"summary_large_image","twitter_misc":{"Dur\u00e9e de lecture estim\u00e9e":"4 minutes"},"schema":{"@context":"https:\/\/schema.org","@graph":[{"@type":"WebPage","@id":"https:\/\/www.martinsdelima.com\/fr\/rapports-dexpertise-economique\/","url":"https:\/\/www.martinsdelima.com\/fr\/rapports-dexpertise-economique\/","name":"Rapports d'expertise \u00e9conomique - Martinsdelima","isPartOf":{"@id":"https:\/\/www.martinsdelima.com\/fr\/#website"},"datePublished":"2025-11-25T21:57:47+00:00","dateModified":"2026-02-12T11:42:11+00:00","breadcrumb":{"@id":"https:\/\/www.martinsdelima.com\/fr\/rapports-dexpertise-economique\/#breadcrumb"},"inLanguage":"fr-FR","potentialAction":[{"@type":"ReadAction","target":["https:\/\/www.martinsdelima.com\/fr\/rapports-dexpertise-economique\/"]}]},{"@type":"BreadcrumbList","@id":"https:\/\/www.martinsdelima.com\/fr\/rapports-dexpertise-economique\/#breadcrumb","itemListElement":[{"@type":"ListItem","position":1,"name":"Page d'accueil","item":"https:\/\/www.martinsdelima.com\/fr\/accueil\/"},{"@type":"ListItem","position":2,"name":"Rapports d\u2019expertise \u00e9conomique"}]},{"@type":"WebSite","@id":"https:\/\/www.martinsdelima.com\/fr\/#website","url":"https:\/\/www.martinsdelima.com\/fr\/","name":"Martinsdelima","description":"Forensic&amp;Finance","publisher":{"@id":"https:\/\/www.martinsdelima.com\/fr\/#organization"},"potentialAction":[{"@type":"SearchAction","target":{"@type":"EntryPoint","urlTemplate":"https:\/\/www.martinsdelima.com\/fr\/?s={search_term_string}"},"query-input":{"@type":"PropertyValueSpecification","valueRequired":true,"valueName":"search_term_string"}}],"inLanguage":"fr-FR"},{"@type":"Organization","@id":"https:\/\/www.martinsdelima.com\/fr\/#organization","name":"Martinsdelima","url":"https:\/\/www.martinsdelima.com\/fr\/","logo":{"@type":"ImageObject","inLanguage":"fr-FR","@id":"https:\/\/www.martinsdelima.com\/fr\/#\/schema\/logo\/image\/","url":"https:\/\/mligy6wbr5rs.i.optimole.com\/w:auto\/h:auto\/q:mauto\/f:best\/https:\/\/www.martinsdelima.com\/wp-content\/uploads\/2025\/10\/martinsdelima-letras-claras-horizontal.png","contentUrl":"https:\/\/mligy6wbr5rs.i.optimole.com\/w:auto\/h:auto\/q:mauto\/f:best\/https:\/\/www.martinsdelima.com\/wp-content\/uploads\/2025\/10\/martinsdelima-letras-claras-horizontal.png","width":1315,"height":217,"caption":"Martinsdelima"},"image":{"@id":"https:\/\/www.martinsdelima.com\/fr\/#\/schema\/logo\/image\/"}}]}},"_links":{"self":[{"href":"https:\/\/www.martinsdelima.com\/fr\/wp-json\/wp\/v2\/pages\/10802","targetHints":{"allow":["GET"]}}],"collection":[{"href":"https:\/\/www.martinsdelima.com\/fr\/wp-json\/wp\/v2\/pages"}],"about":[{"href":"https:\/\/www.martinsdelima.com\/fr\/wp-json\/wp\/v2\/types\/page"}],"author":[{"embeddable":true,"href":"https:\/\/www.martinsdelima.com\/fr\/wp-json\/wp\/v2\/users\/1"}],"replies":[{"embeddable":true,"href":"https:\/\/www.martinsdelima.com\/fr\/wp-json\/wp\/v2\/comments?post=10802"}],"version-history":[{"count":2,"href":"https:\/\/www.martinsdelima.com\/fr\/wp-json\/wp\/v2\/pages\/10802\/revisions"}],"predecessor-version":[{"id":11888,"href":"https:\/\/www.martinsdelima.com\/fr\/wp-json\/wp\/v2\/pages\/10802\/revisions\/11888"}],"wp:attachment":[{"href":"https:\/\/www.martinsdelima.com\/fr\/wp-json\/wp\/v2\/media?parent=10802"}],"curies":[{"name":"wp","href":"https:\/\/api.w.org\/{rel}","templated":true}]}}