{"id":10808,"date":"2025-11-21T11:05:43","date_gmt":"2025-11-21T11:05:43","guid":{"rendered":"https:\/\/www.martinsdelima.com\/secteur-des-medias\/"},"modified":"2026-02-12T11:03:16","modified_gmt":"2026-02-12T11:03:16","slug":"secteur-des-medias","status":"publish","type":"page","link":"https:\/\/www.martinsdelima.com\/fr\/secteur-des-medias\/","title":{"rendered":"Secteur des m\u00e9dias"},"content":{"rendered":"\t\t<div data-elementor-type=\"wp-page\" data-elementor-id=\"10808\" class=\"elementor elementor-10808 elementor-7068\" data-elementor-post-type=\"page\">\n\t\t\t\t\t\t<section class=\"elementor-section elementor-top-section elementor-element elementor-element-5861a17 elementor-section-full_width elementor-section-stretched elementor-section-height-default elementor-section-height-default\" data-id=\"5861a17\" data-element_type=\"section\" data-settings=\"{&quot;stretch_section&quot;:&quot;section-stretched&quot;,&quot;background_background&quot;:&quot;classic&quot;}\">\n\t\t\t\t\t\t\t<div class=\"elementor-background-overlay\"><\/div>\n\t\t\t\t\t\t\t<div class=\"elementor-container elementor-column-gap-default\">\n\t\t\t\t\t<div class=\"elementor-column elementor-col-100 elementor-top-column elementor-element elementor-element-ea42bdb\" data-id=\"ea42bdb\" data-element_type=\"column\">\n\t\t\t<div class=\"elementor-widget-wrap elementor-element-populated\">\n\t\t\t\t\t\t<div class=\"elementor-element elementor-element-8924fce elementor-widget elementor-widget-heading\" data-id=\"8924fce\" data-element_type=\"widget\" data-widget_type=\"heading.default\">\n\t\t\t\t<div class=\"elementor-widget-container\">\n\t\t\t\t\t<h2 class=\"elementor-heading-title elementor-size-default\"><b>M\u00e9dias de communication<\/b><\/h2>\t\t\t\t<\/div>\n\t\t\t\t<\/div>\n\t\t\t\t\t<\/div>\n\t\t<\/div>\n\t\t\t\t\t<\/div>\n\t\t<\/section>\n\t\t<div class=\"elementor-element elementor-element-7469000 e-flex e-con-boxed e-con e-parent\" data-id=\"7469000\" data-element_type=\"container\">\n\t\t\t\t\t<div class=\"e-con-inner\">\n\t\t<div class=\"elementor-element elementor-element-4404da7 e-con-full e-flex e-con e-child\" data-id=\"4404da7\" data-element_type=\"container\">\n\t\t\t\t<div class=\"elementor-element elementor-element-d53b9d3 elementor-widget elementor-widget-text-editor\" data-id=\"d53b9d3\" data-element_type=\"widget\" data-widget_type=\"text-editor.default\">\n\t\t\t\t<div class=\"elementor-widget-container\">\n\t\t\t\t\t\t\t\t\t<h6>Le secteur des m\u00e9dias est en <strong>constante transformation en raison de la num\u00e9risation, de la fragmentation des audiences et de l&rsquo;\u00e9volution des mod\u00e8les de mon\u00e9tisation<\/strong>, o\u00f9 les groupes d&rsquo;\u00e9dition et audiovisuels op\u00e8rent sous une forte pression concurrentielle et un besoin croissant d&rsquo;adapter les structures, les processus et les mod\u00e8les commerciaux.<\/h6>\n<h6>Chez martinsdelima, nous avons travaill\u00e9 pour des <strong>groupes d&rsquo;\u00e9dition de r\u00e9f\u00e9rence, des op\u00e9rateurs de t\u00e9l\u00e9vision, des soci\u00e9t\u00e9s de production audiovisuelle, des entreprises de services graphiques<\/strong> et des entreprises du secteur des t\u00e9l\u00e9communications dont l&rsquo;activit\u00e9 est \u00e9troitement li\u00e9e au contenu audiovisuel. Cette diversit\u00e9 nous permet de comprendre avec pr\u00e9cision les particularit\u00e9s inh\u00e9rentes \u00e0 ce march\u00e9. <\/h6>\n<h6><strong>&nbsp;<\/strong><\/h6>\n<h6><strong>Rapports d\u2019expertise en droit du travail<\/strong><\/h6>\n<h6>Une partie essentielle de notre travail est ax\u00e9e sur les <strong>restructurations d&#8217;emploi dans le secteur de la presse \u00e9crite et num\u00e9rique<\/strong>, si soumis \u00e0 des transformations technologiques constantes, \u00e0 des changements r\u00e9glementaires et \u00e0 des mod\u00e8les de consommation de plus en plus fragment\u00e9s. Notre objectif est l&rsquo;\u00e9valuation de la pr\u00e9sence de causes ETOP (\u00e9conomiques, techniques, organisationnelles et productives) dans l&rsquo;entreprise ou le groupe audiovisuel en question et l&rsquo;\u00e9tude de la viabilit\u00e9 de diff\u00e9rentes mesures de restructuration. <\/h6>\n<h6>Nous analysons, entre autres, la structure des <strong>revenus<\/strong> \u2014<strong>diffusion<\/strong>, v<strong>ente d&rsquo;exemplaires, publicit\u00e9, affaires num\u00e9riques et \u00e9v\u00e9nements<\/strong>\u2014, son organisation interne, ses processus de production et sa position sur le march\u00e9. Nous \u00e9valuons \u00e9galement l&rsquo;impact des facteurs externes sur l&rsquo;activit\u00e9 et les projections de r\u00e9sultats selon de multiples hypoth\u00e8ses. <\/h6>\n<h6><strong>&nbsp;<\/strong><\/h6>\n<h6><strong>Rapports d\u2019expertise \u00e9conomique<\/strong><\/h6>\n<h6>De m\u00eame, nous \u00e9valuons les <strong>dommages et int\u00e9r\u00eats<\/strong> dans les situations de conflit. Dans le domaine audiovisuel, nous avons particip\u00e9 \u00e0 des projets avec des soci\u00e9t\u00e9s de production de t\u00e9l\u00e9vision en analysant la <strong>r\u00e9percussion \u00e9conomique des incidents technologiques, des pertes d&rsquo;informations, des interruptions de production<\/strong> ou des d\u00e9faillances dans les services contract\u00e9s. De m\u00eame, nous avons \u00e9valu\u00e9 des relations contractuelles complexes entre les producteurs et les fournisseurs de technologies, en d\u00e9terminant les obligations des parties et en quantifiant les dommages associ\u00e9s aux d\u00e9faillances dans la prestation du service.  <\/h6>\n<h6><strong>&nbsp;<\/strong><\/h6>\n<h6><strong>Rapports d\u2019expertise en mati\u00e8re de concurrence<\/strong><\/h6>\n<h6>Notre travail couvre des projets li\u00e9s \u00e0 la t\u00e9l\u00e9vision payante et aux contenus premium, analysant la structure des <strong>droits audiovisuels<\/strong>, la <strong>pertinence du contenu sportif dans la concurrence entre op\u00e9rateurs<\/strong> et l&rsquo;impact \u00e9conomique que produirait la perte de certains <strong>droits de diffusion tels que La Liga et la Champions League<\/strong>. Ces analyses ont permis d&rsquo;\u00e9valuer la sensibilit\u00e9 des clients, les effets sur la base d&rsquo;abonn\u00e9s, la rentabilit\u00e9 par utilisateur et la variation potentielle de la marge dans diff\u00e9rents sc\u00e9narios commerciaux. <\/h6>\t\t\t\t\t\t\t\t<\/div>\n\t\t\t\t<\/div>\n\t\t\t\t<\/div>\n\t\t\t\t\t<\/div>\n\t\t\t\t<\/div>\n\t\t\t\t<\/div>\n\t\t","protected":false},"excerpt":{"rendered":"<p>M\u00e9dias de communication Le secteur des m\u00e9dias est en constante transformation en raison de la num\u00e9risation, de la fragmentation des audiences et de l&rsquo;\u00e9volution des mod\u00e8les de mon\u00e9tisation, o\u00f9 les groupes d&rsquo;\u00e9dition et audiovisuels op\u00e8rent sous une forte pression concurrentielle et un besoin croissant d&rsquo;adapter les structures, les processus et [&hellip;]<\/p>\n","protected":false},"author":1,"featured_media":0,"parent":0,"menu_order":0,"comment_status":"closed","ping_status":"closed","template":"page-templates\/template-pagebuilder-full-width.php","meta":{"footnotes":""},"class_list":["post-10808","page","type-page","status-publish","hentry"],"yoast_head":"<!-- This site is optimized with the Yoast SEO plugin v26.4 - https:\/\/yoast.com\/wordpress\/plugins\/seo\/ -->\n<title>Secteur des m\u00e9dias - Martinsdelima<\/title>\n<meta name=\"robots\" content=\"index, follow, max-snippet:-1, max-image-preview:large, max-video-preview:-1\" \/>\n<link rel=\"canonical\" href=\"https:\/\/www.martinsdelima.com\/fr\/secteur-des-medias\/\" \/>\n<meta property=\"og:locale\" content=\"fr_FR\" \/>\n<meta property=\"og:type\" content=\"article\" \/>\n<meta property=\"og:title\" content=\"Secteur des m\u00e9dias - Martinsdelima\" \/>\n<meta property=\"og:description\" content=\"M\u00e9dias de communication Le secteur des m\u00e9dias est en constante transformation en raison de la num\u00e9risation, de la fragmentation des audiences et de l&rsquo;\u00e9volution des mod\u00e8les de mon\u00e9tisation, o\u00f9 les groupes d&rsquo;\u00e9dition et audiovisuels op\u00e8rent sous une forte pression concurrentielle et un besoin croissant d&rsquo;adapter les structures, les processus et [&hellip;]\" \/>\n<meta property=\"og:url\" content=\"https:\/\/www.martinsdelima.com\/fr\/secteur-des-medias\/\" \/>\n<meta property=\"og:site_name\" content=\"Martinsdelima\" \/>\n<meta property=\"article:modified_time\" content=\"2026-02-12T11:03:16+00:00\" \/>\n<meta name=\"twitter:card\" content=\"summary_large_image\" \/>\n<meta name=\"twitter:label1\" content=\"Dur\u00e9e de lecture estim\u00e9e\" \/>\n\t<meta name=\"twitter:data1\" content=\"2 minutes\" \/>\n<script type=\"application\/ld+json\" class=\"yoast-schema-graph\">{\"@context\":\"https:\/\/schema.org\",\"@graph\":[{\"@type\":\"WebPage\",\"@id\":\"https:\/\/www.martinsdelima.com\/fr\/secteur-des-medias\/\",\"url\":\"https:\/\/www.martinsdelima.com\/fr\/secteur-des-medias\/\",\"name\":\"Secteur des m\u00e9dias - Martinsdelima\",\"isPartOf\":{\"@id\":\"https:\/\/www.martinsdelima.com\/fr\/#website\"},\"datePublished\":\"2025-11-21T11:05:43+00:00\",\"dateModified\":\"2026-02-12T11:03:16+00:00\",\"breadcrumb\":{\"@id\":\"https:\/\/www.martinsdelima.com\/fr\/secteur-des-medias\/#breadcrumb\"},\"inLanguage\":\"fr-FR\",\"potentialAction\":[{\"@type\":\"ReadAction\",\"target\":[\"https:\/\/www.martinsdelima.com\/fr\/secteur-des-medias\/\"]}]},{\"@type\":\"BreadcrumbList\",\"@id\":\"https:\/\/www.martinsdelima.com\/fr\/secteur-des-medias\/#breadcrumb\",\"itemListElement\":[{\"@type\":\"ListItem\",\"position\":1,\"name\":\"Page d'accueil\",\"item\":\"https:\/\/www.martinsdelima.com\/fr\/accueil\/\"},{\"@type\":\"ListItem\",\"position\":2,\"name\":\"Secteur des m\u00e9dias\"}]},{\"@type\":\"WebSite\",\"@id\":\"https:\/\/www.martinsdelima.com\/fr\/#website\",\"url\":\"https:\/\/www.martinsdelima.com\/fr\/\",\"name\":\"Martinsdelima\",\"description\":\"Forensic&amp;Finance\",\"publisher\":{\"@id\":\"https:\/\/www.martinsdelima.com\/fr\/#organization\"},\"potentialAction\":[{\"@type\":\"SearchAction\",\"target\":{\"@type\":\"EntryPoint\",\"urlTemplate\":\"https:\/\/www.martinsdelima.com\/fr\/?s={search_term_string}\"},\"query-input\":{\"@type\":\"PropertyValueSpecification\",\"valueRequired\":true,\"valueName\":\"search_term_string\"}}],\"inLanguage\":\"fr-FR\"},{\"@type\":\"Organization\",\"@id\":\"https:\/\/www.martinsdelima.com\/fr\/#organization\",\"name\":\"Martinsdelima\",\"url\":\"https:\/\/www.martinsdelima.com\/fr\/\",\"logo\":{\"@type\":\"ImageObject\",\"inLanguage\":\"fr-FR\",\"@id\":\"https:\/\/www.martinsdelima.com\/fr\/#\/schema\/logo\/image\/\",\"url\":\"https:\/\/mligy6wbr5rs.i.optimole.com\/w:auto\/h:auto\/q:mauto\/f:best\/https:\/\/www.martinsdelima.com\/wp-content\/uploads\/2025\/10\/martinsdelima-letras-claras-horizontal.png\",\"contentUrl\":\"https:\/\/mligy6wbr5rs.i.optimole.com\/w:auto\/h:auto\/q:mauto\/f:best\/https:\/\/www.martinsdelima.com\/wp-content\/uploads\/2025\/10\/martinsdelima-letras-claras-horizontal.png\",\"width\":1315,\"height\":217,\"caption\":\"Martinsdelima\"},\"image\":{\"@id\":\"https:\/\/www.martinsdelima.com\/fr\/#\/schema\/logo\/image\/\"}}]}<\/script>\n<!-- \/ Yoast SEO plugin. -->","yoast_head_json":{"title":"Secteur des m\u00e9dias - Martinsdelima","robots":{"index":"index","follow":"follow","max-snippet":"max-snippet:-1","max-image-preview":"max-image-preview:large","max-video-preview":"max-video-preview:-1"},"canonical":"https:\/\/www.martinsdelima.com\/fr\/secteur-des-medias\/","og_locale":"fr_FR","og_type":"article","og_title":"Secteur des m\u00e9dias - Martinsdelima","og_description":"M\u00e9dias de communication Le secteur des m\u00e9dias est en constante transformation en raison de la num\u00e9risation, de la fragmentation des audiences et de l&rsquo;\u00e9volution des mod\u00e8les de mon\u00e9tisation, o\u00f9 les groupes d&rsquo;\u00e9dition et audiovisuels op\u00e8rent sous une forte pression concurrentielle et un besoin croissant d&rsquo;adapter les structures, les processus et [&hellip;]","og_url":"https:\/\/www.martinsdelima.com\/fr\/secteur-des-medias\/","og_site_name":"Martinsdelima","article_modified_time":"2026-02-12T11:03:16+00:00","twitter_card":"summary_large_image","twitter_misc":{"Dur\u00e9e de lecture estim\u00e9e":"2 minutes"},"schema":{"@context":"https:\/\/schema.org","@graph":[{"@type":"WebPage","@id":"https:\/\/www.martinsdelima.com\/fr\/secteur-des-medias\/","url":"https:\/\/www.martinsdelima.com\/fr\/secteur-des-medias\/","name":"Secteur des m\u00e9dias - Martinsdelima","isPartOf":{"@id":"https:\/\/www.martinsdelima.com\/fr\/#website"},"datePublished":"2025-11-21T11:05:43+00:00","dateModified":"2026-02-12T11:03:16+00:00","breadcrumb":{"@id":"https:\/\/www.martinsdelima.com\/fr\/secteur-des-medias\/#breadcrumb"},"inLanguage":"fr-FR","potentialAction":[{"@type":"ReadAction","target":["https:\/\/www.martinsdelima.com\/fr\/secteur-des-medias\/"]}]},{"@type":"BreadcrumbList","@id":"https:\/\/www.martinsdelima.com\/fr\/secteur-des-medias\/#breadcrumb","itemListElement":[{"@type":"ListItem","position":1,"name":"Page d'accueil","item":"https:\/\/www.martinsdelima.com\/fr\/accueil\/"},{"@type":"ListItem","position":2,"name":"Secteur des m\u00e9dias"}]},{"@type":"WebSite","@id":"https:\/\/www.martinsdelima.com\/fr\/#website","url":"https:\/\/www.martinsdelima.com\/fr\/","name":"Martinsdelima","description":"Forensic&amp;Finance","publisher":{"@id":"https:\/\/www.martinsdelima.com\/fr\/#organization"},"potentialAction":[{"@type":"SearchAction","target":{"@type":"EntryPoint","urlTemplate":"https:\/\/www.martinsdelima.com\/fr\/?s={search_term_string}"},"query-input":{"@type":"PropertyValueSpecification","valueRequired":true,"valueName":"search_term_string"}}],"inLanguage":"fr-FR"},{"@type":"Organization","@id":"https:\/\/www.martinsdelima.com\/fr\/#organization","name":"Martinsdelima","url":"https:\/\/www.martinsdelima.com\/fr\/","logo":{"@type":"ImageObject","inLanguage":"fr-FR","@id":"https:\/\/www.martinsdelima.com\/fr\/#\/schema\/logo\/image\/","url":"https:\/\/mligy6wbr5rs.i.optimole.com\/w:auto\/h:auto\/q:mauto\/f:best\/https:\/\/www.martinsdelima.com\/wp-content\/uploads\/2025\/10\/martinsdelima-letras-claras-horizontal.png","contentUrl":"https:\/\/mligy6wbr5rs.i.optimole.com\/w:auto\/h:auto\/q:mauto\/f:best\/https:\/\/www.martinsdelima.com\/wp-content\/uploads\/2025\/10\/martinsdelima-letras-claras-horizontal.png","width":1315,"height":217,"caption":"Martinsdelima"},"image":{"@id":"https:\/\/www.martinsdelima.com\/fr\/#\/schema\/logo\/image\/"}}]}},"_links":{"self":[{"href":"https:\/\/www.martinsdelima.com\/fr\/wp-json\/wp\/v2\/pages\/10808","targetHints":{"allow":["GET"]}}],"collection":[{"href":"https:\/\/www.martinsdelima.com\/fr\/wp-json\/wp\/v2\/pages"}],"about":[{"href":"https:\/\/www.martinsdelima.com\/fr\/wp-json\/wp\/v2\/types\/page"}],"author":[{"embeddable":true,"href":"https:\/\/www.martinsdelima.com\/fr\/wp-json\/wp\/v2\/users\/1"}],"replies":[{"embeddable":true,"href":"https:\/\/www.martinsdelima.com\/fr\/wp-json\/wp\/v2\/comments?post=10808"}],"version-history":[{"count":3,"href":"https:\/\/www.martinsdelima.com\/fr\/wp-json\/wp\/v2\/pages\/10808\/revisions"}],"predecessor-version":[{"id":11823,"href":"https:\/\/www.martinsdelima.com\/fr\/wp-json\/wp\/v2\/pages\/10808\/revisions\/11823"}],"wp:attachment":[{"href":"https:\/\/www.martinsdelima.com\/fr\/wp-json\/wp\/v2\/media?parent=10808"}],"curies":[{"name":"wp","href":"https:\/\/api.w.org\/{rel}","templated":true}]}}