{"id":10814,"date":"2025-11-21T11:04:58","date_gmt":"2025-11-21T11:04:58","guid":{"rendered":"https:\/\/www.martinsdelima.com\/secteur-logistique-et-transport\/"},"modified":"2026-02-12T10:47:18","modified_gmt":"2026-02-12T10:47:18","slug":"secteur-logistique-et-transport","status":"publish","type":"page","link":"https:\/\/www.martinsdelima.com\/fr\/secteur-logistique-et-transport\/","title":{"rendered":"Secteur Logistique et Transport"},"content":{"rendered":"\t\t<div data-elementor-type=\"wp-page\" data-elementor-id=\"10814\" class=\"elementor elementor-10814 elementor-7070\" data-elementor-post-type=\"page\">\n\t\t\t\t\t\t<section class=\"elementor-section elementor-top-section elementor-element elementor-element-5861a17 elementor-section-full_width elementor-section-stretched elementor-section-height-default elementor-section-height-default\" data-id=\"5861a17\" data-element_type=\"section\" data-settings=\"{&quot;stretch_section&quot;:&quot;section-stretched&quot;,&quot;background_background&quot;:&quot;classic&quot;}\">\n\t\t\t\t\t\t\t<div class=\"elementor-background-overlay\"><\/div>\n\t\t\t\t\t\t\t<div class=\"elementor-container elementor-column-gap-default\">\n\t\t\t\t\t<div class=\"elementor-column elementor-col-100 elementor-top-column elementor-element elementor-element-ea42bdb\" data-id=\"ea42bdb\" data-element_type=\"column\">\n\t\t\t<div class=\"elementor-widget-wrap elementor-element-populated\">\n\t\t\t\t\t\t<div class=\"elementor-element elementor-element-8924fce elementor-widget elementor-widget-heading\" data-id=\"8924fce\" data-element_type=\"widget\" data-widget_type=\"heading.default\">\n\t\t\t\t<div class=\"elementor-widget-container\">\n\t\t\t\t\t<h2 class=\"elementor-heading-title elementor-size-default\"><b>Logistique et Transport<\/b><\/h2>\t\t\t\t<\/div>\n\t\t\t\t<\/div>\n\t\t\t\t\t<\/div>\n\t\t<\/div>\n\t\t\t\t\t<\/div>\n\t\t<\/section>\n\t\t<div class=\"elementor-element elementor-element-7469000 e-flex e-con-boxed e-con e-parent\" data-id=\"7469000\" data-element_type=\"container\">\n\t\t\t\t\t<div class=\"e-con-inner\">\n\t\t<div class=\"elementor-element elementor-element-4404da7 e-con-full e-flex e-con e-child\" data-id=\"4404da7\" data-element_type=\"container\">\n\t\t\t\t<div class=\"elementor-element elementor-element-d53b9d3 elementor-widget elementor-widget-text-editor\" data-id=\"d53b9d3\" data-element_type=\"widget\" data-widget_type=\"text-editor.default\">\n\t\t\t\t<div class=\"elementor-widget-container\">\n\t\t\t\t\t\t\t\t\t<h6>Chez martinsdelima, nous poss\u00e9dons une vaste exp\u00e9rience dans le conseil aux <strong>op\u00e9rateurs logistiques, aux entreprises de transport urgent et aux groupes d\u00e9di\u00e9s \u00e0 la gestion d&rsquo;entrep\u00f4ts<\/strong> et aux r\u00e9seaux de distribution.<\/h6><h6><strong> <\/strong><\/h6><h6><strong>Rapports d&rsquo;expertise technique<\/strong><\/h6><h6>Nous avons analys\u00e9 en profondeur le fonctionnement des r\u00e9seaux logistiques et de transport, en \u00e9valuant les processus de r\u00e9ception, <strong>de stockage, de manutention, de <em>picking<\/em>, de distribution, de gestion des remboursements<\/strong>, des incidents et des sanctions. Ce travail technique nous a permis de v\u00e9rifier la tra\u00e7abilit\u00e9 des marchandises, d&rsquo;identifier les d\u00e9faillances op\u00e9rationnelles et d&rsquo;attester de la bonne ou mauvaise ex\u00e9cution des services. <\/h6><h6><\/h6><h6><strong> <\/strong><\/h6><h6><strong>Rapports d&rsquo;expertise \u00e9conomique<\/strong><\/h6><h6>Nous avons de l&rsquo;exp\u00e9rience dans l&rsquo;\u00e9valuation des r\u00e9clamations pour <strong>dommages et int\u00e9r\u00eats<\/strong> dans le domaine du transport, en analysant l&rsquo;impact \u00e9conomique de la r\u00e9solution des contrats pour manquements op\u00e9rationnels, des sinistres pour perte, des incidents dans la prestation du service, des sanctions accumul\u00e9es ou des d\u00e9fauts dans les processus de livraison et de remboursement.<\/h6><div><\/div><div><h6><strong> <\/strong><\/h6><h6><strong>Rapports d&rsquo;expertise en mati\u00e8re de concurrence<\/strong><\/h6><h6>De m\u00eame, chez martinsdelima, nous avons conseill\u00e9 des entreprises du secteur du d\u00e9m\u00e9nagement en \u00e9laborant des rapports destin\u00e9s \u00e0 la <strong>CNMC et \u00e0 l&rsquo;Audiencia Nacional<\/strong> pour r\u00e9aliser des <strong>analyses du march\u00e9 concern\u00e9<\/strong>, une \u00e9valuation de la <strong>r\u00e9percussion sur les prix (pass-on)<\/strong> afin de finalement calculer l&rsquo;impact sur les consommateurs finaux.<\/h6><\/div>\t\t\t\t\t\t\t\t<\/div>\n\t\t\t\t<\/div>\n\t\t\t\t<\/div>\n\t\t\t\t\t<\/div>\n\t\t\t\t<\/div>\n\t\t\t\t<\/div>\n\t\t","protected":false},"excerpt":{"rendered":"<p>Logistique et Transport Chez martinsdelima, nous poss\u00e9dons une vaste exp\u00e9rience dans le conseil aux op\u00e9rateurs logistiques, aux entreprises de transport urgent et aux groupes d\u00e9di\u00e9s \u00e0 la gestion d&rsquo;entrep\u00f4ts et aux r\u00e9seaux de distribution. Rapports d&rsquo;expertise technique Nous avons analys\u00e9 en profondeur le fonctionnement des r\u00e9seaux logistiques et de transport, [&hellip;]<\/p>\n","protected":false},"author":1,"featured_media":0,"parent":0,"menu_order":0,"comment_status":"closed","ping_status":"closed","template":"page-templates\/template-pagebuilder-full-width.php","meta":{"footnotes":""},"class_list":["post-10814","page","type-page","status-publish","hentry"],"yoast_head":"<!-- This site is optimized with the Yoast SEO plugin v26.4 - https:\/\/yoast.com\/wordpress\/plugins\/seo\/ -->\n<title>Secteur Logistique et Transport - Martinsdelima<\/title>\n<meta name=\"robots\" content=\"index, follow, max-snippet:-1, max-image-preview:large, max-video-preview:-1\" \/>\n<link rel=\"canonical\" href=\"https:\/\/www.martinsdelima.com\/fr\/secteur-logistique-et-transport\/\" \/>\n<meta property=\"og:locale\" content=\"fr_FR\" \/>\n<meta property=\"og:type\" content=\"article\" \/>\n<meta property=\"og:title\" content=\"Secteur Logistique et Transport - Martinsdelima\" \/>\n<meta property=\"og:description\" content=\"Logistique et Transport Chez martinsdelima, nous poss\u00e9dons une vaste exp\u00e9rience dans le conseil aux op\u00e9rateurs logistiques, aux entreprises de transport urgent et aux groupes d\u00e9di\u00e9s \u00e0 la gestion d&rsquo;entrep\u00f4ts et aux r\u00e9seaux de distribution. Rapports d&rsquo;expertise technique Nous avons analys\u00e9 en profondeur le fonctionnement des r\u00e9seaux logistiques et de transport, [&hellip;]\" \/>\n<meta property=\"og:url\" content=\"https:\/\/www.martinsdelima.com\/fr\/secteur-logistique-et-transport\/\" \/>\n<meta property=\"og:site_name\" content=\"Martinsdelima\" \/>\n<meta property=\"article:modified_time\" content=\"2026-02-12T10:47:18+00:00\" \/>\n<meta name=\"twitter:card\" content=\"summary_large_image\" \/>\n<meta name=\"twitter:label1\" content=\"Dur\u00e9e de lecture estim\u00e9e\" \/>\n\t<meta name=\"twitter:data1\" content=\"1 minute\" \/>\n<script type=\"application\/ld+json\" class=\"yoast-schema-graph\">{\"@context\":\"https:\/\/schema.org\",\"@graph\":[{\"@type\":\"WebPage\",\"@id\":\"https:\/\/www.martinsdelima.com\/fr\/secteur-logistique-et-transport\/\",\"url\":\"https:\/\/www.martinsdelima.com\/fr\/secteur-logistique-et-transport\/\",\"name\":\"Secteur Logistique et Transport - Martinsdelima\",\"isPartOf\":{\"@id\":\"https:\/\/www.martinsdelima.com\/fr\/#website\"},\"datePublished\":\"2025-11-21T11:04:58+00:00\",\"dateModified\":\"2026-02-12T10:47:18+00:00\",\"breadcrumb\":{\"@id\":\"https:\/\/www.martinsdelima.com\/fr\/secteur-logistique-et-transport\/#breadcrumb\"},\"inLanguage\":\"fr-FR\",\"potentialAction\":[{\"@type\":\"ReadAction\",\"target\":[\"https:\/\/www.martinsdelima.com\/fr\/secteur-logistique-et-transport\/\"]}]},{\"@type\":\"BreadcrumbList\",\"@id\":\"https:\/\/www.martinsdelima.com\/fr\/secteur-logistique-et-transport\/#breadcrumb\",\"itemListElement\":[{\"@type\":\"ListItem\",\"position\":1,\"name\":\"Page d'accueil\",\"item\":\"https:\/\/www.martinsdelima.com\/fr\/accueil\/\"},{\"@type\":\"ListItem\",\"position\":2,\"name\":\"Secteur Logistique et Transport\"}]},{\"@type\":\"WebSite\",\"@id\":\"https:\/\/www.martinsdelima.com\/fr\/#website\",\"url\":\"https:\/\/www.martinsdelima.com\/fr\/\",\"name\":\"Martinsdelima\",\"description\":\"Forensic&amp;Finance\",\"publisher\":{\"@id\":\"https:\/\/www.martinsdelima.com\/fr\/#organization\"},\"potentialAction\":[{\"@type\":\"SearchAction\",\"target\":{\"@type\":\"EntryPoint\",\"urlTemplate\":\"https:\/\/www.martinsdelima.com\/fr\/?s={search_term_string}\"},\"query-input\":{\"@type\":\"PropertyValueSpecification\",\"valueRequired\":true,\"valueName\":\"search_term_string\"}}],\"inLanguage\":\"fr-FR\"},{\"@type\":\"Organization\",\"@id\":\"https:\/\/www.martinsdelima.com\/fr\/#organization\",\"name\":\"Martinsdelima\",\"url\":\"https:\/\/www.martinsdelima.com\/fr\/\",\"logo\":{\"@type\":\"ImageObject\",\"inLanguage\":\"fr-FR\",\"@id\":\"https:\/\/www.martinsdelima.com\/fr\/#\/schema\/logo\/image\/\",\"url\":\"https:\/\/mligy6wbr5rs.i.optimole.com\/w:auto\/h:auto\/q:mauto\/f:best\/https:\/\/www.martinsdelima.com\/wp-content\/uploads\/2025\/10\/martinsdelima-letras-claras-horizontal.png\",\"contentUrl\":\"https:\/\/mligy6wbr5rs.i.optimole.com\/w:auto\/h:auto\/q:mauto\/f:best\/https:\/\/www.martinsdelima.com\/wp-content\/uploads\/2025\/10\/martinsdelima-letras-claras-horizontal.png\",\"width\":1315,\"height\":217,\"caption\":\"Martinsdelima\"},\"image\":{\"@id\":\"https:\/\/www.martinsdelima.com\/fr\/#\/schema\/logo\/image\/\"}}]}<\/script>\n<!-- \/ Yoast SEO plugin. -->","yoast_head_json":{"title":"Secteur Logistique et Transport - Martinsdelima","robots":{"index":"index","follow":"follow","max-snippet":"max-snippet:-1","max-image-preview":"max-image-preview:large","max-video-preview":"max-video-preview:-1"},"canonical":"https:\/\/www.martinsdelima.com\/fr\/secteur-logistique-et-transport\/","og_locale":"fr_FR","og_type":"article","og_title":"Secteur Logistique et Transport - Martinsdelima","og_description":"Logistique et Transport Chez martinsdelima, nous poss\u00e9dons une vaste exp\u00e9rience dans le conseil aux op\u00e9rateurs logistiques, aux entreprises de transport urgent et aux groupes d\u00e9di\u00e9s \u00e0 la gestion d&rsquo;entrep\u00f4ts et aux r\u00e9seaux de distribution. Rapports d&rsquo;expertise technique Nous avons analys\u00e9 en profondeur le fonctionnement des r\u00e9seaux logistiques et de transport, [&hellip;]","og_url":"https:\/\/www.martinsdelima.com\/fr\/secteur-logistique-et-transport\/","og_site_name":"Martinsdelima","article_modified_time":"2026-02-12T10:47:18+00:00","twitter_card":"summary_large_image","twitter_misc":{"Dur\u00e9e de lecture estim\u00e9e":"1 minute"},"schema":{"@context":"https:\/\/schema.org","@graph":[{"@type":"WebPage","@id":"https:\/\/www.martinsdelima.com\/fr\/secteur-logistique-et-transport\/","url":"https:\/\/www.martinsdelima.com\/fr\/secteur-logistique-et-transport\/","name":"Secteur Logistique et Transport - Martinsdelima","isPartOf":{"@id":"https:\/\/www.martinsdelima.com\/fr\/#website"},"datePublished":"2025-11-21T11:04:58+00:00","dateModified":"2026-02-12T10:47:18+00:00","breadcrumb":{"@id":"https:\/\/www.martinsdelima.com\/fr\/secteur-logistique-et-transport\/#breadcrumb"},"inLanguage":"fr-FR","potentialAction":[{"@type":"ReadAction","target":["https:\/\/www.martinsdelima.com\/fr\/secteur-logistique-et-transport\/"]}]},{"@type":"BreadcrumbList","@id":"https:\/\/www.martinsdelima.com\/fr\/secteur-logistique-et-transport\/#breadcrumb","itemListElement":[{"@type":"ListItem","position":1,"name":"Page d'accueil","item":"https:\/\/www.martinsdelima.com\/fr\/accueil\/"},{"@type":"ListItem","position":2,"name":"Secteur Logistique et Transport"}]},{"@type":"WebSite","@id":"https:\/\/www.martinsdelima.com\/fr\/#website","url":"https:\/\/www.martinsdelima.com\/fr\/","name":"Martinsdelima","description":"Forensic&amp;Finance","publisher":{"@id":"https:\/\/www.martinsdelima.com\/fr\/#organization"},"potentialAction":[{"@type":"SearchAction","target":{"@type":"EntryPoint","urlTemplate":"https:\/\/www.martinsdelima.com\/fr\/?s={search_term_string}"},"query-input":{"@type":"PropertyValueSpecification","valueRequired":true,"valueName":"search_term_string"}}],"inLanguage":"fr-FR"},{"@type":"Organization","@id":"https:\/\/www.martinsdelima.com\/fr\/#organization","name":"Martinsdelima","url":"https:\/\/www.martinsdelima.com\/fr\/","logo":{"@type":"ImageObject","inLanguage":"fr-FR","@id":"https:\/\/www.martinsdelima.com\/fr\/#\/schema\/logo\/image\/","url":"https:\/\/mligy6wbr5rs.i.optimole.com\/w:auto\/h:auto\/q:mauto\/f:best\/https:\/\/www.martinsdelima.com\/wp-content\/uploads\/2025\/10\/martinsdelima-letras-claras-horizontal.png","contentUrl":"https:\/\/mligy6wbr5rs.i.optimole.com\/w:auto\/h:auto\/q:mauto\/f:best\/https:\/\/www.martinsdelima.com\/wp-content\/uploads\/2025\/10\/martinsdelima-letras-claras-horizontal.png","width":1315,"height":217,"caption":"Martinsdelima"},"image":{"@id":"https:\/\/www.martinsdelima.com\/fr\/#\/schema\/logo\/image\/"}}]}},"_links":{"self":[{"href":"https:\/\/www.martinsdelima.com\/fr\/wp-json\/wp\/v2\/pages\/10814","targetHints":{"allow":["GET"]}}],"collection":[{"href":"https:\/\/www.martinsdelima.com\/fr\/wp-json\/wp\/v2\/pages"}],"about":[{"href":"https:\/\/www.martinsdelima.com\/fr\/wp-json\/wp\/v2\/types\/page"}],"author":[{"embeddable":true,"href":"https:\/\/www.martinsdelima.com\/fr\/wp-json\/wp\/v2\/users\/1"}],"replies":[{"embeddable":true,"href":"https:\/\/www.martinsdelima.com\/fr\/wp-json\/wp\/v2\/comments?post=10814"}],"version-history":[{"count":2,"href":"https:\/\/www.martinsdelima.com\/fr\/wp-json\/wp\/v2\/pages\/10814\/revisions"}],"predecessor-version":[{"id":11774,"href":"https:\/\/www.martinsdelima.com\/fr\/wp-json\/wp\/v2\/pages\/10814\/revisions\/11774"}],"wp:attachment":[{"href":"https:\/\/www.martinsdelima.com\/fr\/wp-json\/wp\/v2\/media?parent=10814"}],"curies":[{"name":"wp","href":"https:\/\/api.w.org\/{rel}","templated":true}]}}