{"id":10818,"date":"2025-11-23T12:01:04","date_gmt":"2025-11-23T12:01:04","guid":{"rendered":"https:\/\/www.martinsdelima.com\/secteur-publicite\/"},"modified":"2026-02-12T11:03:16","modified_gmt":"2026-02-12T11:03:16","slug":"secteur-publicite","status":"publish","type":"page","link":"https:\/\/www.martinsdelima.com\/fr\/secteur-publicite\/","title":{"rendered":"Secteur Publicit\u00e9"},"content":{"rendered":"\t\t<div data-elementor-type=\"wp-page\" data-elementor-id=\"10818\" class=\"elementor elementor-10818 elementor-7067\" data-elementor-post-type=\"page\">\n\t\t\t\t\t\t<section class=\"elementor-section elementor-top-section elementor-element elementor-element-5861a17 elementor-section-full_width elementor-section-stretched elementor-section-height-default elementor-section-height-default\" data-id=\"5861a17\" data-element_type=\"section\" data-settings=\"{&quot;stretch_section&quot;:&quot;section-stretched&quot;,&quot;background_background&quot;:&quot;classic&quot;}\">\n\t\t\t\t\t\t\t<div class=\"elementor-background-overlay\"><\/div>\n\t\t\t\t\t\t\t<div class=\"elementor-container elementor-column-gap-default\">\n\t\t\t\t\t<div class=\"elementor-column elementor-col-100 elementor-top-column elementor-element elementor-element-ea42bdb\" data-id=\"ea42bdb\" data-element_type=\"column\">\n\t\t\t<div class=\"elementor-widget-wrap elementor-element-populated\">\n\t\t\t\t\t\t<div class=\"elementor-element elementor-element-8924fce elementor-widget elementor-widget-heading\" data-id=\"8924fce\" data-element_type=\"widget\" data-widget_type=\"heading.default\">\n\t\t\t\t<div class=\"elementor-widget-container\">\n\t\t\t\t\t<h2 class=\"elementor-heading-title elementor-size-default\"><b>Publicit\u00e9<\/b><\/h2>\t\t\t\t<\/div>\n\t\t\t\t<\/div>\n\t\t\t\t\t<\/div>\n\t\t<\/div>\n\t\t\t\t\t<\/div>\n\t\t<\/section>\n\t\t<div class=\"elementor-element elementor-element-7469000 e-flex e-con-boxed e-con e-parent\" data-id=\"7469000\" data-element_type=\"container\">\n\t\t\t\t\t<div class=\"e-con-inner\">\n\t\t<div class=\"elementor-element elementor-element-4404da7 e-con-full e-flex e-con e-child\" data-id=\"4404da7\" data-element_type=\"container\">\n\t\t\t\t<div class=\"elementor-element elementor-element-d53b9d3 elementor-widget elementor-widget-text-editor\" data-id=\"d53b9d3\" data-element_type=\"widget\" data-widget_type=\"text-editor.default\">\n\t\t\t\t<div class=\"elementor-widget-container\">\n\t\t\t\t\t\t\t\t\t<h6>Chez martinsdelima, nous disposons d&rsquo;une vaste exp\u00e9rience dans l&rsquo;analyse du secteur publicitaire en constante \u00e9volution, tant dans les <strong>environnements traditionnels que dans l&rsquo;\u00e9cosyst\u00e8me num\u00e9rique<\/strong>, allant de l&rsquo;analyse du march\u00e9 publicitaire num\u00e9rique et de la participation avec des rapports d&rsquo;experts dans les litiges, \u00e0 l&rsquo;\u00e9valuation et \u00e0 la structuration des op\u00e9rations d&rsquo;entreprise dans les agences et les groupes de communication&nbsp;; en passant \u00e9galement par des rapports techniques pour les dossiers de r\u00e9glementation de l&#8217;emploi dans les organisations publicitaires.<\/h6>\n<h6>Nous avons travaill\u00e9 pour de grandes plateformes mondiales de publicit\u00e9 en ligne, des associations sectorielles et des groupes de m\u00e9dias qui commercialisent des espaces publicitaires.<\/h6>\n<h6><strong>&nbsp;<\/strong><\/h6>\n<h6><strong>Rapports d\u2019expertise \u00e9conomique<\/strong><\/h6>\n<h6>Entre autres, nous avons \u00e9labor\u00e9 des rapports techniques sur le <strong>fonctionnement des march\u00e9s, la concurrence entre les canaux<\/strong> (t\u00e9l\u00e9vision, presse, radio, ext\u00e9rieur, num\u00e9rique) et les facteurs qui d\u00e9terminent l&rsquo;allocation des budgets des annonceurs.<\/h6>\n<h6>Notre connaissance du secteur s&rsquo;\u00e9tend \u00e9galement aux <strong>grands groupes de communication qui d\u00e9pendent de la vente de publicit\u00e9 comme principale source de revenus<\/strong>. Pour ces entreprises, nous avons r\u00e9alis\u00e9 des analyses \u00e9conomiques et productives de leurs divisions de commercialisation publicitaire, en \u00e9valuant l&rsquo;\u00e9volution de l&rsquo;investissement dans les m\u00e9dias, l&rsquo;impact de l&rsquo;environnement macro\u00e9conomique (y compris l&rsquo;effet du COVID-19), la rentabilit\u00e9 par ligne d&rsquo;activit\u00e9 et la n\u00e9cessit\u00e9 d&rsquo;adapter les structures de co\u00fbts et les mod\u00e8les commerciaux \u00e0 un march\u00e9 en transformation acc\u00e9l\u00e9r\u00e9e. Ces rapports combinent l&rsquo;\u00e9tude du <strong>secteur de la communication<\/strong> avec l&rsquo;analyse d\u00e9taill\u00e9e des <strong>comptes de r\u00e9sultats, des marges, des structures de personnel<\/strong> et de la capacit\u00e9 d&rsquo;investissement des groupes, fournissant une base quantitative solide pour les d\u00e9cisions strat\u00e9giques et les processus de r\u00e9organisation.  <\/h6>\n<h6><strong>&nbsp;<\/strong><\/h6>\n<h6><strong>\u00c9valuations<\/strong><\/h6>\n<h6>Une partie importante de notre pratique est ax\u00e9e sur les <strong>entreprises de marketing et de publicit\u00e9 num\u00e9rique<\/strong>, y compris les <strong>agences sp\u00e9cialis\u00e9es dans les places de march\u00e9 et dans la gestion de campagnes de m\u00e9dias en ligne<\/strong>. Pour ce type de clients, nous avons r\u00e9alis\u00e9 des \u00e9valuations int\u00e9grales de l&rsquo;entreprise, appuy\u00e9es sur des m\u00e9thodologies d&rsquo;actualisation des flux de tr\u00e9sorerie et des multiples de march\u00e9, une analyse d\u00e9taill\u00e9e des r\u00e9sultats historiques, une structure des revenus par service et des opportunit\u00e9s de croissance (nouveaux march\u00e9s, nouvelles plateformes, \u00e9largissement des services). Ces travaux comprennent l&rsquo;identification des leviers de valeur, la comparaison avec les soci\u00e9t\u00e9s cot\u00e9es du secteur et l&rsquo;\u00e9laboration de sc\u00e9narios de croissance et de sensibilit\u00e9 qui permettent de d\u00e9terminer des fourchettes d&rsquo;\u00e9valuation raisonnables pour les op\u00e9rations d&rsquo;entreprise.  <\/h6>\n<h6><\/h6>\n<h6><strong>&nbsp;<\/strong><\/h6>\n<h6><strong>Plans d&rsquo;affaires<\/strong><\/h6>\n<h6>Nous avons r\u00e9alis\u00e9 des plans d&rsquo;affaires pour des agences de publicit\u00e9 traditionnelle, de publicit\u00e9 num\u00e9rique et des agences sp\u00e9cialis\u00e9es dans les places de march\u00e9 comme Amazon.<\/h6>\n<h6><\/h6>\n<h6><strong>&nbsp;<\/strong><\/h6>\n<h6><strong>Transactions<\/strong><\/h6>\n<h6>Nous travaillons sur des op\u00e9rations de <strong>M&amp;A dans le secteur de la publicit\u00e9 et du marketing num\u00e9rique, depuis la premi\u00e8re approche jusqu&rsquo;\u00e0 la finalisation de la transaction et incluant le recouvrement des paiements variables (earn-outs)<\/strong><\/h6>\n<h6>Notre travail comprend la pr\u00e9paration de <strong>cahiers de vente et de <em>m\u00e9morandums d&rsquo;investissement<\/em>, la construction de <em>plans d&rsquo;affaires<\/em> et de projections financi\u00e8res,<\/strong> l&rsquo;\u00e9valuation des entreprises cibles et la d\u00e9finition de la logique \u00e9conomique de la transaction. De m\u00eame, nous avons conseill\u00e9 sur la structuration des paiements (prix fixes et variables, <em>earn-outs<\/em>, options d&rsquo;achat et de vente), sur l&rsquo;identification des contingences pertinentes et sur la traduction de tout cela en termes \u00e9conomiques clairs pour les <strong>lettres d&rsquo;intention (LOI)<\/strong>. Enfin, martinsdelima apporte son soutien dans les processus de <strong>Due-Dilligence, les contrats de vente et enfin dans le recouvrement des Earn-Outs.<\/strong>  <\/h6>\t\t\t\t\t\t\t\t<\/div>\n\t\t\t\t<\/div>\n\t\t\t\t<\/div>\n\t\t\t\t\t<\/div>\n\t\t\t\t<\/div>\n\t\t\t\t<\/div>\n\t\t","protected":false},"excerpt":{"rendered":"<p>Publicit\u00e9 Chez martinsdelima, nous disposons d&rsquo;une vaste exp\u00e9rience dans l&rsquo;analyse du secteur publicitaire en constante \u00e9volution, tant dans les environnements traditionnels que dans l&rsquo;\u00e9cosyst\u00e8me num\u00e9rique, allant de l&rsquo;analyse du march\u00e9 publicitaire num\u00e9rique et de la participation avec des rapports d&rsquo;experts dans les litiges, \u00e0 l&rsquo;\u00e9valuation et \u00e0 la structuration des [&hellip;]<\/p>\n","protected":false},"author":1,"featured_media":0,"parent":0,"menu_order":0,"comment_status":"closed","ping_status":"closed","template":"page-templates\/template-pagebuilder-full-width.php","meta":{"footnotes":""},"class_list":["post-10818","page","type-page","status-publish","hentry"],"yoast_head":"<!-- This site is optimized with the Yoast SEO plugin v26.4 - https:\/\/yoast.com\/wordpress\/plugins\/seo\/ -->\n<title>Secteur Publicit\u00e9 - Martinsdelima<\/title>\n<meta name=\"robots\" content=\"index, follow, max-snippet:-1, max-image-preview:large, max-video-preview:-1\" \/>\n<link rel=\"canonical\" href=\"https:\/\/www.martinsdelima.com\/fr\/secteur-publicite\/\" \/>\n<meta property=\"og:locale\" content=\"fr_FR\" \/>\n<meta property=\"og:type\" content=\"article\" \/>\n<meta property=\"og:title\" content=\"Secteur Publicit\u00e9 - Martinsdelima\" \/>\n<meta property=\"og:description\" content=\"Publicit\u00e9 Chez martinsdelima, nous disposons d&rsquo;une vaste exp\u00e9rience dans l&rsquo;analyse du secteur publicitaire en constante \u00e9volution, tant dans les environnements traditionnels que dans l&rsquo;\u00e9cosyst\u00e8me num\u00e9rique, allant de l&rsquo;analyse du march\u00e9 publicitaire num\u00e9rique et de la participation avec des rapports d&rsquo;experts dans les litiges, \u00e0 l&rsquo;\u00e9valuation et \u00e0 la structuration des [&hellip;]\" \/>\n<meta property=\"og:url\" content=\"https:\/\/www.martinsdelima.com\/fr\/secteur-publicite\/\" \/>\n<meta property=\"og:site_name\" content=\"Martinsdelima\" \/>\n<meta property=\"article:modified_time\" content=\"2026-02-12T11:03:16+00:00\" \/>\n<meta name=\"twitter:card\" content=\"summary_large_image\" \/>\n<meta name=\"twitter:label1\" content=\"Dur\u00e9e de lecture estim\u00e9e\" \/>\n\t<meta name=\"twitter:data1\" content=\"3 minutes\" \/>\n<script type=\"application\/ld+json\" class=\"yoast-schema-graph\">{\"@context\":\"https:\/\/schema.org\",\"@graph\":[{\"@type\":\"WebPage\",\"@id\":\"https:\/\/www.martinsdelima.com\/fr\/secteur-publicite\/\",\"url\":\"https:\/\/www.martinsdelima.com\/fr\/secteur-publicite\/\",\"name\":\"Secteur Publicit\u00e9 - Martinsdelima\",\"isPartOf\":{\"@id\":\"https:\/\/www.martinsdelima.com\/fr\/#website\"},\"datePublished\":\"2025-11-23T12:01:04+00:00\",\"dateModified\":\"2026-02-12T11:03:16+00:00\",\"breadcrumb\":{\"@id\":\"https:\/\/www.martinsdelima.com\/fr\/secteur-publicite\/#breadcrumb\"},\"inLanguage\":\"fr-FR\",\"potentialAction\":[{\"@type\":\"ReadAction\",\"target\":[\"https:\/\/www.martinsdelima.com\/fr\/secteur-publicite\/\"]}]},{\"@type\":\"BreadcrumbList\",\"@id\":\"https:\/\/www.martinsdelima.com\/fr\/secteur-publicite\/#breadcrumb\",\"itemListElement\":[{\"@type\":\"ListItem\",\"position\":1,\"name\":\"Page d'accueil\",\"item\":\"https:\/\/www.martinsdelima.com\/fr\/accueil\/\"},{\"@type\":\"ListItem\",\"position\":2,\"name\":\"Secteur Publicit\u00e9\"}]},{\"@type\":\"WebSite\",\"@id\":\"https:\/\/www.martinsdelima.com\/fr\/#website\",\"url\":\"https:\/\/www.martinsdelima.com\/fr\/\",\"name\":\"Martinsdelima\",\"description\":\"Forensic&amp;Finance\",\"publisher\":{\"@id\":\"https:\/\/www.martinsdelima.com\/fr\/#organization\"},\"potentialAction\":[{\"@type\":\"SearchAction\",\"target\":{\"@type\":\"EntryPoint\",\"urlTemplate\":\"https:\/\/www.martinsdelima.com\/fr\/?s={search_term_string}\"},\"query-input\":{\"@type\":\"PropertyValueSpecification\",\"valueRequired\":true,\"valueName\":\"search_term_string\"}}],\"inLanguage\":\"fr-FR\"},{\"@type\":\"Organization\",\"@id\":\"https:\/\/www.martinsdelima.com\/fr\/#organization\",\"name\":\"Martinsdelima\",\"url\":\"https:\/\/www.martinsdelima.com\/fr\/\",\"logo\":{\"@type\":\"ImageObject\",\"inLanguage\":\"fr-FR\",\"@id\":\"https:\/\/www.martinsdelima.com\/fr\/#\/schema\/logo\/image\/\",\"url\":\"https:\/\/mligy6wbr5rs.i.optimole.com\/w:auto\/h:auto\/q:mauto\/f:best\/https:\/\/www.martinsdelima.com\/wp-content\/uploads\/2025\/10\/martinsdelima-letras-claras-horizontal.png\",\"contentUrl\":\"https:\/\/mligy6wbr5rs.i.optimole.com\/w:auto\/h:auto\/q:mauto\/f:best\/https:\/\/www.martinsdelima.com\/wp-content\/uploads\/2025\/10\/martinsdelima-letras-claras-horizontal.png\",\"width\":1315,\"height\":217,\"caption\":\"Martinsdelima\"},\"image\":{\"@id\":\"https:\/\/www.martinsdelima.com\/fr\/#\/schema\/logo\/image\/\"}}]}<\/script>\n<!-- \/ Yoast SEO plugin. -->","yoast_head_json":{"title":"Secteur Publicit\u00e9 - Martinsdelima","robots":{"index":"index","follow":"follow","max-snippet":"max-snippet:-1","max-image-preview":"max-image-preview:large","max-video-preview":"max-video-preview:-1"},"canonical":"https:\/\/www.martinsdelima.com\/fr\/secteur-publicite\/","og_locale":"fr_FR","og_type":"article","og_title":"Secteur Publicit\u00e9 - Martinsdelima","og_description":"Publicit\u00e9 Chez martinsdelima, nous disposons d&rsquo;une vaste exp\u00e9rience dans l&rsquo;analyse du secteur publicitaire en constante \u00e9volution, tant dans les environnements traditionnels que dans l&rsquo;\u00e9cosyst\u00e8me num\u00e9rique, allant de l&rsquo;analyse du march\u00e9 publicitaire num\u00e9rique et de la participation avec des rapports d&rsquo;experts dans les litiges, \u00e0 l&rsquo;\u00e9valuation et \u00e0 la structuration des [&hellip;]","og_url":"https:\/\/www.martinsdelima.com\/fr\/secteur-publicite\/","og_site_name":"Martinsdelima","article_modified_time":"2026-02-12T11:03:16+00:00","twitter_card":"summary_large_image","twitter_misc":{"Dur\u00e9e de lecture estim\u00e9e":"3 minutes"},"schema":{"@context":"https:\/\/schema.org","@graph":[{"@type":"WebPage","@id":"https:\/\/www.martinsdelima.com\/fr\/secteur-publicite\/","url":"https:\/\/www.martinsdelima.com\/fr\/secteur-publicite\/","name":"Secteur Publicit\u00e9 - Martinsdelima","isPartOf":{"@id":"https:\/\/www.martinsdelima.com\/fr\/#website"},"datePublished":"2025-11-23T12:01:04+00:00","dateModified":"2026-02-12T11:03:16+00:00","breadcrumb":{"@id":"https:\/\/www.martinsdelima.com\/fr\/secteur-publicite\/#breadcrumb"},"inLanguage":"fr-FR","potentialAction":[{"@type":"ReadAction","target":["https:\/\/www.martinsdelima.com\/fr\/secteur-publicite\/"]}]},{"@type":"BreadcrumbList","@id":"https:\/\/www.martinsdelima.com\/fr\/secteur-publicite\/#breadcrumb","itemListElement":[{"@type":"ListItem","position":1,"name":"Page d'accueil","item":"https:\/\/www.martinsdelima.com\/fr\/accueil\/"},{"@type":"ListItem","position":2,"name":"Secteur Publicit\u00e9"}]},{"@type":"WebSite","@id":"https:\/\/www.martinsdelima.com\/fr\/#website","url":"https:\/\/www.martinsdelima.com\/fr\/","name":"Martinsdelima","description":"Forensic&amp;Finance","publisher":{"@id":"https:\/\/www.martinsdelima.com\/fr\/#organization"},"potentialAction":[{"@type":"SearchAction","target":{"@type":"EntryPoint","urlTemplate":"https:\/\/www.martinsdelima.com\/fr\/?s={search_term_string}"},"query-input":{"@type":"PropertyValueSpecification","valueRequired":true,"valueName":"search_term_string"}}],"inLanguage":"fr-FR"},{"@type":"Organization","@id":"https:\/\/www.martinsdelima.com\/fr\/#organization","name":"Martinsdelima","url":"https:\/\/www.martinsdelima.com\/fr\/","logo":{"@type":"ImageObject","inLanguage":"fr-FR","@id":"https:\/\/www.martinsdelima.com\/fr\/#\/schema\/logo\/image\/","url":"https:\/\/mligy6wbr5rs.i.optimole.com\/w:auto\/h:auto\/q:mauto\/f:best\/https:\/\/www.martinsdelima.com\/wp-content\/uploads\/2025\/10\/martinsdelima-letras-claras-horizontal.png","contentUrl":"https:\/\/mligy6wbr5rs.i.optimole.com\/w:auto\/h:auto\/q:mauto\/f:best\/https:\/\/www.martinsdelima.com\/wp-content\/uploads\/2025\/10\/martinsdelima-letras-claras-horizontal.png","width":1315,"height":217,"caption":"Martinsdelima"},"image":{"@id":"https:\/\/www.martinsdelima.com\/fr\/#\/schema\/logo\/image\/"}}]}},"_links":{"self":[{"href":"https:\/\/www.martinsdelima.com\/fr\/wp-json\/wp\/v2\/pages\/10818","targetHints":{"allow":["GET"]}}],"collection":[{"href":"https:\/\/www.martinsdelima.com\/fr\/wp-json\/wp\/v2\/pages"}],"about":[{"href":"https:\/\/www.martinsdelima.com\/fr\/wp-json\/wp\/v2\/types\/page"}],"author":[{"embeddable":true,"href":"https:\/\/www.martinsdelima.com\/fr\/wp-json\/wp\/v2\/users\/1"}],"replies":[{"embeddable":true,"href":"https:\/\/www.martinsdelima.com\/fr\/wp-json\/wp\/v2\/comments?post=10818"}],"version-history":[{"count":3,"href":"https:\/\/www.martinsdelima.com\/fr\/wp-json\/wp\/v2\/pages\/10818\/revisions"}],"predecessor-version":[{"id":11820,"href":"https:\/\/www.martinsdelima.com\/fr\/wp-json\/wp\/v2\/pages\/10818\/revisions\/11820"}],"wp:attachment":[{"href":"https:\/\/www.martinsdelima.com\/fr\/wp-json\/wp\/v2\/media?parent=10818"}],"curies":[{"name":"wp","href":"https:\/\/api.w.org\/{rel}","templated":true}]}}