{"id":10830,"date":"2025-11-23T12:21:43","date_gmt":"2025-11-23T12:21:43","guid":{"rendered":"https:\/\/www.martinsdelima.com\/secteur-de-la-sante\/"},"modified":"2026-02-12T10:58:56","modified_gmt":"2026-02-12T10:58:56","slug":"secteur-de-la-sante","status":"publish","type":"page","link":"https:\/\/www.martinsdelima.com\/fr\/secteur-de-la-sante\/","title":{"rendered":"Secteur de la sant\u00e9"},"content":{"rendered":"\t\t<div data-elementor-type=\"wp-page\" data-elementor-id=\"10830\" class=\"elementor elementor-10830 elementor-7066\" data-elementor-post-type=\"page\">\n\t\t\t\t\t\t<section class=\"elementor-section elementor-top-section elementor-element elementor-element-5861a17 elementor-section-full_width elementor-section-stretched elementor-section-height-default elementor-section-height-default\" data-id=\"5861a17\" data-element_type=\"section\" data-settings=\"{&quot;stretch_section&quot;:&quot;section-stretched&quot;,&quot;background_background&quot;:&quot;classic&quot;}\">\n\t\t\t\t\t\t\t<div class=\"elementor-background-overlay\"><\/div>\n\t\t\t\t\t\t\t<div class=\"elementor-container elementor-column-gap-default\">\n\t\t\t\t\t<div class=\"elementor-column elementor-col-100 elementor-top-column elementor-element elementor-element-ea42bdb\" data-id=\"ea42bdb\" data-element_type=\"column\">\n\t\t\t<div class=\"elementor-widget-wrap elementor-element-populated\">\n\t\t\t\t\t\t<div class=\"elementor-element elementor-element-8924fce elementor-widget elementor-widget-heading\" data-id=\"8924fce\" data-element_type=\"widget\" data-widget_type=\"heading.default\">\n\t\t\t\t<div class=\"elementor-widget-container\">\n\t\t\t\t\t<h2 class=\"elementor-heading-title elementor-size-default\"><b>Sanitaire<\/b><\/h2>\t\t\t\t<\/div>\n\t\t\t\t<\/div>\n\t\t\t\t\t<\/div>\n\t\t<\/div>\n\t\t\t\t\t<\/div>\n\t\t<\/section>\n\t\t<div class=\"elementor-element elementor-element-7469000 e-flex e-con-boxed e-con e-parent\" data-id=\"7469000\" data-element_type=\"container\">\n\t\t\t\t\t<div class=\"e-con-inner\">\n\t\t<div class=\"elementor-element elementor-element-4404da7 e-con-full e-flex e-con e-child\" data-id=\"4404da7\" data-element_type=\"container\">\n\t\t\t\t<div class=\"elementor-element elementor-element-d53b9d3 elementor-widget elementor-widget-text-editor\" data-id=\"d53b9d3\" data-element_type=\"widget\" data-widget_type=\"text-editor.default\">\n\t\t\t\t<div class=\"elementor-widget-container\">\n\t\t\t\t\t\t\t\t\t<h6>Le secteur de la sant\u00e9 et du secteur m\u00e9dico-social englobe les <strong>h\u00f4pitaux, les centres m\u00e9dicaux sp\u00e9cialis\u00e9s, les laboratoires, les cliniques v\u00e9t\u00e9rinaires, les \u00e9tablissements de r\u00e9adaptation, les services de prise en charge de la d\u00e9pendance<\/strong> et les centres o\u00f9 l\u2019activit\u00e9 de soins exige des normes techniques \u00e9lev\u00e9es, une r\u00e9glementation stricte et des structures \u00e9conomiques complexes.<\/h6>\n<h6>Chez martinsdelima, nous avons accompagn\u00e9 des entit\u00e9s sanitaires et m\u00e9dico-sociales \u00e0 diff\u00e9rents moments, en fournissant des analyses ind\u00e9pendantes, des \u00e9valuations d\u2019actifs et un soutien technique dans les processus de travail, financiers et op\u00e9rationnels.<\/h6>\n<h6><strong>&nbsp;<\/strong><\/h6>\n<h6><strong>Rapports d\u2019expertise \u00e9conomique<\/strong><\/h6>\n<h6>Nous avons \u00e9labor\u00e9 des <strong>analyses financi\u00e8res compl\u00e8tes<\/strong> pour des groupes sanitaires et de diagnostic, en \u00e9valuant leur performance \u00e9conomique, la structure des co\u00fbts, la rentabilit\u00e9 par domaine d\u2019activit\u00e9 et les besoins d\u2019investissement pour garantir leur viabilit\u00e9 et leur croissance.<\/h6>\n<h6><strong>&nbsp;<\/strong><\/h6>\n<h6><strong>Rapports d\u2019expertise en droit du travail<\/strong><\/h6>\n<h6>Nous avons r\u00e9alis\u00e9 des rapports techniques pour les dossiers de r\u00e9duction d\u2019effectifs <strong>(ERTE) dans les organisations sanitaires et m\u00e9dico-sociales<\/strong>, en justifiant les causes \u00e9conomiques, productives ou organisationnelles dans des secteurs particuli\u00e8rement sensibles en raison de leur impact direct sur la prestation de services essentiels.<\/h6>\n<h6><strong>&nbsp;<\/strong><\/h6>\n<h6><strong>\u00c9valuations<\/strong><\/h6>\n<h6>Nous avons de l\u2019exp\u00e9rience dans l\u2019\u00e9valuation des entreprises du secteur de la sant\u00e9 et du secteur v\u00e9t\u00e9rinaire, y compris des sc\u00e9narios complexes avec des paiements conditionnels (earn-outs). Dans ces cas, nous avons d\u00e9termin\u00e9 la valeur r\u00e9elle de l\u2019entreprise et analys\u00e9 les effets op\u00e9rationnels et \u00e9conomiques des d\u00e9cisions de gestion qui ont affect\u00e9 le fonctionnement de l\u2019entreprise ou l\u2019activation des jalons contractuels. <\/h6>\t\t\t\t\t\t\t\t<\/div>\n\t\t\t\t<\/div>\n\t\t\t\t<\/div>\n\t\t\t\t\t<\/div>\n\t\t\t\t<\/div>\n\t\t\t\t<\/div>\n\t\t","protected":false},"excerpt":{"rendered":"<p>Sanitaire Le secteur de la sant\u00e9 et du secteur m\u00e9dico-social englobe les h\u00f4pitaux, les centres m\u00e9dicaux sp\u00e9cialis\u00e9s, les laboratoires, les cliniques v\u00e9t\u00e9rinaires, les \u00e9tablissements de r\u00e9adaptation, les services de prise en charge de la d\u00e9pendance et les centres o\u00f9 l\u2019activit\u00e9 de soins exige des normes techniques \u00e9lev\u00e9es, une r\u00e9glementation stricte [&hellip;]<\/p>\n","protected":false},"author":1,"featured_media":0,"parent":0,"menu_order":0,"comment_status":"closed","ping_status":"closed","template":"page-templates\/template-pagebuilder-full-width.php","meta":{"footnotes":""},"class_list":["post-10830","page","type-page","status-publish","hentry"],"yoast_head":"<!-- This site is optimized with the Yoast SEO plugin v26.4 - https:\/\/yoast.com\/wordpress\/plugins\/seo\/ -->\n<title>Secteur de la sant\u00e9 - Martinsdelima<\/title>\n<meta name=\"robots\" content=\"index, follow, max-snippet:-1, max-image-preview:large, max-video-preview:-1\" \/>\n<link rel=\"canonical\" href=\"https:\/\/www.martinsdelima.com\/fr\/secteur-de-la-sante\/\" \/>\n<meta property=\"og:locale\" content=\"fr_FR\" \/>\n<meta property=\"og:type\" content=\"article\" \/>\n<meta property=\"og:title\" content=\"Secteur de la sant\u00e9 - Martinsdelima\" \/>\n<meta property=\"og:description\" content=\"Sanitaire Le secteur de la sant\u00e9 et du secteur m\u00e9dico-social englobe les h\u00f4pitaux, les centres m\u00e9dicaux sp\u00e9cialis\u00e9s, les laboratoires, les cliniques v\u00e9t\u00e9rinaires, les \u00e9tablissements de r\u00e9adaptation, les services de prise en charge de la d\u00e9pendance et les centres o\u00f9 l\u2019activit\u00e9 de soins exige des normes techniques \u00e9lev\u00e9es, une r\u00e9glementation stricte [&hellip;]\" \/>\n<meta property=\"og:url\" content=\"https:\/\/www.martinsdelima.com\/fr\/secteur-de-la-sante\/\" \/>\n<meta property=\"og:site_name\" content=\"Martinsdelima\" \/>\n<meta property=\"article:modified_time\" content=\"2026-02-12T10:58:56+00:00\" \/>\n<meta name=\"twitter:card\" content=\"summary_large_image\" \/>\n<meta name=\"twitter:label1\" content=\"Dur\u00e9e de lecture estim\u00e9e\" \/>\n\t<meta name=\"twitter:data1\" content=\"1 minute\" \/>\n<script type=\"application\/ld+json\" class=\"yoast-schema-graph\">{\"@context\":\"https:\/\/schema.org\",\"@graph\":[{\"@type\":\"WebPage\",\"@id\":\"https:\/\/www.martinsdelima.com\/fr\/secteur-de-la-sante\/\",\"url\":\"https:\/\/www.martinsdelima.com\/fr\/secteur-de-la-sante\/\",\"name\":\"Secteur de la sant\u00e9 - Martinsdelima\",\"isPartOf\":{\"@id\":\"https:\/\/www.martinsdelima.com\/fr\/#website\"},\"datePublished\":\"2025-11-23T12:21:43+00:00\",\"dateModified\":\"2026-02-12T10:58:56+00:00\",\"breadcrumb\":{\"@id\":\"https:\/\/www.martinsdelima.com\/fr\/secteur-de-la-sante\/#breadcrumb\"},\"inLanguage\":\"fr-FR\",\"potentialAction\":[{\"@type\":\"ReadAction\",\"target\":[\"https:\/\/www.martinsdelima.com\/fr\/secteur-de-la-sante\/\"]}]},{\"@type\":\"BreadcrumbList\",\"@id\":\"https:\/\/www.martinsdelima.com\/fr\/secteur-de-la-sante\/#breadcrumb\",\"itemListElement\":[{\"@type\":\"ListItem\",\"position\":1,\"name\":\"Page d'accueil\",\"item\":\"https:\/\/www.martinsdelima.com\/fr\/accueil\/\"},{\"@type\":\"ListItem\",\"position\":2,\"name\":\"Secteur de la sant\u00e9\"}]},{\"@type\":\"WebSite\",\"@id\":\"https:\/\/www.martinsdelima.com\/fr\/#website\",\"url\":\"https:\/\/www.martinsdelima.com\/fr\/\",\"name\":\"Martinsdelima\",\"description\":\"Forensic&amp;Finance\",\"publisher\":{\"@id\":\"https:\/\/www.martinsdelima.com\/fr\/#organization\"},\"potentialAction\":[{\"@type\":\"SearchAction\",\"target\":{\"@type\":\"EntryPoint\",\"urlTemplate\":\"https:\/\/www.martinsdelima.com\/fr\/?s={search_term_string}\"},\"query-input\":{\"@type\":\"PropertyValueSpecification\",\"valueRequired\":true,\"valueName\":\"search_term_string\"}}],\"inLanguage\":\"fr-FR\"},{\"@type\":\"Organization\",\"@id\":\"https:\/\/www.martinsdelima.com\/fr\/#organization\",\"name\":\"Martinsdelima\",\"url\":\"https:\/\/www.martinsdelima.com\/fr\/\",\"logo\":{\"@type\":\"ImageObject\",\"inLanguage\":\"fr-FR\",\"@id\":\"https:\/\/www.martinsdelima.com\/fr\/#\/schema\/logo\/image\/\",\"url\":\"https:\/\/mligy6wbr5rs.i.optimole.com\/w:auto\/h:auto\/q:mauto\/f:best\/https:\/\/www.martinsdelima.com\/wp-content\/uploads\/2025\/10\/martinsdelima-letras-claras-horizontal.png\",\"contentUrl\":\"https:\/\/mligy6wbr5rs.i.optimole.com\/w:auto\/h:auto\/q:mauto\/f:best\/https:\/\/www.martinsdelima.com\/wp-content\/uploads\/2025\/10\/martinsdelima-letras-claras-horizontal.png\",\"width\":1315,\"height\":217,\"caption\":\"Martinsdelima\"},\"image\":{\"@id\":\"https:\/\/www.martinsdelima.com\/fr\/#\/schema\/logo\/image\/\"}}]}<\/script>\n<!-- \/ Yoast SEO plugin. -->","yoast_head_json":{"title":"Secteur de la sant\u00e9 - Martinsdelima","robots":{"index":"index","follow":"follow","max-snippet":"max-snippet:-1","max-image-preview":"max-image-preview:large","max-video-preview":"max-video-preview:-1"},"canonical":"https:\/\/www.martinsdelima.com\/fr\/secteur-de-la-sante\/","og_locale":"fr_FR","og_type":"article","og_title":"Secteur de la sant\u00e9 - Martinsdelima","og_description":"Sanitaire Le secteur de la sant\u00e9 et du secteur m\u00e9dico-social englobe les h\u00f4pitaux, les centres m\u00e9dicaux sp\u00e9cialis\u00e9s, les laboratoires, les cliniques v\u00e9t\u00e9rinaires, les \u00e9tablissements de r\u00e9adaptation, les services de prise en charge de la d\u00e9pendance et les centres o\u00f9 l\u2019activit\u00e9 de soins exige des normes techniques \u00e9lev\u00e9es, une r\u00e9glementation stricte [&hellip;]","og_url":"https:\/\/www.martinsdelima.com\/fr\/secteur-de-la-sante\/","og_site_name":"Martinsdelima","article_modified_time":"2026-02-12T10:58:56+00:00","twitter_card":"summary_large_image","twitter_misc":{"Dur\u00e9e de lecture estim\u00e9e":"1 minute"},"schema":{"@context":"https:\/\/schema.org","@graph":[{"@type":"WebPage","@id":"https:\/\/www.martinsdelima.com\/fr\/secteur-de-la-sante\/","url":"https:\/\/www.martinsdelima.com\/fr\/secteur-de-la-sante\/","name":"Secteur de la sant\u00e9 - Martinsdelima","isPartOf":{"@id":"https:\/\/www.martinsdelima.com\/fr\/#website"},"datePublished":"2025-11-23T12:21:43+00:00","dateModified":"2026-02-12T10:58:56+00:00","breadcrumb":{"@id":"https:\/\/www.martinsdelima.com\/fr\/secteur-de-la-sante\/#breadcrumb"},"inLanguage":"fr-FR","potentialAction":[{"@type":"ReadAction","target":["https:\/\/www.martinsdelima.com\/fr\/secteur-de-la-sante\/"]}]},{"@type":"BreadcrumbList","@id":"https:\/\/www.martinsdelima.com\/fr\/secteur-de-la-sante\/#breadcrumb","itemListElement":[{"@type":"ListItem","position":1,"name":"Page d'accueil","item":"https:\/\/www.martinsdelima.com\/fr\/accueil\/"},{"@type":"ListItem","position":2,"name":"Secteur de la sant\u00e9"}]},{"@type":"WebSite","@id":"https:\/\/www.martinsdelima.com\/fr\/#website","url":"https:\/\/www.martinsdelima.com\/fr\/","name":"Martinsdelima","description":"Forensic&amp;Finance","publisher":{"@id":"https:\/\/www.martinsdelima.com\/fr\/#organization"},"potentialAction":[{"@type":"SearchAction","target":{"@type":"EntryPoint","urlTemplate":"https:\/\/www.martinsdelima.com\/fr\/?s={search_term_string}"},"query-input":{"@type":"PropertyValueSpecification","valueRequired":true,"valueName":"search_term_string"}}],"inLanguage":"fr-FR"},{"@type":"Organization","@id":"https:\/\/www.martinsdelima.com\/fr\/#organization","name":"Martinsdelima","url":"https:\/\/www.martinsdelima.com\/fr\/","logo":{"@type":"ImageObject","inLanguage":"fr-FR","@id":"https:\/\/www.martinsdelima.com\/fr\/#\/schema\/logo\/image\/","url":"https:\/\/mligy6wbr5rs.i.optimole.com\/w:auto\/h:auto\/q:mauto\/f:best\/https:\/\/www.martinsdelima.com\/wp-content\/uploads\/2025\/10\/martinsdelima-letras-claras-horizontal.png","contentUrl":"https:\/\/mligy6wbr5rs.i.optimole.com\/w:auto\/h:auto\/q:mauto\/f:best\/https:\/\/www.martinsdelima.com\/wp-content\/uploads\/2025\/10\/martinsdelima-letras-claras-horizontal.png","width":1315,"height":217,"caption":"Martinsdelima"},"image":{"@id":"https:\/\/www.martinsdelima.com\/fr\/#\/schema\/logo\/image\/"}}]}},"_links":{"self":[{"href":"https:\/\/www.martinsdelima.com\/fr\/wp-json\/wp\/v2\/pages\/10830","targetHints":{"allow":["GET"]}}],"collection":[{"href":"https:\/\/www.martinsdelima.com\/fr\/wp-json\/wp\/v2\/pages"}],"about":[{"href":"https:\/\/www.martinsdelima.com\/fr\/wp-json\/wp\/v2\/types\/page"}],"author":[{"embeddable":true,"href":"https:\/\/www.martinsdelima.com\/fr\/wp-json\/wp\/v2\/users\/1"}],"replies":[{"embeddable":true,"href":"https:\/\/www.martinsdelima.com\/fr\/wp-json\/wp\/v2\/comments?post=10830"}],"version-history":[{"count":2,"href":"https:\/\/www.martinsdelima.com\/fr\/wp-json\/wp\/v2\/pages\/10830\/revisions"}],"predecessor-version":[{"id":11804,"href":"https:\/\/www.martinsdelima.com\/fr\/wp-json\/wp\/v2\/pages\/10830\/revisions\/11804"}],"wp:attachment":[{"href":"https:\/\/www.martinsdelima.com\/fr\/wp-json\/wp\/v2\/media?parent=10830"}],"curies":[{"name":"wp","href":"https:\/\/api.w.org\/{rel}","templated":true}]}}