{"id":10834,"date":"2025-11-19T17:32:14","date_gmt":"2025-11-19T17:32:14","guid":{"rendered":"https:\/\/www.martinsdelima.com\/secteur-biens-de-consommation-et-vente-au-detail\/"},"modified":"2026-02-12T10:34:49","modified_gmt":"2026-02-12T10:34:49","slug":"secteur-biens-de-consommation-et-vente-au-detail","status":"publish","type":"page","link":"https:\/\/www.martinsdelima.com\/fr\/secteurs\/secteur-biens-de-consommation-et-vente-au-detail\/","title":{"rendered":"Secteur Biens de consommation et vente au d\u00e9tail"},"content":{"rendered":"\t\t<div data-elementor-type=\"wp-page\" data-elementor-id=\"10834\" class=\"elementor elementor-10834 elementor-6850\" data-elementor-post-type=\"page\">\n\t\t\t\t\t\t<section class=\"elementor-section elementor-top-section elementor-element elementor-element-5861a17 elementor-section-full_width elementor-section-stretched elementor-section-height-default elementor-section-height-default\" data-id=\"5861a17\" data-element_type=\"section\" data-settings=\"{&quot;stretch_section&quot;:&quot;section-stretched&quot;,&quot;background_background&quot;:&quot;classic&quot;}\">\n\t\t\t\t\t\t\t<div class=\"elementor-background-overlay\"><\/div>\n\t\t\t\t\t\t\t<div class=\"elementor-container elementor-column-gap-default\">\n\t\t\t\t\t<div class=\"elementor-column elementor-col-100 elementor-top-column elementor-element elementor-element-ea42bdb\" data-id=\"ea42bdb\" data-element_type=\"column\">\n\t\t\t<div class=\"elementor-widget-wrap elementor-element-populated\">\n\t\t\t\t\t\t<div class=\"elementor-element elementor-element-8924fce elementor-widget elementor-widget-heading\" data-id=\"8924fce\" data-element_type=\"widget\" data-widget_type=\"heading.default\">\n\t\t\t\t<div class=\"elementor-widget-container\">\n\t\t\t\t\t<h2 class=\"elementor-heading-title elementor-size-default\"><b>Biens de consommation et vente au d\u00e9tail<\/b><\/h2>\t\t\t\t<\/div>\n\t\t\t\t<\/div>\n\t\t\t\t\t<\/div>\n\t\t<\/div>\n\t\t\t\t\t<\/div>\n\t\t<\/section>\n\t\t<div class=\"elementor-element elementor-element-fd55e71 e-flex e-con-boxed e-con e-parent\" data-id=\"fd55e71\" data-element_type=\"container\">\n\t\t\t\t\t<div class=\"e-con-inner\">\n\t\t<div class=\"elementor-element elementor-element-683406e e-con-full e-flex e-con e-child\" data-id=\"683406e\" data-element_type=\"container\">\n\t\t\t\t<div class=\"elementor-element elementor-element-817c688 elementor-widget elementor-widget-text-editor\" data-id=\"817c688\" data-element_type=\"widget\" data-widget_type=\"text-editor.default\">\n\t\t\t\t<div class=\"elementor-widget-container\">\n\t\t\t\t\t\t\t\t\t<h6>Le secteur des <strong>biens de consommation et de la vente au d\u00e9tail<\/strong> regroupe certaines des industries les plus dynamiques et exigeantes de l&rsquo;\u00e9conomie&nbsp;: <strong>l&rsquo;alimentation et les boissons, la mode, les cosm\u00e9tiques, la distribution au d\u00e9tail et les marques de grande consommation<\/strong>. Il s&rsquo;agit d&rsquo;un environnement marqu\u00e9 par la pression concurrentielle, la volatilit\u00e9 de la demande, la sensibilit\u00e9 aux chocs externes et la n\u00e9cessit\u00e9 constante d&rsquo;optimiser les op\u00e9rations, les marges et les structures commerciales.<br>martinsdelima poss\u00e8de une vaste exp\u00e9rience dans ce secteur, ayant r\u00e9alis\u00e9 des travaux dans de nombreux secteurs et travaill\u00e9 sur des probl\u00e9matiques tr\u00e8s diverses. <br>Nous avons travaill\u00e9 pour de grandes multinationales de biens de consommation, notamment des <strong>leaders mondiaux des boissons et de l&rsquo;alimentation<\/strong> pr\u00e9sents dans des dizaines de pays. Nous avons \u00e9galement accompagn\u00e9 de grands distributeurs europ\u00e9ens et l&rsquo;un des <strong>plus grands groupes textiles au monde<\/strong>. Mais aussi des producteurs europ\u00e9ens d&rsquo;aliments sp\u00e9cialis\u00e9s, des caves et des distilleries, des entreprises de cosm\u00e9tiques professionnels, entre autres.    <\/h6><h6>Cette diversit\u00e9 refl\u00e8te notre capacit\u00e9 \u00e0 conseiller aussi bien de grandes entreprises nationales et internationales et des groupes de l&rsquo;<strong>IBEX35, S&amp;P 500 et TOPIX<\/strong> que des entreprises hautement sp\u00e9cialis\u00e9es dans leurs secteurs.<\/h6><h6><strong> <\/strong><\/h6><h6><strong>Rapports d&rsquo;expertise \u00e9conomique<\/strong><br>Nous avons r\u00e9alis\u00e9 des rapports sur un large \u00e9ventail de probl\u00e9matiques, notamment la <strong>quantification des pertes op\u00e9rationnelles et fonctionnelles<\/strong> r\u00e9sultant de cyberattaques, en reconstituant les ventes affect\u00e9es, les marges et les perturbations des processus critiques. <br>\u00c9galement le non-respect des clauses de non-concurrence&nbsp;; les litiges entre <strong>fabricants et distributeurs<\/strong>, en v\u00e9rifiant les conditions commerciales, les tarifs, les listing fees, la r\u00e9percussion des co\u00fbts et les marges r\u00e9elles obtenues dans chaque canal. <br>De m\u00eame, nous avons \u00e9labor\u00e9 des rapports sur le positionnement des marques, la structure du march\u00e9 et les relations entre <strong>fabricants et embouteilleurs<\/strong>&nbsp;; la quantification des <strong>pr\u00e9judices caus\u00e9s par des incidents logistiques<\/strong>, des probl\u00e8mes d&rsquo;approvisionnement ou des baisses de la demande&nbsp;; l&rsquo;analyse des effets \u00e9conomiques des modifications contractuelles, des changements dans les conditions commerciales, de l&rsquo;\u00e9volution des ventes par cat\u00e9gorie, de la sensibilit\u00e9 de la consommation aux chocs externes et la reconstitution des marges comparables entre les exercices affect\u00e9s par des \u00e9v\u00e9nements extraordinaires&nbsp;; la quantification des dommages r\u00e9sultant de fermetures, de restrictions ou de <strong>litiges commerciaux<\/strong>&nbsp;; l&rsquo;impact des perturbations du march\u00e9, l&rsquo;analyse des stocks, la r\u00e9organisation temporaire des op\u00e9rations et l&rsquo;\u00e9valuation \u00e9conomique de sc\u00e9narios sectoriels d\u00e9favorables&nbsp;; et bien d&rsquo;autres choses encore.<\/h6><h6><strong> <\/strong><\/h6><h6><strong>Rapports d&rsquo;expertise en droit du travail<\/strong><br>De m\u00eame, nous r\u00e9alisons des rapports sur le secteur des biens de consommation et de la vente au d\u00e9tail dans le cadre du droit du travail pour les <strong>plans de sauvegarde de l&#8217;emploi (PSE), les dispositifs de ch\u00f4mage partiel (ERTE) et les modifications substantielles des conditions de travail (MSCT)<\/strong>, sur la base d&rsquo;une analyse approfondie du march\u00e9 auquel appartient l&rsquo;entreprise, de l&rsquo;\u00e9volution de la demande, de sa situation financi\u00e8re et organisationnelle et des restructurations potentielles. Ces travaux comprennent des <strong>examens des roulements, des charges de travail, de la productivit\u00e9<\/strong>, de l&rsquo;efficacit\u00e9 op\u00e9rationnelle et de la mod\u00e9lisation des impacts \u00e9conomiques de diff\u00e9rentes alternatives organisationnelles. <\/h6><div><h6>Nous r\u00e9alisons \u00e9galement des rapports analysant les <strong>clauses de non-concurrence<\/strong> des dirigeants lorsqu&rsquo;ils quittent leur entreprise afin de v\u00e9rifier si elles ont \u00e9t\u00e9 enfreintes.<\/h6><\/div><div><h6><strong> <\/strong><\/h6><h6><strong>Rapports d&rsquo;expertise en mati\u00e8re de concurrence<\/strong><br>Nous r\u00e9alisons des rapports qui analysent la similitude entre la marque et l&rsquo;image de marque de deux entreprises afin de d\u00e9terminer s&rsquo;il y a eu <strong>concurrence d\u00e9loyale<\/strong>.<\/h6><h6>Dans d&rsquo;autres cas, nous analysons les <strong>accords de non-concurrence<\/strong> lors du partage des march\u00e9s entre deux entreprises. <\/h6><div><\/div><div><h6><strong> <\/strong><\/h6><h6><strong>\u00c9valuations<\/strong><\/h6><h6>Nous \u00e9valuons les entreprises du secteur afin d&rsquo;ex\u00e9cuter ult\u00e9rieurement des <strong>transactions<\/strong>. Il s&rsquo;agit d&rsquo;\u00e9valuations dont l&rsquo;objectif est de rendre l&rsquo;entreprise attrayante afin qu&rsquo;elle puisse \u00eatre restructur\u00e9e. <\/h6><div><h6><\/h6><h6><strong> <\/strong><\/h6><h6><strong>Restructurations<\/strong><\/h6><h6>Une fois l&rsquo;entreprise connue gr\u00e2ce \u00e0 son \u00e9valuation, nous avons r\u00e9alis\u00e9 un <strong>plan d&rsquo;affaires<\/strong>, comprenant la restructuration de sa dette et de son capital. Dans un long processus, nous aidons l&rsquo;entreprise \u00e0 <strong>redresser l&rsquo;activit\u00e9, la dette et la propri\u00e9t\u00e9.<\/strong> <\/h6><\/div><\/div><\/div>\t\t\t\t\t\t\t\t<\/div>\n\t\t\t\t<\/div>\n\t\t\t\t<\/div>\n\t\t\t\t\t<\/div>\n\t\t\t\t<\/div>\n\t\t\t\t<\/div>\n\t\t","protected":false},"excerpt":{"rendered":"<p>Biens de consommation et vente au d\u00e9tail Le secteur des biens de consommation et de la vente au d\u00e9tail regroupe certaines des industries les plus dynamiques et exigeantes de l&rsquo;\u00e9conomie&nbsp;: l&rsquo;alimentation et les boissons, la mode, les cosm\u00e9tiques, la distribution au d\u00e9tail et les marques de grande consommation. Il s&rsquo;agit [&hellip;]<\/p>\n","protected":false},"author":1,"featured_media":0,"parent":10948,"menu_order":0,"comment_status":"closed","ping_status":"closed","template":"page-templates\/template-pagebuilder-full-width.php","meta":{"footnotes":""},"class_list":["post-10834","page","type-page","status-publish","hentry"],"yoast_head":"<!-- This site is optimized with the Yoast SEO plugin v26.4 - https:\/\/yoast.com\/wordpress\/plugins\/seo\/ -->\n<title>Secteur Biens de consommation et vente au d\u00e9tail - Martinsdelima<\/title>\n<meta name=\"robots\" content=\"index, follow, max-snippet:-1, max-image-preview:large, max-video-preview:-1\" \/>\n<link rel=\"canonical\" href=\"https:\/\/www.martinsdelima.com\/fr\/secteurs\/secteur-biens-de-consommation-et-vente-au-detail\/\" \/>\n<meta property=\"og:locale\" content=\"fr_FR\" \/>\n<meta property=\"og:type\" content=\"article\" \/>\n<meta property=\"og:title\" content=\"Secteur Biens de consommation et vente au d\u00e9tail - Martinsdelima\" \/>\n<meta property=\"og:description\" content=\"Biens de consommation et vente au d\u00e9tail Le secteur des biens de consommation et de la vente au d\u00e9tail regroupe certaines des industries les plus dynamiques et exigeantes de l&rsquo;\u00e9conomie&nbsp;: l&rsquo;alimentation et les boissons, la mode, les cosm\u00e9tiques, la distribution au d\u00e9tail et les marques de grande consommation. Il s&rsquo;agit [&hellip;]\" \/>\n<meta property=\"og:url\" content=\"https:\/\/www.martinsdelima.com\/fr\/secteurs\/secteur-biens-de-consommation-et-vente-au-detail\/\" \/>\n<meta property=\"og:site_name\" content=\"Martinsdelima\" \/>\n<meta property=\"article:modified_time\" content=\"2026-02-12T10:34:49+00:00\" \/>\n<meta name=\"twitter:card\" content=\"summary_large_image\" \/>\n<meta name=\"twitter:label1\" content=\"Dur\u00e9e de lecture estim\u00e9e\" \/>\n\t<meta name=\"twitter:data1\" content=\"4 minutes\" \/>\n<script type=\"application\/ld+json\" class=\"yoast-schema-graph\">{\"@context\":\"https:\/\/schema.org\",\"@graph\":[{\"@type\":\"WebPage\",\"@id\":\"https:\/\/www.martinsdelima.com\/fr\/secteurs\/secteur-biens-de-consommation-et-vente-au-detail\/\",\"url\":\"https:\/\/www.martinsdelima.com\/fr\/secteurs\/secteur-biens-de-consommation-et-vente-au-detail\/\",\"name\":\"Secteur Biens de consommation et vente au d\u00e9tail - Martinsdelima\",\"isPartOf\":{\"@id\":\"https:\/\/www.martinsdelima.com\/fr\/#website\"},\"datePublished\":\"2025-11-19T17:32:14+00:00\",\"dateModified\":\"2026-02-12T10:34:49+00:00\",\"breadcrumb\":{\"@id\":\"https:\/\/www.martinsdelima.com\/fr\/secteurs\/secteur-biens-de-consommation-et-vente-au-detail\/#breadcrumb\"},\"inLanguage\":\"fr-FR\",\"potentialAction\":[{\"@type\":\"ReadAction\",\"target\":[\"https:\/\/www.martinsdelima.com\/fr\/secteurs\/secteur-biens-de-consommation-et-vente-au-detail\/\"]}]},{\"@type\":\"BreadcrumbList\",\"@id\":\"https:\/\/www.martinsdelima.com\/fr\/secteurs\/secteur-biens-de-consommation-et-vente-au-detail\/#breadcrumb\",\"itemListElement\":[{\"@type\":\"ListItem\",\"position\":1,\"name\":\"Page d'accueil\",\"item\":\"https:\/\/www.martinsdelima.com\/fr\/accueil\/\"},{\"@type\":\"ListItem\",\"position\":2,\"name\":\"Secteurs\",\"item\":\"https:\/\/www.martinsdelima.com\/fr\/secteurs\/\"},{\"@type\":\"ListItem\",\"position\":3,\"name\":\"Secteur Biens de consommation et vente au d\u00e9tail\"}]},{\"@type\":\"WebSite\",\"@id\":\"https:\/\/www.martinsdelima.com\/fr\/#website\",\"url\":\"https:\/\/www.martinsdelima.com\/fr\/\",\"name\":\"Martinsdelima\",\"description\":\"Forensic&amp;Finance\",\"publisher\":{\"@id\":\"https:\/\/www.martinsdelima.com\/fr\/#organization\"},\"potentialAction\":[{\"@type\":\"SearchAction\",\"target\":{\"@type\":\"EntryPoint\",\"urlTemplate\":\"https:\/\/www.martinsdelima.com\/fr\/?s={search_term_string}\"},\"query-input\":{\"@type\":\"PropertyValueSpecification\",\"valueRequired\":true,\"valueName\":\"search_term_string\"}}],\"inLanguage\":\"fr-FR\"},{\"@type\":\"Organization\",\"@id\":\"https:\/\/www.martinsdelima.com\/fr\/#organization\",\"name\":\"Martinsdelima\",\"url\":\"https:\/\/www.martinsdelima.com\/fr\/\",\"logo\":{\"@type\":\"ImageObject\",\"inLanguage\":\"fr-FR\",\"@id\":\"https:\/\/www.martinsdelima.com\/fr\/#\/schema\/logo\/image\/\",\"url\":\"https:\/\/mligy6wbr5rs.i.optimole.com\/w:auto\/h:auto\/q:mauto\/f:best\/https:\/\/www.martinsdelima.com\/wp-content\/uploads\/2025\/10\/martinsdelima-letras-claras-horizontal.png\",\"contentUrl\":\"https:\/\/mligy6wbr5rs.i.optimole.com\/w:auto\/h:auto\/q:mauto\/f:best\/https:\/\/www.martinsdelima.com\/wp-content\/uploads\/2025\/10\/martinsdelima-letras-claras-horizontal.png\",\"width\":1315,\"height\":217,\"caption\":\"Martinsdelima\"},\"image\":{\"@id\":\"https:\/\/www.martinsdelima.com\/fr\/#\/schema\/logo\/image\/\"}}]}<\/script>\n<!-- \/ Yoast SEO plugin. -->","yoast_head_json":{"title":"Secteur Biens de consommation et vente au d\u00e9tail - Martinsdelima","robots":{"index":"index","follow":"follow","max-snippet":"max-snippet:-1","max-image-preview":"max-image-preview:large","max-video-preview":"max-video-preview:-1"},"canonical":"https:\/\/www.martinsdelima.com\/fr\/secteurs\/secteur-biens-de-consommation-et-vente-au-detail\/","og_locale":"fr_FR","og_type":"article","og_title":"Secteur Biens de consommation et vente au d\u00e9tail - Martinsdelima","og_description":"Biens de consommation et vente au d\u00e9tail Le secteur des biens de consommation et de la vente au d\u00e9tail regroupe certaines des industries les plus dynamiques et exigeantes de l&rsquo;\u00e9conomie&nbsp;: l&rsquo;alimentation et les boissons, la mode, les cosm\u00e9tiques, la distribution au d\u00e9tail et les marques de grande consommation. Il s&rsquo;agit [&hellip;]","og_url":"https:\/\/www.martinsdelima.com\/fr\/secteurs\/secteur-biens-de-consommation-et-vente-au-detail\/","og_site_name":"Martinsdelima","article_modified_time":"2026-02-12T10:34:49+00:00","twitter_card":"summary_large_image","twitter_misc":{"Dur\u00e9e de lecture estim\u00e9e":"4 minutes"},"schema":{"@context":"https:\/\/schema.org","@graph":[{"@type":"WebPage","@id":"https:\/\/www.martinsdelima.com\/fr\/secteurs\/secteur-biens-de-consommation-et-vente-au-detail\/","url":"https:\/\/www.martinsdelima.com\/fr\/secteurs\/secteur-biens-de-consommation-et-vente-au-detail\/","name":"Secteur Biens de consommation et vente au d\u00e9tail - Martinsdelima","isPartOf":{"@id":"https:\/\/www.martinsdelima.com\/fr\/#website"},"datePublished":"2025-11-19T17:32:14+00:00","dateModified":"2026-02-12T10:34:49+00:00","breadcrumb":{"@id":"https:\/\/www.martinsdelima.com\/fr\/secteurs\/secteur-biens-de-consommation-et-vente-au-detail\/#breadcrumb"},"inLanguage":"fr-FR","potentialAction":[{"@type":"ReadAction","target":["https:\/\/www.martinsdelima.com\/fr\/secteurs\/secteur-biens-de-consommation-et-vente-au-detail\/"]}]},{"@type":"BreadcrumbList","@id":"https:\/\/www.martinsdelima.com\/fr\/secteurs\/secteur-biens-de-consommation-et-vente-au-detail\/#breadcrumb","itemListElement":[{"@type":"ListItem","position":1,"name":"Page d'accueil","item":"https:\/\/www.martinsdelima.com\/fr\/accueil\/"},{"@type":"ListItem","position":2,"name":"Secteurs","item":"https:\/\/www.martinsdelima.com\/fr\/secteurs\/"},{"@type":"ListItem","position":3,"name":"Secteur Biens de consommation et vente au d\u00e9tail"}]},{"@type":"WebSite","@id":"https:\/\/www.martinsdelima.com\/fr\/#website","url":"https:\/\/www.martinsdelima.com\/fr\/","name":"Martinsdelima","description":"Forensic&amp;Finance","publisher":{"@id":"https:\/\/www.martinsdelima.com\/fr\/#organization"},"potentialAction":[{"@type":"SearchAction","target":{"@type":"EntryPoint","urlTemplate":"https:\/\/www.martinsdelima.com\/fr\/?s={search_term_string}"},"query-input":{"@type":"PropertyValueSpecification","valueRequired":true,"valueName":"search_term_string"}}],"inLanguage":"fr-FR"},{"@type":"Organization","@id":"https:\/\/www.martinsdelima.com\/fr\/#organization","name":"Martinsdelima","url":"https:\/\/www.martinsdelima.com\/fr\/","logo":{"@type":"ImageObject","inLanguage":"fr-FR","@id":"https:\/\/www.martinsdelima.com\/fr\/#\/schema\/logo\/image\/","url":"https:\/\/mligy6wbr5rs.i.optimole.com\/w:auto\/h:auto\/q:mauto\/f:best\/https:\/\/www.martinsdelima.com\/wp-content\/uploads\/2025\/10\/martinsdelima-letras-claras-horizontal.png","contentUrl":"https:\/\/mligy6wbr5rs.i.optimole.com\/w:auto\/h:auto\/q:mauto\/f:best\/https:\/\/www.martinsdelima.com\/wp-content\/uploads\/2025\/10\/martinsdelima-letras-claras-horizontal.png","width":1315,"height":217,"caption":"Martinsdelima"},"image":{"@id":"https:\/\/www.martinsdelima.com\/fr\/#\/schema\/logo\/image\/"}}]}},"_links":{"self":[{"href":"https:\/\/www.martinsdelima.com\/fr\/wp-json\/wp\/v2\/pages\/10834","targetHints":{"allow":["GET"]}}],"collection":[{"href":"https:\/\/www.martinsdelima.com\/fr\/wp-json\/wp\/v2\/pages"}],"about":[{"href":"https:\/\/www.martinsdelima.com\/fr\/wp-json\/wp\/v2\/types\/page"}],"author":[{"embeddable":true,"href":"https:\/\/www.martinsdelima.com\/fr\/wp-json\/wp\/v2\/users\/1"}],"replies":[{"embeddable":true,"href":"https:\/\/www.martinsdelima.com\/fr\/wp-json\/wp\/v2\/comments?post=10834"}],"version-history":[{"count":2,"href":"https:\/\/www.martinsdelima.com\/fr\/wp-json\/wp\/v2\/pages\/10834\/revisions"}],"predecessor-version":[{"id":11714,"href":"https:\/\/www.martinsdelima.com\/fr\/wp-json\/wp\/v2\/pages\/10834\/revisions\/11714"}],"up":[{"embeddable":true,"href":"https:\/\/www.martinsdelima.com\/fr\/wp-json\/wp\/v2\/pages\/10948"}],"wp:attachment":[{"href":"https:\/\/www.martinsdelima.com\/fr\/wp-json\/wp\/v2\/media?parent=10834"}],"curies":[{"name":"wp","href":"https:\/\/api.w.org\/{rel}","templated":true}]}}