{"id":10845,"date":"2025-11-17T18:14:07","date_gmt":"2025-11-17T18:14:07","guid":{"rendered":"https:\/\/www.martinsdelima.com\/secteur-construction-et-infrastructures\/"},"modified":"2026-02-12T10:37:03","modified_gmt":"2026-02-12T10:37:03","slug":"secteur-construction-et-infrastructures","status":"publish","type":"page","link":"https:\/\/www.martinsdelima.com\/fr\/secteurs\/secteur-construction-et-infrastructures\/","title":{"rendered":"Secteur Construction et Infrastructures"},"content":{"rendered":"\t\t<div data-elementor-type=\"wp-page\" data-elementor-id=\"10845\" class=\"elementor elementor-10845 elementor-6589\" data-elementor-post-type=\"page\">\n\t\t\t\t\t\t<section class=\"elementor-section elementor-top-section elementor-element elementor-element-5861a17 elementor-section-full_width elementor-section-stretched elementor-section-height-default elementor-section-height-default\" data-id=\"5861a17\" data-element_type=\"section\" data-settings=\"{&quot;stretch_section&quot;:&quot;section-stretched&quot;,&quot;background_background&quot;:&quot;classic&quot;}\">\n\t\t\t\t\t\t\t<div class=\"elementor-background-overlay\"><\/div>\n\t\t\t\t\t\t\t<div class=\"elementor-container elementor-column-gap-default\">\n\t\t\t\t\t<div class=\"elementor-column elementor-col-100 elementor-top-column elementor-element elementor-element-ea42bdb\" data-id=\"ea42bdb\" data-element_type=\"column\">\n\t\t\t<div class=\"elementor-widget-wrap elementor-element-populated\">\n\t\t\t\t\t\t<div class=\"elementor-element elementor-element-8924fce elementor-widget elementor-widget-heading\" data-id=\"8924fce\" data-element_type=\"widget\" data-widget_type=\"heading.default\">\n\t\t\t\t<div class=\"elementor-widget-container\">\n\t\t\t\t\t<h2 class=\"elementor-heading-title elementor-size-default\">Construction et Infrastructures<\/h2>\t\t\t\t<\/div>\n\t\t\t\t<\/div>\n\t\t\t\t\t<\/div>\n\t\t<\/div>\n\t\t\t\t\t<\/div>\n\t\t<\/section>\n\t\t<div class=\"elementor-element elementor-element-fd55e71 e-flex e-con-boxed e-con e-parent\" data-id=\"fd55e71\" data-element_type=\"container\">\n\t\t\t\t\t<div class=\"e-con-inner\">\n\t\t<div class=\"elementor-element elementor-element-683406e e-con-full e-flex e-con e-child\" data-id=\"683406e\" data-element_type=\"container\">\n\t\t\t\t<div class=\"elementor-element elementor-element-817c688 elementor-widget elementor-widget-text-editor\" data-id=\"817c688\" data-element_type=\"widget\" data-widget_type=\"text-editor.default\">\n\t\t\t\t<div class=\"elementor-widget-container\">\n\t\t\t\t\t\t\t\t\t<h6>Notre travail dans le secteur de la construction et des infrastructures est ax\u00e9 sur l\u2019\u00e9laboration d&rsquo;<strong>expertises \u00e9conomiques et techniques<\/strong> qui analysent de mani\u00e8re rigoureuse les projets de g\u00e9nie civil, de b\u00e2timent, d\u2019infrastructures de transport, d\u2019installations industrielles et d\u2019\u00e9quipements publics et priv\u00e9s.<\/h6>\n<h6><strong>Notre approche combine l\u2019ing\u00e9nierie, l\u2019\u00e9conomie et la m\u00e9thodologie d\u2019expertise<\/strong> pour fournir des rapports solides et d\u00e9fendables devant <strong>les tribunaux ou en arbitrage.<\/strong><\/h6>\n<h6>Nous collaborons avec des entreprises de construction, des soci\u00e9t\u00e9s d\u2019ing\u00e9nierie, des promoteurs, des op\u00e9rateurs d\u2019infrastructures, des administrations publiques, des fonds et des cabinets d\u2019avocats qui n\u00e9cessitent une analyse technique et \u00e9conomique ind\u00e9pendante pour r\u00e9soudre des litiges, superviser de grands projets ou soutenir des processus d\u2019appel d\u2019offres, de passation de march\u00e9s et d\u2019ex\u00e9cution.&nbsp;<\/h6>\n<h6>Notre exp\u00e9rience couvre des b\u00e2timents complexes aux infrastructures lin\u00e9aires, et nous permet d\u2019apporter une clart\u00e9 technique, un jugement \u00e9conomique et une vision globale dans des environnements tr\u00e8s exigeants et complexes.<\/h6>\n<h6><\/h6>\n<h6><strong>&nbsp;<\/strong><\/h6>\n<h6><strong>Rapports d\u2019expertise technique<\/strong><\/h6>\n<h6>Nous \u00e9valuons les conceptions, les m\u00e9moires techniques, les m\u00e9tr\u00e9s, les certifications, les trac\u00e9s, les calendriers et la conformit\u00e9 r\u00e9glementaire, en fournissant des conclusions pr\u00e9cises sur l\u2019ad\u00e9quation technique du projet, l\u2019ex\u00e9cution r\u00e9elle des travaux et la solidit\u00e9 des solutions constructives adopt\u00e9es.<\/h6>\n<h6><span style=\"font-weight: normal;\">De m\u00eame, nous r\u00e9alisons des <\/span><strong>analyses de retards <\/strong><span style=\"font-weight: normal;\">qui permettent de d\u00e9terminer <\/span><strong>leur cause et d\u2019attribuer les responsabilit\u00e9s de mani\u00e8re objective. <\/strong><span style=\"font-weight: normal;\">Cet examen <\/span><strong>distingue les retards imputables \u00e0 chacune des parties <\/strong><span style=\"font-weight: normal;\">ou \u00e0 des facteurs ext\u00e9rieurs au contrat, ce qui en fait un \u00e9l\u00e9ment essentiel pour la <\/span><strong>bonne \u00e9valuation des dommages et la quantification de leurs impacts.<\/strong><\/h6>\n<h6><strong><br><\/strong><strong>Rapports d\u2019expertise \u00e9conomique<\/strong><\/h6>\n<h6>D\u2019un point de vue \u00e9conomico-financier, nous r\u00e9alisons des analyses d\u00e9taill\u00e9es des \u00e9carts budg\u00e9taires, des surco\u00fbts, des r\u00e9clamations pour modifications de travaux, des prolongations de d\u00e9lais, des arr\u00eats de chantier, des manquements contractuels et du rendement des unit\u00e9s ex\u00e9cut\u00e9es.&nbsp;<\/h6>\n<h6>Nous quantifions les dommages et int\u00e9r\u00eats, r\u00e9visons les d\u00e9comptes finaux, \u00e9valuons les postes controvers\u00e9s et \u00e9tudions l\u2019impact \u00e9conomique des d\u00e9cisions techniques, des variations de p\u00e9rim\u00e8tre ou des manquements aux obligations de l\u2019entrepreneur ou du ma\u00eetre d\u2019ouvrage.&nbsp;<\/h6>\n<h6>Enfin, nous calculons le <b>manque \u00e0 gagner<\/b> en appliquant la m\u00e9thodologie la plus appropri\u00e9e \u00e0 chaque cas, <b>y compris des taux d\u2019actualisation<\/b> tels que le Co\u00fbt Moyen Pond\u00e9r\u00e9 du Capital (<b>WACC<\/b>).<\/h6>\n<div><\/div>\n<div><\/div>\n<h6><\/h6>\t\t\t\t\t\t\t\t<\/div>\n\t\t\t\t<\/div>\n\t\t\t\t<\/div>\n\t\t\t\t\t<\/div>\n\t\t\t\t<\/div>\n\t\t\t\t<\/div>\n\t\t","protected":false},"excerpt":{"rendered":"<p>Construction et Infrastructures Notre travail dans le secteur de la construction et des infrastructures est ax\u00e9 sur l\u2019\u00e9laboration d&rsquo;expertises \u00e9conomiques et techniques qui analysent de mani\u00e8re rigoureuse les projets de g\u00e9nie civil, de b\u00e2timent, d\u2019infrastructures de transport, d\u2019installations industrielles et d\u2019\u00e9quipements publics et priv\u00e9s. Notre approche combine l\u2019ing\u00e9nierie, l\u2019\u00e9conomie et [&hellip;]<\/p>\n","protected":false},"author":1,"featured_media":0,"parent":10948,"menu_order":0,"comment_status":"closed","ping_status":"closed","template":"page-templates\/template-pagebuilder-full-width.php","meta":{"footnotes":""},"class_list":["post-10845","page","type-page","status-publish","hentry"],"yoast_head":"<!-- This site is optimized with the Yoast SEO plugin v26.4 - https:\/\/yoast.com\/wordpress\/plugins\/seo\/ -->\n<title>Secteur Construction et Infrastructures - Martinsdelima<\/title>\n<meta name=\"robots\" content=\"index, follow, max-snippet:-1, max-image-preview:large, max-video-preview:-1\" \/>\n<link rel=\"canonical\" href=\"https:\/\/www.martinsdelima.com\/fr\/secteurs\/secteur-construction-et-infrastructures\/\" \/>\n<meta property=\"og:locale\" content=\"fr_FR\" \/>\n<meta property=\"og:type\" content=\"article\" \/>\n<meta property=\"og:title\" content=\"Secteur Construction et Infrastructures - Martinsdelima\" \/>\n<meta property=\"og:description\" content=\"Construction et Infrastructures Notre travail dans le secteur de la construction et des infrastructures est ax\u00e9 sur l\u2019\u00e9laboration d&rsquo;expertises \u00e9conomiques et techniques qui analysent de mani\u00e8re rigoureuse les projets de g\u00e9nie civil, de b\u00e2timent, d\u2019infrastructures de transport, d\u2019installations industrielles et d\u2019\u00e9quipements publics et priv\u00e9s. Notre approche combine l\u2019ing\u00e9nierie, l\u2019\u00e9conomie et [&hellip;]\" \/>\n<meta property=\"og:url\" content=\"https:\/\/www.martinsdelima.com\/fr\/secteurs\/secteur-construction-et-infrastructures\/\" \/>\n<meta property=\"og:site_name\" content=\"Martinsdelima\" \/>\n<meta property=\"article:modified_time\" content=\"2026-02-12T10:37:03+00:00\" \/>\n<meta name=\"twitter:card\" content=\"summary_large_image\" \/>\n<meta name=\"twitter:label1\" content=\"Dur\u00e9e de lecture estim\u00e9e\" \/>\n\t<meta name=\"twitter:data1\" content=\"2 minutes\" \/>\n<script type=\"application\/ld+json\" class=\"yoast-schema-graph\">{\"@context\":\"https:\/\/schema.org\",\"@graph\":[{\"@type\":\"WebPage\",\"@id\":\"https:\/\/www.martinsdelima.com\/fr\/secteurs\/secteur-construction-et-infrastructures\/\",\"url\":\"https:\/\/www.martinsdelima.com\/fr\/secteurs\/secteur-construction-et-infrastructures\/\",\"name\":\"Secteur Construction et Infrastructures - Martinsdelima\",\"isPartOf\":{\"@id\":\"https:\/\/www.martinsdelima.com\/fr\/#website\"},\"datePublished\":\"2025-11-17T18:14:07+00:00\",\"dateModified\":\"2026-02-12T10:37:03+00:00\",\"breadcrumb\":{\"@id\":\"https:\/\/www.martinsdelima.com\/fr\/secteurs\/secteur-construction-et-infrastructures\/#breadcrumb\"},\"inLanguage\":\"fr-FR\",\"potentialAction\":[{\"@type\":\"ReadAction\",\"target\":[\"https:\/\/www.martinsdelima.com\/fr\/secteurs\/secteur-construction-et-infrastructures\/\"]}]},{\"@type\":\"BreadcrumbList\",\"@id\":\"https:\/\/www.martinsdelima.com\/fr\/secteurs\/secteur-construction-et-infrastructures\/#breadcrumb\",\"itemListElement\":[{\"@type\":\"ListItem\",\"position\":1,\"name\":\"Page d'accueil\",\"item\":\"https:\/\/www.martinsdelima.com\/fr\/accueil\/\"},{\"@type\":\"ListItem\",\"position\":2,\"name\":\"Secteurs\",\"item\":\"https:\/\/www.martinsdelima.com\/fr\/secteurs\/\"},{\"@type\":\"ListItem\",\"position\":3,\"name\":\"Secteur Construction et Infrastructures\"}]},{\"@type\":\"WebSite\",\"@id\":\"https:\/\/www.martinsdelima.com\/fr\/#website\",\"url\":\"https:\/\/www.martinsdelima.com\/fr\/\",\"name\":\"Martinsdelima\",\"description\":\"Forensic&amp;Finance\",\"publisher\":{\"@id\":\"https:\/\/www.martinsdelima.com\/fr\/#organization\"},\"potentialAction\":[{\"@type\":\"SearchAction\",\"target\":{\"@type\":\"EntryPoint\",\"urlTemplate\":\"https:\/\/www.martinsdelima.com\/fr\/?s={search_term_string}\"},\"query-input\":{\"@type\":\"PropertyValueSpecification\",\"valueRequired\":true,\"valueName\":\"search_term_string\"}}],\"inLanguage\":\"fr-FR\"},{\"@type\":\"Organization\",\"@id\":\"https:\/\/www.martinsdelima.com\/fr\/#organization\",\"name\":\"Martinsdelima\",\"url\":\"https:\/\/www.martinsdelima.com\/fr\/\",\"logo\":{\"@type\":\"ImageObject\",\"inLanguage\":\"fr-FR\",\"@id\":\"https:\/\/www.martinsdelima.com\/fr\/#\/schema\/logo\/image\/\",\"url\":\"https:\/\/mligy6wbr5rs.i.optimole.com\/w:auto\/h:auto\/q:mauto\/f:best\/https:\/\/www.martinsdelima.com\/wp-content\/uploads\/2025\/10\/martinsdelima-letras-claras-horizontal.png\",\"contentUrl\":\"https:\/\/mligy6wbr5rs.i.optimole.com\/w:auto\/h:auto\/q:mauto\/f:best\/https:\/\/www.martinsdelima.com\/wp-content\/uploads\/2025\/10\/martinsdelima-letras-claras-horizontal.png\",\"width\":1315,\"height\":217,\"caption\":\"Martinsdelima\"},\"image\":{\"@id\":\"https:\/\/www.martinsdelima.com\/fr\/#\/schema\/logo\/image\/\"}}]}<\/script>\n<!-- \/ Yoast SEO plugin. -->","yoast_head_json":{"title":"Secteur Construction et Infrastructures - Martinsdelima","robots":{"index":"index","follow":"follow","max-snippet":"max-snippet:-1","max-image-preview":"max-image-preview:large","max-video-preview":"max-video-preview:-1"},"canonical":"https:\/\/www.martinsdelima.com\/fr\/secteurs\/secteur-construction-et-infrastructures\/","og_locale":"fr_FR","og_type":"article","og_title":"Secteur Construction et Infrastructures - Martinsdelima","og_description":"Construction et Infrastructures Notre travail dans le secteur de la construction et des infrastructures est ax\u00e9 sur l\u2019\u00e9laboration d&rsquo;expertises \u00e9conomiques et techniques qui analysent de mani\u00e8re rigoureuse les projets de g\u00e9nie civil, de b\u00e2timent, d\u2019infrastructures de transport, d\u2019installations industrielles et d\u2019\u00e9quipements publics et priv\u00e9s. Notre approche combine l\u2019ing\u00e9nierie, l\u2019\u00e9conomie et [&hellip;]","og_url":"https:\/\/www.martinsdelima.com\/fr\/secteurs\/secteur-construction-et-infrastructures\/","og_site_name":"Martinsdelima","article_modified_time":"2026-02-12T10:37:03+00:00","twitter_card":"summary_large_image","twitter_misc":{"Dur\u00e9e de lecture estim\u00e9e":"2 minutes"},"schema":{"@context":"https:\/\/schema.org","@graph":[{"@type":"WebPage","@id":"https:\/\/www.martinsdelima.com\/fr\/secteurs\/secteur-construction-et-infrastructures\/","url":"https:\/\/www.martinsdelima.com\/fr\/secteurs\/secteur-construction-et-infrastructures\/","name":"Secteur Construction et Infrastructures - Martinsdelima","isPartOf":{"@id":"https:\/\/www.martinsdelima.com\/fr\/#website"},"datePublished":"2025-11-17T18:14:07+00:00","dateModified":"2026-02-12T10:37:03+00:00","breadcrumb":{"@id":"https:\/\/www.martinsdelima.com\/fr\/secteurs\/secteur-construction-et-infrastructures\/#breadcrumb"},"inLanguage":"fr-FR","potentialAction":[{"@type":"ReadAction","target":["https:\/\/www.martinsdelima.com\/fr\/secteurs\/secteur-construction-et-infrastructures\/"]}]},{"@type":"BreadcrumbList","@id":"https:\/\/www.martinsdelima.com\/fr\/secteurs\/secteur-construction-et-infrastructures\/#breadcrumb","itemListElement":[{"@type":"ListItem","position":1,"name":"Page d'accueil","item":"https:\/\/www.martinsdelima.com\/fr\/accueil\/"},{"@type":"ListItem","position":2,"name":"Secteurs","item":"https:\/\/www.martinsdelima.com\/fr\/secteurs\/"},{"@type":"ListItem","position":3,"name":"Secteur Construction et Infrastructures"}]},{"@type":"WebSite","@id":"https:\/\/www.martinsdelima.com\/fr\/#website","url":"https:\/\/www.martinsdelima.com\/fr\/","name":"Martinsdelima","description":"Forensic&amp;Finance","publisher":{"@id":"https:\/\/www.martinsdelima.com\/fr\/#organization"},"potentialAction":[{"@type":"SearchAction","target":{"@type":"EntryPoint","urlTemplate":"https:\/\/www.martinsdelima.com\/fr\/?s={search_term_string}"},"query-input":{"@type":"PropertyValueSpecification","valueRequired":true,"valueName":"search_term_string"}}],"inLanguage":"fr-FR"},{"@type":"Organization","@id":"https:\/\/www.martinsdelima.com\/fr\/#organization","name":"Martinsdelima","url":"https:\/\/www.martinsdelima.com\/fr\/","logo":{"@type":"ImageObject","inLanguage":"fr-FR","@id":"https:\/\/www.martinsdelima.com\/fr\/#\/schema\/logo\/image\/","url":"https:\/\/mligy6wbr5rs.i.optimole.com\/w:auto\/h:auto\/q:mauto\/f:best\/https:\/\/www.martinsdelima.com\/wp-content\/uploads\/2025\/10\/martinsdelima-letras-claras-horizontal.png","contentUrl":"https:\/\/mligy6wbr5rs.i.optimole.com\/w:auto\/h:auto\/q:mauto\/f:best\/https:\/\/www.martinsdelima.com\/wp-content\/uploads\/2025\/10\/martinsdelima-letras-claras-horizontal.png","width":1315,"height":217,"caption":"Martinsdelima"},"image":{"@id":"https:\/\/www.martinsdelima.com\/fr\/#\/schema\/logo\/image\/"}}]}},"_links":{"self":[{"href":"https:\/\/www.martinsdelima.com\/fr\/wp-json\/wp\/v2\/pages\/10845","targetHints":{"allow":["GET"]}}],"collection":[{"href":"https:\/\/www.martinsdelima.com\/fr\/wp-json\/wp\/v2\/pages"}],"about":[{"href":"https:\/\/www.martinsdelima.com\/fr\/wp-json\/wp\/v2\/types\/page"}],"author":[{"embeddable":true,"href":"https:\/\/www.martinsdelima.com\/fr\/wp-json\/wp\/v2\/users\/1"}],"replies":[{"embeddable":true,"href":"https:\/\/www.martinsdelima.com\/fr\/wp-json\/wp\/v2\/comments?post=10845"}],"version-history":[{"count":3,"href":"https:\/\/www.martinsdelima.com\/fr\/wp-json\/wp\/v2\/pages\/10845\/revisions"}],"predecessor-version":[{"id":11726,"href":"https:\/\/www.martinsdelima.com\/fr\/wp-json\/wp\/v2\/pages\/10845\/revisions\/11726"}],"up":[{"embeddable":true,"href":"https:\/\/www.martinsdelima.com\/fr\/wp-json\/wp\/v2\/pages\/10948"}],"wp:attachment":[{"href":"https:\/\/www.martinsdelima.com\/fr\/wp-json\/wp\/v2\/media?parent=10845"}],"curies":[{"name":"wp","href":"https:\/\/api.w.org\/{rel}","templated":true}]}}