{"id":10846,"date":"2025-11-21T11:06:52","date_gmt":"2025-11-21T11:06:52","guid":{"rendered":"https:\/\/www.martinsdelima.com\/secteur-des-telecommunications\/"},"modified":"2026-02-12T11:00:32","modified_gmt":"2026-02-12T11:00:32","slug":"secteur-des-telecommunications","status":"publish","type":"page","link":"https:\/\/www.martinsdelima.com\/fr\/secteur-des-telecommunications\/","title":{"rendered":"Secteur des t\u00e9l\u00e9communications"},"content":{"rendered":"\t\t<div data-elementor-type=\"wp-page\" data-elementor-id=\"10846\" class=\"elementor elementor-10846 elementor-7065\" data-elementor-post-type=\"page\">\n\t\t\t\t\t\t<section class=\"elementor-section elementor-top-section elementor-element elementor-element-5861a17 elementor-section-full_width elementor-section-stretched elementor-section-height-default elementor-section-height-default\" data-id=\"5861a17\" data-element_type=\"section\" data-settings=\"{&quot;stretch_section&quot;:&quot;section-stretched&quot;,&quot;background_background&quot;:&quot;classic&quot;}\">\n\t\t\t\t\t\t\t<div class=\"elementor-background-overlay\"><\/div>\n\t\t\t\t\t\t\t<div class=\"elementor-container elementor-column-gap-default\">\n\t\t\t\t\t<div class=\"elementor-column elementor-col-100 elementor-top-column elementor-element elementor-element-ea42bdb\" data-id=\"ea42bdb\" data-element_type=\"column\">\n\t\t\t<div class=\"elementor-widget-wrap elementor-element-populated\">\n\t\t\t\t\t\t<div class=\"elementor-element elementor-element-8924fce elementor-widget elementor-widget-heading\" data-id=\"8924fce\" data-element_type=\"widget\" data-widget_type=\"heading.default\">\n\t\t\t\t<div class=\"elementor-widget-container\">\n\t\t\t\t\t<h2 class=\"elementor-heading-title elementor-size-default\"><b>T\u00e9l\u00e9communications<\/b><\/h2>\t\t\t\t<\/div>\n\t\t\t\t<\/div>\n\t\t\t\t\t<\/div>\n\t\t<\/div>\n\t\t\t\t\t<\/div>\n\t\t<\/section>\n\t\t<div class=\"elementor-element elementor-element-7469000 e-flex e-con-boxed e-con e-parent\" data-id=\"7469000\" data-element_type=\"container\">\n\t\t\t\t\t<div class=\"e-con-inner\">\n\t\t<div class=\"elementor-element elementor-element-4404da7 e-con-full e-flex e-con e-child\" data-id=\"4404da7\" data-element_type=\"container\">\n\t\t\t\t<div class=\"elementor-element elementor-element-d53b9d3 elementor-widget elementor-widget-text-editor\" data-id=\"d53b9d3\" data-element_type=\"widget\" data-widget_type=\"text-editor.default\">\n\t\t\t\t<div class=\"elementor-widget-container\">\n\t\t\t\t\t\t\t\t\t<h6>Dans le secteur des t\u00e9l\u00e9communications, nous \u00e9laborons des rapports technico-\u00e9conomiques qui analysent rigoureusement l\u2019exploitation, les mod\u00e8les commerciaux, les d\u00e9ploiements de r\u00e9seau et la performance des diff\u00e9rents acteurs de l\u2019\u00e9cosyst\u00e8me <em>telco<\/em>.<\/h6><h6>Nous collaborons avec des <strong>op\u00e9rateurs de premier plan, de grandes entreprises de t\u00e9l\u00e9communications mobiles et fixes, des entreprises d\u2019installation et de maintenance<\/strong> qui op\u00e8rent \u00e0 l\u2019\u00e9chelle nationale, des distributeurs du secteur et des fournisseurs sp\u00e9cialis\u00e9s dans les infrastructures de r\u00e9seau.<\/h6><h6>Notre exp\u00e9rience comprend la participation \u00e0 des op\u00e9rations d\u2019entreprise de grande envergure \u2014 comme l\u2019OPA sur l\u2019un des principaux op\u00e9rateurs du pays \u2014 ainsi que l\u2019intervention dans des litiges concernant des d\u00e9ploiements \u00e0 grande \u00e9chelle et des r\u00e9visions contractuelles complexes. Nous fournissons des analyses ind\u00e9pendantes et pr\u00e9cises pour r\u00e9soudre les controverses, \u00e9valuer les investissements, optimiser les op\u00e9rations et soutenir les d\u00e9cisions strat\u00e9giques dans un secteur essentiel pour la connectivit\u00e9 et l\u2019\u00e9conomie num\u00e9rique. <\/h6><p><strong> <\/strong><\/p><h6><strong>Rapports d\u2019expertise technique<\/strong><\/h6><h6>Nous \u00e9valuons les infrastructures et les services de gros, les offres de d\u00e9tail, les contenus, l\u2019efficacit\u00e9 op\u00e9rationnelle et le respect des contrats, en apportant une vision compl\u00e8te de la qualit\u00e9 du service et de la solidit\u00e9 technique et \u00e9conomique de chaque projet.<\/h6><h6>Nous analysons les r\u00e9seaux fixes et mobiles, les d\u00e9ploiements de fibre et de 5G, les syst\u00e8mes OSS\/BSS, les processus de provisionnement et de facturation, la productivit\u00e9 des \u00e9quipes techniques et la tra\u00e7abilit\u00e9 des incidents.<\/h6><h6><\/h6><h6><\/h6><div><b> <\/b><\/div><h6><b>Rapports d\u2019expertise \u00e9conomique<\/b><\/h6><h6>Nous \u00e9tudions les <strong>co\u00fbts r\u00e9els d\u2019installation et de maintenance, la correspondance entre ce qui a \u00e9t\u00e9 ex\u00e9cut\u00e9 et ce qui a \u00e9t\u00e9 certifi\u00e9, l\u2019impact \u00e9conomique des actifs audiovisuels<\/strong>, l\u2019\u00e9lasticit\u00e9 des prix, la migration des clients et la performance op\u00e9rationnelle, en int\u00e9grant des mesures techniques et financi\u00e8res dans des conclusions robustes.<\/h6><h6>De m\u00eame, nous avons r\u00e9alis\u00e9 de nombreux rapports sur l\u2019<strong>indemnisation de la client\u00e8le<\/strong> pour les <strong>leaders nationaux des t\u00e9l\u00e9communications dans les contrats d\u2019agence<\/strong>, en analysant en premier lieu les causes qui analysent le bien-fond\u00e9 de l\u2019indemnisation de la client\u00e8le, puis en calculant le montant raisonnable de cette indemnisation.<\/h6><h6><strong><br><\/strong><strong>Rapports d\u2019expertise en mati\u00e8re de concurrence<\/strong><\/h6><h6>Chez martinsdelima, nous travaillons sur des projets complexes qui combinent les march\u00e9s publics, la r\u00e9glementation des t\u00e9l\u00e9communications et le droit de la concurrence, dans lesquels nous analysons comment un grand contrat r\u00e9gional de r\u00e9seau d\u2019entreprise conditionne la viabilit\u00e9 d\u2019un plan de modernisation du r\u00e9seau (migration vers la fibre) dans de nombreuses municipalit\u00e9s.<\/h6><h6>Nous mod\u00e9lisons les <strong>revenus et les co\u00fbts par zone, d\u00e9terminons les seuils de rentabilit\u00e9, identifions les foyers et les noyaux qui \u00e9taient exclus de la mise \u00e0 jour technologique et quantifions l\u2019impact sur la capacit\u00e9 concurrentielle<\/strong>, la r\u00e9putation et la valeur de l\u2019entreprise concern\u00e9e par rapport \u00e0 un op\u00e9rateur disposant d\u2019un pouvoir de march\u00e9 important.<\/h6><h6><\/h6><h6><\/h6><h6><\/h6><h6><\/h6>\t\t\t\t\t\t\t\t<\/div>\n\t\t\t\t<\/div>\n\t\t\t\t<\/div>\n\t\t\t\t\t<\/div>\n\t\t\t\t<\/div>\n\t\t\t\t<\/div>\n\t\t","protected":false},"excerpt":{"rendered":"<p>T\u00e9l\u00e9communications Dans le secteur des t\u00e9l\u00e9communications, nous \u00e9laborons des rapports technico-\u00e9conomiques qui analysent rigoureusement l\u2019exploitation, les mod\u00e8les commerciaux, les d\u00e9ploiements de r\u00e9seau et la performance des diff\u00e9rents acteurs de l\u2019\u00e9cosyst\u00e8me telco. Nous collaborons avec des op\u00e9rateurs de premier plan, de grandes entreprises de t\u00e9l\u00e9communications mobiles et fixes, des entreprises d\u2019installation [&hellip;]<\/p>\n","protected":false},"author":1,"featured_media":0,"parent":0,"menu_order":0,"comment_status":"closed","ping_status":"closed","template":"page-templates\/template-pagebuilder-full-width.php","meta":{"footnotes":""},"class_list":["post-10846","page","type-page","status-publish","hentry"],"yoast_head":"<!-- This site is optimized with the Yoast SEO plugin v26.4 - https:\/\/yoast.com\/wordpress\/plugins\/seo\/ -->\n<title>Secteur des t\u00e9l\u00e9communications - Martinsdelima<\/title>\n<meta name=\"robots\" content=\"index, follow, max-snippet:-1, max-image-preview:large, max-video-preview:-1\" \/>\n<link rel=\"canonical\" href=\"https:\/\/www.martinsdelima.com\/fr\/secteur-des-telecommunications\/\" \/>\n<meta property=\"og:locale\" content=\"fr_FR\" \/>\n<meta property=\"og:type\" content=\"article\" \/>\n<meta property=\"og:title\" content=\"Secteur des t\u00e9l\u00e9communications - Martinsdelima\" \/>\n<meta property=\"og:description\" content=\"T\u00e9l\u00e9communications Dans le secteur des t\u00e9l\u00e9communications, nous \u00e9laborons des rapports technico-\u00e9conomiques qui analysent rigoureusement l\u2019exploitation, les mod\u00e8les commerciaux, les d\u00e9ploiements de r\u00e9seau et la performance des diff\u00e9rents acteurs de l\u2019\u00e9cosyst\u00e8me telco. Nous collaborons avec des op\u00e9rateurs de premier plan, de grandes entreprises de t\u00e9l\u00e9communications mobiles et fixes, des entreprises d\u2019installation [&hellip;]\" \/>\n<meta property=\"og:url\" content=\"https:\/\/www.martinsdelima.com\/fr\/secteur-des-telecommunications\/\" \/>\n<meta property=\"og:site_name\" content=\"Martinsdelima\" \/>\n<meta property=\"article:modified_time\" content=\"2026-02-12T11:00:32+00:00\" \/>\n<meta name=\"twitter:card\" content=\"summary_large_image\" \/>\n<meta name=\"twitter:label1\" content=\"Dur\u00e9e de lecture estim\u00e9e\" \/>\n\t<meta name=\"twitter:data1\" content=\"3 minutes\" \/>\n<script type=\"application\/ld+json\" class=\"yoast-schema-graph\">{\"@context\":\"https:\/\/schema.org\",\"@graph\":[{\"@type\":\"WebPage\",\"@id\":\"https:\/\/www.martinsdelima.com\/fr\/secteur-des-telecommunications\/\",\"url\":\"https:\/\/www.martinsdelima.com\/fr\/secteur-des-telecommunications\/\",\"name\":\"Secteur des t\u00e9l\u00e9communications - Martinsdelima\",\"isPartOf\":{\"@id\":\"https:\/\/www.martinsdelima.com\/fr\/#website\"},\"datePublished\":\"2025-11-21T11:06:52+00:00\",\"dateModified\":\"2026-02-12T11:00:32+00:00\",\"breadcrumb\":{\"@id\":\"https:\/\/www.martinsdelima.com\/fr\/secteur-des-telecommunications\/#breadcrumb\"},\"inLanguage\":\"fr-FR\",\"potentialAction\":[{\"@type\":\"ReadAction\",\"target\":[\"https:\/\/www.martinsdelima.com\/fr\/secteur-des-telecommunications\/\"]}]},{\"@type\":\"BreadcrumbList\",\"@id\":\"https:\/\/www.martinsdelima.com\/fr\/secteur-des-telecommunications\/#breadcrumb\",\"itemListElement\":[{\"@type\":\"ListItem\",\"position\":1,\"name\":\"Page d'accueil\",\"item\":\"https:\/\/www.martinsdelima.com\/fr\/accueil\/\"},{\"@type\":\"ListItem\",\"position\":2,\"name\":\"Secteur des t\u00e9l\u00e9communications\"}]},{\"@type\":\"WebSite\",\"@id\":\"https:\/\/www.martinsdelima.com\/fr\/#website\",\"url\":\"https:\/\/www.martinsdelima.com\/fr\/\",\"name\":\"Martinsdelima\",\"description\":\"Forensic&amp;Finance\",\"publisher\":{\"@id\":\"https:\/\/www.martinsdelima.com\/fr\/#organization\"},\"potentialAction\":[{\"@type\":\"SearchAction\",\"target\":{\"@type\":\"EntryPoint\",\"urlTemplate\":\"https:\/\/www.martinsdelima.com\/fr\/?s={search_term_string}\"},\"query-input\":{\"@type\":\"PropertyValueSpecification\",\"valueRequired\":true,\"valueName\":\"search_term_string\"}}],\"inLanguage\":\"fr-FR\"},{\"@type\":\"Organization\",\"@id\":\"https:\/\/www.martinsdelima.com\/fr\/#organization\",\"name\":\"Martinsdelima\",\"url\":\"https:\/\/www.martinsdelima.com\/fr\/\",\"logo\":{\"@type\":\"ImageObject\",\"inLanguage\":\"fr-FR\",\"@id\":\"https:\/\/www.martinsdelima.com\/fr\/#\/schema\/logo\/image\/\",\"url\":\"https:\/\/mligy6wbr5rs.i.optimole.com\/w:auto\/h:auto\/q:mauto\/f:best\/https:\/\/www.martinsdelima.com\/wp-content\/uploads\/2025\/10\/martinsdelima-letras-claras-horizontal.png\",\"contentUrl\":\"https:\/\/mligy6wbr5rs.i.optimole.com\/w:auto\/h:auto\/q:mauto\/f:best\/https:\/\/www.martinsdelima.com\/wp-content\/uploads\/2025\/10\/martinsdelima-letras-claras-horizontal.png\",\"width\":1315,\"height\":217,\"caption\":\"Martinsdelima\"},\"image\":{\"@id\":\"https:\/\/www.martinsdelima.com\/fr\/#\/schema\/logo\/image\/\"}}]}<\/script>\n<!-- \/ Yoast SEO plugin. -->","yoast_head_json":{"title":"Secteur des t\u00e9l\u00e9communications - Martinsdelima","robots":{"index":"index","follow":"follow","max-snippet":"max-snippet:-1","max-image-preview":"max-image-preview:large","max-video-preview":"max-video-preview:-1"},"canonical":"https:\/\/www.martinsdelima.com\/fr\/secteur-des-telecommunications\/","og_locale":"fr_FR","og_type":"article","og_title":"Secteur des t\u00e9l\u00e9communications - Martinsdelima","og_description":"T\u00e9l\u00e9communications Dans le secteur des t\u00e9l\u00e9communications, nous \u00e9laborons des rapports technico-\u00e9conomiques qui analysent rigoureusement l\u2019exploitation, les mod\u00e8les commerciaux, les d\u00e9ploiements de r\u00e9seau et la performance des diff\u00e9rents acteurs de l\u2019\u00e9cosyst\u00e8me telco. Nous collaborons avec des op\u00e9rateurs de premier plan, de grandes entreprises de t\u00e9l\u00e9communications mobiles et fixes, des entreprises d\u2019installation [&hellip;]","og_url":"https:\/\/www.martinsdelima.com\/fr\/secteur-des-telecommunications\/","og_site_name":"Martinsdelima","article_modified_time":"2026-02-12T11:00:32+00:00","twitter_card":"summary_large_image","twitter_misc":{"Dur\u00e9e de lecture estim\u00e9e":"3 minutes"},"schema":{"@context":"https:\/\/schema.org","@graph":[{"@type":"WebPage","@id":"https:\/\/www.martinsdelima.com\/fr\/secteur-des-telecommunications\/","url":"https:\/\/www.martinsdelima.com\/fr\/secteur-des-telecommunications\/","name":"Secteur des t\u00e9l\u00e9communications - Martinsdelima","isPartOf":{"@id":"https:\/\/www.martinsdelima.com\/fr\/#website"},"datePublished":"2025-11-21T11:06:52+00:00","dateModified":"2026-02-12T11:00:32+00:00","breadcrumb":{"@id":"https:\/\/www.martinsdelima.com\/fr\/secteur-des-telecommunications\/#breadcrumb"},"inLanguage":"fr-FR","potentialAction":[{"@type":"ReadAction","target":["https:\/\/www.martinsdelima.com\/fr\/secteur-des-telecommunications\/"]}]},{"@type":"BreadcrumbList","@id":"https:\/\/www.martinsdelima.com\/fr\/secteur-des-telecommunications\/#breadcrumb","itemListElement":[{"@type":"ListItem","position":1,"name":"Page d'accueil","item":"https:\/\/www.martinsdelima.com\/fr\/accueil\/"},{"@type":"ListItem","position":2,"name":"Secteur des t\u00e9l\u00e9communications"}]},{"@type":"WebSite","@id":"https:\/\/www.martinsdelima.com\/fr\/#website","url":"https:\/\/www.martinsdelima.com\/fr\/","name":"Martinsdelima","description":"Forensic&amp;Finance","publisher":{"@id":"https:\/\/www.martinsdelima.com\/fr\/#organization"},"potentialAction":[{"@type":"SearchAction","target":{"@type":"EntryPoint","urlTemplate":"https:\/\/www.martinsdelima.com\/fr\/?s={search_term_string}"},"query-input":{"@type":"PropertyValueSpecification","valueRequired":true,"valueName":"search_term_string"}}],"inLanguage":"fr-FR"},{"@type":"Organization","@id":"https:\/\/www.martinsdelima.com\/fr\/#organization","name":"Martinsdelima","url":"https:\/\/www.martinsdelima.com\/fr\/","logo":{"@type":"ImageObject","inLanguage":"fr-FR","@id":"https:\/\/www.martinsdelima.com\/fr\/#\/schema\/logo\/image\/","url":"https:\/\/mligy6wbr5rs.i.optimole.com\/w:auto\/h:auto\/q:mauto\/f:best\/https:\/\/www.martinsdelima.com\/wp-content\/uploads\/2025\/10\/martinsdelima-letras-claras-horizontal.png","contentUrl":"https:\/\/mligy6wbr5rs.i.optimole.com\/w:auto\/h:auto\/q:mauto\/f:best\/https:\/\/www.martinsdelima.com\/wp-content\/uploads\/2025\/10\/martinsdelima-letras-claras-horizontal.png","width":1315,"height":217,"caption":"Martinsdelima"},"image":{"@id":"https:\/\/www.martinsdelima.com\/fr\/#\/schema\/logo\/image\/"}}]}},"_links":{"self":[{"href":"https:\/\/www.martinsdelima.com\/fr\/wp-json\/wp\/v2\/pages\/10846","targetHints":{"allow":["GET"]}}],"collection":[{"href":"https:\/\/www.martinsdelima.com\/fr\/wp-json\/wp\/v2\/pages"}],"about":[{"href":"https:\/\/www.martinsdelima.com\/fr\/wp-json\/wp\/v2\/types\/page"}],"author":[{"embeddable":true,"href":"https:\/\/www.martinsdelima.com\/fr\/wp-json\/wp\/v2\/users\/1"}],"replies":[{"embeddable":true,"href":"https:\/\/www.martinsdelima.com\/fr\/wp-json\/wp\/v2\/comments?post=10846"}],"version-history":[{"count":2,"href":"https:\/\/www.martinsdelima.com\/fr\/wp-json\/wp\/v2\/pages\/10846\/revisions"}],"predecessor-version":[{"id":11810,"href":"https:\/\/www.martinsdelima.com\/fr\/wp-json\/wp\/v2\/pages\/10846\/revisions\/11810"}],"wp:attachment":[{"href":"https:\/\/www.martinsdelima.com\/fr\/wp-json\/wp\/v2\/media?parent=10846"}],"curies":[{"name":"wp","href":"https:\/\/api.w.org\/{rel}","templated":true}]}}