{"id":10851,"date":"2025-11-13T19:38:45","date_gmt":"2025-11-13T19:38:45","guid":{"rendered":"https:\/\/www.martinsdelima.com\/secteur-de-lenergie\/"},"modified":"2026-02-12T09:53:45","modified_gmt":"2026-02-12T09:53:45","slug":"secteur-de-lenergie","status":"publish","type":"page","link":"https:\/\/www.martinsdelima.com\/fr\/secteur-de-lenergie\/","title":{"rendered":"Secteur de l\u2019\u00e9nergie"},"content":{"rendered":"\t\t<div data-elementor-type=\"wp-page\" data-elementor-id=\"10851\" class=\"elementor elementor-10851 elementor-5997\" data-elementor-post-type=\"page\">\n\t\t\t\t\t\t<section class=\"elementor-section elementor-top-section elementor-element elementor-element-5861a17 elementor-section-full_width elementor-section-stretched elementor-section-height-default elementor-section-height-default\" data-id=\"5861a17\" data-element_type=\"section\" data-settings=\"{&quot;stretch_section&quot;:&quot;section-stretched&quot;,&quot;background_background&quot;:&quot;classic&quot;}\">\n\t\t\t\t\t\t\t<div class=\"elementor-background-overlay\"><\/div>\n\t\t\t\t\t\t\t<div class=\"elementor-container elementor-column-gap-default\">\n\t\t\t\t\t<div class=\"elementor-column elementor-col-100 elementor-top-column elementor-element elementor-element-ea42bdb\" data-id=\"ea42bdb\" data-element_type=\"column\">\n\t\t\t<div class=\"elementor-widget-wrap elementor-element-populated\">\n\t\t\t\t\t\t<div class=\"elementor-element elementor-element-8924fce elementor-widget elementor-widget-heading\" data-id=\"8924fce\" data-element_type=\"widget\" data-widget_type=\"heading.default\">\n\t\t\t\t<div class=\"elementor-widget-container\">\n\t\t\t\t\t<h2 class=\"elementor-heading-title elementor-size-default\"><b>\u00c9nergie, p\u00e9trole et gaz<\/b><\/h2>\t\t\t\t<\/div>\n\t\t\t\t<\/div>\n\t\t\t\t\t<\/div>\n\t\t<\/div>\n\t\t\t\t\t<\/div>\n\t\t<\/section>\n\t\t<div class=\"elementor-element elementor-element-c1e267b e-flex e-con-boxed e-con e-parent\" data-id=\"c1e267b\" data-element_type=\"container\">\n\t\t\t\t\t<div class=\"e-con-inner\">\n\t\t<div class=\"elementor-element elementor-element-1083406 e-con-full e-flex e-con e-child\" data-id=\"1083406\" data-element_type=\"container\">\n\t\t\t\t<div class=\"elementor-element elementor-element-9515f49 elementor-widget elementor-widget-text-editor\" data-id=\"9515f49\" data-element_type=\"widget\" data-widget_type=\"text-editor.default\">\n\t\t\t\t<div class=\"elementor-widget-container\">\n\t\t\t\t\t\t\t\t\t<h6>Le secteur \u00e9nerg\u00e9tique englobe des activit\u00e9s aussi diverses que la <strong>production d\u2019\u00e9lectricit\u00e9, les r\u00e9seaux de transport et de distribution, le gaz naturel, les combustibles liquides, les \u00e9nergies renouvelables, l\u2019hydrog\u00e8ne vert<\/strong> et d\u2019autres vecteurs en transformation. Pour cet ensemble d\u2019industries, nous \u00e9laborons des <span style=\"font-weight: normal;\">rapports <strong>techniques et \u00e9conomiques<\/strong><\/span> sp\u00e9cifiquement ax\u00e9s sur les projets et les actifs tout au long de la cha\u00eene de valeur. <\/h6>\n<h6><\/h6>\n<h6>Notre travail permet de d\u00e9terminer la faisabilit\u00e9 technique des solutions, de justifier les modifications de conception et d\u2019apporter des preuves solides en cas de controverse ou de supervision administrative. Nous travaillons pour des compagnies \u00e9nerg\u00e9tiques, y compris toutes celles de l\u2019<strong>IBEX35, des op\u00e9rateurs de r\u00e9seaux, des d\u00e9veloppeurs d\u2019\u00e9nergies renouvelables, des soci\u00e9t\u00e9s d\u2019ing\u00e9nierie et des fonds<\/strong> qui n\u00e9cessitent une vision ind\u00e9pendante, pr\u00e9cise et profond\u00e9ment sp\u00e9cialis\u00e9e dans l\u2019\u00e9nergie. Notre exp\u00e9rience s\u2019\u00e9tend des petites installations aux infrastructures critiques, et nous permet de proposer des rapports qui int\u00e8grent la perspective technique et \u00e9conomique pour r\u00e9soudre les litiges, soutenir les processus r\u00e9glementaires et faciliter les d\u00e9cisions strat\u00e9giques dans un secteur en constante \u00e9volution.  <\/h6>\n<h6><\/h6>\n<h6><\/h6>\n<h6><\/h6>\n<h6><strong>&nbsp;<\/strong><\/h6>\n<h6><strong>Rapports d\u2019expertise technique<\/strong><br>Nous analysons les <strong>configurations techniques, les infrastructures \u00e9lectriques et les trac\u00e9s d\u2019\u00e9vacuation,<\/strong> \u00e9valuons les alternatives et leurs impacts, \u00e9tudions les affectations et les compatibilit\u00e9s d\u2019usage, et r\u00e9visons la conformit\u00e9 aux exigences r\u00e9glementaires des projets de production, de r\u00e9seaux et de commercialisation.&nbsp;<\/h6>\n<h6><\/h6>\n<h6><\/h6>\n<h6><\/h6>\n<h6><strong>&nbsp;<\/strong><\/h6>\n<h6><strong>Rapports d\u2019expertise \u00e9conomique<\/strong><br>Dans le domaine \u00e9conomique et financier, nous \u00e9laborons des rapports de quantification des dommages r\u00e9sultant de manquements contractuels, de retards, de surco\u00fbts ou de variations de port\u00e9e dans les projets \u00e9nerg\u00e9tiques. Nous \u00e9valuons les \u00e9carts budg\u00e9taires, <strong>valorisons les actifs et les projets<\/strong> (y compris les mod\u00e8les DCF, les PPA et les analyses de risques), et accr\u00e9ditons l\u2019impact \u00e9conomique des d\u00e9cisions techniques ou r\u00e9glementaires. Notre objectif est de <strong>traduire les donn\u00e9es techniques et op\u00e9rationnelles en conclusions \u00e9conomiques claires<\/strong>, d\u00e9fendables et bas\u00e9es sur une m\u00e9thodologie robuste.  <\/h6>\n<h6><strong><\/strong><\/h6>\n<h6><strong>&nbsp;<\/strong><\/h6>\n<h6><strong>\u00c9valuations<\/strong><br>Nous r\u00e9alisons des \u00e9valuations de tous types d\u2019entreprises li\u00e9es \u00e0 l\u2019\u00e9nergie, <strong>des centrales photovolta\u00efques, \u00e9oliennes, hydrauliques et toutes les \u00e9nergies non renouvelables telles que les centrales nucl\u00e9aires, \u00e0 cycle combin\u00e9, thermiques ou de cog\u00e9n\u00e9ration<\/strong>. Nous r\u00e9alisons ces \u00e9valuations \u00e0 <strong>n\u2019importe quel stade de d\u00e9veloppement de la centrale<\/strong>, depuis sa conception, avant d\u2019obtenir tous les permis, en situation de d\u00e9but des travaux, pendant les travaux et enfin pendant son fonctionnement. <\/h6>\n<div><\/div>\n<div>\n<h6><strong><\/strong><\/h6>\n<h6><span style=\"font-weight: normal;\">Les \u00e9valuations ont pour objectif les transactions et\/ou la justification de la valeur aupr\u00e8s des <b>investisseurs ou des auditeurs.<\/b><\/span><strong>&nbsp;<\/strong><\/h6>\n<div><\/div>\n<div><\/div>\n<h6><strong>&nbsp;<\/strong><\/h6>\n<h6><strong>Transactions<\/strong><br>Dans de nombreux cas, les \u00e9valuations donnent lieu \u00e0 un processus d\u2019achat-vente. martinsdelima <strong>accompagne la transaction jusqu\u2019\u00e0 sa cl\u00f4ture<\/strong>, en passant par la r\u00e9daction de la lettre d\u2019intention, la \u00ab&nbsp;Due Diligence&nbsp;\u00bb et enfin les contrats d\u2019achat-vente. <\/h6>\n<\/div>\t\t\t\t\t\t\t\t<\/div>\n\t\t\t\t<\/div>\n\t\t\t\t<\/div>\n\t\t\t\t\t<\/div>\n\t\t\t\t<\/div>\n\t\t\t\t<\/div>\n\t\t","protected":false},"excerpt":{"rendered":"<p>\u00c9nergie, p\u00e9trole et gaz Le secteur \u00e9nerg\u00e9tique englobe des activit\u00e9s aussi diverses que la production d\u2019\u00e9lectricit\u00e9, les r\u00e9seaux de transport et de distribution, le gaz naturel, les combustibles liquides, les \u00e9nergies renouvelables, l\u2019hydrog\u00e8ne vert et d\u2019autres vecteurs en transformation. Pour cet ensemble d\u2019industries, nous \u00e9laborons des rapports techniques et \u00e9conomiques [&hellip;]<\/p>\n","protected":false},"author":1,"featured_media":0,"parent":0,"menu_order":0,"comment_status":"closed","ping_status":"closed","template":"page-templates\/template-pagebuilder-full-width.php","meta":{"footnotes":""},"class_list":["post-10851","page","type-page","status-publish","hentry"],"yoast_head":"<!-- This site is optimized with the Yoast SEO plugin v26.4 - https:\/\/yoast.com\/wordpress\/plugins\/seo\/ -->\n<title>Secteur de l\u2019\u00e9nergie - Martinsdelima<\/title>\n<meta name=\"robots\" content=\"index, follow, max-snippet:-1, max-image-preview:large, max-video-preview:-1\" \/>\n<link rel=\"canonical\" href=\"https:\/\/www.martinsdelima.com\/fr\/secteur-de-lenergie\/\" \/>\n<meta property=\"og:locale\" content=\"fr_FR\" \/>\n<meta property=\"og:type\" content=\"article\" \/>\n<meta property=\"og:title\" content=\"Secteur de l\u2019\u00e9nergie - Martinsdelima\" \/>\n<meta property=\"og:description\" content=\"\u00c9nergie, p\u00e9trole et gaz Le secteur \u00e9nerg\u00e9tique englobe des activit\u00e9s aussi diverses que la production d\u2019\u00e9lectricit\u00e9, les r\u00e9seaux de transport et de distribution, le gaz naturel, les combustibles liquides, les \u00e9nergies renouvelables, l\u2019hydrog\u00e8ne vert et d\u2019autres vecteurs en transformation. Pour cet ensemble d\u2019industries, nous \u00e9laborons des rapports techniques et \u00e9conomiques [&hellip;]\" \/>\n<meta property=\"og:url\" content=\"https:\/\/www.martinsdelima.com\/fr\/secteur-de-lenergie\/\" \/>\n<meta property=\"og:site_name\" content=\"Martinsdelima\" \/>\n<meta property=\"article:modified_time\" content=\"2026-02-12T09:53:45+00:00\" \/>\n<meta name=\"twitter:card\" content=\"summary_large_image\" \/>\n<meta name=\"twitter:label1\" content=\"Dur\u00e9e de lecture estim\u00e9e\" \/>\n\t<meta name=\"twitter:data1\" content=\"3 minutes\" \/>\n<script type=\"application\/ld+json\" class=\"yoast-schema-graph\">{\"@context\":\"https:\/\/schema.org\",\"@graph\":[{\"@type\":\"WebPage\",\"@id\":\"https:\/\/www.martinsdelima.com\/fr\/secteur-de-lenergie\/\",\"url\":\"https:\/\/www.martinsdelima.com\/fr\/secteur-de-lenergie\/\",\"name\":\"Secteur de l\u2019\u00e9nergie - Martinsdelima\",\"isPartOf\":{\"@id\":\"https:\/\/www.martinsdelima.com\/fr\/#website\"},\"datePublished\":\"2025-11-13T19:38:45+00:00\",\"dateModified\":\"2026-02-12T09:53:45+00:00\",\"breadcrumb\":{\"@id\":\"https:\/\/www.martinsdelima.com\/fr\/secteur-de-lenergie\/#breadcrumb\"},\"inLanguage\":\"fr-FR\",\"potentialAction\":[{\"@type\":\"ReadAction\",\"target\":[\"https:\/\/www.martinsdelima.com\/fr\/secteur-de-lenergie\/\"]}]},{\"@type\":\"BreadcrumbList\",\"@id\":\"https:\/\/www.martinsdelima.com\/fr\/secteur-de-lenergie\/#breadcrumb\",\"itemListElement\":[{\"@type\":\"ListItem\",\"position\":1,\"name\":\"Page d'accueil\",\"item\":\"https:\/\/www.martinsdelima.com\/fr\/accueil\/\"},{\"@type\":\"ListItem\",\"position\":2,\"name\":\"Secteur de l\u2019\u00e9nergie\"}]},{\"@type\":\"WebSite\",\"@id\":\"https:\/\/www.martinsdelima.com\/fr\/#website\",\"url\":\"https:\/\/www.martinsdelima.com\/fr\/\",\"name\":\"Martinsdelima\",\"description\":\"Forensic&amp;Finance\",\"publisher\":{\"@id\":\"https:\/\/www.martinsdelima.com\/fr\/#organization\"},\"potentialAction\":[{\"@type\":\"SearchAction\",\"target\":{\"@type\":\"EntryPoint\",\"urlTemplate\":\"https:\/\/www.martinsdelima.com\/fr\/?s={search_term_string}\"},\"query-input\":{\"@type\":\"PropertyValueSpecification\",\"valueRequired\":true,\"valueName\":\"search_term_string\"}}],\"inLanguage\":\"fr-FR\"},{\"@type\":\"Organization\",\"@id\":\"https:\/\/www.martinsdelima.com\/fr\/#organization\",\"name\":\"Martinsdelima\",\"url\":\"https:\/\/www.martinsdelima.com\/fr\/\",\"logo\":{\"@type\":\"ImageObject\",\"inLanguage\":\"fr-FR\",\"@id\":\"https:\/\/www.martinsdelima.com\/fr\/#\/schema\/logo\/image\/\",\"url\":\"https:\/\/mligy6wbr5rs.i.optimole.com\/w:auto\/h:auto\/q:mauto\/f:best\/https:\/\/www.martinsdelima.com\/wp-content\/uploads\/2025\/10\/martinsdelima-letras-claras-horizontal.png\",\"contentUrl\":\"https:\/\/mligy6wbr5rs.i.optimole.com\/w:auto\/h:auto\/q:mauto\/f:best\/https:\/\/www.martinsdelima.com\/wp-content\/uploads\/2025\/10\/martinsdelima-letras-claras-horizontal.png\",\"width\":1315,\"height\":217,\"caption\":\"Martinsdelima\"},\"image\":{\"@id\":\"https:\/\/www.martinsdelima.com\/fr\/#\/schema\/logo\/image\/\"}}]}<\/script>\n<!-- \/ Yoast SEO plugin. -->","yoast_head_json":{"title":"Secteur de l\u2019\u00e9nergie - Martinsdelima","robots":{"index":"index","follow":"follow","max-snippet":"max-snippet:-1","max-image-preview":"max-image-preview:large","max-video-preview":"max-video-preview:-1"},"canonical":"https:\/\/www.martinsdelima.com\/fr\/secteur-de-lenergie\/","og_locale":"fr_FR","og_type":"article","og_title":"Secteur de l\u2019\u00e9nergie - Martinsdelima","og_description":"\u00c9nergie, p\u00e9trole et gaz Le secteur \u00e9nerg\u00e9tique englobe des activit\u00e9s aussi diverses que la production d\u2019\u00e9lectricit\u00e9, les r\u00e9seaux de transport et de distribution, le gaz naturel, les combustibles liquides, les \u00e9nergies renouvelables, l\u2019hydrog\u00e8ne vert et d\u2019autres vecteurs en transformation. Pour cet ensemble d\u2019industries, nous \u00e9laborons des rapports techniques et \u00e9conomiques [&hellip;]","og_url":"https:\/\/www.martinsdelima.com\/fr\/secteur-de-lenergie\/","og_site_name":"Martinsdelima","article_modified_time":"2026-02-12T09:53:45+00:00","twitter_card":"summary_large_image","twitter_misc":{"Dur\u00e9e de lecture estim\u00e9e":"3 minutes"},"schema":{"@context":"https:\/\/schema.org","@graph":[{"@type":"WebPage","@id":"https:\/\/www.martinsdelima.com\/fr\/secteur-de-lenergie\/","url":"https:\/\/www.martinsdelima.com\/fr\/secteur-de-lenergie\/","name":"Secteur de l\u2019\u00e9nergie - Martinsdelima","isPartOf":{"@id":"https:\/\/www.martinsdelima.com\/fr\/#website"},"datePublished":"2025-11-13T19:38:45+00:00","dateModified":"2026-02-12T09:53:45+00:00","breadcrumb":{"@id":"https:\/\/www.martinsdelima.com\/fr\/secteur-de-lenergie\/#breadcrumb"},"inLanguage":"fr-FR","potentialAction":[{"@type":"ReadAction","target":["https:\/\/www.martinsdelima.com\/fr\/secteur-de-lenergie\/"]}]},{"@type":"BreadcrumbList","@id":"https:\/\/www.martinsdelima.com\/fr\/secteur-de-lenergie\/#breadcrumb","itemListElement":[{"@type":"ListItem","position":1,"name":"Page d'accueil","item":"https:\/\/www.martinsdelima.com\/fr\/accueil\/"},{"@type":"ListItem","position":2,"name":"Secteur de l\u2019\u00e9nergie"}]},{"@type":"WebSite","@id":"https:\/\/www.martinsdelima.com\/fr\/#website","url":"https:\/\/www.martinsdelima.com\/fr\/","name":"Martinsdelima","description":"Forensic&amp;Finance","publisher":{"@id":"https:\/\/www.martinsdelima.com\/fr\/#organization"},"potentialAction":[{"@type":"SearchAction","target":{"@type":"EntryPoint","urlTemplate":"https:\/\/www.martinsdelima.com\/fr\/?s={search_term_string}"},"query-input":{"@type":"PropertyValueSpecification","valueRequired":true,"valueName":"search_term_string"}}],"inLanguage":"fr-FR"},{"@type":"Organization","@id":"https:\/\/www.martinsdelima.com\/fr\/#organization","name":"Martinsdelima","url":"https:\/\/www.martinsdelima.com\/fr\/","logo":{"@type":"ImageObject","inLanguage":"fr-FR","@id":"https:\/\/www.martinsdelima.com\/fr\/#\/schema\/logo\/image\/","url":"https:\/\/mligy6wbr5rs.i.optimole.com\/w:auto\/h:auto\/q:mauto\/f:best\/https:\/\/www.martinsdelima.com\/wp-content\/uploads\/2025\/10\/martinsdelima-letras-claras-horizontal.png","contentUrl":"https:\/\/mligy6wbr5rs.i.optimole.com\/w:auto\/h:auto\/q:mauto\/f:best\/https:\/\/www.martinsdelima.com\/wp-content\/uploads\/2025\/10\/martinsdelima-letras-claras-horizontal.png","width":1315,"height":217,"caption":"Martinsdelima"},"image":{"@id":"https:\/\/www.martinsdelima.com\/fr\/#\/schema\/logo\/image\/"}}]}},"_links":{"self":[{"href":"https:\/\/www.martinsdelima.com\/fr\/wp-json\/wp\/v2\/pages\/10851","targetHints":{"allow":["GET"]}}],"collection":[{"href":"https:\/\/www.martinsdelima.com\/fr\/wp-json\/wp\/v2\/pages"}],"about":[{"href":"https:\/\/www.martinsdelima.com\/fr\/wp-json\/wp\/v2\/types\/page"}],"author":[{"embeddable":true,"href":"https:\/\/www.martinsdelima.com\/fr\/wp-json\/wp\/v2\/users\/1"}],"replies":[{"embeddable":true,"href":"https:\/\/www.martinsdelima.com\/fr\/wp-json\/wp\/v2\/comments?post=10851"}],"version-history":[{"count":2,"href":"https:\/\/www.martinsdelima.com\/fr\/wp-json\/wp\/v2\/pages\/10851\/revisions"}],"predecessor-version":[{"id":11605,"href":"https:\/\/www.martinsdelima.com\/fr\/wp-json\/wp\/v2\/pages\/10851\/revisions\/11605"}],"wp:attachment":[{"href":"https:\/\/www.martinsdelima.com\/fr\/wp-json\/wp\/v2\/media?parent=10851"}],"curies":[{"name":"wp","href":"https:\/\/api.w.org\/{rel}","templated":true}]}}