{"id":10856,"date":"2025-11-17T17:47:47","date_gmt":"2025-11-17T17:47:47","guid":{"rendered":"https:\/\/www.martinsdelima.com\/secteur-automobile\/"},"modified":"2026-02-12T10:32:44","modified_gmt":"2026-02-12T10:32:44","slug":"secteur-automobile","status":"publish","type":"page","link":"https:\/\/www.martinsdelima.com\/fr\/secteurs\/secteur-automobile\/","title":{"rendered":"Secteur automobile"},"content":{"rendered":"\t\t<div data-elementor-type=\"wp-page\" data-elementor-id=\"10856\" class=\"elementor elementor-10856 elementor-6558\" data-elementor-post-type=\"page\">\n\t\t\t\t\t\t<section class=\"elementor-section elementor-top-section elementor-element elementor-element-5861a17 elementor-section-full_width elementor-section-stretched elementor-section-height-default elementor-section-height-default\" data-id=\"5861a17\" data-element_type=\"section\" data-settings=\"{&quot;stretch_section&quot;:&quot;section-stretched&quot;,&quot;background_background&quot;:&quot;classic&quot;}\">\n\t\t\t\t\t\t\t<div class=\"elementor-background-overlay\"><\/div>\n\t\t\t\t\t\t\t<div class=\"elementor-container elementor-column-gap-default\">\n\t\t\t\t\t<div class=\"elementor-column elementor-col-100 elementor-top-column elementor-element elementor-element-ea42bdb\" data-id=\"ea42bdb\" data-element_type=\"column\">\n\t\t\t<div class=\"elementor-widget-wrap elementor-element-populated\">\n\t\t\t\t\t\t<div class=\"elementor-element elementor-element-8924fce elementor-widget elementor-widget-heading\" data-id=\"8924fce\" data-element_type=\"widget\" data-widget_type=\"heading.default\">\n\t\t\t\t<div class=\"elementor-widget-container\">\n\t\t\t\t\t<h2 class=\"elementor-heading-title elementor-size-default\"><b>Automobile<\/b><\/h2>\t\t\t\t<\/div>\n\t\t\t\t<\/div>\n\t\t\t\t\t<\/div>\n\t\t<\/div>\n\t\t\t\t\t<\/div>\n\t\t<\/section>\n\t\t<div class=\"elementor-element elementor-element-fd55e71 e-flex e-con-boxed e-con e-parent\" data-id=\"fd55e71\" data-element_type=\"container\">\n\t\t\t\t\t<div class=\"e-con-inner\">\n\t\t<div class=\"elementor-element elementor-element-683406e e-con-full e-flex e-con e-child\" data-id=\"683406e\" data-element_type=\"container\">\n\t\t\t\t<div class=\"elementor-element elementor-element-817c688 elementor-widget elementor-widget-text-editor\" data-id=\"817c688\" data-element_type=\"widget\" data-widget_type=\"text-editor.default\">\n\t\t\t\t<div class=\"elementor-widget-container\">\n\t\t\t\t\t\t\t\t\t<div>\n<h6>Le secteur automobile est l\u2019une des industries les plus importantes de l\u2019<b>\u00e9conomie espagnole et europ\u00e9enne.<\/b> Il englobe la fabrication et la commercialisation de v\u00e9hicules, le transport routier professionnel ainsi que les activit\u00e9s li\u00e9es aux flottes, et constitue un axe fondamental pour la comp\u00e9titivit\u00e9 et la mobilit\u00e9 des entreprises.<\/h6>\n<h6>Dans ce contexte, les fabricants et les distributeurs op\u00e8rent sur des <strong>march\u00e9s tr\u00e8s r\u00e9glement\u00e9s et tr\u00e8s sensibles aux cycles \u00e9conomiques<\/strong>, o\u00f9 les changements technologiques, les r\u00e9glementations environnementales et les variations de la demande ont des impacts directs sur les co\u00fbts, les investissements et la structure financi\u00e8re des entreprises.<\/h6>\n<h6>Chez martinsdelima, nous poss\u00e9dons une vaste exp\u00e9rience dans l&rsquo;analyse \u00e9conomique et financi\u00e8re du secteur automobile, en conseillant les entreprises touch\u00e9es par des <strong>pratiques anticoncurrentielles<\/strong> et d&rsquo;autres distorsions du march\u00e9. Nous avons \u00e9galement beaucoup travaill\u00e9 pour des multinationales du secteur des \u00e9quipements automobiles afin de <strong>restructurer l&rsquo;entreprise en optimisant la main-d&rsquo;\u0153uvre gr\u00e2ce \u00e0 la r\u00e9alisation d&rsquo;ERE et de MSCT (Modification substantielle des conditions de travail).<\/strong> <\/h6>\n<h6><b>&nbsp;<\/b><\/h6>\n<h6><b>Rapports d\u2019expertise en droit de la concurrence<\/b><br>Nos travaux incluent la quantification des pr\u00e9judices d\u00e9coulant de <strong>cartels<\/strong> dans la fabrication de v\u00e9hicules industriels et de tourisme, en analysant les <strong>augmentations artificielles de prix, les retards dans l\u2019introduction de technologies<\/strong> plus efficientes et les r\u00e9percussions \u00e9conomiques tout au long de la cha\u00eene de valeur.&nbsp;<\/h6>\n<h6>De m\u00eame, nous analysons \u00e9galement l\u2019impact financier sur les entreprises disposant de flottes, d\u00e9terminons le <strong>pass-on<\/strong> ou l\u2019effet de r\u00e9percussion des co\u00fbts, et quantifions le manque \u00e0 gagner d\u00e9coulant des variations du volume d\u2019activit\u00e9, des prix, des co\u00fbts op\u00e9rationnels ou des retards technologiques ayant affect\u00e9 la performance normale de l\u2019entreprise.&nbsp;<\/h6>\n<h6><\/h6>\n<h6><b>&nbsp;<\/b><\/h6>\n<h6><b>Rapports d\u2019expertise en droit du travail<\/b><\/h6>\n<h6>Nous avons r\u00e9alis\u00e9 plusieurs rapports techniques pour la r\u00e9organisation europ\u00e9enne d\u2019une multinationale du secteur des \u00e9quipements automobiles, impliquant la mise en \u0153uvre de plusieurs PSE (plans de sauvegarde de l\u2019emploi) et de modifications substantielles des conditions de travail pour des motifs organisationnels, techniques et productifs.&nbsp;<\/h6>\n<\/div>\n<h6><\/h6>\n<h6>De m\u00eame, nous avons r\u00e9alis\u00e9 une \u00e9tude de l&rsquo;organisation des \u00e9quipes de l&rsquo;entreprise qui a eu pour cons\u00e9quence la r\u00e9alisation de plusieurs \u00e9tudes pour am\u00e9liorer consid\u00e9rablement l&rsquo;efficacit\u00e9 de l&rsquo;usine gr\u00e2ce \u00e0 des MSCT.<\/h6>\n<h6><\/h6>\n<h6><\/h6>\t\t\t\t\t\t\t\t<\/div>\n\t\t\t\t<\/div>\n\t\t\t\t<\/div>\n\t\t\t\t\t<\/div>\n\t\t\t\t<\/div>\n\t\t\t\t<\/div>\n\t\t","protected":false},"excerpt":{"rendered":"<p>Automobile Le secteur automobile est l\u2019une des industries les plus importantes de l\u2019\u00e9conomie espagnole et europ\u00e9enne. Il englobe la fabrication et la commercialisation de v\u00e9hicules, le transport routier professionnel ainsi que les activit\u00e9s li\u00e9es aux flottes, et constitue un axe fondamental pour la comp\u00e9titivit\u00e9 et la mobilit\u00e9 des entreprises. Dans [&hellip;]<\/p>\n","protected":false},"author":1,"featured_media":0,"parent":10948,"menu_order":0,"comment_status":"closed","ping_status":"closed","template":"page-templates\/template-pagebuilder-full-width.php","meta":{"footnotes":""},"class_list":["post-10856","page","type-page","status-publish","hentry"],"yoast_head":"<!-- This site is optimized with the Yoast SEO plugin v26.4 - https:\/\/yoast.com\/wordpress\/plugins\/seo\/ -->\n<title>Secteur automobile - Martinsdelima<\/title>\n<meta name=\"robots\" content=\"index, follow, max-snippet:-1, max-image-preview:large, max-video-preview:-1\" \/>\n<link rel=\"canonical\" href=\"https:\/\/www.martinsdelima.com\/fr\/secteurs\/secteur-automobile\/\" \/>\n<meta property=\"og:locale\" content=\"fr_FR\" \/>\n<meta property=\"og:type\" content=\"article\" \/>\n<meta property=\"og:title\" content=\"Secteur automobile - Martinsdelima\" \/>\n<meta property=\"og:description\" content=\"Automobile Le secteur automobile est l\u2019une des industries les plus importantes de l\u2019\u00e9conomie espagnole et europ\u00e9enne. Il englobe la fabrication et la commercialisation de v\u00e9hicules, le transport routier professionnel ainsi que les activit\u00e9s li\u00e9es aux flottes, et constitue un axe fondamental pour la comp\u00e9titivit\u00e9 et la mobilit\u00e9 des entreprises. Dans [&hellip;]\" \/>\n<meta property=\"og:url\" content=\"https:\/\/www.martinsdelima.com\/fr\/secteurs\/secteur-automobile\/\" \/>\n<meta property=\"og:site_name\" content=\"Martinsdelima\" \/>\n<meta property=\"article:modified_time\" content=\"2026-02-12T10:32:44+00:00\" \/>\n<meta name=\"twitter:card\" content=\"summary_large_image\" \/>\n<meta name=\"twitter:label1\" content=\"Dur\u00e9e de lecture estim\u00e9e\" \/>\n\t<meta name=\"twitter:data1\" content=\"2 minutes\" \/>\n<script type=\"application\/ld+json\" class=\"yoast-schema-graph\">{\"@context\":\"https:\/\/schema.org\",\"@graph\":[{\"@type\":\"WebPage\",\"@id\":\"https:\/\/www.martinsdelima.com\/fr\/secteurs\/secteur-automobile\/\",\"url\":\"https:\/\/www.martinsdelima.com\/fr\/secteurs\/secteur-automobile\/\",\"name\":\"Secteur automobile - Martinsdelima\",\"isPartOf\":{\"@id\":\"https:\/\/www.martinsdelima.com\/fr\/#website\"},\"datePublished\":\"2025-11-17T17:47:47+00:00\",\"dateModified\":\"2026-02-12T10:32:44+00:00\",\"breadcrumb\":{\"@id\":\"https:\/\/www.martinsdelima.com\/fr\/secteurs\/secteur-automobile\/#breadcrumb\"},\"inLanguage\":\"fr-FR\",\"potentialAction\":[{\"@type\":\"ReadAction\",\"target\":[\"https:\/\/www.martinsdelima.com\/fr\/secteurs\/secteur-automobile\/\"]}]},{\"@type\":\"BreadcrumbList\",\"@id\":\"https:\/\/www.martinsdelima.com\/fr\/secteurs\/secteur-automobile\/#breadcrumb\",\"itemListElement\":[{\"@type\":\"ListItem\",\"position\":1,\"name\":\"Page d'accueil\",\"item\":\"https:\/\/www.martinsdelima.com\/fr\/accueil\/\"},{\"@type\":\"ListItem\",\"position\":2,\"name\":\"Secteurs\",\"item\":\"https:\/\/www.martinsdelima.com\/fr\/secteurs\/\"},{\"@type\":\"ListItem\",\"position\":3,\"name\":\"Secteur automobile\"}]},{\"@type\":\"WebSite\",\"@id\":\"https:\/\/www.martinsdelima.com\/fr\/#website\",\"url\":\"https:\/\/www.martinsdelima.com\/fr\/\",\"name\":\"Martinsdelima\",\"description\":\"Forensic&amp;Finance\",\"publisher\":{\"@id\":\"https:\/\/www.martinsdelima.com\/fr\/#organization\"},\"potentialAction\":[{\"@type\":\"SearchAction\",\"target\":{\"@type\":\"EntryPoint\",\"urlTemplate\":\"https:\/\/www.martinsdelima.com\/fr\/?s={search_term_string}\"},\"query-input\":{\"@type\":\"PropertyValueSpecification\",\"valueRequired\":true,\"valueName\":\"search_term_string\"}}],\"inLanguage\":\"fr-FR\"},{\"@type\":\"Organization\",\"@id\":\"https:\/\/www.martinsdelima.com\/fr\/#organization\",\"name\":\"Martinsdelima\",\"url\":\"https:\/\/www.martinsdelima.com\/fr\/\",\"logo\":{\"@type\":\"ImageObject\",\"inLanguage\":\"fr-FR\",\"@id\":\"https:\/\/www.martinsdelima.com\/fr\/#\/schema\/logo\/image\/\",\"url\":\"https:\/\/mligy6wbr5rs.i.optimole.com\/w:auto\/h:auto\/q:mauto\/f:best\/https:\/\/www.martinsdelima.com\/wp-content\/uploads\/2025\/10\/martinsdelima-letras-claras-horizontal.png\",\"contentUrl\":\"https:\/\/mligy6wbr5rs.i.optimole.com\/w:auto\/h:auto\/q:mauto\/f:best\/https:\/\/www.martinsdelima.com\/wp-content\/uploads\/2025\/10\/martinsdelima-letras-claras-horizontal.png\",\"width\":1315,\"height\":217,\"caption\":\"Martinsdelima\"},\"image\":{\"@id\":\"https:\/\/www.martinsdelima.com\/fr\/#\/schema\/logo\/image\/\"}}]}<\/script>\n<!-- \/ Yoast SEO plugin. -->","yoast_head_json":{"title":"Secteur automobile - Martinsdelima","robots":{"index":"index","follow":"follow","max-snippet":"max-snippet:-1","max-image-preview":"max-image-preview:large","max-video-preview":"max-video-preview:-1"},"canonical":"https:\/\/www.martinsdelima.com\/fr\/secteurs\/secteur-automobile\/","og_locale":"fr_FR","og_type":"article","og_title":"Secteur automobile - Martinsdelima","og_description":"Automobile Le secteur automobile est l\u2019une des industries les plus importantes de l\u2019\u00e9conomie espagnole et europ\u00e9enne. Il englobe la fabrication et la commercialisation de v\u00e9hicules, le transport routier professionnel ainsi que les activit\u00e9s li\u00e9es aux flottes, et constitue un axe fondamental pour la comp\u00e9titivit\u00e9 et la mobilit\u00e9 des entreprises. Dans [&hellip;]","og_url":"https:\/\/www.martinsdelima.com\/fr\/secteurs\/secteur-automobile\/","og_site_name":"Martinsdelima","article_modified_time":"2026-02-12T10:32:44+00:00","twitter_card":"summary_large_image","twitter_misc":{"Dur\u00e9e de lecture estim\u00e9e":"2 minutes"},"schema":{"@context":"https:\/\/schema.org","@graph":[{"@type":"WebPage","@id":"https:\/\/www.martinsdelima.com\/fr\/secteurs\/secteur-automobile\/","url":"https:\/\/www.martinsdelima.com\/fr\/secteurs\/secteur-automobile\/","name":"Secteur automobile - Martinsdelima","isPartOf":{"@id":"https:\/\/www.martinsdelima.com\/fr\/#website"},"datePublished":"2025-11-17T17:47:47+00:00","dateModified":"2026-02-12T10:32:44+00:00","breadcrumb":{"@id":"https:\/\/www.martinsdelima.com\/fr\/secteurs\/secteur-automobile\/#breadcrumb"},"inLanguage":"fr-FR","potentialAction":[{"@type":"ReadAction","target":["https:\/\/www.martinsdelima.com\/fr\/secteurs\/secteur-automobile\/"]}]},{"@type":"BreadcrumbList","@id":"https:\/\/www.martinsdelima.com\/fr\/secteurs\/secteur-automobile\/#breadcrumb","itemListElement":[{"@type":"ListItem","position":1,"name":"Page d'accueil","item":"https:\/\/www.martinsdelima.com\/fr\/accueil\/"},{"@type":"ListItem","position":2,"name":"Secteurs","item":"https:\/\/www.martinsdelima.com\/fr\/secteurs\/"},{"@type":"ListItem","position":3,"name":"Secteur automobile"}]},{"@type":"WebSite","@id":"https:\/\/www.martinsdelima.com\/fr\/#website","url":"https:\/\/www.martinsdelima.com\/fr\/","name":"Martinsdelima","description":"Forensic&amp;Finance","publisher":{"@id":"https:\/\/www.martinsdelima.com\/fr\/#organization"},"potentialAction":[{"@type":"SearchAction","target":{"@type":"EntryPoint","urlTemplate":"https:\/\/www.martinsdelima.com\/fr\/?s={search_term_string}"},"query-input":{"@type":"PropertyValueSpecification","valueRequired":true,"valueName":"search_term_string"}}],"inLanguage":"fr-FR"},{"@type":"Organization","@id":"https:\/\/www.martinsdelima.com\/fr\/#organization","name":"Martinsdelima","url":"https:\/\/www.martinsdelima.com\/fr\/","logo":{"@type":"ImageObject","inLanguage":"fr-FR","@id":"https:\/\/www.martinsdelima.com\/fr\/#\/schema\/logo\/image\/","url":"https:\/\/mligy6wbr5rs.i.optimole.com\/w:auto\/h:auto\/q:mauto\/f:best\/https:\/\/www.martinsdelima.com\/wp-content\/uploads\/2025\/10\/martinsdelima-letras-claras-horizontal.png","contentUrl":"https:\/\/mligy6wbr5rs.i.optimole.com\/w:auto\/h:auto\/q:mauto\/f:best\/https:\/\/www.martinsdelima.com\/wp-content\/uploads\/2025\/10\/martinsdelima-letras-claras-horizontal.png","width":1315,"height":217,"caption":"Martinsdelima"},"image":{"@id":"https:\/\/www.martinsdelima.com\/fr\/#\/schema\/logo\/image\/"}}]}},"_links":{"self":[{"href":"https:\/\/www.martinsdelima.com\/fr\/wp-json\/wp\/v2\/pages\/10856","targetHints":{"allow":["GET"]}}],"collection":[{"href":"https:\/\/www.martinsdelima.com\/fr\/wp-json\/wp\/v2\/pages"}],"about":[{"href":"https:\/\/www.martinsdelima.com\/fr\/wp-json\/wp\/v2\/types\/page"}],"author":[{"embeddable":true,"href":"https:\/\/www.martinsdelima.com\/fr\/wp-json\/wp\/v2\/users\/1"}],"replies":[{"embeddable":true,"href":"https:\/\/www.martinsdelima.com\/fr\/wp-json\/wp\/v2\/comments?post=10856"}],"version-history":[{"count":2,"href":"https:\/\/www.martinsdelima.com\/fr\/wp-json\/wp\/v2\/pages\/10856\/revisions"}],"predecessor-version":[{"id":11702,"href":"https:\/\/www.martinsdelima.com\/fr\/wp-json\/wp\/v2\/pages\/10856\/revisions\/11702"}],"up":[{"embeddable":true,"href":"https:\/\/www.martinsdelima.com\/fr\/wp-json\/wp\/v2\/pages\/10948"}],"wp:attachment":[{"href":"https:\/\/www.martinsdelima.com\/fr\/wp-json\/wp\/v2\/media?parent=10856"}],"curies":[{"name":"wp","href":"https:\/\/api.w.org\/{rel}","templated":true}]}}