{"id":10865,"date":"2025-11-19T10:29:54","date_gmt":"2025-11-19T10:29:54","guid":{"rendered":"https:\/\/www.martinsdelima.com\/secteur-fonds-et-structures-financieres\/"},"modified":"2026-02-12T10:41:55","modified_gmt":"2026-02-12T10:41:55","slug":"secteur-fonds-et-structures-financieres","status":"publish","type":"page","link":"https:\/\/www.martinsdelima.com\/fr\/secteur-fonds-et-structures-financieres\/","title":{"rendered":"Secteur Fonds et structures financi\u00e8res"},"content":{"rendered":"\t\t<div data-elementor-type=\"wp-page\" data-elementor-id=\"10865\" class=\"elementor elementor-10865 elementor-5996\" data-elementor-post-type=\"page\">\n\t\t\t\t\t\t<section class=\"elementor-section elementor-top-section elementor-element elementor-element-5861a17 elementor-section-full_width elementor-section-stretched elementor-section-height-default elementor-section-height-default\" data-id=\"5861a17\" data-element_type=\"section\" data-settings=\"{&quot;stretch_section&quot;:&quot;section-stretched&quot;,&quot;background_background&quot;:&quot;classic&quot;}\">\n\t\t\t\t\t\t\t<div class=\"elementor-background-overlay\"><\/div>\n\t\t\t\t\t\t\t<div class=\"elementor-container elementor-column-gap-default\">\n\t\t\t\t\t<div class=\"elementor-column elementor-col-100 elementor-top-column elementor-element elementor-element-ea42bdb\" data-id=\"ea42bdb\" data-element_type=\"column\">\n\t\t\t<div class=\"elementor-widget-wrap elementor-element-populated\">\n\t\t\t\t\t\t<div class=\"elementor-element elementor-element-8924fce elementor-widget elementor-widget-heading\" data-id=\"8924fce\" data-element_type=\"widget\" data-widget_type=\"heading.default\">\n\t\t\t\t<div class=\"elementor-widget-container\">\n\t\t\t\t\t<h2 class=\"elementor-heading-title elementor-size-default\"><b>Fonds et structures financi\u00e8res<\/b><\/h2>\t\t\t\t<\/div>\n\t\t\t\t<\/div>\n\t\t\t\t\t<\/div>\n\t\t<\/div>\n\t\t\t\t\t<\/div>\n\t\t<\/section>\n\t\t<div class=\"elementor-element elementor-element-e71c8f4 e-flex e-con-boxed e-con e-parent\" data-id=\"e71c8f4\" data-element_type=\"container\">\n\t\t\t\t\t<div class=\"e-con-inner\">\n\t\t<div class=\"elementor-element elementor-element-4303a99 e-con-full e-flex e-con e-child\" data-id=\"4303a99\" data-element_type=\"container\">\n\t\t\t\t<div class=\"elementor-element elementor-element-3f59d73 elementor-widget elementor-widget-text-editor\" data-id=\"3f59d73\" data-element_type=\"widget\" data-widget_type=\"text-editor.default\">\n\t\t\t\t<div class=\"elementor-widget-container\">\n\t\t\t\t\t\t\t\t\t<h6>Les <strong>fonds<\/strong> de capital-risque, les <strong>v\u00e9hicules sp\u00e9cialis\u00e9s<\/strong>, les <strong>soci\u00e9t\u00e9s de gestion<\/strong>, les entit\u00e9s financi\u00e8res, les family offices et les investisseurs institutionnels ont besoin d&rsquo;une analyse ind\u00e9pendante pour comprendre avec pr\u00e9cision la logique \u00e9conomique de leurs structures, la r\u00e9partition des risques et l&rsquo;impact contractuel et financier de leurs d\u00e9cisions.<br>Chez martinsdelima, nous disposons d&rsquo;une exp\u00e9rience consolid\u00e9e dans l&rsquo;analyse \u00e9conomique et financi\u00e8re des fonds d&rsquo;investissement, des v\u00e9hicules sp\u00e9cialis\u00e9s et des structures de <strong>financement de projet<\/strong>, des <strong>mod\u00e8les de r\u00e9mun\u00e9ration et des produits financiers complexes<\/strong>. Nous travaillons pour les gestionnaires et les promoteurs de fonds, les v\u00e9hicules d&rsquo;investissement sp\u00e9cialis\u00e9s, les entit\u00e9s financi\u00e8res, les family offices et les investisseurs institutionnels qui ont besoin d&rsquo;une analyse ind\u00e9pendante de leurs structures financi\u00e8res.  <br>Notre contribution consiste \u00e0 traduire des contrats complexes, des sch\u00e9mas de capital-risque et des produits d\u00e9riv\u00e9s structur\u00e9s en conclusions \u00e9conomiques claires et d\u00e9fendables pour la prise de d\u00e9cision potentielle, la n\u00e9gociation ou la r\u00e9solution de litiges financiers.<\/h6><h6><strong> <\/strong><\/h6><h6><strong>Rapports d&rsquo;expertise \u00e9conomique<\/strong><br>Nous avons une exp\u00e9rience sp\u00e9cifique dans la <strong>structure \u00e9conomique des v\u00e9hicules de capital-risque et des soci\u00e9t\u00e9s de gestion de fonds<\/strong>, en analysant leur r\u00e9gime juridique, leurs organes de d\u00e9cision (comit\u00e9s d&rsquo;investissement, conseils d&rsquo;administration), les flux de revenus <strong>(commissions de gestion, management fees, et participation aux plus-values ou carried interest)<\/strong> et la mani\u00e8re dont s&rsquo;articule la relation entre la soci\u00e9t\u00e9 de gestion, les promoteurs et les investisseurs. Nous avons \u00e9galement \u00e9tudi\u00e9 le degr\u00e9 d&rsquo;autonomie r\u00e9elle de certains dirigeants au sein de ces structures, leur capacit\u00e9 de d\u00e9cision et les limites d\u00e9coulant de la concentration du contr\u00f4le politique sur un actionnaire ou un groupe de promoteurs.<br>Dans le domaine de la gestion d&rsquo;actifs et des structures d&rsquo;asset management, nous avons \u00e9mis des <strong>rapports sur l&rsquo;ad\u00e9quation des honoraires de gestion<\/strong> convenus entre les fonds ou les v\u00e9hicules d&rsquo;investissement et les soci\u00e9t\u00e9s op\u00e9rationnelles, en comparant la structure des honoraires convenue avec les pratiques du march\u00e9. <br>Nous avons \u00e9galement d\u00e9velopp\u00e9 une ligne de travail sp\u00e9cialis\u00e9e dans les <strong>produits financiers complexes et les produits d\u00e9riv\u00e9s<\/strong>, comme par exemple les swaps de taux d&rsquo;int\u00e9r\u00eat (swaps) explicites ou implicites dans les contrats de financement. Nous analysons la pertinence des produits propos\u00e9s par les entit\u00e9s financi\u00e8res, le profil et le niveau de connaissances du client, le contenu et le moment de l&rsquo;information fournie. Nous <strong>\u00e9valuons les produits d\u00e9riv\u00e9s aux prix du march\u00e9<\/strong> et comparons la solution contract\u00e9e avec des alternatives raisonnables.  <\/h6><h6>De m\u00eame, nous r\u00e9alisons des rapports qui expliquent le caract\u00e8re raisonnable des <strong>commissions de succ\u00e8s<\/strong> au moment de conclure une op\u00e9ration avec succ\u00e8s. Il est courant que les <strong>clients de banque d&rsquo;investissement<\/strong> se plaignent, une fois l&rsquo;op\u00e9ration termin\u00e9e, de l&rsquo;importante commission qu&rsquo;ils doivent payer. <\/h6><h6><strong> <\/strong><\/h6><h6><strong>Rapports d\u2019expertise en droit du travail<\/strong><\/h6><h6>Nous r\u00e9alisons des rapports qui analysent la situation de sortie des associ\u00e9s des soci\u00e9t\u00e9s de gestion. Nous calculons la valeur de leur participation, en tenant compte des carried interests et de toute autre r\u00e9mun\u00e9ration variable. <\/h6>\t\t\t\t\t\t\t\t<\/div>\n\t\t\t\t<\/div>\n\t\t\t\t<\/div>\n\t\t\t\t\t<\/div>\n\t\t\t\t<\/div>\n\t\t\t\t<\/div>\n\t\t","protected":false},"excerpt":{"rendered":"<p>Fonds et structures financi\u00e8res Les fonds de capital-risque, les v\u00e9hicules sp\u00e9cialis\u00e9s, les soci\u00e9t\u00e9s de gestion, les entit\u00e9s financi\u00e8res, les family offices et les investisseurs institutionnels ont besoin d&rsquo;une analyse ind\u00e9pendante pour comprendre avec pr\u00e9cision la logique \u00e9conomique de leurs structures, la r\u00e9partition des risques et l&rsquo;impact contractuel et financier de [&hellip;]<\/p>\n","protected":false},"author":1,"featured_media":0,"parent":0,"menu_order":0,"comment_status":"closed","ping_status":"closed","template":"page-templates\/template-pagebuilder-full-width.php","meta":{"footnotes":""},"class_list":["post-10865","page","type-page","status-publish","hentry"],"yoast_head":"<!-- This site is optimized with the Yoast SEO plugin v26.4 - https:\/\/yoast.com\/wordpress\/plugins\/seo\/ -->\n<title>Secteur Fonds et structures financi\u00e8res - Martinsdelima<\/title>\n<meta name=\"robots\" content=\"index, follow, max-snippet:-1, max-image-preview:large, max-video-preview:-1\" \/>\n<link rel=\"canonical\" href=\"https:\/\/www.martinsdelima.com\/fr\/secteur-fonds-et-structures-financieres\/\" \/>\n<meta property=\"og:locale\" content=\"fr_FR\" \/>\n<meta property=\"og:type\" content=\"article\" \/>\n<meta property=\"og:title\" content=\"Secteur Fonds et structures financi\u00e8res - Martinsdelima\" \/>\n<meta property=\"og:description\" content=\"Fonds et structures financi\u00e8res Les fonds de capital-risque, les v\u00e9hicules sp\u00e9cialis\u00e9s, les soci\u00e9t\u00e9s de gestion, les entit\u00e9s financi\u00e8res, les family offices et les investisseurs institutionnels ont besoin d&rsquo;une analyse ind\u00e9pendante pour comprendre avec pr\u00e9cision la logique \u00e9conomique de leurs structures, la r\u00e9partition des risques et l&rsquo;impact contractuel et financier de [&hellip;]\" \/>\n<meta property=\"og:url\" content=\"https:\/\/www.martinsdelima.com\/fr\/secteur-fonds-et-structures-financieres\/\" \/>\n<meta property=\"og:site_name\" content=\"Martinsdelima\" \/>\n<meta property=\"article:modified_time\" content=\"2026-02-12T10:41:55+00:00\" \/>\n<meta name=\"twitter:card\" content=\"summary_large_image\" \/>\n<meta name=\"twitter:label1\" content=\"Dur\u00e9e de lecture estim\u00e9e\" \/>\n\t<meta name=\"twitter:data1\" content=\"3 minutes\" \/>\n<script type=\"application\/ld+json\" class=\"yoast-schema-graph\">{\"@context\":\"https:\/\/schema.org\",\"@graph\":[{\"@type\":\"WebPage\",\"@id\":\"https:\/\/www.martinsdelima.com\/fr\/secteur-fonds-et-structures-financieres\/\",\"url\":\"https:\/\/www.martinsdelima.com\/fr\/secteur-fonds-et-structures-financieres\/\",\"name\":\"Secteur Fonds et structures financi\u00e8res - Martinsdelima\",\"isPartOf\":{\"@id\":\"https:\/\/www.martinsdelima.com\/fr\/#website\"},\"datePublished\":\"2025-11-19T10:29:54+00:00\",\"dateModified\":\"2026-02-12T10:41:55+00:00\",\"breadcrumb\":{\"@id\":\"https:\/\/www.martinsdelima.com\/fr\/secteur-fonds-et-structures-financieres\/#breadcrumb\"},\"inLanguage\":\"fr-FR\",\"potentialAction\":[{\"@type\":\"ReadAction\",\"target\":[\"https:\/\/www.martinsdelima.com\/fr\/secteur-fonds-et-structures-financieres\/\"]}]},{\"@type\":\"BreadcrumbList\",\"@id\":\"https:\/\/www.martinsdelima.com\/fr\/secteur-fonds-et-structures-financieres\/#breadcrumb\",\"itemListElement\":[{\"@type\":\"ListItem\",\"position\":1,\"name\":\"Page d'accueil\",\"item\":\"https:\/\/www.martinsdelima.com\/fr\/accueil\/\"},{\"@type\":\"ListItem\",\"position\":2,\"name\":\"Secteur Fonds et structures financi\u00e8res\"}]},{\"@type\":\"WebSite\",\"@id\":\"https:\/\/www.martinsdelima.com\/fr\/#website\",\"url\":\"https:\/\/www.martinsdelima.com\/fr\/\",\"name\":\"Martinsdelima\",\"description\":\"Forensic&amp;Finance\",\"publisher\":{\"@id\":\"https:\/\/www.martinsdelima.com\/fr\/#organization\"},\"potentialAction\":[{\"@type\":\"SearchAction\",\"target\":{\"@type\":\"EntryPoint\",\"urlTemplate\":\"https:\/\/www.martinsdelima.com\/fr\/?s={search_term_string}\"},\"query-input\":{\"@type\":\"PropertyValueSpecification\",\"valueRequired\":true,\"valueName\":\"search_term_string\"}}],\"inLanguage\":\"fr-FR\"},{\"@type\":\"Organization\",\"@id\":\"https:\/\/www.martinsdelima.com\/fr\/#organization\",\"name\":\"Martinsdelima\",\"url\":\"https:\/\/www.martinsdelima.com\/fr\/\",\"logo\":{\"@type\":\"ImageObject\",\"inLanguage\":\"fr-FR\",\"@id\":\"https:\/\/www.martinsdelima.com\/fr\/#\/schema\/logo\/image\/\",\"url\":\"https:\/\/mligy6wbr5rs.i.optimole.com\/w:auto\/h:auto\/q:mauto\/f:best\/https:\/\/www.martinsdelima.com\/wp-content\/uploads\/2025\/10\/martinsdelima-letras-claras-horizontal.png\",\"contentUrl\":\"https:\/\/mligy6wbr5rs.i.optimole.com\/w:auto\/h:auto\/q:mauto\/f:best\/https:\/\/www.martinsdelima.com\/wp-content\/uploads\/2025\/10\/martinsdelima-letras-claras-horizontal.png\",\"width\":1315,\"height\":217,\"caption\":\"Martinsdelima\"},\"image\":{\"@id\":\"https:\/\/www.martinsdelima.com\/fr\/#\/schema\/logo\/image\/\"}}]}<\/script>\n<!-- \/ Yoast SEO plugin. -->","yoast_head_json":{"title":"Secteur Fonds et structures financi\u00e8res - Martinsdelima","robots":{"index":"index","follow":"follow","max-snippet":"max-snippet:-1","max-image-preview":"max-image-preview:large","max-video-preview":"max-video-preview:-1"},"canonical":"https:\/\/www.martinsdelima.com\/fr\/secteur-fonds-et-structures-financieres\/","og_locale":"fr_FR","og_type":"article","og_title":"Secteur Fonds et structures financi\u00e8res - Martinsdelima","og_description":"Fonds et structures financi\u00e8res Les fonds de capital-risque, les v\u00e9hicules sp\u00e9cialis\u00e9s, les soci\u00e9t\u00e9s de gestion, les entit\u00e9s financi\u00e8res, les family offices et les investisseurs institutionnels ont besoin d&rsquo;une analyse ind\u00e9pendante pour comprendre avec pr\u00e9cision la logique \u00e9conomique de leurs structures, la r\u00e9partition des risques et l&rsquo;impact contractuel et financier de [&hellip;]","og_url":"https:\/\/www.martinsdelima.com\/fr\/secteur-fonds-et-structures-financieres\/","og_site_name":"Martinsdelima","article_modified_time":"2026-02-12T10:41:55+00:00","twitter_card":"summary_large_image","twitter_misc":{"Dur\u00e9e de lecture estim\u00e9e":"3 minutes"},"schema":{"@context":"https:\/\/schema.org","@graph":[{"@type":"WebPage","@id":"https:\/\/www.martinsdelima.com\/fr\/secteur-fonds-et-structures-financieres\/","url":"https:\/\/www.martinsdelima.com\/fr\/secteur-fonds-et-structures-financieres\/","name":"Secteur Fonds et structures financi\u00e8res - Martinsdelima","isPartOf":{"@id":"https:\/\/www.martinsdelima.com\/fr\/#website"},"datePublished":"2025-11-19T10:29:54+00:00","dateModified":"2026-02-12T10:41:55+00:00","breadcrumb":{"@id":"https:\/\/www.martinsdelima.com\/fr\/secteur-fonds-et-structures-financieres\/#breadcrumb"},"inLanguage":"fr-FR","potentialAction":[{"@type":"ReadAction","target":["https:\/\/www.martinsdelima.com\/fr\/secteur-fonds-et-structures-financieres\/"]}]},{"@type":"BreadcrumbList","@id":"https:\/\/www.martinsdelima.com\/fr\/secteur-fonds-et-structures-financieres\/#breadcrumb","itemListElement":[{"@type":"ListItem","position":1,"name":"Page d'accueil","item":"https:\/\/www.martinsdelima.com\/fr\/accueil\/"},{"@type":"ListItem","position":2,"name":"Secteur Fonds et structures financi\u00e8res"}]},{"@type":"WebSite","@id":"https:\/\/www.martinsdelima.com\/fr\/#website","url":"https:\/\/www.martinsdelima.com\/fr\/","name":"Martinsdelima","description":"Forensic&amp;Finance","publisher":{"@id":"https:\/\/www.martinsdelima.com\/fr\/#organization"},"potentialAction":[{"@type":"SearchAction","target":{"@type":"EntryPoint","urlTemplate":"https:\/\/www.martinsdelima.com\/fr\/?s={search_term_string}"},"query-input":{"@type":"PropertyValueSpecification","valueRequired":true,"valueName":"search_term_string"}}],"inLanguage":"fr-FR"},{"@type":"Organization","@id":"https:\/\/www.martinsdelima.com\/fr\/#organization","name":"Martinsdelima","url":"https:\/\/www.martinsdelima.com\/fr\/","logo":{"@type":"ImageObject","inLanguage":"fr-FR","@id":"https:\/\/www.martinsdelima.com\/fr\/#\/schema\/logo\/image\/","url":"https:\/\/mligy6wbr5rs.i.optimole.com\/w:auto\/h:auto\/q:mauto\/f:best\/https:\/\/www.martinsdelima.com\/wp-content\/uploads\/2025\/10\/martinsdelima-letras-claras-horizontal.png","contentUrl":"https:\/\/mligy6wbr5rs.i.optimole.com\/w:auto\/h:auto\/q:mauto\/f:best\/https:\/\/www.martinsdelima.com\/wp-content\/uploads\/2025\/10\/martinsdelima-letras-claras-horizontal.png","width":1315,"height":217,"caption":"Martinsdelima"},"image":{"@id":"https:\/\/www.martinsdelima.com\/fr\/#\/schema\/logo\/image\/"}}]}},"_links":{"self":[{"href":"https:\/\/www.martinsdelima.com\/fr\/wp-json\/wp\/v2\/pages\/10865","targetHints":{"allow":["GET"]}}],"collection":[{"href":"https:\/\/www.martinsdelima.com\/fr\/wp-json\/wp\/v2\/pages"}],"about":[{"href":"https:\/\/www.martinsdelima.com\/fr\/wp-json\/wp\/v2\/types\/page"}],"author":[{"embeddable":true,"href":"https:\/\/www.martinsdelima.com\/fr\/wp-json\/wp\/v2\/users\/1"}],"replies":[{"embeddable":true,"href":"https:\/\/www.martinsdelima.com\/fr\/wp-json\/wp\/v2\/comments?post=10865"}],"version-history":[{"count":2,"href":"https:\/\/www.martinsdelima.com\/fr\/wp-json\/wp\/v2\/pages\/10865\/revisions"}],"predecessor-version":[{"id":11750,"href":"https:\/\/www.martinsdelima.com\/fr\/wp-json\/wp\/v2\/pages\/10865\/revisions\/11750"}],"wp:attachment":[{"href":"https:\/\/www.martinsdelima.com\/fr\/wp-json\/wp\/v2\/media?parent=10865"}],"curies":[{"name":"wp","href":"https:\/\/api.w.org\/{rel}","templated":true}]}}