{"id":10873,"date":"2025-11-20T17:32:27","date_gmt":"2025-11-20T17:32:27","guid":{"rendered":"https:\/\/www.martinsdelima.com\/secteur-industriel\/"},"modified":"2026-02-12T10:43:41","modified_gmt":"2026-02-12T10:43:41","slug":"secteur-industriel","status":"publish","type":"page","link":"https:\/\/www.martinsdelima.com\/fr\/secteur-industriel\/","title":{"rendered":"Secteur industriel"},"content":{"rendered":"\t\t<div data-elementor-type=\"wp-page\" data-elementor-id=\"10873\" class=\"elementor elementor-10873 elementor-5995\" data-elementor-post-type=\"page\">\n\t\t\t\t\t\t<section class=\"elementor-section elementor-top-section elementor-element elementor-element-5861a17 elementor-section-full_width elementor-section-stretched elementor-section-height-default elementor-section-height-default\" data-id=\"5861a17\" data-element_type=\"section\" data-settings=\"{&quot;stretch_section&quot;:&quot;section-stretched&quot;,&quot;background_background&quot;:&quot;classic&quot;}\">\n\t\t\t\t\t\t\t<div class=\"elementor-background-overlay\"><\/div>\n\t\t\t\t\t\t\t<div class=\"elementor-container elementor-column-gap-default\">\n\t\t\t\t\t<div class=\"elementor-column elementor-col-100 elementor-top-column elementor-element elementor-element-ea42bdb\" data-id=\"ea42bdb\" data-element_type=\"column\">\n\t\t\t<div class=\"elementor-widget-wrap elementor-element-populated\">\n\t\t\t\t\t\t<div class=\"elementor-element elementor-element-8924fce elementor-widget elementor-widget-heading\" data-id=\"8924fce\" data-element_type=\"widget\" data-widget_type=\"heading.default\">\n\t\t\t\t<div class=\"elementor-widget-container\">\n\t\t\t\t\t<h2 class=\"elementor-heading-title elementor-size-default\">Industrie<\/h2>\t\t\t\t<\/div>\n\t\t\t\t<\/div>\n\t\t\t\t\t<\/div>\n\t\t<\/div>\n\t\t\t\t\t<\/div>\n\t\t<\/section>\n\t\t<div class=\"elementor-element elementor-element-fe28872 e-flex e-con-boxed e-con e-parent\" data-id=\"fe28872\" data-element_type=\"container\">\n\t\t\t\t\t<div class=\"e-con-inner\">\n\t\t<div class=\"elementor-element elementor-element-11786d1 e-con-full e-flex e-con e-child\" data-id=\"11786d1\" data-element_type=\"container\">\n\t\t\t\t<div class=\"elementor-element elementor-element-9f5b602 elementor-widget elementor-widget-text-editor\" data-id=\"9f5b602\" data-element_type=\"widget\" data-widget_type=\"text-editor.default\">\n\t\t\t\t<div class=\"elementor-widget-container\">\n\t\t\t\t\t\t\t\t\t<h6>Chez martinsdelima, nous avons de l\u2019exp\u00e9rience dans le domaine industriel, en servant aussi bien des <strong>entreprises leaders du secteur que des entreprises moyennes et petites<\/strong> qui requi\u00e8rent l\u2019avis technique et \u00e9conomique d\u2019un expert ind\u00e9pendant.<\/h6>\n<h6>Nous avons travaill\u00e9 avec de grandes entreprises du secteur industriel, notamment dans l\u2019industrie <strong>p\u00e9trochimique, sid\u00e9rurgique, m\u00e9tallurgique, du verre, des mat\u00e9riaux de construction et des infrastructures, a\u00e9ronautique, pharmaceutique, automobile, textile, \u00e9lectronique, agroalimentaire, de gestion et de transformation de sous-produits animaux<\/strong>.&nbsp;<\/h6>\n<h6><strong>&nbsp;<\/strong><\/h6>\n<h6><strong>Rapports d\u2019expertise technique<\/strong><\/h6>\n<h6>Nous pr\u00e9parons des rapports techniques, abordant diff\u00e9rentes th\u00e9matiques relatives aux lignes de production, \u00e0 l\u2019organisation des processus, \u00e0 la s\u00e9curit\u00e9 des installations et au respect des obligations r\u00e9glementaires.&nbsp;<\/h6>\n<h6>Nous r\u00e9alisons la reconstitution d\u2019incidents critiques et \u00e9valuons leur impact sur les installations et le personnel, en examinant les proc\u00e9dures appliqu\u00e9es et le d\u00e9roulement complet du processus, depuis les faits pr\u00e9alables jusqu\u2019\u00e0 l\u2019intervalle temporel de l\u2019\u00e9v\u00e9nement et l\u2019arr\u00eat qui s\u2019ensuit.&nbsp;<\/h6>\n<h6><strong>&nbsp;<\/strong><\/h6>\n<h6><strong>Rapports d\u2019expertise \u00e9conomique<\/strong><\/h6>\n<h6>D\u2019un point de vue \u00e9conomique, nous r\u00e9alisons des rapports quantifiant les <strong>dommages<\/strong> r\u00e9sultant d\u2019incidents industriels, de manquements contractuels, de probl\u00e8mes avec les fournisseurs, tant de machines que de mati\u00e8res premi\u00e8res, en int\u00e9grant les informations pertinentes du secteur et les donn\u00e9es de production.&nbsp;<\/h6>\n<h6><strong>&nbsp;<\/strong><\/h6>\n<h6><strong>Rapports d\u2019expertise en droit du travail<\/strong><\/h6>\n<h6>De m\u00eame, nous \u00e9laborons des rapports techniques pour les proc\u00e9dures de droit du travail, au moyen d\u2019une analyse exhaustive du secteur, ainsi que de la situation op\u00e9rationnelle des entreprises manufacturi\u00e8res, en r\u00e9visant la capacit\u00e9 productive, l\u2019utilisation des installations et l\u2019organisation du personnel par rapport \u00e0 la demande r\u00e9elle et pr\u00e9vue. Nous identifions ainsi les inefficacit\u00e9s, proposons des changements dans les structures et les processus et envisageons des sc\u00e9narios permettant de r\u00e9cup\u00e9rer des marges et de la comp\u00e9titivit\u00e9. <\/h6>\n<h6>Nous r\u00e9alisons des rapports pour les <strong>ERE<\/strong> en combinant notre <strong>expertise technique industrielle et notre expertise \u00e9conomique<\/strong>. Nous sommes ainsi en mesure d\u2019optimiser les quatre causes <strong>\u00e9conomiques, techniques, organisationnelles et productives. <\/strong> <\/h6>\n<h6>De m\u00eame, nous r\u00e9alisons des <strong>MSCT<\/strong> pour r\u00e9organiser les \u00e9quipes, les lignes de production et tout aspect de l\u2019<strong>organisation industrielle<\/strong>.<\/h6>\t\t\t\t\t\t\t\t<\/div>\n\t\t\t\t<\/div>\n\t\t\t\t<\/div>\n\t\t\t\t\t<\/div>\n\t\t\t\t<\/div>\n\t\t\t\t<\/div>\n\t\t","protected":false},"excerpt":{"rendered":"<p>Industrie Chez martinsdelima, nous avons de l\u2019exp\u00e9rience dans le domaine industriel, en servant aussi bien des entreprises leaders du secteur que des entreprises moyennes et petites qui requi\u00e8rent l\u2019avis technique et \u00e9conomique d\u2019un expert ind\u00e9pendant. Nous avons travaill\u00e9 avec de grandes entreprises du secteur industriel, notamment dans l\u2019industrie p\u00e9trochimique, sid\u00e9rurgique, [&hellip;]<\/p>\n","protected":false},"author":1,"featured_media":0,"parent":0,"menu_order":0,"comment_status":"closed","ping_status":"closed","template":"page-templates\/template-pagebuilder-full-width.php","meta":{"footnotes":""},"class_list":["post-10873","page","type-page","status-publish","hentry"],"yoast_head":"<!-- This site is optimized with the Yoast SEO plugin v26.4 - https:\/\/yoast.com\/wordpress\/plugins\/seo\/ -->\n<title>Secteur industriel - Martinsdelima<\/title>\n<meta name=\"robots\" content=\"index, follow, max-snippet:-1, max-image-preview:large, max-video-preview:-1\" \/>\n<link rel=\"canonical\" href=\"https:\/\/www.martinsdelima.com\/fr\/secteur-industriel\/\" \/>\n<meta property=\"og:locale\" content=\"fr_FR\" \/>\n<meta property=\"og:type\" content=\"article\" \/>\n<meta property=\"og:title\" content=\"Secteur industriel - Martinsdelima\" \/>\n<meta property=\"og:description\" content=\"Industrie Chez martinsdelima, nous avons de l\u2019exp\u00e9rience dans le domaine industriel, en servant aussi bien des entreprises leaders du secteur que des entreprises moyennes et petites qui requi\u00e8rent l\u2019avis technique et \u00e9conomique d\u2019un expert ind\u00e9pendant. Nous avons travaill\u00e9 avec de grandes entreprises du secteur industriel, notamment dans l\u2019industrie p\u00e9trochimique, sid\u00e9rurgique, [&hellip;]\" \/>\n<meta property=\"og:url\" content=\"https:\/\/www.martinsdelima.com\/fr\/secteur-industriel\/\" \/>\n<meta property=\"og:site_name\" content=\"Martinsdelima\" \/>\n<meta property=\"article:modified_time\" content=\"2026-02-12T10:43:41+00:00\" \/>\n<meta name=\"twitter:card\" content=\"summary_large_image\" \/>\n<meta name=\"twitter:label1\" content=\"Dur\u00e9e de lecture estim\u00e9e\" \/>\n\t<meta name=\"twitter:data1\" content=\"2 minutes\" \/>\n<script type=\"application\/ld+json\" class=\"yoast-schema-graph\">{\"@context\":\"https:\/\/schema.org\",\"@graph\":[{\"@type\":\"WebPage\",\"@id\":\"https:\/\/www.martinsdelima.com\/fr\/secteur-industriel\/\",\"url\":\"https:\/\/www.martinsdelima.com\/fr\/secteur-industriel\/\",\"name\":\"Secteur industriel - Martinsdelima\",\"isPartOf\":{\"@id\":\"https:\/\/www.martinsdelima.com\/fr\/#website\"},\"datePublished\":\"2025-11-20T17:32:27+00:00\",\"dateModified\":\"2026-02-12T10:43:41+00:00\",\"breadcrumb\":{\"@id\":\"https:\/\/www.martinsdelima.com\/fr\/secteur-industriel\/#breadcrumb\"},\"inLanguage\":\"fr-FR\",\"potentialAction\":[{\"@type\":\"ReadAction\",\"target\":[\"https:\/\/www.martinsdelima.com\/fr\/secteur-industriel\/\"]}]},{\"@type\":\"BreadcrumbList\",\"@id\":\"https:\/\/www.martinsdelima.com\/fr\/secteur-industriel\/#breadcrumb\",\"itemListElement\":[{\"@type\":\"ListItem\",\"position\":1,\"name\":\"Page d'accueil\",\"item\":\"https:\/\/www.martinsdelima.com\/fr\/accueil\/\"},{\"@type\":\"ListItem\",\"position\":2,\"name\":\"Secteur industriel\"}]},{\"@type\":\"WebSite\",\"@id\":\"https:\/\/www.martinsdelima.com\/fr\/#website\",\"url\":\"https:\/\/www.martinsdelima.com\/fr\/\",\"name\":\"Martinsdelima\",\"description\":\"Forensic&amp;Finance\",\"publisher\":{\"@id\":\"https:\/\/www.martinsdelima.com\/fr\/#organization\"},\"potentialAction\":[{\"@type\":\"SearchAction\",\"target\":{\"@type\":\"EntryPoint\",\"urlTemplate\":\"https:\/\/www.martinsdelima.com\/fr\/?s={search_term_string}\"},\"query-input\":{\"@type\":\"PropertyValueSpecification\",\"valueRequired\":true,\"valueName\":\"search_term_string\"}}],\"inLanguage\":\"fr-FR\"},{\"@type\":\"Organization\",\"@id\":\"https:\/\/www.martinsdelima.com\/fr\/#organization\",\"name\":\"Martinsdelima\",\"url\":\"https:\/\/www.martinsdelima.com\/fr\/\",\"logo\":{\"@type\":\"ImageObject\",\"inLanguage\":\"fr-FR\",\"@id\":\"https:\/\/www.martinsdelima.com\/fr\/#\/schema\/logo\/image\/\",\"url\":\"https:\/\/mligy6wbr5rs.i.optimole.com\/w:auto\/h:auto\/q:mauto\/f:best\/https:\/\/www.martinsdelima.com\/wp-content\/uploads\/2025\/10\/martinsdelima-letras-claras-horizontal.png\",\"contentUrl\":\"https:\/\/mligy6wbr5rs.i.optimole.com\/w:auto\/h:auto\/q:mauto\/f:best\/https:\/\/www.martinsdelima.com\/wp-content\/uploads\/2025\/10\/martinsdelima-letras-claras-horizontal.png\",\"width\":1315,\"height\":217,\"caption\":\"Martinsdelima\"},\"image\":{\"@id\":\"https:\/\/www.martinsdelima.com\/fr\/#\/schema\/logo\/image\/\"}}]}<\/script>\n<!-- \/ Yoast SEO plugin. -->","yoast_head_json":{"title":"Secteur industriel - Martinsdelima","robots":{"index":"index","follow":"follow","max-snippet":"max-snippet:-1","max-image-preview":"max-image-preview:large","max-video-preview":"max-video-preview:-1"},"canonical":"https:\/\/www.martinsdelima.com\/fr\/secteur-industriel\/","og_locale":"fr_FR","og_type":"article","og_title":"Secteur industriel - Martinsdelima","og_description":"Industrie Chez martinsdelima, nous avons de l\u2019exp\u00e9rience dans le domaine industriel, en servant aussi bien des entreprises leaders du secteur que des entreprises moyennes et petites qui requi\u00e8rent l\u2019avis technique et \u00e9conomique d\u2019un expert ind\u00e9pendant. Nous avons travaill\u00e9 avec de grandes entreprises du secteur industriel, notamment dans l\u2019industrie p\u00e9trochimique, sid\u00e9rurgique, [&hellip;]","og_url":"https:\/\/www.martinsdelima.com\/fr\/secteur-industriel\/","og_site_name":"Martinsdelima","article_modified_time":"2026-02-12T10:43:41+00:00","twitter_card":"summary_large_image","twitter_misc":{"Dur\u00e9e de lecture estim\u00e9e":"2 minutes"},"schema":{"@context":"https:\/\/schema.org","@graph":[{"@type":"WebPage","@id":"https:\/\/www.martinsdelima.com\/fr\/secteur-industriel\/","url":"https:\/\/www.martinsdelima.com\/fr\/secteur-industriel\/","name":"Secteur industriel - Martinsdelima","isPartOf":{"@id":"https:\/\/www.martinsdelima.com\/fr\/#website"},"datePublished":"2025-11-20T17:32:27+00:00","dateModified":"2026-02-12T10:43:41+00:00","breadcrumb":{"@id":"https:\/\/www.martinsdelima.com\/fr\/secteur-industriel\/#breadcrumb"},"inLanguage":"fr-FR","potentialAction":[{"@type":"ReadAction","target":["https:\/\/www.martinsdelima.com\/fr\/secteur-industriel\/"]}]},{"@type":"BreadcrumbList","@id":"https:\/\/www.martinsdelima.com\/fr\/secteur-industriel\/#breadcrumb","itemListElement":[{"@type":"ListItem","position":1,"name":"Page d'accueil","item":"https:\/\/www.martinsdelima.com\/fr\/accueil\/"},{"@type":"ListItem","position":2,"name":"Secteur industriel"}]},{"@type":"WebSite","@id":"https:\/\/www.martinsdelima.com\/fr\/#website","url":"https:\/\/www.martinsdelima.com\/fr\/","name":"Martinsdelima","description":"Forensic&amp;Finance","publisher":{"@id":"https:\/\/www.martinsdelima.com\/fr\/#organization"},"potentialAction":[{"@type":"SearchAction","target":{"@type":"EntryPoint","urlTemplate":"https:\/\/www.martinsdelima.com\/fr\/?s={search_term_string}"},"query-input":{"@type":"PropertyValueSpecification","valueRequired":true,"valueName":"search_term_string"}}],"inLanguage":"fr-FR"},{"@type":"Organization","@id":"https:\/\/www.martinsdelima.com\/fr\/#organization","name":"Martinsdelima","url":"https:\/\/www.martinsdelima.com\/fr\/","logo":{"@type":"ImageObject","inLanguage":"fr-FR","@id":"https:\/\/www.martinsdelima.com\/fr\/#\/schema\/logo\/image\/","url":"https:\/\/mligy6wbr5rs.i.optimole.com\/w:auto\/h:auto\/q:mauto\/f:best\/https:\/\/www.martinsdelima.com\/wp-content\/uploads\/2025\/10\/martinsdelima-letras-claras-horizontal.png","contentUrl":"https:\/\/mligy6wbr5rs.i.optimole.com\/w:auto\/h:auto\/q:mauto\/f:best\/https:\/\/www.martinsdelima.com\/wp-content\/uploads\/2025\/10\/martinsdelima-letras-claras-horizontal.png","width":1315,"height":217,"caption":"Martinsdelima"},"image":{"@id":"https:\/\/www.martinsdelima.com\/fr\/#\/schema\/logo\/image\/"}}]}},"_links":{"self":[{"href":"https:\/\/www.martinsdelima.com\/fr\/wp-json\/wp\/v2\/pages\/10873","targetHints":{"allow":["GET"]}}],"collection":[{"href":"https:\/\/www.martinsdelima.com\/fr\/wp-json\/wp\/v2\/pages"}],"about":[{"href":"https:\/\/www.martinsdelima.com\/fr\/wp-json\/wp\/v2\/types\/page"}],"author":[{"embeddable":true,"href":"https:\/\/www.martinsdelima.com\/fr\/wp-json\/wp\/v2\/users\/1"}],"replies":[{"embeddable":true,"href":"https:\/\/www.martinsdelima.com\/fr\/wp-json\/wp\/v2\/comments?post=10873"}],"version-history":[{"count":2,"href":"https:\/\/www.martinsdelima.com\/fr\/wp-json\/wp\/v2\/pages\/10873\/revisions"}],"predecessor-version":[{"id":11756,"href":"https:\/\/www.martinsdelima.com\/fr\/wp-json\/wp\/v2\/pages\/10873\/revisions\/11756"}],"wp:attachment":[{"href":"https:\/\/www.martinsdelima.com\/fr\/wp-json\/wp\/v2\/media?parent=10873"}],"curies":[{"name":"wp","href":"https:\/\/api.w.org\/{rel}","templated":true}]}}