{"id":10886,"date":"2025-11-20T17:59:18","date_gmt":"2025-11-20T17:59:18","guid":{"rendered":"https:\/\/www.martinsdelima.com\/secteur-immobilier\/"},"modified":"2026-02-12T10:45:19","modified_gmt":"2026-02-12T10:45:19","slug":"secteur-immobilier","status":"publish","type":"page","link":"https:\/\/www.martinsdelima.com\/fr\/secteur-immobilier\/","title":{"rendered":"Secteur immobilier"},"content":{"rendered":"\t\t<div data-elementor-type=\"wp-page\" data-elementor-id=\"10886\" class=\"elementor elementor-10886 elementor-5986\" data-elementor-post-type=\"page\">\n\t\t\t\t\t\t<section class=\"elementor-section elementor-top-section elementor-element elementor-element-5861a17 elementor-section-full_width elementor-section-stretched elementor-section-height-default elementor-section-height-default\" data-id=\"5861a17\" data-element_type=\"section\" data-settings=\"{&quot;stretch_section&quot;:&quot;section-stretched&quot;,&quot;background_background&quot;:&quot;classic&quot;}\">\n\t\t\t\t\t\t\t<div class=\"elementor-background-overlay\"><\/div>\n\t\t\t\t\t\t\t<div class=\"elementor-container elementor-column-gap-default\">\n\t\t\t\t\t<div class=\"elementor-column elementor-col-100 elementor-top-column elementor-element elementor-element-ea42bdb\" data-id=\"ea42bdb\" data-element_type=\"column\">\n\t\t\t<div class=\"elementor-widget-wrap elementor-element-populated\">\n\t\t\t\t\t\t<div class=\"elementor-element elementor-element-8924fce elementor-widget elementor-widget-heading\" data-id=\"8924fce\" data-element_type=\"widget\" data-widget_type=\"heading.default\">\n\t\t\t\t<div class=\"elementor-widget-container\">\n\t\t\t\t\t<h2 class=\"elementor-heading-title elementor-size-default\"><b>Immobilier<\/b><\/h2>\t\t\t\t<\/div>\n\t\t\t\t<\/div>\n\t\t\t\t\t<\/div>\n\t\t<\/div>\n\t\t\t\t\t<\/div>\n\t\t<\/section>\n\t\t<div class=\"elementor-element elementor-element-f9d73ba e-flex e-con-boxed e-con e-parent\" data-id=\"f9d73ba\" data-element_type=\"container\">\n\t\t\t\t\t<div class=\"e-con-inner\">\n\t\t<div class=\"elementor-element elementor-element-da85702 e-con-full e-flex e-con e-child\" data-id=\"da85702\" data-element_type=\"container\">\n\t\t\t\t<div class=\"elementor-element elementor-element-9061372 elementor-widget elementor-widget-text-editor\" data-id=\"9061372\" data-element_type=\"widget\" data-widget_type=\"text-editor.default\">\n\t\t\t\t<div class=\"elementor-widget-container\">\n\t\t\t\t\t\t\t\t\t<h6>Le travail de martinsdelima dans le secteur <strong>immobilier<\/strong> se concentre sur l&rsquo;<strong>analyse technico-\u00e9conomique des actifs, des contrats et des op\u00e9rations<\/strong> qui n\u00e9cessitent une \u00e9valuation ind\u00e9pendante rigoureuse.<\/h6><h6>Ce travail combine la v\u00e9rification documentaire, l&rsquo;analyse technique, la r\u00e9vision financi\u00e8re et la mod\u00e9lisation \u00e9conomique afin d&rsquo;apporter des conclusions solides et d\u00e9fendables dans des contextes de <strong>litige, d&rsquo;arbitrage, de n\u00e9gociation, d&rsquo;audit interne ou de prise de d\u00e9cisions strat\u00e9giques<\/strong>. <\/h6><h6>Notre exp\u00e9rience couvre aussi bien les contrats de <strong>location, de cession-bail et d&rsquo;am\u00e9nagement de locaux commerciaux<\/strong> que les d\u00e9veloppements r\u00e9sidentiels, les espaces de <em>coworking<\/em>, les installations sportives, les structures SPV de promotion, les centres logistiques et les portefeuilles g\u00e9r\u00e9s par des gestionnaires d&rsquo;actifs.<\/h6><h6><strong> <\/strong><\/h6><h6><strong>Rapports d\u2019expertise technique<\/strong><\/h6><h6>Dans le domaine technique, nous \u00e9valuons l&rsquo;ad\u00e9quation technique des locaux, des bureaux, des centres sportifs, des b\u00e2timents en r\u00e9habilitation et des projets en cours, en examinant la documentation technique, les budgets, les certifications, les calendriers et le respect des normes applicables.<\/h6><h6>Nous comparons ce qui a \u00e9t\u00e9 ex\u00e9cut\u00e9 avec ce qui a \u00e9t\u00e9 contract\u00e9, nous identifions les \u00e9carts de construction et nous examinons si le bien immobilier r\u00e9unit les conditions n\u00e9cessaires \u00e0 son utilisation, \u00e0 sa location ou \u00e0 son exploitation.<\/h6><h6><strong> <\/strong><\/h6><h6><strong>Rapports d\u2019expertise \u00e9conomique<\/strong><\/h6><h6>Dans le domaine \u00e9conomique et financier, nous r\u00e9alisons des <strong>analyses d\u00e9taill\u00e9es des investissements, des plans d&rsquo;affaires, des rentabilit\u00e9s attendues et des \u00e9carts par rapport aux pr\u00e9visions.<\/strong><\/h6><h6>Nous \u00e9valuons les actifs et les projets au moyen de m\u00e9thodologies DCF, de mod\u00e8les de revenus, d&rsquo;analyses comparatives et d&rsquo;examen des indicateurs du secteur.<\/h6><h6>Nous quantifions les dommages d\u00e9coulant de <strong>retards de travaux, d&rsquo;annulation de projets, de pertes de clients, de d\u00e9fauts d&rsquo;adaptation du bien immobilier<\/strong>, de <strong>modifications des conditions d&rsquo;exploitation ou de manquements contractuels<\/strong>.<\/h6><h6>Nous \u00e9valuons \u00e9galement la coh\u00e9rence entre les pr\u00e9visions d&rsquo;exploitation et le comportement r\u00e9el de l&rsquo;actif, nous v\u00e9rifions les calculs d&rsquo;<em>earn-outs<\/em>, nous \u00e9tudions les portefeuilles immobiliers et nous examinons la rentabilit\u00e9 des promotions, des portefeuilles ou des lignes d&rsquo;activit\u00e9 li\u00e9es \u00e0 la gestion immobili\u00e8re.<\/h6>\t\t\t\t\t\t\t\t<\/div>\n\t\t\t\t<\/div>\n\t\t\t\t<\/div>\n\t\t\t\t\t<\/div>\n\t\t\t\t<\/div>\n\t\t\t\t<\/div>\n\t\t","protected":false},"excerpt":{"rendered":"<p>Immobilier Le travail de martinsdelima dans le secteur immobilier se concentre sur l&rsquo;analyse technico-\u00e9conomique des actifs, des contrats et des op\u00e9rations qui n\u00e9cessitent une \u00e9valuation ind\u00e9pendante rigoureuse. Ce travail combine la v\u00e9rification documentaire, l&rsquo;analyse technique, la r\u00e9vision financi\u00e8re et la mod\u00e9lisation \u00e9conomique afin d&rsquo;apporter des conclusions solides et d\u00e9fendables dans [&hellip;]<\/p>\n","protected":false},"author":1,"featured_media":0,"parent":0,"menu_order":0,"comment_status":"closed","ping_status":"closed","template":"page-templates\/template-pagebuilder-full-width.php","meta":{"footnotes":""},"class_list":["post-10886","page","type-page","status-publish","hentry"],"yoast_head":"<!-- This site is optimized with the Yoast SEO plugin v26.4 - https:\/\/yoast.com\/wordpress\/plugins\/seo\/ -->\n<title>Secteur immobilier - Martinsdelima<\/title>\n<meta name=\"robots\" content=\"index, follow, max-snippet:-1, max-image-preview:large, max-video-preview:-1\" \/>\n<link rel=\"canonical\" href=\"https:\/\/www.martinsdelima.com\/fr\/secteur-immobilier\/\" \/>\n<meta property=\"og:locale\" content=\"fr_FR\" \/>\n<meta property=\"og:type\" content=\"article\" \/>\n<meta property=\"og:title\" content=\"Secteur immobilier - Martinsdelima\" \/>\n<meta property=\"og:description\" content=\"Immobilier Le travail de martinsdelima dans le secteur immobilier se concentre sur l&rsquo;analyse technico-\u00e9conomique des actifs, des contrats et des op\u00e9rations qui n\u00e9cessitent une \u00e9valuation ind\u00e9pendante rigoureuse. Ce travail combine la v\u00e9rification documentaire, l&rsquo;analyse technique, la r\u00e9vision financi\u00e8re et la mod\u00e9lisation \u00e9conomique afin d&rsquo;apporter des conclusions solides et d\u00e9fendables dans [&hellip;]\" \/>\n<meta property=\"og:url\" content=\"https:\/\/www.martinsdelima.com\/fr\/secteur-immobilier\/\" \/>\n<meta property=\"og:site_name\" content=\"Martinsdelima\" \/>\n<meta property=\"article:modified_time\" content=\"2026-02-12T10:45:19+00:00\" \/>\n<meta name=\"twitter:card\" content=\"summary_large_image\" \/>\n<meta name=\"twitter:label1\" content=\"Dur\u00e9e de lecture estim\u00e9e\" \/>\n\t<meta name=\"twitter:data1\" content=\"2 minutes\" \/>\n<script type=\"application\/ld+json\" class=\"yoast-schema-graph\">{\"@context\":\"https:\/\/schema.org\",\"@graph\":[{\"@type\":\"WebPage\",\"@id\":\"https:\/\/www.martinsdelima.com\/fr\/secteur-immobilier\/\",\"url\":\"https:\/\/www.martinsdelima.com\/fr\/secteur-immobilier\/\",\"name\":\"Secteur immobilier - Martinsdelima\",\"isPartOf\":{\"@id\":\"https:\/\/www.martinsdelima.com\/fr\/#website\"},\"datePublished\":\"2025-11-20T17:59:18+00:00\",\"dateModified\":\"2026-02-12T10:45:19+00:00\",\"breadcrumb\":{\"@id\":\"https:\/\/www.martinsdelima.com\/fr\/secteur-immobilier\/#breadcrumb\"},\"inLanguage\":\"fr-FR\",\"potentialAction\":[{\"@type\":\"ReadAction\",\"target\":[\"https:\/\/www.martinsdelima.com\/fr\/secteur-immobilier\/\"]}]},{\"@type\":\"BreadcrumbList\",\"@id\":\"https:\/\/www.martinsdelima.com\/fr\/secteur-immobilier\/#breadcrumb\",\"itemListElement\":[{\"@type\":\"ListItem\",\"position\":1,\"name\":\"Page d'accueil\",\"item\":\"https:\/\/www.martinsdelima.com\/fr\/accueil\/\"},{\"@type\":\"ListItem\",\"position\":2,\"name\":\"Secteur immobilier\"}]},{\"@type\":\"WebSite\",\"@id\":\"https:\/\/www.martinsdelima.com\/fr\/#website\",\"url\":\"https:\/\/www.martinsdelima.com\/fr\/\",\"name\":\"Martinsdelima\",\"description\":\"Forensic&amp;Finance\",\"publisher\":{\"@id\":\"https:\/\/www.martinsdelima.com\/fr\/#organization\"},\"potentialAction\":[{\"@type\":\"SearchAction\",\"target\":{\"@type\":\"EntryPoint\",\"urlTemplate\":\"https:\/\/www.martinsdelima.com\/fr\/?s={search_term_string}\"},\"query-input\":{\"@type\":\"PropertyValueSpecification\",\"valueRequired\":true,\"valueName\":\"search_term_string\"}}],\"inLanguage\":\"fr-FR\"},{\"@type\":\"Organization\",\"@id\":\"https:\/\/www.martinsdelima.com\/fr\/#organization\",\"name\":\"Martinsdelima\",\"url\":\"https:\/\/www.martinsdelima.com\/fr\/\",\"logo\":{\"@type\":\"ImageObject\",\"inLanguage\":\"fr-FR\",\"@id\":\"https:\/\/www.martinsdelima.com\/fr\/#\/schema\/logo\/image\/\",\"url\":\"https:\/\/mligy6wbr5rs.i.optimole.com\/w:auto\/h:auto\/q:mauto\/f:best\/https:\/\/www.martinsdelima.com\/wp-content\/uploads\/2025\/10\/martinsdelima-letras-claras-horizontal.png\",\"contentUrl\":\"https:\/\/mligy6wbr5rs.i.optimole.com\/w:auto\/h:auto\/q:mauto\/f:best\/https:\/\/www.martinsdelima.com\/wp-content\/uploads\/2025\/10\/martinsdelima-letras-claras-horizontal.png\",\"width\":1315,\"height\":217,\"caption\":\"Martinsdelima\"},\"image\":{\"@id\":\"https:\/\/www.martinsdelima.com\/fr\/#\/schema\/logo\/image\/\"}}]}<\/script>\n<!-- \/ Yoast SEO plugin. -->","yoast_head_json":{"title":"Secteur immobilier - Martinsdelima","robots":{"index":"index","follow":"follow","max-snippet":"max-snippet:-1","max-image-preview":"max-image-preview:large","max-video-preview":"max-video-preview:-1"},"canonical":"https:\/\/www.martinsdelima.com\/fr\/secteur-immobilier\/","og_locale":"fr_FR","og_type":"article","og_title":"Secteur immobilier - Martinsdelima","og_description":"Immobilier Le travail de martinsdelima dans le secteur immobilier se concentre sur l&rsquo;analyse technico-\u00e9conomique des actifs, des contrats et des op\u00e9rations qui n\u00e9cessitent une \u00e9valuation ind\u00e9pendante rigoureuse. Ce travail combine la v\u00e9rification documentaire, l&rsquo;analyse technique, la r\u00e9vision financi\u00e8re et la mod\u00e9lisation \u00e9conomique afin d&rsquo;apporter des conclusions solides et d\u00e9fendables dans [&hellip;]","og_url":"https:\/\/www.martinsdelima.com\/fr\/secteur-immobilier\/","og_site_name":"Martinsdelima","article_modified_time":"2026-02-12T10:45:19+00:00","twitter_card":"summary_large_image","twitter_misc":{"Dur\u00e9e de lecture estim\u00e9e":"2 minutes"},"schema":{"@context":"https:\/\/schema.org","@graph":[{"@type":"WebPage","@id":"https:\/\/www.martinsdelima.com\/fr\/secteur-immobilier\/","url":"https:\/\/www.martinsdelima.com\/fr\/secteur-immobilier\/","name":"Secteur immobilier - Martinsdelima","isPartOf":{"@id":"https:\/\/www.martinsdelima.com\/fr\/#website"},"datePublished":"2025-11-20T17:59:18+00:00","dateModified":"2026-02-12T10:45:19+00:00","breadcrumb":{"@id":"https:\/\/www.martinsdelima.com\/fr\/secteur-immobilier\/#breadcrumb"},"inLanguage":"fr-FR","potentialAction":[{"@type":"ReadAction","target":["https:\/\/www.martinsdelima.com\/fr\/secteur-immobilier\/"]}]},{"@type":"BreadcrumbList","@id":"https:\/\/www.martinsdelima.com\/fr\/secteur-immobilier\/#breadcrumb","itemListElement":[{"@type":"ListItem","position":1,"name":"Page d'accueil","item":"https:\/\/www.martinsdelima.com\/fr\/accueil\/"},{"@type":"ListItem","position":2,"name":"Secteur immobilier"}]},{"@type":"WebSite","@id":"https:\/\/www.martinsdelima.com\/fr\/#website","url":"https:\/\/www.martinsdelima.com\/fr\/","name":"Martinsdelima","description":"Forensic&amp;Finance","publisher":{"@id":"https:\/\/www.martinsdelima.com\/fr\/#organization"},"potentialAction":[{"@type":"SearchAction","target":{"@type":"EntryPoint","urlTemplate":"https:\/\/www.martinsdelima.com\/fr\/?s={search_term_string}"},"query-input":{"@type":"PropertyValueSpecification","valueRequired":true,"valueName":"search_term_string"}}],"inLanguage":"fr-FR"},{"@type":"Organization","@id":"https:\/\/www.martinsdelima.com\/fr\/#organization","name":"Martinsdelima","url":"https:\/\/www.martinsdelima.com\/fr\/","logo":{"@type":"ImageObject","inLanguage":"fr-FR","@id":"https:\/\/www.martinsdelima.com\/fr\/#\/schema\/logo\/image\/","url":"https:\/\/mligy6wbr5rs.i.optimole.com\/w:auto\/h:auto\/q:mauto\/f:best\/https:\/\/www.martinsdelima.com\/wp-content\/uploads\/2025\/10\/martinsdelima-letras-claras-horizontal.png","contentUrl":"https:\/\/mligy6wbr5rs.i.optimole.com\/w:auto\/h:auto\/q:mauto\/f:best\/https:\/\/www.martinsdelima.com\/wp-content\/uploads\/2025\/10\/martinsdelima-letras-claras-horizontal.png","width":1315,"height":217,"caption":"Martinsdelima"},"image":{"@id":"https:\/\/www.martinsdelima.com\/fr\/#\/schema\/logo\/image\/"}}]}},"_links":{"self":[{"href":"https:\/\/www.martinsdelima.com\/fr\/wp-json\/wp\/v2\/pages\/10886","targetHints":{"allow":["GET"]}}],"collection":[{"href":"https:\/\/www.martinsdelima.com\/fr\/wp-json\/wp\/v2\/pages"}],"about":[{"href":"https:\/\/www.martinsdelima.com\/fr\/wp-json\/wp\/v2\/types\/page"}],"author":[{"embeddable":true,"href":"https:\/\/www.martinsdelima.com\/fr\/wp-json\/wp\/v2\/users\/1"}],"replies":[{"embeddable":true,"href":"https:\/\/www.martinsdelima.com\/fr\/wp-json\/wp\/v2\/comments?post=10886"}],"version-history":[{"count":2,"href":"https:\/\/www.martinsdelima.com\/fr\/wp-json\/wp\/v2\/pages\/10886\/revisions"}],"predecessor-version":[{"id":11762,"href":"https:\/\/www.martinsdelima.com\/fr\/wp-json\/wp\/v2\/pages\/10886\/revisions\/11762"}],"wp:attachment":[{"href":"https:\/\/www.martinsdelima.com\/fr\/wp-json\/wp\/v2\/media?parent=10886"}],"curies":[{"name":"wp","href":"https:\/\/api.w.org\/{rel}","templated":true}]}}