{"id":10899,"date":"2025-11-13T19:36:04","date_gmt":"2025-11-13T19:36:04","guid":{"rendered":"https:\/\/www.martinsdelima.com\/secteur-des-sports\/"},"modified":"2026-02-12T10:38:20","modified_gmt":"2026-02-12T10:38:20","slug":"secteur-des-sports","status":"publish","type":"page","link":"https:\/\/www.martinsdelima.com\/fr\/secteur-des-sports\/","title":{"rendered":"Secteur des sports"},"content":{"rendered":"\t\t<div data-elementor-type=\"wp-page\" data-elementor-id=\"10899\" class=\"elementor elementor-10899 elementor-5984\" data-elementor-post-type=\"page\">\n\t\t\t\t\t\t<section class=\"elementor-section elementor-top-section elementor-element elementor-element-5861a17 elementor-section-full_width elementor-section-stretched elementor-section-height-default elementor-section-height-default\" data-id=\"5861a17\" data-element_type=\"section\" data-settings=\"{&quot;stretch_section&quot;:&quot;section-stretched&quot;,&quot;background_background&quot;:&quot;classic&quot;}\">\n\t\t\t\t\t\t\t<div class=\"elementor-background-overlay\"><\/div>\n\t\t\t\t\t\t\t<div class=\"elementor-container elementor-column-gap-default\">\n\t\t\t\t\t<div class=\"elementor-column elementor-col-100 elementor-top-column elementor-element elementor-element-ea42bdb\" data-id=\"ea42bdb\" data-element_type=\"column\">\n\t\t\t<div class=\"elementor-widget-wrap elementor-element-populated\">\n\t\t\t\t\t\t<div class=\"elementor-element elementor-element-8924fce elementor-widget elementor-widget-heading\" data-id=\"8924fce\" data-element_type=\"widget\" data-widget_type=\"heading.default\">\n\t\t\t\t<div class=\"elementor-widget-container\">\n\t\t\t\t\t<h2 class=\"elementor-heading-title elementor-size-default\"><b>Sports<\/b><\/h2>\t\t\t\t<\/div>\n\t\t\t\t<\/div>\n\t\t\t\t\t<\/div>\n\t\t<\/div>\n\t\t\t\t\t<\/div>\n\t\t<\/section>\n\t\t<div class=\"elementor-element elementor-element-71ed656 e-flex e-con-boxed e-con e-parent\" data-id=\"71ed656\" data-element_type=\"container\">\n\t\t\t\t\t<div class=\"e-con-inner\">\n\t\t<div class=\"elementor-element elementor-element-9596b5a e-con-full e-flex e-con e-child\" data-id=\"9596b5a\" data-element_type=\"container\">\n\t\t\t\t<div class=\"elementor-element elementor-element-ff671cf elementor-widget elementor-widget-text-editor\" data-id=\"ff671cf\" data-element_type=\"widget\" data-widget_type=\"text-editor.default\">\n\t\t\t\t<div class=\"elementor-widget-container\">\n\t\t\t\t\t\t\t\t\t<h6>Le secteur sportif combine des \u00e9l\u00e9ments \u00e9conomiques, contractuels et de performance qui n\u00e9cessitent une approche diff\u00e9rente de celle de toute autre industrie. Dans ce domaine, nous analysons les mod\u00e8les d\u2019exploitation, les structures de revenus, les droits audiovisuels et commerciaux, ainsi que l\u2019ad\u00e9quation r\u00e9glementaire des op\u00e9rations des clubs, des f\u00e9d\u00e9rations et des ligues. Notre travail permet d\u2019interpr\u00e9ter avec pr\u00e9cision la dimension \u00e9conomique des d\u00e9cisions strat\u00e9giques, des litiges r\u00e9glementaires, des d\u00e9saccords contractuels ou des proc\u00e9dures d\u2019arbitrage.  <\/h6><h6><\/h6><h6><\/h6><h6><\/h6><h6><strong> <\/strong><\/h6><h6><strong>Rapports d\u2019expertise \u00e9conomique<\/strong><\/h6><h6>Une partie essentielle de notre activit\u00e9 consiste \u00e0 \u00e9valuer les joueurs de premi\u00e8re division, \u00e0 \u00e9tudier l\u2019image et la marque tant des sportifs que des entit\u00e9s sportives et \u00e0 examiner la situation financi\u00e8re des clubs dans diff\u00e9rentes divisions. <\/h6><h6>Nous \u00e9valuons l\u2019incidence de la position dans la comp\u00e9tition sur l\u2019\u00e9quilibre \u00e9conomique des organisations, et nous analysons la performance des entra\u00eeneurs et des joueurs en la comparant aux ressources employ\u00e9es, aux objectifs sportifs fix\u00e9s et aux normes du secteur.<\/h6><h6><\/h6><h6><b><br><\/b><b>Rapports d\u2019expertise en mati\u00e8re de concurrence<\/b><\/h6><h6>Nous collaborons avec des clubs, des organismes sportifs, des promoteurs, des sponsors et des agences qui ont besoin de rapports ind\u00e9pendants et hautement sp\u00e9cialis\u00e9s. L\u2019exp\u00e9rience acquise dans les comp\u00e9titions professionnelles, les structures f\u00e9d\u00e9ratives et les projets institutionnels nous permet de proposer des analyses qui combinent \u00e9conomie, technique et performance dans un environnement en constante transformation. <\/h6><div><h6>Nous avons r\u00e9alis\u00e9 des \u00e9tudes pour \u00e9valuer la valeur de la retransmission de la Liga ou de la Ligue des Champions pour les entreprises de m\u00e9dias audiovisuels.<\/h6><\/div><div><\/div><h6><strong> <\/strong><\/h6><h6><strong>Rapports d\u2019expertise en droit du travail<\/strong><br>Aujourd\u2019hui, les clubs sportifs doivent veiller \u00e0 l\u2019\u00e9quilibre \u00e9conomique pour pouvoir continuer \u00e0 offrir le meilleur spectacle \u00e0 leurs supporters. C\u2019est pourquoi, dans de nombreux cas, les clubs doivent proc\u00e9der \u00e0 des restructurations et\/ou \u00e0 des modifications de la r\u00e9mun\u00e9ration des joueurs. martinsdelima r\u00e9alise des rapports pour atteindre ces objectifs.  <\/h6><div><h6><strong> <\/strong><\/h6><h6><strong>\u00c9valuations<\/strong><\/h6><h6>Nous r\u00e9alisons des \u00e9valuations de joueurs en tenant compte de mani\u00e8re exhaustive de tous les param\u00e8tres qui influent sur leur \u00e9valuation, des joueurs au profil similaire et des transferts r\u00e9cents.<\/h6><div><\/div><\/div>\t\t\t\t\t\t\t\t<\/div>\n\t\t\t\t<\/div>\n\t\t\t\t<\/div>\n\t\t\t\t\t<\/div>\n\t\t\t\t<\/div>\n\t\t\t\t<\/div>\n\t\t","protected":false},"excerpt":{"rendered":"<p>Sports Le secteur sportif combine des \u00e9l\u00e9ments \u00e9conomiques, contractuels et de performance qui n\u00e9cessitent une approche diff\u00e9rente de celle de toute autre industrie. Dans ce domaine, nous analysons les mod\u00e8les d\u2019exploitation, les structures de revenus, les droits audiovisuels et commerciaux, ainsi que l\u2019ad\u00e9quation r\u00e9glementaire des op\u00e9rations des clubs, des f\u00e9d\u00e9rations [&hellip;]<\/p>\n","protected":false},"author":1,"featured_media":0,"parent":0,"menu_order":0,"comment_status":"closed","ping_status":"closed","template":"page-templates\/template-pagebuilder-full-width.php","meta":{"footnotes":""},"class_list":["post-10899","page","type-page","status-publish","hentry"],"yoast_head":"<!-- This site is optimized with the Yoast SEO plugin v26.4 - https:\/\/yoast.com\/wordpress\/plugins\/seo\/ -->\n<title>Secteur des sports - Martinsdelima<\/title>\n<meta name=\"robots\" content=\"index, follow, max-snippet:-1, max-image-preview:large, max-video-preview:-1\" \/>\n<link rel=\"canonical\" href=\"https:\/\/www.martinsdelima.com\/fr\/secteur-des-sports\/\" \/>\n<meta property=\"og:locale\" content=\"fr_FR\" \/>\n<meta property=\"og:type\" content=\"article\" \/>\n<meta property=\"og:title\" content=\"Secteur des sports - Martinsdelima\" \/>\n<meta property=\"og:description\" content=\"Sports Le secteur sportif combine des \u00e9l\u00e9ments \u00e9conomiques, contractuels et de performance qui n\u00e9cessitent une approche diff\u00e9rente de celle de toute autre industrie. Dans ce domaine, nous analysons les mod\u00e8les d\u2019exploitation, les structures de revenus, les droits audiovisuels et commerciaux, ainsi que l\u2019ad\u00e9quation r\u00e9glementaire des op\u00e9rations des clubs, des f\u00e9d\u00e9rations [&hellip;]\" \/>\n<meta property=\"og:url\" content=\"https:\/\/www.martinsdelima.com\/fr\/secteur-des-sports\/\" \/>\n<meta property=\"og:site_name\" content=\"Martinsdelima\" \/>\n<meta property=\"article:modified_time\" content=\"2026-02-12T10:38:20+00:00\" \/>\n<meta name=\"twitter:card\" content=\"summary_large_image\" \/>\n<meta name=\"twitter:label1\" content=\"Dur\u00e9e de lecture estim\u00e9e\" \/>\n\t<meta name=\"twitter:data1\" content=\"2 minutes\" \/>\n<script type=\"application\/ld+json\" class=\"yoast-schema-graph\">{\"@context\":\"https:\/\/schema.org\",\"@graph\":[{\"@type\":\"WebPage\",\"@id\":\"https:\/\/www.martinsdelima.com\/fr\/secteur-des-sports\/\",\"url\":\"https:\/\/www.martinsdelima.com\/fr\/secteur-des-sports\/\",\"name\":\"Secteur des sports - Martinsdelima\",\"isPartOf\":{\"@id\":\"https:\/\/www.martinsdelima.com\/fr\/#website\"},\"datePublished\":\"2025-11-13T19:36:04+00:00\",\"dateModified\":\"2026-02-12T10:38:20+00:00\",\"breadcrumb\":{\"@id\":\"https:\/\/www.martinsdelima.com\/fr\/secteur-des-sports\/#breadcrumb\"},\"inLanguage\":\"fr-FR\",\"potentialAction\":[{\"@type\":\"ReadAction\",\"target\":[\"https:\/\/www.martinsdelima.com\/fr\/secteur-des-sports\/\"]}]},{\"@type\":\"BreadcrumbList\",\"@id\":\"https:\/\/www.martinsdelima.com\/fr\/secteur-des-sports\/#breadcrumb\",\"itemListElement\":[{\"@type\":\"ListItem\",\"position\":1,\"name\":\"Page d'accueil\",\"item\":\"https:\/\/www.martinsdelima.com\/fr\/accueil\/\"},{\"@type\":\"ListItem\",\"position\":2,\"name\":\"Secteur des sports\"}]},{\"@type\":\"WebSite\",\"@id\":\"https:\/\/www.martinsdelima.com\/fr\/#website\",\"url\":\"https:\/\/www.martinsdelima.com\/fr\/\",\"name\":\"Martinsdelima\",\"description\":\"Forensic&amp;Finance\",\"publisher\":{\"@id\":\"https:\/\/www.martinsdelima.com\/fr\/#organization\"},\"potentialAction\":[{\"@type\":\"SearchAction\",\"target\":{\"@type\":\"EntryPoint\",\"urlTemplate\":\"https:\/\/www.martinsdelima.com\/fr\/?s={search_term_string}\"},\"query-input\":{\"@type\":\"PropertyValueSpecification\",\"valueRequired\":true,\"valueName\":\"search_term_string\"}}],\"inLanguage\":\"fr-FR\"},{\"@type\":\"Organization\",\"@id\":\"https:\/\/www.martinsdelima.com\/fr\/#organization\",\"name\":\"Martinsdelima\",\"url\":\"https:\/\/www.martinsdelima.com\/fr\/\",\"logo\":{\"@type\":\"ImageObject\",\"inLanguage\":\"fr-FR\",\"@id\":\"https:\/\/www.martinsdelima.com\/fr\/#\/schema\/logo\/image\/\",\"url\":\"https:\/\/mligy6wbr5rs.i.optimole.com\/w:auto\/h:auto\/q:mauto\/f:best\/https:\/\/www.martinsdelima.com\/wp-content\/uploads\/2025\/10\/martinsdelima-letras-claras-horizontal.png\",\"contentUrl\":\"https:\/\/mligy6wbr5rs.i.optimole.com\/w:auto\/h:auto\/q:mauto\/f:best\/https:\/\/www.martinsdelima.com\/wp-content\/uploads\/2025\/10\/martinsdelima-letras-claras-horizontal.png\",\"width\":1315,\"height\":217,\"caption\":\"Martinsdelima\"},\"image\":{\"@id\":\"https:\/\/www.martinsdelima.com\/fr\/#\/schema\/logo\/image\/\"}}]}<\/script>\n<!-- \/ Yoast SEO plugin. -->","yoast_head_json":{"title":"Secteur des sports - Martinsdelima","robots":{"index":"index","follow":"follow","max-snippet":"max-snippet:-1","max-image-preview":"max-image-preview:large","max-video-preview":"max-video-preview:-1"},"canonical":"https:\/\/www.martinsdelima.com\/fr\/secteur-des-sports\/","og_locale":"fr_FR","og_type":"article","og_title":"Secteur des sports - Martinsdelima","og_description":"Sports Le secteur sportif combine des \u00e9l\u00e9ments \u00e9conomiques, contractuels et de performance qui n\u00e9cessitent une approche diff\u00e9rente de celle de toute autre industrie. Dans ce domaine, nous analysons les mod\u00e8les d\u2019exploitation, les structures de revenus, les droits audiovisuels et commerciaux, ainsi que l\u2019ad\u00e9quation r\u00e9glementaire des op\u00e9rations des clubs, des f\u00e9d\u00e9rations [&hellip;]","og_url":"https:\/\/www.martinsdelima.com\/fr\/secteur-des-sports\/","og_site_name":"Martinsdelima","article_modified_time":"2026-02-12T10:38:20+00:00","twitter_card":"summary_large_image","twitter_misc":{"Dur\u00e9e de lecture estim\u00e9e":"2 minutes"},"schema":{"@context":"https:\/\/schema.org","@graph":[{"@type":"WebPage","@id":"https:\/\/www.martinsdelima.com\/fr\/secteur-des-sports\/","url":"https:\/\/www.martinsdelima.com\/fr\/secteur-des-sports\/","name":"Secteur des sports - Martinsdelima","isPartOf":{"@id":"https:\/\/www.martinsdelima.com\/fr\/#website"},"datePublished":"2025-11-13T19:36:04+00:00","dateModified":"2026-02-12T10:38:20+00:00","breadcrumb":{"@id":"https:\/\/www.martinsdelima.com\/fr\/secteur-des-sports\/#breadcrumb"},"inLanguage":"fr-FR","potentialAction":[{"@type":"ReadAction","target":["https:\/\/www.martinsdelima.com\/fr\/secteur-des-sports\/"]}]},{"@type":"BreadcrumbList","@id":"https:\/\/www.martinsdelima.com\/fr\/secteur-des-sports\/#breadcrumb","itemListElement":[{"@type":"ListItem","position":1,"name":"Page d'accueil","item":"https:\/\/www.martinsdelima.com\/fr\/accueil\/"},{"@type":"ListItem","position":2,"name":"Secteur des sports"}]},{"@type":"WebSite","@id":"https:\/\/www.martinsdelima.com\/fr\/#website","url":"https:\/\/www.martinsdelima.com\/fr\/","name":"Martinsdelima","description":"Forensic&amp;Finance","publisher":{"@id":"https:\/\/www.martinsdelima.com\/fr\/#organization"},"potentialAction":[{"@type":"SearchAction","target":{"@type":"EntryPoint","urlTemplate":"https:\/\/www.martinsdelima.com\/fr\/?s={search_term_string}"},"query-input":{"@type":"PropertyValueSpecification","valueRequired":true,"valueName":"search_term_string"}}],"inLanguage":"fr-FR"},{"@type":"Organization","@id":"https:\/\/www.martinsdelima.com\/fr\/#organization","name":"Martinsdelima","url":"https:\/\/www.martinsdelima.com\/fr\/","logo":{"@type":"ImageObject","inLanguage":"fr-FR","@id":"https:\/\/www.martinsdelima.com\/fr\/#\/schema\/logo\/image\/","url":"https:\/\/mligy6wbr5rs.i.optimole.com\/w:auto\/h:auto\/q:mauto\/f:best\/https:\/\/www.martinsdelima.com\/wp-content\/uploads\/2025\/10\/martinsdelima-letras-claras-horizontal.png","contentUrl":"https:\/\/mligy6wbr5rs.i.optimole.com\/w:auto\/h:auto\/q:mauto\/f:best\/https:\/\/www.martinsdelima.com\/wp-content\/uploads\/2025\/10\/martinsdelima-letras-claras-horizontal.png","width":1315,"height":217,"caption":"Martinsdelima"},"image":{"@id":"https:\/\/www.martinsdelima.com\/fr\/#\/schema\/logo\/image\/"}}]}},"_links":{"self":[{"href":"https:\/\/www.martinsdelima.com\/fr\/wp-json\/wp\/v2\/pages\/10899","targetHints":{"allow":["GET"]}}],"collection":[{"href":"https:\/\/www.martinsdelima.com\/fr\/wp-json\/wp\/v2\/pages"}],"about":[{"href":"https:\/\/www.martinsdelima.com\/fr\/wp-json\/wp\/v2\/types\/page"}],"author":[{"embeddable":true,"href":"https:\/\/www.martinsdelima.com\/fr\/wp-json\/wp\/v2\/users\/1"}],"replies":[{"embeddable":true,"href":"https:\/\/www.martinsdelima.com\/fr\/wp-json\/wp\/v2\/comments?post=10899"}],"version-history":[{"count":2,"href":"https:\/\/www.martinsdelima.com\/fr\/wp-json\/wp\/v2\/pages\/10899\/revisions"}],"predecessor-version":[{"id":11732,"href":"https:\/\/www.martinsdelima.com\/fr\/wp-json\/wp\/v2\/pages\/10899\/revisions\/11732"}],"wp:attachment":[{"href":"https:\/\/www.martinsdelima.com\/fr\/wp-json\/wp\/v2\/media?parent=10899"}],"curies":[{"name":"wp","href":"https:\/\/api.w.org\/{rel}","templated":true}]}}