{"id":10904,"date":"2025-11-13T19:35:06","date_gmt":"2025-11-13T19:35:06","guid":{"rendered":"https:\/\/www.martinsdelima.com\/secteur-des-franchises-et-des-agents\/"},"modified":"2026-02-12T10:38:51","modified_gmt":"2026-02-12T10:38:51","slug":"secteur-des-franchises-et-des-agents","status":"publish","type":"page","link":"https:\/\/www.martinsdelima.com\/fr\/secteur-des-franchises-et-des-agents\/","title":{"rendered":"Secteur des franchises et des agents"},"content":{"rendered":"\t\t<div data-elementor-type=\"wp-page\" data-elementor-id=\"10904\" class=\"elementor elementor-10904 elementor-5991\" data-elementor-post-type=\"page\">\n\t\t\t\t\t\t<section class=\"elementor-section elementor-top-section elementor-element elementor-element-5861a17 elementor-section-full_width elementor-section-stretched elementor-section-height-default elementor-section-height-default\" data-id=\"5861a17\" data-element_type=\"section\" data-settings=\"{&quot;stretch_section&quot;:&quot;section-stretched&quot;,&quot;background_background&quot;:&quot;classic&quot;}\">\n\t\t\t\t\t\t\t<div class=\"elementor-background-overlay\"><\/div>\n\t\t\t\t\t\t\t<div class=\"elementor-container elementor-column-gap-default\">\n\t\t\t\t\t<div class=\"elementor-column elementor-col-100 elementor-top-column elementor-element elementor-element-ea42bdb\" data-id=\"ea42bdb\" data-element_type=\"column\">\n\t\t\t<div class=\"elementor-widget-wrap elementor-element-populated\">\n\t\t\t\t\t\t<div class=\"elementor-element elementor-element-8924fce elementor-widget elementor-widget-heading\" data-id=\"8924fce\" data-element_type=\"widget\" data-widget_type=\"heading.default\">\n\t\t\t\t<div class=\"elementor-widget-container\">\n\t\t\t\t\t<h2 class=\"elementor-heading-title elementor-size-default\"><b>Franchises et agents<\/b><\/h2>\t\t\t\t<\/div>\n\t\t\t\t<\/div>\n\t\t\t\t\t<\/div>\n\t\t<\/div>\n\t\t\t\t\t<\/div>\n\t\t<\/section>\n\t\t<div class=\"elementor-element elementor-element-c3eae65 e-flex e-con-boxed e-con e-parent\" data-id=\"c3eae65\" data-element_type=\"container\">\n\t\t\t\t\t<div class=\"e-con-inner\">\n\t\t<div class=\"elementor-element elementor-element-acaadd0 e-con-full e-flex e-con e-child\" data-id=\"acaadd0\" data-element_type=\"container\">\n\t\t\t\t<div class=\"elementor-element elementor-element-4749e2b elementor-widget elementor-widget-text-editor\" data-id=\"4749e2b\" data-element_type=\"widget\" data-widget_type=\"text-editor.default\">\n\t\t\t\t<div class=\"elementor-widget-container\">\n\t\t\t\t\t\t\t\t\t<h6>Chez martinsdelima, nous disposons d&rsquo;une vaste exp\u00e9rience dans le domaine des <strong>franchises et des contrats d&rsquo;agence<\/strong>, accompagnant aussi bien des <strong>groupes internationaux<\/strong> de restauration que des entreprises nationales de diff\u00e9rents secteurs <strong>franchiseurs, franchis\u00e9s et agents<\/strong> (textile, restauration, machines professionnelles), afin de prot\u00e9ger leur positionnement, leur r\u00e9seau de clients et l&rsquo;int\u00e9grit\u00e9 de leurs mod\u00e8les commerciaux, \u00e9tant donn\u00e9 qu&rsquo;il s&rsquo;agit d&rsquo;un secteur particuli\u00e8rement sensible \u00e0 la bonne ex\u00e9cution des accords commerciaux.<\/h6><h6><strong> <\/strong><\/h6><h6><strong>Rapports d\u2019expertise \u00e9conomique<\/strong><\/h6><h6>Nous apportons une rigueur \u00e9conomique et une vision ind\u00e9pendante dans les situations de <strong>conflit entre agents, franchiseurs, franchis\u00e9s, d\u00e9l\u00e9gu\u00e9s, filiales ou toute partie li\u00e9e par un accord commercial.<\/strong> Nous \u00e9valuons la performance op\u00e9rationnelle des franchis\u00e9s, l&rsquo;analyse des manquements contractuels, le non-paiement des cotisations et des redevances, et l&rsquo;\u00e9valuation des dommages et int\u00e9r\u00eats.<\/h6><h6>De m\u00eame, nous avons une grande exp\u00e9rience dans les contrats d&rsquo;agence, y compris les litiges entre agents commerciaux, le calcul des <strong>indemnisations de client\u00e8le<\/strong>, les dommages d\u00e9coulant des violations du territoire ou du portefeuille de clients, les <strong>r\u00e9siliations contractuelles sans pr\u00e9avis<\/strong>, la quantification du <strong>dommage \u00e9mergent et du manque \u00e0 gagner<\/strong>.<\/h6>\t\t\t\t\t\t\t\t<\/div>\n\t\t\t\t<\/div>\n\t\t\t\t<\/div>\n\t\t\t\t\t<\/div>\n\t\t\t\t<\/div>\n\t\t\t\t<\/div>\n\t\t","protected":false},"excerpt":{"rendered":"<p>Franchises et agents Chez martinsdelima, nous disposons d&rsquo;une vaste exp\u00e9rience dans le domaine des franchises et des contrats d&rsquo;agence, accompagnant aussi bien des groupes internationaux de restauration que des entreprises nationales de diff\u00e9rents secteurs franchiseurs, franchis\u00e9s et agents (textile, restauration, machines professionnelles), afin de prot\u00e9ger leur positionnement, leur r\u00e9seau de [&hellip;]<\/p>\n","protected":false},"author":1,"featured_media":0,"parent":0,"menu_order":0,"comment_status":"closed","ping_status":"closed","template":"page-templates\/template-pagebuilder-full-width.php","meta":{"footnotes":""},"class_list":["post-10904","page","type-page","status-publish","hentry"],"yoast_head":"<!-- This site is optimized with the Yoast SEO plugin v26.4 - https:\/\/yoast.com\/wordpress\/plugins\/seo\/ -->\n<title>Secteur des franchises et des agents - Martinsdelima<\/title>\n<meta name=\"robots\" content=\"index, follow, max-snippet:-1, max-image-preview:large, max-video-preview:-1\" \/>\n<link rel=\"canonical\" href=\"https:\/\/www.martinsdelima.com\/fr\/secteur-des-franchises-et-des-agents\/\" \/>\n<meta property=\"og:locale\" content=\"fr_FR\" \/>\n<meta property=\"og:type\" content=\"article\" \/>\n<meta property=\"og:title\" content=\"Secteur des franchises et des agents - Martinsdelima\" \/>\n<meta property=\"og:description\" content=\"Franchises et agents Chez martinsdelima, nous disposons d&rsquo;une vaste exp\u00e9rience dans le domaine des franchises et des contrats d&rsquo;agence, accompagnant aussi bien des groupes internationaux de restauration que des entreprises nationales de diff\u00e9rents secteurs franchiseurs, franchis\u00e9s et agents (textile, restauration, machines professionnelles), afin de prot\u00e9ger leur positionnement, leur r\u00e9seau de [&hellip;]\" \/>\n<meta property=\"og:url\" content=\"https:\/\/www.martinsdelima.com\/fr\/secteur-des-franchises-et-des-agents\/\" \/>\n<meta property=\"og:site_name\" content=\"Martinsdelima\" \/>\n<meta property=\"article:modified_time\" content=\"2026-02-12T10:38:51+00:00\" \/>\n<meta name=\"twitter:card\" content=\"summary_large_image\" \/>\n<meta name=\"twitter:label1\" content=\"Dur\u00e9e de lecture estim\u00e9e\" \/>\n\t<meta name=\"twitter:data1\" content=\"1 minute\" \/>\n<script type=\"application\/ld+json\" class=\"yoast-schema-graph\">{\"@context\":\"https:\/\/schema.org\",\"@graph\":[{\"@type\":\"WebPage\",\"@id\":\"https:\/\/www.martinsdelima.com\/fr\/secteur-des-franchises-et-des-agents\/\",\"url\":\"https:\/\/www.martinsdelima.com\/fr\/secteur-des-franchises-et-des-agents\/\",\"name\":\"Secteur des franchises et des agents - Martinsdelima\",\"isPartOf\":{\"@id\":\"https:\/\/www.martinsdelima.com\/fr\/#website\"},\"datePublished\":\"2025-11-13T19:35:06+00:00\",\"dateModified\":\"2026-02-12T10:38:51+00:00\",\"breadcrumb\":{\"@id\":\"https:\/\/www.martinsdelima.com\/fr\/secteur-des-franchises-et-des-agents\/#breadcrumb\"},\"inLanguage\":\"fr-FR\",\"potentialAction\":[{\"@type\":\"ReadAction\",\"target\":[\"https:\/\/www.martinsdelima.com\/fr\/secteur-des-franchises-et-des-agents\/\"]}]},{\"@type\":\"BreadcrumbList\",\"@id\":\"https:\/\/www.martinsdelima.com\/fr\/secteur-des-franchises-et-des-agents\/#breadcrumb\",\"itemListElement\":[{\"@type\":\"ListItem\",\"position\":1,\"name\":\"Page d'accueil\",\"item\":\"https:\/\/www.martinsdelima.com\/fr\/accueil\/\"},{\"@type\":\"ListItem\",\"position\":2,\"name\":\"Secteur des franchises et des agents\"}]},{\"@type\":\"WebSite\",\"@id\":\"https:\/\/www.martinsdelima.com\/fr\/#website\",\"url\":\"https:\/\/www.martinsdelima.com\/fr\/\",\"name\":\"Martinsdelima\",\"description\":\"Forensic&amp;Finance\",\"publisher\":{\"@id\":\"https:\/\/www.martinsdelima.com\/fr\/#organization\"},\"potentialAction\":[{\"@type\":\"SearchAction\",\"target\":{\"@type\":\"EntryPoint\",\"urlTemplate\":\"https:\/\/www.martinsdelima.com\/fr\/?s={search_term_string}\"},\"query-input\":{\"@type\":\"PropertyValueSpecification\",\"valueRequired\":true,\"valueName\":\"search_term_string\"}}],\"inLanguage\":\"fr-FR\"},{\"@type\":\"Organization\",\"@id\":\"https:\/\/www.martinsdelima.com\/fr\/#organization\",\"name\":\"Martinsdelima\",\"url\":\"https:\/\/www.martinsdelima.com\/fr\/\",\"logo\":{\"@type\":\"ImageObject\",\"inLanguage\":\"fr-FR\",\"@id\":\"https:\/\/www.martinsdelima.com\/fr\/#\/schema\/logo\/image\/\",\"url\":\"https:\/\/mligy6wbr5rs.i.optimole.com\/w:auto\/h:auto\/q:mauto\/f:best\/https:\/\/www.martinsdelima.com\/wp-content\/uploads\/2025\/10\/martinsdelima-letras-claras-horizontal.png\",\"contentUrl\":\"https:\/\/mligy6wbr5rs.i.optimole.com\/w:auto\/h:auto\/q:mauto\/f:best\/https:\/\/www.martinsdelima.com\/wp-content\/uploads\/2025\/10\/martinsdelima-letras-claras-horizontal.png\",\"width\":1315,\"height\":217,\"caption\":\"Martinsdelima\"},\"image\":{\"@id\":\"https:\/\/www.martinsdelima.com\/fr\/#\/schema\/logo\/image\/\"}}]}<\/script>\n<!-- \/ Yoast SEO plugin. -->","yoast_head_json":{"title":"Secteur des franchises et des agents - Martinsdelima","robots":{"index":"index","follow":"follow","max-snippet":"max-snippet:-1","max-image-preview":"max-image-preview:large","max-video-preview":"max-video-preview:-1"},"canonical":"https:\/\/www.martinsdelima.com\/fr\/secteur-des-franchises-et-des-agents\/","og_locale":"fr_FR","og_type":"article","og_title":"Secteur des franchises et des agents - Martinsdelima","og_description":"Franchises et agents Chez martinsdelima, nous disposons d&rsquo;une vaste exp\u00e9rience dans le domaine des franchises et des contrats d&rsquo;agence, accompagnant aussi bien des groupes internationaux de restauration que des entreprises nationales de diff\u00e9rents secteurs franchiseurs, franchis\u00e9s et agents (textile, restauration, machines professionnelles), afin de prot\u00e9ger leur positionnement, leur r\u00e9seau de [&hellip;]","og_url":"https:\/\/www.martinsdelima.com\/fr\/secteur-des-franchises-et-des-agents\/","og_site_name":"Martinsdelima","article_modified_time":"2026-02-12T10:38:51+00:00","twitter_card":"summary_large_image","twitter_misc":{"Dur\u00e9e de lecture estim\u00e9e":"1 minute"},"schema":{"@context":"https:\/\/schema.org","@graph":[{"@type":"WebPage","@id":"https:\/\/www.martinsdelima.com\/fr\/secteur-des-franchises-et-des-agents\/","url":"https:\/\/www.martinsdelima.com\/fr\/secteur-des-franchises-et-des-agents\/","name":"Secteur des franchises et des agents - Martinsdelima","isPartOf":{"@id":"https:\/\/www.martinsdelima.com\/fr\/#website"},"datePublished":"2025-11-13T19:35:06+00:00","dateModified":"2026-02-12T10:38:51+00:00","breadcrumb":{"@id":"https:\/\/www.martinsdelima.com\/fr\/secteur-des-franchises-et-des-agents\/#breadcrumb"},"inLanguage":"fr-FR","potentialAction":[{"@type":"ReadAction","target":["https:\/\/www.martinsdelima.com\/fr\/secteur-des-franchises-et-des-agents\/"]}]},{"@type":"BreadcrumbList","@id":"https:\/\/www.martinsdelima.com\/fr\/secteur-des-franchises-et-des-agents\/#breadcrumb","itemListElement":[{"@type":"ListItem","position":1,"name":"Page d'accueil","item":"https:\/\/www.martinsdelima.com\/fr\/accueil\/"},{"@type":"ListItem","position":2,"name":"Secteur des franchises et des agents"}]},{"@type":"WebSite","@id":"https:\/\/www.martinsdelima.com\/fr\/#website","url":"https:\/\/www.martinsdelima.com\/fr\/","name":"Martinsdelima","description":"Forensic&amp;Finance","publisher":{"@id":"https:\/\/www.martinsdelima.com\/fr\/#organization"},"potentialAction":[{"@type":"SearchAction","target":{"@type":"EntryPoint","urlTemplate":"https:\/\/www.martinsdelima.com\/fr\/?s={search_term_string}"},"query-input":{"@type":"PropertyValueSpecification","valueRequired":true,"valueName":"search_term_string"}}],"inLanguage":"fr-FR"},{"@type":"Organization","@id":"https:\/\/www.martinsdelima.com\/fr\/#organization","name":"Martinsdelima","url":"https:\/\/www.martinsdelima.com\/fr\/","logo":{"@type":"ImageObject","inLanguage":"fr-FR","@id":"https:\/\/www.martinsdelima.com\/fr\/#\/schema\/logo\/image\/","url":"https:\/\/mligy6wbr5rs.i.optimole.com\/w:auto\/h:auto\/q:mauto\/f:best\/https:\/\/www.martinsdelima.com\/wp-content\/uploads\/2025\/10\/martinsdelima-letras-claras-horizontal.png","contentUrl":"https:\/\/mligy6wbr5rs.i.optimole.com\/w:auto\/h:auto\/q:mauto\/f:best\/https:\/\/www.martinsdelima.com\/wp-content\/uploads\/2025\/10\/martinsdelima-letras-claras-horizontal.png","width":1315,"height":217,"caption":"Martinsdelima"},"image":{"@id":"https:\/\/www.martinsdelima.com\/fr\/#\/schema\/logo\/image\/"}}]}},"_links":{"self":[{"href":"https:\/\/www.martinsdelima.com\/fr\/wp-json\/wp\/v2\/pages\/10904","targetHints":{"allow":["GET"]}}],"collection":[{"href":"https:\/\/www.martinsdelima.com\/fr\/wp-json\/wp\/v2\/pages"}],"about":[{"href":"https:\/\/www.martinsdelima.com\/fr\/wp-json\/wp\/v2\/types\/page"}],"author":[{"embeddable":true,"href":"https:\/\/www.martinsdelima.com\/fr\/wp-json\/wp\/v2\/users\/1"}],"replies":[{"embeddable":true,"href":"https:\/\/www.martinsdelima.com\/fr\/wp-json\/wp\/v2\/comments?post=10904"}],"version-history":[{"count":2,"href":"https:\/\/www.martinsdelima.com\/fr\/wp-json\/wp\/v2\/pages\/10904\/revisions"}],"predecessor-version":[{"id":11738,"href":"https:\/\/www.martinsdelima.com\/fr\/wp-json\/wp\/v2\/pages\/10904\/revisions\/11738"}],"wp:attachment":[{"href":"https:\/\/www.martinsdelima.com\/fr\/wp-json\/wp\/v2\/media?parent=10904"}],"curies":[{"name":"wp","href":"https:\/\/api.w.org\/{rel}","templated":true}]}}