{"id":10912,"date":"2025-11-20T17:59:04","date_gmt":"2025-11-20T17:59:04","guid":{"rendered":"https:\/\/www.martinsdelima.com\/secteur-informatique\/"},"modified":"2026-02-12T10:46:21","modified_gmt":"2026-02-12T10:46:21","slug":"secteur-informatique","status":"publish","type":"page","link":"https:\/\/www.martinsdelima.com\/fr\/secteur-informatique\/","title":{"rendered":"Secteur Informatique"},"content":{"rendered":"\t\t<div data-elementor-type=\"wp-page\" data-elementor-id=\"10912\" class=\"elementor elementor-10912 elementor-5982\" data-elementor-post-type=\"page\">\n\t\t\t\t\t\t<section class=\"elementor-section elementor-top-section elementor-element elementor-element-5861a17 elementor-section-full_width elementor-section-stretched elementor-section-height-default elementor-section-height-default\" data-id=\"5861a17\" data-element_type=\"section\" data-settings=\"{&quot;stretch_section&quot;:&quot;section-stretched&quot;,&quot;background_background&quot;:&quot;classic&quot;}\">\n\t\t\t\t\t\t\t<div class=\"elementor-background-overlay\"><\/div>\n\t\t\t\t\t\t\t<div class=\"elementor-container elementor-column-gap-default\">\n\t\t\t\t\t<div class=\"elementor-column elementor-col-100 elementor-top-column elementor-element elementor-element-ea42bdb\" data-id=\"ea42bdb\" data-element_type=\"column\">\n\t\t\t<div class=\"elementor-widget-wrap elementor-element-populated\">\n\t\t\t\t\t\t<div class=\"elementor-element elementor-element-8924fce elementor-widget elementor-widget-heading\" data-id=\"8924fce\" data-element_type=\"widget\" data-widget_type=\"heading.default\">\n\t\t\t\t<div class=\"elementor-widget-container\">\n\t\t\t\t\t<h2 class=\"elementor-heading-title elementor-size-default\">Informatique<\/h2>\t\t\t\t<\/div>\n\t\t\t\t<\/div>\n\t\t\t\t\t<\/div>\n\t\t<\/div>\n\t\t\t\t\t<\/div>\n\t\t<\/section>\n\t\t<div class=\"elementor-element elementor-element-7469000 e-flex e-con-boxed e-con e-parent\" data-id=\"7469000\" data-element_type=\"container\">\n\t\t\t\t\t<div class=\"e-con-inner\">\n\t\t<div class=\"elementor-element elementor-element-4404da7 e-con-full e-flex e-con e-child\" data-id=\"4404da7\" data-element_type=\"container\">\n\t\t\t\t<div class=\"elementor-element elementor-element-d53b9d3 elementor-widget elementor-widget-text-editor\" data-id=\"d53b9d3\" data-element_type=\"widget\" data-widget_type=\"text-editor.default\">\n\t\t\t\t<div class=\"elementor-widget-container\">\n\t\t\t\t\t\t\t\t\t<h6>Le secteur informatique englobe les <strong>infrastructures critiques et les plateformes num\u00e9riques, ainsi que les services logiciels, l&rsquo;int\u00e9gration de syst\u00e8mes et les op\u00e9rations informatiques \u00e0 grande \u00e9chelle<\/strong>. C&rsquo;est un domaine en constante \u00e9volution, o\u00f9 les actifs num\u00e9riques, la s\u00e9curit\u00e9 de l&rsquo;information, la continuit\u00e9 des activit\u00e9s et la fiabilit\u00e9 des syst\u00e8mes informatiques sont essentiels au fonctionnement des organisations. <\/h6><h6>Chez martinsdelima, nous disposons d&rsquo;un d\u00e9partement informatique sp\u00e9cialis\u00e9 qui combine <strong>l&rsquo;analyse forensique num\u00e9rique, l&rsquo;\u00e9valuation technique et les \u00e9tudes \u00e9conomiques et financi\u00e8res des syst\u00e8mes et des actifs technologiques<\/strong>.<\/h6><h6><strong> <\/strong><\/h6><h6><strong>Rapports d&rsquo;expertise technique en informatique<\/strong><\/h6><h6>Nous r\u00e9alisons des analyses d&rsquo;expertise des preuves num\u00e9riques afin de clarifier les faits litigieux, de reconstituer les incidents et de d\u00e9terminer <strong>l&rsquo;authenticit\u00e9, l&rsquo;int\u00e9grit\u00e9 et la tra\u00e7abilit\u00e9 des informations<\/strong>. Nous examinons les <strong>courriers \u00e9lectroniques, la messagerie, les m\u00e9tadonn\u00e9es, les appareils mobiles<\/strong>, les \u00e9quipements informatiques et les sites web, en accr\u00e9ditant la validit\u00e9 probatoire et en garantissant la cha\u00eene de contr\u00f4le. Nos rapports permettent d&rsquo;identifier les manipulations, d&rsquo;attribuer les paternit\u00e9s, de v\u00e9rifier les acc\u00e8s et de documenter avec pr\u00e9cision les incidents technologiques ou les litiges contractuels.  <\/h6><h6><strong> <\/strong><\/h6><h6><strong>Rapports d&rsquo;expertise technico-\u00e9conomiques<\/strong><\/h6><h6>Nous r\u00e9alisons des \u00e9tudes ind\u00e9pendantes sur le fonctionnement des syst\u00e8mes, la qualit\u00e9 des logiciels et la robustesse des processus num\u00e9riques, ainsi que des \u00e9valuations de <strong>l&rsquo;impact \u00e9conomique des d\u00e9faillances technologiques, des interruptions de service, des incidents op\u00e9rationnels, des manquements contractuels, des d\u00e9faillances du cloud ou des d\u00e9fauts de d\u00e9veloppement ou d&rsquo;int\u00e9gration des plateformes<\/strong>. Ces analyses combinent des crit\u00e8res techniques et financiers pour d\u00e9terminer l&rsquo;\u00e9tendue r\u00e9elle des dommages et leur impact sur l&rsquo;activit\u00e9. <\/h6>\t\t\t\t\t\t\t\t<\/div>\n\t\t\t\t<\/div>\n\t\t\t\t<\/div>\n\t\t\t\t\t<\/div>\n\t\t\t\t<\/div>\n\t\t\t\t<\/div>\n\t\t","protected":false},"excerpt":{"rendered":"<p>Informatique Le secteur informatique englobe les infrastructures critiques et les plateformes num\u00e9riques, ainsi que les services logiciels, l&rsquo;int\u00e9gration de syst\u00e8mes et les op\u00e9rations informatiques \u00e0 grande \u00e9chelle. C&rsquo;est un domaine en constante \u00e9volution, o\u00f9 les actifs num\u00e9riques, la s\u00e9curit\u00e9 de l&rsquo;information, la continuit\u00e9 des activit\u00e9s et la fiabilit\u00e9 des syst\u00e8mes [&hellip;]<\/p>\n","protected":false},"author":1,"featured_media":0,"parent":0,"menu_order":0,"comment_status":"closed","ping_status":"closed","template":"page-templates\/template-pagebuilder-full-width.php","meta":{"footnotes":""},"class_list":["post-10912","page","type-page","status-publish","hentry"],"yoast_head":"<!-- This site is optimized with the Yoast SEO plugin v26.4 - https:\/\/yoast.com\/wordpress\/plugins\/seo\/ -->\n<title>Secteur Informatique - Martinsdelima<\/title>\n<meta name=\"robots\" content=\"index, follow, max-snippet:-1, max-image-preview:large, max-video-preview:-1\" \/>\n<link rel=\"canonical\" href=\"https:\/\/www.martinsdelima.com\/fr\/secteur-informatique\/\" \/>\n<meta property=\"og:locale\" content=\"fr_FR\" \/>\n<meta property=\"og:type\" content=\"article\" \/>\n<meta property=\"og:title\" content=\"Secteur Informatique - Martinsdelima\" \/>\n<meta property=\"og:description\" content=\"Informatique Le secteur informatique englobe les infrastructures critiques et les plateformes num\u00e9riques, ainsi que les services logiciels, l&rsquo;int\u00e9gration de syst\u00e8mes et les op\u00e9rations informatiques \u00e0 grande \u00e9chelle. C&rsquo;est un domaine en constante \u00e9volution, o\u00f9 les actifs num\u00e9riques, la s\u00e9curit\u00e9 de l&rsquo;information, la continuit\u00e9 des activit\u00e9s et la fiabilit\u00e9 des syst\u00e8mes [&hellip;]\" \/>\n<meta property=\"og:url\" content=\"https:\/\/www.martinsdelima.com\/fr\/secteur-informatique\/\" \/>\n<meta property=\"og:site_name\" content=\"Martinsdelima\" \/>\n<meta property=\"article:modified_time\" content=\"2026-02-12T10:46:21+00:00\" \/>\n<meta name=\"twitter:card\" content=\"summary_large_image\" \/>\n<meta name=\"twitter:label1\" content=\"Dur\u00e9e de lecture estim\u00e9e\" \/>\n\t<meta name=\"twitter:data1\" content=\"1 minute\" \/>\n<script type=\"application\/ld+json\" class=\"yoast-schema-graph\">{\"@context\":\"https:\/\/schema.org\",\"@graph\":[{\"@type\":\"WebPage\",\"@id\":\"https:\/\/www.martinsdelima.com\/fr\/secteur-informatique\/\",\"url\":\"https:\/\/www.martinsdelima.com\/fr\/secteur-informatique\/\",\"name\":\"Secteur Informatique - Martinsdelima\",\"isPartOf\":{\"@id\":\"https:\/\/www.martinsdelima.com\/fr\/#website\"},\"datePublished\":\"2025-11-20T17:59:04+00:00\",\"dateModified\":\"2026-02-12T10:46:21+00:00\",\"breadcrumb\":{\"@id\":\"https:\/\/www.martinsdelima.com\/fr\/secteur-informatique\/#breadcrumb\"},\"inLanguage\":\"fr-FR\",\"potentialAction\":[{\"@type\":\"ReadAction\",\"target\":[\"https:\/\/www.martinsdelima.com\/fr\/secteur-informatique\/\"]}]},{\"@type\":\"BreadcrumbList\",\"@id\":\"https:\/\/www.martinsdelima.com\/fr\/secteur-informatique\/#breadcrumb\",\"itemListElement\":[{\"@type\":\"ListItem\",\"position\":1,\"name\":\"Page d'accueil\",\"item\":\"https:\/\/www.martinsdelima.com\/fr\/accueil\/\"},{\"@type\":\"ListItem\",\"position\":2,\"name\":\"Secteur Informatique\"}]},{\"@type\":\"WebSite\",\"@id\":\"https:\/\/www.martinsdelima.com\/fr\/#website\",\"url\":\"https:\/\/www.martinsdelima.com\/fr\/\",\"name\":\"Martinsdelima\",\"description\":\"Forensic&amp;Finance\",\"publisher\":{\"@id\":\"https:\/\/www.martinsdelima.com\/fr\/#organization\"},\"potentialAction\":[{\"@type\":\"SearchAction\",\"target\":{\"@type\":\"EntryPoint\",\"urlTemplate\":\"https:\/\/www.martinsdelima.com\/fr\/?s={search_term_string}\"},\"query-input\":{\"@type\":\"PropertyValueSpecification\",\"valueRequired\":true,\"valueName\":\"search_term_string\"}}],\"inLanguage\":\"fr-FR\"},{\"@type\":\"Organization\",\"@id\":\"https:\/\/www.martinsdelima.com\/fr\/#organization\",\"name\":\"Martinsdelima\",\"url\":\"https:\/\/www.martinsdelima.com\/fr\/\",\"logo\":{\"@type\":\"ImageObject\",\"inLanguage\":\"fr-FR\",\"@id\":\"https:\/\/www.martinsdelima.com\/fr\/#\/schema\/logo\/image\/\",\"url\":\"https:\/\/mligy6wbr5rs.i.optimole.com\/w:auto\/h:auto\/q:mauto\/f:best\/https:\/\/www.martinsdelima.com\/wp-content\/uploads\/2025\/10\/martinsdelima-letras-claras-horizontal.png\",\"contentUrl\":\"https:\/\/mligy6wbr5rs.i.optimole.com\/w:auto\/h:auto\/q:mauto\/f:best\/https:\/\/www.martinsdelima.com\/wp-content\/uploads\/2025\/10\/martinsdelima-letras-claras-horizontal.png\",\"width\":1315,\"height\":217,\"caption\":\"Martinsdelima\"},\"image\":{\"@id\":\"https:\/\/www.martinsdelima.com\/fr\/#\/schema\/logo\/image\/\"}}]}<\/script>\n<!-- \/ Yoast SEO plugin. -->","yoast_head_json":{"title":"Secteur Informatique - Martinsdelima","robots":{"index":"index","follow":"follow","max-snippet":"max-snippet:-1","max-image-preview":"max-image-preview:large","max-video-preview":"max-video-preview:-1"},"canonical":"https:\/\/www.martinsdelima.com\/fr\/secteur-informatique\/","og_locale":"fr_FR","og_type":"article","og_title":"Secteur Informatique - Martinsdelima","og_description":"Informatique Le secteur informatique englobe les infrastructures critiques et les plateformes num\u00e9riques, ainsi que les services logiciels, l&rsquo;int\u00e9gration de syst\u00e8mes et les op\u00e9rations informatiques \u00e0 grande \u00e9chelle. C&rsquo;est un domaine en constante \u00e9volution, o\u00f9 les actifs num\u00e9riques, la s\u00e9curit\u00e9 de l&rsquo;information, la continuit\u00e9 des activit\u00e9s et la fiabilit\u00e9 des syst\u00e8mes [&hellip;]","og_url":"https:\/\/www.martinsdelima.com\/fr\/secteur-informatique\/","og_site_name":"Martinsdelima","article_modified_time":"2026-02-12T10:46:21+00:00","twitter_card":"summary_large_image","twitter_misc":{"Dur\u00e9e de lecture estim\u00e9e":"1 minute"},"schema":{"@context":"https:\/\/schema.org","@graph":[{"@type":"WebPage","@id":"https:\/\/www.martinsdelima.com\/fr\/secteur-informatique\/","url":"https:\/\/www.martinsdelima.com\/fr\/secteur-informatique\/","name":"Secteur Informatique - Martinsdelima","isPartOf":{"@id":"https:\/\/www.martinsdelima.com\/fr\/#website"},"datePublished":"2025-11-20T17:59:04+00:00","dateModified":"2026-02-12T10:46:21+00:00","breadcrumb":{"@id":"https:\/\/www.martinsdelima.com\/fr\/secteur-informatique\/#breadcrumb"},"inLanguage":"fr-FR","potentialAction":[{"@type":"ReadAction","target":["https:\/\/www.martinsdelima.com\/fr\/secteur-informatique\/"]}]},{"@type":"BreadcrumbList","@id":"https:\/\/www.martinsdelima.com\/fr\/secteur-informatique\/#breadcrumb","itemListElement":[{"@type":"ListItem","position":1,"name":"Page d'accueil","item":"https:\/\/www.martinsdelima.com\/fr\/accueil\/"},{"@type":"ListItem","position":2,"name":"Secteur Informatique"}]},{"@type":"WebSite","@id":"https:\/\/www.martinsdelima.com\/fr\/#website","url":"https:\/\/www.martinsdelima.com\/fr\/","name":"Martinsdelima","description":"Forensic&amp;Finance","publisher":{"@id":"https:\/\/www.martinsdelima.com\/fr\/#organization"},"potentialAction":[{"@type":"SearchAction","target":{"@type":"EntryPoint","urlTemplate":"https:\/\/www.martinsdelima.com\/fr\/?s={search_term_string}"},"query-input":{"@type":"PropertyValueSpecification","valueRequired":true,"valueName":"search_term_string"}}],"inLanguage":"fr-FR"},{"@type":"Organization","@id":"https:\/\/www.martinsdelima.com\/fr\/#organization","name":"Martinsdelima","url":"https:\/\/www.martinsdelima.com\/fr\/","logo":{"@type":"ImageObject","inLanguage":"fr-FR","@id":"https:\/\/www.martinsdelima.com\/fr\/#\/schema\/logo\/image\/","url":"https:\/\/mligy6wbr5rs.i.optimole.com\/w:auto\/h:auto\/q:mauto\/f:best\/https:\/\/www.martinsdelima.com\/wp-content\/uploads\/2025\/10\/martinsdelima-letras-claras-horizontal.png","contentUrl":"https:\/\/mligy6wbr5rs.i.optimole.com\/w:auto\/h:auto\/q:mauto\/f:best\/https:\/\/www.martinsdelima.com\/wp-content\/uploads\/2025\/10\/martinsdelima-letras-claras-horizontal.png","width":1315,"height":217,"caption":"Martinsdelima"},"image":{"@id":"https:\/\/www.martinsdelima.com\/fr\/#\/schema\/logo\/image\/"}}]}},"_links":{"self":[{"href":"https:\/\/www.martinsdelima.com\/fr\/wp-json\/wp\/v2\/pages\/10912","targetHints":{"allow":["GET"]}}],"collection":[{"href":"https:\/\/www.martinsdelima.com\/fr\/wp-json\/wp\/v2\/pages"}],"about":[{"href":"https:\/\/www.martinsdelima.com\/fr\/wp-json\/wp\/v2\/types\/page"}],"author":[{"embeddable":true,"href":"https:\/\/www.martinsdelima.com\/fr\/wp-json\/wp\/v2\/users\/1"}],"replies":[{"embeddable":true,"href":"https:\/\/www.martinsdelima.com\/fr\/wp-json\/wp\/v2\/comments?post=10912"}],"version-history":[{"count":2,"href":"https:\/\/www.martinsdelima.com\/fr\/wp-json\/wp\/v2\/pages\/10912\/revisions"}],"predecessor-version":[{"id":11768,"href":"https:\/\/www.martinsdelima.com\/fr\/wp-json\/wp\/v2\/pages\/10912\/revisions\/11768"}],"wp:attachment":[{"href":"https:\/\/www.martinsdelima.com\/fr\/wp-json\/wp\/v2\/media?parent=10912"}],"curies":[{"name":"wp","href":"https:\/\/api.w.org\/{rel}","templated":true}]}}