{"id":10920,"date":"2025-11-13T19:29:15","date_gmt":"2025-11-13T19:29:15","guid":{"rendered":"https:\/\/www.martinsdelima.com\/secteur-banque-et-assurances\/"},"modified":"2026-02-12T10:33:52","modified_gmt":"2026-02-12T10:33:52","slug":"secteur-banque-et-assurances","status":"publish","type":"page","link":"https:\/\/www.martinsdelima.com\/fr\/secteur-banque-et-assurances\/","title":{"rendered":"Secteur Banque et Assurances"},"content":{"rendered":"\t\t<div data-elementor-type=\"wp-page\" data-elementor-id=\"10920\" class=\"elementor elementor-10920 elementor-5978\" data-elementor-post-type=\"page\">\n\t\t\t\t\t\t<section class=\"elementor-section elementor-top-section elementor-element elementor-element-5861a17 elementor-section-full_width elementor-section-stretched elementor-section-height-default elementor-section-height-default\" data-id=\"5861a17\" data-element_type=\"section\" data-settings=\"{&quot;stretch_section&quot;:&quot;section-stretched&quot;,&quot;background_background&quot;:&quot;classic&quot;}\">\n\t\t\t\t\t\t\t<div class=\"elementor-background-overlay\"><\/div>\n\t\t\t\t\t\t\t<div class=\"elementor-container elementor-column-gap-default\">\n\t\t\t\t\t<div class=\"elementor-column elementor-col-100 elementor-top-column elementor-element elementor-element-ea42bdb\" data-id=\"ea42bdb\" data-element_type=\"column\">\n\t\t\t<div class=\"elementor-widget-wrap elementor-element-populated\">\n\t\t\t\t\t\t<div class=\"elementor-element elementor-element-8924fce elementor-widget elementor-widget-heading\" data-id=\"8924fce\" data-element_type=\"widget\" data-widget_type=\"heading.default\">\n\t\t\t\t<div class=\"elementor-widget-container\">\n\t\t\t\t\t<h2 class=\"elementor-heading-title elementor-size-default\"><b>Banque et Assurances<\/b><\/h2>\t\t\t\t<\/div>\n\t\t\t\t<\/div>\n\t\t\t\t\t<\/div>\n\t\t<\/div>\n\t\t\t\t\t<\/div>\n\t\t<\/section>\n\t\t<div class=\"elementor-element elementor-element-076cef0 e-flex e-con-boxed e-con e-parent\" data-id=\"076cef0\" data-element_type=\"container\">\n\t\t\t\t\t<div class=\"e-con-inner\">\n\t\t<div class=\"elementor-element elementor-element-0292ac2 e-con-full e-flex e-con e-child\" data-id=\"0292ac2\" data-element_type=\"container\">\n\t\t\t\t<div class=\"elementor-element elementor-element-748112b elementor-widget elementor-widget-text-editor\" data-id=\"748112b\" data-element_type=\"widget\" data-widget_type=\"text-editor.default\">\n\t\t\t\t<div class=\"elementor-widget-container\">\n\t\t\t\t\t\t\t\t\t<h6>Les banques et les compagnies d&rsquo;assurance op\u00e8rent dans un <strong>environnement fortement r\u00e9glement\u00e9<\/strong>, soumis \u00e0 des exigences croissantes de transparence, de solvabilit\u00e9 et de contr\u00f4le, et expos\u00e9es \u00e0 des <strong>risques op\u00e9rationnels, technologiques et de r\u00e9putation<\/strong> qui ont un impact direct sur leur stabilit\u00e9 et leur capacit\u00e9 \u00e0 fournir des services essentiels.<\/h6><h6>martinsdelima poss\u00e8de une <strong>vaste exp\u00e9rience<\/strong> dans un secteur aussi strat\u00e9gique que celui de la banque et de l&rsquo;assurance. Nous travaillons pour de grandes banques internationales cot\u00e9es \u00e0 l&rsquo;<strong>IBEX, DAX, SSE180 et FTE A50 China<\/strong>, des soci\u00e9t\u00e9s de banque priv\u00e9e, des <strong>compagnies d&rsquo;assurance europ\u00e9ennes<\/strong> et des courtiers avec un portefeuille d&rsquo;entreprises, ce qui nous a permis d&rsquo;aborder des probl\u00e9matiques tr\u00e8s diverses.<\/h6><h6><strong> <\/strong><\/h6><h6><strong>Rapports d&rsquo;expertise \u00e9conomique<\/strong><br>Dans le secteur bancaire, nous avons d\u00e9velopp\u00e9 des analyses \u00e9conomiques et financi\u00e8res complexes, des \u00e9tudes sectorielles et des expertises tr\u00e8s pointues pour de grandes entit\u00e9s internationales, notamment la r\u00e9vision de la solvabilit\u00e9, de la liquidit\u00e9, des risques, des mod\u00e8les commerciaux et des structures op\u00e9rationnelles de la banque priv\u00e9e. <br>Nous avons \u00e9galement \u00e9labor\u00e9 des rapports d&rsquo;expertise sur la tra\u00e7abilit\u00e9 des op\u00e9rations bancaires, les mouvements irr\u00e9guliers, l&rsquo;<strong>analyse forensique des comptes, des produits d\u00e9riv\u00e9s<\/strong>, des portefeuilles d&rsquo;investissement et la quantification individualis\u00e9e des pr\u00e9judices pour les clients de banque de d\u00e9tail et priv\u00e9e g\u00e9r\u00e9s par des entit\u00e9s europ\u00e9ennes de premier plan.<br>De m\u00eame, martinsdelima a particip\u00e9 \u00e0 la r\u00e9alisation de rapports d&rsquo;expertise en droit p\u00e9nal \u00e9conomique dans les affaires les plus importantes cons\u00e9cutives \u00e0 la <strong>crise financi\u00e8re de la premi\u00e8re d\u00e9cennie du si\u00e8cle<\/strong>. <\/h6><h6><\/h6><h6><\/h6><h6><\/h6><h6><strong> <\/strong><\/h6><h6><strong>Rapports d&rsquo;expertise en droit du travail<\/strong><br>Dans le domaine du travail, nous avons d\u00e9velopp\u00e9 des analyses li\u00e9es aux structures de <strong>r\u00e9mun\u00e9ration variable, \u00e0 l&rsquo;atteinte des objectifs<\/strong> et aux incitations li\u00e9es aux r\u00e9sultats, en \u00e9valuant la coh\u00e9rence entre les syst\u00e8mes de <strong>primes et les crit\u00e8res \u00e9conomiques<\/strong> ou commerciaux effectivement atteints au sein des entit\u00e9s financi\u00e8res. <\/h6><h6><\/h6><h6><\/h6><h6><\/h6>\t\t\t\t\t\t\t\t<\/div>\n\t\t\t\t<\/div>\n\t\t\t\t<\/div>\n\t\t\t\t\t<\/div>\n\t\t\t\t<\/div>\n\t\t\t\t<\/div>\n\t\t","protected":false},"excerpt":{"rendered":"<p>Banque et Assurances Les banques et les compagnies d&rsquo;assurance op\u00e8rent dans un environnement fortement r\u00e9glement\u00e9, soumis \u00e0 des exigences croissantes de transparence, de solvabilit\u00e9 et de contr\u00f4le, et expos\u00e9es \u00e0 des risques op\u00e9rationnels, technologiques et de r\u00e9putation qui ont un impact direct sur leur stabilit\u00e9 et leur capacit\u00e9 \u00e0 fournir [&hellip;]<\/p>\n","protected":false},"author":1,"featured_media":0,"parent":0,"menu_order":0,"comment_status":"closed","ping_status":"closed","template":"page-templates\/template-pagebuilder-full-width.php","meta":{"footnotes":""},"class_list":["post-10920","page","type-page","status-publish","hentry"],"yoast_head":"<!-- This site is optimized with the Yoast SEO plugin v26.4 - https:\/\/yoast.com\/wordpress\/plugins\/seo\/ -->\n<title>Secteur Banque et Assurances - Martinsdelima<\/title>\n<meta name=\"robots\" content=\"index, follow, max-snippet:-1, max-image-preview:large, max-video-preview:-1\" \/>\n<link rel=\"canonical\" href=\"https:\/\/www.martinsdelima.com\/fr\/secteur-banque-et-assurances\/\" \/>\n<meta property=\"og:locale\" content=\"fr_FR\" \/>\n<meta property=\"og:type\" content=\"article\" \/>\n<meta property=\"og:title\" content=\"Secteur Banque et Assurances - Martinsdelima\" \/>\n<meta property=\"og:description\" content=\"Banque et Assurances Les banques et les compagnies d&rsquo;assurance op\u00e8rent dans un environnement fortement r\u00e9glement\u00e9, soumis \u00e0 des exigences croissantes de transparence, de solvabilit\u00e9 et de contr\u00f4le, et expos\u00e9es \u00e0 des risques op\u00e9rationnels, technologiques et de r\u00e9putation qui ont un impact direct sur leur stabilit\u00e9 et leur capacit\u00e9 \u00e0 fournir [&hellip;]\" \/>\n<meta property=\"og:url\" content=\"https:\/\/www.martinsdelima.com\/fr\/secteur-banque-et-assurances\/\" \/>\n<meta property=\"og:site_name\" content=\"Martinsdelima\" \/>\n<meta property=\"article:modified_time\" content=\"2026-02-12T10:33:52+00:00\" \/>\n<meta name=\"twitter:card\" content=\"summary_large_image\" \/>\n<meta name=\"twitter:label1\" content=\"Dur\u00e9e de lecture estim\u00e9e\" \/>\n\t<meta name=\"twitter:data1\" content=\"2 minutes\" \/>\n<script type=\"application\/ld+json\" class=\"yoast-schema-graph\">{\"@context\":\"https:\/\/schema.org\",\"@graph\":[{\"@type\":\"WebPage\",\"@id\":\"https:\/\/www.martinsdelima.com\/fr\/secteur-banque-et-assurances\/\",\"url\":\"https:\/\/www.martinsdelima.com\/fr\/secteur-banque-et-assurances\/\",\"name\":\"Secteur Banque et Assurances - Martinsdelima\",\"isPartOf\":{\"@id\":\"https:\/\/www.martinsdelima.com\/fr\/#website\"},\"datePublished\":\"2025-11-13T19:29:15+00:00\",\"dateModified\":\"2026-02-12T10:33:52+00:00\",\"breadcrumb\":{\"@id\":\"https:\/\/www.martinsdelima.com\/fr\/secteur-banque-et-assurances\/#breadcrumb\"},\"inLanguage\":\"fr-FR\",\"potentialAction\":[{\"@type\":\"ReadAction\",\"target\":[\"https:\/\/www.martinsdelima.com\/fr\/secteur-banque-et-assurances\/\"]}]},{\"@type\":\"BreadcrumbList\",\"@id\":\"https:\/\/www.martinsdelima.com\/fr\/secteur-banque-et-assurances\/#breadcrumb\",\"itemListElement\":[{\"@type\":\"ListItem\",\"position\":1,\"name\":\"Page d'accueil\",\"item\":\"https:\/\/www.martinsdelima.com\/fr\/accueil\/\"},{\"@type\":\"ListItem\",\"position\":2,\"name\":\"Secteur Banque et Assurances\"}]},{\"@type\":\"WebSite\",\"@id\":\"https:\/\/www.martinsdelima.com\/fr\/#website\",\"url\":\"https:\/\/www.martinsdelima.com\/fr\/\",\"name\":\"Martinsdelima\",\"description\":\"Forensic&amp;Finance\",\"publisher\":{\"@id\":\"https:\/\/www.martinsdelima.com\/fr\/#organization\"},\"potentialAction\":[{\"@type\":\"SearchAction\",\"target\":{\"@type\":\"EntryPoint\",\"urlTemplate\":\"https:\/\/www.martinsdelima.com\/fr\/?s={search_term_string}\"},\"query-input\":{\"@type\":\"PropertyValueSpecification\",\"valueRequired\":true,\"valueName\":\"search_term_string\"}}],\"inLanguage\":\"fr-FR\"},{\"@type\":\"Organization\",\"@id\":\"https:\/\/www.martinsdelima.com\/fr\/#organization\",\"name\":\"Martinsdelima\",\"url\":\"https:\/\/www.martinsdelima.com\/fr\/\",\"logo\":{\"@type\":\"ImageObject\",\"inLanguage\":\"fr-FR\",\"@id\":\"https:\/\/www.martinsdelima.com\/fr\/#\/schema\/logo\/image\/\",\"url\":\"https:\/\/mligy6wbr5rs.i.optimole.com\/w:auto\/h:auto\/q:mauto\/f:best\/https:\/\/www.martinsdelima.com\/wp-content\/uploads\/2025\/10\/martinsdelima-letras-claras-horizontal.png\",\"contentUrl\":\"https:\/\/mligy6wbr5rs.i.optimole.com\/w:auto\/h:auto\/q:mauto\/f:best\/https:\/\/www.martinsdelima.com\/wp-content\/uploads\/2025\/10\/martinsdelima-letras-claras-horizontal.png\",\"width\":1315,\"height\":217,\"caption\":\"Martinsdelima\"},\"image\":{\"@id\":\"https:\/\/www.martinsdelima.com\/fr\/#\/schema\/logo\/image\/\"}}]}<\/script>\n<!-- \/ Yoast SEO plugin. -->","yoast_head_json":{"title":"Secteur Banque et Assurances - Martinsdelima","robots":{"index":"index","follow":"follow","max-snippet":"max-snippet:-1","max-image-preview":"max-image-preview:large","max-video-preview":"max-video-preview:-1"},"canonical":"https:\/\/www.martinsdelima.com\/fr\/secteur-banque-et-assurances\/","og_locale":"fr_FR","og_type":"article","og_title":"Secteur Banque et Assurances - Martinsdelima","og_description":"Banque et Assurances Les banques et les compagnies d&rsquo;assurance op\u00e8rent dans un environnement fortement r\u00e9glement\u00e9, soumis \u00e0 des exigences croissantes de transparence, de solvabilit\u00e9 et de contr\u00f4le, et expos\u00e9es \u00e0 des risques op\u00e9rationnels, technologiques et de r\u00e9putation qui ont un impact direct sur leur stabilit\u00e9 et leur capacit\u00e9 \u00e0 fournir [&hellip;]","og_url":"https:\/\/www.martinsdelima.com\/fr\/secteur-banque-et-assurances\/","og_site_name":"Martinsdelima","article_modified_time":"2026-02-12T10:33:52+00:00","twitter_card":"summary_large_image","twitter_misc":{"Dur\u00e9e de lecture estim\u00e9e":"2 minutes"},"schema":{"@context":"https:\/\/schema.org","@graph":[{"@type":"WebPage","@id":"https:\/\/www.martinsdelima.com\/fr\/secteur-banque-et-assurances\/","url":"https:\/\/www.martinsdelima.com\/fr\/secteur-banque-et-assurances\/","name":"Secteur Banque et Assurances - Martinsdelima","isPartOf":{"@id":"https:\/\/www.martinsdelima.com\/fr\/#website"},"datePublished":"2025-11-13T19:29:15+00:00","dateModified":"2026-02-12T10:33:52+00:00","breadcrumb":{"@id":"https:\/\/www.martinsdelima.com\/fr\/secteur-banque-et-assurances\/#breadcrumb"},"inLanguage":"fr-FR","potentialAction":[{"@type":"ReadAction","target":["https:\/\/www.martinsdelima.com\/fr\/secteur-banque-et-assurances\/"]}]},{"@type":"BreadcrumbList","@id":"https:\/\/www.martinsdelima.com\/fr\/secteur-banque-et-assurances\/#breadcrumb","itemListElement":[{"@type":"ListItem","position":1,"name":"Page d'accueil","item":"https:\/\/www.martinsdelima.com\/fr\/accueil\/"},{"@type":"ListItem","position":2,"name":"Secteur Banque et Assurances"}]},{"@type":"WebSite","@id":"https:\/\/www.martinsdelima.com\/fr\/#website","url":"https:\/\/www.martinsdelima.com\/fr\/","name":"Martinsdelima","description":"Forensic&amp;Finance","publisher":{"@id":"https:\/\/www.martinsdelima.com\/fr\/#organization"},"potentialAction":[{"@type":"SearchAction","target":{"@type":"EntryPoint","urlTemplate":"https:\/\/www.martinsdelima.com\/fr\/?s={search_term_string}"},"query-input":{"@type":"PropertyValueSpecification","valueRequired":true,"valueName":"search_term_string"}}],"inLanguage":"fr-FR"},{"@type":"Organization","@id":"https:\/\/www.martinsdelima.com\/fr\/#organization","name":"Martinsdelima","url":"https:\/\/www.martinsdelima.com\/fr\/","logo":{"@type":"ImageObject","inLanguage":"fr-FR","@id":"https:\/\/www.martinsdelima.com\/fr\/#\/schema\/logo\/image\/","url":"https:\/\/mligy6wbr5rs.i.optimole.com\/w:auto\/h:auto\/q:mauto\/f:best\/https:\/\/www.martinsdelima.com\/wp-content\/uploads\/2025\/10\/martinsdelima-letras-claras-horizontal.png","contentUrl":"https:\/\/mligy6wbr5rs.i.optimole.com\/w:auto\/h:auto\/q:mauto\/f:best\/https:\/\/www.martinsdelima.com\/wp-content\/uploads\/2025\/10\/martinsdelima-letras-claras-horizontal.png","width":1315,"height":217,"caption":"Martinsdelima"},"image":{"@id":"https:\/\/www.martinsdelima.com\/fr\/#\/schema\/logo\/image\/"}}]}},"_links":{"self":[{"href":"https:\/\/www.martinsdelima.com\/fr\/wp-json\/wp\/v2\/pages\/10920","targetHints":{"allow":["GET"]}}],"collection":[{"href":"https:\/\/www.martinsdelima.com\/fr\/wp-json\/wp\/v2\/pages"}],"about":[{"href":"https:\/\/www.martinsdelima.com\/fr\/wp-json\/wp\/v2\/types\/page"}],"author":[{"embeddable":true,"href":"https:\/\/www.martinsdelima.com\/fr\/wp-json\/wp\/v2\/users\/1"}],"replies":[{"embeddable":true,"href":"https:\/\/www.martinsdelima.com\/fr\/wp-json\/wp\/v2\/comments?post=10920"}],"version-history":[{"count":2,"href":"https:\/\/www.martinsdelima.com\/fr\/wp-json\/wp\/v2\/pages\/10920\/revisions"}],"predecessor-version":[{"id":11708,"href":"https:\/\/www.martinsdelima.com\/fr\/wp-json\/wp\/v2\/pages\/10920\/revisions\/11708"}],"wp:attachment":[{"href":"https:\/\/www.martinsdelima.com\/fr\/wp-json\/wp\/v2\/media?parent=10920"}],"curies":[{"name":"wp","href":"https:\/\/api.w.org\/{rel}","templated":true}]}}