{"id":10944,"date":"2025-08-21T09:20:09","date_gmt":"2025-08-21T09:20:09","guid":{"rendered":"https:\/\/www.martinsdelima.com\/almudena-conde-poole\/"},"modified":"2026-02-18T18:20:57","modified_gmt":"2026-02-18T18:20:57","slug":"almudena-conde-poole","status":"publish","type":"page","link":"https:\/\/www.martinsdelima.com\/fr\/almudena-conde-poole\/","title":{"rendered":"Almudena Conde Poole"},"content":{"rendered":"\t\t<div data-elementor-type=\"wp-page\" data-elementor-id=\"10944\" class=\"elementor elementor-10944 elementor-5497\" data-elementor-post-type=\"page\">\n\t\t\t\t\t\t<section class=\"elementor-section elementor-top-section elementor-element elementor-element-6b64e77 elementor-section-full_width elementor-section-content-middle elementor-section-height-default elementor-section-height-default\" data-id=\"6b64e77\" data-element_type=\"section\">\n\t\t\t\t\t\t<div class=\"elementor-container elementor-column-gap-no\">\n\t\t\t\t\t<div class=\"elementor-column elementor-col-50 elementor-top-column elementor-element elementor-element-2f20990f\" data-id=\"2f20990f\" data-element_type=\"column\">\n\t\t\t<div class=\"elementor-widget-wrap elementor-element-populated\">\n\t\t\t\t\t\t<div class=\"elementor-element elementor-element-c161bd7 elementor-widget elementor-widget-image\" data-id=\"c161bd7\" data-element_type=\"widget\" data-widget_type=\"image.default\">\n\t\t\t\t<div class=\"elementor-widget-container\">\n\t\t\t\t\t\t\t\t\t\t\t\t\t\t\t<img data-opt-id=1701208605  fetchpriority=\"high\" decoding=\"async\" width=\"326\" height=\"326\" src=\"https:\/\/mligy6wbr5rs.i.optimole.com\/w:326\/h:326\/q:mauto\/f:best\/https:\/\/www.martinsdelima.com\/wp-content\/uploads\/2025\/08\/WhatsApp-Image-2025-06-18-at-09.14.12-modified-e1762285793863.jpg\" class=\"attachment-full size-full wp-image-10945\" alt=\"\" srcset=\"https:\/\/mligy6wbr5rs.i.optimole.com\/w:326\/h:326\/q:mauto\/f:best\/https:\/\/www.martinsdelima.com\/wp-content\/uploads\/2025\/08\/WhatsApp-Image-2025-06-18-at-09.14.12-modified-e1762285793863.jpg 326w, https:\/\/mligy6wbr5rs.i.optimole.com\/w:300\/h:300\/q:mauto\/f:best\/https:\/\/www.martinsdelima.com\/wp-content\/uploads\/2025\/08\/WhatsApp-Image-2025-06-18-at-09.14.12-modified-e1762285793863.jpg 300w, https:\/\/mligy6wbr5rs.i.optimole.com\/w:150\/h:150\/q:mauto\/f:best\/https:\/\/www.martinsdelima.com\/wp-content\/uploads\/2025\/08\/WhatsApp-Image-2025-06-18-at-09.14.12-modified-e1762285793863.jpg 150w\" sizes=\"(max-width: 326px) 100vw, 326px\" \/>\t\t\t\t\t\t\t\t\t\t\t\t\t\t\t<\/div>\n\t\t\t\t<\/div>\n\t\t\t\t\t<\/div>\n\t\t<\/div>\n\t\t\t\t<div class=\"elementor-column elementor-col-50 elementor-top-column elementor-element elementor-element-0a5a329\" data-id=\"0a5a329\" data-element_type=\"column\">\n\t\t\t<div class=\"elementor-widget-wrap elementor-element-populated\">\n\t\t\t\t\t\t<div class=\"elementor-element elementor-element-227156f elementor-widget elementor-widget-heading\" data-id=\"227156f\" data-element_type=\"widget\" data-widget_type=\"heading.default\">\n\t\t\t\t<div class=\"elementor-widget-container\">\n\t\t\t\t\t<h2 class=\"elementor-heading-title elementor-size-default\">Almudena Conde<\/h2>\t\t\t\t<\/div>\n\t\t\t\t<\/div>\n\t\t\t\t<div class=\"elementor-element elementor-element-83c9a28 elementor-widget elementor-widget-text-editor\" data-id=\"83c9a28\" data-element_type=\"widget\" data-widget_type=\"text-editor.default\">\n\t\t\t\t<div class=\"elementor-widget-container\">\n\t\t\t\t\t\t\t\t\t<p><span data-teams=\"true\"><strong>Almudena Conde<\/strong> est consultante chez <strong>martinsdelima<\/strong> et est sp\u00e9cialis\u00e9e dans l\u2019ing\u00e9nierie \u00e9lectrique et les \u00e9nergies.<\/span><\/p>\n<p><span data-teams=\"true\">Dipl\u00f4m\u00e9e en ing\u00e9nierie industrielle de l\u2019Universidad Pontificia Comillas ICAI, elle est titulaire d\u2019un master en ing\u00e9nierie industrielle et a effectu\u00e9 une partie de sa formation \u00e0 l\u2019University of Maryland (College Park).&nbsp;<\/span><\/p><p><span data-teams=\"true\">Sa formation lui a permis de consolider une base technique solide en syst\u00e8mes \u00e9lectriques, infrastructures \u00e9nerg\u00e9tiques et environnements industriels, en alliant vision technique et orientation vers l\u2019impact et l\u2019efficacit\u00e9.<\/span><\/p>\n<p><style>@font-face<br\/>\t{font-family:\"Cambria Math\";<br\/>\tpanose-1:2 4 5 3 5 4 6 3 2 4;<br\/>\tmso-font-charset:0;<br\/>\tmso-generic-font-family:roman;<br\/>\tmso-font-pitch:variable;<br\/>\tmso-font-signature:-536870145 1107305727 0 0 415 0;}@font-face<br\/>\t{font-family:Calibri;<br\/>\tpanose-1:2 15 5 2 2 2 4 3 2 4;<br\/>\tmso-font-charset:0;<br\/>\tmso-generic-font-family:swiss;<br\/>\tmso-font-pitch:variable;<br\/>\tmso-font-signature:-536859905 -1073732485 9 0 511 0;}@font-face<br\/>\t{font-family:\"AvantGarde Bk BT\";<br\/>\tpanose-1:2 11 6 4 2 2 2 2 2 4;<br\/>\tmso-font-alt:\"Avenir Light\";<br\/>\tmso-font-charset:0;<br\/>\tmso-generic-font-family:swiss;<br\/>\tmso-font-pitch:variable;<br\/>\tmso-font-signature:135 0 0 0 27 0;}p.MsoNormal, li.MsoNormal, div.MsoNormal<br\/>\t{mso-style-unhide:no;<br\/>\tmso-style-qformat:yes;<br\/>\tmso-style-parent:\"\";<br\/>\tmargin-top:0cm;<br\/>\tmargin-right:0cm;<br\/>\tmargin-bottom:8.0pt;<br\/>\tmargin-left:0cm;<br\/>\tline-height:107%;<br\/>\tmso-pagination:widow-orphan;<br\/>\tfont-size:11.0pt;<br\/>\tfont-family:\"Calibri\",sans-serif;<br\/>\tmso-ascii-font-family:Calibri;<br\/>\tmso-ascii-theme-font:minor-latin;<br\/>\tmso-fareast-font-family:Calibri;<br\/>\tmso-fareast-theme-font:minor-latin;<br\/>\tmso-hansi-font-family:Calibri;<br\/>\tmso-hansi-theme-font:minor-latin;<br\/>\tmso-bidi-font-family:\"Times New Roman\";<br\/>\tmso-bidi-theme-font:minor-bidi;<br\/>\tmso-fareast-language:EN-US;}.MsoChpDefault<br\/>\t{mso-style-type:export-only;<br\/>\tmso-default-props:yes;<br\/>\tfont-size:11.0pt;<br\/>\tmso-ansi-font-size:11.0pt;<br\/>\tmso-bidi-font-size:11.0pt;<br\/>\tfont-family:\"Calibri\",sans-serif;<br\/>\tmso-ascii-font-family:Calibri;<br\/>\tmso-ascii-theme-font:minor-latin;<br\/>\tmso-fareast-font-family:Calibri;<br\/>\tmso-fareast-theme-font:minor-latin;<br\/>\tmso-hansi-font-family:Calibri;<br\/>\tmso-hansi-theme-font:minor-latin;<br\/>\tmso-bidi-font-family:\"Times New Roman\";<br\/>\tmso-bidi-theme-font:minor-bidi;<br\/>\tmso-fareast-language:EN-US;}.MsoPapDefault<br\/>\t{mso-style-type:export-only;<br\/>\tmargin-bottom:8.0pt;<br\/>\tline-height:107%;}div.WordSection1<br\/>\t{page:WordSection1;}<\/style>\n<\/p>\n<div style=\"all: initial;\"><\/div>\t\t\t\t\t\t\t\t<\/div>\n\t\t\t\t<\/div>\n\t\t\t\t<div class=\"elementor-element elementor-element-5148c1b elementor-position-left elementor-view-default elementor-mobile-position-top elementor-widget elementor-widget-icon-box\" data-id=\"5148c1b\" data-element_type=\"widget\" data-widget_type=\"icon-box.default\">\n\t\t\t\t<div class=\"elementor-widget-container\">\n\t\t\t\t\t\t\t<div class=\"elementor-icon-box-wrapper\">\n\n\t\t\t\t\t\t<div class=\"elementor-icon-box-icon\">\n\t\t\t\t<a href=\"mailto:almudena.conde@martinsdelima.com\" class=\"elementor-icon\" tabindex=\"-1\">\n\t\t\t\t<svg xmlns:inkscape=\"http:\/\/www.inkscape.org\/namespaces\/inkscape\" xmlns:rdf=\"http:\/\/www.w3.org\/1999\/02\/22-rdf-syntax-ns#\" xmlns=\"http:\/\/www.w3.org\/2000\/svg\" xmlns:dc=\"http:\/\/purl.org\/dc\/elements\/1.1\/\" xmlns:ns1=\"http:\/\/sozi.baierouge.fr\" xmlns:cc=\"http:\/\/web.resource.org\/cc\/\" xmlns:xlink=\"http:\/\/www.w3.org\/1999\/xlink\" xmlns:sodipodi=\"http:\/\/sodipodi.sourceforge.net\/DTD\/sodipodi-0.dtd\" id=\"svg1\" viewBox=\"0 0 60 60\" y=\"0\" x=\"0\"><path id=\"path1721\" style=\"stroke-linejoin:round;stroke:#ffffff;stroke-linecap:round;stroke-width:10;fill:none\" d=\"m5.6238 15.659h48.752v28.682h-48.752l-0.0002-28.682z\"><\/path><g id=\"g1717\" transform=\"matrix(.94142 0 0 .93932 1.3731 1.2806)\"><path id=\"path589\" style=\"stroke-linejoin:round;fill-rule:evenodd;stroke:#000000;stroke-linecap:round;stroke-width:30.501;fill:#ffffff\" d=\"m69.819 119.6h303.75v171.31h-303.75l-0.001-171.31z\" transform=\"matrix(.17049 0 0 .17824 -7.3882 -6.0097)\"><\/path><path id=\"path590\" style=\"stroke-linejoin:round;stroke:#000000;stroke-linecap:round;stroke-width:19.063;fill:none\" transform=\"matrix(.17049 0 0 .17824 -7.3882 -6.0097)\" d=\"m69.819 119.6l150.12 90.41 153.63-90.41\"><\/path><\/g><metadata><\/metadata><\/svg>\t\t\t\t<\/a>\n\t\t\t<\/div>\n\t\t\t\n\t\t\t\t\t\t<div class=\"elementor-icon-box-content\">\n\n\t\t\t\t\n\t\t\t\t\t\t\t\t\t<p class=\"elementor-icon-box-description\">\n\t\t\t\t\t\talmudena.conde@martinsdelima.com\t\t\t\t\t<\/p>\n\t\t\t\t\n\t\t\t<\/div>\n\t\t\t\n\t\t<\/div>\n\t\t\t\t\t\t<\/div>\n\t\t\t\t<\/div>\n\t\t\t\t<div class=\"elementor-element elementor-element-6315c56 elementor-widget elementor-widget-button\" data-id=\"6315c56\" data-element_type=\"widget\" data-widget_type=\"button.default\">\n\t\t\t\t<div class=\"elementor-widget-container\">\n\t\t\t\t\t\t\t\t\t<div class=\"elementor-button-wrapper\">\n\t\t\t\t\t<a class=\"elementor-button elementor-button-link elementor-size-sm\" href=\"http:\/\/www.martinsdelima.com\/equipo\/\">\n\t\t\t\t\t\t<span class=\"elementor-button-content-wrapper\">\n\t\t\t\t\t\t\t\t\t<span class=\"elementor-button-text\">Retour<\/span>\n\t\t\t\t\t<\/span>\n\t\t\t\t\t<\/a>\n\t\t\t\t<\/div>\n\t\t\t\t\t\t\t\t<\/div>\n\t\t\t\t<\/div>\n\t\t\t\t\t<\/div>\n\t\t<\/div>\n\t\t\t\t\t<\/div>\n\t\t<\/section>\n\t\t\t\t<\/div>\n\t\t","protected":false},"excerpt":{"rendered":"<p>Almudena Conde Almudena Conde est consultante chez martinsdelima et est sp\u00e9cialis\u00e9e dans l\u2019ing\u00e9nierie \u00e9lectrique et les \u00e9nergies. Dipl\u00f4m\u00e9e en ing\u00e9nierie industrielle de l\u2019Universidad Pontificia Comillas ICAI, elle est titulaire d\u2019un master en ing\u00e9nierie industrielle et a effectu\u00e9 une partie de sa formation \u00e0 l\u2019University of Maryland (College Park).&nbsp; Sa formation [&hellip;]<\/p>\n","protected":false},"author":1,"featured_media":0,"parent":0,"menu_order":0,"comment_status":"closed","ping_status":"closed","template":"page-templates\/template-pagebuilder-full-width.php","meta":{"footnotes":""},"class_list":["post-10944","page","type-page","status-publish","hentry"],"yoast_head":"<!-- This site is optimized with the Yoast SEO plugin v26.4 - https:\/\/yoast.com\/wordpress\/plugins\/seo\/ -->\n<title>Almudena Conde Poole - Martinsdelima<\/title>\n<meta name=\"robots\" content=\"index, follow, max-snippet:-1, max-image-preview:large, max-video-preview:-1\" \/>\n<link rel=\"canonical\" href=\"https:\/\/www.martinsdelima.com\/fr\/almudena-conde-poole\/\" \/>\n<meta property=\"og:locale\" content=\"fr_FR\" \/>\n<meta property=\"og:type\" content=\"article\" \/>\n<meta property=\"og:title\" content=\"Almudena Conde Poole - Martinsdelima\" \/>\n<meta property=\"og:description\" content=\"Almudena Conde Almudena Conde est consultante chez martinsdelima et est sp\u00e9cialis\u00e9e dans l\u2019ing\u00e9nierie \u00e9lectrique et les \u00e9nergies. Dipl\u00f4m\u00e9e en ing\u00e9nierie industrielle de l\u2019Universidad Pontificia Comillas ICAI, elle est titulaire d\u2019un master en ing\u00e9nierie industrielle et a effectu\u00e9 une partie de sa formation \u00e0 l\u2019University of Maryland (College Park).&nbsp; Sa formation [&hellip;]\" \/>\n<meta property=\"og:url\" content=\"https:\/\/www.martinsdelima.com\/fr\/almudena-conde-poole\/\" \/>\n<meta property=\"og:site_name\" content=\"Martinsdelima\" \/>\n<meta property=\"article:modified_time\" content=\"2026-02-18T18:20:57+00:00\" \/>\n<meta property=\"og:image\" content=\"https:\/\/mligy6wbr5rs.i.optimole.com\/w:auto\/h:auto\/q:mauto\/f:best\/https:\/\/www.martinsdelima.com\/wp-content\/uploads\/2025\/08\/WhatsApp-Image-2025-06-18-at-09.14.12-modified-e1762285793863.jpg\" \/>\n\t<meta property=\"og:image:width\" content=\"326\" \/>\n\t<meta property=\"og:image:height\" content=\"326\" \/>\n\t<meta property=\"og:image:type\" content=\"image\/jpeg\" \/>\n<meta name=\"twitter:card\" content=\"summary_large_image\" \/>\n<script type=\"application\/ld+json\" class=\"yoast-schema-graph\">{\"@context\":\"https:\/\/schema.org\",\"@graph\":[{\"@type\":\"WebPage\",\"@id\":\"https:\/\/www.martinsdelima.com\/fr\/almudena-conde-poole\/\",\"url\":\"https:\/\/www.martinsdelima.com\/fr\/almudena-conde-poole\/\",\"name\":\"Almudena Conde Poole - Martinsdelima\",\"isPartOf\":{\"@id\":\"https:\/\/www.martinsdelima.com\/fr\/#website\"},\"primaryImageOfPage\":{\"@id\":\"https:\/\/www.martinsdelima.com\/fr\/almudena-conde-poole\/#primaryimage\"},\"image\":{\"@id\":\"https:\/\/www.martinsdelima.com\/fr\/almudena-conde-poole\/#primaryimage\"},\"thumbnailUrl\":\"https:\/\/mligy6wbr5rs.i.optimole.com\/w:auto\/h:auto\/q:mauto\/f:best\/https:\/\/www.martinsdelima.com\/wp-content\/uploads\/2025\/08\/WhatsApp-Image-2025-06-18-at-09.14.12-modified-e1762285793863.jpg\",\"datePublished\":\"2025-08-21T09:20:09+00:00\",\"dateModified\":\"2026-02-18T18:20:57+00:00\",\"breadcrumb\":{\"@id\":\"https:\/\/www.martinsdelima.com\/fr\/almudena-conde-poole\/#breadcrumb\"},\"inLanguage\":\"fr-FR\",\"potentialAction\":[{\"@type\":\"ReadAction\",\"target\":[\"https:\/\/www.martinsdelima.com\/fr\/almudena-conde-poole\/\"]}]},{\"@type\":\"ImageObject\",\"inLanguage\":\"fr-FR\",\"@id\":\"https:\/\/www.martinsdelima.com\/fr\/almudena-conde-poole\/#primaryimage\",\"url\":\"https:\/\/mligy6wbr5rs.i.optimole.com\/w:auto\/h:auto\/q:mauto\/f:best\/https:\/\/www.martinsdelima.com\/wp-content\/uploads\/2025\/08\/WhatsApp-Image-2025-06-18-at-09.14.12-modified-e1762285793863.jpg\",\"contentUrl\":\"https:\/\/mligy6wbr5rs.i.optimole.com\/w:auto\/h:auto\/q:mauto\/f:best\/https:\/\/www.martinsdelima.com\/wp-content\/uploads\/2025\/08\/WhatsApp-Image-2025-06-18-at-09.14.12-modified-e1762285793863.jpg\"},{\"@type\":\"BreadcrumbList\",\"@id\":\"https:\/\/www.martinsdelima.com\/fr\/almudena-conde-poole\/#breadcrumb\",\"itemListElement\":[{\"@type\":\"ListItem\",\"position\":1,\"name\":\"Page d'accueil\",\"item\":\"https:\/\/www.martinsdelima.com\/fr\/accueil\/\"},{\"@type\":\"ListItem\",\"position\":2,\"name\":\"Almudena Conde Poole\"}]},{\"@type\":\"WebSite\",\"@id\":\"https:\/\/www.martinsdelima.com\/fr\/#website\",\"url\":\"https:\/\/www.martinsdelima.com\/fr\/\",\"name\":\"Martinsdelima\",\"description\":\"Forensic&amp;Finance\",\"publisher\":{\"@id\":\"https:\/\/www.martinsdelima.com\/fr\/#organization\"},\"potentialAction\":[{\"@type\":\"SearchAction\",\"target\":{\"@type\":\"EntryPoint\",\"urlTemplate\":\"https:\/\/www.martinsdelima.com\/fr\/?s={search_term_string}\"},\"query-input\":{\"@type\":\"PropertyValueSpecification\",\"valueRequired\":true,\"valueName\":\"search_term_string\"}}],\"inLanguage\":\"fr-FR\"},{\"@type\":\"Organization\",\"@id\":\"https:\/\/www.martinsdelima.com\/fr\/#organization\",\"name\":\"Martinsdelima\",\"url\":\"https:\/\/www.martinsdelima.com\/fr\/\",\"logo\":{\"@type\":\"ImageObject\",\"inLanguage\":\"fr-FR\",\"@id\":\"https:\/\/www.martinsdelima.com\/fr\/#\/schema\/logo\/image\/\",\"url\":\"https:\/\/mligy6wbr5rs.i.optimole.com\/w:auto\/h:auto\/q:mauto\/f:best\/https:\/\/www.martinsdelima.com\/wp-content\/uploads\/2025\/10\/martinsdelima-letras-claras-horizontal.png\",\"contentUrl\":\"https:\/\/mligy6wbr5rs.i.optimole.com\/w:auto\/h:auto\/q:mauto\/f:best\/https:\/\/www.martinsdelima.com\/wp-content\/uploads\/2025\/10\/martinsdelima-letras-claras-horizontal.png\",\"width\":1315,\"height\":217,\"caption\":\"Martinsdelima\"},\"image\":{\"@id\":\"https:\/\/www.martinsdelima.com\/fr\/#\/schema\/logo\/image\/\"}}]}<\/script>\n<!-- \/ Yoast SEO plugin. -->","yoast_head_json":{"title":"Almudena Conde Poole - Martinsdelima","robots":{"index":"index","follow":"follow","max-snippet":"max-snippet:-1","max-image-preview":"max-image-preview:large","max-video-preview":"max-video-preview:-1"},"canonical":"https:\/\/www.martinsdelima.com\/fr\/almudena-conde-poole\/","og_locale":"fr_FR","og_type":"article","og_title":"Almudena Conde Poole - Martinsdelima","og_description":"Almudena Conde Almudena Conde est consultante chez martinsdelima et est sp\u00e9cialis\u00e9e dans l\u2019ing\u00e9nierie \u00e9lectrique et les \u00e9nergies. Dipl\u00f4m\u00e9e en ing\u00e9nierie industrielle de l\u2019Universidad Pontificia Comillas ICAI, elle est titulaire d\u2019un master en ing\u00e9nierie industrielle et a effectu\u00e9 une partie de sa formation \u00e0 l\u2019University of Maryland (College Park).&nbsp; Sa formation [&hellip;]","og_url":"https:\/\/www.martinsdelima.com\/fr\/almudena-conde-poole\/","og_site_name":"Martinsdelima","article_modified_time":"2026-02-18T18:20:57+00:00","og_image":[{"width":326,"height":326,"url":"https:\/\/mligy6wbr5rs.i.optimole.com\/w:auto\/h:auto\/q:mauto\/f:best\/https:\/\/www.martinsdelima.com\/wp-content\/uploads\/2025\/08\/WhatsApp-Image-2025-06-18-at-09.14.12-modified-e1762285793863.jpg","type":"image\/jpeg"}],"twitter_card":"summary_large_image","schema":{"@context":"https:\/\/schema.org","@graph":[{"@type":"WebPage","@id":"https:\/\/www.martinsdelima.com\/fr\/almudena-conde-poole\/","url":"https:\/\/www.martinsdelima.com\/fr\/almudena-conde-poole\/","name":"Almudena Conde Poole - Martinsdelima","isPartOf":{"@id":"https:\/\/www.martinsdelima.com\/fr\/#website"},"primaryImageOfPage":{"@id":"https:\/\/www.martinsdelima.com\/fr\/almudena-conde-poole\/#primaryimage"},"image":{"@id":"https:\/\/www.martinsdelima.com\/fr\/almudena-conde-poole\/#primaryimage"},"thumbnailUrl":"https:\/\/mligy6wbr5rs.i.optimole.com\/w:auto\/h:auto\/q:mauto\/f:best\/https:\/\/www.martinsdelima.com\/wp-content\/uploads\/2025\/08\/WhatsApp-Image-2025-06-18-at-09.14.12-modified-e1762285793863.jpg","datePublished":"2025-08-21T09:20:09+00:00","dateModified":"2026-02-18T18:20:57+00:00","breadcrumb":{"@id":"https:\/\/www.martinsdelima.com\/fr\/almudena-conde-poole\/#breadcrumb"},"inLanguage":"fr-FR","potentialAction":[{"@type":"ReadAction","target":["https:\/\/www.martinsdelima.com\/fr\/almudena-conde-poole\/"]}]},{"@type":"ImageObject","inLanguage":"fr-FR","@id":"https:\/\/www.martinsdelima.com\/fr\/almudena-conde-poole\/#primaryimage","url":"https:\/\/mligy6wbr5rs.i.optimole.com\/w:auto\/h:auto\/q:mauto\/f:best\/https:\/\/www.martinsdelima.com\/wp-content\/uploads\/2025\/08\/WhatsApp-Image-2025-06-18-at-09.14.12-modified-e1762285793863.jpg","contentUrl":"https:\/\/mligy6wbr5rs.i.optimole.com\/w:auto\/h:auto\/q:mauto\/f:best\/https:\/\/www.martinsdelima.com\/wp-content\/uploads\/2025\/08\/WhatsApp-Image-2025-06-18-at-09.14.12-modified-e1762285793863.jpg"},{"@type":"BreadcrumbList","@id":"https:\/\/www.martinsdelima.com\/fr\/almudena-conde-poole\/#breadcrumb","itemListElement":[{"@type":"ListItem","position":1,"name":"Page d'accueil","item":"https:\/\/www.martinsdelima.com\/fr\/accueil\/"},{"@type":"ListItem","position":2,"name":"Almudena Conde Poole"}]},{"@type":"WebSite","@id":"https:\/\/www.martinsdelima.com\/fr\/#website","url":"https:\/\/www.martinsdelima.com\/fr\/","name":"Martinsdelima","description":"Forensic&amp;Finance","publisher":{"@id":"https:\/\/www.martinsdelima.com\/fr\/#organization"},"potentialAction":[{"@type":"SearchAction","target":{"@type":"EntryPoint","urlTemplate":"https:\/\/www.martinsdelima.com\/fr\/?s={search_term_string}"},"query-input":{"@type":"PropertyValueSpecification","valueRequired":true,"valueName":"search_term_string"}}],"inLanguage":"fr-FR"},{"@type":"Organization","@id":"https:\/\/www.martinsdelima.com\/fr\/#organization","name":"Martinsdelima","url":"https:\/\/www.martinsdelima.com\/fr\/","logo":{"@type":"ImageObject","inLanguage":"fr-FR","@id":"https:\/\/www.martinsdelima.com\/fr\/#\/schema\/logo\/image\/","url":"https:\/\/mligy6wbr5rs.i.optimole.com\/w:auto\/h:auto\/q:mauto\/f:best\/https:\/\/www.martinsdelima.com\/wp-content\/uploads\/2025\/10\/martinsdelima-letras-claras-horizontal.png","contentUrl":"https:\/\/mligy6wbr5rs.i.optimole.com\/w:auto\/h:auto\/q:mauto\/f:best\/https:\/\/www.martinsdelima.com\/wp-content\/uploads\/2025\/10\/martinsdelima-letras-claras-horizontal.png","width":1315,"height":217,"caption":"Martinsdelima"},"image":{"@id":"https:\/\/www.martinsdelima.com\/fr\/#\/schema\/logo\/image\/"}}]}},"_links":{"self":[{"href":"https:\/\/www.martinsdelima.com\/fr\/wp-json\/wp\/v2\/pages\/10944","targetHints":{"allow":["GET"]}}],"collection":[{"href":"https:\/\/www.martinsdelima.com\/fr\/wp-json\/wp\/v2\/pages"}],"about":[{"href":"https:\/\/www.martinsdelima.com\/fr\/wp-json\/wp\/v2\/types\/page"}],"author":[{"embeddable":true,"href":"https:\/\/www.martinsdelima.com\/fr\/wp-json\/wp\/v2\/users\/1"}],"replies":[{"embeddable":true,"href":"https:\/\/www.martinsdelima.com\/fr\/wp-json\/wp\/v2\/comments?post=10944"}],"version-history":[{"count":3,"href":"https:\/\/www.martinsdelima.com\/fr\/wp-json\/wp\/v2\/pages\/10944\/revisions"}],"predecessor-version":[{"id":12555,"href":"https:\/\/www.martinsdelima.com\/fr\/wp-json\/wp\/v2\/pages\/10944\/revisions\/12555"}],"wp:attachment":[{"href":"https:\/\/www.martinsdelima.com\/fr\/wp-json\/wp\/v2\/media?parent=10944"}],"curies":[{"name":"wp","href":"https:\/\/api.w.org\/{rel}","templated":true}]}}