{"id":11029,"date":"2023-11-15T16:09:10","date_gmt":"2023-11-15T16:09:10","guid":{"rendered":"https:\/\/www.martinsdelima.com\/rafa-de-corral\/"},"modified":"2026-02-17T17:48:05","modified_gmt":"2026-02-17T17:48:05","slug":"rafa-de-corral","status":"publish","type":"page","link":"https:\/\/www.martinsdelima.com\/fr\/rafa-de-corral\/","title":{"rendered":"Rafa de Corral"},"content":{"rendered":"\t\t<div data-elementor-type=\"wp-page\" data-elementor-id=\"11029\" class=\"elementor elementor-11029 elementor-5052\" data-elementor-post-type=\"page\">\n\t\t\t\t\t\t<section class=\"elementor-section elementor-top-section elementor-element elementor-element-6d488d2 elementor-section-full_width elementor-section-content-middle elementor-section-height-default elementor-section-height-default\" data-id=\"6d488d2\" data-element_type=\"section\">\n\t\t\t\t\t\t<div class=\"elementor-container elementor-column-gap-no\">\n\t\t\t\t\t<div class=\"elementor-column elementor-col-50 elementor-top-column elementor-element elementor-element-cfa2a24\" data-id=\"cfa2a24\" data-element_type=\"column\">\n\t\t\t<div class=\"elementor-widget-wrap elementor-element-populated\">\n\t\t\t\t\t\t<div class=\"elementor-element elementor-element-c83774d elementor-widget elementor-widget-image\" data-id=\"c83774d\" data-element_type=\"widget\" data-widget_type=\"image.default\">\n\t\t\t\t<div class=\"elementor-widget-container\">\n\t\t\t\t\t\t\t\t\t\t\t\t\t\t\t<img data-opt-id=331756326  fetchpriority=\"high\" decoding=\"async\" src=\"https:\/\/mligy6wbr5rs.i.optimole.com\/w:400\/h:434\/q:mauto\/f:best\/https:\/\/www.martinsdelima.com\/wp-content\/uploads\/2023\/11\/WhatsApp-Image-2023-11-15-at-14.36.21.jpeg\" title=\"WhatsApp Image 2023-11-15 at 14.36.21\" alt=\"WhatsApp Image 2023-11-15 at 14.36.21\" loading=\"lazy\" \/>\t\t\t\t\t\t\t\t\t\t\t\t\t\t\t<\/div>\n\t\t\t\t<\/div>\n\t\t\t\t\t<\/div>\n\t\t<\/div>\n\t\t\t\t<div class=\"elementor-column elementor-col-50 elementor-top-column elementor-element elementor-element-d341fda\" data-id=\"d341fda\" data-element_type=\"column\">\n\t\t\t<div class=\"elementor-widget-wrap elementor-element-populated\">\n\t\t\t\t\t\t<div class=\"elementor-element elementor-element-d5e8e59 elementor-widget elementor-widget-heading\" data-id=\"d5e8e59\" data-element_type=\"widget\" data-widget_type=\"heading.default\">\n\t\t\t\t<div class=\"elementor-widget-container\">\n\t\t\t\t\t<h2 class=\"elementor-heading-title elementor-size-default\">Rafael de Corral<\/h2>\t\t\t\t<\/div>\n\t\t\t\t<\/div>\n\t\t\t\t<div class=\"elementor-element elementor-element-8dea1b1 elementor-widget elementor-widget-text-editor\" data-id=\"8dea1b1\" data-element_type=\"widget\" data-widget_type=\"text-editor.default\">\n\t\t\t\t<div class=\"elementor-widget-container\">\n\t\t\t\t\t\t\t\t\t<p><b>Rafael de Corral<\/b> collabore au d\u00e9veloppement commercial en apportant son exp\u00e9rience en conseil RH \u00e0 toutes les \u00e9tapes de la gestion des talents : recrutement, d\u00e9veloppement et d\u00e9part. Habitu\u00e9 \u00e0 travailler avec des entreprises en cours de restructuration, en coordination avec les services RH et des cabinets d\u2019avocats. &nbsp;<\/p>\n<p>Licenci\u00e9 en droit de l&rsquo;Universit\u00e9 San Pablo CEU.&nbsp;<\/p>\n<p>Tout au long de son parcours professionnel, il a collabor\u00e9 avec des entreprises telles que UOC Corporate, ARS Outplacement, RCI, MOA, Groupe BPI ou Almena, et collabore actuellement avec Martinsdelima.&nbsp;<\/p>\n<p><\/p>\t\t\t\t\t\t\t\t<\/div>\n\t\t\t\t<\/div>\n\t\t\t\t<div class=\"elementor-element elementor-element-1e30da8 elementor-position-left elementor-view-default elementor-mobile-position-top elementor-widget elementor-widget-icon-box\" data-id=\"1e30da8\" data-element_type=\"widget\" data-widget_type=\"icon-box.default\">\n\t\t\t\t<div class=\"elementor-widget-container\">\n\t\t\t\t\t\t\t<div class=\"elementor-icon-box-wrapper\">\n\n\t\t\t\t\t\t<div class=\"elementor-icon-box-icon\">\n\t\t\t\t<a href=\"mailto:rafa.decorral@martinsdelima.com\" class=\"elementor-icon\" tabindex=\"-1\">\n\t\t\t\t<svg xmlns:inkscape=\"http:\/\/www.inkscape.org\/namespaces\/inkscape\" xmlns:rdf=\"http:\/\/www.w3.org\/1999\/02\/22-rdf-syntax-ns#\" xmlns=\"http:\/\/www.w3.org\/2000\/svg\" xmlns:dc=\"http:\/\/purl.org\/dc\/elements\/1.1\/\" xmlns:ns1=\"http:\/\/sozi.baierouge.fr\" xmlns:cc=\"http:\/\/web.resource.org\/cc\/\" xmlns:xlink=\"http:\/\/www.w3.org\/1999\/xlink\" xmlns:sodipodi=\"http:\/\/sodipodi.sourceforge.net\/DTD\/sodipodi-0.dtd\" id=\"svg1\" viewBox=\"0 0 60 60\" y=\"0\" x=\"0\"><path id=\"path1721\" style=\"stroke-linejoin:round;stroke:#ffffff;stroke-linecap:round;stroke-width:10;fill:none\" d=\"m5.6238 15.659h48.752v28.682h-48.752l-0.0002-28.682z\"><\/path><g id=\"g1717\" transform=\"matrix(.94142 0 0 .93932 1.3731 1.2806)\"><path id=\"path589\" style=\"stroke-linejoin:round;fill-rule:evenodd;stroke:#000000;stroke-linecap:round;stroke-width:30.501;fill:#ffffff\" d=\"m69.819 119.6h303.75v171.31h-303.75l-0.001-171.31z\" transform=\"matrix(.17049 0 0 .17824 -7.3882 -6.0097)\"><\/path><path id=\"path590\" style=\"stroke-linejoin:round;stroke:#000000;stroke-linecap:round;stroke-width:19.063;fill:none\" transform=\"matrix(.17049 0 0 .17824 -7.3882 -6.0097)\" d=\"m69.819 119.6l150.12 90.41 153.63-90.41\"><\/path><\/g><metadata><\/metadata><\/svg>\t\t\t\t<\/a>\n\t\t\t<\/div>\n\t\t\t\n\t\t\t\t\t\t<div class=\"elementor-icon-box-content\">\n\n\t\t\t\t\n\t\t\t\t\t\t\t\t\t<p class=\"elementor-icon-box-description\">\n\t\t\t\t\t\trafa.decorral@martinsdelima.com\t\t\t\t\t<\/p>\n\t\t\t\t\n\t\t\t<\/div>\n\t\t\t\n\t\t<\/div>\n\t\t\t\t\t\t<\/div>\n\t\t\t\t<\/div>\n\t\t\t\t<div class=\"elementor-element elementor-element-355e074 elementor-widget elementor-widget-button\" data-id=\"355e074\" data-element_type=\"widget\" data-widget_type=\"button.default\">\n\t\t\t\t<div class=\"elementor-widget-container\">\n\t\t\t\t\t\t\t\t\t<div class=\"elementor-button-wrapper\">\n\t\t\t\t\t<a class=\"elementor-button elementor-button-link elementor-size-sm\" href=\"http:\/\/www.martinsdelima.com\/equipo\/\">\n\t\t\t\t\t\t<span class=\"elementor-button-content-wrapper\">\n\t\t\t\t\t\t\t\t\t<span class=\"elementor-button-text\">Retour<\/span>\n\t\t\t\t\t<\/span>\n\t\t\t\t\t<\/a>\n\t\t\t\t<\/div>\n\t\t\t\t\t\t\t\t<\/div>\n\t\t\t\t<\/div>\n\t\t\t\t\t<\/div>\n\t\t<\/div>\n\t\t\t\t\t<\/div>\n\t\t<\/section>\n\t\t\t\t<\/div>\n\t\t","protected":false},"excerpt":{"rendered":"<p>Rafael de Corral Rafael de Corral collabore au d\u00e9veloppement commercial en apportant son exp\u00e9rience en conseil RH \u00e0 toutes les \u00e9tapes de la gestion des talents : recrutement, d\u00e9veloppement et d\u00e9part. Habitu\u00e9 \u00e0 travailler avec des entreprises en cours de restructuration, en coordination avec les services RH et des cabinets [&hellip;]<\/p>\n","protected":false},"author":1,"featured_media":0,"parent":0,"menu_order":0,"comment_status":"closed","ping_status":"closed","template":"page-templates\/template-pagebuilder-full-width.php","meta":{"footnotes":""},"class_list":["post-11029","page","type-page","status-publish","hentry"],"yoast_head":"<!-- This site is optimized with the Yoast SEO plugin v26.4 - https:\/\/yoast.com\/wordpress\/plugins\/seo\/ -->\n<title>Rafa de Corral - Martinsdelima<\/title>\n<meta name=\"robots\" content=\"index, follow, max-snippet:-1, max-image-preview:large, max-video-preview:-1\" \/>\n<link rel=\"canonical\" href=\"https:\/\/www.martinsdelima.com\/fr\/rafa-de-corral\/\" \/>\n<meta property=\"og:locale\" content=\"fr_FR\" \/>\n<meta property=\"og:type\" content=\"article\" \/>\n<meta property=\"og:title\" content=\"Rafa de Corral - Martinsdelima\" \/>\n<meta property=\"og:description\" content=\"Rafael de Corral Rafael de Corral collabore au d\u00e9veloppement commercial en apportant son exp\u00e9rience en conseil RH \u00e0 toutes les \u00e9tapes de la gestion des talents : recrutement, d\u00e9veloppement et d\u00e9part. Habitu\u00e9 \u00e0 travailler avec des entreprises en cours de restructuration, en coordination avec les services RH et des cabinets [&hellip;]\" \/>\n<meta property=\"og:url\" content=\"https:\/\/www.martinsdelima.com\/fr\/rafa-de-corral\/\" \/>\n<meta property=\"og:site_name\" content=\"Martinsdelima\" \/>\n<meta property=\"article:modified_time\" content=\"2026-02-17T17:48:05+00:00\" \/>\n<meta property=\"og:image\" content=\"https:\/\/mligy6wbr5rs.i.optimole.com\/w:auto\/h:auto\/q:mauto\/f:best\/https:\/\/www.martinsdelima.com\/wp-content\/uploads\/elementor\/thumbs\/WhatsApp-Image-2023-11-15-at-14.36.21-qfee4y28ctk6cp6xpsm6jtim74oeqdajix872in8j8.jpeg\" \/>\n<meta name=\"twitter:card\" content=\"summary_large_image\" \/>\n<script type=\"application\/ld+json\" class=\"yoast-schema-graph\">{\"@context\":\"https:\/\/schema.org\",\"@graph\":[{\"@type\":\"WebPage\",\"@id\":\"https:\/\/www.martinsdelima.com\/fr\/rafa-de-corral\/\",\"url\":\"https:\/\/www.martinsdelima.com\/fr\/rafa-de-corral\/\",\"name\":\"Rafa de Corral - Martinsdelima\",\"isPartOf\":{\"@id\":\"https:\/\/www.martinsdelima.com\/fr\/#website\"},\"primaryImageOfPage\":{\"@id\":\"https:\/\/www.martinsdelima.com\/fr\/rafa-de-corral\/#primaryimage\"},\"image\":{\"@id\":\"https:\/\/www.martinsdelima.com\/fr\/rafa-de-corral\/#primaryimage\"},\"thumbnailUrl\":\"https:\/\/mligy6wbr5rs.i.optimole.com\/w:auto\/h:auto\/q:mauto\/f:best\/https:\/\/www.martinsdelima.com\/wp-content\/uploads\/elementor\/thumbs\/WhatsApp-Image-2023-11-15-at-14.36.21-qfee4y28ctk6cp6xpsm6jtim74oeqdajix872in8j8.jpeg\",\"datePublished\":\"2023-11-15T16:09:10+00:00\",\"dateModified\":\"2026-02-17T17:48:05+00:00\",\"breadcrumb\":{\"@id\":\"https:\/\/www.martinsdelima.com\/fr\/rafa-de-corral\/#breadcrumb\"},\"inLanguage\":\"fr-FR\",\"potentialAction\":[{\"@type\":\"ReadAction\",\"target\":[\"https:\/\/www.martinsdelima.com\/fr\/rafa-de-corral\/\"]}]},{\"@type\":\"ImageObject\",\"inLanguage\":\"fr-FR\",\"@id\":\"https:\/\/www.martinsdelima.com\/fr\/rafa-de-corral\/#primaryimage\",\"url\":\"https:\/\/mligy6wbr5rs.i.optimole.com\/w:auto\/h:auto\/q:mauto\/f:best\/https:\/\/www.martinsdelima.com\/wp-content\/uploads\/elementor\/thumbs\/WhatsApp-Image-2023-11-15-at-14.36.21-qfee4y28ctk6cp6xpsm6jtim74oeqdajix872in8j8.jpeg\",\"contentUrl\":\"https:\/\/mligy6wbr5rs.i.optimole.com\/w:auto\/h:auto\/q:mauto\/f:best\/https:\/\/www.martinsdelima.com\/wp-content\/uploads\/elementor\/thumbs\/WhatsApp-Image-2023-11-15-at-14.36.21-qfee4y28ctk6cp6xpsm6jtim74oeqdajix872in8j8.jpeg\"},{\"@type\":\"BreadcrumbList\",\"@id\":\"https:\/\/www.martinsdelima.com\/fr\/rafa-de-corral\/#breadcrumb\",\"itemListElement\":[{\"@type\":\"ListItem\",\"position\":1,\"name\":\"Page d'accueil\",\"item\":\"https:\/\/www.martinsdelima.com\/fr\/accueil\/\"},{\"@type\":\"ListItem\",\"position\":2,\"name\":\"Rafa de Corral\"}]},{\"@type\":\"WebSite\",\"@id\":\"https:\/\/www.martinsdelima.com\/fr\/#website\",\"url\":\"https:\/\/www.martinsdelima.com\/fr\/\",\"name\":\"Martinsdelima\",\"description\":\"Forensic&amp;Finance\",\"publisher\":{\"@id\":\"https:\/\/www.martinsdelima.com\/fr\/#organization\"},\"potentialAction\":[{\"@type\":\"SearchAction\",\"target\":{\"@type\":\"EntryPoint\",\"urlTemplate\":\"https:\/\/www.martinsdelima.com\/fr\/?s={search_term_string}\"},\"query-input\":{\"@type\":\"PropertyValueSpecification\",\"valueRequired\":true,\"valueName\":\"search_term_string\"}}],\"inLanguage\":\"fr-FR\"},{\"@type\":\"Organization\",\"@id\":\"https:\/\/www.martinsdelima.com\/fr\/#organization\",\"name\":\"Martinsdelima\",\"url\":\"https:\/\/www.martinsdelima.com\/fr\/\",\"logo\":{\"@type\":\"ImageObject\",\"inLanguage\":\"fr-FR\",\"@id\":\"https:\/\/www.martinsdelima.com\/fr\/#\/schema\/logo\/image\/\",\"url\":\"https:\/\/mligy6wbr5rs.i.optimole.com\/w:auto\/h:auto\/q:mauto\/f:best\/https:\/\/www.martinsdelima.com\/wp-content\/uploads\/2025\/10\/martinsdelima-letras-claras-horizontal.png\",\"contentUrl\":\"https:\/\/mligy6wbr5rs.i.optimole.com\/w:auto\/h:auto\/q:mauto\/f:best\/https:\/\/www.martinsdelima.com\/wp-content\/uploads\/2025\/10\/martinsdelima-letras-claras-horizontal.png\",\"width\":1315,\"height\":217,\"caption\":\"Martinsdelima\"},\"image\":{\"@id\":\"https:\/\/www.martinsdelima.com\/fr\/#\/schema\/logo\/image\/\"}}]}<\/script>\n<!-- \/ Yoast SEO plugin. -->","yoast_head_json":{"title":"Rafa de Corral - Martinsdelima","robots":{"index":"index","follow":"follow","max-snippet":"max-snippet:-1","max-image-preview":"max-image-preview:large","max-video-preview":"max-video-preview:-1"},"canonical":"https:\/\/www.martinsdelima.com\/fr\/rafa-de-corral\/","og_locale":"fr_FR","og_type":"article","og_title":"Rafa de Corral - Martinsdelima","og_description":"Rafael de Corral Rafael de Corral collabore au d\u00e9veloppement commercial en apportant son exp\u00e9rience en conseil RH \u00e0 toutes les \u00e9tapes de la gestion des talents : recrutement, d\u00e9veloppement et d\u00e9part. Habitu\u00e9 \u00e0 travailler avec des entreprises en cours de restructuration, en coordination avec les services RH et des cabinets [&hellip;]","og_url":"https:\/\/www.martinsdelima.com\/fr\/rafa-de-corral\/","og_site_name":"Martinsdelima","article_modified_time":"2026-02-17T17:48:05+00:00","og_image":[{"url":"https:\/\/mligy6wbr5rs.i.optimole.com\/w:auto\/h:auto\/q:mauto\/f:best\/https:\/\/www.martinsdelima.com\/wp-content\/uploads\/elementor\/thumbs\/WhatsApp-Image-2023-11-15-at-14.36.21-qfee4y28ctk6cp6xpsm6jtim74oeqdajix872in8j8.jpeg","type":"","width":"","height":""}],"twitter_card":"summary_large_image","schema":{"@context":"https:\/\/schema.org","@graph":[{"@type":"WebPage","@id":"https:\/\/www.martinsdelima.com\/fr\/rafa-de-corral\/","url":"https:\/\/www.martinsdelima.com\/fr\/rafa-de-corral\/","name":"Rafa de Corral - Martinsdelima","isPartOf":{"@id":"https:\/\/www.martinsdelima.com\/fr\/#website"},"primaryImageOfPage":{"@id":"https:\/\/www.martinsdelima.com\/fr\/rafa-de-corral\/#primaryimage"},"image":{"@id":"https:\/\/www.martinsdelima.com\/fr\/rafa-de-corral\/#primaryimage"},"thumbnailUrl":"https:\/\/mligy6wbr5rs.i.optimole.com\/w:auto\/h:auto\/q:mauto\/f:best\/https:\/\/www.martinsdelima.com\/wp-content\/uploads\/elementor\/thumbs\/WhatsApp-Image-2023-11-15-at-14.36.21-qfee4y28ctk6cp6xpsm6jtim74oeqdajix872in8j8.jpeg","datePublished":"2023-11-15T16:09:10+00:00","dateModified":"2026-02-17T17:48:05+00:00","breadcrumb":{"@id":"https:\/\/www.martinsdelima.com\/fr\/rafa-de-corral\/#breadcrumb"},"inLanguage":"fr-FR","potentialAction":[{"@type":"ReadAction","target":["https:\/\/www.martinsdelima.com\/fr\/rafa-de-corral\/"]}]},{"@type":"ImageObject","inLanguage":"fr-FR","@id":"https:\/\/www.martinsdelima.com\/fr\/rafa-de-corral\/#primaryimage","url":"https:\/\/mligy6wbr5rs.i.optimole.com\/w:auto\/h:auto\/q:mauto\/f:best\/https:\/\/www.martinsdelima.com\/wp-content\/uploads\/elementor\/thumbs\/WhatsApp-Image-2023-11-15-at-14.36.21-qfee4y28ctk6cp6xpsm6jtim74oeqdajix872in8j8.jpeg","contentUrl":"https:\/\/mligy6wbr5rs.i.optimole.com\/w:auto\/h:auto\/q:mauto\/f:best\/https:\/\/www.martinsdelima.com\/wp-content\/uploads\/elementor\/thumbs\/WhatsApp-Image-2023-11-15-at-14.36.21-qfee4y28ctk6cp6xpsm6jtim74oeqdajix872in8j8.jpeg"},{"@type":"BreadcrumbList","@id":"https:\/\/www.martinsdelima.com\/fr\/rafa-de-corral\/#breadcrumb","itemListElement":[{"@type":"ListItem","position":1,"name":"Page d'accueil","item":"https:\/\/www.martinsdelima.com\/fr\/accueil\/"},{"@type":"ListItem","position":2,"name":"Rafa de Corral"}]},{"@type":"WebSite","@id":"https:\/\/www.martinsdelima.com\/fr\/#website","url":"https:\/\/www.martinsdelima.com\/fr\/","name":"Martinsdelima","description":"Forensic&amp;Finance","publisher":{"@id":"https:\/\/www.martinsdelima.com\/fr\/#organization"},"potentialAction":[{"@type":"SearchAction","target":{"@type":"EntryPoint","urlTemplate":"https:\/\/www.martinsdelima.com\/fr\/?s={search_term_string}"},"query-input":{"@type":"PropertyValueSpecification","valueRequired":true,"valueName":"search_term_string"}}],"inLanguage":"fr-FR"},{"@type":"Organization","@id":"https:\/\/www.martinsdelima.com\/fr\/#organization","name":"Martinsdelima","url":"https:\/\/www.martinsdelima.com\/fr\/","logo":{"@type":"ImageObject","inLanguage":"fr-FR","@id":"https:\/\/www.martinsdelima.com\/fr\/#\/schema\/logo\/image\/","url":"https:\/\/mligy6wbr5rs.i.optimole.com\/w:auto\/h:auto\/q:mauto\/f:best\/https:\/\/www.martinsdelima.com\/wp-content\/uploads\/2025\/10\/martinsdelima-letras-claras-horizontal.png","contentUrl":"https:\/\/mligy6wbr5rs.i.optimole.com\/w:auto\/h:auto\/q:mauto\/f:best\/https:\/\/www.martinsdelima.com\/wp-content\/uploads\/2025\/10\/martinsdelima-letras-claras-horizontal.png","width":1315,"height":217,"caption":"Martinsdelima"},"image":{"@id":"https:\/\/www.martinsdelima.com\/fr\/#\/schema\/logo\/image\/"}}]}},"_links":{"self":[{"href":"https:\/\/www.martinsdelima.com\/fr\/wp-json\/wp\/v2\/pages\/11029","targetHints":{"allow":["GET"]}}],"collection":[{"href":"https:\/\/www.martinsdelima.com\/fr\/wp-json\/wp\/v2\/pages"}],"about":[{"href":"https:\/\/www.martinsdelima.com\/fr\/wp-json\/wp\/v2\/types\/page"}],"author":[{"embeddable":true,"href":"https:\/\/www.martinsdelima.com\/fr\/wp-json\/wp\/v2\/users\/1"}],"replies":[{"embeddable":true,"href":"https:\/\/www.martinsdelima.com\/fr\/wp-json\/wp\/v2\/comments?post=11029"}],"version-history":[{"count":2,"href":"https:\/\/www.martinsdelima.com\/fr\/wp-json\/wp\/v2\/pages\/11029\/revisions"}],"predecessor-version":[{"id":12496,"href":"https:\/\/www.martinsdelima.com\/fr\/wp-json\/wp\/v2\/pages\/11029\/revisions\/12496"}],"wp:attachment":[{"href":"https:\/\/www.martinsdelima.com\/fr\/wp-json\/wp\/v2\/media?parent=11029"}],"curies":[{"name":"wp","href":"https:\/\/api.w.org\/{rel}","templated":true}]}}