{"id":11050,"date":"2023-02-07T13:15:08","date_gmt":"2023-02-07T13:15:08","guid":{"rendered":"https:\/\/www.martinsdelima.com\/gerardo-de-miguel\/"},"modified":"2026-02-08T20:03:24","modified_gmt":"2026-02-08T20:03:24","slug":"gerardo-de-miguel","status":"publish","type":"page","link":"https:\/\/www.martinsdelima.com\/fr\/gerardo-de-miguel\/","title":{"rendered":"Gerardo de Miguel"},"content":{"rendered":"\t\t<div data-elementor-type=\"wp-page\" data-elementor-id=\"11050\" class=\"elementor elementor-11050 elementor-2232\" data-elementor-post-type=\"page\">\n\t\t\t\t\t\t<section class=\"elementor-section elementor-top-section elementor-element elementor-element-6b64e77 elementor-section-full_width elementor-section-content-middle elementor-section-height-default elementor-section-height-default\" data-id=\"6b64e77\" data-element_type=\"section\">\n\t\t\t\t\t\t<div class=\"elementor-container elementor-column-gap-no\">\n\t\t\t\t\t<div class=\"elementor-column elementor-col-50 elementor-top-column elementor-element elementor-element-2f20990f\" data-id=\"2f20990f\" data-element_type=\"column\">\n\t\t\t<div class=\"elementor-widget-wrap elementor-element-populated\">\n\t\t\t\t\t\t<div class=\"elementor-element elementor-element-c161bd7 elementor-widget elementor-widget-image\" data-id=\"c161bd7\" data-element_type=\"widget\" data-widget_type=\"image.default\">\n\t\t\t\t<div class=\"elementor-widget-container\">\n\t\t\t\t\t\t\t\t\t\t\t\t\t\t\t<img data-opt-id=1614922739  fetchpriority=\"high\" decoding=\"async\" src=\"https:\/\/mligy6wbr5rs.i.optimole.com\/w:400\/h:434\/q:mauto\/f:best\/https:\/\/www.martinsdelima.com\/wp-content\/uploads\/2023\/02\/deMiquel2-e1762287571941.jpg\" title=\"deMiquel2\" alt=\"deMiquel2\" loading=\"lazy\" \/>\t\t\t\t\t\t\t\t\t\t\t\t\t\t\t<\/div>\n\t\t\t\t<\/div>\n\t\t\t\t\t<\/div>\n\t\t<\/div>\n\t\t\t\t<div class=\"elementor-column elementor-col-50 elementor-top-column elementor-element elementor-element-0a5a329\" data-id=\"0a5a329\" data-element_type=\"column\">\n\t\t\t<div class=\"elementor-widget-wrap elementor-element-populated\">\n\t\t\t\t\t\t<div class=\"elementor-element elementor-element-227156f elementor-widget elementor-widget-heading\" data-id=\"227156f\" data-element_type=\"widget\" data-widget_type=\"heading.default\">\n\t\t\t\t<div class=\"elementor-widget-container\">\n\t\t\t\t\t<h2 class=\"elementor-heading-title elementor-size-default\">Gerardo de Miguel<\/h2>\t\t\t\t<\/div>\n\t\t\t\t<\/div>\n\t\t\t\t<div class=\"elementor-element elementor-element-83c9a28 elementor-widget elementor-widget-text-editor\" data-id=\"83c9a28\" data-element_type=\"widget\" data-widget_type=\"text-editor.default\">\n\t\t\t\t<div class=\"elementor-widget-container\">\n\t\t\t\t\t\t\t\t\t<p><strong><span>Gerardo de Miguel<\/span><\/strong><span> poss\u00e8de plus de 20 ans d\u2019exp\u00e9rience, la plupart acquise au sein de la soci\u00e9t\u00e9 Agrimensor Topograf\u00eda en tant que sp\u00e9cialiste en topographie, cartographie (relev\u00e9s topographiques, relev\u00e9s planim\u00e9triques, calculs de surface, d\u00e9nivel\u00e9s, rapports d\u2019expertise, \u00e9tudes historiques de la propri\u00e9t\u00e9, rapports de coordonn\u00e9es et fichiers GML, validations cadastrales, ainsi que des implantations et contr\u00f4le d\u2019ouvrages).<\/span><\/p><p><\/p><p><span>Outre sa contribution \u00e0 cette soci\u00e9t\u00e9, il exerce en tant qu\u2019expert judiciaire et expert en topographie chez <strong>martinsdelima<\/strong>.<\/span><\/p><p><\/p><p><span>Titulaire d\u2019un dipl\u00f4me d\u2019ing\u00e9nieur technicien en topographie de l\u2019Universit\u00e9 Polytechnique de Madrid, il a compl\u00e9t\u00e9 sa formation par un cours de Th\u00e9orie et Pratique de l\u2019Expertise Judiciaire au sein de l\u2019Ordre des Topographes.<\/span><\/p>\t\t\t\t\t\t\t\t<\/div>\n\t\t\t\t<\/div>\n\t\t\t\t<div class=\"elementor-element elementor-element-5148c1b elementor-position-left elementor-view-default elementor-mobile-position-top elementor-widget elementor-widget-icon-box\" data-id=\"5148c1b\" data-element_type=\"widget\" data-widget_type=\"icon-box.default\">\n\t\t\t\t<div class=\"elementor-widget-container\">\n\t\t\t\t\t\t\t<div class=\"elementor-icon-box-wrapper\">\n\n\t\t\t\t\t\t<div class=\"elementor-icon-box-icon\">\n\t\t\t\t<a href=\"mailto:gerardo.demiguel@martinsdelima.com\" class=\"elementor-icon\" tabindex=\"-1\">\n\t\t\t\t<svg xmlns:inkscape=\"http:\/\/www.inkscape.org\/namespaces\/inkscape\" xmlns:rdf=\"http:\/\/www.w3.org\/1999\/02\/22-rdf-syntax-ns#\" xmlns=\"http:\/\/www.w3.org\/2000\/svg\" xmlns:dc=\"http:\/\/purl.org\/dc\/elements\/1.1\/\" xmlns:ns1=\"http:\/\/sozi.baierouge.fr\" xmlns:cc=\"http:\/\/web.resource.org\/cc\/\" xmlns:xlink=\"http:\/\/www.w3.org\/1999\/xlink\" xmlns:sodipodi=\"http:\/\/sodipodi.sourceforge.net\/DTD\/sodipodi-0.dtd\" id=\"svg1\" viewBox=\"0 0 60 60\" y=\"0\" x=\"0\"><path id=\"path1721\" style=\"stroke-linejoin:round;stroke:#ffffff;stroke-linecap:round;stroke-width:10;fill:none\" d=\"m5.6238 15.659h48.752v28.682h-48.752l-0.0002-28.682z\"><\/path><g id=\"g1717\" transform=\"matrix(.94142 0 0 .93932 1.3731 1.2806)\"><path id=\"path589\" style=\"stroke-linejoin:round;fill-rule:evenodd;stroke:#000000;stroke-linecap:round;stroke-width:30.501;fill:#ffffff\" d=\"m69.819 119.6h303.75v171.31h-303.75l-0.001-171.31z\" transform=\"matrix(.17049 0 0 .17824 -7.3882 -6.0097)\"><\/path><path id=\"path590\" style=\"stroke-linejoin:round;stroke:#000000;stroke-linecap:round;stroke-width:19.063;fill:none\" transform=\"matrix(.17049 0 0 .17824 -7.3882 -6.0097)\" d=\"m69.819 119.6l150.12 90.41 153.63-90.41\"><\/path><\/g><metadata><\/metadata><\/svg>\t\t\t\t<\/a>\n\t\t\t<\/div>\n\t\t\t\n\t\t\t\t\t\t<div class=\"elementor-icon-box-content\">\n\n\t\t\t\t\n\t\t\t\t\t\t\t\t\t<p class=\"elementor-icon-box-description\">\n\t\t\t\t\t\tgerardo.demiguel@martinsdelima.com\t\t\t\t\t<\/p>\n\t\t\t\t\n\t\t\t<\/div>\n\t\t\t\n\t\t<\/div>\n\t\t\t\t\t\t<\/div>\n\t\t\t\t<\/div>\n\t\t\t\t<div class=\"elementor-element elementor-element-6315c56 elementor-widget elementor-widget-button\" data-id=\"6315c56\" data-element_type=\"widget\" data-widget_type=\"button.default\">\n\t\t\t\t<div class=\"elementor-widget-container\">\n\t\t\t\t\t\t\t\t\t<div class=\"elementor-button-wrapper\">\n\t\t\t\t\t<a class=\"elementor-button elementor-button-link elementor-size-sm\" href=\"http:\/\/www.martinsdelima.com\/equipo\/\">\n\t\t\t\t\t\t<span class=\"elementor-button-content-wrapper\">\n\t\t\t\t\t\t\t\t\t<span class=\"elementor-button-text\">Retour<\/span>\n\t\t\t\t\t<\/span>\n\t\t\t\t\t<\/a>\n\t\t\t\t<\/div>\n\t\t\t\t\t\t\t\t<\/div>\n\t\t\t\t<\/div>\n\t\t\t\t\t<\/div>\n\t\t<\/div>\n\t\t\t\t\t<\/div>\n\t\t<\/section>\n\t\t\t\t<\/div>\n\t\t","protected":false},"excerpt":{"rendered":"<p>Gerardo de Miguel Gerardo de Miguel poss\u00e8de plus de 20 ans d\u2019exp\u00e9rience, la plupart acquise au sein de la soci\u00e9t\u00e9 Agrimensor Topograf\u00eda en tant que sp\u00e9cialiste en topographie, cartographie (relev\u00e9s topographiques, relev\u00e9s planim\u00e9triques, calculs de surface, d\u00e9nivel\u00e9s, rapports d\u2019expertise, \u00e9tudes historiques de la propri\u00e9t\u00e9, rapports de coordonn\u00e9es et fichiers GML, [&hellip;]<\/p>\n","protected":false},"author":1,"featured_media":0,"parent":0,"menu_order":0,"comment_status":"closed","ping_status":"closed","template":"page-templates\/template-pagebuilder-full-width.php","meta":{"footnotes":""},"class_list":["post-11050","page","type-page","status-publish","hentry"],"yoast_head":"<!-- This site is optimized with the Yoast SEO plugin v26.4 - https:\/\/yoast.com\/wordpress\/plugins\/seo\/ -->\n<title>Gerardo de Miguel - Martinsdelima<\/title>\n<meta name=\"robots\" content=\"index, follow, max-snippet:-1, max-image-preview:large, max-video-preview:-1\" \/>\n<link rel=\"canonical\" href=\"https:\/\/www.martinsdelima.com\/fr\/gerardo-de-miguel\/\" \/>\n<meta property=\"og:locale\" content=\"fr_FR\" \/>\n<meta property=\"og:type\" content=\"article\" \/>\n<meta property=\"og:title\" content=\"Gerardo de Miguel - Martinsdelima\" \/>\n<meta property=\"og:description\" content=\"Gerardo de Miguel Gerardo de Miguel poss\u00e8de plus de 20 ans d\u2019exp\u00e9rience, la plupart acquise au sein de la soci\u00e9t\u00e9 Agrimensor Topograf\u00eda en tant que sp\u00e9cialiste en topographie, cartographie (relev\u00e9s topographiques, relev\u00e9s planim\u00e9triques, calculs de surface, d\u00e9nivel\u00e9s, rapports d\u2019expertise, \u00e9tudes historiques de la propri\u00e9t\u00e9, rapports de coordonn\u00e9es et fichiers GML, [&hellip;]\" \/>\n<meta property=\"og:url\" content=\"https:\/\/www.martinsdelima.com\/fr\/gerardo-de-miguel\/\" \/>\n<meta property=\"og:site_name\" content=\"Martinsdelima\" \/>\n<meta property=\"article:modified_time\" content=\"2026-02-08T20:03:24+00:00\" \/>\n<meta property=\"og:image\" content=\"https:\/\/mligy6wbr5rs.i.optimole.com\/w:auto\/h:auto\/q:mauto\/f:best\/https:\/\/www.martinsdelima.com\/wp-content\/uploads\/elementor\/thumbs\/deMiquel2-e1762287571941-re85s0xyby00vxuyry1ppqfx90srvlhkjgpukeb0fo.jpg\" \/>\n<meta name=\"twitter:card\" content=\"summary_large_image\" \/>\n<meta name=\"twitter:label1\" content=\"Dur\u00e9e de lecture estim\u00e9e\" \/>\n\t<meta name=\"twitter:data1\" content=\"1 minute\" \/>\n<script type=\"application\/ld+json\" class=\"yoast-schema-graph\">{\"@context\":\"https:\/\/schema.org\",\"@graph\":[{\"@type\":\"WebPage\",\"@id\":\"https:\/\/www.martinsdelima.com\/fr\/gerardo-de-miguel\/\",\"url\":\"https:\/\/www.martinsdelima.com\/fr\/gerardo-de-miguel\/\",\"name\":\"Gerardo de Miguel - Martinsdelima\",\"isPartOf\":{\"@id\":\"https:\/\/www.martinsdelima.com\/fr\/#website\"},\"primaryImageOfPage\":{\"@id\":\"https:\/\/www.martinsdelima.com\/fr\/gerardo-de-miguel\/#primaryimage\"},\"image\":{\"@id\":\"https:\/\/www.martinsdelima.com\/fr\/gerardo-de-miguel\/#primaryimage\"},\"thumbnailUrl\":\"https:\/\/mligy6wbr5rs.i.optimole.com\/w:auto\/h:auto\/q:mauto\/f:best\/https:\/\/www.martinsdelima.com\/wp-content\/uploads\/elementor\/thumbs\/deMiquel2-e1762287571941-re85s0xyby00vxuyry1ppqfx90srvlhkjgpukeb0fo.jpg\",\"datePublished\":\"2023-02-07T13:15:08+00:00\",\"dateModified\":\"2026-02-08T20:03:24+00:00\",\"breadcrumb\":{\"@id\":\"https:\/\/www.martinsdelima.com\/fr\/gerardo-de-miguel\/#breadcrumb\"},\"inLanguage\":\"fr-FR\",\"potentialAction\":[{\"@type\":\"ReadAction\",\"target\":[\"https:\/\/www.martinsdelima.com\/fr\/gerardo-de-miguel\/\"]}]},{\"@type\":\"ImageObject\",\"inLanguage\":\"fr-FR\",\"@id\":\"https:\/\/www.martinsdelima.com\/fr\/gerardo-de-miguel\/#primaryimage\",\"url\":\"https:\/\/mligy6wbr5rs.i.optimole.com\/w:auto\/h:auto\/q:mauto\/f:best\/https:\/\/www.martinsdelima.com\/wp-content\/uploads\/elementor\/thumbs\/deMiquel2-e1762287571941-re85s0xyby00vxuyry1ppqfx90srvlhkjgpukeb0fo.jpg\",\"contentUrl\":\"https:\/\/mligy6wbr5rs.i.optimole.com\/w:auto\/h:auto\/q:mauto\/f:best\/https:\/\/www.martinsdelima.com\/wp-content\/uploads\/elementor\/thumbs\/deMiquel2-e1762287571941-re85s0xyby00vxuyry1ppqfx90srvlhkjgpukeb0fo.jpg\"},{\"@type\":\"BreadcrumbList\",\"@id\":\"https:\/\/www.martinsdelima.com\/fr\/gerardo-de-miguel\/#breadcrumb\",\"itemListElement\":[{\"@type\":\"ListItem\",\"position\":1,\"name\":\"Page d'accueil\",\"item\":\"https:\/\/www.martinsdelima.com\/fr\/accueil\/\"},{\"@type\":\"ListItem\",\"position\":2,\"name\":\"Gerardo de Miguel\"}]},{\"@type\":\"WebSite\",\"@id\":\"https:\/\/www.martinsdelima.com\/fr\/#website\",\"url\":\"https:\/\/www.martinsdelima.com\/fr\/\",\"name\":\"Martinsdelima\",\"description\":\"Forensic&amp;Finance\",\"publisher\":{\"@id\":\"https:\/\/www.martinsdelima.com\/fr\/#organization\"},\"potentialAction\":[{\"@type\":\"SearchAction\",\"target\":{\"@type\":\"EntryPoint\",\"urlTemplate\":\"https:\/\/www.martinsdelima.com\/fr\/?s={search_term_string}\"},\"query-input\":{\"@type\":\"PropertyValueSpecification\",\"valueRequired\":true,\"valueName\":\"search_term_string\"}}],\"inLanguage\":\"fr-FR\"},{\"@type\":\"Organization\",\"@id\":\"https:\/\/www.martinsdelima.com\/fr\/#organization\",\"name\":\"Martinsdelima\",\"url\":\"https:\/\/www.martinsdelima.com\/fr\/\",\"logo\":{\"@type\":\"ImageObject\",\"inLanguage\":\"fr-FR\",\"@id\":\"https:\/\/www.martinsdelima.com\/fr\/#\/schema\/logo\/image\/\",\"url\":\"https:\/\/mligy6wbr5rs.i.optimole.com\/w:auto\/h:auto\/q:mauto\/f:best\/https:\/\/www.martinsdelima.com\/wp-content\/uploads\/2025\/10\/martinsdelima-letras-claras-horizontal.png\",\"contentUrl\":\"https:\/\/mligy6wbr5rs.i.optimole.com\/w:auto\/h:auto\/q:mauto\/f:best\/https:\/\/www.martinsdelima.com\/wp-content\/uploads\/2025\/10\/martinsdelima-letras-claras-horizontal.png\",\"width\":1315,\"height\":217,\"caption\":\"Martinsdelima\"},\"image\":{\"@id\":\"https:\/\/www.martinsdelima.com\/fr\/#\/schema\/logo\/image\/\"}}]}<\/script>\n<!-- \/ Yoast SEO plugin. -->","yoast_head_json":{"title":"Gerardo de Miguel - Martinsdelima","robots":{"index":"index","follow":"follow","max-snippet":"max-snippet:-1","max-image-preview":"max-image-preview:large","max-video-preview":"max-video-preview:-1"},"canonical":"https:\/\/www.martinsdelima.com\/fr\/gerardo-de-miguel\/","og_locale":"fr_FR","og_type":"article","og_title":"Gerardo de Miguel - Martinsdelima","og_description":"Gerardo de Miguel Gerardo de Miguel poss\u00e8de plus de 20 ans d\u2019exp\u00e9rience, la plupart acquise au sein de la soci\u00e9t\u00e9 Agrimensor Topograf\u00eda en tant que sp\u00e9cialiste en topographie, cartographie (relev\u00e9s topographiques, relev\u00e9s planim\u00e9triques, calculs de surface, d\u00e9nivel\u00e9s, rapports d\u2019expertise, \u00e9tudes historiques de la propri\u00e9t\u00e9, rapports de coordonn\u00e9es et fichiers GML, [&hellip;]","og_url":"https:\/\/www.martinsdelima.com\/fr\/gerardo-de-miguel\/","og_site_name":"Martinsdelima","article_modified_time":"2026-02-08T20:03:24+00:00","og_image":[{"url":"https:\/\/mligy6wbr5rs.i.optimole.com\/w:auto\/h:auto\/q:mauto\/f:best\/https:\/\/www.martinsdelima.com\/wp-content\/uploads\/elementor\/thumbs\/deMiquel2-e1762287571941-re85s0xyby00vxuyry1ppqfx90srvlhkjgpukeb0fo.jpg","type":"","width":"","height":""}],"twitter_card":"summary_large_image","twitter_misc":{"Dur\u00e9e de lecture estim\u00e9e":"1 minute"},"schema":{"@context":"https:\/\/schema.org","@graph":[{"@type":"WebPage","@id":"https:\/\/www.martinsdelima.com\/fr\/gerardo-de-miguel\/","url":"https:\/\/www.martinsdelima.com\/fr\/gerardo-de-miguel\/","name":"Gerardo de Miguel - Martinsdelima","isPartOf":{"@id":"https:\/\/www.martinsdelima.com\/fr\/#website"},"primaryImageOfPage":{"@id":"https:\/\/www.martinsdelima.com\/fr\/gerardo-de-miguel\/#primaryimage"},"image":{"@id":"https:\/\/www.martinsdelima.com\/fr\/gerardo-de-miguel\/#primaryimage"},"thumbnailUrl":"https:\/\/mligy6wbr5rs.i.optimole.com\/w:auto\/h:auto\/q:mauto\/f:best\/https:\/\/www.martinsdelima.com\/wp-content\/uploads\/elementor\/thumbs\/deMiquel2-e1762287571941-re85s0xyby00vxuyry1ppqfx90srvlhkjgpukeb0fo.jpg","datePublished":"2023-02-07T13:15:08+00:00","dateModified":"2026-02-08T20:03:24+00:00","breadcrumb":{"@id":"https:\/\/www.martinsdelima.com\/fr\/gerardo-de-miguel\/#breadcrumb"},"inLanguage":"fr-FR","potentialAction":[{"@type":"ReadAction","target":["https:\/\/www.martinsdelima.com\/fr\/gerardo-de-miguel\/"]}]},{"@type":"ImageObject","inLanguage":"fr-FR","@id":"https:\/\/www.martinsdelima.com\/fr\/gerardo-de-miguel\/#primaryimage","url":"https:\/\/mligy6wbr5rs.i.optimole.com\/w:auto\/h:auto\/q:mauto\/f:best\/https:\/\/www.martinsdelima.com\/wp-content\/uploads\/elementor\/thumbs\/deMiquel2-e1762287571941-re85s0xyby00vxuyry1ppqfx90srvlhkjgpukeb0fo.jpg","contentUrl":"https:\/\/mligy6wbr5rs.i.optimole.com\/w:auto\/h:auto\/q:mauto\/f:best\/https:\/\/www.martinsdelima.com\/wp-content\/uploads\/elementor\/thumbs\/deMiquel2-e1762287571941-re85s0xyby00vxuyry1ppqfx90srvlhkjgpukeb0fo.jpg"},{"@type":"BreadcrumbList","@id":"https:\/\/www.martinsdelima.com\/fr\/gerardo-de-miguel\/#breadcrumb","itemListElement":[{"@type":"ListItem","position":1,"name":"Page d'accueil","item":"https:\/\/www.martinsdelima.com\/fr\/accueil\/"},{"@type":"ListItem","position":2,"name":"Gerardo de Miguel"}]},{"@type":"WebSite","@id":"https:\/\/www.martinsdelima.com\/fr\/#website","url":"https:\/\/www.martinsdelima.com\/fr\/","name":"Martinsdelima","description":"Forensic&amp;Finance","publisher":{"@id":"https:\/\/www.martinsdelima.com\/fr\/#organization"},"potentialAction":[{"@type":"SearchAction","target":{"@type":"EntryPoint","urlTemplate":"https:\/\/www.martinsdelima.com\/fr\/?s={search_term_string}"},"query-input":{"@type":"PropertyValueSpecification","valueRequired":true,"valueName":"search_term_string"}}],"inLanguage":"fr-FR"},{"@type":"Organization","@id":"https:\/\/www.martinsdelima.com\/fr\/#organization","name":"Martinsdelima","url":"https:\/\/www.martinsdelima.com\/fr\/","logo":{"@type":"ImageObject","inLanguage":"fr-FR","@id":"https:\/\/www.martinsdelima.com\/fr\/#\/schema\/logo\/image\/","url":"https:\/\/mligy6wbr5rs.i.optimole.com\/w:auto\/h:auto\/q:mauto\/f:best\/https:\/\/www.martinsdelima.com\/wp-content\/uploads\/2025\/10\/martinsdelima-letras-claras-horizontal.png","contentUrl":"https:\/\/mligy6wbr5rs.i.optimole.com\/w:auto\/h:auto\/q:mauto\/f:best\/https:\/\/www.martinsdelima.com\/wp-content\/uploads\/2025\/10\/martinsdelima-letras-claras-horizontal.png","width":1315,"height":217,"caption":"Martinsdelima"},"image":{"@id":"https:\/\/www.martinsdelima.com\/fr\/#\/schema\/logo\/image\/"}}]}},"_links":{"self":[{"href":"https:\/\/www.martinsdelima.com\/fr\/wp-json\/wp\/v2\/pages\/11050","targetHints":{"allow":["GET"]}}],"collection":[{"href":"https:\/\/www.martinsdelima.com\/fr\/wp-json\/wp\/v2\/pages"}],"about":[{"href":"https:\/\/www.martinsdelima.com\/fr\/wp-json\/wp\/v2\/types\/page"}],"author":[{"embeddable":true,"href":"https:\/\/www.martinsdelima.com\/fr\/wp-json\/wp\/v2\/users\/1"}],"replies":[{"embeddable":true,"href":"https:\/\/www.martinsdelima.com\/fr\/wp-json\/wp\/v2\/comments?post=11050"}],"version-history":[{"count":1,"href":"https:\/\/www.martinsdelima.com\/fr\/wp-json\/wp\/v2\/pages\/11050\/revisions"}],"predecessor-version":[{"id":11054,"href":"https:\/\/www.martinsdelima.com\/fr\/wp-json\/wp\/v2\/pages\/11050\/revisions\/11054"}],"wp:attachment":[{"href":"https:\/\/www.martinsdelima.com\/fr\/wp-json\/wp\/v2\/media?parent=11050"}],"curies":[{"name":"wp","href":"https:\/\/api.w.org\/{rel}","templated":true}]}}