{"id":11052,"date":"2023-04-17T07:48:02","date_gmt":"2023-04-17T07:48:02","guid":{"rendered":"https:\/\/www.martinsdelima.com\/mauvaise-execution-de-la-construction-dune-usine-de-pyrolyse\/"},"modified":"2026-02-08T20:03:25","modified_gmt":"2026-02-08T20:03:25","slug":"mauvaise-execution-de-la-construction-dune-usine-de-pyrolyse","status":"publish","type":"page","link":"https:\/\/www.martinsdelima.com\/fr\/mauvaise-execution-de-la-construction-dune-usine-de-pyrolyse\/","title":{"rendered":"Mauvaise ex\u00e9cution de la construction d\u2019une usine de pyrolyse"},"content":{"rendered":"\t\t<div data-elementor-type=\"wp-page\" data-elementor-id=\"11052\" class=\"elementor elementor-11052 elementor-3203\" data-elementor-post-type=\"page\">\n\t\t\t\t\t\t<section class=\"elementor-section elementor-top-section elementor-element elementor-element-5861a17 elementor-section-full_width elementor-section-stretched elementor-hidden-mobile elementor-section-height-default elementor-section-height-default\" data-id=\"5861a17\" data-element_type=\"section\" data-settings=\"{&quot;stretch_section&quot;:&quot;section-stretched&quot;,&quot;background_background&quot;:&quot;classic&quot;}\">\n\t\t\t\t\t\t<div class=\"elementor-container elementor-column-gap-default\">\n\t\t\t\t\t<div class=\"elementor-column elementor-col-100 elementor-top-column elementor-element elementor-element-ea42bdb\" data-id=\"ea42bdb\" data-element_type=\"column\">\n\t\t\t<div class=\"elementor-widget-wrap elementor-element-populated\">\n\t\t\t\t\t\t<div class=\"elementor-element elementor-element-8924fce elementor-widget elementor-widget-heading\" data-id=\"8924fce\" data-element_type=\"widget\" data-widget_type=\"heading.default\">\n\t\t\t\t<div class=\"elementor-widget-container\">\n\t\t\t\t\t<h2 class=\"elementor-heading-title elementor-size-default\">Ing\u00e9nierie et \u00e9nergie<\/h2>\t\t\t\t<\/div>\n\t\t\t\t<\/div>\n\t\t\t\t\t<\/div>\n\t\t<\/div>\n\t\t\t\t\t<\/div>\n\t\t<\/section>\n\t\t\t\t<section class=\"elementor-section elementor-top-section elementor-element elementor-element-8eebf58 elementor-section-boxed elementor-section-height-default elementor-section-height-default\" data-id=\"8eebf58\" data-element_type=\"section\">\n\t\t\t\t\t\t<div class=\"elementor-container elementor-column-gap-default\">\n\t\t\t\t\t<div class=\"elementor-column elementor-col-100 elementor-top-column elementor-element elementor-element-beeb457\" data-id=\"beeb457\" data-element_type=\"column\">\n\t\t\t<div class=\"elementor-widget-wrap elementor-element-populated\">\n\t\t\t\t\t\t<div class=\"elementor-element elementor-element-dfca6c9 elementor-widget elementor-widget-spacer\" data-id=\"dfca6c9\" data-element_type=\"widget\" data-widget_type=\"spacer.default\">\n\t\t\t\t<div class=\"elementor-widget-container\">\n\t\t\t\t\t\t\t<div class=\"elementor-spacer\">\n\t\t\t<div class=\"elementor-spacer-inner\"><\/div>\n\t\t<\/div>\n\t\t\t\t\t\t<\/div>\n\t\t\t\t<\/div>\n\t\t\t\t\t<\/div>\n\t\t<\/div>\n\t\t\t\t\t<\/div>\n\t\t<\/section>\n\t\t\t\t<section class=\"elementor-section elementor-top-section elementor-element elementor-element-ee6a325 elementor-section-boxed elementor-section-height-default elementor-section-height-default\" data-id=\"ee6a325\" data-element_type=\"section\">\n\t\t\t\t\t\t<div class=\"elementor-container elementor-column-gap-default\">\n\t\t\t\t\t<div class=\"elementor-column elementor-col-100 elementor-top-column elementor-element elementor-element-10774c8\" data-id=\"10774c8\" data-element_type=\"column\" data-settings=\"{&quot;background_background&quot;:&quot;classic&quot;}\">\n\t\t\t<div class=\"elementor-widget-wrap elementor-element-populated\">\n\t\t\t\t\t\t<div class=\"elementor-element elementor-element-8864d6c elementor-widget elementor-widget-heading\" data-id=\"8864d6c\" data-element_type=\"widget\" data-widget_type=\"heading.default\">\n\t\t\t\t<div class=\"elementor-widget-container\">\n\t\t\t\t\t<h4 class=\"elementor-heading-title elementor-size-default\">Mauvaise ex\u00e9cution de la construction d\u2019une usine de pyrolyse<\/h4>\t\t\t\t<\/div>\n\t\t\t\t<\/div>\n\t\t\t\t\t<\/div>\n\t\t<\/div>\n\t\t\t\t\t<\/div>\n\t\t<\/section>\n\t\t\t\t<section class=\"elementor-section elementor-top-section elementor-element elementor-element-9dff6a0 elementor-section-boxed elementor-section-height-default elementor-section-height-default\" data-id=\"9dff6a0\" data-element_type=\"section\">\n\t\t\t\t\t\t<div class=\"elementor-container elementor-column-gap-default\">\n\t\t\t\t\t<div class=\"elementor-column elementor-col-66 elementor-top-column elementor-element elementor-element-c3e38d1\" data-id=\"c3e38d1\" data-element_type=\"column\">\n\t\t\t<div class=\"elementor-widget-wrap elementor-element-populated\">\n\t\t\t\t\t\t<div class=\"elementor-element elementor-element-78fa56c elementor-widget elementor-widget-text-editor\" data-id=\"78fa56c\" data-element_type=\"widget\" data-widget_type=\"text-editor.default\">\n\t\t\t\t<div class=\"elementor-widget-container\">\n\t\t\t\t\t\t\t\t\t<p>Chez <b>martinsdelima<\/b>, nous avons eu l&rsquo;occasion d&rsquo;analyser un projet pionnier pour la r\u00e9alisation d&rsquo;une usine industrielle de pyrolyse. Notre r\u00f4le a consist\u00e9 \u00e0 r\u00e9aliser deux rapports, le premier \u00e9tudiant la situation \u00e9conomique de l&rsquo;usine et le second, son aspect technique. Pour ce faire, nous avons d\u00fb effectuer diff\u00e9rentes visites sur place.  <\/p><p>Nous avons \u00e9tudi\u00e9 le projet d&rsquo;ing\u00e9nierie, en examinant et en approfondissant ses particularit\u00e9s. Dans ce cas, notre travail consistait \u00e0 d\u00e9tecter toutes les d\u00e9faillances techniques commises par l&rsquo;ing\u00e9nierie charg\u00e9e de d\u00e9velopper l&rsquo;usine. <\/p><p>De m\u00eame, nous avons r\u00e9alis\u00e9 une analyse \u00e9conomique destin\u00e9e \u00e0 quantifier les dommages et pr\u00e9judices occasionn\u00e9s \u00e0 notre client. Pour ce faire, nous avons calcul\u00e9 le dommage \u00e9mergent et le manque \u00e0 gagner. <\/p><p>Le dommage \u00e9mergent a pris en compte tous les frais et investissements r\u00e9alis\u00e9s qui n&rsquo;\u00e9taient pas inclus dans le projet d&rsquo;ing\u00e9nierie.<\/p><p>Le manque \u00e0 gagner quantifiait la valeur actuelle des b\u00e9n\u00e9fices non per\u00e7us, en raison de l&rsquo;augmentation du personnel pr\u00e9vu dans le projet initial pour exploiter correctement l&rsquo;usine.<\/p><p>De m\u00eame, nous avons calcul\u00e9 le pr\u00e9judice caus\u00e9 par le retard de la mise en service de l&rsquo;usine.<\/p><p>Enfin, la ratification en salle d&rsquo;audience s&rsquo;est av\u00e9r\u00e9e fondamentale, en pr\u00e9sentant au juge de mani\u00e8re simple et dynamique les aspects techniques qui \u00e9taient \u00e0 l&rsquo;origine de la controverse et en r\u00e9pondant aux questions pos\u00e9es par l&rsquo;autre partie.<\/p>\t\t\t\t\t\t\t\t<\/div>\n\t\t\t\t<\/div>\n\t\t\t\t<div class=\"elementor-element elementor-element-3f5026e elementor-widget elementor-widget-button\" data-id=\"3f5026e\" data-element_type=\"widget\" data-widget_type=\"button.default\">\n\t\t\t\t<div class=\"elementor-widget-container\">\n\t\t\t\t\t\t\t\t\t<div class=\"elementor-button-wrapper\">\n\t\t\t\t\t<a class=\"elementor-button elementor-button-link elementor-size-sm\" href=\"http:\/\/www.martinsdelima.com\/casos-practicos\/\">\n\t\t\t\t\t\t<span class=\"elementor-button-content-wrapper\">\n\t\t\t\t\t\t\t\t\t<span class=\"elementor-button-text\">Retour<\/span>\n\t\t\t\t\t<\/span>\n\t\t\t\t\t<\/a>\n\t\t\t\t<\/div>\n\t\t\t\t\t\t\t\t<\/div>\n\t\t\t\t<\/div>\n\t\t\t\t\t<\/div>\n\t\t<\/div>\n\t\t\t\t<div class=\"elementor-column elementor-col-33 elementor-top-column elementor-element elementor-element-ce12777\" data-id=\"ce12777\" data-element_type=\"column\">\n\t\t\t<div class=\"elementor-widget-wrap elementor-element-populated\">\n\t\t\t\t\t\t<div class=\"elementor-element elementor-element-45348b0 elementor-position-top elementor-widget elementor-widget-image-box\" data-id=\"45348b0\" data-element_type=\"widget\" data-widget_type=\"image-box.default\">\n\t\t\t\t<div class=\"elementor-widget-container\">\n\t\t\t\t\t<div class=\"elementor-image-box-wrapper\"><figure class=\"elementor-image-box-img\"><img data-opt-id=718846624  fetchpriority=\"high\" decoding=\"async\" width=\"400\" height=\"400\" src=\"https:\/\/mligy6wbr5rs.i.optimole.com\/w:400\/h:400\/q:mauto\/f:best\/https:\/\/www.martinsdelima.com\/wp-content\/uploads\/2022\/10\/Estella-e1762285964570.png\" class=\"elementor-animation-grow attachment-full size-full wp-image-11053\" alt=\"\" srcset=\"https:\/\/mligy6wbr5rs.i.optimole.com\/w:400\/h:400\/q:mauto\/f:best\/https:\/\/www.martinsdelima.com\/wp-content\/uploads\/2022\/10\/Estella-e1762285964570.png 400w, https:\/\/mligy6wbr5rs.i.optimole.com\/w:300\/h:300\/q:mauto\/f:best\/https:\/\/www.martinsdelima.com\/wp-content\/uploads\/2022\/10\/Estella-e1762285964570.png 300w, https:\/\/mligy6wbr5rs.i.optimole.com\/w:150\/h:150\/q:mauto\/f:best\/https:\/\/www.martinsdelima.com\/wp-content\/uploads\/2022\/10\/Estella-e1762285964570.png 150w\" sizes=\"(max-width: 400px) 100vw, 400px\" \/><\/figure><div class=\"elementor-image-box-content\"><h3 class=\"elementor-image-box-title\">Carmen Estella<\/h3><p class=\"elementor-image-box-description\">Consultante s\u00e9nior<\/p><\/div><\/div>\t\t\t\t<\/div>\n\t\t\t\t<\/div>\n\t\t\t\t<div class=\"elementor-element elementor-element-708795b elementor-position-left elementor-view-default elementor-mobile-position-top elementor-widget elementor-widget-icon-box\" data-id=\"708795b\" data-element_type=\"widget\" data-widget_type=\"icon-box.default\">\n\t\t\t\t<div class=\"elementor-widget-container\">\n\t\t\t\t\t\t\t<div class=\"elementor-icon-box-wrapper\">\n\n\t\t\t\t\t\t<div class=\"elementor-icon-box-icon\">\n\t\t\t\t<a href=\"mailto:carmen.estella@martinsdelima.com\" class=\"elementor-icon\" tabindex=\"-1\">\n\t\t\t\t<i aria-hidden=\"true\" class=\"far fa-envelope\"><\/i>\t\t\t\t<\/a>\n\t\t\t<\/div>\n\t\t\t\n\t\t\t\t\t\t<div class=\"elementor-icon-box-content\">\n\n\t\t\t\t\n\t\t\t\t\t\t\t\t\t<p class=\"elementor-icon-box-description\">\n\t\t\t\t\t\tcarmen.estella@martinsdelima.com\t\t\t\t\t<\/p>\n\t\t\t\t\n\t\t\t<\/div>\n\t\t\t\n\t\t<\/div>\n\t\t\t\t\t\t<\/div>\n\t\t\t\t<\/div>\n\t\t\t\t\t<\/div>\n\t\t<\/div>\n\t\t\t\t\t<\/div>\n\t\t<\/section>\n\t\t\t\t<section class=\"elementor-section elementor-top-section elementor-element elementor-element-6435069 elementor-section-boxed elementor-section-height-default elementor-section-height-default\" data-id=\"6435069\" data-element_type=\"section\">\n\t\t\t\t\t\t<div class=\"elementor-container elementor-column-gap-default\">\n\t\t\t\t\t<div class=\"elementor-column elementor-col-100 elementor-top-column elementor-element elementor-element-fdc4f1b\" data-id=\"fdc4f1b\" data-element_type=\"column\">\n\t\t\t<div class=\"elementor-widget-wrap elementor-element-populated\">\n\t\t\t\t\t\t<div class=\"elementor-element elementor-element-b58f31f elementor-widget elementor-widget-spacer\" data-id=\"b58f31f\" data-element_type=\"widget\" data-widget_type=\"spacer.default\">\n\t\t\t\t<div class=\"elementor-widget-container\">\n\t\t\t\t\t\t\t<div class=\"elementor-spacer\">\n\t\t\t<div class=\"elementor-spacer-inner\"><\/div>\n\t\t<\/div>\n\t\t\t\t\t\t<\/div>\n\t\t\t\t<\/div>\n\t\t\t\t\t<\/div>\n\t\t<\/div>\n\t\t\t\t\t<\/div>\n\t\t<\/section>\n\t\t\t\t<section class=\"elementor-section elementor-top-section elementor-element elementor-element-2a136018 elementor-section-boxed elementor-section-height-default elementor-section-height-default\" data-id=\"2a136018\" data-element_type=\"section\" data-settings=\"{&quot;background_background&quot;:&quot;slideshow&quot;,&quot;background_slideshow_gallery&quot;:[],&quot;background_slideshow_loop&quot;:&quot;yes&quot;,&quot;background_slideshow_slide_duration&quot;:5000,&quot;background_slideshow_slide_transition&quot;:&quot;fade&quot;,&quot;background_slideshow_transition_duration&quot;:500}\">\n\t\t\t\t\t\t\t<div class=\"elementor-background-overlay\"><\/div>\n\t\t\t\t\t\t\t<div class=\"elementor-container elementor-column-gap-default\">\n\t\t\t\t\t<div class=\"elementor-column elementor-col-100 elementor-top-column elementor-element elementor-element-450fb496\" data-id=\"450fb496\" data-element_type=\"column\">\n\t\t\t<div class=\"elementor-widget-wrap elementor-element-populated\">\n\t\t\t\t\t\t<div class=\"elementor-element elementor-element-6c9982b1 elementor-widget elementor-widget-heading\" data-id=\"6c9982b1\" data-element_type=\"widget\" data-widget_type=\"heading.default\">\n\t\t\t\t<div class=\"elementor-widget-container\">\n\t\t\t\t\t<h2 class=\"elementor-heading-title elementor-size-default\">Notre contact<\/h2>\t\t\t\t<\/div>\n\t\t\t\t<\/div>\n\t\t\t\t<div class=\"elementor-element elementor-element-10d72f47 elementor-widget elementor-widget-image\" data-id=\"10d72f47\" data-element_type=\"widget\" data-widget_type=\"image.default\">\n\t\t\t\t<div class=\"elementor-widget-container\">\n\t\t\t\t\t\t\t\t\t\t\t\t\t\t\t<img data-opt-id=1355229102  fetchpriority=\"high\" decoding=\"async\" width=\"34\" height=\"34\" src=\"https:\/\/mligy6wbr5rs.i.optimole.com\/w:34\/h:34\/q:mauto\/f:best\/dpr:2\/https:\/\/www.martinsdelima.com\/wp-content\/uploads\/2022\/09\/rombo_r.png\" class=\"attachment-large size-large wp-image-10634\" alt=\"Martinsdelima\" \/>\t\t\t\t\t\t\t\t\t\t\t\t\t\t\t<\/div>\n\t\t\t\t<\/div>\n\t\t\t\t<div class=\"elementor-element elementor-element-1960154b elementor-widget elementor-widget-text-editor\" data-id=\"1960154b\" data-element_type=\"widget\" data-widget_type=\"text-editor.default\">\n\t\t\t\t<div class=\"elementor-widget-container\">\n\t\t\t\t\t\t\t\t\t<p>Chez <strong>martinsdelima<\/strong>, nous pouvons vous aider&nbsp;!<\/p>\t\t\t\t\t\t\t\t<\/div>\n\t\t\t\t<\/div>\n\t\t\t\t<div class=\"elementor-element elementor-element-700770dc elementor-align-center elementor-widget elementor-widget-button\" data-id=\"700770dc\" data-element_type=\"widget\" data-widget_type=\"button.default\">\n\t\t\t\t<div class=\"elementor-widget-container\">\n\t\t\t\t\t\t\t\t\t<div class=\"elementor-button-wrapper\">\n\t\t\t\t\t<a class=\"elementor-button elementor-button-link elementor-size-sm\" href=\"http:\/\/www.martinsdelima.com\/contacto\/\">\n\t\t\t\t\t\t<span class=\"elementor-button-content-wrapper\">\n\t\t\t\t\t\t\t\t\t<span class=\"elementor-button-text\">Voir plus<\/span>\n\t\t\t\t\t<\/span>\n\t\t\t\t\t<\/a>\n\t\t\t\t<\/div>\n\t\t\t\t\t\t\t\t<\/div>\n\t\t\t\t<\/div>\n\t\t\t\t\t<\/div>\n\t\t<\/div>\n\t\t\t\t\t<\/div>\n\t\t<\/section>\n\t\t\t\t<\/div>\n\t\t","protected":false},"excerpt":{"rendered":"<p>Ing\u00e9nierie et \u00e9nergie Mauvaise ex\u00e9cution de la construction d\u2019une usine de pyrolyse Chez martinsdelima, nous avons eu l&rsquo;occasion d&rsquo;analyser un projet pionnier pour la r\u00e9alisation d&rsquo;une usine industrielle de pyrolyse. Notre r\u00f4le a consist\u00e9 \u00e0 r\u00e9aliser deux rapports, le premier \u00e9tudiant la situation \u00e9conomique de l&rsquo;usine et le second, son [&hellip;]<\/p>\n","protected":false},"author":1,"featured_media":0,"parent":0,"menu_order":0,"comment_status":"closed","ping_status":"closed","template":"page-templates\/template-pagebuilder-full-width.php","meta":{"footnotes":""},"class_list":["post-11052","page","type-page","status-publish","hentry"],"yoast_head":"<!-- This site is optimized with the Yoast SEO plugin v26.4 - https:\/\/yoast.com\/wordpress\/plugins\/seo\/ -->\n<title>Mauvaise ex\u00e9cution de la construction d\u2019une usine de pyrolyse - Martinsdelima<\/title>\n<meta name=\"robots\" content=\"index, follow, max-snippet:-1, max-image-preview:large, max-video-preview:-1\" \/>\n<link rel=\"canonical\" href=\"https:\/\/www.martinsdelima.com\/fr\/mauvaise-execution-de-la-construction-dune-usine-de-pyrolyse\/\" \/>\n<meta property=\"og:locale\" content=\"fr_FR\" \/>\n<meta property=\"og:type\" content=\"article\" \/>\n<meta property=\"og:title\" content=\"Mauvaise ex\u00e9cution de la construction d\u2019une usine de pyrolyse - Martinsdelima\" \/>\n<meta property=\"og:description\" content=\"Ing\u00e9nierie et \u00e9nergie Mauvaise ex\u00e9cution de la construction d\u2019une usine de pyrolyse Chez martinsdelima, nous avons eu l&rsquo;occasion d&rsquo;analyser un projet pionnier pour la r\u00e9alisation d&rsquo;une usine industrielle de pyrolyse. Notre r\u00f4le a consist\u00e9 \u00e0 r\u00e9aliser deux rapports, le premier \u00e9tudiant la situation \u00e9conomique de l&rsquo;usine et le second, son [&hellip;]\" \/>\n<meta property=\"og:url\" content=\"https:\/\/www.martinsdelima.com\/fr\/mauvaise-execution-de-la-construction-dune-usine-de-pyrolyse\/\" \/>\n<meta property=\"og:site_name\" content=\"Martinsdelima\" \/>\n<meta property=\"article:modified_time\" content=\"2026-02-08T20:03:25+00:00\" \/>\n<meta property=\"og:image\" content=\"https:\/\/mligy6wbr5rs.i.optimole.com\/w:auto\/h:auto\/q:mauto\/f:best\/https:\/\/www.martinsdelima.com\/wp-content\/uploads\/2022\/10\/Estella-e1762285964570.png\" \/>\n\t<meta property=\"og:image:width\" content=\"400\" \/>\n\t<meta property=\"og:image:height\" content=\"400\" \/>\n\t<meta property=\"og:image:type\" content=\"image\/png\" \/>\n<meta name=\"twitter:card\" content=\"summary_large_image\" \/>\n<meta name=\"twitter:label1\" content=\"Dur\u00e9e de lecture estim\u00e9e\" \/>\n\t<meta name=\"twitter:data1\" content=\"1 minute\" \/>\n<script type=\"application\/ld+json\" class=\"yoast-schema-graph\">{\"@context\":\"https:\/\/schema.org\",\"@graph\":[{\"@type\":\"WebPage\",\"@id\":\"https:\/\/www.martinsdelima.com\/fr\/mauvaise-execution-de-la-construction-dune-usine-de-pyrolyse\/\",\"url\":\"https:\/\/www.martinsdelima.com\/fr\/mauvaise-execution-de-la-construction-dune-usine-de-pyrolyse\/\",\"name\":\"Mauvaise ex\u00e9cution de la construction d\u2019une usine de pyrolyse - Martinsdelima\",\"isPartOf\":{\"@id\":\"https:\/\/www.martinsdelima.com\/fr\/#website\"},\"primaryImageOfPage\":{\"@id\":\"https:\/\/www.martinsdelima.com\/fr\/mauvaise-execution-de-la-construction-dune-usine-de-pyrolyse\/#primaryimage\"},\"image\":{\"@id\":\"https:\/\/www.martinsdelima.com\/fr\/mauvaise-execution-de-la-construction-dune-usine-de-pyrolyse\/#primaryimage\"},\"thumbnailUrl\":\"https:\/\/mligy6wbr5rs.i.optimole.com\/w:auto\/h:auto\/q:mauto\/f:best\/https:\/\/www.martinsdelima.com\/wp-content\/uploads\/2022\/10\/Estella-e1762285964570.png\",\"datePublished\":\"2023-04-17T07:48:02+00:00\",\"dateModified\":\"2026-02-08T20:03:25+00:00\",\"breadcrumb\":{\"@id\":\"https:\/\/www.martinsdelima.com\/fr\/mauvaise-execution-de-la-construction-dune-usine-de-pyrolyse\/#breadcrumb\"},\"inLanguage\":\"fr-FR\",\"potentialAction\":[{\"@type\":\"ReadAction\",\"target\":[\"https:\/\/www.martinsdelima.com\/fr\/mauvaise-execution-de-la-construction-dune-usine-de-pyrolyse\/\"]}]},{\"@type\":\"ImageObject\",\"inLanguage\":\"fr-FR\",\"@id\":\"https:\/\/www.martinsdelima.com\/fr\/mauvaise-execution-de-la-construction-dune-usine-de-pyrolyse\/#primaryimage\",\"url\":\"https:\/\/mligy6wbr5rs.i.optimole.com\/w:auto\/h:auto\/q:mauto\/f:best\/https:\/\/www.martinsdelima.com\/wp-content\/uploads\/2022\/10\/Estella-e1762285964570.png\",\"contentUrl\":\"https:\/\/mligy6wbr5rs.i.optimole.com\/w:auto\/h:auto\/q:mauto\/f:best\/https:\/\/www.martinsdelima.com\/wp-content\/uploads\/2022\/10\/Estella-e1762285964570.png\"},{\"@type\":\"BreadcrumbList\",\"@id\":\"https:\/\/www.martinsdelima.com\/fr\/mauvaise-execution-de-la-construction-dune-usine-de-pyrolyse\/#breadcrumb\",\"itemListElement\":[{\"@type\":\"ListItem\",\"position\":1,\"name\":\"Page d'accueil\",\"item\":\"https:\/\/www.martinsdelima.com\/fr\/accueil\/\"},{\"@type\":\"ListItem\",\"position\":2,\"name\":\"Mauvaise ex\u00e9cution de la construction d\u2019une usine de pyrolyse\"}]},{\"@type\":\"WebSite\",\"@id\":\"https:\/\/www.martinsdelima.com\/fr\/#website\",\"url\":\"https:\/\/www.martinsdelima.com\/fr\/\",\"name\":\"Martinsdelima\",\"description\":\"Forensic&amp;Finance\",\"publisher\":{\"@id\":\"https:\/\/www.martinsdelima.com\/fr\/#organization\"},\"potentialAction\":[{\"@type\":\"SearchAction\",\"target\":{\"@type\":\"EntryPoint\",\"urlTemplate\":\"https:\/\/www.martinsdelima.com\/fr\/?s={search_term_string}\"},\"query-input\":{\"@type\":\"PropertyValueSpecification\",\"valueRequired\":true,\"valueName\":\"search_term_string\"}}],\"inLanguage\":\"fr-FR\"},{\"@type\":\"Organization\",\"@id\":\"https:\/\/www.martinsdelima.com\/fr\/#organization\",\"name\":\"Martinsdelima\",\"url\":\"https:\/\/www.martinsdelima.com\/fr\/\",\"logo\":{\"@type\":\"ImageObject\",\"inLanguage\":\"fr-FR\",\"@id\":\"https:\/\/www.martinsdelima.com\/fr\/#\/schema\/logo\/image\/\",\"url\":\"https:\/\/mligy6wbr5rs.i.optimole.com\/w:auto\/h:auto\/q:mauto\/f:best\/https:\/\/www.martinsdelima.com\/wp-content\/uploads\/2025\/10\/martinsdelima-letras-claras-horizontal.png\",\"contentUrl\":\"https:\/\/mligy6wbr5rs.i.optimole.com\/w:auto\/h:auto\/q:mauto\/f:best\/https:\/\/www.martinsdelima.com\/wp-content\/uploads\/2025\/10\/martinsdelima-letras-claras-horizontal.png\",\"width\":1315,\"height\":217,\"caption\":\"Martinsdelima\"},\"image\":{\"@id\":\"https:\/\/www.martinsdelima.com\/fr\/#\/schema\/logo\/image\/\"}}]}<\/script>\n<!-- \/ Yoast SEO plugin. -->","yoast_head_json":{"title":"Mauvaise ex\u00e9cution de la construction d\u2019une usine de pyrolyse - Martinsdelima","robots":{"index":"index","follow":"follow","max-snippet":"max-snippet:-1","max-image-preview":"max-image-preview:large","max-video-preview":"max-video-preview:-1"},"canonical":"https:\/\/www.martinsdelima.com\/fr\/mauvaise-execution-de-la-construction-dune-usine-de-pyrolyse\/","og_locale":"fr_FR","og_type":"article","og_title":"Mauvaise ex\u00e9cution de la construction d\u2019une usine de pyrolyse - Martinsdelima","og_description":"Ing\u00e9nierie et \u00e9nergie Mauvaise ex\u00e9cution de la construction d\u2019une usine de pyrolyse Chez martinsdelima, nous avons eu l&rsquo;occasion d&rsquo;analyser un projet pionnier pour la r\u00e9alisation d&rsquo;une usine industrielle de pyrolyse. Notre r\u00f4le a consist\u00e9 \u00e0 r\u00e9aliser deux rapports, le premier \u00e9tudiant la situation \u00e9conomique de l&rsquo;usine et le second, son [&hellip;]","og_url":"https:\/\/www.martinsdelima.com\/fr\/mauvaise-execution-de-la-construction-dune-usine-de-pyrolyse\/","og_site_name":"Martinsdelima","article_modified_time":"2026-02-08T20:03:25+00:00","og_image":[{"width":400,"height":400,"url":"https:\/\/mligy6wbr5rs.i.optimole.com\/w:auto\/h:auto\/q:mauto\/f:best\/https:\/\/www.martinsdelima.com\/wp-content\/uploads\/2022\/10\/Estella-e1762285964570.png","type":"image\/png"}],"twitter_card":"summary_large_image","twitter_misc":{"Dur\u00e9e de lecture estim\u00e9e":"1 minute"},"schema":{"@context":"https:\/\/schema.org","@graph":[{"@type":"WebPage","@id":"https:\/\/www.martinsdelima.com\/fr\/mauvaise-execution-de-la-construction-dune-usine-de-pyrolyse\/","url":"https:\/\/www.martinsdelima.com\/fr\/mauvaise-execution-de-la-construction-dune-usine-de-pyrolyse\/","name":"Mauvaise ex\u00e9cution de la construction d\u2019une usine de pyrolyse - Martinsdelima","isPartOf":{"@id":"https:\/\/www.martinsdelima.com\/fr\/#website"},"primaryImageOfPage":{"@id":"https:\/\/www.martinsdelima.com\/fr\/mauvaise-execution-de-la-construction-dune-usine-de-pyrolyse\/#primaryimage"},"image":{"@id":"https:\/\/www.martinsdelima.com\/fr\/mauvaise-execution-de-la-construction-dune-usine-de-pyrolyse\/#primaryimage"},"thumbnailUrl":"https:\/\/mligy6wbr5rs.i.optimole.com\/w:auto\/h:auto\/q:mauto\/f:best\/https:\/\/www.martinsdelima.com\/wp-content\/uploads\/2022\/10\/Estella-e1762285964570.png","datePublished":"2023-04-17T07:48:02+00:00","dateModified":"2026-02-08T20:03:25+00:00","breadcrumb":{"@id":"https:\/\/www.martinsdelima.com\/fr\/mauvaise-execution-de-la-construction-dune-usine-de-pyrolyse\/#breadcrumb"},"inLanguage":"fr-FR","potentialAction":[{"@type":"ReadAction","target":["https:\/\/www.martinsdelima.com\/fr\/mauvaise-execution-de-la-construction-dune-usine-de-pyrolyse\/"]}]},{"@type":"ImageObject","inLanguage":"fr-FR","@id":"https:\/\/www.martinsdelima.com\/fr\/mauvaise-execution-de-la-construction-dune-usine-de-pyrolyse\/#primaryimage","url":"https:\/\/mligy6wbr5rs.i.optimole.com\/w:auto\/h:auto\/q:mauto\/f:best\/https:\/\/www.martinsdelima.com\/wp-content\/uploads\/2022\/10\/Estella-e1762285964570.png","contentUrl":"https:\/\/mligy6wbr5rs.i.optimole.com\/w:auto\/h:auto\/q:mauto\/f:best\/https:\/\/www.martinsdelima.com\/wp-content\/uploads\/2022\/10\/Estella-e1762285964570.png"},{"@type":"BreadcrumbList","@id":"https:\/\/www.martinsdelima.com\/fr\/mauvaise-execution-de-la-construction-dune-usine-de-pyrolyse\/#breadcrumb","itemListElement":[{"@type":"ListItem","position":1,"name":"Page d'accueil","item":"https:\/\/www.martinsdelima.com\/fr\/accueil\/"},{"@type":"ListItem","position":2,"name":"Mauvaise ex\u00e9cution de la construction d\u2019une usine de pyrolyse"}]},{"@type":"WebSite","@id":"https:\/\/www.martinsdelima.com\/fr\/#website","url":"https:\/\/www.martinsdelima.com\/fr\/","name":"Martinsdelima","description":"Forensic&amp;Finance","publisher":{"@id":"https:\/\/www.martinsdelima.com\/fr\/#organization"},"potentialAction":[{"@type":"SearchAction","target":{"@type":"EntryPoint","urlTemplate":"https:\/\/www.martinsdelima.com\/fr\/?s={search_term_string}"},"query-input":{"@type":"PropertyValueSpecification","valueRequired":true,"valueName":"search_term_string"}}],"inLanguage":"fr-FR"},{"@type":"Organization","@id":"https:\/\/www.martinsdelima.com\/fr\/#organization","name":"Martinsdelima","url":"https:\/\/www.martinsdelima.com\/fr\/","logo":{"@type":"ImageObject","inLanguage":"fr-FR","@id":"https:\/\/www.martinsdelima.com\/fr\/#\/schema\/logo\/image\/","url":"https:\/\/mligy6wbr5rs.i.optimole.com\/w:auto\/h:auto\/q:mauto\/f:best\/https:\/\/www.martinsdelima.com\/wp-content\/uploads\/2025\/10\/martinsdelima-letras-claras-horizontal.png","contentUrl":"https:\/\/mligy6wbr5rs.i.optimole.com\/w:auto\/h:auto\/q:mauto\/f:best\/https:\/\/www.martinsdelima.com\/wp-content\/uploads\/2025\/10\/martinsdelima-letras-claras-horizontal.png","width":1315,"height":217,"caption":"Martinsdelima"},"image":{"@id":"https:\/\/www.martinsdelima.com\/fr\/#\/schema\/logo\/image\/"}}]}},"_links":{"self":[{"href":"https:\/\/www.martinsdelima.com\/fr\/wp-json\/wp\/v2\/pages\/11052","targetHints":{"allow":["GET"]}}],"collection":[{"href":"https:\/\/www.martinsdelima.com\/fr\/wp-json\/wp\/v2\/pages"}],"about":[{"href":"https:\/\/www.martinsdelima.com\/fr\/wp-json\/wp\/v2\/types\/page"}],"author":[{"embeddable":true,"href":"https:\/\/www.martinsdelima.com\/fr\/wp-json\/wp\/v2\/users\/1"}],"replies":[{"embeddable":true,"href":"https:\/\/www.martinsdelima.com\/fr\/wp-json\/wp\/v2\/comments?post=11052"}],"version-history":[{"count":1,"href":"https:\/\/www.martinsdelima.com\/fr\/wp-json\/wp\/v2\/pages\/11052\/revisions"}],"predecessor-version":[{"id":11055,"href":"https:\/\/www.martinsdelima.com\/fr\/wp-json\/wp\/v2\/pages\/11052\/revisions\/11055"}],"wp:attachment":[{"href":"https:\/\/www.martinsdelima.com\/fr\/wp-json\/wp\/v2\/media?parent=11052"}],"curies":[{"name":"wp","href":"https:\/\/api.w.org\/{rel}","templated":true}]}}