{"id":11099,"date":"2022-12-28T14:56:55","date_gmt":"2022-12-28T14:56:55","guid":{"rendered":"https:\/\/www.martinsdelima.com\/miguel-angel-crispin\/"},"modified":"2026-02-08T20:03:32","modified_gmt":"2026-02-08T20:03:32","slug":"miguel-angel-crispin","status":"publish","type":"page","link":"https:\/\/www.martinsdelima.com\/fr\/miguel-angel-crispin\/","title":{"rendered":"Miguel \u00c1ngel Crisp\u00edn"},"content":{"rendered":"\t\t<div data-elementor-type=\"wp-page\" data-elementor-id=\"11099\" class=\"elementor elementor-11099 elementor-1733\" data-elementor-post-type=\"page\">\n\t\t\t\t\t\t<section class=\"elementor-section elementor-top-section elementor-element elementor-element-6b64e77 elementor-section-full_width elementor-section-content-middle elementor-section-height-default elementor-section-height-default\" data-id=\"6b64e77\" data-element_type=\"section\">\n\t\t\t\t\t\t<div class=\"elementor-container elementor-column-gap-no\">\n\t\t\t\t\t<div class=\"elementor-column elementor-col-50 elementor-top-column elementor-element elementor-element-2f20990f\" data-id=\"2f20990f\" data-element_type=\"column\">\n\t\t\t<div class=\"elementor-widget-wrap elementor-element-populated\">\n\t\t\t\t\t\t<div class=\"elementor-element elementor-element-c161bd7 elementor-widget elementor-widget-image\" data-id=\"c161bd7\" data-element_type=\"widget\" data-widget_type=\"image.default\">\n\t\t\t\t<div class=\"elementor-widget-container\">\n\t\t\t\t\t\t\t\t\t\t\t\t\t\t\t<img data-opt-id=67454136  fetchpriority=\"high\" decoding=\"async\" src=\"https:\/\/mligy6wbr5rs.i.optimole.com\/w:400\/h:434\/q:mauto\/f:best\/https:\/\/www.martinsdelima.com\/wp-content\/uploads\/2022\/12\/Crespin-e1762286572842.jpeg\" title=\"Crespi\u0301n\" alt=\"Crespi\u0301n\" loading=\"lazy\" \/>\t\t\t\t\t\t\t\t\t\t\t\t\t\t\t<\/div>\n\t\t\t\t<\/div>\n\t\t\t\t\t<\/div>\n\t\t<\/div>\n\t\t\t\t<div class=\"elementor-column elementor-col-50 elementor-top-column elementor-element elementor-element-0a5a329\" data-id=\"0a5a329\" data-element_type=\"column\">\n\t\t\t<div class=\"elementor-widget-wrap elementor-element-populated\">\n\t\t\t\t\t\t<div class=\"elementor-element elementor-element-227156f elementor-widget elementor-widget-heading\" data-id=\"227156f\" data-element_type=\"widget\" data-widget_type=\"heading.default\">\n\t\t\t\t<div class=\"elementor-widget-container\">\n\t\t\t\t\t<h2 class=\"elementor-heading-title elementor-size-default\">Miguel \u00c1ngel Cresp\u00edn<\/h2>\t\t\t\t<\/div>\n\t\t\t\t<\/div>\n\t\t\t\t<div class=\"elementor-element elementor-element-83c9a28 elementor-widget elementor-widget-text-editor\" data-id=\"83c9a28\" data-element_type=\"widget\" data-widget_type=\"text-editor.default\">\n\t\t\t\t<div class=\"elementor-widget-container\">\n\t\t\t\t\t\t\t\t\t<p><strong>Miguel \u00c1ngel<\/strong> a d\u00e9velopp\u00e9 sa carri\u00e8re professionnelle dans le domaine du conseil financier aux PME, offrant \u00e0 <strong>martinsdelima<\/strong> sa vaste exp\u00e9rience en tant qu&rsquo;expert en fiscalit\u00e9 et en audit.<\/p><p><span>Avec plus de 27 ans d&rsquo;exp\u00e9rience en tant que consultant et auditeur, il offre une vision approfondie du secteur \u00e0 ses \u00e9tudiants de l&rsquo;Universit\u00e9 de Cordoue o\u00f9 il est professeur de comptabilit\u00e9 et d&rsquo;\u00e9conomie financi\u00e8re.<\/span><strong><span> <\/span><\/strong><\/p><p><span>Miguel \u00c1ngel est titulaire d&rsquo;une licence en sciences commerciales et d&rsquo;un doctorat en sciences \u00e9conomiques et commerciales.<\/span><\/p>\t\t\t\t\t\t\t\t<\/div>\n\t\t\t\t<\/div>\n\t\t\t\t<div class=\"elementor-element elementor-element-5148c1b elementor-position-left elementor-view-default elementor-mobile-position-top elementor-widget elementor-widget-icon-box\" data-id=\"5148c1b\" data-element_type=\"widget\" data-widget_type=\"icon-box.default\">\n\t\t\t\t<div class=\"elementor-widget-container\">\n\t\t\t\t\t\t\t<div class=\"elementor-icon-box-wrapper\">\n\n\t\t\t\t\t\t<div class=\"elementor-icon-box-icon\">\n\t\t\t\t<a href=\"mailto:miguelangel.crespin@martinsdelima.com\" class=\"elementor-icon\" tabindex=\"-1\">\n\t\t\t\t<svg xmlns:inkscape=\"http:\/\/www.inkscape.org\/namespaces\/inkscape\" xmlns:rdf=\"http:\/\/www.w3.org\/1999\/02\/22-rdf-syntax-ns#\" xmlns=\"http:\/\/www.w3.org\/2000\/svg\" xmlns:dc=\"http:\/\/purl.org\/dc\/elements\/1.1\/\" xmlns:ns1=\"http:\/\/sozi.baierouge.fr\" xmlns:cc=\"http:\/\/web.resource.org\/cc\/\" xmlns:xlink=\"http:\/\/www.w3.org\/1999\/xlink\" xmlns:sodipodi=\"http:\/\/sodipodi.sourceforge.net\/DTD\/sodipodi-0.dtd\" id=\"svg1\" viewBox=\"0 0 60 60\" y=\"0\" x=\"0\"><path id=\"path1721\" style=\"stroke-linejoin:round;stroke:#ffffff;stroke-linecap:round;stroke-width:10;fill:none\" d=\"m5.6238 15.659h48.752v28.682h-48.752l-0.0002-28.682z\"><\/path><g id=\"g1717\" transform=\"matrix(.94142 0 0 .93932 1.3731 1.2806)\"><path id=\"path589\" style=\"stroke-linejoin:round;fill-rule:evenodd;stroke:#000000;stroke-linecap:round;stroke-width:30.501;fill:#ffffff\" d=\"m69.819 119.6h303.75v171.31h-303.75l-0.001-171.31z\" transform=\"matrix(.17049 0 0 .17824 -7.3882 -6.0097)\"><\/path><path id=\"path590\" style=\"stroke-linejoin:round;stroke:#000000;stroke-linecap:round;stroke-width:19.063;fill:none\" transform=\"matrix(.17049 0 0 .17824 -7.3882 -6.0097)\" d=\"m69.819 119.6l150.12 90.41 153.63-90.41\"><\/path><\/g><metadata><\/metadata><\/svg>\t\t\t\t<\/a>\n\t\t\t<\/div>\n\t\t\t\n\t\t\t\t\t\t<div class=\"elementor-icon-box-content\">\n\n\t\t\t\t\n\t\t\t\t\t\t\t\t\t<p class=\"elementor-icon-box-description\">\n\t\t\t\t\t\tmiguelangel.crespin@martinsdelima.com\t\t\t\t\t<\/p>\n\t\t\t\t\n\t\t\t<\/div>\n\t\t\t\n\t\t<\/div>\n\t\t\t\t\t\t<\/div>\n\t\t\t\t<\/div>\n\t\t\t\t<div class=\"elementor-element elementor-element-6315c56 elementor-widget elementor-widget-button\" data-id=\"6315c56\" data-element_type=\"widget\" data-widget_type=\"button.default\">\n\t\t\t\t<div class=\"elementor-widget-container\">\n\t\t\t\t\t\t\t\t\t<div class=\"elementor-button-wrapper\">\n\t\t\t\t\t<a class=\"elementor-button elementor-button-link elementor-size-sm\" href=\"http:\/\/www.martinsdelima.com\/equipo\/\">\n\t\t\t\t\t\t<span class=\"elementor-button-content-wrapper\">\n\t\t\t\t\t\t\t\t\t<span class=\"elementor-button-text\">Retour<\/span>\n\t\t\t\t\t<\/span>\n\t\t\t\t\t<\/a>\n\t\t\t\t<\/div>\n\t\t\t\t\t\t\t\t<\/div>\n\t\t\t\t<\/div>\n\t\t\t\t\t<\/div>\n\t\t<\/div>\n\t\t\t\t\t<\/div>\n\t\t<\/section>\n\t\t\t\t<\/div>\n\t\t","protected":false},"excerpt":{"rendered":"<p>Miguel \u00c1ngel Cresp\u00edn Miguel \u00c1ngel a d\u00e9velopp\u00e9 sa carri\u00e8re professionnelle dans le domaine du conseil financier aux PME, offrant \u00e0 martinsdelima sa vaste exp\u00e9rience en tant qu&rsquo;expert en fiscalit\u00e9 et en audit. Avec plus de 27 ans d&rsquo;exp\u00e9rience en tant que consultant et auditeur, il offre une vision approfondie du [&hellip;]<\/p>\n","protected":false},"author":1,"featured_media":0,"parent":0,"menu_order":0,"comment_status":"closed","ping_status":"closed","template":"page-templates\/template-pagebuilder-full-width.php","meta":{"footnotes":""},"class_list":["post-11099","page","type-page","status-publish","hentry"],"yoast_head":"<!-- This site is optimized with the Yoast SEO plugin v26.4 - https:\/\/yoast.com\/wordpress\/plugins\/seo\/ -->\n<title>Miguel \u00c1ngel Crisp\u00edn - Martinsdelima<\/title>\n<meta name=\"robots\" content=\"index, follow, max-snippet:-1, max-image-preview:large, max-video-preview:-1\" \/>\n<link rel=\"canonical\" href=\"https:\/\/www.martinsdelima.com\/fr\/miguel-angel-crispin\/\" \/>\n<meta property=\"og:locale\" content=\"fr_FR\" \/>\n<meta property=\"og:type\" content=\"article\" \/>\n<meta property=\"og:title\" content=\"Miguel \u00c1ngel Crisp\u00edn - Martinsdelima\" \/>\n<meta property=\"og:description\" content=\"Miguel \u00c1ngel Cresp\u00edn Miguel \u00c1ngel a d\u00e9velopp\u00e9 sa carri\u00e8re professionnelle dans le domaine du conseil financier aux PME, offrant \u00e0 martinsdelima sa vaste exp\u00e9rience en tant qu&rsquo;expert en fiscalit\u00e9 et en audit. Avec plus de 27 ans d&rsquo;exp\u00e9rience en tant que consultant et auditeur, il offre une vision approfondie du [&hellip;]\" \/>\n<meta property=\"og:url\" content=\"https:\/\/www.martinsdelima.com\/fr\/miguel-angel-crispin\/\" \/>\n<meta property=\"og:site_name\" content=\"Martinsdelima\" \/>\n<meta property=\"article:modified_time\" content=\"2026-02-08T20:03:32+00:00\" \/>\n<meta property=\"og:image\" content=\"https:\/\/mligy6wbr5rs.i.optimole.com\/w:auto\/h:auto\/q:mauto\/f:best\/https:\/\/www.martinsdelima.com\/wp-content\/uploads\/elementor\/thumbs\/Crespin-e1762286572842-re851xx6ogakphqy365f0teft3d39yxpyczs4yzb3o.jpeg\" \/>\n<meta name=\"twitter:card\" content=\"summary_large_image\" \/>\n<script type=\"application\/ld+json\" class=\"yoast-schema-graph\">{\"@context\":\"https:\/\/schema.org\",\"@graph\":[{\"@type\":\"WebPage\",\"@id\":\"https:\/\/www.martinsdelima.com\/fr\/miguel-angel-crispin\/\",\"url\":\"https:\/\/www.martinsdelima.com\/fr\/miguel-angel-crispin\/\",\"name\":\"Miguel \u00c1ngel Crisp\u00edn - Martinsdelima\",\"isPartOf\":{\"@id\":\"https:\/\/www.martinsdelima.com\/fr\/#website\"},\"primaryImageOfPage\":{\"@id\":\"https:\/\/www.martinsdelima.com\/fr\/miguel-angel-crispin\/#primaryimage\"},\"image\":{\"@id\":\"https:\/\/www.martinsdelima.com\/fr\/miguel-angel-crispin\/#primaryimage\"},\"thumbnailUrl\":\"https:\/\/mligy6wbr5rs.i.optimole.com\/w:auto\/h:auto\/q:mauto\/f:best\/https:\/\/www.martinsdelima.com\/wp-content\/uploads\/elementor\/thumbs\/Crespin-e1762286572842-re851xx6ogakphqy365f0teft3d39yxpyczs4yzb3o.jpeg\",\"datePublished\":\"2022-12-28T14:56:55+00:00\",\"dateModified\":\"2026-02-08T20:03:32+00:00\",\"breadcrumb\":{\"@id\":\"https:\/\/www.martinsdelima.com\/fr\/miguel-angel-crispin\/#breadcrumb\"},\"inLanguage\":\"fr-FR\",\"potentialAction\":[{\"@type\":\"ReadAction\",\"target\":[\"https:\/\/www.martinsdelima.com\/fr\/miguel-angel-crispin\/\"]}]},{\"@type\":\"ImageObject\",\"inLanguage\":\"fr-FR\",\"@id\":\"https:\/\/www.martinsdelima.com\/fr\/miguel-angel-crispin\/#primaryimage\",\"url\":\"https:\/\/mligy6wbr5rs.i.optimole.com\/w:auto\/h:auto\/q:mauto\/f:best\/https:\/\/www.martinsdelima.com\/wp-content\/uploads\/elementor\/thumbs\/Crespin-e1762286572842-re851xx6ogakphqy365f0teft3d39yxpyczs4yzb3o.jpeg\",\"contentUrl\":\"https:\/\/mligy6wbr5rs.i.optimole.com\/w:auto\/h:auto\/q:mauto\/f:best\/https:\/\/www.martinsdelima.com\/wp-content\/uploads\/elementor\/thumbs\/Crespin-e1762286572842-re851xx6ogakphqy365f0teft3d39yxpyczs4yzb3o.jpeg\"},{\"@type\":\"BreadcrumbList\",\"@id\":\"https:\/\/www.martinsdelima.com\/fr\/miguel-angel-crispin\/#breadcrumb\",\"itemListElement\":[{\"@type\":\"ListItem\",\"position\":1,\"name\":\"Page d'accueil\",\"item\":\"https:\/\/www.martinsdelima.com\/fr\/accueil\/\"},{\"@type\":\"ListItem\",\"position\":2,\"name\":\"Miguel \u00c1ngel Crisp\u00edn\"}]},{\"@type\":\"WebSite\",\"@id\":\"https:\/\/www.martinsdelima.com\/fr\/#website\",\"url\":\"https:\/\/www.martinsdelima.com\/fr\/\",\"name\":\"Martinsdelima\",\"description\":\"Forensic&amp;Finance\",\"publisher\":{\"@id\":\"https:\/\/www.martinsdelima.com\/fr\/#organization\"},\"potentialAction\":[{\"@type\":\"SearchAction\",\"target\":{\"@type\":\"EntryPoint\",\"urlTemplate\":\"https:\/\/www.martinsdelima.com\/fr\/?s={search_term_string}\"},\"query-input\":{\"@type\":\"PropertyValueSpecification\",\"valueRequired\":true,\"valueName\":\"search_term_string\"}}],\"inLanguage\":\"fr-FR\"},{\"@type\":\"Organization\",\"@id\":\"https:\/\/www.martinsdelima.com\/fr\/#organization\",\"name\":\"Martinsdelima\",\"url\":\"https:\/\/www.martinsdelima.com\/fr\/\",\"logo\":{\"@type\":\"ImageObject\",\"inLanguage\":\"fr-FR\",\"@id\":\"https:\/\/www.martinsdelima.com\/fr\/#\/schema\/logo\/image\/\",\"url\":\"https:\/\/mligy6wbr5rs.i.optimole.com\/w:auto\/h:auto\/q:mauto\/f:best\/https:\/\/www.martinsdelima.com\/wp-content\/uploads\/2025\/10\/martinsdelima-letras-claras-horizontal.png\",\"contentUrl\":\"https:\/\/mligy6wbr5rs.i.optimole.com\/w:auto\/h:auto\/q:mauto\/f:best\/https:\/\/www.martinsdelima.com\/wp-content\/uploads\/2025\/10\/martinsdelima-letras-claras-horizontal.png\",\"width\":1315,\"height\":217,\"caption\":\"Martinsdelima\"},\"image\":{\"@id\":\"https:\/\/www.martinsdelima.com\/fr\/#\/schema\/logo\/image\/\"}}]}<\/script>\n<!-- \/ Yoast SEO plugin. -->","yoast_head_json":{"title":"Miguel \u00c1ngel Crisp\u00edn - Martinsdelima","robots":{"index":"index","follow":"follow","max-snippet":"max-snippet:-1","max-image-preview":"max-image-preview:large","max-video-preview":"max-video-preview:-1"},"canonical":"https:\/\/www.martinsdelima.com\/fr\/miguel-angel-crispin\/","og_locale":"fr_FR","og_type":"article","og_title":"Miguel \u00c1ngel Crisp\u00edn - Martinsdelima","og_description":"Miguel \u00c1ngel Cresp\u00edn Miguel \u00c1ngel a d\u00e9velopp\u00e9 sa carri\u00e8re professionnelle dans le domaine du conseil financier aux PME, offrant \u00e0 martinsdelima sa vaste exp\u00e9rience en tant qu&rsquo;expert en fiscalit\u00e9 et en audit. Avec plus de 27 ans d&rsquo;exp\u00e9rience en tant que consultant et auditeur, il offre une vision approfondie du [&hellip;]","og_url":"https:\/\/www.martinsdelima.com\/fr\/miguel-angel-crispin\/","og_site_name":"Martinsdelima","article_modified_time":"2026-02-08T20:03:32+00:00","og_image":[{"url":"https:\/\/mligy6wbr5rs.i.optimole.com\/w:auto\/h:auto\/q:mauto\/f:best\/https:\/\/www.martinsdelima.com\/wp-content\/uploads\/elementor\/thumbs\/Crespin-e1762286572842-re851xx6ogakphqy365f0teft3d39yxpyczs4yzb3o.jpeg","type":"","width":"","height":""}],"twitter_card":"summary_large_image","schema":{"@context":"https:\/\/schema.org","@graph":[{"@type":"WebPage","@id":"https:\/\/www.martinsdelima.com\/fr\/miguel-angel-crispin\/","url":"https:\/\/www.martinsdelima.com\/fr\/miguel-angel-crispin\/","name":"Miguel \u00c1ngel Crisp\u00edn - Martinsdelima","isPartOf":{"@id":"https:\/\/www.martinsdelima.com\/fr\/#website"},"primaryImageOfPage":{"@id":"https:\/\/www.martinsdelima.com\/fr\/miguel-angel-crispin\/#primaryimage"},"image":{"@id":"https:\/\/www.martinsdelima.com\/fr\/miguel-angel-crispin\/#primaryimage"},"thumbnailUrl":"https:\/\/mligy6wbr5rs.i.optimole.com\/w:auto\/h:auto\/q:mauto\/f:best\/https:\/\/www.martinsdelima.com\/wp-content\/uploads\/elementor\/thumbs\/Crespin-e1762286572842-re851xx6ogakphqy365f0teft3d39yxpyczs4yzb3o.jpeg","datePublished":"2022-12-28T14:56:55+00:00","dateModified":"2026-02-08T20:03:32+00:00","breadcrumb":{"@id":"https:\/\/www.martinsdelima.com\/fr\/miguel-angel-crispin\/#breadcrumb"},"inLanguage":"fr-FR","potentialAction":[{"@type":"ReadAction","target":["https:\/\/www.martinsdelima.com\/fr\/miguel-angel-crispin\/"]}]},{"@type":"ImageObject","inLanguage":"fr-FR","@id":"https:\/\/www.martinsdelima.com\/fr\/miguel-angel-crispin\/#primaryimage","url":"https:\/\/mligy6wbr5rs.i.optimole.com\/w:auto\/h:auto\/q:mauto\/f:best\/https:\/\/www.martinsdelima.com\/wp-content\/uploads\/elementor\/thumbs\/Crespin-e1762286572842-re851xx6ogakphqy365f0teft3d39yxpyczs4yzb3o.jpeg","contentUrl":"https:\/\/mligy6wbr5rs.i.optimole.com\/w:auto\/h:auto\/q:mauto\/f:best\/https:\/\/www.martinsdelima.com\/wp-content\/uploads\/elementor\/thumbs\/Crespin-e1762286572842-re851xx6ogakphqy365f0teft3d39yxpyczs4yzb3o.jpeg"},{"@type":"BreadcrumbList","@id":"https:\/\/www.martinsdelima.com\/fr\/miguel-angel-crispin\/#breadcrumb","itemListElement":[{"@type":"ListItem","position":1,"name":"Page d'accueil","item":"https:\/\/www.martinsdelima.com\/fr\/accueil\/"},{"@type":"ListItem","position":2,"name":"Miguel \u00c1ngel Crisp\u00edn"}]},{"@type":"WebSite","@id":"https:\/\/www.martinsdelima.com\/fr\/#website","url":"https:\/\/www.martinsdelima.com\/fr\/","name":"Martinsdelima","description":"Forensic&amp;Finance","publisher":{"@id":"https:\/\/www.martinsdelima.com\/fr\/#organization"},"potentialAction":[{"@type":"SearchAction","target":{"@type":"EntryPoint","urlTemplate":"https:\/\/www.martinsdelima.com\/fr\/?s={search_term_string}"},"query-input":{"@type":"PropertyValueSpecification","valueRequired":true,"valueName":"search_term_string"}}],"inLanguage":"fr-FR"},{"@type":"Organization","@id":"https:\/\/www.martinsdelima.com\/fr\/#organization","name":"Martinsdelima","url":"https:\/\/www.martinsdelima.com\/fr\/","logo":{"@type":"ImageObject","inLanguage":"fr-FR","@id":"https:\/\/www.martinsdelima.com\/fr\/#\/schema\/logo\/image\/","url":"https:\/\/mligy6wbr5rs.i.optimole.com\/w:auto\/h:auto\/q:mauto\/f:best\/https:\/\/www.martinsdelima.com\/wp-content\/uploads\/2025\/10\/martinsdelima-letras-claras-horizontal.png","contentUrl":"https:\/\/mligy6wbr5rs.i.optimole.com\/w:auto\/h:auto\/q:mauto\/f:best\/https:\/\/www.martinsdelima.com\/wp-content\/uploads\/2025\/10\/martinsdelima-letras-claras-horizontal.png","width":1315,"height":217,"caption":"Martinsdelima"},"image":{"@id":"https:\/\/www.martinsdelima.com\/fr\/#\/schema\/logo\/image\/"}}]}},"_links":{"self":[{"href":"https:\/\/www.martinsdelima.com\/fr\/wp-json\/wp\/v2\/pages\/11099","targetHints":{"allow":["GET"]}}],"collection":[{"href":"https:\/\/www.martinsdelima.com\/fr\/wp-json\/wp\/v2\/pages"}],"about":[{"href":"https:\/\/www.martinsdelima.com\/fr\/wp-json\/wp\/v2\/types\/page"}],"author":[{"embeddable":true,"href":"https:\/\/www.martinsdelima.com\/fr\/wp-json\/wp\/v2\/users\/1"}],"replies":[{"embeddable":true,"href":"https:\/\/www.martinsdelima.com\/fr\/wp-json\/wp\/v2\/comments?post=11099"}],"version-history":[{"count":1,"href":"https:\/\/www.martinsdelima.com\/fr\/wp-json\/wp\/v2\/pages\/11099\/revisions"}],"predecessor-version":[{"id":11102,"href":"https:\/\/www.martinsdelima.com\/fr\/wp-json\/wp\/v2\/pages\/11099\/revisions\/11102"}],"wp:attachment":[{"href":"https:\/\/www.martinsdelima.com\/fr\/wp-json\/wp\/v2\/media?parent=11099"}],"curies":[{"name":"wp","href":"https:\/\/api.w.org\/{rel}","templated":true}]}}