{"id":11263,"date":"2022-10-05T12:34:06","date_gmt":"2022-10-05T12:34:06","guid":{"rendered":"https:\/\/www.martinsdelima.com\/carlos-aldama\/"},"modified":"2026-02-08T20:04:15","modified_gmt":"2026-02-08T20:04:15","slug":"carlos-aldama","status":"publish","type":"page","link":"https:\/\/www.martinsdelima.com\/fr\/carlos-aldama\/","title":{"rendered":"Carlos Aldama"},"content":{"rendered":"\t\t<div data-elementor-type=\"wp-page\" data-elementor-id=\"11263\" class=\"elementor elementor-11263 elementor-926\" data-elementor-post-type=\"page\">\n\t\t\t\t\t\t<section class=\"elementor-section elementor-top-section elementor-element elementor-element-6b64e77 elementor-section-full_width elementor-section-content-middle elementor-section-height-default elementor-section-height-default\" data-id=\"6b64e77\" data-element_type=\"section\">\n\t\t\t\t\t\t<div class=\"elementor-container elementor-column-gap-no\">\n\t\t\t\t\t<div class=\"elementor-column elementor-col-50 elementor-top-column elementor-element elementor-element-2f20990f\" data-id=\"2f20990f\" data-element_type=\"column\">\n\t\t\t<div class=\"elementor-widget-wrap elementor-element-populated\">\n\t\t\t\t\t\t<div class=\"elementor-element elementor-element-c161bd7 elementor-widget elementor-widget-image\" data-id=\"c161bd7\" data-element_type=\"widget\" data-widget_type=\"image.default\">\n\t\t\t\t<div class=\"elementor-widget-container\">\n\t\t\t\t\t\t\t\t\t\t\t\t\t\t\t<img data-opt-id=2045625220  fetchpriority=\"high\" decoding=\"async\" src=\"https:\/\/mligy6wbr5rs.i.optimole.com\/w:400\/h:434\/q:mauto\/f:best\/https:\/\/www.martinsdelima.com\/wp-content\/uploads\/2022\/10\/Aldama-e1762286275399.png\" title=\"Aldama\" alt=\"Aldama\" loading=\"lazy\" \/>\t\t\t\t\t\t\t\t\t\t\t\t\t\t\t<\/div>\n\t\t\t\t<\/div>\n\t\t\t\t\t<\/div>\n\t\t<\/div>\n\t\t\t\t<div class=\"elementor-column elementor-col-50 elementor-top-column elementor-element elementor-element-0a5a329\" data-id=\"0a5a329\" data-element_type=\"column\">\n\t\t\t<div class=\"elementor-widget-wrap elementor-element-populated\">\n\t\t\t\t\t\t<div class=\"elementor-element elementor-element-227156f elementor-widget elementor-widget-heading\" data-id=\"227156f\" data-element_type=\"widget\" data-widget_type=\"heading.default\">\n\t\t\t\t<div class=\"elementor-widget-container\">\n\t\t\t\t\t<h2 class=\"elementor-heading-title elementor-size-default\">Carlos Aldama<\/h2>\t\t\t\t<\/div>\n\t\t\t\t<\/div>\n\t\t\t\t<div class=\"elementor-element elementor-element-83c9a28 elementor-widget elementor-widget-text-editor\" data-id=\"83c9a28\" data-element_type=\"widget\" data-widget_type=\"text-editor.default\">\n\t\t\t\t<div class=\"elementor-widget-container\">\n\t\t\t\t\t\t\t\t\t<p><strong>Carlos Aldama<\/strong> est un entrepreneur sp\u00e9cialis\u00e9 dans les expertises informatiques et l\u2019informatique l\u00e9gale.<\/p><p>Au cours de sa carri\u00e8re professionnelle, il a principalement exerc\u00e9 en tant qu\u2019expert informatique et, en particulier, en tant que directeur chez Aldama Inform\u00e1tica Legal, une entreprise dans laquelle il a travaill\u00e9 pendant plus de 13 ans et o\u00f9 il a assum\u00e9 de nombreuses responsabilit\u00e9s, en mettant particuli\u00e8rement l\u2019accent sur le conseil en TIC pour les cabinets d\u2019avocats. Dans ce poste, il s\u2019est sp\u00e9cialis\u00e9 dans les domaines des syst\u00e8mes bas\u00e9s sur Internet, des r\u00e9seaux et de la d\u00e9tection de la fraude informatique. <\/p><p>Il est titulaire d\u2019une licence d\u2019ing\u00e9nieur informaticien sup\u00e9rieur de l\u2019Universit\u00e9 Antonio de Nebrija. De plus, il donne des cours pour former de futurs experts informatiques dans diff\u00e9rentes universit\u00e9s et \u00e9coles professionnelles d\u2019ing\u00e9nierie informatique sur le territoire national. <\/p><p>En outre, une grande partie de sa carri\u00e8re professionnelle s\u2019est d\u00e9roul\u00e9e en tant que directeur chez Grupo D.S.I., une entreprise dans laquelle il a travaill\u00e9 pendant plus d\u2019une d\u00e9cennie. Depuis ce poste, il a assum\u00e9 de nombreuses responsabilit\u00e9s, en mettant particuli\u00e8rement l\u2019accent sur les domaines des services technologiques et de la gestion et de la direction d\u2019un centre de donn\u00e9es propre. <\/p>\t\t\t\t\t\t\t\t<\/div>\n\t\t\t\t<\/div>\n\t\t\t\t<div class=\"elementor-element elementor-element-5148c1b elementor-position-left elementor-view-default elementor-mobile-position-top elementor-widget elementor-widget-icon-box\" data-id=\"5148c1b\" data-element_type=\"widget\" data-widget_type=\"icon-box.default\">\n\t\t\t\t<div class=\"elementor-widget-container\">\n\t\t\t\t\t\t\t<div class=\"elementor-icon-box-wrapper\">\n\n\t\t\t\t\t\t<div class=\"elementor-icon-box-icon\">\n\t\t\t\t<a href=\"mailto:carlos.aldama@martinsdelima.com\" class=\"elementor-icon\" tabindex=\"-1\">\n\t\t\t\t<svg xmlns:inkscape=\"http:\/\/www.inkscape.org\/namespaces\/inkscape\" xmlns:rdf=\"http:\/\/www.w3.org\/1999\/02\/22-rdf-syntax-ns#\" xmlns=\"http:\/\/www.w3.org\/2000\/svg\" xmlns:dc=\"http:\/\/purl.org\/dc\/elements\/1.1\/\" xmlns:ns1=\"http:\/\/sozi.baierouge.fr\" xmlns:cc=\"http:\/\/web.resource.org\/cc\/\" xmlns:xlink=\"http:\/\/www.w3.org\/1999\/xlink\" xmlns:sodipodi=\"http:\/\/sodipodi.sourceforge.net\/DTD\/sodipodi-0.dtd\" id=\"svg1\" viewBox=\"0 0 60 60\" y=\"0\" x=\"0\"><path id=\"path1721\" style=\"stroke-linejoin:round;stroke:#ffffff;stroke-linecap:round;stroke-width:10;fill:none\" d=\"m5.6238 15.659h48.752v28.682h-48.752l-0.0002-28.682z\"><\/path><g id=\"g1717\" transform=\"matrix(.94142 0 0 .93932 1.3731 1.2806)\"><path id=\"path589\" style=\"stroke-linejoin:round;fill-rule:evenodd;stroke:#000000;stroke-linecap:round;stroke-width:30.501;fill:#ffffff\" d=\"m69.819 119.6h303.75v171.31h-303.75l-0.001-171.31z\" transform=\"matrix(.17049 0 0 .17824 -7.3882 -6.0097)\"><\/path><path id=\"path590\" style=\"stroke-linejoin:round;stroke:#000000;stroke-linecap:round;stroke-width:19.063;fill:none\" transform=\"matrix(.17049 0 0 .17824 -7.3882 -6.0097)\" d=\"m69.819 119.6l150.12 90.41 153.63-90.41\"><\/path><\/g><metadata><\/metadata><\/svg>\t\t\t\t<\/a>\n\t\t\t<\/div>\n\t\t\t\n\t\t\t\t\t\t<div class=\"elementor-icon-box-content\">\n\n\t\t\t\t\n\t\t\t\t\t\t\t\t\t<p class=\"elementor-icon-box-description\">\n\t\t\t\t\t\tcarlos.aldama@martinsdelima.com\t\t\t\t\t<\/p>\n\t\t\t\t\n\t\t\t<\/div>\n\t\t\t\n\t\t<\/div>\n\t\t\t\t\t\t<\/div>\n\t\t\t\t<\/div>\n\t\t\t\t<div class=\"elementor-element elementor-element-6315c56 elementor-widget elementor-widget-button\" data-id=\"6315c56\" data-element_type=\"widget\" data-widget_type=\"button.default\">\n\t\t\t\t<div class=\"elementor-widget-container\">\n\t\t\t\t\t\t\t\t\t<div class=\"elementor-button-wrapper\">\n\t\t\t\t\t<a class=\"elementor-button elementor-button-link elementor-size-sm\" href=\"http:\/\/www.martinsdelima.com\/equipo\/\">\n\t\t\t\t\t\t<span class=\"elementor-button-content-wrapper\">\n\t\t\t\t\t\t\t\t\t<span class=\"elementor-button-text\">Retour<\/span>\n\t\t\t\t\t<\/span>\n\t\t\t\t\t<\/a>\n\t\t\t\t<\/div>\n\t\t\t\t\t\t\t\t<\/div>\n\t\t\t\t<\/div>\n\t\t\t\t\t<\/div>\n\t\t<\/div>\n\t\t\t\t\t<\/div>\n\t\t<\/section>\n\t\t\t\t<\/div>\n\t\t","protected":false},"excerpt":{"rendered":"<p>Carlos Aldama Carlos Aldama est un entrepreneur sp\u00e9cialis\u00e9 dans les expertises informatiques et l\u2019informatique l\u00e9gale. Au cours de sa carri\u00e8re professionnelle, il a principalement exerc\u00e9 en tant qu\u2019expert informatique et, en particulier, en tant que directeur chez Aldama Inform\u00e1tica Legal, une entreprise dans laquelle il a travaill\u00e9 pendant plus de [&hellip;]<\/p>\n","protected":false},"author":1,"featured_media":0,"parent":0,"menu_order":0,"comment_status":"closed","ping_status":"closed","template":"page-templates\/template-pagebuilder-full-width.php","meta":{"footnotes":""},"class_list":["post-11263","page","type-page","status-publish","hentry"],"yoast_head":"<!-- This site is optimized with the Yoast SEO plugin v26.4 - https:\/\/yoast.com\/wordpress\/plugins\/seo\/ -->\n<title>Carlos Aldama - Martinsdelima<\/title>\n<meta name=\"robots\" content=\"index, follow, max-snippet:-1, max-image-preview:large, max-video-preview:-1\" \/>\n<link rel=\"canonical\" href=\"https:\/\/www.martinsdelima.com\/fr\/carlos-aldama\/\" \/>\n<meta property=\"og:locale\" content=\"fr_FR\" \/>\n<meta property=\"og:type\" content=\"article\" \/>\n<meta property=\"og:title\" content=\"Carlos Aldama - Martinsdelima\" \/>\n<meta property=\"og:description\" content=\"Carlos Aldama Carlos Aldama est un entrepreneur sp\u00e9cialis\u00e9 dans les expertises informatiques et l\u2019informatique l\u00e9gale. Au cours de sa carri\u00e8re professionnelle, il a principalement exerc\u00e9 en tant qu\u2019expert informatique et, en particulier, en tant que directeur chez Aldama Inform\u00e1tica Legal, une entreprise dans laquelle il a travaill\u00e9 pendant plus de [&hellip;]\" \/>\n<meta property=\"og:url\" content=\"https:\/\/www.martinsdelima.com\/fr\/carlos-aldama\/\" \/>\n<meta property=\"og:site_name\" content=\"Martinsdelima\" \/>\n<meta property=\"article:modified_time\" content=\"2026-02-08T20:04:15+00:00\" \/>\n<meta property=\"og:image\" content=\"https:\/\/mligy6wbr5rs.i.optimole.com\/w:auto\/h:auto\/q:mauto\/f:best\/https:\/\/www.martinsdelima.com\/wp-content\/uploads\/elementor\/thumbs\/Aldama-e1762286275399-re84u6r4anoexb0gdbh7y9ujdnl2rv5fvz8klsh8fo.png\" \/>\n<meta name=\"twitter:card\" content=\"summary_large_image\" \/>\n<meta name=\"twitter:label1\" content=\"Dur\u00e9e de lecture estim\u00e9e\" \/>\n\t<meta name=\"twitter:data1\" content=\"1 minute\" \/>\n<script type=\"application\/ld+json\" class=\"yoast-schema-graph\">{\"@context\":\"https:\/\/schema.org\",\"@graph\":[{\"@type\":\"WebPage\",\"@id\":\"https:\/\/www.martinsdelima.com\/fr\/carlos-aldama\/\",\"url\":\"https:\/\/www.martinsdelima.com\/fr\/carlos-aldama\/\",\"name\":\"Carlos Aldama - Martinsdelima\",\"isPartOf\":{\"@id\":\"https:\/\/www.martinsdelima.com\/fr\/#website\"},\"primaryImageOfPage\":{\"@id\":\"https:\/\/www.martinsdelima.com\/fr\/carlos-aldama\/#primaryimage\"},\"image\":{\"@id\":\"https:\/\/www.martinsdelima.com\/fr\/carlos-aldama\/#primaryimage\"},\"thumbnailUrl\":\"https:\/\/mligy6wbr5rs.i.optimole.com\/w:auto\/h:auto\/q:mauto\/f:best\/https:\/\/www.martinsdelima.com\/wp-content\/uploads\/elementor\/thumbs\/Aldama-e1762286275399-re84u6r4anoexb0gdbh7y9ujdnl2rv5fvz8klsh8fo.png\",\"datePublished\":\"2022-10-05T12:34:06+00:00\",\"dateModified\":\"2026-02-08T20:04:15+00:00\",\"breadcrumb\":{\"@id\":\"https:\/\/www.martinsdelima.com\/fr\/carlos-aldama\/#breadcrumb\"},\"inLanguage\":\"fr-FR\",\"potentialAction\":[{\"@type\":\"ReadAction\",\"target\":[\"https:\/\/www.martinsdelima.com\/fr\/carlos-aldama\/\"]}]},{\"@type\":\"ImageObject\",\"inLanguage\":\"fr-FR\",\"@id\":\"https:\/\/www.martinsdelima.com\/fr\/carlos-aldama\/#primaryimage\",\"url\":\"https:\/\/mligy6wbr5rs.i.optimole.com\/w:auto\/h:auto\/q:mauto\/f:best\/https:\/\/www.martinsdelima.com\/wp-content\/uploads\/elementor\/thumbs\/Aldama-e1762286275399-re84u6r4anoexb0gdbh7y9ujdnl2rv5fvz8klsh8fo.png\",\"contentUrl\":\"https:\/\/mligy6wbr5rs.i.optimole.com\/w:auto\/h:auto\/q:mauto\/f:best\/https:\/\/www.martinsdelima.com\/wp-content\/uploads\/elementor\/thumbs\/Aldama-e1762286275399-re84u6r4anoexb0gdbh7y9ujdnl2rv5fvz8klsh8fo.png\"},{\"@type\":\"BreadcrumbList\",\"@id\":\"https:\/\/www.martinsdelima.com\/fr\/carlos-aldama\/#breadcrumb\",\"itemListElement\":[{\"@type\":\"ListItem\",\"position\":1,\"name\":\"Page d'accueil\",\"item\":\"https:\/\/www.martinsdelima.com\/fr\/accueil\/\"},{\"@type\":\"ListItem\",\"position\":2,\"name\":\"Carlos Aldama\"}]},{\"@type\":\"WebSite\",\"@id\":\"https:\/\/www.martinsdelima.com\/fr\/#website\",\"url\":\"https:\/\/www.martinsdelima.com\/fr\/\",\"name\":\"Martinsdelima\",\"description\":\"Forensic&amp;Finance\",\"publisher\":{\"@id\":\"https:\/\/www.martinsdelima.com\/fr\/#organization\"},\"potentialAction\":[{\"@type\":\"SearchAction\",\"target\":{\"@type\":\"EntryPoint\",\"urlTemplate\":\"https:\/\/www.martinsdelima.com\/fr\/?s={search_term_string}\"},\"query-input\":{\"@type\":\"PropertyValueSpecification\",\"valueRequired\":true,\"valueName\":\"search_term_string\"}}],\"inLanguage\":\"fr-FR\"},{\"@type\":\"Organization\",\"@id\":\"https:\/\/www.martinsdelima.com\/fr\/#organization\",\"name\":\"Martinsdelima\",\"url\":\"https:\/\/www.martinsdelima.com\/fr\/\",\"logo\":{\"@type\":\"ImageObject\",\"inLanguage\":\"fr-FR\",\"@id\":\"https:\/\/www.martinsdelima.com\/fr\/#\/schema\/logo\/image\/\",\"url\":\"https:\/\/mligy6wbr5rs.i.optimole.com\/w:auto\/h:auto\/q:mauto\/f:best\/https:\/\/www.martinsdelima.com\/wp-content\/uploads\/2025\/10\/martinsdelima-letras-claras-horizontal.png\",\"contentUrl\":\"https:\/\/mligy6wbr5rs.i.optimole.com\/w:auto\/h:auto\/q:mauto\/f:best\/https:\/\/www.martinsdelima.com\/wp-content\/uploads\/2025\/10\/martinsdelima-letras-claras-horizontal.png\",\"width\":1315,\"height\":217,\"caption\":\"Martinsdelima\"},\"image\":{\"@id\":\"https:\/\/www.martinsdelima.com\/fr\/#\/schema\/logo\/image\/\"}}]}<\/script>\n<!-- \/ Yoast SEO plugin. -->","yoast_head_json":{"title":"Carlos Aldama - Martinsdelima","robots":{"index":"index","follow":"follow","max-snippet":"max-snippet:-1","max-image-preview":"max-image-preview:large","max-video-preview":"max-video-preview:-1"},"canonical":"https:\/\/www.martinsdelima.com\/fr\/carlos-aldama\/","og_locale":"fr_FR","og_type":"article","og_title":"Carlos Aldama - Martinsdelima","og_description":"Carlos Aldama Carlos Aldama est un entrepreneur sp\u00e9cialis\u00e9 dans les expertises informatiques et l\u2019informatique l\u00e9gale. Au cours de sa carri\u00e8re professionnelle, il a principalement exerc\u00e9 en tant qu\u2019expert informatique et, en particulier, en tant que directeur chez Aldama Inform\u00e1tica Legal, une entreprise dans laquelle il a travaill\u00e9 pendant plus de [&hellip;]","og_url":"https:\/\/www.martinsdelima.com\/fr\/carlos-aldama\/","og_site_name":"Martinsdelima","article_modified_time":"2026-02-08T20:04:15+00:00","og_image":[{"url":"https:\/\/mligy6wbr5rs.i.optimole.com\/w:auto\/h:auto\/q:mauto\/f:best\/https:\/\/www.martinsdelima.com\/wp-content\/uploads\/elementor\/thumbs\/Aldama-e1762286275399-re84u6r4anoexb0gdbh7y9ujdnl2rv5fvz8klsh8fo.png","type":"","width":"","height":""}],"twitter_card":"summary_large_image","twitter_misc":{"Dur\u00e9e de lecture estim\u00e9e":"1 minute"},"schema":{"@context":"https:\/\/schema.org","@graph":[{"@type":"WebPage","@id":"https:\/\/www.martinsdelima.com\/fr\/carlos-aldama\/","url":"https:\/\/www.martinsdelima.com\/fr\/carlos-aldama\/","name":"Carlos Aldama - Martinsdelima","isPartOf":{"@id":"https:\/\/www.martinsdelima.com\/fr\/#website"},"primaryImageOfPage":{"@id":"https:\/\/www.martinsdelima.com\/fr\/carlos-aldama\/#primaryimage"},"image":{"@id":"https:\/\/www.martinsdelima.com\/fr\/carlos-aldama\/#primaryimage"},"thumbnailUrl":"https:\/\/mligy6wbr5rs.i.optimole.com\/w:auto\/h:auto\/q:mauto\/f:best\/https:\/\/www.martinsdelima.com\/wp-content\/uploads\/elementor\/thumbs\/Aldama-e1762286275399-re84u6r4anoexb0gdbh7y9ujdnl2rv5fvz8klsh8fo.png","datePublished":"2022-10-05T12:34:06+00:00","dateModified":"2026-02-08T20:04:15+00:00","breadcrumb":{"@id":"https:\/\/www.martinsdelima.com\/fr\/carlos-aldama\/#breadcrumb"},"inLanguage":"fr-FR","potentialAction":[{"@type":"ReadAction","target":["https:\/\/www.martinsdelima.com\/fr\/carlos-aldama\/"]}]},{"@type":"ImageObject","inLanguage":"fr-FR","@id":"https:\/\/www.martinsdelima.com\/fr\/carlos-aldama\/#primaryimage","url":"https:\/\/mligy6wbr5rs.i.optimole.com\/w:auto\/h:auto\/q:mauto\/f:best\/https:\/\/www.martinsdelima.com\/wp-content\/uploads\/elementor\/thumbs\/Aldama-e1762286275399-re84u6r4anoexb0gdbh7y9ujdnl2rv5fvz8klsh8fo.png","contentUrl":"https:\/\/mligy6wbr5rs.i.optimole.com\/w:auto\/h:auto\/q:mauto\/f:best\/https:\/\/www.martinsdelima.com\/wp-content\/uploads\/elementor\/thumbs\/Aldama-e1762286275399-re84u6r4anoexb0gdbh7y9ujdnl2rv5fvz8klsh8fo.png"},{"@type":"BreadcrumbList","@id":"https:\/\/www.martinsdelima.com\/fr\/carlos-aldama\/#breadcrumb","itemListElement":[{"@type":"ListItem","position":1,"name":"Page d'accueil","item":"https:\/\/www.martinsdelima.com\/fr\/accueil\/"},{"@type":"ListItem","position":2,"name":"Carlos Aldama"}]},{"@type":"WebSite","@id":"https:\/\/www.martinsdelima.com\/fr\/#website","url":"https:\/\/www.martinsdelima.com\/fr\/","name":"Martinsdelima","description":"Forensic&amp;Finance","publisher":{"@id":"https:\/\/www.martinsdelima.com\/fr\/#organization"},"potentialAction":[{"@type":"SearchAction","target":{"@type":"EntryPoint","urlTemplate":"https:\/\/www.martinsdelima.com\/fr\/?s={search_term_string}"},"query-input":{"@type":"PropertyValueSpecification","valueRequired":true,"valueName":"search_term_string"}}],"inLanguage":"fr-FR"},{"@type":"Organization","@id":"https:\/\/www.martinsdelima.com\/fr\/#organization","name":"Martinsdelima","url":"https:\/\/www.martinsdelima.com\/fr\/","logo":{"@type":"ImageObject","inLanguage":"fr-FR","@id":"https:\/\/www.martinsdelima.com\/fr\/#\/schema\/logo\/image\/","url":"https:\/\/mligy6wbr5rs.i.optimole.com\/w:auto\/h:auto\/q:mauto\/f:best\/https:\/\/www.martinsdelima.com\/wp-content\/uploads\/2025\/10\/martinsdelima-letras-claras-horizontal.png","contentUrl":"https:\/\/mligy6wbr5rs.i.optimole.com\/w:auto\/h:auto\/q:mauto\/f:best\/https:\/\/www.martinsdelima.com\/wp-content\/uploads\/2025\/10\/martinsdelima-letras-claras-horizontal.png","width":1315,"height":217,"caption":"Martinsdelima"},"image":{"@id":"https:\/\/www.martinsdelima.com\/fr\/#\/schema\/logo\/image\/"}}]}},"_links":{"self":[{"href":"https:\/\/www.martinsdelima.com\/fr\/wp-json\/wp\/v2\/pages\/11263","targetHints":{"allow":["GET"]}}],"collection":[{"href":"https:\/\/www.martinsdelima.com\/fr\/wp-json\/wp\/v2\/pages"}],"about":[{"href":"https:\/\/www.martinsdelima.com\/fr\/wp-json\/wp\/v2\/types\/page"}],"author":[{"embeddable":true,"href":"https:\/\/www.martinsdelima.com\/fr\/wp-json\/wp\/v2\/users\/1"}],"replies":[{"embeddable":true,"href":"https:\/\/www.martinsdelima.com\/fr\/wp-json\/wp\/v2\/comments?post=11263"}],"version-history":[{"count":1,"href":"https:\/\/www.martinsdelima.com\/fr\/wp-json\/wp\/v2\/pages\/11263\/revisions"}],"predecessor-version":[{"id":11265,"href":"https:\/\/www.martinsdelima.com\/fr\/wp-json\/wp\/v2\/pages\/11263\/revisions\/11265"}],"wp:attachment":[{"href":"https:\/\/www.martinsdelima.com\/fr\/wp-json\/wp\/v2\/media?parent=11263"}],"curies":[{"name":"wp","href":"https:\/\/api.w.org\/{rel}","templated":true}]}}