{"id":11277,"date":"2022-09-29T14:32:00","date_gmt":"2022-09-29T14:32:00","guid":{"rendered":"https:\/\/www.martinsdelima.com\/financement-dentreprise\/"},"modified":"2026-02-13T12:56:23","modified_gmt":"2026-02-13T12:56:23","slug":"financement-dentreprise","status":"publish","type":"page","link":"https:\/\/www.martinsdelima.com\/fr\/financement-dentreprise\/","title":{"rendered":"Financement d&rsquo;entreprise"},"content":{"rendered":"\t\t<div data-elementor-type=\"wp-page\" data-elementor-id=\"11277\" class=\"elementor elementor-11277 elementor-568\" data-elementor-post-type=\"page\">\n\t\t\t\t\t\t<section class=\"elementor-section elementor-top-section elementor-element elementor-element-3a391b3 elementor-section-full_width elementor-section-stretched elementor-section-height-default elementor-section-height-default\" data-id=\"3a391b3\" data-element_type=\"section\" data-settings=\"{&quot;stretch_section&quot;:&quot;section-stretched&quot;,&quot;background_background&quot;:&quot;classic&quot;}\">\n\t\t\t\t\t\t\t<div class=\"elementor-background-overlay\"><\/div>\n\t\t\t\t\t\t\t<div class=\"elementor-container elementor-column-gap-default\">\n\t\t\t\t\t<div class=\"elementor-column elementor-col-100 elementor-top-column elementor-element elementor-element-08a0e80\" data-id=\"08a0e80\" data-element_type=\"column\">\n\t\t\t<div class=\"elementor-widget-wrap elementor-element-populated\">\n\t\t\t\t\t\t<div class=\"elementor-element elementor-element-55426bd elementor-widget elementor-widget-heading\" data-id=\"55426bd\" data-element_type=\"widget\" data-widget_type=\"heading.default\">\n\t\t\t\t<div class=\"elementor-widget-container\">\n\t\t\t\t\t<h2 class=\"elementor-heading-title elementor-size-default\"><b>Consulting financier<\/b><\/h2>\t\t\t\t<\/div>\n\t\t\t\t<\/div>\n\t\t\t\t\t<\/div>\n\t\t<\/div>\n\t\t\t\t\t<\/div>\n\t\t<\/section>\n\t\t<div class=\"elementor-element elementor-element-ab53969 e-flex e-con-boxed e-con e-parent\" data-id=\"ab53969\" data-element_type=\"container\" data-settings=\"{&quot;background_background&quot;:&quot;classic&quot;}\">\n\t\t\t\t\t<div class=\"e-con-inner\">\n\t\t<div class=\"elementor-element elementor-element-b4ce634 e-con-full e-flex e-con e-child\" data-id=\"b4ce634\" data-element_type=\"container\">\n\t\t\t\t<div class=\"elementor-element elementor-element-35f63fc elementor-widget elementor-widget-heading\" data-id=\"35f63fc\" data-element_type=\"widget\" data-widget_type=\"heading.default\">\n\t\t\t\t<div class=\"elementor-widget-container\">\n\t\t\t\t\t<h3 class=\"elementor-heading-title elementor-size-default\"><b>Domaines de sp\u00e9cialisation<\/b><\/h3>\t\t\t\t<\/div>\n\t\t\t\t<\/div>\n\t\t\t\t<\/div>\n\t\t\t\t\t<\/div>\n\t\t\t\t<\/div>\n\t\t<div class=\"elementor-element elementor-element-a7374e6 e-flex e-con-boxed e-con e-parent\" data-id=\"a7374e6\" data-element_type=\"container\">\n\t\t\t\t\t<div class=\"e-con-inner\">\n\t\t<div class=\"elementor-element elementor-element-5d64e37 e-con-full e-flex e-con e-child\" data-id=\"5d64e37\" data-element_type=\"container\">\n\t\t<div class=\"elementor-element elementor-element-c69c5ad e-con-full e-flex e-con e-child\" data-id=\"c69c5ad\" data-element_type=\"container\" data-settings=\"{&quot;background_background&quot;:&quot;classic&quot;}\">\n\t\t\t\t<div class=\"elementor-element elementor-element-1b0163c elementor-widget elementor-widget-heading\" data-id=\"1b0163c\" data-element_type=\"widget\" data-widget_type=\"heading.default\">\n\t\t\t\t<div class=\"elementor-widget-container\">\n\t\t\t\t\t<h3 class=\"elementor-heading-title elementor-size-default\"><a href=\"https:\/\/www.martinsdelima.com\/fr\/evaluations\/\"><b>\u00c9valuations<\/b><\/a><\/h3>\t\t\t\t<\/div>\n\t\t\t\t<\/div>\n\t\t\t\t<div class=\"elementor-element elementor-element-2ba0ce4 elementor-widget elementor-widget-heading\" data-id=\"2ba0ce4\" data-element_type=\"widget\" data-widget_type=\"heading.default\">\n\t\t\t\t<div class=\"elementor-widget-container\">\n\t\t\t\t\t<h5 class=\"elementor-heading-title elementor-size-default\"><a href=\"https:\/\/www.martinsdelima.com\/fr\/evaluations\/\"><br>\u00c9valuation d'entreprises et d'unit\u00e9s<br><br>\u00c9valuation des produits d\u00e9riv\u00e9s<br><br>\u00c9valuation de projets et de PPA<br><br>\u00c9valuation de fonds et de portefeuilles d'actifs<br><br>\u00c9valuation de sportifs<br><br>\u00c9valuation de la propri\u00e9t\u00e9 intellectuelle et des marques<br><\/a><\/h5>\t\t\t\t<\/div>\n\t\t\t\t<\/div>\n\t\t\t\t<\/div>\n\t\t\t\t<\/div>\n\t\t<div class=\"elementor-element elementor-element-65a9724 e-con-full e-flex e-con e-child\" data-id=\"65a9724\" data-element_type=\"container\">\n\t\t<div class=\"elementor-element elementor-element-5d99157 e-con-full e-flex e-con e-child\" data-id=\"5d99157\" data-element_type=\"container\" data-settings=\"{&quot;background_background&quot;:&quot;classic&quot;}\">\n\t\t\t\t<div class=\"elementor-element elementor-element-17d41c0 elementor-widget elementor-widget-heading\" data-id=\"17d41c0\" data-element_type=\"widget\" data-widget_type=\"heading.default\">\n\t\t\t\t<div class=\"elementor-widget-container\">\n\t\t\t\t\t<h3 class=\"elementor-heading-title elementor-size-default\"><a href=\"https:\/\/www.martinsdelima.com\/fr\/fusions-et-acquisitions\/\"><b>Fusions et acquisitions (F&amp;A)<\/b><\/a><\/h3>\t\t\t\t<\/div>\n\t\t\t\t<\/div>\n\t\t\t\t<div class=\"elementor-element elementor-element-f3b01c2 elementor-widget elementor-widget-heading\" data-id=\"f3b01c2\" data-element_type=\"widget\" data-widget_type=\"heading.default\">\n\t\t\t\t<div class=\"elementor-widget-container\">\n\t\t\t\t\t<h5 class=\"elementor-heading-title elementor-size-default\"><a href=\"https:\/\/www.martinsdelima.com\/fr\/fusions-et-acquisitions\/\"><br>Recherche d'investisseurs<br><br>Lettre d'intention<br><br>Due Diligence<br><br>Soutien aux contrats d'achat et de vente<br><br>Accords d'associ\u00e9s-dirigeants<br><br>Post M&amp;A<\/a><\/h5>\t\t\t\t<\/div>\n\t\t\t\t<\/div>\n\t\t\t\t<\/div>\n\t\t\t\t<\/div>\n\t\t\t\t\t<\/div>\n\t\t\t\t<\/div>\n\t\t<div class=\"elementor-element elementor-element-baf2097 e-flex e-con-boxed e-con e-parent\" data-id=\"baf2097\" data-element_type=\"container\">\n\t\t\t\t\t<div class=\"e-con-inner\">\n\t\t<div class=\"elementor-element elementor-element-b816673 e-con-full e-flex e-con e-child\" data-id=\"b816673\" data-element_type=\"container\">\n\t\t<div class=\"elementor-element elementor-element-bf77972 e-con-full e-flex e-con e-child\" data-id=\"bf77972\" data-element_type=\"container\" data-settings=\"{&quot;background_background&quot;:&quot;classic&quot;}\">\n\t\t\t\t<div class=\"elementor-element elementor-element-ebd3d1f elementor-widget elementor-widget-heading\" data-id=\"ebd3d1f\" data-element_type=\"widget\" data-widget_type=\"heading.default\">\n\t\t\t\t<div class=\"elementor-widget-container\">\n\t\t\t\t\t<h3 class=\"elementor-heading-title elementor-size-default\"><a href=\"https:\/\/www.martinsdelima.com\/fr\/plans-daffaires\/\"><b>Plans d\u2019affaires<\/b><\/a><\/h3>\t\t\t\t<\/div>\n\t\t\t\t<\/div>\n\t\t\t\t<div class=\"elementor-element elementor-element-9ec91c8 elementor-widget elementor-widget-heading\" data-id=\"9ec91c8\" data-element_type=\"widget\" data-widget_type=\"heading.default\">\n\t\t\t\t<div class=\"elementor-widget-container\">\n\t\t\t\t\t<h5 class=\"elementor-heading-title elementor-size-default\"><a href=\"https:\/\/www.martinsdelima.com\/fr\/plans-daffaires\/\"><br>Plans strat\u00e9giques<br><br>Analyses de march\u00e9s et sectorielles<br><br>Financement de plans d'affaires<br><br>Analyse des couvertures financi\u00e8res<br><br>Plans d'investissement en publicit\u00e9 et marketing<br><br>Plans d'investissements<\/a><\/h5>\t\t\t\t<\/div>\n\t\t\t\t<\/div>\n\t\t\t\t<\/div>\n\t\t\t\t<\/div>\n\t\t<div class=\"elementor-element elementor-element-2dae289 e-con-full e-flex e-con e-child\" data-id=\"2dae289\" data-element_type=\"container\">\n\t\t<div class=\"elementor-element elementor-element-5327739 e-con-full e-flex e-con e-child\" data-id=\"5327739\" data-element_type=\"container\" data-settings=\"{&quot;background_background&quot;:&quot;classic&quot;}\">\n\t\t\t\t<div class=\"elementor-element elementor-element-c4e86fe elementor-widget elementor-widget-heading\" data-id=\"c4e86fe\" data-element_type=\"widget\" data-widget_type=\"heading.default\">\n\t\t\t\t<div class=\"elementor-widget-container\">\n\t\t\t\t\t<h3 class=\"elementor-heading-title elementor-size-default\"><a href=\"https:\/\/www.martinsdelima.com\/fr\/restructurations\/\"><b>Restructurations<\/b><\/a><\/h3>\t\t\t\t<\/div>\n\t\t\t\t<\/div>\n\t\t\t\t<div class=\"elementor-element elementor-element-acb6269 elementor-widget elementor-widget-heading\" data-id=\"acb6269\" data-element_type=\"widget\" data-widget_type=\"heading.default\">\n\t\t\t\t<div class=\"elementor-widget-container\">\n\t\t\t\t\t<h5 class=\"elementor-heading-title elementor-size-default\"><a href=\"https:\/\/www.martinsdelima.com\/fr\/restructurations\/\"><br>Dette<br><br>D\u00e9riv\u00e9s<br><br>Ressources humaines<br><br>G\u00e9ographique<br><br>Face aux changements r\u00e9glementaires<br><br>Vente et location subs\u00e9quente (Sale &amp; Lease-Back)<\/a><\/h5>\t\t\t\t<\/div>\n\t\t\t\t<\/div>\n\t\t\t\t<\/div>\n\t\t\t\t<\/div>\n\t\t\t\t\t<\/div>\n\t\t\t\t<\/div>\n\t\t\t\t<\/div>\n\t\t","protected":false},"excerpt":{"rendered":"<p>Consulting financier Domaines de sp\u00e9cialisation \u00c9valuations \u00c9valuation d&rsquo;entreprises et d&rsquo;unit\u00e9s \u00c9valuation des produits d\u00e9riv\u00e9s \u00c9valuation de projets et de PPA \u00c9valuation de fonds et de portefeuilles d&rsquo;actifs \u00c9valuation de sportifs \u00c9valuation de la propri\u00e9t\u00e9 intellectuelle et des marques Fusions et acquisitions (F&amp;A) Recherche d&rsquo;investisseurs Lettre d&rsquo;intention Due Diligence Soutien aux [&hellip;]<\/p>\n","protected":false},"author":1,"featured_media":0,"parent":0,"menu_order":0,"comment_status":"closed","ping_status":"closed","template":"page-templates\/template-pagebuilder-full-width.php","meta":{"footnotes":""},"class_list":["post-11277","page","type-page","status-publish","hentry"],"yoast_head":"<!-- This site is optimized with the Yoast SEO plugin v26.4 - https:\/\/yoast.com\/wordpress\/plugins\/seo\/ -->\n<title>Financement d&#039;entreprise - Martinsdelima<\/title>\n<meta name=\"robots\" content=\"index, follow, max-snippet:-1, max-image-preview:large, max-video-preview:-1\" \/>\n<link rel=\"canonical\" href=\"https:\/\/www.martinsdelima.com\/fr\/financement-dentreprise\/\" \/>\n<meta property=\"og:locale\" content=\"fr_FR\" \/>\n<meta property=\"og:type\" content=\"article\" \/>\n<meta property=\"og:title\" content=\"Financement d&#039;entreprise - Martinsdelima\" \/>\n<meta property=\"og:description\" content=\"Consulting financier Domaines de sp\u00e9cialisation \u00c9valuations \u00c9valuation d&rsquo;entreprises et d&rsquo;unit\u00e9s \u00c9valuation des produits d\u00e9riv\u00e9s \u00c9valuation de projets et de PPA \u00c9valuation de fonds et de portefeuilles d&rsquo;actifs \u00c9valuation de sportifs \u00c9valuation de la propri\u00e9t\u00e9 intellectuelle et des marques Fusions et acquisitions (F&amp;A) Recherche d&rsquo;investisseurs Lettre d&rsquo;intention Due Diligence Soutien aux [&hellip;]\" \/>\n<meta property=\"og:url\" content=\"https:\/\/www.martinsdelima.com\/fr\/financement-dentreprise\/\" \/>\n<meta property=\"og:site_name\" content=\"Martinsdelima\" \/>\n<meta property=\"article:modified_time\" content=\"2026-02-13T12:56:23+00:00\" \/>\n<meta name=\"twitter:card\" content=\"summary_large_image\" \/>\n<meta name=\"twitter:label1\" content=\"Dur\u00e9e de lecture estim\u00e9e\" \/>\n\t<meta name=\"twitter:data1\" content=\"1 minute\" \/>\n<script type=\"application\/ld+json\" class=\"yoast-schema-graph\">{\"@context\":\"https:\/\/schema.org\",\"@graph\":[{\"@type\":\"WebPage\",\"@id\":\"https:\/\/www.martinsdelima.com\/fr\/financement-dentreprise\/\",\"url\":\"https:\/\/www.martinsdelima.com\/fr\/financement-dentreprise\/\",\"name\":\"Financement d'entreprise - Martinsdelima\",\"isPartOf\":{\"@id\":\"https:\/\/www.martinsdelima.com\/fr\/#website\"},\"datePublished\":\"2022-09-29T14:32:00+00:00\",\"dateModified\":\"2026-02-13T12:56:23+00:00\",\"breadcrumb\":{\"@id\":\"https:\/\/www.martinsdelima.com\/fr\/financement-dentreprise\/#breadcrumb\"},\"inLanguage\":\"fr-FR\",\"potentialAction\":[{\"@type\":\"ReadAction\",\"target\":[\"https:\/\/www.martinsdelima.com\/fr\/financement-dentreprise\/\"]}]},{\"@type\":\"BreadcrumbList\",\"@id\":\"https:\/\/www.martinsdelima.com\/fr\/financement-dentreprise\/#breadcrumb\",\"itemListElement\":[{\"@type\":\"ListItem\",\"position\":1,\"name\":\"Page d'accueil\",\"item\":\"https:\/\/www.martinsdelima.com\/fr\/accueil\/\"},{\"@type\":\"ListItem\",\"position\":2,\"name\":\"Financement d\u2019entreprise\"}]},{\"@type\":\"WebSite\",\"@id\":\"https:\/\/www.martinsdelima.com\/fr\/#website\",\"url\":\"https:\/\/www.martinsdelima.com\/fr\/\",\"name\":\"Martinsdelima\",\"description\":\"Forensic&amp;Finance\",\"publisher\":{\"@id\":\"https:\/\/www.martinsdelima.com\/fr\/#organization\"},\"potentialAction\":[{\"@type\":\"SearchAction\",\"target\":{\"@type\":\"EntryPoint\",\"urlTemplate\":\"https:\/\/www.martinsdelima.com\/fr\/?s={search_term_string}\"},\"query-input\":{\"@type\":\"PropertyValueSpecification\",\"valueRequired\":true,\"valueName\":\"search_term_string\"}}],\"inLanguage\":\"fr-FR\"},{\"@type\":\"Organization\",\"@id\":\"https:\/\/www.martinsdelima.com\/fr\/#organization\",\"name\":\"Martinsdelima\",\"url\":\"https:\/\/www.martinsdelima.com\/fr\/\",\"logo\":{\"@type\":\"ImageObject\",\"inLanguage\":\"fr-FR\",\"@id\":\"https:\/\/www.martinsdelima.com\/fr\/#\/schema\/logo\/image\/\",\"url\":\"https:\/\/mligy6wbr5rs.i.optimole.com\/w:auto\/h:auto\/q:mauto\/f:best\/https:\/\/www.martinsdelima.com\/wp-content\/uploads\/2025\/10\/martinsdelima-letras-claras-horizontal.png\",\"contentUrl\":\"https:\/\/mligy6wbr5rs.i.optimole.com\/w:auto\/h:auto\/q:mauto\/f:best\/https:\/\/www.martinsdelima.com\/wp-content\/uploads\/2025\/10\/martinsdelima-letras-claras-horizontal.png\",\"width\":1315,\"height\":217,\"caption\":\"Martinsdelima\"},\"image\":{\"@id\":\"https:\/\/www.martinsdelima.com\/fr\/#\/schema\/logo\/image\/\"}}]}<\/script>\n<!-- \/ Yoast SEO plugin. -->","yoast_head_json":{"title":"Financement d'entreprise - Martinsdelima","robots":{"index":"index","follow":"follow","max-snippet":"max-snippet:-1","max-image-preview":"max-image-preview:large","max-video-preview":"max-video-preview:-1"},"canonical":"https:\/\/www.martinsdelima.com\/fr\/financement-dentreprise\/","og_locale":"fr_FR","og_type":"article","og_title":"Financement d'entreprise - Martinsdelima","og_description":"Consulting financier Domaines de sp\u00e9cialisation \u00c9valuations \u00c9valuation d&rsquo;entreprises et d&rsquo;unit\u00e9s \u00c9valuation des produits d\u00e9riv\u00e9s \u00c9valuation de projets et de PPA \u00c9valuation de fonds et de portefeuilles d&rsquo;actifs \u00c9valuation de sportifs \u00c9valuation de la propri\u00e9t\u00e9 intellectuelle et des marques Fusions et acquisitions (F&amp;A) Recherche d&rsquo;investisseurs Lettre d&rsquo;intention Due Diligence Soutien aux [&hellip;]","og_url":"https:\/\/www.martinsdelima.com\/fr\/financement-dentreprise\/","og_site_name":"Martinsdelima","article_modified_time":"2026-02-13T12:56:23+00:00","twitter_card":"summary_large_image","twitter_misc":{"Dur\u00e9e de lecture estim\u00e9e":"1 minute"},"schema":{"@context":"https:\/\/schema.org","@graph":[{"@type":"WebPage","@id":"https:\/\/www.martinsdelima.com\/fr\/financement-dentreprise\/","url":"https:\/\/www.martinsdelima.com\/fr\/financement-dentreprise\/","name":"Financement d'entreprise - Martinsdelima","isPartOf":{"@id":"https:\/\/www.martinsdelima.com\/fr\/#website"},"datePublished":"2022-09-29T14:32:00+00:00","dateModified":"2026-02-13T12:56:23+00:00","breadcrumb":{"@id":"https:\/\/www.martinsdelima.com\/fr\/financement-dentreprise\/#breadcrumb"},"inLanguage":"fr-FR","potentialAction":[{"@type":"ReadAction","target":["https:\/\/www.martinsdelima.com\/fr\/financement-dentreprise\/"]}]},{"@type":"BreadcrumbList","@id":"https:\/\/www.martinsdelima.com\/fr\/financement-dentreprise\/#breadcrumb","itemListElement":[{"@type":"ListItem","position":1,"name":"Page d'accueil","item":"https:\/\/www.martinsdelima.com\/fr\/accueil\/"},{"@type":"ListItem","position":2,"name":"Financement d\u2019entreprise"}]},{"@type":"WebSite","@id":"https:\/\/www.martinsdelima.com\/fr\/#website","url":"https:\/\/www.martinsdelima.com\/fr\/","name":"Martinsdelima","description":"Forensic&amp;Finance","publisher":{"@id":"https:\/\/www.martinsdelima.com\/fr\/#organization"},"potentialAction":[{"@type":"SearchAction","target":{"@type":"EntryPoint","urlTemplate":"https:\/\/www.martinsdelima.com\/fr\/?s={search_term_string}"},"query-input":{"@type":"PropertyValueSpecification","valueRequired":true,"valueName":"search_term_string"}}],"inLanguage":"fr-FR"},{"@type":"Organization","@id":"https:\/\/www.martinsdelima.com\/fr\/#organization","name":"Martinsdelima","url":"https:\/\/www.martinsdelima.com\/fr\/","logo":{"@type":"ImageObject","inLanguage":"fr-FR","@id":"https:\/\/www.martinsdelima.com\/fr\/#\/schema\/logo\/image\/","url":"https:\/\/mligy6wbr5rs.i.optimole.com\/w:auto\/h:auto\/q:mauto\/f:best\/https:\/\/www.martinsdelima.com\/wp-content\/uploads\/2025\/10\/martinsdelima-letras-claras-horizontal.png","contentUrl":"https:\/\/mligy6wbr5rs.i.optimole.com\/w:auto\/h:auto\/q:mauto\/f:best\/https:\/\/www.martinsdelima.com\/wp-content\/uploads\/2025\/10\/martinsdelima-letras-claras-horizontal.png","width":1315,"height":217,"caption":"Martinsdelima"},"image":{"@id":"https:\/\/www.martinsdelima.com\/fr\/#\/schema\/logo\/image\/"}}]}},"_links":{"self":[{"href":"https:\/\/www.martinsdelima.com\/fr\/wp-json\/wp\/v2\/pages\/11277","targetHints":{"allow":["GET"]}}],"collection":[{"href":"https:\/\/www.martinsdelima.com\/fr\/wp-json\/wp\/v2\/pages"}],"about":[{"href":"https:\/\/www.martinsdelima.com\/fr\/wp-json\/wp\/v2\/types\/page"}],"author":[{"embeddable":true,"href":"https:\/\/www.martinsdelima.com\/fr\/wp-json\/wp\/v2\/users\/1"}],"replies":[{"embeddable":true,"href":"https:\/\/www.martinsdelima.com\/fr\/wp-json\/wp\/v2\/comments?post=11277"}],"version-history":[{"count":3,"href":"https:\/\/www.martinsdelima.com\/fr\/wp-json\/wp\/v2\/pages\/11277\/revisions"}],"predecessor-version":[{"id":11633,"href":"https:\/\/www.martinsdelima.com\/fr\/wp-json\/wp\/v2\/pages\/11277\/revisions\/11633"}],"wp:attachment":[{"href":"https:\/\/www.martinsdelima.com\/fr\/wp-json\/wp\/v2\/media?parent=11277"}],"curies":[{"name":"wp","href":"https:\/\/api.w.org\/{rel}","templated":true}]}}