{"id":11323,"date":"2022-09-29T11:49:42","date_gmt":"2022-09-29T11:49:42","guid":{"rendered":"https:\/\/www.martinsdelima.com\/expertises\/"},"modified":"2026-02-15T13:50:42","modified_gmt":"2026-02-15T13:50:42","slug":"expertises","status":"publish","type":"page","link":"https:\/\/www.martinsdelima.com\/fr\/expertises\/","title":{"rendered":"Expertises"},"content":{"rendered":"\t\t<div data-elementor-type=\"wp-page\" data-elementor-id=\"11323\" class=\"elementor elementor-11323 elementor-475\" data-elementor-post-type=\"page\">\n\t\t\t\t\t\t<section class=\"elementor-section elementor-top-section elementor-element elementor-element-5861a17 elementor-section-full_width elementor-section-stretched elementor-section-height-default elementor-section-height-default\" data-id=\"5861a17\" data-element_type=\"section\" data-settings=\"{&quot;stretch_section&quot;:&quot;section-stretched&quot;,&quot;background_background&quot;:&quot;classic&quot;}\">\n\t\t\t\t\t\t<div class=\"elementor-container elementor-column-gap-default\">\n\t\t\t\t\t<div class=\"elementor-column elementor-col-100 elementor-top-column elementor-element elementor-element-ea42bdb\" data-id=\"ea42bdb\" data-element_type=\"column\">\n\t\t\t<div class=\"elementor-widget-wrap elementor-element-populated\">\n\t\t\t\t\t\t<div class=\"elementor-element elementor-element-8924fce elementor-widget elementor-widget-heading\" data-id=\"8924fce\" data-element_type=\"widget\" data-widget_type=\"heading.default\">\n\t\t\t\t<div class=\"elementor-widget-container\">\n\t\t\t\t\t<h1 class=\"elementor-heading-title elementor-size-default\">Rapports d'expertise<\/h1>\t\t\t\t<\/div>\n\t\t\t\t<\/div>\n\t\t\t\t\t<\/div>\n\t\t<\/div>\n\t\t\t\t\t<\/div>\n\t\t<\/section>\n\t\t<div class=\"elementor-element elementor-element-e6d078a e-flex e-con-boxed e-con e-parent\" data-id=\"e6d078a\" data-element_type=\"container\" data-settings=\"{&quot;background_background&quot;:&quot;classic&quot;}\">\n\t\t\t\t\t<div class=\"e-con-inner\">\n\t\t<div class=\"elementor-element elementor-element-70c766a e-con-full e-flex e-con e-child\" data-id=\"70c766a\" data-element_type=\"container\">\n\t\t\t\t<div class=\"elementor-element elementor-element-c184fa5 elementor-widget elementor-widget-heading\" data-id=\"c184fa5\" data-element_type=\"widget\" data-widget_type=\"heading.default\">\n\t\t\t\t<div class=\"elementor-widget-container\">\n\t\t\t\t\t<h3 class=\"elementor-heading-title elementor-size-default\"><b>Domaines de sp\u00e9cialisation<\/b><\/h3>\t\t\t\t<\/div>\n\t\t\t\t<\/div>\n\t\t\t\t<\/div>\n\t\t\t\t\t<\/div>\n\t\t\t\t<\/div>\n\t\t<div class=\"elementor-element elementor-element-ed64f10 e-flex e-con-boxed e-con e-parent\" data-id=\"ed64f10\" data-element_type=\"container\">\n\t\t\t\t\t<div class=\"e-con-inner\">\n\t\t<div class=\"elementor-element elementor-element-4ce02d1 e-con-full e-flex e-con e-child\" data-id=\"4ce02d1\" data-element_type=\"container\">\n\t\t<div class=\"elementor-element elementor-element-d04e554 e-con-full e-flex e-con e-child\" data-id=\"d04e554\" data-element_type=\"container\" data-settings=\"{&quot;background_background&quot;:&quot;classic&quot;}\">\n\t\t\t\t<div class=\"elementor-element elementor-element-067025a elementor-widget elementor-widget-heading\" data-id=\"067025a\" data-element_type=\"widget\" data-widget_type=\"heading.default\">\n\t\t\t\t<div class=\"elementor-widget-container\">\n\t\t\t\t\t<h3 class=\"elementor-heading-title elementor-size-default\"><a href=\"https:\/\/www.martinsdelima.com\/fr\/rapports-dexpertise-economique\/\"><b>Rapports d'expertise \u00e9conomique<\/b><\/a><\/h3>\t\t\t\t<\/div>\n\t\t\t\t<\/div>\n\t\t\t\t<div class=\"elementor-element elementor-element-0443187 elementor-widget elementor-widget-heading\" data-id=\"0443187\" data-element_type=\"widget\" data-widget_type=\"heading.default\">\n\t\t\t\t<div class=\"elementor-widget-container\">\n\t\t\t\t\t<h5 class=\"elementor-heading-title elementor-size-default\"><a href=\"https:\/\/www.martinsdelima.com\/fr\/rapports-dexpertise-economique\/\"><br>\u00c9valuation des dommages<br><br>Droit p\u00e9nal \u00e9conomique<br><br>Post-fusion et acquisition<br><br>Agence et franchises<br><br>Produits financiers et d\u00e9riv\u00e9s<br><br>Analyse de la r\u00e9putation<\/a><\/h5>\t\t\t\t<\/div>\n\t\t\t\t<\/div>\n\t\t\t\t<\/div>\n\t\t\t\t<\/div>\n\t\t<div class=\"elementor-element elementor-element-e5e340b e-con-full e-flex e-con e-child\" data-id=\"e5e340b\" data-element_type=\"container\">\n\t\t<div class=\"elementor-element elementor-element-db8e50b e-con-full e-flex e-con e-child\" data-id=\"db8e50b\" data-element_type=\"container\" data-settings=\"{&quot;background_background&quot;:&quot;classic&quot;}\">\n\t\t\t\t<div class=\"elementor-element elementor-element-958538b elementor-widget elementor-widget-heading\" data-id=\"958538b\" data-element_type=\"widget\" data-widget_type=\"heading.default\">\n\t\t\t\t<div class=\"elementor-widget-container\">\n\t\t\t\t\t<h3 class=\"elementor-heading-title elementor-size-default\"><a href=\"https:\/\/www.martinsdelima.com\/fr\/rapports-dexpertise-technique\/\"><b>Rapports d'expertise technique<\/b><\/a><\/h3>\t\t\t\t<\/div>\n\t\t\t\t<\/div>\n\t\t\t\t<div class=\"elementor-element elementor-element-2456b18 elementor-widget elementor-widget-heading\" data-id=\"2456b18\" data-element_type=\"widget\" data-widget_type=\"heading.default\">\n\t\t\t\t<div class=\"elementor-widget-container\">\n\t\t\t\t\t<h5 class=\"elementor-heading-title elementor-size-default\"><a href=\"https:\/\/www.martinsdelima.com\/fr\/rapports-dexpertise-technique\/\"><br>\u00c9nergie<br><br>Construction<br><br>Industrie et ing\u00e9nierie<br><br>Informatique<br><br>Environnement et recyclage<br><br>Modifications r\u00e9glementaires<\/a><\/h5>\t\t\t\t<\/div>\n\t\t\t\t<\/div>\n\t\t\t\t<\/div>\n\t\t\t\t<\/div>\n\t\t\t\t\t<\/div>\n\t\t\t\t<\/div>\n\t\t<div class=\"elementor-element elementor-element-672f598 e-flex e-con-boxed e-con e-parent\" data-id=\"672f598\" data-element_type=\"container\">\n\t\t\t\t\t<div class=\"e-con-inner\">\n\t\t<div class=\"elementor-element elementor-element-347b85b e-con-full e-flex e-con e-child\" data-id=\"347b85b\" data-element_type=\"container\">\n\t\t<div class=\"elementor-element elementor-element-0206569 e-con-full e-flex e-con e-child\" data-id=\"0206569\" data-element_type=\"container\" data-settings=\"{&quot;background_background&quot;:&quot;classic&quot;}\">\n\t\t\t\t<div class=\"elementor-element elementor-element-f4e4190 elementor-widget elementor-widget-heading\" data-id=\"f4e4190\" data-element_type=\"widget\" data-widget_type=\"heading.default\">\n\t\t\t\t<div class=\"elementor-widget-container\">\n\t\t\t\t\t<h3 class=\"elementor-heading-title elementor-size-default\"><a href=\"https:\/\/www.martinsdelima.com\/fr\/rapports-dexpertise-en-droit-du-travail\/\"><b>Rapports d'expertise en droit du travail et en RH<\/b><\/a><\/h3>\t\t\t\t<\/div>\n\t\t\t\t<\/div>\n\t\t\t\t<div class=\"elementor-element elementor-element-a2492d7 elementor-widget elementor-widget-heading\" data-id=\"a2492d7\" data-element_type=\"widget\" data-widget_type=\"heading.default\">\n\t\t\t\t<div class=\"elementor-widget-container\">\n\t\t\t\t\t<h5 class=\"elementor-heading-title elementor-size-default\"><a href=\"https:\/\/www.martinsdelima.com\/fr\/rapports-dexpertise-en-droit-du-travail\/\">Licenciements, ch\u00f4mage partiel et modifications des conditions de travail<br><br>R\u00e9mun\u00e9ration et stock-options<br><br>R\u00e9organisations et accords collectifs<br><br>M\u00e9decins<br><br>Informatique du travail<br><br>Clauses de non-concurrence<\/a><\/h5>\t\t\t\t<\/div>\n\t\t\t\t<\/div>\n\t\t\t\t<\/div>\n\t\t\t\t<\/div>\n\t\t<div class=\"elementor-element elementor-element-b307d9e e-con-full e-flex e-con e-child\" data-id=\"b307d9e\" data-element_type=\"container\">\n\t\t<div class=\"elementor-element elementor-element-cad7bbe e-con-full e-flex e-con e-child\" data-id=\"cad7bbe\" data-element_type=\"container\" data-settings=\"{&quot;background_background&quot;:&quot;classic&quot;}\">\n\t\t\t\t<div class=\"elementor-element elementor-element-86bc58e elementor-widget elementor-widget-heading\" data-id=\"86bc58e\" data-element_type=\"widget\" data-widget_type=\"heading.default\">\n\t\t\t\t<div class=\"elementor-widget-container\">\n\t\t\t\t\t<h3 class=\"elementor-heading-title elementor-size-default\"><a href=\"https:\/\/www.martinsdelima.com\/fr\/rapports-dexpertise-en-matiere-de-concurrence\/\"><b>Rapports d'expertise en mati\u00e8re de concurrence<\/b><\/a><\/h3>\t\t\t\t<\/div>\n\t\t\t\t<\/div>\n\t\t\t\t<div class=\"elementor-element elementor-element-b28e323 elementor-widget elementor-widget-heading\" data-id=\"b28e323\" data-element_type=\"widget\" data-widget_type=\"heading.default\">\n\t\t\t\t<div class=\"elementor-widget-container\">\n\t\t\t\t\t<h5 class=\"elementor-heading-title elementor-size-default\"><a href=\"https:\/\/www.martinsdelima.com\/fr\/rapports-dexpertise-en-matiere-de-concurrence\/\">Analyse des dossiers des autorit\u00e9s<br><br>Dommages et pratiques anticoncurrentielles<br><br>Dommages caus\u00e9s par les cartels<br><br>Abus et restrictions verticales<br><br>Analyse du march\u00e9, du pouvoir et des barri\u00e8res<br><br>Concurrence d\u00e9loyale<br><\/a><\/h5>\t\t\t\t<\/div>\n\t\t\t\t<\/div>\n\t\t\t\t<\/div>\n\t\t\t\t<\/div>\n\t\t\t\t\t<\/div>\n\t\t\t\t<\/div>\n\t\t<div class=\"elementor-element elementor-element-f552b16 e-flex e-con-boxed e-con e-parent\" data-id=\"f552b16\" data-element_type=\"container\">\n\t\t\t\t\t<div class=\"e-con-inner\">\n\t\t\t\t<div class=\"elementor-element elementor-element-e0b996e elementor-widget elementor-widget-text-editor\" data-id=\"e0b996e\" data-element_type=\"widget\" data-widget_type=\"text-editor.default\">\n\t\t\t\t<div class=\"elementor-widget-container\">\n\t\t\t\t\t\t\t\t\t<h6>Nous r\u00e9alisons des rapports d&rsquo;expertise pour les <b>arbitrages internationaux (CCI, CIAM-CIAR, etc.) et nationaux<\/b> et pour <b>tout type de litiges<\/b> (civil, commercial, p\u00e9nal, social) didactiques, simples et solides.<\/h6><h6>Nous \u00e9laborons des rapports d&rsquo;expertise <b>\u00e9conomiques, techniques, du travail et de la concurrence.<\/b> Dans de nombreux cas, <span style=\"font-weight: normal;\">nous travaillons sur un rapport \u00e9conomique et un autre technique, dans d&rsquo;autres, nous nous limitons \u00e0 l&rsquo;un ou \u00e0 l&rsquo;autre en fonction de la strat\u00e9gie proc\u00e9durale de l&rsquo;affaire.<\/span><\/h6><h6>Nous travaillons avec des multinationales cot\u00e9es sur les indices les plus importants au monde (S&amp;P500, NASDAQ, FT100, IBEX35, CAC40, DAX), des soci\u00e9t\u00e9s cot\u00e9es, familiales et des petites et moyennes entreprises. Nos langues de travail sont l&rsquo;espagnol, l&rsquo;anglais, le fran\u00e7ais et le portugais. <\/h6><h6><\/h6><h6>De m\u00eame, nous travaillons avec les plus grands cabinets d&rsquo;avocats du monde, ainsi qu&rsquo;avec les grands cabinets nationaux et les cabinets sp\u00e9cialis\u00e9s.<\/h6><h6><b><br><\/b><b>Approche du travail et professionnels de martinsdelima<\/b><\/h6><h6>Les experts de martinsdelima sont des professionnels ayant une longue exp\u00e9rience dans des entreprises reconnues<strong>, McKinsey &amp; Company, Banco Santander, Bain, Microsoft, BBVA, AT Kearney,<\/strong> et form\u00e9s dans les meilleures universit\u00e9s du monde, <strong>INSEAD, Harvard, Kellogg, Wharton, ICAI-ICADE, CUNEF, Carlos III, Polit\u00e9cnica de Madrid,<\/strong>. <br>Ils sont \u00e9galement professeurs dans des \u00e9coles de troisi\u00e8me cycle prestigieuses telles que l&rsquo;IE, l&rsquo;ICAI, les \u00e9coles d&rsquo;informatique, le CUNEF ou l&rsquo;ICADE. <br>Cette combinaison d&rsquo;exp\u00e9rience et d&rsquo;enseignement permet de comprendre les probl\u00e8mes en profondeur et de les exposer de mani\u00e8re simple et convaincante.<\/h6><h6><\/h6>\t\t\t\t\t\t\t\t<\/div>\n\t\t\t\t<\/div>\n\t\t\t\t\t<\/div>\n\t\t\t\t<\/div>\n\t\t\t\t<\/div>\n\t\t","protected":false},"excerpt":{"rendered":"<p>Rapports d&rsquo;expertise Domaines de sp\u00e9cialisation Rapports d&rsquo;expertise \u00e9conomique \u00c9valuation des dommages Droit p\u00e9nal \u00e9conomique Post-fusion et acquisition Agence et franchises Produits financiers et d\u00e9riv\u00e9s Analyse de la r\u00e9putation Rapports d&rsquo;expertise technique \u00c9nergie Construction Industrie et ing\u00e9nierie Informatique Environnement et recyclage Modifications r\u00e9glementaires Rapports d&rsquo;expertise en droit du travail et en [&hellip;]<\/p>\n","protected":false},"author":1,"featured_media":10626,"parent":0,"menu_order":0,"comment_status":"closed","ping_status":"closed","template":"page-templates\/template-pagebuilder-full-width.php","meta":{"footnotes":""},"class_list":["post-11323","page","type-page","status-publish","has-post-thumbnail","hentry"],"yoast_head":"<!-- This site is optimized with the Yoast SEO plugin v26.4 - https:\/\/yoast.com\/wordpress\/plugins\/seo\/ -->\n<title>Forensic et expertise judiciaire<\/title>\n<meta name=\"description\" content=\"Forensic et expertise judiciaire. - Chez Martins de Lima, nous offrons des services de forensic et d&#039;expertise judiciaire dans toute l&#039;Espagne - +34 911 99 56 51\" \/>\n<meta name=\"robots\" content=\"index, follow, max-snippet:-1, max-image-preview:large, max-video-preview:-1\" \/>\n<link rel=\"canonical\" href=\"https:\/\/www.martinsdelima.com\/fr\/expertises\/\" \/>\n<meta property=\"og:locale\" content=\"fr_FR\" \/>\n<meta property=\"og:type\" content=\"article\" \/>\n<meta property=\"og:title\" content=\"Forensic et expertise judiciaire\" \/>\n<meta property=\"og:description\" content=\"Forensic et expertise judiciaire. - Chez Martins de Lima, nous offrons des services de forensic et d&#039;expertise judiciaire dans toute l&#039;Espagne - +34 911 99 56 51\" \/>\n<meta property=\"og:url\" content=\"https:\/\/www.martinsdelima.com\/fr\/expertises\/\" \/>\n<meta property=\"og:site_name\" content=\"Martinsdelima\" \/>\n<meta property=\"article:modified_time\" content=\"2026-02-15T13:50:42+00:00\" \/>\n<meta property=\"og:image\" content=\"https:\/\/mligy6wbr5rs.i.optimole.com\/w:auto\/h:auto\/q:mauto\/f:best\/https:\/\/www.martinsdelima.com\/wp-content\/uploads\/2024\/09\/Foto-11-9-24-10-28-37-1-scaled.jpg\" \/>\n\t<meta property=\"og:image:width\" content=\"2560\" \/>\n\t<meta property=\"og:image:height\" content=\"1343\" \/>\n\t<meta property=\"og:image:type\" content=\"image\/jpeg\" \/>\n<meta name=\"twitter:card\" content=\"summary_large_image\" \/>\n<meta name=\"twitter:label1\" content=\"Dur\u00e9e de lecture estim\u00e9e\" \/>\n\t<meta name=\"twitter:data1\" content=\"2 minutes\" \/>\n<script type=\"application\/ld+json\" class=\"yoast-schema-graph\">{\"@context\":\"https:\/\/schema.org\",\"@graph\":[{\"@type\":\"WebPage\",\"@id\":\"https:\/\/www.martinsdelima.com\/fr\/expertises\/\",\"url\":\"https:\/\/www.martinsdelima.com\/fr\/expertises\/\",\"name\":\"Forensic et expertise judiciaire\",\"isPartOf\":{\"@id\":\"https:\/\/www.martinsdelima.com\/fr\/#website\"},\"primaryImageOfPage\":{\"@id\":\"https:\/\/www.martinsdelima.com\/fr\/expertises\/#primaryimage\"},\"image\":{\"@id\":\"https:\/\/www.martinsdelima.com\/fr\/expertises\/#primaryimage\"},\"thumbnailUrl\":\"https:\/\/mligy6wbr5rs.i.optimole.com\/w:auto\/h:auto\/q:mauto\/f:best\/https:\/\/www.martinsdelima.com\/wp-content\/uploads\/2024\/09\/Foto-11-9-24-10-28-37-1-scaled.jpg\",\"datePublished\":\"2022-09-29T11:49:42+00:00\",\"dateModified\":\"2026-02-15T13:50:42+00:00\",\"description\":\"Forensic et expertise judiciaire. - Chez Martins de Lima, nous offrons des services de forensic et d'expertise judiciaire dans toute l'Espagne - +34 911 99 56 51\",\"breadcrumb\":{\"@id\":\"https:\/\/www.martinsdelima.com\/fr\/expertises\/#breadcrumb\"},\"inLanguage\":\"fr-FR\",\"potentialAction\":[{\"@type\":\"ReadAction\",\"target\":[\"https:\/\/www.martinsdelima.com\/fr\/expertises\/\"]}]},{\"@type\":\"ImageObject\",\"inLanguage\":\"fr-FR\",\"@id\":\"https:\/\/www.martinsdelima.com\/fr\/expertises\/#primaryimage\",\"url\":\"https:\/\/mligy6wbr5rs.i.optimole.com\/w:auto\/h:auto\/q:mauto\/f:best\/https:\/\/www.martinsdelima.com\/wp-content\/uploads\/2024\/09\/Foto-11-9-24-10-28-37-1-scaled.jpg\",\"contentUrl\":\"https:\/\/mligy6wbr5rs.i.optimole.com\/w:auto\/h:auto\/q:mauto\/f:best\/https:\/\/www.martinsdelima.com\/wp-content\/uploads\/2024\/09\/Foto-11-9-24-10-28-37-1-scaled.jpg\",\"width\":2560,\"height\":1343,\"caption\":\"Forensic et expertise judiciaire Martins de Lima\"},{\"@type\":\"BreadcrumbList\",\"@id\":\"https:\/\/www.martinsdelima.com\/fr\/expertises\/#breadcrumb\",\"itemListElement\":[{\"@type\":\"ListItem\",\"position\":1,\"name\":\"Page d'accueil\",\"item\":\"https:\/\/www.martinsdelima.com\/fr\/accueil\/\"},{\"@type\":\"ListItem\",\"position\":2,\"name\":\"Expertises\"}]},{\"@type\":\"WebSite\",\"@id\":\"https:\/\/www.martinsdelima.com\/fr\/#website\",\"url\":\"https:\/\/www.martinsdelima.com\/fr\/\",\"name\":\"Martinsdelima\",\"description\":\"Forensic&amp;Finance\",\"publisher\":{\"@id\":\"https:\/\/www.martinsdelima.com\/fr\/#organization\"},\"potentialAction\":[{\"@type\":\"SearchAction\",\"target\":{\"@type\":\"EntryPoint\",\"urlTemplate\":\"https:\/\/www.martinsdelima.com\/fr\/?s={search_term_string}\"},\"query-input\":{\"@type\":\"PropertyValueSpecification\",\"valueRequired\":true,\"valueName\":\"search_term_string\"}}],\"inLanguage\":\"fr-FR\"},{\"@type\":\"Organization\",\"@id\":\"https:\/\/www.martinsdelima.com\/fr\/#organization\",\"name\":\"Martinsdelima\",\"url\":\"https:\/\/www.martinsdelima.com\/fr\/\",\"logo\":{\"@type\":\"ImageObject\",\"inLanguage\":\"fr-FR\",\"@id\":\"https:\/\/www.martinsdelima.com\/fr\/#\/schema\/logo\/image\/\",\"url\":\"https:\/\/mligy6wbr5rs.i.optimole.com\/w:auto\/h:auto\/q:mauto\/f:best\/https:\/\/www.martinsdelima.com\/wp-content\/uploads\/2025\/10\/martinsdelima-letras-claras-horizontal.png\",\"contentUrl\":\"https:\/\/mligy6wbr5rs.i.optimole.com\/w:auto\/h:auto\/q:mauto\/f:best\/https:\/\/www.martinsdelima.com\/wp-content\/uploads\/2025\/10\/martinsdelima-letras-claras-horizontal.png\",\"width\":1315,\"height\":217,\"caption\":\"Martinsdelima\"},\"image\":{\"@id\":\"https:\/\/www.martinsdelima.com\/fr\/#\/schema\/logo\/image\/\"}}]}<\/script>\n<!-- \/ Yoast SEO plugin. -->","yoast_head_json":{"title":"Forensic et expertise judiciaire","description":"Forensic et expertise judiciaire. - Chez Martins de Lima, nous offrons des services de forensic et d'expertise judiciaire dans toute l'Espagne - +34 911 99 56 51","robots":{"index":"index","follow":"follow","max-snippet":"max-snippet:-1","max-image-preview":"max-image-preview:large","max-video-preview":"max-video-preview:-1"},"canonical":"https:\/\/www.martinsdelima.com\/fr\/expertises\/","og_locale":"fr_FR","og_type":"article","og_title":"Forensic et expertise judiciaire","og_description":"Forensic et expertise judiciaire. - Chez Martins de Lima, nous offrons des services de forensic et d'expertise judiciaire dans toute l'Espagne - +34 911 99 56 51","og_url":"https:\/\/www.martinsdelima.com\/fr\/expertises\/","og_site_name":"Martinsdelima","article_modified_time":"2026-02-15T13:50:42+00:00","og_image":[{"width":2560,"height":1343,"url":"https:\/\/mligy6wbr5rs.i.optimole.com\/w:auto\/h:auto\/q:mauto\/f:best\/https:\/\/www.martinsdelima.com\/wp-content\/uploads\/2024\/09\/Foto-11-9-24-10-28-37-1-scaled.jpg","type":"image\/jpeg"}],"twitter_card":"summary_large_image","twitter_misc":{"Dur\u00e9e de lecture estim\u00e9e":"2 minutes"},"schema":{"@context":"https:\/\/schema.org","@graph":[{"@type":"WebPage","@id":"https:\/\/www.martinsdelima.com\/fr\/expertises\/","url":"https:\/\/www.martinsdelima.com\/fr\/expertises\/","name":"Forensic et expertise judiciaire","isPartOf":{"@id":"https:\/\/www.martinsdelima.com\/fr\/#website"},"primaryImageOfPage":{"@id":"https:\/\/www.martinsdelima.com\/fr\/expertises\/#primaryimage"},"image":{"@id":"https:\/\/www.martinsdelima.com\/fr\/expertises\/#primaryimage"},"thumbnailUrl":"https:\/\/mligy6wbr5rs.i.optimole.com\/w:auto\/h:auto\/q:mauto\/f:best\/https:\/\/www.martinsdelima.com\/wp-content\/uploads\/2024\/09\/Foto-11-9-24-10-28-37-1-scaled.jpg","datePublished":"2022-09-29T11:49:42+00:00","dateModified":"2026-02-15T13:50:42+00:00","description":"Forensic et expertise judiciaire. - Chez Martins de Lima, nous offrons des services de forensic et d'expertise judiciaire dans toute l'Espagne - +34 911 99 56 51","breadcrumb":{"@id":"https:\/\/www.martinsdelima.com\/fr\/expertises\/#breadcrumb"},"inLanguage":"fr-FR","potentialAction":[{"@type":"ReadAction","target":["https:\/\/www.martinsdelima.com\/fr\/expertises\/"]}]},{"@type":"ImageObject","inLanguage":"fr-FR","@id":"https:\/\/www.martinsdelima.com\/fr\/expertises\/#primaryimage","url":"https:\/\/mligy6wbr5rs.i.optimole.com\/w:auto\/h:auto\/q:mauto\/f:best\/https:\/\/www.martinsdelima.com\/wp-content\/uploads\/2024\/09\/Foto-11-9-24-10-28-37-1-scaled.jpg","contentUrl":"https:\/\/mligy6wbr5rs.i.optimole.com\/w:auto\/h:auto\/q:mauto\/f:best\/https:\/\/www.martinsdelima.com\/wp-content\/uploads\/2024\/09\/Foto-11-9-24-10-28-37-1-scaled.jpg","width":2560,"height":1343,"caption":"Forensic et expertise judiciaire Martins de Lima"},{"@type":"BreadcrumbList","@id":"https:\/\/www.martinsdelima.com\/fr\/expertises\/#breadcrumb","itemListElement":[{"@type":"ListItem","position":1,"name":"Page d'accueil","item":"https:\/\/www.martinsdelima.com\/fr\/accueil\/"},{"@type":"ListItem","position":2,"name":"Expertises"}]},{"@type":"WebSite","@id":"https:\/\/www.martinsdelima.com\/fr\/#website","url":"https:\/\/www.martinsdelima.com\/fr\/","name":"Martinsdelima","description":"Forensic&amp;Finance","publisher":{"@id":"https:\/\/www.martinsdelima.com\/fr\/#organization"},"potentialAction":[{"@type":"SearchAction","target":{"@type":"EntryPoint","urlTemplate":"https:\/\/www.martinsdelima.com\/fr\/?s={search_term_string}"},"query-input":{"@type":"PropertyValueSpecification","valueRequired":true,"valueName":"search_term_string"}}],"inLanguage":"fr-FR"},{"@type":"Organization","@id":"https:\/\/www.martinsdelima.com\/fr\/#organization","name":"Martinsdelima","url":"https:\/\/www.martinsdelima.com\/fr\/","logo":{"@type":"ImageObject","inLanguage":"fr-FR","@id":"https:\/\/www.martinsdelima.com\/fr\/#\/schema\/logo\/image\/","url":"https:\/\/mligy6wbr5rs.i.optimole.com\/w:auto\/h:auto\/q:mauto\/f:best\/https:\/\/www.martinsdelima.com\/wp-content\/uploads\/2025\/10\/martinsdelima-letras-claras-horizontal.png","contentUrl":"https:\/\/mligy6wbr5rs.i.optimole.com\/w:auto\/h:auto\/q:mauto\/f:best\/https:\/\/www.martinsdelima.com\/wp-content\/uploads\/2025\/10\/martinsdelima-letras-claras-horizontal.png","width":1315,"height":217,"caption":"Martinsdelima"},"image":{"@id":"https:\/\/www.martinsdelima.com\/fr\/#\/schema\/logo\/image\/"}}]}},"_links":{"self":[{"href":"https:\/\/www.martinsdelima.com\/fr\/wp-json\/wp\/v2\/pages\/11323","targetHints":{"allow":["GET"]}}],"collection":[{"href":"https:\/\/www.martinsdelima.com\/fr\/wp-json\/wp\/v2\/pages"}],"about":[{"href":"https:\/\/www.martinsdelima.com\/fr\/wp-json\/wp\/v2\/types\/page"}],"author":[{"embeddable":true,"href":"https:\/\/www.martinsdelima.com\/fr\/wp-json\/wp\/v2\/users\/1"}],"replies":[{"embeddable":true,"href":"https:\/\/www.martinsdelima.com\/fr\/wp-json\/wp\/v2\/comments?post=11323"}],"version-history":[{"count":13,"href":"https:\/\/www.martinsdelima.com\/fr\/wp-json\/wp\/v2\/pages\/11323\/revisions"}],"predecessor-version":[{"id":12146,"href":"https:\/\/www.martinsdelima.com\/fr\/wp-json\/wp\/v2\/pages\/11323\/revisions\/12146"}],"wp:featuredmedia":[{"embeddable":true,"href":"https:\/\/www.martinsdelima.com\/fr\/wp-json\/wp\/v2\/media\/10626"}],"wp:attachment":[{"href":"https:\/\/www.martinsdelima.com\/fr\/wp-json\/wp\/v2\/media?parent=11323"}],"curies":[{"name":"wp","href":"https:\/\/api.w.org\/{rel}","templated":true}]}}